{"id":42680,"date":"2023-05-03T14:06:45","date_gmt":"2023-05-03T18:06:45","guid":{"rendered":"https:\/\/www.sisinternational.com\/?page_id=42680"},"modified":"2026-01-25T17:19:14","modified_gmt":"2026-01-25T22:19:14","slug":"etude-de-marche-sur-les-technologies-de-nouvelle-generation","status":"publish","type":"page","link":"https:\/\/www.sisinternational.com\/fr\/competence\/etude-de-marche-sur-les-technologies-de-nouvelle-generation\/","title":{"rendered":"\u00c9tude de march\u00e9 sur les technologies de nouvelle g\u00e9n\u00e9ration"},"content":{"rendered":"<h1 class=\"wp-block-heading\">\u00c9tude de march\u00e9 sur les technologies de nouvelle g\u00e9n\u00e9ration<\/h1>\n\n\n\n<figure class=\"gb-block-image gb-block-image-aa6b2a93\"><img loading=\"lazy\" decoding=\"async\" width=\"1456\" height=\"816\" class=\"gb-image gb-image-aa6b2a93\" src=\"https:\/\/www.sisinternational.com\/wp-content\/uploads\/2025\/09\/Fintech-4.jpg\" alt=\"\u00c9tudes de march\u00e9 et strat\u00e9gie internationales SIS\" title=\"Fintech (4)\" srcset=\"https:\/\/www.sisinternational.com\/wp-content\/uploads\/2025\/09\/Fintech-4.jpg 1456w, https:\/\/www.sisinternational.com\/wp-content\/uploads\/2025\/09\/Fintech-4-300x168.jpg 300w, https:\/\/www.sisinternational.com\/wp-content\/uploads\/2025\/09\/Fintech-4-1024x574.jpg 1024w, https:\/\/www.sisinternational.com\/wp-content\/uploads\/2025\/09\/Fintech-4-768x430.jpg 768w, https:\/\/www.sisinternational.com\/wp-content\/uploads\/2025\/09\/Fintech-4-18x10.jpg 18w\" sizes=\"auto, (max-width: 1456px) 100vw, 1456px\"><\/figure>\n\n\n\n<p><\/p>\n\n\n\n<p>Les \u00ab technologies de nouvelle g\u00e9n\u00e9ration \u00bb font r\u00e9f\u00e9rence aux derni\u00e8res avanc\u00e9es et innovations technologiques. Ils auront un impact sur notre vie quotidienne, notre travail et notre soci\u00e9t\u00e9 dans les ann\u00e9es \u00e0 venir. Ces technologies sont souvent consid\u00e9r\u00e9es comme transformatrices et disruptives. Une autre caract\u00e9ristique des technologies de nouvelle g\u00e9n\u00e9ration est qu\u2019elles offrent de nouvelles solutions aux probl\u00e8mes ou am\u00e9liorent ceux existants.<\/p>\n\n\n\n<h3 class=\"wp-block-heading\">Voici quelques exemples de technologies de nouvelle g\u00e9n\u00e9ration\u00a0:<\/h3>\n\n\n\n<ol class=\"wp-block-list\">\n<li>Intelligence artificielle (IA) et apprentissage automatique (ML)<\/li>\n\n\n\n<li>Internet des objets (IoT) et maisons intelligentes<\/li>\n\n\n\n<li>R\u00e9seaux 5G et informatique de pointe<\/li>\n\n\n\n<li>Technologie Blockchain et registre distribu\u00e9 (DLT)<\/li>\n\n\n\n<li>Informatique quantique et cryptographie quantique<\/li>\n\n\n\n<li>R\u00e9alit\u00e9 augment\u00e9e et virtuelle (AR\/VR)<\/li>\n\n\n\n<li>Biotechnologie et g\u00e9nie g\u00e9n\u00e9tique<\/li>\n\n\n\n<li>Technologies d\u2019\u00e9nergie renouvelable et de stockage d\u2019\u00e9nergie<\/li>\n\n\n\n<li>V\u00e9hicules autonomes et drones<\/li>\n\n\n\n<li>Nanotechnologie et science des mat\u00e9riaux<\/li>\n<\/ol>\n\n\n\n<p>Un autre point cl\u00e9 est que ces technologies stimuleront l\u2019innovation et la croissance dans diverses industries et secteurs. En fait, les utilisateurs, des secteurs de la sant\u00e9 et de la finance \u00e0 l\u2019industrie et aux transports, l\u2019ont trouv\u00e9 inestimable. Ils peuvent r\u00e9volutionner la fa\u00e7on dont nous vivons, travaillons et interagissons les uns avec les autres. Ils fa\u00e7onneront probablement l\u2019avenir de notre monde.<\/p>\n\n\n\n<h2 class=\"wp-block-heading\">Pourquoi les technologies de nouvelle g\u00e9n\u00e9ration sont-elles importantes\u00a0?<\/h2>\n\n\n\n<p>Les technologies de nouvelle g\u00e9n\u00e9ration sont essentielles pour plusieurs raisons. Premi\u00e8rement, ils am\u00e9liorent l\u2019efficacit\u00e9 ainsi que la productivit\u00e9. De nombreuses technologies de nouvelle g\u00e9n\u00e9ration, telles que l&#039;automatisation, l&#039;IA et l&#039;IoT, peuvent automatiser les t\u00e2ches r\u00e9p\u00e9titives. Ils peuvent \u00e9galement rationaliser les processus et optimiser les flux de travail. Cette automatisation et cette rationalisation peuvent aider davantage les entreprises et les organisations \u00e0 devenir efficaces et productives. Cela r\u00e9duit \u00e9galement les co\u00fbts et augmente la rentabilit\u00e9.<\/p>\n\n\n\n<p>Les technologies de nouvelle g\u00e9n\u00e9ration peuvent \u00e9galement am\u00e9liorer la qualit\u00e9 de vie des individus. De plus, ils apportent des solutions nouvelles et meilleures aux probl\u00e8mes existants. Par exemple, la technologie portable peut suivre la sant\u00e9 et la forme physique. Les maisons intelligentes peuvent accro\u00eetre la commodit\u00e9 et l\u2019efficacit\u00e9 \u00e9nerg\u00e9tique.<\/p>\n\n\n\n<p>Les technologies de nouvelle g\u00e9n\u00e9ration repr\u00e9sentent souvent un bond en avant significatif en termes de capacit\u00e9 et de fonctionnalit\u00e9. De plus, ils stimulent l\u2019innovation et suscitent de nouvelles id\u00e9es et solutions, cr\u00e9ant ainsi de nouvelles opportunit\u00e9s pour les entrepreneurs et les entreprises. Cela contribue \u00e0 stimuler la croissance \u00e9conomique.<\/p>\n\n\n\n<p>De nombreuses technologies de nouvelle g\u00e9n\u00e9ration visent \u00e0 relever les d\u00e9fis soci\u00e9taux. Par exemple, ils s\u2019attaquent au changement climatique, aux soins de sant\u00e9 et \u00e0 l\u2019\u00e9ducation. Ils offrent des solutions nouvelles et meilleures. Ainsi, ces technologies peuvent contribuer \u00e0 cr\u00e9er un monde plus durable et plus juste.<\/p>\n\n\n\n<p>Enfin, les technologies de nouvelle g\u00e9n\u00e9ration sont essentielles pour rester comp\u00e9titif sur un march\u00e9 mondial en \u00e9volution. Les entreprises et les pays devraient investir dans ces technologies. Cela les rend plus susceptibles de garder une longueur d\u2019avance. Cela les aide \u00e9galement \u00e0 conserver leur avantage concurrentiel \u00e0 long terme.<\/p>\n\n\n\n<h2 class=\"wp-block-heading\">Titres de poste cl\u00e9s<\/h2>\n\n\n\n<figure class=\"gb-block-image gb-block-image-29281429\"><img loading=\"lazy\" decoding=\"async\" width=\"1456\" height=\"816\" class=\"gb-image gb-image-29281429\" src=\"https:\/\/www.sisinternational.com\/wp-content\/uploads\/2025\/09\/Fintech-5.jpg\" alt=\"\u00c9tudes de march\u00e9 et strat\u00e9gie internationales SIS\" title=\"Fintech (5)\" srcset=\"https:\/\/www.sisinternational.com\/wp-content\/uploads\/2025\/09\/Fintech-5.jpg 1456w, https:\/\/www.sisinternational.com\/wp-content\/uploads\/2025\/09\/Fintech-5-300x168.jpg 300w, https:\/\/www.sisinternational.com\/wp-content\/uploads\/2025\/09\/Fintech-5-1024x574.jpg 1024w, https:\/\/www.sisinternational.com\/wp-content\/uploads\/2025\/09\/Fintech-5-768x430.jpg 768w, https:\/\/www.sisinternational.com\/wp-content\/uploads\/2025\/09\/Fintech-5-18x10.jpg 18w\" sizes=\"auto, (max-width: 1456px) 100vw, 1456px\"><\/figure>\n\n\n\n<h2 class=\"wp-block-heading\">Voici quelques titres d\u2019emploi cl\u00e9s li\u00e9s aux technologies de nouvelle g\u00e9n\u00e9ration\u00a0:<\/h2>\n\n\n\n<ol class=\"wp-block-list\">\n<li>Ing\u00e9nieur en Intelligence Artificielle (IA)<\/li>\n\n\n\n<li>Ing\u00e9nieur en apprentissage automatique (ML)<\/li>\n\n\n\n<li>Sp\u00e9cialiste de l&#039;Internet des objets (IoT)<\/li>\n\n\n\n<li>Sp\u00e9cialiste de la cybers\u00e9curit\u00e9<\/li>\n\n\n\n<li>D\u00e9veloppeur Blockchain<\/li>\n\n\n\n<li>Scientifique des donn\u00e9es<\/li>\n\n\n\n<li>Ing\u00e9nieur en informatique quantique<\/li>\n\n\n\n<li>D\u00e9veloppeur AR\/RV<\/li>\n\n\n\n<li>Ing\u00e9nieur Energies Renouvelables<\/li>\n\n\n\n<li>Ing\u00e9nieur V\u00e9hicule Autonome<\/li>\n\n\n\n<li>Chercheur en nanotechnologie<\/li>\n\n\n\n<li>Chercheur en biotechnologie<\/li>\n\n\n\n<li>Ing\u00e9nieur en robotique<\/li>\n\n\n\n<li>Ing\u00e9nieur R\u00e9seau 5G<\/li>\n\n\n\n<li>Consultante en Transformation Digitale<\/li>\n<\/ol>\n\n\n\n<h2 class=\"wp-block-heading\">Pourquoi les entreprises ont-elles besoin de technologies de nouvelle g\u00e9n\u00e9ration\u00a0?<\/h2>\n\n\n\n<p>Businesses need Next <a href=\"https:\/\/www.sisinternational.com\/fr\/solutions\/ai-etudes-de-marche-et-conseil-en-strategie\/etude-de-marche-generative-sur-lia\/\" title=\"\u00c9tude de march\u00e9 sur l\u2019IA g\u00e9n\u00e9rative\"  data-wpil-monitor-id=\"2029\">Generation Technologies Market Research<\/a> for several reasons. The first is that these technologies improve efficiency and productivity. At least, Next Generation Technologies can automate repetitive tasks, streamline processes, and optimize workflows. Thus, they make businesses more efficient and productive, reducing costs and increasing profitability. It also frees employees to focus on higher-value activities.<\/p>\n\n\n\n<p>Les technologies de nouvelle g\u00e9n\u00e9ration peuvent \u00e9galement am\u00e9liorer l\u2019exp\u00e9rience client. Il aide les entreprises \u00e0 fournir des services plus rapides, plus personnalis\u00e9s et plus pratiques. Par exemple, les chatbots peuvent fournir un support client 24h\/24 et 7j\/7. De la m\u00eame mani\u00e8re, les appareils compatibles IoT peuvent fournir des commentaires et des alertes en temps r\u00e9el.<\/p>\n\n\n\n<p>Les technologies de nouvelle g\u00e9n\u00e9ration peuvent offrir aux entreprises un avantage concurrentiel. Ils permettent par exemple aux entreprises d\u2019innover plus rapidement et de r\u00e9pondre aux \u00e9volutions du march\u00e9. Ainsi, ils peuvent cr\u00e9er de nouveaux produits et services, qui peuvent aider les entreprises \u00e0 se diff\u00e9rencier de leurs concurrents. Cela leur permet \u00e9galement de saisir de nouvelles opportunit\u00e9s de march\u00e9.<\/p>\n\n\n\n<p>Les technologies de nouvelle g\u00e9n\u00e9ration peuvent \u00e9galement aider les entreprises \u00e0 r\u00e9duire leurs co\u00fbts. Ils le font gr\u00e2ce \u00e0 l\u2019automatisation, \u00e0 l\u2019optimisation et \u00e0 une meilleure gestion des ressources. Par exemple, la maintenance pr\u00e9dictive bas\u00e9e sur l\u2019IA peut r\u00e9duire les temps d\u2019arr\u00eat des \u00e9quipements et les co\u00fbts de maintenance. Les capteurs compatibles IoT peuvent optimiser la consommation d\u2019\u00e9nergie et r\u00e9duire les factures de services publics.<\/p>\n\n\n\n<p><a href=\"https:\/\/www.sisinternational.com\/fr\/b2b\/\" title=\"Cost-Effective and Actionable Insights to Drive Your Next Strategic Move\"  data-wpil-monitor-id=\"1475\">Next Generation Technologies<\/a> can give businesses new insights into their operations and customers. Thus, it enables them to make more informed decisions. For example, data analytics can identify patterns and trends in customer behavior. AI coupled with ML can provide predictive insights into future demand and market trends.<\/p>\n\n\n\n<h2 class=\"wp-block-heading\">Facteurs cl\u00e9s de succ\u00e8s<\/h2>\n\n\n\n<figure class=\"gb-block-image gb-block-image-4c5a7031\"><img loading=\"lazy\" decoding=\"async\" width=\"1456\" height=\"816\" class=\"gb-image gb-image-4c5a7031\" src=\"https:\/\/www.sisinternational.com\/wp-content\/uploads\/2025\/09\/FinTech-Terch-technology-AI-artificial-intelligence-36.jpg\" alt=\"\u00c9tudes de march\u00e9 et strat\u00e9gie internationales SIS\" title=\"FinTech Terch technology AI artificial intelligence (36)\" srcset=\"https:\/\/www.sisinternational.com\/wp-content\/uploads\/2025\/09\/FinTech-Terch-technology-AI-artificial-intelligence-36.jpg 1456w, https:\/\/www.sisinternational.com\/wp-content\/uploads\/2025\/09\/FinTech-Terch-technology-AI-artificial-intelligence-36-300x168.jpg 300w, https:\/\/www.sisinternational.com\/wp-content\/uploads\/2025\/09\/FinTech-Terch-technology-AI-artificial-intelligence-36-1024x574.jpg 1024w, https:\/\/www.sisinternational.com\/wp-content\/uploads\/2025\/09\/FinTech-Terch-technology-AI-artificial-intelligence-36-768x430.jpg 768w, https:\/\/www.sisinternational.com\/wp-content\/uploads\/2025\/09\/FinTech-Terch-technology-AI-artificial-intelligence-36-18x10.jpg 18w\" sizes=\"auto, (max-width: 1456px) 100vw, 1456px\"><\/figure>\n\n\n\n<p><\/p>\n\n\n\n<h3 class=\"wp-block-heading\">Voici quelques facteurs cl\u00e9s de succ\u00e8s pour les technologies de nouvelle g\u00e9n\u00e9ration\u00a0:<\/h3>\n\n\n\n<ol class=\"wp-block-list\">\n<li><strong>Innovation:<\/strong> Les technologies de nouvelle g\u00e9n\u00e9ration sont avant tout une question d\u2019innovation. Les entreprises doivent \u00eatre cr\u00e9atives et innovantes pour r\u00e9ussir dans ce domaine. Ils doivent \u00e9galement d\u00e9velopper de nouvelles et meilleures solutions aux probl\u00e8mes existants.<\/li>\n\n\n\n<li><strong>Talent:<\/strong> Les technologies de nouvelle g\u00e9n\u00e9ration n\u00e9cessitent des comp\u00e9tences et une expertise sp\u00e9cialis\u00e9es. Les entreprises doivent attirer et retenir des professionnels talentueux. Ces professionnels con\u00e7oivent, d\u00e9veloppent et installent ces technologies.<\/li>\n\n\n\n<li><strong>Planification strat\u00e9gique\u00a0:<\/strong> La mise en \u0153uvre des technologies de nouvelle g\u00e9n\u00e9ration n\u00e9cessite une planification strat\u00e9gique. Les entreprises doivent d\u00e9velopper une vision claire et une feuille de route pour la mise en \u0153uvre de ces technologies. Cette feuille de route devrait inclure un plan de formation des employ\u00e9s. Il doit \u00e9galement int\u00e9grer les technologies dans les syst\u00e8mes et processus existants.<\/li>\n\n\n\n<li><strong>Collaboration:<\/strong> De nombreuses technologies de nouvelle g\u00e9n\u00e9ration n\u00e9cessitent une collaboration et des partenariats avec d\u2019autres organisations. Les entreprises doivent identifier et collaborer avec des partenaires cl\u00e9s. De cette mani\u00e8re, ils peuvent d\u00e9velopper et installer ces technologies.<\/li>\n\n\n\n<li><strong>Gestion de donn\u00e9es:<\/strong> Les technologies de nouvelle g\u00e9n\u00e9ration g\u00e9n\u00e8rent de grandes quantit\u00e9s de donn\u00e9es. Les entreprises ont besoin de syst\u00e8mes de gestion de donn\u00e9es robustes. Il leur permet de collecter, stocker, analyser et s\u00e9curiser ces donn\u00e9es.<\/li>\n\n\n\n<li><strong>Flexibilit\u00e9 et Agilit\u00e9\u00a0:<\/strong> Les technologies de nouvelle g\u00e9n\u00e9ration \u00e9voluent. Les entreprises doivent \u00eatre flexibles et agiles, capables de s&#039;adapter aux changements et d&#039;adopter de nouvelles technologies.<\/li>\n\n\n\n<li><strong>Investissement:<\/strong> Les technologies de nouvelle g\u00e9n\u00e9ration n\u00e9cessitent des investissements importants. Les entreprises doivent \u00eatre pr\u00eates \u00e0 investir dans les infrastructures, la technologie et les talents n\u00e9cessaires. C&#039;est la meilleure fa\u00e7on de mettre ces technologies en place.<\/li>\n\n\n\n<li><strong>Exp\u00e9rience utilisateur:<\/strong> Les technologies de nouvelle g\u00e9n\u00e9ration doivent offrir une exp\u00e9rience utilisateur positive. Les entreprises doivent se concentrer sur la cr\u00e9ation d\u2019interfaces intuitives et conviviales. Ces interfaces permettent aux utilisateurs d&#039;interagir facilement avec ces technologies.<\/li>\n<\/ol>\n\n\n\n<h2 class=\"wp-block-heading\">\u00c0 propos de l\u2019\u00e9tude de march\u00e9 sur les technologies de nouvelle g\u00e9n\u00e9ration<\/h2>\n\n\n\n<figure class=\"gb-block-image gb-block-image-d4703231\"><img loading=\"lazy\" decoding=\"async\" width=\"1456\" height=\"816\" class=\"gb-image gb-image-d4703231\" src=\"https:\/\/www.sisinternational.com\/wp-content\/uploads\/2025\/09\/FinTech-Terch-technology-AI-artificial-intelligence-14.jpg\" alt=\"\u00c9tudes de march\u00e9 et strat\u00e9gie internationales SIS\" title=\"FinTech Terch technology AI artificial intelligence (14)\" srcset=\"https:\/\/www.sisinternational.com\/wp-content\/uploads\/2025\/09\/FinTech-Terch-technology-AI-artificial-intelligence-14.jpg 1456w, https:\/\/www.sisinternational.com\/wp-content\/uploads\/2025\/09\/FinTech-Terch-technology-AI-artificial-intelligence-14-300x168.jpg 300w, https:\/\/www.sisinternational.com\/wp-content\/uploads\/2025\/09\/FinTech-Terch-technology-AI-artificial-intelligence-14-1024x574.jpg 1024w, https:\/\/www.sisinternational.com\/wp-content\/uploads\/2025\/09\/FinTech-Terch-technology-AI-artificial-intelligence-14-768x430.jpg 768w, https:\/\/www.sisinternational.com\/wp-content\/uploads\/2025\/09\/FinTech-Terch-technology-AI-artificial-intelligence-14-18x10.jpg 18w\" sizes=\"auto, (max-width: 1456px) 100vw, 1456px\"><\/figure>\n\n\n\n<p><\/p>\n\n\n\n<p>Next Generation <a href=\"https:\/\/www.sisinternational.com\/fr\/europe-nouvelle-technologie-de-navigation-mondiale-gnss\/\" title=\"Qu\u2019est-ce que la technologie de navigation mondiale GNSS\u00a0?\"  data-wpil-monitor-id=\"1766\">Technologies influence global<\/a> organizations in the ever-evolving digital-first business world. SIS International Research tracks different use cases of <a href=\"https:\/\/www.sisinternational.com\/fr\/competence\/les-industries\/technologie-medicale-etude-de-marche-sur-les-technologies-medicales\/\" title=\"\u00c9tude de march\u00e9 sur la technologie m\u00e9dicale (Med Tech)\"  data-wpil-monitor-id=\"4177\">Next Generation<\/a> Technologies. We also enable global players to channel their innovation and product development activities. We help them achieve stable revenue growth in this dynamic market environment.<\/p>\n\n\n\n<p>SIS provides Qualitative and <a class=\"wpil_keyword_link\" href=\"https:\/\/www.sisinternational.com\/fr\/top-5-benefits-of-conducting-quantitative-market-research\/\"   title=\"Top 5 Benefits of Conducting Quantitative Market Research\" data-wpil-keyword-link=\"linked\"  data-wpil-monitor-id=\"684\">\u00c9tude de march\u00e9 quantitative<\/a>. We also offer UX, Strategy, Market Entry, Market Opportunity, and <a href=\"https:\/\/www.sisinternational.com\/fr\/competence\/les-industries\/etude-de-marche-sur-les-nouilles\/\" title=\"\u00c9tude de march\u00e9 sur les nouilles\"  data-wpil-monitor-id=\"3064\">Recherche sur la taille du march\u00e9<\/a>. For instance, we can organize Focus Groups, Surveys, and Interviews. These tools will help with your Competitive Analysis and Go to Market Strategy. Contact us now for a consultation!<\/p>","protected":false},"excerpt":{"rendered":"<p>\u00ab Next Gen Tech \u00bb fait r\u00e9f\u00e9rence aux derni\u00e8res innovations qui impacteront grandement notre quotidien et nos m\u00e9tiers dans les ann\u00e9es \u00e0 venir.<\/p>","protected":false},"author":1,"featured_media":69520,"parent":14514,"menu_order":304,"comment_status":"closed","ping_status":"closed","template":"","meta":{"footnotes":""},"class_list":["post-42680","page","type-page","status-publish","has-post-thumbnail"],"_links":{"self":[{"href":"https:\/\/www.sisinternational.com\/fr\/wp-json\/wp\/v2\/pages\/42680","targetHints":{"allow":["GET"]}}],"collection":[{"href":"https:\/\/www.sisinternational.com\/fr\/wp-json\/wp\/v2\/pages"}],"about":[{"href":"https:\/\/www.sisinternational.com\/fr\/wp-json\/wp\/v2\/types\/page"}],"author":[{"embeddable":true,"href":"https:\/\/www.sisinternational.com\/fr\/wp-json\/wp\/v2\/users\/1"}],"replies":[{"embeddable":true,"href":"https:\/\/www.sisinternational.com\/fr\/wp-json\/wp\/v2\/comments?post=42680"}],"version-history":[{"count":10,"href":"https:\/\/www.sisinternational.com\/fr\/wp-json\/wp\/v2\/pages\/42680\/revisions"}],"predecessor-version":[{"id":78280,"href":"https:\/\/www.sisinternational.com\/fr\/wp-json\/wp\/v2\/pages\/42680\/revisions\/78280"}],"up":[{"embeddable":true,"href":"https:\/\/www.sisinternational.com\/fr\/wp-json\/wp\/v2\/pages\/14514"}],"wp:featuredmedia":[{"embeddable":true,"href":"https:\/\/www.sisinternational.com\/fr\/wp-json\/wp\/v2\/media\/69520"}],"wp:attachment":[{"href":"https:\/\/www.sisinternational.com\/fr\/wp-json\/wp\/v2\/media?parent=42680"}],"curies":[{"name":"wp","href":"https:\/\/api.w.org\/{rel}","templated":true}]}}