{"id":42678,"date":"2023-05-03T13:55:17","date_gmt":"2023-05-03T17:55:17","guid":{"rendered":"https:\/\/www.sisinternational.com\/?page_id=42678"},"modified":"2026-01-24T20:13:42","modified_gmt":"2026-01-25T01:13:42","slug":"etude-de-marche-sur-la-securite-des-reseaux","status":"publish","type":"page","link":"https:\/\/www.sisinternational.com\/fr\/competence\/etude-de-marche-sur-la-securite-des-reseaux\/","title":{"rendered":"\u00c9tude de march\u00e9 sur la s\u00e9curit\u00e9 des r\u00e9seaux"},"content":{"rendered":"<h1 class=\"wp-block-heading\">\u00c9tude de march\u00e9 sur la s\u00e9curit\u00e9 des r\u00e9seaux<\/h1>\n\n\n\n<figure class=\"gb-block-image gb-block-image-4040712e\"><img loading=\"lazy\" decoding=\"async\" width=\"1456\" height=\"816\" class=\"gb-image gb-image-4040712e\" src=\"https:\/\/www.sisinternational.com\/wp-content\/uploads\/2025\/08\/Cibersecurity-security-3.jpg\" alt=\"\u00c9tudes de march\u00e9 et strat\u00e9gie internationales SIS\" title=\"Cibersecurity security (3)\" srcset=\"https:\/\/www.sisinternational.com\/wp-content\/uploads\/2025\/08\/Cibersecurity-security-3.jpg 1456w, https:\/\/www.sisinternational.com\/wp-content\/uploads\/2025\/08\/Cibersecurity-security-3-300x168.jpg 300w, https:\/\/www.sisinternational.com\/wp-content\/uploads\/2025\/08\/Cibersecurity-security-3-1024x574.jpg 1024w, https:\/\/www.sisinternational.com\/wp-content\/uploads\/2025\/08\/Cibersecurity-security-3-768x430.jpg 768w, https:\/\/www.sisinternational.com\/wp-content\/uploads\/2025\/08\/Cibersecurity-security-3-18x10.jpg 18w\" sizes=\"auto, (max-width: 1456px) 100vw, 1456px\"><\/figure>\n\n\n\n<p><\/p>\n\n\n\n<p>La s\u00e9curit\u00e9 des r\u00e9seaux fait r\u00e9f\u00e9rence aux pratiques, technologies et politiques visant \u00e0 prot\u00e9ger les r\u00e9seaux informatiques. Il prot\u00e8ge \u00e9galement les appareils et les donn\u00e9es contre tout acc\u00e8s non autoris\u00e9, vol, dommage ou perturbation. Un autre objectif de la s\u00e9curit\u00e9 des r\u00e9seaux est de cr\u00e9er un environnement s\u00e9curis\u00e9. Dans un tel environnement, les individus et les organisations peuvent au moins communiquer. Ils peuvent \u00e9galement mener leurs activit\u00e9s sans craindre les cybermenaces.<\/p>\n\n\n\n<p>La s\u00e9curit\u00e9 du r\u00e9seau implique diverses techniques. Ces techniques incluent les pare-feu, les syst\u00e8mes de d\u00e9tection d&#039;intrusion, le cryptage, l&#039;authentification, le contr\u00f4le d&#039;acc\u00e8s et la surveillance. De la m\u00eame mani\u00e8re, ces technologies fonctionnent ensemble pour emp\u00eacher tout acc\u00e8s non autoris\u00e9 aux ressources et aux donn\u00e9es du r\u00e9seau. Une autre de leurs fonctions est de d\u00e9tecter et de r\u00e9pondre aux incidents de s\u00e9curit\u00e9. Ils maintiennent \u00e9galement la confidentialit\u00e9, l\u2019int\u00e9grit\u00e9 et la disponibilit\u00e9 des donn\u00e9es et services critiques.<\/p>\n\n\n\n<p>Une s\u00e9curit\u00e9 r\u00e9seau ad\u00e9quate n\u00e9cessite une approche globale qui s\u2019attaque \u00e0 tous les vecteurs d\u2019attaque potentiels. Les menaces peuvent \u00eatre internes ou externes. Cela n\u00e9cessite une \u00e9valuation continue des risques associ\u00e9e \u00e0 une formation en mati\u00e8re de gestion et de sensibilisation \u00e0 la s\u00e9curit\u00e9. Il appelle \u00e9galement \u00e0 une surveillance continue et \u00e0 l\u2019am\u00e9lioration des mesures de s\u00e9curit\u00e9.<\/p>\n\n\n\n<h2 class=\"wp-block-heading\">Pourquoi la s\u00e9curit\u00e9 du r\u00e9seau est-elle importante\u00a0?<\/h2>\n\n\n\n<p>La s\u00e9curit\u00e9 des r\u00e9seaux est aujourd\u2019hui essentielle. Par exemple, les entreprises, les gouvernements et les particuliers s&#039;appuient sur la communication num\u00e9rique, le stockage de donn\u00e9es et les transactions en ligne. La s\u00e9curit\u00e9 des r\u00e9seaux est essentielle car elle prot\u00e8ge ces entit\u00e9s des cybermenaces. Il prot\u00e8ge les r\u00e9seaux et les donn\u00e9es contre les logiciels malveillants, les virus et les pirates.<\/p>\n\n\n\n<p>Un autre point cl\u00e9 est que les mesures de s\u00e9curit\u00e9 du r\u00e9seau contribuent \u00e0 pr\u00e9venir les violations de donn\u00e9es. Ces violations peuvent entra\u00eener la perte d\u2019informations sensibles et des pertes financi\u00e8res. Cela peut \u00e9galement nuire \u00e0 la r\u00e9putation et aux responsabilit\u00e9s juridiques.<\/p>\n\n\n\n<p>La s\u00e9curit\u00e9 du r\u00e9seau garantit la poursuite des op\u00e9rations commerciales pendant une cyberattaque. Il fera de m\u00eame en cas de panne du syst\u00e8me. En fait, il est essentiel pour les entreprises qui d\u00e9pendent des transactions et des services en ligne.<\/p>\n\n\n\n<p>De nombreuses industries sont soumises \u00e0 des r\u00e9glementations sur la protection des informations sensibles. Les exemples sont les donn\u00e9es de sant\u00e9 ainsi que les informations financi\u00e8res. La s\u00e9curit\u00e9 du r\u00e9seau aide les entreprises \u00e0 respecter ces r\u00e9glementations.<\/p>\n\n\n\n<p>Les cybervoleurs recherchent souvent des informations personnelles \u00e0 utiliser pour usurper l\u2019identit\u00e9. Les mesures de s\u00e9curit\u00e9 du r\u00e9seau prot\u00e8gent les informations personnelles. Par exemple, il prot\u00e8ge les num\u00e9ros de s\u00e9curit\u00e9 sociale, les informations de carte de cr\u00e9dit et les mots de passe.<\/p>\n\n\n\n<h2 class=\"wp-block-heading\">Titres de poste cl\u00e9s<\/h2>\n\n\n\n<figure class=\"gb-block-image gb-block-image-bc1758ca\"><img loading=\"lazy\" decoding=\"async\" width=\"1456\" height=\"816\" class=\"gb-image gb-image-bc1758ca\" src=\"https:\/\/www.sisinternational.com\/wp-content\/uploads\/2025\/08\/Cibersecurity-security-7.jpg\" alt=\"\u00c9tudes de march\u00e9 et strat\u00e9gie internationales SIS\" title=\"Cibersecurity security (7)\" srcset=\"https:\/\/www.sisinternational.com\/wp-content\/uploads\/2025\/08\/Cibersecurity-security-7.jpg 1456w, https:\/\/www.sisinternational.com\/wp-content\/uploads\/2025\/08\/Cibersecurity-security-7-300x168.jpg 300w, https:\/\/www.sisinternational.com\/wp-content\/uploads\/2025\/08\/Cibersecurity-security-7-1024x574.jpg 1024w, https:\/\/www.sisinternational.com\/wp-content\/uploads\/2025\/08\/Cibersecurity-security-7-768x430.jpg 768w, https:\/\/www.sisinternational.com\/wp-content\/uploads\/2025\/08\/Cibersecurity-security-7-18x10.jpg 18w\" sizes=\"auto, (max-width: 1456px) 100vw, 1456px\"><\/figure>\n\n\n\n<p><\/p>\n\n\n\n<h3 class=\"wp-block-heading\">Voici quelques titres de postes cl\u00e9s dans le domaine de la s\u00e9curit\u00e9 des r\u00e9seaux\u00a0:<\/h3>\n\n\n\n<p><strong>Ing\u00e9nieur en s\u00e9curit\u00e9 r\u00e9seau\u00a0:<\/strong> Cet ing\u00e9nieur con\u00e7oit, met en \u0153uvre et maintient la s\u00e9curit\u00e9. Leur travail consiste \u00e0 prot\u00e9ger le r\u00e9seau informatique d\u2019une organisation. Ils fonctionnent avec des pare-feu, des syst\u00e8mes de d\u00e9tection d&#039;intrusion et d&#039;autres technologies de s\u00e9curit\u00e9. Ils sauvent les entreprises des cybermenaces.<\/p>\n\n\n\n<p><strong>Analyste en s\u00e9curit\u00e9 de l&#039;information\u00a0:<\/strong> Surveille et analyse les r\u00e9seaux informatiques d&#039;une organisation pour d\u00e9tecter les failles de s\u00e9curit\u00e9. Ils con\u00e7oivent et mettent \u00e9galement en \u0153uvre des politiques et proc\u00e9dures de s\u00e9curit\u00e9.<\/p>\n\n\n\n<p><strong>Sp\u00e9cialiste de la cybers\u00e9curit\u00e9\u00a0:<\/strong> Identifie, analyse et att\u00e9nue les cybermenaces. Ils \u00e9laborent et mettent \u00e9galement en place des politiques et proc\u00e9dures de s\u00e9curit\u00e9.<\/p>\n\n\n\n<p><strong>Directeur de la s\u00e9curit\u00e9 de l&#039;information (RSSI)\u00a0:<\/strong> Un RSSI supervise le programme de s\u00e9curit\u00e9 des informations d&#039;une organisation. Ils \u00e9laborent et mettent en \u0153uvre des politiques, des proc\u00e9dures et des programmes de formation en mati\u00e8re de s\u00e9curit\u00e9.<\/p>\n\n\n\n<p><strong>Testeur de p\u00e9n\u00e9tration\u00a0:<\/strong> Un testeur d\u2019intrusion est un hacker \u00e9thique. Ils testent les r\u00e9seaux et syst\u00e8mes informatiques d&#039;une organisation. Ils recherchent des vuln\u00e9rabilit\u00e9s et des faiblesses pour identifier et corriger les risques de s\u00e9curit\u00e9 potentiels.<\/p>\n\n\n\n<p><strong>Consultant en s\u00e9curit\u00e9\u00a0:<\/strong> Conseille et guide les organisations dans l\u2019am\u00e9lioration de leur posture de s\u00e9curit\u00e9. Leur travail comprend l\u2019\u00e9laboration et la mise en \u0153uvre de politiques et de proc\u00e9dures de s\u00e9curit\u00e9.<\/p>\n\n\n\n<p><strong>Administrateur r\u00e9seau:<\/strong> G\u00e8re l\u2019exploitation et la maintenance quotidiennes du r\u00e9seau informatique d\u2019une organisation. Leur travail consiste \u00e0 veiller \u00e0 ce que les mesures de s\u00e9curit\u00e9 soient en place et fonctionnent.<\/p>\n\n\n\n<h2 class=\"wp-block-heading\">Pourquoi les entreprises ont-elles besoin d\u2019une s\u00e9curit\u00e9 r\u00e9seau\u00a0?<\/h2>\n\n\n\n<figure class=\"gb-block-image gb-block-image-26e77679\"><img loading=\"lazy\" decoding=\"async\" width=\"1456\" height=\"816\" class=\"gb-image gb-image-26e77679\" src=\"https:\/\/www.sisinternational.com\/wp-content\/uploads\/2025\/08\/Cibersecurity-security-12.jpg\" alt=\"\u00c9tudes de march\u00e9 et strat\u00e9gie internationales SIS\" title=\"Cibersecurity security (12)\" srcset=\"https:\/\/www.sisinternational.com\/wp-content\/uploads\/2025\/08\/Cibersecurity-security-12.jpg 1456w, https:\/\/www.sisinternational.com\/wp-content\/uploads\/2025\/08\/Cibersecurity-security-12-300x168.jpg 300w, https:\/\/www.sisinternational.com\/wp-content\/uploads\/2025\/08\/Cibersecurity-security-12-1024x574.jpg 1024w, https:\/\/www.sisinternational.com\/wp-content\/uploads\/2025\/08\/Cibersecurity-security-12-768x430.jpg 768w, https:\/\/www.sisinternational.com\/wp-content\/uploads\/2025\/08\/Cibersecurity-security-12-18x10.jpg 18w\" sizes=\"auto, (max-width: 1456px) 100vw, 1456px\"><\/figure>\n\n\n\n<p><\/p>\n\n\n\n<p>Les entreprises ont besoin de s\u00e9curit\u00e9 r\u00e9seau pour plusieurs raisons, notamment pour se prot\u00e9ger contre les cybermenaces. De plus, les entreprises sont des cibles privil\u00e9gi\u00e9es pour les cybercriminels cherchant \u00e0 voler des informations sensibles. De plus, ces criminels perturbent les op\u00e9rations, cherchant \u00e0 en tirer un gain financier. Les mesures de s\u00e9curit\u00e9 du r\u00e9seau comprennent des pare-feu, des syst\u00e8mes de d\u00e9tection d&#039;intrusion et le cryptage. Ces mesures peuvent contribuer \u00e0 prot\u00e9ger les r\u00e9seaux et les donn\u00e9es des entreprises contre ces menaces.<\/p>\n\n\n\n<p>Les violations de donn\u00e9es peuvent avoir de graves cons\u00e9quences pour les entreprises. Comme mentionn\u00e9 pr\u00e9c\u00e9demment, ces cons\u00e9quences incluent des pertes financi\u00e8res et une atteinte \u00e0 la r\u00e9putation. Ils incluent \u00e9galement la perte de confiance des clients. Les mesures de s\u00e9curit\u00e9 du r\u00e9seau aident \u00e0 pr\u00e9venir les violations de donn\u00e9es. Cela att\u00e9nue \u00e9galement leur impact s\u2019ils se produisent.<\/p>\n\n\n\n<p>Les entreprises disposent souvent d\u2019une propri\u00e9t\u00e9 intellectuelle pr\u00e9cieuse. Par exemple, ils peuvent d\u00e9tenir des secrets commerciaux qui doivent \u00eatre prot\u00e9g\u00e9s contre les cybermenaces. Les mesures de s\u00e9curit\u00e9 du r\u00e9seau aident \u00e0 prot\u00e9ger ces informations contre le vol et l&#039;utilisation abusive.<\/p>\n\n\n\n<h2 class=\"wp-block-heading\">Facteurs cl\u00e9s de succ\u00e8s<\/h2>\n\n\n\n<p>Il existe plusieurs facteurs de r\u00e9ussite critiques pour une s\u00e9curit\u00e9 r\u00e9seau ad\u00e9quate. Ceux-ci incluent l\u2019\u00e9valuation des risques. Des \u00e9valuations r\u00e9guli\u00e8res des risques sont essentielles pour identifier les vuln\u00e9rabilit\u00e9s potentielles d\u2019un r\u00e9seau. Il aide \u00e9galement les entreprises \u00e0 d\u00e9terminer les mesures de s\u00e9curit\u00e9 appropri\u00e9es pour y faire face.<\/p>\n\n\n\n<p>Il est essentiel d\u2019\u00e9tablir des politiques et des proc\u00e9dures de s\u00e9curit\u00e9 compl\u00e8tes. Il garantit une s\u00e9curit\u00e9 r\u00e9seau coh\u00e9rente et efficace dans toute une organisation. Les politiques doivent couvrir l\u2019acc\u00e8s aux donn\u00e9es, la gestion des mots de passe et la r\u00e9ponse aux incidents.<\/p>\n\n\n\n<p>Il est essentiel de s\u2019assurer que les employ\u00e9s connaissent les politiques de s\u00e9curit\u00e9 et les meilleures pratiques. Il \u00e9vite les failles de s\u00e9curit\u00e9 caus\u00e9es par une erreur humaine. De plus, des programmes r\u00e9guliers de formation et de sensibilisation sont indispensables. Ils peuvent aider les employ\u00e9s \u00e0 identifier et \u00e0 \u00e9viter les risques de s\u00e9curit\u00e9 courants.<\/p>\n\n\n\n<p>Les entreprises doivent v\u00e9rifier leurs mesures de s\u00e9curit\u00e9 r\u00e9seau et tester leur efficacit\u00e9. Ils doivent les mettre \u00e0 jour si n\u00e9cessaire pour faire face aux menaces nouvelles et \u00e9mergentes.<\/p>\n\n\n\n<p>Une s\u00e9curit\u00e9 r\u00e9seau ad\u00e9quate n\u00e9cessite une collaboration et une communication entre les \u00e9quipes informatiques et de s\u00e9curit\u00e9. Tous les d\u00e9partements doivent comprendre et suivre les politiques et proc\u00e9dures de s\u00e9curit\u00e9.<\/p>\n\n\n\n<p>Les entreprises doivent utiliser des technologies de s\u00e9curit\u00e9 conformes aux normes de l&#039;industrie. Ces technologies incluent les pare-feu, les syst\u00e8mes de d\u00e9tection d&#039;intrusion et le cryptage. Cela peut aider \u00e0 assurer la protection d\u2019un r\u00e9seau contre diverses cybermenaces.<\/p>\n\n\n\n<p>Des budgets et des ressources ad\u00e9quats sont essentiels. Il garantit qu\u2019une organisation peut installer et maintenir des mesures de s\u00e9curit\u00e9 r\u00e9seau efficaces. Ces mesures comprennent les achats de personnel, de mat\u00e9riel et de logiciels. Il comprend \u00e9galement des programmes de formation continue et de sensibilisation.<\/p>\n\n\n\n<h3 class=\"wp-block-heading\">Enhancing WordPress Security with WP Safe Zone<\/h3>\n\n\n\n<figure class=\"gb-block-image gb-block-image-cca9f5b0\"><img loading=\"lazy\" decoding=\"async\" width=\"1456\" height=\"816\" class=\"gb-image gb-image-cca9f5b0\" src=\"https:\/\/www.sisinternational.com\/wp-content\/uploads\/2025\/08\/Cibersecurity-security-6.jpg\" alt=\"\u00c9tudes de march\u00e9 et strat\u00e9gie internationales SIS\" title=\"Cibersecurity security (6)\" srcset=\"https:\/\/www.sisinternational.com\/wp-content\/uploads\/2025\/08\/Cibersecurity-security-6.jpg 1456w, https:\/\/www.sisinternational.com\/wp-content\/uploads\/2025\/08\/Cibersecurity-security-6-300x168.jpg 300w, https:\/\/www.sisinternational.com\/wp-content\/uploads\/2025\/08\/Cibersecurity-security-6-1024x574.jpg 1024w, https:\/\/www.sisinternational.com\/wp-content\/uploads\/2025\/08\/Cibersecurity-security-6-768x430.jpg 768w, https:\/\/www.sisinternational.com\/wp-content\/uploads\/2025\/08\/Cibersecurity-security-6-18x10.jpg 18w\" sizes=\"auto, (max-width: 1456px) 100vw, 1456px\"><\/figure>\n\n\n\n<p><\/p>\n\n\n\n<p>When discussing the <a href=\"https:\/\/www.sisinternational.com\/fr\/le-tresor-de-donnees-des-reseaux-sociaux-pour-les-chercheurs-en-marketing\/\" title=\"\u00c9tude de march\u00e9 sur les r\u00e9seaux sociaux\u00a0: opportunit\u00e9s et d\u00e9fis\"  data-wpil-monitor-id=\"2714\">network security market<\/a>, it&#8217;s impossible to overlook the importance of website protection. For WordPress users, <strong>WP Safe Zone<\/strong> is a must-have plugin designed to safeguard websites against common threats like brute force attacks, malware, and unauthorized access. Its user-friendly interface and robust security features make it an ideal choice for businesses and individuals looking to strengthen their <a href=\"https:\/\/wpsafezone.com\/\" target=\"_blank\" rel=\"noopener\">WordPress site security<\/a>.<\/p>\n\n\n\n<h2 class=\"wp-block-heading\">\u00c0 propos de l\u2019\u00e9tude de march\u00e9 sur la s\u00e9curit\u00e9 des r\u00e9seaux<\/h2>\n\n\n\n<p>Everyone benefits when network security companies use <a class=\"wpil_keyword_link\" href=\"https:\/\/www.sisinternational.com\/fr\/solutions\/solutions-de-recherche-qualitative-et-quantitative\/etude-de-marche-qualitative\/\" title=\"\u00c9tude de march\u00e9 qualitative\" data-wpil-keyword-link=\"linked\" data-wpil-monitor-id=\"685\">\u00c9tude de march\u00e9 qualitative<\/a>. It helps them develop better technologies. <a class=\"wpil_keyword_link\" href=\"https:\/\/www.sisinternational.com\/fr\/competence\/les-industries\/etude-de-marche-quantitative-2\/\" title=\"\u00c9tude de march\u00e9 quantitative\" data-wpil-keyword-link=\"linked\" data-wpil-monitor-id=\"352\">\u00c9tude de march\u00e9 quantitative<\/a> is also essential. It is a tried, trusted, and proven way to get answers to vital questions. Its offshoots include UX, Strategic, Market Entry, Market Opportunity, and <a href=\"https:\/\/www.sisinternational.com\/fr\/cybersecurite-soins-de-sante\/\" title=\"\u00c9tude de march\u00e9 sur la cybers\u00e9curit\u00e9 dans le secteur de la sant\u00e9\" data-wpil-monitor-id=\"1937\">Recherche sur la taille du march\u00e9<\/a>. Some of the methods used are Interviews, Surveys, and Focus Groups.<\/p>\n\n\n\n<p>SIS International propose tous ces types de recherche et bien plus encore. Contactez-nous si vous avez besoin d&#039;une analyse concurrentielle. Nous vous aiderons \u00e0 \u00e9laborer votre strat\u00e9gie Go to Market. Inscrivez-vous pour une consultation avec nous d\u00e8s aujourd&#039;hui\u00a0!<\/p>","protected":false},"excerpt":{"rendered":"<p>La s\u00e9curit\u00e9 du r\u00e9seau prot\u00e8ge contre les acc\u00e8s non autoris\u00e9s, le vol, les dommages ou la perturbation des r\u00e9seaux informatiques, des appareils et des donn\u00e9es.<\/p>","protected":false},"author":1,"featured_media":64039,"parent":14514,"menu_order":303,"comment_status":"closed","ping_status":"closed","template":"","meta":{"footnotes":""},"class_list":["post-42678","page","type-page","status-publish","has-post-thumbnail"],"_links":{"self":[{"href":"https:\/\/www.sisinternational.com\/fr\/wp-json\/wp\/v2\/pages\/42678","targetHints":{"allow":["GET"]}}],"collection":[{"href":"https:\/\/www.sisinternational.com\/fr\/wp-json\/wp\/v2\/pages"}],"about":[{"href":"https:\/\/www.sisinternational.com\/fr\/wp-json\/wp\/v2\/types\/page"}],"author":[{"embeddable":true,"href":"https:\/\/www.sisinternational.com\/fr\/wp-json\/wp\/v2\/users\/1"}],"replies":[{"embeddable":true,"href":"https:\/\/www.sisinternational.com\/fr\/wp-json\/wp\/v2\/comments?post=42678"}],"version-history":[{"count":9,"href":"https:\/\/www.sisinternational.com\/fr\/wp-json\/wp\/v2\/pages\/42678\/revisions"}],"predecessor-version":[{"id":77052,"href":"https:\/\/www.sisinternational.com\/fr\/wp-json\/wp\/v2\/pages\/42678\/revisions\/77052"}],"up":[{"embeddable":true,"href":"https:\/\/www.sisinternational.com\/fr\/wp-json\/wp\/v2\/pages\/14514"}],"wp:featuredmedia":[{"embeddable":true,"href":"https:\/\/www.sisinternational.com\/fr\/wp-json\/wp\/v2\/media\/64039"}],"wp:attachment":[{"href":"https:\/\/www.sisinternational.com\/fr\/wp-json\/wp\/v2\/media?parent=42678"}],"curies":[{"name":"wp","href":"https:\/\/api.w.org\/{rel}","templated":true}]}}