{"id":42674,"date":"2023-05-02T21:53:32","date_gmt":"2023-05-03T01:53:32","guid":{"rendered":"https:\/\/www.sisinternational.com\/?page_id=42674"},"modified":"2026-01-26T18:17:55","modified_gmt":"2026-01-26T23:17:55","slug":"etude-de-marche-monadique-ou-sequentielle","status":"publish","type":"page","link":"https:\/\/www.sisinternational.com\/fr\/competence\/etude-de-marche-monadique-ou-sequentielle\/","title":{"rendered":"\u00c9tude de march\u00e9 monadique ou s\u00e9quentielle"},"content":{"rendered":"<h1 class=\"wp-block-heading\">\u00c9tude de march\u00e9 monadique ou s\u00e9quentielle<\/h1>\n\n\n\n<figure class=\"gb-block-image gb-block-image-7cc1db0c\"><img loading=\"lazy\" decoding=\"async\" width=\"1456\" height=\"816\" class=\"gb-image gb-image-7cc1db0c\" src=\"https:\/\/www.sisinternational.com\/wp-content\/uploads\/2025\/09\/Research-5.jpg\" alt=\"\u00c9tudes de march\u00e9 et strat\u00e9gie internationales SIS\" title=\"Research (5)\" srcset=\"https:\/\/www.sisinternational.com\/wp-content\/uploads\/2025\/09\/Research-5.jpg 1456w, https:\/\/www.sisinternational.com\/wp-content\/uploads\/2025\/09\/Research-5-300x168.jpg 300w, https:\/\/www.sisinternational.com\/wp-content\/uploads\/2025\/09\/Research-5-1024x574.jpg 1024w, https:\/\/www.sisinternational.com\/wp-content\/uploads\/2025\/09\/Research-5-768x430.jpg 768w, https:\/\/www.sisinternational.com\/wp-content\/uploads\/2025\/09\/Research-5-18x10.jpg 18w\" sizes=\"auto, (max-width: 1456px) 100vw, 1456px\"><\/figure>\n\n\n\n<p><\/p>\n\n\n\n<p>Les entreprises et les chercheurs qui recherchent des informations pr\u00e9cises et utiles sur leurs \u00e9tudes doivent envisager des m\u00e9thodologies d\u2019\u00e9tudes de march\u00e9 monadiques et s\u00e9quentielles. La s\u00e9lection d\u2019une m\u00e9thode de recherche appropri\u00e9e est essentielle pour obtenir des informations pr\u00e9cieuses, car les deux approches pr\u00e9sentent des avantages et des limites distincts.<\/p>\n\n\n\n<p>Par cons\u00e9quent, comparer les \u00e9tudes de march\u00e9 monadiques et s\u00e9quentielles est essentiel pour les entreprises qui cherchent \u00e0 d\u00e9terminer la meilleure m\u00e9thodologie de recherche aujourd\u2019hui afin d\u2019obtenir des informations approfondies sur leurs produits, services et march\u00e9.<\/p>\n\n\n\n<h2 class=\"wp-block-heading\">\u00c9tude de march\u00e9 monadique<\/h2>\n\n\n\n<p>Dans une \u00e9tude de march\u00e9 monadique, chaque r\u00e9pondant \u00e9value un seul concept ou produit. Les chercheurs disposent d&#039;une \u00e9valuation cibl\u00e9e dans cette approche, et les biais potentiels pouvant d\u00e9couler d&#039;une comparaison directe avec d&#039;autres concepts sont minimis\u00e9s.<\/p>\n\n\n\n<h3 class=\"wp-block-heading\">Avantages de l\u2019\u00e9tude de march\u00e9 monadique<\/h3>\n\n\n\n<ul class=\"wp-block-list\">\n<li><a href=\"https:\/\/www.sisinternational.com\/fr\/competence\/les-industries\/etude-de-marche-sur-les-tests-monadiques\/\" title=\"\u00c9tude de march\u00e9 sur les tests monadiques\"  data-wpil-monitor-id=\"8767\">Monadic market research<\/a> reduces bias and order effects by presenting only one concept to respondents.<\/li>\n\n\n\n<li>Une exp\u00e9rience plus simple pour les r\u00e9pondants, ax\u00e9e singuli\u00e8rement sur un concept, pourrait potentiellement am\u00e9liorer l&#039;exactitude des commentaires obtenus \u00e0 partir du processus d&#039;\u00e9valuation.<\/li>\n\n\n\n<li>Gr\u00e2ce \u00e0 une \u00e9tude de march\u00e9 monadique, il est possible de proc\u00e9der \u00e0 un examen approfondi d\u2019id\u00e9es individuelles, conduisant \u00e0 une plus grande pr\u00e9cision dans les \u00e9valuations. Isoler ces id\u00e9es des influences ext\u00e9rieures garantit que leur v\u00e9ritable force ou faiblesse peut \u00eatre identifi\u00e9e.<\/li>\n<\/ul>\n\n\n\n<h3 class=\"wp-block-heading\">Inconv\u00e9nients de l\u2019\u00e9tude de march\u00e9 monadique\u00a0:<\/h3>\n\n\n\n<ul class=\"wp-block-list\">\n<li>\u00c9tant donn\u00e9 que chaque r\u00e9pondant n\u2019\u00e9value qu\u2019une seule id\u00e9e, il est essentiel de disposer d\u2019un \u00e9chantillon plus grand pour obtenir des r\u00e9sultats statistiquement significatifs pour tous les concepts \u00e9valu\u00e9s.<\/li>\n\n\n\n<li>Direct comparison between concepts is not possible through <a href=\"https:\/\/www.sisinternational.com\/fr\/solutions\/conseil-en-strategie\/recherche-de-preuve-de-concept\/\" title=\"Recherche de preuve de concept\"  data-wpil-monitor-id=\"6813\">monadic market research<\/a>, resulting in limited comparative insights and making it more challenging to determine their relative performance in the market.<\/li>\n\n\n\n<li>En raison du recours \u00e0 des \u00e9chantillons de grande taille par rapport \u00e0 ceux requis par les m\u00e9thodes s\u00e9quentielles, les tests monodiques sont probablement associ\u00e9s \u00e0 des d\u00e9penses et des retards plus importants.<\/li>\n<\/ul>\n\n\n\n<h2 class=\"wp-block-heading\">\u00c9tude de march\u00e9 s\u00e9quentielle<\/h2>\n\n\n\n<p>During sequential <a href=\"https:\/\/www.sisinternational.com\/fr\/competence\/les-industries\/etude-de-marche-pour-une-entreprise-de-design\/\" title=\"\u00c9tude de march\u00e9 des entreprises de conception\"  data-wpil-monitor-id=\"8768\">market research design<\/a>, respondents evaluate multiple concepts or stimuli in a sequence. By utilizing this approach, researchers can enable direct comparison of concepts while offering a broadened perspective to the respondent group.<\/p>\n\n\n\n<h3 class=\"wp-block-heading\">Avantages de l\u2019\u00e9tude de march\u00e9 s\u00e9quentielle\u00a0:<\/h3>\n\n\n\n<ul class=\"wp-block-list\">\n<li>Pour d\u00e9terminer les performances et les pr\u00e9f\u00e9rences entre les id\u00e9es test\u00e9es, la recherche s\u00e9quentielle permet une comparaison directe de plusieurs concepts.<\/li>\n\n\n\n<li>Pour obtenir des r\u00e9sultats statistiquement significatifs avec chaque r\u00e9pondant \u00e9valuant plusieurs concepts, il faut des \u00e9chantillons de plus petite taille.<\/li>\n\n\n\n<li>La pr\u00e9sentation de plusieurs concepts offre aux r\u00e9pondants un contexte plus large, ce qui peut leur permettre de faire des \u00e9valuations plus \u00e9clair\u00e9es et de fournir de meilleurs commentaires.<\/li>\n<\/ul>\n\n\n\n<h3 class=\"wp-block-heading\">Inconv\u00e9nients des \u00e9tudes de march\u00e9 s\u00e9quentielles\u00a0:<\/h3>\n\n\n\n<ul class=\"wp-block-list\">\n<li>L&#039;introduction de biais est possible lors de la pr\u00e9sentation s\u00e9quentielle des concepts. Cela pourrait avoir un impact sur l\u2019\u00e9valuation du r\u00e9pondant.<\/li>\n\n\n\n<li>Lorsque les r\u00e9pondants \u00e9valuent plusieurs concepts, cela peut devenir complexe, ce qui peut entra\u00eener une certaine fatigue ou une certaine confusion, entra\u00eenant des commentaires inexacts.<\/li>\n\n\n\n<li>Isoler les commentaires sp\u00e9cifiques \u00e0 un concept devient un d\u00e9fi lors de l&#039;\u00e9valuation de plusieurs concepts, car il est difficile de d\u00e9terminer quels aspects sp\u00e9cifiques contribuent \u00e0 l&#039;\u00e9valuation globale et aux pr\u00e9f\u00e9rences.<\/li>\n<\/ul>\n\n\n\n<h2 class=\"wp-block-heading\">Importance de choisir le bon plan de recherche<\/h2>\n\n\n\n<p>The accuracy of insights obtained from <a href=\"https:\/\/www.sisinternational.com\/fr\/competence\/les-industries\/etude-de-marche-sur-les-hotels-a-service-selectionne\/\" title=\"\u00c9tude de march\u00e9 sur les h\u00f4tels \u00e0 service s\u00e9lectionn\u00e9\"  data-wpil-monitor-id=\"8770\">market research depends on selecting<\/a> the right research design. In addition to affecting the quality of results obtained from a study, the choice of research design can impact both its efficiency and cost. The importance of choosing the correct research design lies for multiple reasons:<\/p>\n\n\n\n<ul class=\"wp-block-list\">\n<li>L&#039;optimisation de l&#039;allocation des ressources, y compris le temps et l&#039;argent, pour un retour sur investissement maximal peut \u00eatre obtenue en d\u00e9cidant d&#039;un mod\u00e8le de recherche appropri\u00e9 qui donne la priorit\u00e9 \u00e0 la r\u00e9ponse efficace aux questions pertinentes.<\/li>\n\n\n\n<li>La recherche s\u00e9quentielle est id\u00e9ale pour comparer directement plusieurs concepts, tandis que la recherche monadique est la mieux adapt\u00e9e pour \u00e9valuer des concepts individuels en profondeur. Par cons\u00e9quent, choisir entre une \u00e9tude de march\u00e9 monadique et s\u00e9quentielle est essentiel, en fonction des buts et des objectifs de la recherche.<\/li>\n\n\n\n<li>Implementing an effective research strategy can unveil deeper insights and encourage a complete grasp of <a href=\"https:\/\/www.sisinternational.com\/fr\/global-beverage-market\/\" title=\"Global Beverage Market: Market Dynamics, Growth Projections &amp; Consumer Insights\"  data-wpil-monitor-id=\"8771\">market conditions along with consumer<\/a> choices that drive business accomplishment.<\/li>\n\n\n\n<li>L\u2019analyse et l\u2019interpr\u00e9tation des donn\u00e9es peuvent \u00eatre rendues plus faciles et plus significatives gr\u00e2ce \u00e0 une conception de recherche appropri\u00e9e. Cela permet aux entreprises d\u2019extraire des informations et des recommandations exploitables \u00e0 partir de leurs donn\u00e9es.<\/li>\n\n\n\n<li>Deciding on a <a href=\"https:\/\/www.sisinternational.com\/fr\/quelles-sont-les-tendances-dans-le-secteur-des-etudes-de-marche\/\" title=\"Quelles sont les tendances dans le secteur des \u00e9tudes de march\u00e9 ?\"  data-wpil-monitor-id=\"8772\">research design in line with industry<\/a> standards and best practices helps maintain the comparability of results across different studies while ensuring consistency over time. This enables effective benchmarking exercises alongside trend analyses.<\/li>\n\n\n\n<li>When a <a href=\"https:\/\/www.sisinternational.com\/fr\/solutions\/solutions-de-recherche-qualitative-et-quantitative\/societes-de-conception-detudes-de-marche\/\" title=\"Soci\u00e9t\u00e9 de recherche en conception\"  data-wpil-monitor-id=\"8773\">research study is designed<\/a> properly, it can strengthen the credibility and validity of its results. Therefore, making them more beneficial in terms of decision-making.<\/li>\n<\/ul>\n\n\n\n<h2 class=\"wp-block-heading\">Les meilleures pratiques<\/h2>\n\n\n\n<p>La mise en \u0153uvre des meilleures pratiques pour les conceptions de recherche monadiques et s\u00e9quentielles peut contribuer \u00e0 garantir que le processus de recherche est efficace, pr\u00e9cis et fournit des informations exploitables. Certaines des meilleures pratiques pour les deux mod\u00e8les de recherche comprennent<\/p>\n\n\n\n<ul class=\"wp-block-list\">\n<li><strong>Assurer une pr\u00e9sentation claire et concise des stimuli\u00a0:<\/strong> Les entreprises doivent pr\u00e9senter les concepts, produits ou stimuli de mani\u00e8re claire, concise et coh\u00e9rente pour minimiser la confusion et aider les r\u00e9pondants \u00e0 \u00e9valuer avec pr\u00e9cision chaque concept.<\/li>\n\n\n\n<li><strong>\u00c9quilibrer la longueur et la complexit\u00e9 des enqu\u00eates\u00a0:<\/strong> Les entreprises sont cens\u00e9es rendre les enqu\u00eates aussi courtes et simples que possible afin de maintenir l&#039;engagement des r\u00e9pondants et de minimiser la fatigue. Des enqu\u00eates longues ou complexes peuvent entra\u00eener un d\u00e9sengagement et une qualit\u00e9 des donn\u00e9es r\u00e9duite.<\/li>\n\n\n\n<li><strong>Randomisation de l&#039;ordre des stimuli dans la recherche s\u00e9quentielle\u00a0:<\/strong> Pour att\u00e9nuer les effets d\u2019ordre et les biais dans la recherche s\u00e9quentielle, les chercheurs doivent randomiser l\u2019ordre dans lequel les concepts sont pr\u00e9sent\u00e9s aux r\u00e9pondants.<\/li>\n\n\n\n<li><strong>En utilisant un m\u00e9lange de m\u00e9thodes quantitatives et qualitatives\u00a0:<\/strong> La combinaison de donn\u00e9es quantitatives et de commentaires qualitatifs est un facteur majeur pour acqu\u00e9rir une compr\u00e9hension globale des perceptions et des pr\u00e9f\u00e9rences des r\u00e9pondants.<\/li>\n\n\n\n<li><strong>Validation des r\u00e9sultats avec des recherches suppl\u00e9mentaires\u00a0:<\/strong> Les organisations devraient envisager de mener des recherches suppl\u00e9mentaires pour valider ou \u00e9largir les r\u00e9sultats de l\u2019\u00e9tude initiale. Cela peut contribuer \u00e0 am\u00e9liorer la fiabilit\u00e9 et la robustesse des informations.<\/li>\n\n\n\n<li><strong>Assurer la qualit\u00e9 des donn\u00e9es et la repr\u00e9sentativit\u00e9 des r\u00e9pondants\u00a0:<\/strong> <a href=\"https:\/\/www.sisinternational.com\/fr\/couverture\/leurope-%ef%83%97\/etude-de-marche-liverpool-royaume-uni\/\" title=\"\u00c9tude de march\u00e9 \u00e0 Liverpool | Groupes de discussion et collecte de donn\u00e9es au Royaume-Uni\"  data-wpil-monitor-id=\"8769\">Researchers must verify that the data collected<\/a> is of high quality and that the respondents are representative of the target population. This can help ensure that the findings are generalizable and relevant to the market.<\/li>\n\n\n\n<li><strong>Maintenir la confidentialit\u00e9 des donn\u00e9es et les normes \u00e9thiques\u00a0:<\/strong> Recueillir, stocker et analyser les donn\u00e9es conform\u00e9ment aux r\u00e9glementations sur la confidentialit\u00e9 des donn\u00e9es et aux normes \u00e9thiques pour prot\u00e9ger les informations des r\u00e9pondants et maintenir l&#039;int\u00e9grit\u00e9 du processus de recherche.<\/li>\n<\/ul>\n\n\n\n<h2 class=\"wp-block-heading\">Choisir entre une \u00e9tude de march\u00e9 monadique ou s\u00e9quentielle<\/h2>\n\n\n\n<p>Au moment de d\u00e9cider s&#039;il convient d&#039;utiliser une \u00e9tude de march\u00e9 monadique ou s\u00e9quentielle, de multiples consid\u00e9rations doivent \u00eatre prises en compte, notamment les objectifs de la recherche, les restrictions budg\u00e9taires et la disponibilit\u00e9 des ressources. Ainsi, s\u00e9lectionner l\u2019approche la plus adapt\u00e9e \u00e0 un projet de recherche implique de consid\u00e9rer divers facteurs.<\/p>\n\n\n\n<ul class=\"wp-block-list\">\n<li><strong>Objectifs de recherche:<\/strong> Pour examiner des id\u00e9es individuelles en d\u00e9tail et \u00e9viter l\u2019influence externe d\u2019autres pens\u00e9es, les entreprises pourraient envisager de recourir \u00e0 la recherche monadique. La recherche s\u00e9quentielle pourrait \u00eatre une meilleure option pour effectuer des comparaisons directes entre plusieurs concepts.<\/li>\n\n\n\n<li><strong>Budget et ressources\u00a0:<\/strong> Lors de la r\u00e9alisation de recherches monadiques, il est courant d\u2019avoir besoin d\u2019un \u00e9chantillon plus grand, ce qui peut entra\u00eener des d\u00e9penses \u00e9lev\u00e9es ou des horaires prolong\u00e9s. L\u2019\u00e9valuation du budget disponible et des ressources aide \u00e0 d\u00e9terminer une conception de recherche plus r\u00e9alisable.<\/li>\n\n\n\n<li><strong>Calendrier et port\u00e9e du projet\u00a0:<\/strong> Lorsque les entreprises choisissent entre une \u00e9tude de march\u00e9 monadique ou s\u00e9quentielle, elles prennent en compte le calendrier et la port\u00e9e du projet. Cependant, mener des \u00e9tudes monadiques peut exiger des \u00e9chantillons plus grands, ce qui n\u00e9cessite plus de temps que d&#039;habitude pour les compl\u00e9ter. A l\u2019inverse, les \u00e9tudes s\u00e9quentielles sont relativement rapides.<\/li>\n<\/ul>\n\n\n\n<p>Finally, choosing between monadic vs sequential market research designs ultimately depends on evaluating the project&#8217;s objectives and available resources thoroughly. To achieve precise and dependable insights in their market research endeavors, <a href=\"https:\/\/www.sisinternational.com\/fr\/competence\/les-industries\/tests-de-recherche-sur-les-soins-de-la-peau\/\" title=\"Recherche et tests sur les soins de la peau\"  data-wpil-monitor-id=\"8775\">researchers need to consider these factors carefully<\/a> when selecting a suitable research design.<\/p>","protected":false},"excerpt":{"rendered":"<p>Les entreprises et les chercheurs qui recherchent des informations pr\u00e9cises et utiles sur leurs \u00e9tudes doivent envisager des \u00e9tudes de march\u00e9 monadiques et s\u00e9quentielles.<\/p>","protected":false},"author":1,"featured_media":69501,"parent":14514,"menu_order":301,"comment_status":"closed","ping_status":"closed","template":"","meta":{"footnotes":""},"class_list":["post-42674","page","type-page","status-publish","has-post-thumbnail"],"_links":{"self":[{"href":"https:\/\/www.sisinternational.com\/fr\/wp-json\/wp\/v2\/pages\/42674","targetHints":{"allow":["GET"]}}],"collection":[{"href":"https:\/\/www.sisinternational.com\/fr\/wp-json\/wp\/v2\/pages"}],"about":[{"href":"https:\/\/www.sisinternational.com\/fr\/wp-json\/wp\/v2\/types\/page"}],"author":[{"embeddable":true,"href":"https:\/\/www.sisinternational.com\/fr\/wp-json\/wp\/v2\/users\/1"}],"replies":[{"embeddable":true,"href":"https:\/\/www.sisinternational.com\/fr\/wp-json\/wp\/v2\/comments?post=42674"}],"version-history":[{"count":5,"href":"https:\/\/www.sisinternational.com\/fr\/wp-json\/wp\/v2\/pages\/42674\/revisions"}],"predecessor-version":[{"id":81471,"href":"https:\/\/www.sisinternational.com\/fr\/wp-json\/wp\/v2\/pages\/42674\/revisions\/81471"}],"up":[{"embeddable":true,"href":"https:\/\/www.sisinternational.com\/fr\/wp-json\/wp\/v2\/pages\/14514"}],"wp:featuredmedia":[{"embeddable":true,"href":"https:\/\/www.sisinternational.com\/fr\/wp-json\/wp\/v2\/media\/69501"}],"wp:attachment":[{"href":"https:\/\/www.sisinternational.com\/fr\/wp-json\/wp\/v2\/media?parent=42674"}],"curies":[{"name":"wp","href":"https:\/\/api.w.org\/{rel}","templated":true}]}}