{"id":42672,"date":"2023-05-02T21:39:21","date_gmt":"2023-05-03T01:39:21","guid":{"rendered":"https:\/\/www.sisinternational.com\/?page_id=42672"},"modified":"2026-01-25T19:34:46","modified_gmt":"2026-01-26T00:34:46","slug":"etude-de-marche-minier","status":"publish","type":"page","link":"https:\/\/www.sisinternational.com\/fr\/competence\/etude-de-marche-minier\/","title":{"rendered":"\u00c9tude de march\u00e9 minier"},"content":{"rendered":"<h1 class=\"wp-block-heading\">\u00c9tude de march\u00e9 minier<\/h1>\n\n\n\n<figure class=\"gb-block-image gb-block-image-47ed78b1\"><img loading=\"lazy\" decoding=\"async\" width=\"1456\" height=\"816\" class=\"gb-image gb-image-47ed78b1\" src=\"https:\/\/www.sisinternational.com\/wp-content\/uploads\/2025\/08\/Supermarket-5.jpg\" alt=\"\u00c9tudes de march\u00e9 et strat\u00e9gie internationales SIS\" title=\"Supermarket (5)\" srcset=\"https:\/\/www.sisinternational.com\/wp-content\/uploads\/2025\/08\/Supermarket-5.jpg 1456w, https:\/\/www.sisinternational.com\/wp-content\/uploads\/2025\/08\/Supermarket-5-300x168.jpg 300w, https:\/\/www.sisinternational.com\/wp-content\/uploads\/2025\/08\/Supermarket-5-1024x574.jpg 1024w, https:\/\/www.sisinternational.com\/wp-content\/uploads\/2025\/08\/Supermarket-5-768x430.jpg 768w, https:\/\/www.sisinternational.com\/wp-content\/uploads\/2025\/08\/Supermarket-5-18x10.jpg 18w\" sizes=\"auto, (max-width: 1456px) 100vw, 1456px\"><\/figure>\n\n\n\n<p><\/p>\n\n\n\n<p>L\u2019industrie mini\u00e8re fournit des mati\u00e8res premi\u00e8res essentielles \u00e0 divers secteurs, comme la construction et la fabrication. Dans ce contexte, l\u2019\u00e9tude de march\u00e9 minier est un outil essentiel pour une prise de d\u00e9cision \u00e9clair\u00e9e et une planification strat\u00e9gique, aidant les parties prenantes \u00e0 naviguer dans les subtilit\u00e9s de cette industrie et \u00e0 am\u00e9liorer les performances \u00e9conomiques malgr\u00e9 les changements du march\u00e9. Alors que la demande pour ces ressources continue de cro\u00eetre, les soci\u00e9t\u00e9s mini\u00e8res sont confront\u00e9es \u00e0 des d\u00e9fis, notamment la fluctuation des prix des mati\u00e8res premi\u00e8res, les pr\u00e9occupations environnementales et l&#039;\u00e9volution du paysage r\u00e9glementaire.<\/p>\n\n\n\n<h2 class=\"wp-block-heading\">Importance des \u00e9tudes de march\u00e9 minier<\/h2>\n\n\n\n<p><a href=\"https:\/\/www.sisinternational.com\/fr\/competence\/les-industries\/etude-de-marche-sur-lexploitation-miniere-spatiale\/\" title=\"\u00c9tude de march\u00e9 sur l\u2019exploitation mini\u00e8re spatiale\"  data-wpil-monitor-id=\"6305\">Mining market research<\/a> provides valuable insights into market trends, commodity prices, and production data, enabling industry players to make business decisions and develop strategic plans based on accurate and up-to-date information.<\/p>\n\n\n\n<p>Il permet \u00e9galement aux parties prenantes d&#039;identifier et d&#039;\u00e9valuer les risques potentiels, notamment les risques \u00e9conomiques, environnementaux et sociaux. Ces informations leur permettent d&#039;\u00e9laborer et de mettre en \u0153uvre des strat\u00e9gies d&#039;att\u00e9nuation des risques, garantissant ainsi la viabilit\u00e9 et la durabilit\u00e9 \u00e0 long terme des op\u00e9rations mini\u00e8res.<\/p>\n\n\n\n<p>De plus, comprendre la dynamique du march\u00e9 et la disponibilit\u00e9 des ressources aide les soci\u00e9t\u00e9s mini\u00e8res \u00e0 allouer efficacement les ressources et \u00e0 optimiser la planification mini\u00e8re, garantissant ainsi un processus d&#039;extraction plus durable et plus rentable.<\/p>\n\n\n\n<p>Similarly, governments and regulatory bodies can utilize <a href=\"https:\/\/www.sisinternational.com\/fr\/competence\/les-industries\/etude-de-marche-du-gouvernement-federal\/\" title=\"\u00c9tude de march\u00e9 du gouvernement f\u00e9d\u00e9ral\"  data-wpil-monitor-id=\"5768\">\u00e9tude de march\u00e9 minier<\/a> to develop and implement effective policies and regulations that promote responsible mining practices, protect the environment, and safeguard the interests of local communities.<\/p>\n\n\n\n<p>Par cons\u00e9quent, cette recherche offre un aper\u00e7u de l\u2019impact environnemental des activit\u00e9s mini\u00e8res, aidant les entreprises \u00e0 adopter des pratiques plus durables et \u00e0 r\u00e9duire leur empreinte \u00e9cologique. Cela contribue \u00e0 la durabilit\u00e9 \u00e0 long terme de l&#039;industrie et att\u00e9nue les effets n\u00e9gatifs potentiels sur l&#039;environnement.<\/p>\n\n\n\n<h2 class=\"wp-block-heading\">\u00c9l\u00e9ments cl\u00e9s de l\u2019\u00e9tude de march\u00e9 minier<\/h2>\n\n\n\n<p><a href=\"https:\/\/www.sisinternational.com\/fr\/venezuela-oil-mining-industry-potential-strategic-forecast-2026-2036\/\" title=\"Venezuela Oil &amp; Mining Industry Potential: Strategic Forecast 2026-2036\"  data-wpil-monitor-id=\"1308\">Mining market research<\/a> provides valuable insights into the industry&#8217;s dynamics, challenges, and opportunities. Some of the key components of mining market research include:<\/p>\n\n\n\n<ul class=\"wp-block-list\">\n<li><strong>Dynamique de l\u2019offre et de la demande\u00a0:<\/strong> Analyzing the balance between the global supply and demand of various minerals and <a href=\"https:\/\/www.sisinternational.com\/fr\/competence\/les-industries\/etude-de-marche-des-metaux-des-terres-rares\/\" title=\"\u00c9tude de march\u00e9 sur les m\u00e9taux des terres rares\"  data-wpil-monitor-id=\"5184\">metals helps identify market<\/a> trends and potential areas of growth (or decline).<\/li>\n\n\n\n<li><strong>Segmentation du march\u00e9\u00a0:<\/strong> Comprendre les diff\u00e9rents segments de l&#039;industrie mini\u00e8re, tels que les m\u00e9taux pr\u00e9cieux, les m\u00e9taux de base et les min\u00e9raux, peut aider \u00e0 identifier les opportunit\u00e9s et les d\u00e9fis sp\u00e9cifiques pour chaque segment.<\/li>\n\n\n\n<li><strong>Analyse historique des prix\u00a0:<\/strong> L\u2019examen des donn\u00e9es historiques sur les prix des mati\u00e8res premi\u00e8res peut fournir un aper\u00e7u des tendances et des fluctuations des prix, \u00e9clairant ainsi les d\u00e9cisions strat\u00e9giques et la gestion des risques. Bien que cette m\u00e9thode ne soit pas parfaite et que le pass\u00e9 ne pr\u00e9dise pas toujours les tendances futures, elle constitue un bon moyen de pr\u00e9vision dans le domaine des \u00e9tudes de march\u00e9 minier.<\/li>\n\n\n\n<li><strong>Pr\u00e9vision des prix\u00a0:<\/strong> Pr\u00e9dire les prix futurs des mati\u00e8res premi\u00e8res en fonction des tendances du march\u00e9, des indicateurs \u00e9conomiques et d&#039;autres facteurs peut aider les parties prenantes \u00e0 prendre des d\u00e9cisions \u00e9clair\u00e9es concernant les investissements et la planification de la production.<\/li>\n\n\n\n<li><strong>Donn\u00e9es de production:<\/strong> L&#039;\u00e9valuation des donn\u00e9es de production (y compris la production mini\u00e8re, les co\u00fbts de production et l&#039;efficacit\u00e9 op\u00e9rationnelle) peut fournir un aper\u00e7u de la performance des soci\u00e9t\u00e9s mini\u00e8res et de l&#039;industrie dans son ensemble.<\/li>\n\n\n\n<li><strong>R\u00e8glementation mini\u00e8re\u00a0:<\/strong> Comprendre l&#039;environnement r\u00e9glementaire des diff\u00e9rents pays et r\u00e9gions est essentiel pour garantir la conformit\u00e9 et identifier les risques potentiels ou les opportunit\u00e9s associ\u00e9s aux changements de l\u00e9gislation.<\/li>\n\n\n\n<li><strong>Technologies mini\u00e8res\u00a0:<\/strong> L&#039;\u00e9valuation des derni\u00e8res avanc\u00e9es en mati\u00e8re de technologie mini\u00e8re, telles que l&#039;automatisation, la t\u00e9l\u00e9d\u00e9tection et l&#039;analyse de donn\u00e9es, peut aider les entreprises \u00e0 am\u00e9liorer leur efficacit\u00e9 op\u00e9rationnelle et \u00e0 r\u00e9duire leur impact sur l&#039;environnement.<\/li>\n\n\n\n<li><strong>Impact environnemental:<\/strong> L&#039;\u00e9valuation de l&#039;impact environnemental des op\u00e9rations mini\u00e8res peut aider les entreprises \u00e0 mettre en \u0153uvre des pratiques durables, \u00e0 att\u00e9nuer les risques potentiels et \u00e0 maintenir une r\u00e9putation d&#039;entreprise respectueuse de l&#039;environnement dans le contexte du changement climatique.<\/li>\n\n\n\n<li><strong>Impact social:<\/strong> L&#039;\u00e9valuation de l&#039;impact social des activit\u00e9s mini\u00e8res, comme l&#039;engagement communautaire, l&#039;emploi local et la pr\u00e9servation du patrimoine culturel, peut \u00e9clairer les strat\u00e9gies de pratiques mini\u00e8res responsables et de relations solides avec les parties prenantes.<\/li>\n<\/ul>\n\n\n\n<h2 class=\"wp-block-heading\">Avantages de l\u2019\u00e9tude de march\u00e9 minier pour diverses parties prenantes<\/h2>\n\n\n\n<p>Les \u00e9tudes de march\u00e9 minier offrent une gamme d\u2019avantages aux diverses parties prenantes impliqu\u00e9es dans l\u2019industrie mini\u00e8re, notamment les soci\u00e9t\u00e9s mini\u00e8res, les investisseurs, les gouvernements, les organisations environnementales et sociales et les communaut\u00e9s locales. Ces avantages comprennent\u00a0:<\/p>\n\n\n\n<ul class=\"wp-block-list\">\n<li><strong>Prise de d\u00e9cision am\u00e9lior\u00e9e\u00a0:<\/strong> Les \u00e9tudes de march\u00e9 minier fournissent aux soci\u00e9t\u00e9s mini\u00e8res et aux investisseurs les donn\u00e9es et les informations n\u00e9cessaires pour prendre des d\u00e9cisions \u00e9clair\u00e9es et s&#039;adapter aux changements des r\u00e9glementations locales et des march\u00e9s mondiaux.<\/li>\n\n\n\n<li><strong>Comp\u00e9titivit\u00e9 am\u00e9lior\u00e9e :<\/strong> En comprenant la dynamique du march\u00e9, les prix des mati\u00e8res premi\u00e8res et les tendances \u00e9mergentes, les soci\u00e9t\u00e9s mini\u00e8res peuvent am\u00e9liorer leur comp\u00e9titivit\u00e9 et s\u2019adapter aux conditions changeantes du secteur.<\/li>\n\n\n\n<li><strong>Op\u00e9rations optimis\u00e9es :<\/strong> Les \u00e9tudes de march\u00e9 minier aident les entreprises \u00e0 optimiser leurs op\u00e9rations, depuis l&#039;allocation des ressources et la planification mini\u00e8re jusqu&#039;\u00e0 l&#039;adoption de technologies innovantes et de pratiques durables.<\/li>\n\n\n\n<li><strong>\u00c9laboration de politiques efficaces\u00a0:<\/strong> Les \u00e9tudes de march\u00e9 minier informent les gouvernements et les d\u00e9cideurs politiques sur les tendances, les d\u00e9fis et les opportunit\u00e9s du secteur, leur permettant d&#039;\u00e9laborer et de mettre en \u0153uvre des politiques et des r\u00e9glementations efficaces qui favorisent des pratiques mini\u00e8res responsables.<\/li>\n\n\n\n<li><strong>Surveillance et application\u00a0:<\/strong> Les \u00e9tudes de march\u00e9 minier aident \u00e9galement les gouvernements \u00e0 surveiller la conformit\u00e9 de l&#039;industrie aux r\u00e9glementations et \u00e0 appliquer les politiques, garantissant ainsi la protection de l&#039;environnement et le bien-\u00eatre des communaut\u00e9s locales.<\/li>\n\n\n\n<li><strong>Collaboration et partenariat :<\/strong> En fournissant une compr\u00e9hension commune des conditions et des priorit\u00e9s de l\u2019industrie, les \u00e9tudes de march\u00e9 minier facilitent la collaboration et le partenariat entre diff\u00e9rentes organisations et parties prenantes.<\/li>\n<\/ul>\n\n\n\n<h2 class=\"wp-block-heading\">D\u00e9fis et limites<\/h2>\n\n\n\n<ul class=\"wp-block-list\">\n<li><strong>Acc\u00e8s limit\u00e9 aux donn\u00e9es\u00a0:<\/strong> L\u2019acc\u00e8s \u00e0 des donn\u00e9es fiables et \u00e0 jour peut s\u2019av\u00e9rer difficile, en particulier dans les pays dont le secteur minier est moins d\u00e9velopp\u00e9 ou dans lesquels les informations ne sont pas facilement disponibles. Les donn\u00e9es sur les activit\u00e9s mini\u00e8res, les ressources et les impacts peuvent \u00eatre incompl\u00e8tes ou obsol\u00e8tes, ce qui peut avoir un impact sur l&#039;exactitude des r\u00e9sultats des \u00e9tudes de march\u00e9.<\/li>\n\n\n\n<li><strong>Renseignements exclusifs:<\/strong> Les soci\u00e9t\u00e9s mini\u00e8res peuvent h\u00e9siter \u00e0 partager des informations sensibles ou exclusives telles que des donn\u00e9es op\u00e9rationnelles, des r\u00e9sultats d&#039;exploration ou des d\u00e9tails financiers, ce qui peut limiter la port\u00e9e et la profondeur des \u00e9tudes de march\u00e9.<\/li>\n\n\n\n<li><strong>Exigences l\u00e9gales et r\u00e9glementaires\u00a0:<\/strong> Les lois et r\u00e9glementations sur la confidentialit\u00e9 des donn\u00e9es peuvent restreindre le partage ou l&#039;utilisation de certains types d&#039;informations, ce qui a un impact sur l&#039;exhaustivit\u00e9 des \u00e9tudes de march\u00e9 minier.<\/li>\n\n\n\n<li><strong>Industrie complexe et dynamique :<\/strong> L\u2019industrie mini\u00e8re est complexe et en constante \u00e9volution, et de nombreux facteurs influencent la dynamique du march\u00e9, ce qui rend difficile le d\u00e9veloppement de mod\u00e8les de pr\u00e9vision pr\u00e9cis et fiables.<\/li>\n\n\n\n<li><strong>Contextes divers et localis\u00e9s :<\/strong> L\u2019industrie mini\u00e8re op\u00e8re dans des contextes divers et localis\u00e9s, ce qui peut poser des d\u00e9fis dans la conception de m\u00e9thodologies de recherche capables de capturer ces variations et de produire des r\u00e9sultats g\u00e9n\u00e9ralisables.<\/li>\n\n\n\n<li><strong>Applicabilit\u00e9 des r\u00e9sultats\u00a0:<\/strong> La g\u00e9n\u00e9ralisabilit\u00e9 des r\u00e9sultats des \u00e9tudes de march\u00e9 minier peut \u00eatre limit\u00e9e dans la mesure o\u00f9 les informations peuvent \u00eatre sp\u00e9cifiques \u00e0 certaines r\u00e9gions, produits ou segments de march\u00e9.<\/li>\n\n\n\n<li><strong>Traduire la recherche en action\u00a0:<\/strong> Transforming <a href=\"https:\/\/www.sisinternational.com\/fr\/competence\/les-industries\/etude-de-marche-sur-les-nouilles\/\" title=\"\u00c9tude de march\u00e9 sur les nouilles\"  data-wpil-monitor-id=\"3067\">market<\/a> research insights into actionable strategies and policies can be challenging, particularly in complex and dynamic environments.<\/li>\n\n\n\n<li><strong>Mesurer l\u2019impact\u00a0:<\/strong> \u00c9valuer l\u2019impact des \u00e9tudes de march\u00e9 minier sur les pratiques, les politiques et les r\u00e9sultats de l\u2019industrie peut \u00eatre difficile, compte tenu des nombreux facteurs qui peuvent influencer ces r\u00e9sultats.<\/li>\n<\/ul>\n\n\n\n<p>SIS International propose des recherches quantitatives, qualitatives et strat\u00e9giques. Nous fournissons des donn\u00e9es, des outils, des strat\u00e9gies, des rapports et des informations pour la prise de d\u00e9cision. Nous menons des entretiens, des enqu\u00eates, des groupes de discussion et de nombreuses autres m\u00e9thodes et approches d&#039;\u00e9tudes de march\u00e9. Contactez-nous pour votre prochain projet d&#039;\u00e9tude de march\u00e9.<\/p>","protected":false},"excerpt":{"rendered":"<p>L\u2019industrie mini\u00e8re fournit des mati\u00e8res premi\u00e8res essentielles \u00e0 divers secteurs, comme la construction et la fabrication.<\/p>","protected":false},"author":1,"featured_media":63725,"parent":14514,"menu_order":300,"comment_status":"closed","ping_status":"closed","template":"","meta":{"footnotes":""},"class_list":["post-42672","page","type-page","status-publish","has-post-thumbnail"],"_links":{"self":[{"href":"https:\/\/www.sisinternational.com\/fr\/wp-json\/wp\/v2\/pages\/42672","targetHints":{"allow":["GET"]}}],"collection":[{"href":"https:\/\/www.sisinternational.com\/fr\/wp-json\/wp\/v2\/pages"}],"about":[{"href":"https:\/\/www.sisinternational.com\/fr\/wp-json\/wp\/v2\/types\/page"}],"author":[{"embeddable":true,"href":"https:\/\/www.sisinternational.com\/fr\/wp-json\/wp\/v2\/users\/1"}],"replies":[{"embeddable":true,"href":"https:\/\/www.sisinternational.com\/fr\/wp-json\/wp\/v2\/comments?post=42672"}],"version-history":[{"count":8,"href":"https:\/\/www.sisinternational.com\/fr\/wp-json\/wp\/v2\/pages\/42672\/revisions"}],"predecessor-version":[{"id":79888,"href":"https:\/\/www.sisinternational.com\/fr\/wp-json\/wp\/v2\/pages\/42672\/revisions\/79888"}],"up":[{"embeddable":true,"href":"https:\/\/www.sisinternational.com\/fr\/wp-json\/wp\/v2\/pages\/14514"}],"wp:featuredmedia":[{"embeddable":true,"href":"https:\/\/www.sisinternational.com\/fr\/wp-json\/wp\/v2\/media\/63725"}],"wp:attachment":[{"href":"https:\/\/www.sisinternational.com\/fr\/wp-json\/wp\/v2\/media?parent=42672"}],"curies":[{"name":"wp","href":"https:\/\/api.w.org\/{rel}","templated":true}]}}