{"id":42655,"date":"2023-05-02T18:07:41","date_gmt":"2023-05-02T22:07:41","guid":{"rendered":"https:\/\/www.sisinternational.com\/?page_id=42655"},"modified":"2026-03-12T13:21:41","modified_gmt":"2026-03-12T17:21:41","slug":"etude-de-marche-casher","status":"publish","type":"page","link":"https:\/\/www.sisinternational.com\/fr\/solutions\/etude-de-marche-sur-lindustrie-des-boissons-alimentaires\/etude-de-marche-casher\/","title":{"rendered":"\u00c9tude de march\u00e9 casher"},"content":{"rendered":"<h1 class=\"wp-block-heading\">\u00c9tude de march\u00e9 casher<\/h1>\n\n\n\n<figure class=\"gb-block-image gb-block-image-f7565345\"><img loading=\"lazy\" decoding=\"async\" width=\"1456\" height=\"816\" class=\"gb-image gb-image-f7565345\" src=\"https:\/\/www.sisinternational.com\/wp-content\/uploads\/2025\/10\/Kosher-1.jpg\" alt=\"\u00c9tudes de march\u00e9 et strat\u00e9gie internationales SIS\" title=\"Kosher (1)\" srcset=\"https:\/\/www.sisinternational.com\/wp-content\/uploads\/2025\/10\/Kosher-1.jpg 1456w, https:\/\/www.sisinternational.com\/wp-content\/uploads\/2025\/10\/Kosher-1-300x168.jpg 300w, https:\/\/www.sisinternational.com\/wp-content\/uploads\/2025\/10\/Kosher-1-1024x574.jpg 1024w, https:\/\/www.sisinternational.com\/wp-content\/uploads\/2025\/10\/Kosher-1-768x430.jpg 768w, https:\/\/www.sisinternational.com\/wp-content\/uploads\/2025\/10\/Kosher-1-18x10.jpg 18w\" sizes=\"auto, (max-width: 1456px) 100vw, 1456px\"><\/figure>\n\n\n\n<p><\/p>\n\n\n\n<hr class=\"wp-block-separator has-alpha-channel-opacity is-style-dots\"\/>\n\n\n\n<p>Les Juifs pratiquent un r\u00e9gime casher qui respecte les r\u00e8gles alimentaires strictes de la loi juive traditionnelle. La plupart des Juifs pratiquent ce r\u00e9gime non pas principalement pour des raisons de sant\u00e9 mais par respect pour leurs traditions religieuses. Cependant, m\u00eame les non-juifs consomment de nombreux produits casher, diversifiant ainsi le public de ces produits.<\/p>\n\n\n\n<p>Partout dans le monde, les gens suivent des r\u00e9gimes alimentaires diff\u00e9rents, en fonction de divers facteurs. La culture et les coutumes sont un facteur important qui influence les pr\u00e9f\u00e9rences alimentaires.<\/p>\n\n\n\n<p>L&#039;industrie alimentaire a su s&#039;adapter \u00e0 ce facteur, l&#039;utilisant m\u00eame pour mettre en valeur et diff\u00e9rencier ses produits des autres. La capitalisation de ces produits consommables permet aux entreprises de continuer \u00e0 prosp\u00e9rer et d\u2019\u00e9largir leur offre.<\/p>\n\n\n\n<p><\/p>\n\n\n\n<div class=\"wp-block-columns has-global-color-9-color has-text-color has-background has-link-color wp-elements-060067c4a1522f47acb9643260b5a53f is-layout-flex wp-container-core-columns-is-layout-9d6595d7 wp-block-columns-is-layout-flex\" style=\"background-color:#f7f9fa6e\">\n<div class=\"wp-block-column is-layout-flow wp-block-column-is-layout-flow\" style=\"flex-basis:18%\"><\/div>\n\n\n\n<div class=\"wp-block-column is-vertically-aligned-center is-layout-flow wp-block-column-is-layout-flow\" style=\"flex-basis:71.28%\">\n<div class=\"wp-block-rank-math-toc-block aligncenter has-global-color-9-color has-text-color has-link-color wp-elements-c66aac9b46ab180d649eef52155cc666\" style=\"font-size:16px\" id=\"rank-math-toc\"><h2><br><strong>T<\/strong>able of Contents<\/h2><nav><ul><li class=\"\"><a href=\"#what-is-kosher\">Qu\u2019est-ce que casher ?<\/a><\/li><li class=\"\"><a href=\"#trends-and-opportunities-in-kosher-food\">Tendances et opportunit\u00e9s dans l\u2019alimentation casher<\/a><\/li><li class=\"\"><a href=\"#key-countries\">Pays cl\u00e9s<\/a><\/li><li class=\"\"><a href=\"#challenges-in-kosher-market-research\">D\u00e9fis des \u00e9tudes de march\u00e9 casher<\/a><\/li><\/ul><\/nav><\/div>\n<\/div>\n<\/div>\n\n\n\n<p><\/p>\n\n\n\n<h2 class=\"wp-block-heading\" id=\"what-is-kosher\">Qu\u2019est-ce que casher ?<\/h2>\n\n\n\n<p>Casher est d\u00e9riv\u00e9 du mot h\u00e9breu kash\u00e9r, qui signifie \u00eatre pur pour la consommation. Il fait r\u00e9f\u00e9rence \u00e0 un r\u00e9gime alimentaire bas\u00e9 sur les lois traditionnelles juives, principalement pratiqu\u00e9 par les juifs. Cependant, tous les Juifs n\u2019adh\u00e8rent pas strictement \u00e0 ces r\u00e8gles. La plupart d\u2019entre eux le pratiquent en fonction de leurs discr\u00e9tions et pr\u00e9f\u00e9rences.<\/p>\n\n\n\n<p>Pour qu\u2019un aliment soit consid\u00e9r\u00e9 comme casher, il doit r\u00e9pondre \u00e0 des exigences sp\u00e9cifiques. Les r\u00e8gles fournissent \u00e9galement un cadre rigide qui pr\u00e9cise les aliments autoris\u00e9s et interdits ainsi que la proc\u00e9dure \u00e0 suivre pour les transformer, les produire et les pr\u00e9parer avant leur consommation.<\/p>\n\n\n\n<p>Les r\u00e8gles pr\u00e9voient \u00e9galement des accords interdits, notamment de viande avec tout produit laitier. Il pr\u00e9voit en outre qu&#039;il faut attendre un certain nombre d&#039;heures avant d&#039;ing\u00e9rer des produits laitiers apr\u00e8s la consommation de viande. Cette interdiction de m\u00e9langer les deux vaut \u00e9galement pour les ustensiles utilis\u00e9s pour pr\u00e9parer la viande et les produits laitiers.<\/p>\n\n\n\n<p>Les aliments d\u2019origine v\u00e9g\u00e9tale ont \u00e9galement des directives \u00e0 suivre. La plupart des instructions pour conserver les aliments casher concernent leur pr\u00e9paration et leur transformation. Quant aux boissons, comme le vin, pour \u00eatre consid\u00e9r\u00e9es comme casher, leurs mati\u00e8res premi\u00e8res doivent \u00eatre casher.<\/p>\n\n\n\n<h2 class=\"wp-block-heading\" id=\"trends-and-opportunities-in-kosher-food\">Tendances et opportunit\u00e9s dans l\u2019alimentation casher<\/h2>\n\n\n\n<figure class=\"gb-block-image gb-block-image-70e69b13\"><img loading=\"lazy\" decoding=\"async\" width=\"1456\" height=\"816\" class=\"gb-image gb-image-70e69b13\" src=\"https:\/\/www.sisinternational.com\/wp-content\/uploads\/2025\/10\/Kosher-3.jpg\" alt=\"\u00c9tudes de march\u00e9 et strat\u00e9gie internationales SIS\" title=\"Kosher (3)\" srcset=\"https:\/\/www.sisinternational.com\/wp-content\/uploads\/2025\/10\/Kosher-3.jpg 1456w, https:\/\/www.sisinternational.com\/wp-content\/uploads\/2025\/10\/Kosher-3-300x168.jpg 300w, https:\/\/www.sisinternational.com\/wp-content\/uploads\/2025\/10\/Kosher-3-1024x574.jpg 1024w, https:\/\/www.sisinternational.com\/wp-content\/uploads\/2025\/10\/Kosher-3-768x430.jpg 768w, https:\/\/www.sisinternational.com\/wp-content\/uploads\/2025\/10\/Kosher-3-18x10.jpg 18w\" sizes=\"auto, (max-width: 1456px) 100vw, 1456px\"><\/figure>\n\n\n\n<p><\/p>\n\n\n\n<h3 class=\"wp-block-heading\">Voici les tendances et opportunit\u00e9s \u00e0 surveiller\u00a0:<\/h3>\n\n\n\n<ul class=\"wp-block-list\">\n<li><strong>Demande croissante d\u2019aliments casher\u00a0:<\/strong> \u00c0 mesure que les Juifs migrent vers diff\u00e9rents pays, leur demande de nourriture et de boissons casher est \u00e9galement mise en \u00e9vidence. Il est \u00e9galement utile que les aliments casher soient consid\u00e9r\u00e9s comme purs et propres, par rapport aux aliments hautement transform\u00e9s disponibles sur le march\u00e9. En raison de la nature de son processus et de sa pr\u00e9paration, le march\u00e9 casher attire \u00e9galement les personnes soucieuses de leur sant\u00e9 et les consommateurs v\u00e9g\u00e9tariens. Les personnes souffrant \u00e9galement d\u2019intol\u00e9rance au lactose et de maladie c\u0153liaque sont devenues une cible d\u00e9mographique pour les entreprises proposant des aliments casher. De nombreux distributeurs d\u2019aliments casher vendent \u00e9galement des repas sans gluten.<\/li>\n\n\n\n<li><strong>Cibler l&#039;industrie du fitness\u00a0:<\/strong> La nourriture casher a commenc\u00e9 \u00e0 r\u00e9pondre aux besoins de la population fitness. C\u2019est une meilleure option, en particulier pour les bodybuilders qui souhaitent une option saine. Le casher a \u00e9t\u00e9 pr\u00e9sent\u00e9 comme un aliment propre, cr\u00e9ant un attrait pour les amateurs de fitness.<\/li>\n\n\n\n<li><strong>Kosherfest aux \u00c9tats-Unis :<\/strong> Alors que la nourriture casher commen\u00e7ait \u00e0 devenir un aliment de base aux \u00c9tats-Unis avec l&#039;augmentation de la population juive et des consommateurs soucieux de leur sant\u00e9, le Kosherfest a \u00e9t\u00e9 introduit. Kosherfest est un concours permettant aux participants de concourir pour devenir l&#039;un des principaux fournisseurs d&#039;aliments casher. Il est jug\u00e9 par des experts du secteur, des experts culinaires, des m\u00e9dias et des acheteurs ordinaires s\u00e9lectionn\u00e9s.<\/li>\n\n\n\n<li><strong>Alimentation casher et sant\u00e9\u00a0:<\/strong> Alors que de nombreux non-juifs s&#039;int\u00e9ressent \u00e0 la nourriture casher, de nombreuses entreprises ont commenc\u00e9 \u00e0 d\u00e9velopper de nouvelles recettes et de nouveaux aliments pouvant r\u00e9pondre \u00e0 leurs go\u00fbts tout en pr\u00e9servant la qualit\u00e9 des aliments. Beaucoup se sont aventur\u00e9s \u00e0 exploiter le segment v\u00e9g\u00e9tarien. Il constitue un avantage pour les distributeurs casher existants en raison de la nature de leurs aliments propres.<\/li>\n\n\n\n<li><strong>Les aliments casher vont rattraper la demande au Moyen-Orient\u00a0:<\/strong> Le Moyen-Orient conna\u00eet une croissance rapide de la restauration rapide. Cela est d\u00fb \u00e0 l\u2019augmentation du revenu par m\u00e9nage. Il y a eu une abondance de nouvelles ouvertures de cha\u00eenes dans ces pays du Moyen-Orient. En raison des croyances religieuses, la viande casher est devenue hautement recherch\u00e9e pour r\u00e9pondre \u00e0 la demande croissante. Les collations casher ont \u00e9galement connu une croissance, repr\u00e9sentant 48,41 TP3T du march\u00e9 mondial.<\/li>\n\n\n\n<li><strong>Plus facile de trouver des aliments et des boissons casher\u00a0:<\/strong> De nombreux sites en ligne proposent d\u00e9sormais une liste d\u2019aliments et de boissons casher disponibles sur le march\u00e9. Il est ainsi plus facile pour un acheteur conscient de v\u00e9rifier si la marque qu\u2019il ach\u00e8te est casher. Il fournit \u00e9galement des informations d\u00e9taill\u00e9es sur les produits.<\/li>\n<\/ul>\n\n\n\n<h2 class=\"wp-block-heading\" id=\"key-countries\">Pays cl\u00e9s<\/h2>\n\n\n\n<figure class=\"gb-block-image gb-block-image-f2efc586\"><img loading=\"lazy\" decoding=\"async\" width=\"1456\" height=\"816\" class=\"gb-image gb-image-f2efc586\" src=\"https:\/\/www.sisinternational.com\/wp-content\/uploads\/2025\/10\/Kosher-2.jpg\" alt=\"\u00c9tudes de march\u00e9 et strat\u00e9gie internationales SIS\" title=\"Kosher (2)\" srcset=\"https:\/\/www.sisinternational.com\/wp-content\/uploads\/2025\/10\/Kosher-2.jpg 1456w, https:\/\/www.sisinternational.com\/wp-content\/uploads\/2025\/10\/Kosher-2-300x168.jpg 300w, https:\/\/www.sisinternational.com\/wp-content\/uploads\/2025\/10\/Kosher-2-1024x574.jpg 1024w, https:\/\/www.sisinternational.com\/wp-content\/uploads\/2025\/10\/Kosher-2-768x430.jpg 768w, https:\/\/www.sisinternational.com\/wp-content\/uploads\/2025\/10\/Kosher-2-18x10.jpg 18w\" sizes=\"auto, (max-width: 1456px) 100vw, 1456px\"><\/figure>\n\n\n\n<p><\/p>\n\n\n\n<p>Kosher food distribution is only possible with the help of each business from production to distribution. There are at least 6,000 Kosher food and beverages for sale to end users. Many European countries serve as key players in producing and distributing Kosher. Some of these countries are the United Kingdom, Germany, <a class=\"wpil_keyword_link\" href=\"https:\/\/www.sisinternational.com\/fr\/couverture\/leurope-%ef%83%97\/etude-de-marche-en-norvege\/\"   title=\"Etude de march\u00e9 en Norv\u00e8ge\" data-wpil-keyword-link=\"linked\"  data-wpil-monitor-id=\"689\">Norway<\/a>, France, and Moldova.<\/p>\n\n\n\n<p>Isra\u00ebl est un pays important en mati\u00e8re d&#039;alimentation casher. Ils sont les principaux producteurs et consommateurs de produits casher. Cela a pour cons\u00e9quence que les produits casher repr\u00e9sentent 80% des $20 milliards d&#039;industrie alimentaire isra\u00e9lienne.<\/p>\n\n\n\n<p>Les \u00c9mirats arabes unis ont commenc\u00e9 \u00e0 affluer de la nourriture casher sur leur territoire alors que les touristes juifs commen\u00e7aient \u00e0 visiter le pays. L&#039;accord de paix bilat\u00e9ral entre Isra\u00ebl et les \u00c9mirats arabes unis a encourag\u00e9 l&#039;ouverture touristique.<\/p>\n\n\n\n<p><\/p>\n\n\n\n<!DOCTYPE html>\n<html lang=\"en\">\n<head>\n    <meta charset=\"UTF-8\">\n    <meta name=\"viewport\" content=\"width=device-width, initial-scale=1.0\">\n    <title>AI Blog Banner<\/title>\n    <style>\n        * {\n            margin: 0;\n            padding: 0;\n            box-sizing: border-box;\n        }\n\n        .banner {\n            position: relative;\n            width: 100%;\n            height: 350px;\n            overflow: hidden;\n            display: flex;\n            align-items: center;\n            justify-content: center;\n            font-family: 'Arial', sans-serif;\n            border-radius: 25px;\n        }\n\n        .animated-background {\n            position: absolute;\n            top: 0;\n            left: 0;\n            width: 100%;\n            height: 100%;\n            background: linear-gradient(45deg, #003f6b, #2d5a7b, #003f6b, #2d5a7b);\n            background-size: 400% 400%;\n            animation: gradientMove 8s ease-in-out infinite;\n        }\n\n        .ai-pattern {\n            position: absolute;\n            top: 0;\n            left: 0;\n            width: 100%;\n            height: 100%;\n            opacity: 0.1;\n            background-image: \n                radial-gradient(circle at 20% 20%, rgba(255,255,255,0.3) 2px, transparent 2px),\n                radial-gradient(circle at 80% 80%, rgba(255,255,255,0.2) 1px, transparent 1px),\n                radial-gradient(circle at 40% 60%, rgba(255,255,255,0.15) 1.5px, transparent 1.5px),\n                radial-gradient(circle at 60% 20%, rgba(255,255,255,0.25) 1px, transparent 1px),\n                radial-gradient(circle at 80% 40%, rgba(255,255,255,0.2) 2px, transparent 2px);\n            background-size: 100px 100px, 150px 150px, 80px 80px, 120px 120px, 90px 90px;\n            animation: patternFloat 12s linear infinite;\n        }\n\n        .neural-network {\n            position: absolute;\n            top: 0;\n            left: 0;\n            width: 100%;\n            height: 100%;\n            opacity: 0.08;\n        }\n\n        .neural-line {\n            position: absolute;\n            height: 1px;\n            background: linear-gradient(90deg, transparent, rgba(255,255,255,0.5), transparent);\n            animation: neuralPulse 6s ease-in-out infinite;\n        }\n\n        .neural-line:nth-child(1) {\n            top: 30%;\n            left: 0;\n            width: 60%;\n            animation-delay: 0s;\n        }\n\n        .neural-line:nth-child(2) {\n            top: 50%;\n            right: 0;\n            width: 70%;\n            animation-delay: 2s;\n        }\n\n        .neural-line:nth-child(3) {\n            top: 70%;\n            left: 20%;\n            width: 50%;\n            animation-delay: 4s;\n        }\n\n        .content {\n            position: relative;\n            z-index: 10;\n            text-align: center;\n            color: white !important;\n            max-width: 800px;\n            padding: 30px;\n        }\n\n        .content * {\n            color: white !important;\n        }\n\n        .cta-text {\n            font-size: 1.9rem;\n            font-weight: 700;\n            margin-bottom: 15px;\n            color: white !important;\n            background: linear-gradient(90deg, rgba(255,255,255,0.6), rgba(255,255,255,1), rgba(230,230,230,1), rgba(255,255,255,1), rgba(240,240,240,0.8), rgba(255,255,255,0.6));\n            background-size: 200% 100%;\n            -webkit-background-clip: text;\n            -webkit-text-fill-color: transparent;\n            background-clip: text;\n            animation: shineEffect 10s ease-in-out infinite;\n            line-height: 1.3;\n        }\n\n        .cta-subheading {\n            font-size: 1rem;\n            font-weight: 400;\n            margin-bottom: 25px;\n            color: white !important;\n            line-height: 1.6;\n            opacity: 0.95;\n        }\n\n        .cta-button {\n            background: linear-gradient(135deg, #8a6b0f, #bd9013, #d4a519);\n            border: 2px solid #8a6b0f;\n            color: white !important;\n            padding: 18px 40px;\n            font-size: 1.2rem;\n            font-weight: 600;\n            border-radius: 50px;\n            cursor: pointer;\n            transition: all 0.3s ease;\n            text-decoration: none;\n            display: inline-block;\n            position: relative;\n            overflow: hidden;\n        }\n\n        .cta-button::before {\n            content: '';\n            position: absolute;\n            top: 0;\n            left: -100%;\n            width: 100%;\n            height: 100%;\n            background: linear-gradient(90deg, \n                transparent 0%, \n                rgba(255, 255, 255, 0.3) 25%,\n                rgba(255, 255, 255, 0.6) 50%,\n                rgba(255, 255, 255, 0.3) 75%,\n                transparent 100%);\n            animation: shine 3s ease-in-out infinite;\n        }\n\n        .cta-button:hover {\n            transform: translateY(-3px);\n            box-shadow: 0 10px 25px rgba(0,0,0,0.2);\n            border-color: #bd9013;\n            background: linear-gradient(135deg, #bd9013, #d4a519, #e6b61f);\n        }\n\n        .floating-elements {\n            position: absolute;\n            top: 0;\n            left: 0;\n            width: 100%;\n            height: 100%;\n            pointer-events: none;\n        }\n\n        .floating-circle {\n            position: absolute;\n            border-radius: 50%;\n            background: rgba(255,255,255,0.1);\n            animation: float 8s ease-in-out infinite;\n        }\n\n        .floating-circle:nth-child(1) {\n            width: 80px;\n            height: 80px;\n            top: 20%;\n            left: 10%;\n            animation-delay: 0s;\n        }\n\n        .floating-circle:nth-child(2) {\n            width: 60px;\n            height: 60px;\n            top: 60%;\n            right: 15%;\n            animation-delay: 3s;\n        }\n\n        .floating-circle:nth-child(3) {\n            width: 40px;\n            height: 40px;\n            top: 80%;\n            left: 80%;\n            animation-delay: 6s;\n        }\n\n        .floating-circle:nth-child(4) {\n            width: 70px;\n            height: 70px;\n            top: 10%;\n            right: 20%;\n            animation-delay: 1.5s;\n        }\n\n        .floating-circle:nth-child(5) {\n            width: 50px;\n            height: 50px;\n            top: 75%;\n            left: 30%;\n            animation-delay: 4.5s;\n        }\n\n        @keyframes gradientMove {\n            0% { background-position: 0% 50%; }\n            25% { background-position: 100% 50%; }\n            50% { background-position: 100% 100%; }\n            75% { background-position: 0% 100%; }\n            100% { background-position: 0% 50%; }\n        }\n\n        @keyframes patternFloat {\n            0% { transform: translateX(0) translateY(0); }\n            33% { transform: translateX(30px) translateY(-20px); }\n            66% { transform: translateX(-20px) translateY(10px); }\n            100% { transform: translateX(0) translateY(0); }\n        }\n\n        @keyframes neuralPulse {\n            0%, 100% { opacity: 0.08; }\n            50% { opacity: 0.2; }\n        }\n\n        @keyframes shineEffect {\n            0% { background-position: 200% 0; }\n            100% { background-position: -200% 0; }\n        }\n\n        @keyframes shine {\n            0% {\n                left: -100%;\n            }\n            20%, 100% {\n                left: 100%;\n            }\n        }\n\n        @keyframes float {\n            0%, 100% { transform: translateY(0px) rotate(0deg); }\n            33% { transform: translateY(-30px) rotate(120deg); }\n            66% { transform: translateY(15px) rotate(240deg); }\n        }\n\n        @media (max-width: 768px) {\n            .banner {\n                height: 320px;\n                padding: 30px 0;\n            }\n            \n            .content {\n                padding: 40px 20px;\n            }\n            \n            .cta-text {\n                font-size: 1.3rem;\n                margin-bottom: 12px;\n            }\n            \n            .cta-subheading {\n                font-size: 0.85rem;\n                margin-bottom: 20px;\n            }\n            \n            .cta-button {\n                padding: 14px 28px;\n                font-size: 0.95rem;\n            }\n        }\n    <\/style>\n<\/head>\n<body>\n    <div class=\"banner\">\n        <div class=\"animated-background\"><\/div>\n        \n        <div class=\"ai-pattern\"><\/div>\n        \n        <div class=\"neural-network\">\n            <div class=\"neural-line\"><\/div>\n            <div class=\"neural-line\"><\/div>\n            <div class=\"neural-line\"><\/div>\n        <\/div>\n        \n        <div class=\"floating-elements\">\n            <div class=\"floating-circle\"><\/div>\n            <div class=\"floating-circle\"><\/div>\n            <div class=\"floating-circle\"><\/div>\n            <div class=\"floating-circle\"><\/div>\n            <div class=\"floating-circle\"><\/div>\n        <\/div>\n        \n        <div class=\"content\">\n            <div class=\"cta-text\">Ready to explore the insights that drive smarter decisions?<\/div>\n            <div class=\"cta-subheading\">Contact our Research experts today.<\/div>\n            <a href=\"mailto:Research@sisinternational.com\" class=\"cta-button\">Contact us now!<\/a>\n        <\/div>\n    <\/div>\n<\/body>\n<\/html>\n\n\n\n<p><\/p>\n\n\n\n<h2 class=\"wp-block-heading\" id=\"challenges-in-kosher-market-research\">D\u00e9fis des \u00e9tudes de march\u00e9 casher<\/h2>\n\n\n\n<p>Les pays europ\u00e9ens ont \u00e9t\u00e9 plus que accommodants dans la production, la pr\u00e9paration et la distribution de produits casher. Cela a incit\u00e9 de nombreux investisseurs \u00e0 continuer d&#039;investir dans ces entreprises gr\u00e2ce \u00e0 ses critiques et ses rendements \u00e9logieux.<\/p>\n\n\n\n<p>Cependant, les pays europ\u00e9ens ont limit\u00e9 la production alimentaire casher. La production de viande casher, y compris Halal, est strictement interdite sur le continent. L&#039;abattage rituel a lanc\u00e9 un d\u00e9bat en Europe apr\u00e8s la directive de 1998 intitul\u00e9e Convention europ\u00e9enne pour la protection des animaux destin\u00e9s \u00e0 l&#039;abattage. C\u2019est devenu un probl\u00e8me en raison de pr\u00e9occupations qualifi\u00e9es de s\u00e9rieuses en mati\u00e8re de bien-\u00eatre animal.<\/p>\n\n\n\n<p>Les investisseurs dans la viande casher pourraient \u00eatre confront\u00e9s \u00e0 de graves cons\u00e9quences financi\u00e8res s\u2019ils n\u2019y rem\u00e9dient pas imm\u00e9diatement. L\u2019un des meilleurs moyens de se r\u00e9tablir est de rediriger l\u2019approvisionnement en viande casher vers d\u2019autres pays. Mais cela implique \u00e9galement des co\u00fbts suppl\u00e9mentaires en mati\u00e8re de logistique et de distribution.<\/p>\n\n\n\n<p>Another point for investors to look at with <a href=\"https:\/\/www.sisinternational.com\/fr\/competence\/les-industries\/etude-de-marche-sur-les-points-de-vente-2\/\" title=\"\u00c9tude de march\u00e9 sur les points de vente\"  data-wpil-monitor-id=\"4919\">\u00c9tude de march\u00e9 casher<\/a> is the increasing competition, especially in the United States. Some companies, like Manischewitz Company and Welch, entered into partnerships to introduce new Kosher product lines. Others, like Cargill Inc., expanded their operation by opening a new farm to produce and distribute Kosher meat and fill the growing demand.<\/p>\n\n\n<h2>Notre emplacement \u00e0 New York<\/h2>\n<p><!-- \/wp:post-content --> <!-- wp:html --> <iframe loading=\"lazy\" src=\"https:\/\/www.google.com\/maps\/embed?pb=!1m18!1m12!1m3!1d3022.976188376966!2d-73.99130312499956!3d40.740549471389315!2m3!1f0!2f0!3f0!3m2!1i1024!2i768!4f13.1!3m3!1m2!1s0x89c259a15798c731%3A0xd695d09bdd495f25!2s11%20E%2022nd%20St%20FL%202%2C%20New%20York%2C%20NY%2010010%2C%20USA!5e0!3m2!1sen!2spe!4v1726171763526!5m2!1sen!2spe\" width=\"600\" height=\"450\" allowfullscreen=\"allowfullscreen\" data-mce-fragment=\"1\"><\/iframe> <!-- \/wp:html --> <!-- wp:paragraph --><\/p>\n<h3 class=\"wp-block-heading\">11 E 22nd Street, \u00e9tage 2, New York, NY 10010 T\u00e9l. : +1(212) 505-6805<\/h3>\n<hr \/>\n<h2><span style=\"font-weight: 400;\">\u00c0 propos de SIS International<\/span><\/h2>\n<p><a href=\"https:\/\/www.sisinternational.com\/fr\/\"><span style=\"font-weight: 400;\">SIS International<\/span><\/a><span style=\"font-weight: 400;\"> propose des recherches quantitatives, qualitatives et strat\u00e9giques. Nous fournissons des donn\u00e9es, des outils, des strat\u00e9gies, des rapports et des informations pour la prise de d\u00e9cision. Nous menons \u00e9galement des entretiens, des enqu\u00eates, des groupes de discussion et d\u2019autres m\u00e9thodes et approches d\u2019\u00e9tudes de march\u00e9.<\/span><a href=\"https:\/\/www.sisinternational.com\/fr\/a-propos-de-la-recherche-internationale-sis\/contact-sis-international-market-research\/\"><span style=\"font-weight: 400;\"> Contactez nous<\/span><\/a><span style=\"font-weight: 400;\"> pour votre prochain projet d&#039;\u00e9tude de march\u00e9.<\/span><\/p>","protected":false},"excerpt":{"rendered":"<p>\u00ab Casher \u00bb (du mot h\u00e9breu \u00ab kash\u00e9r \u00bb signifiant \u00ab pur pour la consommation \u00bb) fait r\u00e9f\u00e9rence aux lois alimentaires juives suivies par la communaut\u00e9 juive.<\/p>","protected":false},"author":1,"featured_media":71321,"parent":22018,"menu_order":297,"comment_status":"closed","ping_status":"closed","template":"","meta":{"footnotes":""},"class_list":["post-42655","page","type-page","status-publish","has-post-thumbnail"],"_links":{"self":[{"href":"https:\/\/www.sisinternational.com\/fr\/wp-json\/wp\/v2\/pages\/42655","targetHints":{"allow":["GET"]}}],"collection":[{"href":"https:\/\/www.sisinternational.com\/fr\/wp-json\/wp\/v2\/pages"}],"about":[{"href":"https:\/\/www.sisinternational.com\/fr\/wp-json\/wp\/v2\/types\/page"}],"author":[{"embeddable":true,"href":"https:\/\/www.sisinternational.com\/fr\/wp-json\/wp\/v2\/users\/1"}],"replies":[{"embeddable":true,"href":"https:\/\/www.sisinternational.com\/fr\/wp-json\/wp\/v2\/comments?post=42655"}],"version-history":[{"count":7,"href":"https:\/\/www.sisinternational.com\/fr\/wp-json\/wp\/v2\/pages\/42655\/revisions"}],"predecessor-version":[{"id":78850,"href":"https:\/\/www.sisinternational.com\/fr\/wp-json\/wp\/v2\/pages\/42655\/revisions\/78850"}],"up":[{"embeddable":true,"href":"https:\/\/www.sisinternational.com\/fr\/wp-json\/wp\/v2\/pages\/22018"}],"wp:featuredmedia":[{"embeddable":true,"href":"https:\/\/www.sisinternational.com\/fr\/wp-json\/wp\/v2\/media\/71321"}],"wp:attachment":[{"href":"https:\/\/www.sisinternational.com\/fr\/wp-json\/wp\/v2\/media?parent=42655"}],"curies":[{"name":"wp","href":"https:\/\/api.w.org\/{rel}","templated":true}]}}