{"id":42646,"date":"2023-05-02T15:13:24","date_gmt":"2023-05-02T19:13:24","guid":{"rendered":"https:\/\/www.sisinternational.com\/?page_id=42646"},"modified":"2026-03-12T12:36:37","modified_gmt":"2026-03-12T16:36:37","slug":"etude-de-marche-en-informatique-de-sante","status":"publish","type":"page","link":"https:\/\/www.sisinternational.com\/fr\/solutions\/etudes-de-marche-sur-les-biotechnologies-et-les-produits-pharmaceutiques-en-matiere-de-soins-de-sante-medicaux\/etude-de-marche-en-informatique-de-sante\/","title":{"rendered":"\u00c9tude de march\u00e9 sur l\u2019informatique de sant\u00e9"},"content":{"rendered":"<h1 class=\"wp-block-heading\">\u00c9tude de march\u00e9 sur l\u2019informatique de sant\u00e9<\/h1>\n\n\n\n<figure class=\"gb-block-image gb-block-image-a9fa4426\"><img loading=\"lazy\" decoding=\"async\" width=\"1456\" height=\"816\" class=\"gb-image gb-image-a9fa4426\" src=\"https:\/\/www.sisinternational.com\/wp-content\/uploads\/2025\/08\/Healthcare-16.jpg\" alt=\"\u00c9tudes de march\u00e9 et strat\u00e9gie internationales SIS\" title=\"Healthcare (16)\" srcset=\"https:\/\/www.sisinternational.com\/wp-content\/uploads\/2025\/08\/Healthcare-16.jpg 1456w, https:\/\/www.sisinternational.com\/wp-content\/uploads\/2025\/08\/Healthcare-16-300x168.jpg 300w, https:\/\/www.sisinternational.com\/wp-content\/uploads\/2025\/08\/Healthcare-16-1024x574.jpg 1024w, https:\/\/www.sisinternational.com\/wp-content\/uploads\/2025\/08\/Healthcare-16-768x430.jpg 768w, https:\/\/www.sisinternational.com\/wp-content\/uploads\/2025\/08\/Healthcare-16-18x10.jpg 18w\" sizes=\"auto, (max-width: 1456px) 100vw, 1456px\"><\/figure>\n\n\n\n<p><\/p>\n\n\n\n<p>L&#039;informatique m\u00e9dicale utilise des technologies, des logiciels et d&#039;autres solutions pour g\u00e9rer les donn\u00e9es de sant\u00e9. Il am\u00e9liore les soins et les r\u00e9sultats des patients et rationalise les op\u00e9rations de soins de sant\u00e9. Il am\u00e9liore \u00e9galement l&#039;exp\u00e9rience de soins de sant\u00e9 pour les patients, les prestataires et les autres parties prenantes.<\/p>\n\n\n\n<p>Un autre avantage de l\u2019informatique m\u00e9dicale est qu\u2019elle couvre un large \u00e9ventail d\u2019applications et de syst\u00e8mes. Par exemple, cela inclut les dossiers de sant\u00e9 \u00e9lectroniques (DSE) et la t\u00e9l\u00e9m\u00e9decine. Cela implique \u00e9galement des syst\u00e8mes d\u2019\u00e9change d\u2019informations sur la sant\u00e9 (HIE) et d\u2019imagerie m\u00e9dicale. Les syst\u00e8mes d\u2019aide \u00e0 la d\u00e9cision clinique (CDSS) rel\u00e8vent \u00e9galement de l\u2019informatique de sant\u00e9. Il en va de m\u00eame pour les portails patients.<\/p>\n\n\n\n<p>Le recours \u00e0 l\u2019informatique m\u00e9dicale est devenu incontournable ces derni\u00e8res ann\u00e9es. D&#039;une part, cela est utile alors que les organismes de sant\u00e9 s&#039;efforcent d&#039;am\u00e9liorer les soins aux patients. Cela aide \u00e9galement ces organisations \u00e0 r\u00e9duire leurs co\u00fbts et \u00e0 r\u00e9pondre aux exigences r\u00e9glementaires. Gr\u00e2ce \u00e0 la technologie, les prestataires peuvent collecter, stocker et analyser les donn\u00e9es des patients. Cela conduit \u00e0 de meilleurs diagnostics, traitements et r\u00e9sultats pour les patients.<\/p>\n\n\n\n<h2 class=\"wp-block-heading\">Pourquoi l\u2019informatique m\u00e9dicale est-elle importante ?<\/h2>\n\n\n\n<p>L\u2019informatique m\u00e9dicale est essentielle pour plusieurs raisons. D\u2019une part, cela am\u00e9liore les soins et les r\u00e9sultats pour les patients. Les DSE, les CDSS et la t\u00e9l\u00e9m\u00e9decine peuvent encore am\u00e9liorer l&#039;exactitude et la rapidit\u00e9 des diagnostics. Ils permettent un traitement plus rapide et plus efficace et conduisent \u00e0 de meilleurs r\u00e9sultats pour les patients. Ils aident \u00e9galement les prestataires de soins de sant\u00e9 \u00e0 prodiguer des soins de meilleure qualit\u00e9 et plus personnalis\u00e9s aux patients.<\/p>\n\n\n\n<p>Les syst\u00e8mes informatiques de sant\u00e9 permettent une communication et une coordination transparentes entre les prestataires. Les personnes impliqu\u00e9es dans les soins d&#039;un patient peuvent acc\u00e9der aux m\u00eames informations. Ainsi, ils peuvent travailler ensemble pour prodiguer les meilleurs soins possibles.<\/p>\n\n\n\n<p>Les solutions informatiques de sant\u00e9 peuvent automatiser de nombreuses t\u00e2ches administratives. Par exemple, ils peuvent planifier des rendez-vous et g\u00e9rer les dossiers des patients. De plus, ils permettent aux prestataires de soins de sant\u00e9 de consacrer plus de temps et de ressources aux soins des patients.<\/p>\n\n\n\n<p>Les syst\u00e8mes informatiques de sant\u00e9 peuvent contribuer \u00e0 r\u00e9duire le risque d\u2019erreurs m\u00e9dicales. Ils fournissent des informations pr\u00e9cises et \u00e0 jour sur les ant\u00e9c\u00e9dents m\u00e9dicaux d\u2019un patient. Ils informent \u00e9galement les prestataires de la prise de m\u00e9dicaments par le patient. Ainsi, les prestataires conna\u00eetront les facteurs critiques affectant les soins de leurs patients. L\u2019efficacit\u00e9 am\u00e9lior\u00e9e et la r\u00e9duction du risque d\u2019erreurs m\u00e9dicales pr\u00e9sentent un autre avantage. Ils aident les \u00e9tablissements de sant\u00e9 \u00e0 r\u00e9duire leurs co\u00fbts et \u00e0 am\u00e9liorer leurs r\u00e9sultats.<\/p>\n\n\n\n<p>Healthcare organizations must follow many regulations, including HIPAA. These regulations mandate the secure handling of patient data. <a href=\"https:\/\/www.sisinternational.com\/fr\/cybersecurite-soins-de-sante\/\" title=\"\u00c9tude de march\u00e9 sur la cybers\u00e9curit\u00e9 dans le secteur de la sant\u00e9\"  data-wpil-monitor-id=\"7262\">Healthcare IT solutions ensure the security<\/a> and privacy of patient data. Thus, they can help healthcare organizations meet regulatory requirements.<\/p>\n\n\n\n<h2 class=\"wp-block-heading\">Titres de poste cl\u00e9s<\/h2>\n\n\n\n<figure class=\"gb-block-image gb-block-image-d33cd57e\"><img loading=\"lazy\" decoding=\"async\" width=\"1456\" height=\"816\" class=\"gb-image gb-image-d33cd57e\" src=\"https:\/\/www.sisinternational.com\/wp-content\/uploads\/2025\/08\/Healthcare-14.jpg\" alt=\"\u00c9tudes de march\u00e9 et strat\u00e9gie internationales SIS\" title=\"Healthcare (14)\" srcset=\"https:\/\/www.sisinternational.com\/wp-content\/uploads\/2025\/08\/Healthcare-14.jpg 1456w, https:\/\/www.sisinternational.com\/wp-content\/uploads\/2025\/08\/Healthcare-14-300x168.jpg 300w, https:\/\/www.sisinternational.com\/wp-content\/uploads\/2025\/08\/Healthcare-14-1024x574.jpg 1024w, https:\/\/www.sisinternational.com\/wp-content\/uploads\/2025\/08\/Healthcare-14-768x430.jpg 768w, https:\/\/www.sisinternational.com\/wp-content\/uploads\/2025\/08\/Healthcare-14-18x10.jpg 18w\" sizes=\"auto, (max-width: 1456px) 100vw, 1456px\"><\/figure>\n\n\n\n<p><\/p>\n\n\n\n<h3 class=\"wp-block-heading\">Le domaine de l\u2019informatique m\u00e9dicale comporte de nombreux titres d\u2019emploi. Ces postes vont des r\u00f4les techniques aux postes de gestion et de leadership. Voici quelques titres de postes cl\u00e9s\u00a0:<\/h3>\n\n\n\n<ul class=\"wp-block-list\">\n<li><strong>Analyste informatique de sant\u00e9\u00a0:<\/strong> Responsable de l\u2019analyse et de l\u2019utilisation des donn\u00e9es de sant\u00e9 pour am\u00e9liorer les processus et les r\u00e9sultats.<\/li>\n\n\n\n<li><strong>Sp\u00e9cialiste en informatique clinique\u00a0:<\/strong>\u00a0Ce sp\u00e9cialiste aide les prestataires de soins \u00e0 mettre en place des syst\u00e8mes d&#039;information clinique. Ils analysent \u00e9galement ces syst\u00e8mes. Des exemples de ces syst\u00e8mes sont les DSE et les CDSS.<\/li>\n\n\n\n<li><strong>Chef de projet informatique de sant\u00e9\u00a0:<\/strong>\u00a0Supervise la planification, la mise en \u0153uvre et l\u2019\u00e9valuation des projets informatiques de sant\u00e9. Ils veillent \u00e9galement \u00e0 ce que leur personnel r\u00e9alise les projets dans les d\u00e9lais et dans les limites du budget.<\/li>\n\n\n\n<li><strong>Directeur de l&#039;information (CIO)\u00a0:<\/strong> Responsable de la strat\u00e9gie informatique et des op\u00e9rations d&#039;une organisation de soins de sant\u00e9. Le CIO supervise \u00e9galement la mise en \u0153uvre des syst\u00e8mes informatiques de sant\u00e9.<\/li>\n\n\n\n<li><strong>Consultant informatique de sant\u00e9\u00a0:<\/strong> Ce consultant fournit des conseils d&#039;experts et des conseils sur la strat\u00e9gie, la mise en \u0153uvre et l&#039;optimisation des technologies de l&#039;information dans le domaine de la sant\u00e9. Ils rapportent leurs d\u00e9couvertes aux organismes de sant\u00e9.<\/li>\n\n\n\n<li><strong>Formateur informatique de sant\u00e9\u00a0:<\/strong> Forme les prestataires et le personnel de sant\u00e9 \u00e0 l\u2019utilisation des syst\u00e8mes informatiques de sant\u00e9.<\/li>\n\n\n\n<li><strong>Sp\u00e9cialiste de la s\u00e9curit\u00e9 informatique de la sant\u00e9\u00a0:<\/strong> Ce sp\u00e9cialiste assure la s\u00e9curit\u00e9 et la confidentialit\u00e9 des donn\u00e9es et des syst\u00e8mes de sant\u00e9. Ils g\u00e8rent les protocoles de s\u00e9curit\u00e9 et r\u00e9pondent aux failles de s\u00e9curit\u00e9.<\/li>\n\n\n\n<li><strong>Sp\u00e9cialiste du support informatique de sant\u00e9\u00a0:<\/strong> Fournit un support technique aux prestataires de soins de sant\u00e9 et au personnel qui utilisent les syst\u00e8mes informatiques de sant\u00e9.<\/li>\n\n\n\n<li><strong>Analyste de donn\u00e9es cliniques\u00a0:<\/strong> Analyse les donn\u00e9es de sant\u00e9 pour identifier les tendances et les mod\u00e8les. Ils peuvent utiliser ces informations pour am\u00e9liorer les processus et les r\u00e9sultats des soins de sant\u00e9.<\/li>\n<\/ul>\n\n\n\n<p>Ce ne sont l\u00e0 que quelques exemples des nombreux titres de poste dans le domaine de l&#039;informatique de sant\u00e9. Le domaine \u00e9volue et de nouveaux r\u00f4les et titres apparaissent. De plus, la technologie continue de transformer le secteur de la sant\u00e9.<\/p>\n\n\n\n<h2 class=\"wp-block-heading\">Pourquoi les entreprises ont-elles besoin d\u2019une \u00e9tude de march\u00e9 sur l\u2019informatique de sant\u00e9 ?<\/h2>\n\n\n\n<figure class=\"gb-block-image gb-block-image-378e966a\"><img loading=\"lazy\" decoding=\"async\" width=\"1456\" height=\"816\" class=\"gb-image gb-image-378e966a\" src=\"https:\/\/www.sisinternational.com\/wp-content\/uploads\/2025\/08\/Healthcare-4.jpg\" alt=\"\u00c9tudes de march\u00e9 et strat\u00e9gie internationales SIS\" title=\"Healthcare (4)\" srcset=\"https:\/\/www.sisinternational.com\/wp-content\/uploads\/2025\/08\/Healthcare-4.jpg 1456w, https:\/\/www.sisinternational.com\/wp-content\/uploads\/2025\/08\/Healthcare-4-300x168.jpg 300w, https:\/\/www.sisinternational.com\/wp-content\/uploads\/2025\/08\/Healthcare-4-1024x574.jpg 1024w, https:\/\/www.sisinternational.com\/wp-content\/uploads\/2025\/08\/Healthcare-4-768x430.jpg 768w, https:\/\/www.sisinternational.com\/wp-content\/uploads\/2025\/08\/Healthcare-4-18x10.jpg 18w\" sizes=\"auto, (max-width: 1456px) 100vw, 1456px\"><\/figure>\n\n\n\n<p><\/p>\n\n\n\n<p>Les entreprises du secteur de la sant\u00e9 comprennent des h\u00f4pitaux, des cliniques et des cabinets priv\u00e9s. Ils ont besoin de l&#039;informatique m\u00e9dicale pour plusieurs raisons. Premi\u00e8rement, ces syst\u00e8mes am\u00e9liorent la gestion et l\u2019analyse des donn\u00e9es. Ils peuvent aider les \u00e9tablissements de sant\u00e9 \u00e0 collecter et \u00e0 g\u00e9rer de grandes quantit\u00e9s de donn\u00e9es. Ils identifient \u00e9galement les tendances et les mod\u00e8les qui peuvent am\u00e9liorer les soins et les r\u00e9sultats pour les patients.<\/p>\n\n\n\n<p>Les portails patients et la t\u00e9l\u00e9m\u00e9decine peuvent \u00e9galement am\u00e9liorer l\u2019exp\u00e9rience du patient. Pourquoi? Parce qu\u2019ils offrent des options de soins plus pratiques et accessibles.<\/p>\n\n\n\n<h2 class=\"wp-block-heading\">Facteurs cl\u00e9s de succ\u00e8s<\/h2>\n\n\n\n<p>Plusieurs facteurs cl\u00e9s de succ\u00e8s sont essentiels \u00e0 l\u2019utilisation de l\u2019informatique m\u00e9dicale. Les deux premiers sont le leadership et la gouvernance, qui sont des facteurs essentiels. Ils garantissent la mise en \u0153uvre et l\u2019adoption r\u00e9ussies des solutions informatiques de sant\u00e9. Les dirigeants doivent se concentrer sur les initiatives informatiques de sant\u00e9 et \u00e9tablir des buts et des objectifs clairs. Ils doivent \u00e9galement s&#039;assurer que les projets s&#039;alignent sur le plan strat\u00e9gique de l&#039;organisation.<\/p>\n\n\n\n<p>La mise en \u0153uvre r\u00e9ussie de solutions informatiques de sant\u00e9 repose sur l\u2019adoption par les utilisateurs. Les organisations doivent former leurs prestataires de soins de sant\u00e9 et leur personnel. Ils doivent les former \u00e0 l\u2019utilisation efficace et efficiente des syst\u00e8mes informatiques de sant\u00e9. C&#039;est la meilleure fa\u00e7on d&#039;obtenir les r\u00e9sultats souhait\u00e9s.<\/p>\n\n\n\n<p>Les solutions informatiques de sant\u00e9 s&#039;appuient sur des donn\u00e9es de sant\u00e9 pr\u00e9cises et s\u00e9curis\u00e9es. Ces donn\u00e9es permettent aux professionnels de sant\u00e9 de prodiguer des soins ad\u00e9quats. Ainsi, la qualit\u00e9 et la s\u00e9curit\u00e9 des donn\u00e9es sont des facteurs essentiels de succ\u00e8s dans la mise en \u0153uvre de l\u2019informatique de sant\u00e9. Les organismes de sant\u00e9 doivent garantir que les donn\u00e9es sont exactes, compl\u00e8tes et \u00e0 jour. Des protocoles de s\u00e9curit\u00e9 doivent \u00e9galement \u00eatre en place. Ces protocoles sont essentiels pour prot\u00e9ger les donn\u00e9es des patients contre tout acc\u00e8s non autoris\u00e9.<\/p>\n\n\n\n<p>L&#039;interop\u00e9rabilit\u00e9 est essentielle pour les solutions informatiques de sant\u00e9. Il leur permet d\u2019\u00e9changer et de partager des donn\u00e9es entre les prestataires et les syst\u00e8mes de soins de sant\u00e9. Les \u00e9tablissements de sant\u00e9 doivent s&#039;assurer que leurs solutions informatiques sont interop\u00e9rables avec d&#039;autres syst\u00e8mes. C&#039;est la meilleure fa\u00e7on d&#039;am\u00e9liorer la coordination des soins et les r\u00e9sultats pour les patients.<\/p>\n\n\n\n<p>Les solutions et technologies informatiques de sant\u00e9 \u00e9voluent. Les \u00e9tablissements de sant\u00e9 doivent tester et am\u00e9liorer leurs syst\u00e8mes informatiques. De cette fa\u00e7on, ils peuvent s\u2019assurer qu\u2019ils atteignent leurs buts et objectifs.<\/p>\n\n\n\n<p>Pour r\u00e9ussir, les solutions informatiques de sant\u00e9 doivent s&#039;aligner sur les besoins et les attentes des patients. Les \u00e9tablissements de sant\u00e9 doivent tenir compte des commentaires et des pr\u00e9f\u00e9rences des patients lors de la mise en \u0153uvre de solutions informatiques. De cette fa\u00e7on, ils peuvent am\u00e9liorer l\u2019exp\u00e9rience du patient.<\/p>\n\n\n\n<h2 class=\"wp-block-heading\">\u00c0 propos de l\u2019\u00e9tude de march\u00e9 sur l\u2019informatique de sant\u00e9<\/h2>\n\n\n\n<figure class=\"gb-block-image gb-block-image-fb99ea0e\"><img loading=\"lazy\" decoding=\"async\" width=\"1456\" height=\"816\" class=\"gb-image gb-image-fb99ea0e\" src=\"https:\/\/www.sisinternational.com\/wp-content\/uploads\/2025\/08\/Healthcare-2.jpg\" alt=\"\u00c9tudes de march\u00e9 et strat\u00e9gie internationales SIS\" title=\"Healthcare (2)\" srcset=\"https:\/\/www.sisinternational.com\/wp-content\/uploads\/2025\/08\/Healthcare-2.jpg 1456w, https:\/\/www.sisinternational.com\/wp-content\/uploads\/2025\/08\/Healthcare-2-300x168.jpg 300w, https:\/\/www.sisinternational.com\/wp-content\/uploads\/2025\/08\/Healthcare-2-1024x574.jpg 1024w, https:\/\/www.sisinternational.com\/wp-content\/uploads\/2025\/08\/Healthcare-2-768x430.jpg 768w, https:\/\/www.sisinternational.com\/wp-content\/uploads\/2025\/08\/Healthcare-2-18x10.jpg 18w\" sizes=\"auto, (max-width: 1456px) 100vw, 1456px\"><\/figure>\n\n\n\n<p><\/p>\n\n\n\n<p>Strategic Market Research can help you make wise decisions. These are the decisions that drive your company forward. It also stops you from making poor ones that can damage your business. <a class=\"wpil_keyword_link\" href=\"https:\/\/www.sisinternational.com\/fr\/top-5-benefits-of-conducting-quantitative-market-research\/\"   title=\"Top 5 Benefits of Conducting Quantitative Market Research\" data-wpil-keyword-link=\"linked\"  data-wpil-monitor-id=\"690\">\u00c9tude de march\u00e9 quantitative<\/a> is another powerful tool for any Healthcare IT company. It helps companies to learn more about their market and customers. So is Qualitative Market Research. These tools allow you to gain objective, reliable insights. You can learn from data and understand patterns and trends.<\/p>\n\n\n\n<p>UX Market Research is another tool to help your <a href=\"https:\/\/www.sisinternational.com\/fr\/etudes-de-marche-sur-les-biotechnologies-et-les-produits-pharmaceutiques-en-matiere-de-soins-de-sante-medicaux\/\" title=\"\u00c9tudes de march\u00e9 pharmaceutique et de sant\u00e9\"  data-wpil-monitor-id=\"6627\">Soins de sant\u00e9<\/a> IT business. You can use it to gain insights, find problems, establish facts, and reach new conclusions. Competitive Analysis is another, helping you get a picture of the competition. You can emulate their success and recognize and avoid their failure.<\/p>\n\n\n\n<p>Successful new businesses enjoy longevity when owners conduct <a class=\"wpil_keyword_link\" href=\"https:\/\/www.sisinternational.com\/fr\/solutions\/conseil-en-strategie\/recherche-dentree-sur-le-marche\/\"   title=\"Recherche d&#039;entr\u00e9e sur le march\u00e9\" data-wpil-keyword-link=\"linked\"  data-wpil-monitor-id=\"356\">Recherche d&#039;entr\u00e9e sur le march\u00e9<\/a>. It helps them understand their target market and identify consumer problems. It also pinpoints realistic competitors. <a href=\"https:\/\/www.sisinternational.com\/fr\/competence\/les-industries\/etude-de-marche-sur-les-plastiques\/\" title=\"\u00c9tude de march\u00e9 sur les plastiques\"  data-wpil-monitor-id=\"3083\">Recherche d&#039;opportunit\u00e9s de march\u00e9<\/a> enables you to understand the needs and preferences of your customers. It tells you the unmet needs of your target audience. It can give you the pioneer benefit and a competitive edge. <a href=\"https:\/\/www.sisinternational.com\/fr\/competence\/les-industries\/etude-de-marche-du-mais\/\" title=\"\u00c9tude de march\u00e9 du ma\u00efs\"  data-wpil-monitor-id=\"3100\">Recherche sur la taille du march\u00e9<\/a> tells you if a market is large enough to be worth your investment. You\u2019ll also learn if your product or service will be viable.<\/p>\n\n\n\n<p>SIS International Research provides all these research services and more. We can also organize Focus Groups, Surveys, and Interviews. These tools inform the Go to <a href=\"https:\/\/www.sisinternational.com\/fr\/etude-de-marche-sur-la-sante-emea\/\" title=\"Etude de march\u00e9 des soins de sant\u00e9 en Europe\"  data-wpil-monitor-id=\"6693\">Market Strategy for your Healthcare<\/a> IT business. Call SIS today to schedule a consultation.<\/p>","protected":false},"excerpt":{"rendered":"<p>L&#039;informatique m\u00e9dicale utilise des technologies, des logiciels et d&#039;autres solutions pour g\u00e9rer les donn\u00e9es tout en am\u00e9liorant les soins et les r\u00e9sultats des patients.<\/p>","protected":false},"author":1,"featured_media":62434,"parent":11294,"menu_order":296,"comment_status":"closed","ping_status":"closed","template":"","meta":{"footnotes":""},"class_list":["post-42646","page","type-page","status-publish","has-post-thumbnail"],"_links":{"self":[{"href":"https:\/\/www.sisinternational.com\/fr\/wp-json\/wp\/v2\/pages\/42646","targetHints":{"allow":["GET"]}}],"collection":[{"href":"https:\/\/www.sisinternational.com\/fr\/wp-json\/wp\/v2\/pages"}],"about":[{"href":"https:\/\/www.sisinternational.com\/fr\/wp-json\/wp\/v2\/types\/page"}],"author":[{"embeddable":true,"href":"https:\/\/www.sisinternational.com\/fr\/wp-json\/wp\/v2\/users\/1"}],"replies":[{"embeddable":true,"href":"https:\/\/www.sisinternational.com\/fr\/wp-json\/wp\/v2\/comments?post=42646"}],"version-history":[{"count":10,"href":"https:\/\/www.sisinternational.com\/fr\/wp-json\/wp\/v2\/pages\/42646\/revisions"}],"predecessor-version":[{"id":80910,"href":"https:\/\/www.sisinternational.com\/fr\/wp-json\/wp\/v2\/pages\/42646\/revisions\/80910"}],"up":[{"embeddable":true,"href":"https:\/\/www.sisinternational.com\/fr\/wp-json\/wp\/v2\/pages\/11294"}],"wp:featuredmedia":[{"embeddable":true,"href":"https:\/\/www.sisinternational.com\/fr\/wp-json\/wp\/v2\/media\/62434"}],"wp:attachment":[{"href":"https:\/\/www.sisinternational.com\/fr\/wp-json\/wp\/v2\/media?parent=42646"}],"curies":[{"name":"wp","href":"https:\/\/api.w.org\/{rel}","templated":true}]}}