{"id":42644,"date":"2023-05-02T14:32:16","date_gmt":"2023-05-02T18:32:16","guid":{"rendered":"https:\/\/www.sisinternational.com\/?page_id=42644"},"modified":"2026-01-25T19:27:53","modified_gmt":"2026-01-26T00:27:53","slug":"etude-de-marche-des-cereales","status":"publish","type":"page","link":"https:\/\/www.sisinternational.com\/fr\/competence\/etude-de-marche-des-cereales\/","title":{"rendered":"\u00c9tude de march\u00e9 des c\u00e9r\u00e9ales"},"content":{"rendered":"<h1 class=\"wp-block-heading\">\u00c9tude de march\u00e9 des c\u00e9r\u00e9ales<\/h1>\n\n\n\n<figure class=\"gb-block-image gb-block-image-f2e28518\"><img loading=\"lazy\" decoding=\"async\" width=\"1456\" height=\"816\" class=\"gb-image gb-image-f2e28518\" src=\"https:\/\/www.sisinternational.com\/wp-content\/uploads\/2025\/08\/Bean-soybean-1.jpg\" alt=\"\u00c9tudes de march\u00e9 et strat\u00e9gie internationales SIS\" title=\"Bean soybean (1)\" srcset=\"https:\/\/www.sisinternational.com\/wp-content\/uploads\/2025\/08\/Bean-soybean-1.jpg 1456w, https:\/\/www.sisinternational.com\/wp-content\/uploads\/2025\/08\/Bean-soybean-1-300x168.jpg 300w, https:\/\/www.sisinternational.com\/wp-content\/uploads\/2025\/08\/Bean-soybean-1-1024x574.jpg 1024w, https:\/\/www.sisinternational.com\/wp-content\/uploads\/2025\/08\/Bean-soybean-1-768x430.jpg 768w, https:\/\/www.sisinternational.com\/wp-content\/uploads\/2025\/08\/Bean-soybean-1-18x10.jpg 18w\" sizes=\"auto, (max-width: 1456px) 100vw, 1456px\"><\/figure>\n\n\n\n<p><\/p>\n\n\n\n<p>L\u2019\u00e9tude de march\u00e9 c\u00e9r\u00e9ali\u00e8re consiste \u00e0 recueillir et \u00e0 \u00e9valuer des donn\u00e9es concernant l\u2019industrie c\u00e9r\u00e9ali\u00e8re, notamment des facteurs tels que l\u2019offre, la demande, les prix et les tendances du march\u00e9. L\u2019objectif de l\u2019\u00e9tude est d\u2019acqu\u00e9rir une meilleure compr\u00e9hension de l\u2019industrie sur la base des donn\u00e9es et des strat\u00e9gies des \u00e9tudes de march\u00e9 c\u00e9r\u00e9ali\u00e8res. Cette recherche vise \u00e0 fournir des informations pr\u00e9cieuses sur les nombreux facteurs qui influencent le march\u00e9 des c\u00e9r\u00e9ales, tels que les fluctuations de la demande des consommateurs, les changements environnementaux, la conformit\u00e9 r\u00e9glementaire et les perturbations de la cha\u00eene d&#039;approvisionnement.<\/p>\n\n\n\n<h2 class=\"wp-block-heading\">Segmentation de l\u2019industrie du march\u00e9 des c\u00e9r\u00e9ales<\/h2>\n\n\n\n<p>Comprenant les diff\u00e9rents segments du march\u00e9 c\u00e9r\u00e9alier, les entreprises peuvent d\u00e9velopper des strat\u00e9gies de marketing cibl\u00e9es pour atteindre des groupes de clients sp\u00e9cifiques et am\u00e9liorer leurs performances globales sur le march\u00e9.<\/p>\n\n\n\n<h3 class=\"wp-block-heading\">Voici quelques fa\u00e7ons courantes de cat\u00e9goriser l\u2019industrie c\u00e9r\u00e9ali\u00e8re\u00a0:<\/h3>\n\n\n\n<p><strong>Types de c\u00e9r\u00e9ales \u2013<\/strong> Le march\u00e9 des c\u00e9r\u00e9ales peut \u00eatre segment\u00e9 en fonction du type de c\u00e9r\u00e9ales, comme les c\u00e9r\u00e9ales, le bl\u00e9, le ma\u00efs, l&#039;orge et autres. Chaque type de grain a des caract\u00e9ristiques, des utilisations et une demande du march\u00e9 uniques.<\/p>\n\n\n\n<p><strong>R\u00e9gion g\u00e9ographique -<\/strong> Le march\u00e9 des c\u00e9r\u00e9ales peut \u00e9galement \u00eatre divis\u00e9 en sous-groupes en fonction du lieu de production, notamment l\u2019Asie-Pacifique, l\u2019Am\u00e9rique du Nord, l\u2019Europe et le reste du monde. Chaque r\u00e9gion poss\u00e8de ses propres vari\u00e9t\u00e9s de c\u00e9r\u00e9ales, ses habitudes alimentaires et ses m\u00e9thodes de production.<\/p>\n\n\n\n<p><strong>Canal de distribution -<\/strong> Le march\u00e9 peut \u00e9galement \u00eatre divis\u00e9 en fonction de la mani\u00e8re dont les produits c\u00e9r\u00e9aliers sont vendus, notamment dans les supermarch\u00e9s, les hypermarch\u00e9s, les magasins sp\u00e9cialis\u00e9s et les march\u00e9s en ligne.<\/p>\n\n\n\n<p><strong>Application d&#039;utilisation finale \u2013<\/strong> Le march\u00e9 des c\u00e9r\u00e9ales peut \u00e9galement \u00eatre segment\u00e9 en fonction de l\u2019application finale, comme l\u2019alimentation humaine et animale, les biocarburants et les applications industrielles. Diff\u00e9rents grains sont utilis\u00e9s pour diff\u00e9rentes applications et la demande pour chaque grain varie en cons\u00e9quence.<\/p>\n\n\n\n<p><strong>\u00c9chelle des prix -<\/strong> Le march\u00e9 peut \u00e9galement \u00eatre divis\u00e9 en segments en fonction des produits \u00e0 base de riz haut de gamme, \u00e0 prix moyen et \u00e0 bas prix disponibles.<\/p>\n\n\n\n<h2 class=\"wp-block-heading\">Produits de l\u2019industrie du march\u00e9 c\u00e9r\u00e9alier<\/h2>\n\n\n\n<figure class=\"gb-block-image gb-block-image-fd36fac4\"><img loading=\"lazy\" decoding=\"async\" width=\"1456\" height=\"816\" class=\"gb-image gb-image-fd36fac4\" src=\"https:\/\/www.sisinternational.com\/wp-content\/uploads\/2025\/08\/Bean-soybean-5.jpg\" alt=\"\u00c9tudes de march\u00e9 et strat\u00e9gie internationales SIS\" title=\"Bean soybean (5)\" srcset=\"https:\/\/www.sisinternational.com\/wp-content\/uploads\/2025\/08\/Bean-soybean-5.jpg 1456w, https:\/\/www.sisinternational.com\/wp-content\/uploads\/2025\/08\/Bean-soybean-5-300x168.jpg 300w, https:\/\/www.sisinternational.com\/wp-content\/uploads\/2025\/08\/Bean-soybean-5-1024x574.jpg 1024w, https:\/\/www.sisinternational.com\/wp-content\/uploads\/2025\/08\/Bean-soybean-5-768x430.jpg 768w, https:\/\/www.sisinternational.com\/wp-content\/uploads\/2025\/08\/Bean-soybean-5-18x10.jpg 18w\" sizes=\"auto, (max-width: 1456px) 100vw, 1456px\"><\/figure>\n\n\n\n<p><\/p>\n\n\n\n<p>L\u2019industrie c\u00e9r\u00e9ali\u00e8re produit une gamme diversifi\u00e9e de produits finaux utilis\u00e9s \u00e0 diverses fins. Les \u00e9tudes de march\u00e9 fournissent un aper\u00e7u de certains des produits finaux les plus courants dans l&#039;industrie c\u00e9r\u00e9ali\u00e8re, notamment les grains, sans se limiter aux \u00e9l\u00e9ments suivants\u00a0:<\/p>\n\n\n\n<ul class=\"wp-block-list\">\n<li><strong>Bl\u00e9 -<\/strong> C\u00e9r\u00e9ale couramment utilis\u00e9e pour fabriquer de la farine, du pain, des p\u00e2tes et d&#039;autres produits de boulangerie.<\/li>\n\n\n\n<li><strong>Ma\u00efs (Ma\u00efs) \u2013<\/strong> C\u00e9r\u00e9ale utilis\u00e9e pour la consommation humaine, l&#039;alimentation animale et la production de biocarburants et de produits industriels.<\/li>\n\n\n\n<li><strong>Riz -<\/strong> Une culture vivri\u00e8re de base qui constitue la principale source de nutrition pour de nombreuses personnes dans le monde.<\/li>\n\n\n\n<li><strong>Orge -<\/strong> C\u00e9r\u00e9ale utilis\u00e9e pour l&#039;alimentation animale, l&#039;alimentation humaine et pour la production de bi\u00e8re et de whisky.<\/li>\n\n\n\n<li><strong>Sorgho \u2013<\/strong> C\u00e9r\u00e9ale utilis\u00e9e pour l&#039;alimentation animale, l&#039;alimentation humaine et pour la production d&#039;\u00e9thanol.<\/li>\n\n\n\n<li><strong>Avoine -<\/strong> C\u00e9r\u00e9ale utilis\u00e9e pour la consommation humaine, l&#039;alimentation animale et pour la production de flocons d&#039;avoine et d&#039;autres produits alimentaires.<\/li>\n\n\n\n<li><strong>Seigle \u2013<\/strong> C\u00e9r\u00e9ale utilis\u00e9e pour la consommation humaine, l&#039;alimentation animale et pour la production de pain de seigle et de whisky.<\/li>\n<\/ul>\n\n\n\n<p>Ces c\u00e9r\u00e9ales sont des produits essentiels sur le march\u00e9 alimentaire mondial et leur valeur est influenc\u00e9e par plusieurs facteurs tels que l&#039;offre et la demande, les conditions m\u00e9t\u00e9orologiques et les tendances \u00e9conomiques mondiales, pour n&#039;en nommer que quelques-uns.<\/p>\n\n\n\n<h2 class=\"wp-block-heading\">Facteurs ayant une incidence sur l&#039;industrie c\u00e9r\u00e9ali\u00e8re<\/h2>\n\n\n\n<h3 class=\"wp-block-heading\">Les \u00e9tudes de march\u00e9 sur les c\u00e9r\u00e9ales peuvent \u00eatre affect\u00e9es par un certain nombre de facteurs, notamment\u00a0:<\/h3>\n\n\n\n<ul class=\"wp-block-list\">\n<li><strong>Les changements climatiques -<\/strong> L\u2019offre et la demande de c\u00e9r\u00e9ales peuvent \u00eatre gravement affect\u00e9es par les \u00e9v\u00e9nements li\u00e9s au changement climatique, notamment les inondations, les s\u00e9cheresses et les temp\u00eates, qui peuvent entra\u00eener des variations de prix.<\/li>\n\n\n\n<li><strong>Demande globale -<\/strong> La demande de produits c\u00e9r\u00e9aliers, notamment de produits alimentaires, d\u2019aliments pour animaux et de biocarburants, est un facteur essentiel dans l\u2019industrie c\u00e9r\u00e9ali\u00e8re. Les fluctuations de la demande peuvent influencer les prix et la structure des \u00e9changes.<\/li>\n\n\n\n<li><strong>Lois gouvernementales \u2013<\/strong> La cha\u00eene d&#039;approvisionnement et les prix du march\u00e9 des c\u00e9r\u00e9ales peuvent \u00eatre affect\u00e9s par les lois gouvernementales telles que les politiques commerciales, les r\u00e8gles d&#039;importation\/exportation et les directives de s\u00e9curit\u00e9.<\/li>\n\n\n\n<li><strong>D\u00e9veloppement technologique -<\/strong> Les progr\u00e8s technologiques dans les pratiques agricoles, les machines et le g\u00e9nie g\u00e9n\u00e9tique peuvent am\u00e9liorer les rendements et l\u2019efficacit\u00e9 des cultures, ce qui a un impact sur l\u2019offre et les prix des c\u00e9r\u00e9ales.<\/li>\n\n\n\n<li><strong>Prix de l\u2019\u00e9nergie \u2013<\/strong> Les prix du p\u00e9trole et d\u2019autres sources d\u2019\u00e9nergie peuvent avoir un impact sur la demande de biocarburants, souvent fabriqu\u00e9s \u00e0 partir de c\u00e9r\u00e9ales.<\/li>\n\n\n\n<li><strong>Concurrence sur le march\u00e9 \u2013<\/strong> Alors que les entreprises se disputent des parts de march\u00e9, le niveau de concurrence sur le march\u00e9 c\u00e9r\u00e9alier peut avoir une incidence sur le co\u00fbt et la disponibilit\u00e9 des produits c\u00e9r\u00e9aliers.<\/li>\n\n\n\n<li><strong>Facteurs \u00e9conomiques -<\/strong> Des facteurs \u00e9conomiques, tels que l&#039;inflation, les taux d&#039;int\u00e9r\u00eat et les taux de change, peuvent avoir un impact sur les prix ainsi que sur la demande g\u00e9n\u00e9rale de produits \u00e0 base de c\u00e9r\u00e9ales.<\/li>\n<\/ul>\n\n\n\n<p>Les entreprises peuvent cr\u00e9er des strat\u00e9gies plus efficaces pour g\u00e9rer les risques, rep\u00e9rer les opportunit\u00e9s et am\u00e9liorer leur performance g\u00e9n\u00e9rale dans l&#039;industrie c\u00e9r\u00e9ali\u00e8re en comprenant les nombreux \u00e9l\u00e9ments qui ont un impact sur les \u00e9tudes de march\u00e9 c\u00e9r\u00e9ali\u00e8res.<\/p>\n\n\n\n<h2 class=\"wp-block-heading\">M\u00e9thodes utilis\u00e9es dans les \u00e9tudes de march\u00e9 sur les c\u00e9r\u00e9ales<\/h2>\n\n\n\n<figure class=\"gb-block-image gb-block-image-fa55ab7c\"><img loading=\"lazy\" decoding=\"async\" width=\"1456\" height=\"816\" class=\"gb-image gb-image-fa55ab7c\" src=\"https:\/\/www.sisinternational.com\/wp-content\/uploads\/2025\/08\/Bean-soybean-3.jpg\" alt=\"\u00c9tudes de march\u00e9 et strat\u00e9gie internationales SIS\" title=\"Bean soybean (3)\" srcset=\"https:\/\/www.sisinternational.com\/wp-content\/uploads\/2025\/08\/Bean-soybean-3.jpg 1456w, https:\/\/www.sisinternational.com\/wp-content\/uploads\/2025\/08\/Bean-soybean-3-300x168.jpg 300w, https:\/\/www.sisinternational.com\/wp-content\/uploads\/2025\/08\/Bean-soybean-3-1024x574.jpg 1024w, https:\/\/www.sisinternational.com\/wp-content\/uploads\/2025\/08\/Bean-soybean-3-768x430.jpg 768w, https:\/\/www.sisinternational.com\/wp-content\/uploads\/2025\/08\/Bean-soybean-3-18x10.jpg 18w\" sizes=\"auto, (max-width: 1456px) 100vw, 1456px\"><\/figure>\n\n\n\n<p><\/p>\n\n\n\n<h3 class=\"wp-block-heading\">Pour les \u00e9tudes de march\u00e9 sur les c\u00e9r\u00e9ales, diverses techniques sont utilis\u00e9es, notamment\u00a0:<\/h3>\n\n\n\n<ul class=\"wp-block-list\">\n<li>Les enqu\u00eates sont fr\u00e9quemment utilis\u00e9es pour recueillir des informations sur les pr\u00e9f\u00e9rences des consommateurs, leurs habitudes d&#039;achat et leurs opinions sur divers produits li\u00e9s aux c\u00e9r\u00e9ales. Les sondages en ligne, par t\u00e9l\u00e9phone ou en personne sont toutes des options.<\/li>\n\n\n\n<li>Des groupes de discussion sont utilis\u00e9s pour obtenir des d\u00e9tails plus approfondis sur les attitudes, les actions et les opinions des clients concernant les produits li\u00e9s aux c\u00e9r\u00e9ales. Une discussion est anim\u00e9e par un mod\u00e9rateur pendant qu&#039;un petit groupe de participants expriment leurs opinions et leurs exp\u00e9riences.<\/li>\n\n\n\n<li>Pour en savoir plus sur le march\u00e9 des c\u00e9r\u00e9ales, la recherche secondaire consiste \u00e0 examiner des sources de donn\u00e9es d\u00e9j\u00e0 publi\u00e9es, notamment des rapports gouvernementaux, des revues sp\u00e9cialis\u00e9es et des rapports d&#039;\u00e9tudes de march\u00e9.<\/li>\n\n\n\n<li>To better understand how people engage with various kinds of grain products, observational research entails watching and documenting consumer behavior in real-world situations like <a href=\"https:\/\/www.sisinternational.com\/fr\/mystery-shopping-for-restaurants\/\" title=\"Mystery Shopping for Restaurants\"  data-wpil-monitor-id=\"1320\">restaurants and grocery shops<\/a>.<\/li>\n\n\n\n<li>Les exp\u00e9riences testent les th\u00e9ories sur le comportement des consommateurs ou les tendances du march\u00e9 en modifiant une ou plusieurs variables. Par exemple, une exp\u00e9rience peut examiner l\u2019impact de divers syst\u00e8mes d\u2019emballage ou de tarification sur la demande de produits c\u00e9r\u00e9aliers de la part des consommateurs.<\/li>\n\n\n\n<li>\u00c0 l\u2019aide de m\u00e9thodes statistiques et informatiques de pointe, l\u2019analyse des donn\u00e9es analyse d\u2019\u00e9normes ensembles de donn\u00e9es pour rep\u00e9rer les mod\u00e8les et les tendances du march\u00e9 c\u00e9r\u00e9alier.<\/li>\n<\/ul>\n\n\n\n<p>Major players and businesses in the grain industry can better understand customer requirements and preferences, market trends, and other elements that have an impact on the grain sector by employing these techniques. Making wise business decisions and improving product development are all possible with the help of data and strategies in <a href=\"https:\/\/www.sisinternational.com\/fr\/competence\/les-industries\/etude-de-marche-en-quincaillerie\/\" title=\"\u00c9tude de march\u00e9 sur les quincailleries et la r\u00e9novation domiciliaire\"  data-wpil-monitor-id=\"7056\">\u00e9tude de march\u00e9 des c\u00e9r\u00e9ales<\/a>.<\/p>\n\n\n\n<h2 class=\"wp-block-heading\">\u00c0 propos des \u00e9tudes de march\u00e9 sur les c\u00e9r\u00e9ales<\/h2>\n\n\n\n<p>The insights provided by grain market research can inform industry discussions and policy decisions. Stakeholders can be advised of the findings of grain market research through reports, presentations, and visual aids. The information and strategies gleaned from <a href=\"https:\/\/www.sisinternational.com\/fr\/competence\/les-industries\/directeur-de-linformation-cio-etudes-de-marche\/\" title=\"\u00c9tude de march\u00e9 du directeur de l\u2019information (CIO)\"  data-wpil-monitor-id=\"5677\">\u00e9tude de march\u00e9 des c\u00e9r\u00e9ales<\/a> can assist industry leaders in making informed choices. Multiple industries and businesses can improve their production, pricing, and marketing strategies in response to grain market research, resulting in increased profitability and expansion.<\/p>","protected":false},"excerpt":{"rendered":"<p>L\u2019\u00e9tude de march\u00e9 c\u00e9r\u00e9ali\u00e8re consiste \u00e0 recueillir et \u00e0 \u00e9valuer des donn\u00e9es sur l\u2019industrie c\u00e9r\u00e9ali\u00e8re, notamment l\u2019offre, la demande, les prix et les tendances du march\u00e9.<\/p>","protected":false},"author":1,"featured_media":63768,"parent":14514,"menu_order":295,"comment_status":"closed","ping_status":"closed","template":"","meta":{"footnotes":""},"class_list":["post-42644","page","type-page","status-publish","has-post-thumbnail"],"_links":{"self":[{"href":"https:\/\/www.sisinternational.com\/fr\/wp-json\/wp\/v2\/pages\/42644","targetHints":{"allow":["GET"]}}],"collection":[{"href":"https:\/\/www.sisinternational.com\/fr\/wp-json\/wp\/v2\/pages"}],"about":[{"href":"https:\/\/www.sisinternational.com\/fr\/wp-json\/wp\/v2\/types\/page"}],"author":[{"embeddable":true,"href":"https:\/\/www.sisinternational.com\/fr\/wp-json\/wp\/v2\/users\/1"}],"replies":[{"embeddable":true,"href":"https:\/\/www.sisinternational.com\/fr\/wp-json\/wp\/v2\/comments?post=42644"}],"version-history":[{"count":5,"href":"https:\/\/www.sisinternational.com\/fr\/wp-json\/wp\/v2\/pages\/42644\/revisions"}],"predecessor-version":[{"id":80619,"href":"https:\/\/www.sisinternational.com\/fr\/wp-json\/wp\/v2\/pages\/42644\/revisions\/80619"}],"up":[{"embeddable":true,"href":"https:\/\/www.sisinternational.com\/fr\/wp-json\/wp\/v2\/pages\/14514"}],"wp:featuredmedia":[{"embeddable":true,"href":"https:\/\/www.sisinternational.com\/fr\/wp-json\/wp\/v2\/media\/63768"}],"wp:attachment":[{"href":"https:\/\/www.sisinternational.com\/fr\/wp-json\/wp\/v2\/media?parent=42644"}],"curies":[{"name":"wp","href":"https:\/\/api.w.org\/{rel}","templated":true}]}}