{"id":42639,"date":"2023-05-01T19:23:55","date_gmt":"2023-05-01T23:23:55","guid":{"rendered":"https:\/\/www.sisinternational.com\/?page_id=42639"},"modified":"2026-01-25T19:05:49","modified_gmt":"2026-01-26T00:05:49","slug":"etude-de-marche-du-golf","status":"publish","type":"page","link":"https:\/\/www.sisinternational.com\/fr\/competence\/etude-de-marche-du-golf\/","title":{"rendered":"\u00c9tude de march\u00e9 sur le golf"},"content":{"rendered":"<h1 class=\"wp-block-heading\">\u00c9tude de march\u00e9 sur le golf<\/h1>\n\n\n\n<figure class=\"gb-block-image gb-block-image-3a68c684\"><img loading=\"lazy\" decoding=\"async\" width=\"1456\" height=\"816\" class=\"gb-image gb-image-3a68c684\" src=\"https:\/\/www.sisinternational.com\/wp-content\/uploads\/2025\/08\/Golf-sport-4.jpg\" alt=\"\u00c9tudes de march\u00e9 et strat\u00e9gie internationales SIS\" title=\"Golf sport (4)\" srcset=\"https:\/\/www.sisinternational.com\/wp-content\/uploads\/2025\/08\/Golf-sport-4.jpg 1456w, https:\/\/www.sisinternational.com\/wp-content\/uploads\/2025\/08\/Golf-sport-4-300x168.jpg 300w, https:\/\/www.sisinternational.com\/wp-content\/uploads\/2025\/08\/Golf-sport-4-1024x574.jpg 1024w, https:\/\/www.sisinternational.com\/wp-content\/uploads\/2025\/08\/Golf-sport-4-768x430.jpg 768w, https:\/\/www.sisinternational.com\/wp-content\/uploads\/2025\/08\/Golf-sport-4-18x10.jpg 18w\" sizes=\"auto, (max-width: 1456px) 100vw, 1456px\"><\/figure>\n\n\n\n<p><\/p>\n\n\n\n<p>Le golf \u00e9tait autrefois un sport plut\u00f4t exclusif, mais au cours des derni\u00e8res ann\u00e9es, la taille du march\u00e9 des \u00e9quipements de golf et le recours \u00e0 des parcours de golf design ont clairement augment\u00e9. Le golf est un sport qui donne lieu \u00e0 de nombreuses opportunit\u00e9s, non seulement financi\u00e8res mais aussi professionnelles. Il est \u00e9galement devenu plus populaire aupr\u00e8s d\u2019acteurs issus de diff\u00e9rents milieux \u00e9conomiques.<\/p>\n\n\n\n<h2 class=\"wp-block-heading\">Aper\u00e7u de l\u2019\u00e9tude de march\u00e9 sur le golf<\/h2>\n\n\n\n<p>In the past years, the golf industry has grown in the billions. Not only more <a href=\"https:\/\/www.sisinternational.com\/fr\/competence\/les-industries\/etude-de-marche-des-complexes-de-golf\/\" title=\"\u00c9tude de march\u00e9 des stations de golf\"  data-wpil-monitor-id=\"4647\">golf courses have sprung up in resorts<\/a> and frequently visited regions, but the consumer base has also increased significantly. Golf is a sport that has seen incredibly high numbers of beginners. Notably, women make up a large part of golf beginners, and there has also been a sharp increase in juniors taking up this sport.<\/p>\n\n\n\n<p>Le march\u00e9 pr\u00e9sente encore un grand potentiel de croissance, puisque des millions de personnes ont manifest\u00e9 leur int\u00e9r\u00eat pour le golf. Il a d\u00e9finitivement gagn\u00e9 en popularit\u00e9, y compris le golf hors parcours.<\/p>\n\n\n\n<p>Le golf hors parcours peut inclure des simulateurs int\u00e9rieurs, des practice autonomes, des programmes hors parcours pour les jeunes et les \u00e9coles, etc.<\/p>\n\n\n\n<h2 class=\"wp-block-heading\">Tendances et moteurs cl\u00e9s de l\u2019industrie du golf<\/h2>\n\n\n\n<figure class=\"gb-block-image gb-block-image-9198c587\"><img loading=\"lazy\" decoding=\"async\" width=\"1456\" height=\"816\" class=\"gb-image gb-image-9198c587\" src=\"https:\/\/www.sisinternational.com\/wp-content\/uploads\/2025\/08\/Golf-sport-1.jpg\" alt=\"\u00c9tudes de march\u00e9 et strat\u00e9gie internationales SIS\" title=\"Golf sport (1)\" srcset=\"https:\/\/www.sisinternational.com\/wp-content\/uploads\/2025\/08\/Golf-sport-1.jpg 1456w, https:\/\/www.sisinternational.com\/wp-content\/uploads\/2025\/08\/Golf-sport-1-300x168.jpg 300w, https:\/\/www.sisinternational.com\/wp-content\/uploads\/2025\/08\/Golf-sport-1-1024x574.jpg 1024w, https:\/\/www.sisinternational.com\/wp-content\/uploads\/2025\/08\/Golf-sport-1-768x430.jpg 768w, https:\/\/www.sisinternational.com\/wp-content\/uploads\/2025\/08\/Golf-sport-1-18x10.jpg 18w\" sizes=\"auto, (max-width: 1456px) 100vw, 1456px\"><\/figure>\n\n\n\n<p><\/p>\n\n\n\n<p>La demande croissante pour le golf pousse l\u2019industrie vers davantage d\u2019opportunit\u00e9s et de croissance. Un nombre consid\u00e9rable de joueurs sont des millennials. Avec ce changement de tranche d\u2019\u00e2ge, des changements notables se produiront dans l\u2019industrie du golf, par exemple dans le type de nourriture servie dans les club-houses \u2013 avec une plus grande attention port\u00e9e \u00e0 une alimentation saine \u2013 et \u00e9galement dans la technologie.<\/p>\n\n\n\n<p>Les dispositifs de syst\u00e8me de positionnement global et l\u2019analyse du swing ne sont que deux exemples de technologie du golf. Les capteurs sur la voiturette de golf et les capteurs de swing (qui sont fix\u00e9s aux clubs) peuvent aider \u00e0 am\u00e9liorer le jeu d&#039;un golfeur. De plus, les balles de golf intelligentes utilisent la technologie pour se connecter \u00e0 une application t\u00e9l\u00e9phonique. Cela permet au joueur d&#039;obtenir des informations sur le contact qu&#039;il \u00e9tablit avec le ballon.<\/p>\n\n\n\n<p>Avec l&#039;attrait croissant du golf parmi les joueuses, cela signifie \u00e9galement un int\u00e9r\u00eat accru pour la mode, les accessoires et l&#039;\u00e9quipement de golf.<\/p>\n\n\n\n<p>En d\u2019autres termes, ces changements d\u00e9mographiques entra\u00eeneront davantage d\u2019entreprises commerciales dans l\u2019industrie du golf, cr\u00e9ant ainsi des opportunit\u00e9s d\u2019emploi, d\u2019investissement et de ventes.<\/p>\n\n\n\n<h2 class=\"wp-block-heading\">Opportunit\u00e9s dans l\u2019industrie du golf<\/h2>\n\n\n\n<p>La construction de terrains de golf et la demande accrue d&#039;\u00e9quipements de golf cr\u00e9ent de nouvelles opportunit\u00e9s de travail pour les habitants. Les sites touristiques b\u00e9n\u00e9ficient grandement de l&#039;ajout de terrains de golf, car ils ne font qu&#039;apporter plus d&#039;int\u00e9r\u00eat et de valeur et attirer davantage de voyageurs qui, en plus de jouer au golf, visiteront \u00e9galement les attractions locales.<\/p>\n\n\n\n<p>Jack Niklaus, Robert Trent Jones et Tom Weiskopf ne sont que quelques noms de parcours de golf design de classe mondiale, qui s\u00e9duiront aussi bien les joueurs exp\u00e9riment\u00e9s que les d\u00e9butants. Des terrains de golf aussi renomm\u00e9s peuvent pratiquement garantir un emploi continu aux employ\u00e9s locaux.<\/p>\n\n\n\n<p>L&#039;industrie du golf offre du travail aux locaux dans les domaines suivants : magasins d&#039;\u00e9quipement de golf, caddies, fr\u00e9quentation des voiturettes, pr\u00e9pos\u00e9 au club-house, voiturier et entretien du parcours (irrigation de certaines zones, nettoyage des d\u00e9bris, lutte antiparasitaire, etc.). Certaines opportunit\u00e9s d\u2019emploi dans le club-house incluent le personnel du bar, du restaurant et de la cuisine.<\/p>\n\n\n\n<p>Choisir des lieux touristiques populaires pour le golf augmentera s\u00fbrement le nombre de visiteurs et de voyageurs dans ces r\u00e9gions\u00a0; par exemple, des terrains de golf \u00e0 flanc de falaise ou des greens situ\u00e9s dans des zones d\u00e9sertiques avec vue sur l&#039;oc\u00e9an, pour n&#039;en nommer que quelques-uns. De tels paysages spectaculaires et des vues spectaculaires ne font qu&#039;ajouter plus d&#039;int\u00e9r\u00eat \u00e0 ces terrains de golf.<\/p>\n\n\n\n<h2 class=\"wp-block-heading\">D\u00e9fis<\/h2>\n\n\n\n<figure class=\"gb-block-image gb-block-image-fa42d46b\"><img loading=\"lazy\" decoding=\"async\" width=\"1456\" height=\"816\" class=\"gb-image gb-image-fa42d46b\" src=\"https:\/\/www.sisinternational.com\/wp-content\/uploads\/2025\/08\/Golf-sport-6.jpg\" alt=\"\u00c9tudes de march\u00e9 et strat\u00e9gie internationales SIS\" title=\"Golf sport (6)\" srcset=\"https:\/\/www.sisinternational.com\/wp-content\/uploads\/2025\/08\/Golf-sport-6.jpg 1456w, https:\/\/www.sisinternational.com\/wp-content\/uploads\/2025\/08\/Golf-sport-6-300x168.jpg 300w, https:\/\/www.sisinternational.com\/wp-content\/uploads\/2025\/08\/Golf-sport-6-1024x574.jpg 1024w, https:\/\/www.sisinternational.com\/wp-content\/uploads\/2025\/08\/Golf-sport-6-768x430.jpg 768w, https:\/\/www.sisinternational.com\/wp-content\/uploads\/2025\/08\/Golf-sport-6-18x10.jpg 18w\" sizes=\"auto, (max-width: 1456px) 100vw, 1456px\"><\/figure>\n\n\n\n<p><\/p>\n\n\n\n<p>Financing golf courses is a challenging endeavor. To solve this issue, the following primary funding sources were proposed in golf <a class=\"wpil_keyword_link\" href=\"https:\/\/www.sisinternational.com\/fr\/blog\/\"   title=\"Blog\" data-wpil-keyword-link=\"linked\"  data-wpil-monitor-id=\"691\">Blog<\/a> posts and articles: conventional financing, investment from life insurance companies, small business administration loans, private equity financing, and commercial mortgage-backed security loans.<\/p>\n\n\n\n<p>Les opportunit\u00e9s d&#039;emploi peuvent \u00e9galement pr\u00e9senter un d\u00e9fi si l&#039;on consid\u00e8re le salaire horaire moyen des pr\u00e9pos\u00e9s \u00e0 l&#039;entretien des terrains de golf et les horaires de travail stricts. Bien entendu, cela d\u00e9pend du pays dans lequel le terrain de golf est ou sera construit. En g\u00e9n\u00e9ral, cela ne peut pr\u00e9senter qu\u2019un inconv\u00e9nient dans les pays o\u00f9 le ch\u00f4mage est faible.<\/p>\n\n\n\n<p>Un autre inconv\u00e9nient de l\u2019entretien des terrains de golf est la grande quantit\u00e9 d\u2019eau utilis\u00e9e pour l\u2019irrigation. Surtout dans les zones arides, cela peut avoir des cons\u00e9quences n\u00e9gatives sur l\u2019environnement et la population locale. Alternativement, les eaux us\u00e9es provenant des usines de traitement des eaux \u00e0 proximit\u00e9 constituent un bon substitut, plus disponible. Irriguer les greens avec des eaux us\u00e9es au lieu de l\u2019eau douce est une solution aujourd\u2019hui appliqu\u00e9e \u00e0 plusieurs terrains de golf dans le d\u00e9sert. M\u00eame les terrains de golf situ\u00e9s dans des environnements plus verts envisagent cette option. \u00c9tant donn\u00e9 que la jeune g\u00e9n\u00e9ration d\u2019acteurs est plus consciente du changement climatique, la pression s\u2019accentue en faveur d\u2019une gestion de l\u2019eau respectueuse de l\u2019environnement.<\/p>\n\n\n\n<h2 class=\"wp-block-heading\">Des p\u00f4les d&#039;innovation pour analyser les \u00e9tudes de march\u00e9 sur le golf<\/h2>\n\n\n\n<p>Les d\u00e9fis peuvent ouvrir la voie \u00e0 de nouvelles opportunit\u00e9s. Apr\u00e8s la pand\u00e9mie de covid, les salaires ont chut\u00e9 pour de nombreux employ\u00e9s, dont les golfeurs. Pour \u00e9viter la perte de leurs membres, les clubs de golf ont r\u00e9duit leurs cotisations, permettant ainsi aux membres existants de continuer \u00e0 jouer et \u00e0 de nouveaux de les rejoindre.<\/p>\n\n\n\n<p>De plus, proposer aux membres de jouer neuf trous au lieu d\u2019un tour complet permet \u00e0 davantage de personnes d\u2019int\u00e9grer une partie de golf dans leur emploi du temps. Les p\u00e9riodes plus courtes \u2013 non seulement neuf mais aussi six trous \u2013 deviennent de plus en plus tentantes pour le grand public. Adapter les parcours \u00e0 cette demande et m\u00eame concevoir des parcours de golf qui r\u00e9pondront \u00e0 ces demandes augmenteront certainement l&#039;attrait pour des segments de population plus larges.<\/p>\n\n\n\n<p>Concernant les pr\u00e9occupations environnementales, les cours \u00e0 bilan carbone positif gagnent d\u00e9sormais en popularit\u00e9. De mani\u00e8re g\u00e9n\u00e9rale, la communaut\u00e9 des golfeurs souhaite non seulement am\u00e9liorer la gestion de l\u2019eau, mais \u00e9galement devenir un mod\u00e8le en mati\u00e8re de conservation et de biodiversit\u00e9.<\/p>\n\n\n\n<h2 class=\"wp-block-heading\">Perspectives d&#039;avenir<\/h2>\n\n\n\n<figure class=\"gb-block-image gb-block-image-0f5c41b9\"><img loading=\"lazy\" decoding=\"async\" width=\"1456\" height=\"816\" class=\"gb-image gb-image-0f5c41b9\" src=\"https:\/\/www.sisinternational.com\/wp-content\/uploads\/2025\/08\/Golf-sport-5.jpg\" alt=\"\u00c9tudes de march\u00e9 et strat\u00e9gie internationales SIS\" title=\"Golf sport (5)\" srcset=\"https:\/\/www.sisinternational.com\/wp-content\/uploads\/2025\/08\/Golf-sport-5.jpg 1456w, https:\/\/www.sisinternational.com\/wp-content\/uploads\/2025\/08\/Golf-sport-5-300x168.jpg 300w, https:\/\/www.sisinternational.com\/wp-content\/uploads\/2025\/08\/Golf-sport-5-1024x574.jpg 1024w, https:\/\/www.sisinternational.com\/wp-content\/uploads\/2025\/08\/Golf-sport-5-768x430.jpg 768w, https:\/\/www.sisinternational.com\/wp-content\/uploads\/2025\/08\/Golf-sport-5-18x10.jpg 18w\" sizes=\"auto, (max-width: 1456px) 100vw, 1456px\"><\/figure>\n\n\n\n<p><\/p>\n\n\n\n<p>Regardless of the challenges, golf offers opportunities and has a promising future. Even though the changes in demographics may be a shock to the golfing community (which used to be a middle-aged and older crowd) these changes promote growth and innovation. With the rise in technology, healthier food options, employment opportunities, and the chance to play nine or six holes instead of a full round, the golf <a href=\"https:\/\/www.sisinternational.com\/fr\/competence\/les-industries\/etude-de-marche-sur-les-jeux-et-les-jeux-dargent\/\" title=\"\u00c9tude de march\u00e9 sur les jeux et les jeux de hasard\"  data-wpil-monitor-id=\"5399\">market will prosper and the game<\/a> will become more available and interesting for all.<\/p>\n\n\n\n<p>SIS International propose des recherches quantitatives, qualitatives et strat\u00e9giques. Nous fournissons des donn\u00e9es, des outils, des strat\u00e9gies, des rapports et des informations pour la prise de d\u00e9cision. Nous menons des entretiens, des enqu\u00eates, des groupes de discussion et de nombreuses autres m\u00e9thodes et approches d&#039;\u00e9tudes de march\u00e9. Contactez-nous pour votre prochain projet d&#039;\u00e9tude de march\u00e9.<\/p>","protected":false},"excerpt":{"rendered":"<p>L&#039;industrie du golf s&#039;est consid\u00e9rablement d\u00e9velopp\u00e9e avec davantage de parcours, de complexes h\u00f4teliers et une diversit\u00e9 de clients, valant d\u00e9sormais des milliards.<\/p>","protected":false},"author":1,"featured_media":63666,"parent":14514,"menu_order":294,"comment_status":"closed","ping_status":"closed","template":"","meta":{"footnotes":""},"class_list":["post-42639","page","type-page","status-publish","has-post-thumbnail"],"_links":{"self":[{"href":"https:\/\/www.sisinternational.com\/fr\/wp-json\/wp\/v2\/pages\/42639","targetHints":{"allow":["GET"]}}],"collection":[{"href":"https:\/\/www.sisinternational.com\/fr\/wp-json\/wp\/v2\/pages"}],"about":[{"href":"https:\/\/www.sisinternational.com\/fr\/wp-json\/wp\/v2\/types\/page"}],"author":[{"embeddable":true,"href":"https:\/\/www.sisinternational.com\/fr\/wp-json\/wp\/v2\/users\/1"}],"replies":[{"embeddable":true,"href":"https:\/\/www.sisinternational.com\/fr\/wp-json\/wp\/v2\/comments?post=42639"}],"version-history":[{"count":6,"href":"https:\/\/www.sisinternational.com\/fr\/wp-json\/wp\/v2\/pages\/42639\/revisions"}],"predecessor-version":[{"id":79180,"href":"https:\/\/www.sisinternational.com\/fr\/wp-json\/wp\/v2\/pages\/42639\/revisions\/79180"}],"up":[{"embeddable":true,"href":"https:\/\/www.sisinternational.com\/fr\/wp-json\/wp\/v2\/pages\/14514"}],"wp:featuredmedia":[{"embeddable":true,"href":"https:\/\/www.sisinternational.com\/fr\/wp-json\/wp\/v2\/media\/63666"}],"wp:attachment":[{"href":"https:\/\/www.sisinternational.com\/fr\/wp-json\/wp\/v2\/media?parent=42639"}],"curies":[{"name":"wp","href":"https:\/\/api.w.org\/{rel}","templated":true}]}}