{"id":42636,"date":"2023-05-01T19:13:15","date_gmt":"2023-05-01T23:13:15","guid":{"rendered":"https:\/\/www.sisinternational.com\/?page_id=42636"},"modified":"2026-01-24T21:00:29","modified_gmt":"2026-01-25T02:00:29","slug":"etude-de-marche-sur-les-stations-service","status":"publish","type":"page","link":"https:\/\/www.sisinternational.com\/fr\/competence\/etude-de-marche-sur-les-stations-service\/","title":{"rendered":"\u00c9tude de march\u00e9 sur les stations-service"},"content":{"rendered":"<h1 class=\"wp-block-heading\">\u00c9tude de march\u00e9 sur les stations-service<\/h1>\n\n\n\n<figure class=\"gb-block-image gb-block-image-90f9f5d8\"><img loading=\"lazy\" decoding=\"async\" width=\"1456\" height=\"816\" class=\"gb-image gb-image-90f9f5d8\" src=\"https:\/\/www.sisinternational.com\/wp-content\/uploads\/2025\/08\/Gas-station-2.jpg\" alt=\"\u00c9tudes de march\u00e9 et strat\u00e9gie internationales SIS\" title=\"Gas station (2)\" srcset=\"https:\/\/www.sisinternational.com\/wp-content\/uploads\/2025\/08\/Gas-station-2.jpg 1456w, https:\/\/www.sisinternational.com\/wp-content\/uploads\/2025\/08\/Gas-station-2-300x168.jpg 300w, https:\/\/www.sisinternational.com\/wp-content\/uploads\/2025\/08\/Gas-station-2-1024x574.jpg 1024w, https:\/\/www.sisinternational.com\/wp-content\/uploads\/2025\/08\/Gas-station-2-768x430.jpg 768w, https:\/\/www.sisinternational.com\/wp-content\/uploads\/2025\/08\/Gas-station-2-18x10.jpg 18w\" sizes=\"auto, (max-width: 1456px) 100vw, 1456px\"><\/figure>\n\n\n\n<p><\/p>\n\n\n\n<p>Les stations-service doivent \u00eatre capables de r\u00e9agir rapidement aux tendances fluctuantes du march\u00e9 ou aux changements dans les demandes des clients. Par cons\u00e9quent, pour rester comp\u00e9titifs dans ce paysage en constante \u00e9volution, les propri\u00e9taires de stations-service devraient prioriser l&#039;investissement dans des \u00e9tudes de march\u00e9 qui fournissent des informations utiles sur les besoins de leurs clients et les tendances du secteur.<\/p>\n\n\n\n<p>En cons\u00e9quence, les \u00e9tudes de march\u00e9 sur les stations-service offrent une meilleure compr\u00e9hension de l\u2019importance de comprendre ce march\u00e9 et d\u2019identifier les opportunit\u00e9s de croissance.<\/p>\n\n\n\n<h2 class=\"wp-block-heading\">\u00c9tude de march\u00e9 sur les stations-service\u00a0: principales tendances du march\u00e9 et influenceurs<\/h2>\n\n\n\n<p>Le secteur des stations-service est influenc\u00e9 par plusieurs tendances et facteurs cl\u00e9s qui fa\u00e7onnent le paysage concurrentiel et le comportement des consommateurs. Identifier et comprendre ces tendances est essentiel pour que les entreprises puissent prendre des d\u00e9cisions \u00e9clair\u00e9es et rester comp\u00e9titives.<\/p>\n\n\n\n<h3 class=\"wp-block-heading\">Vous trouverez ci-dessous quelques-unes des principales tendances du march\u00e9 et des influenceurs du secteur des stations-service\u00a0:<\/h3>\n\n\n\n<ul class=\"wp-block-list\">\n<li><strong>Fluctuations du prix du carburant\u00a0:<\/strong> L\u2019importance des changements de prix du carburant ainsi que ceux des march\u00e9s p\u00e9troliers mondiaux affectent fortement les stations-service. Cela affecte les d\u00e9cisions d\u2019achat ou les niveaux de consommation ainsi que les performances financi\u00e8res g\u00e9n\u00e9rales.<\/li>\n\n\n\n<li><strong>Les avanc\u00e9es technologiques:<\/strong> The emergence of electric vehicles (EVs), hydrogen, and biofuel alternatives are playing a significant role in determining <a href=\"https:\/\/www.sisinternational.com\/fr\/solutions\/etude-de-marche-sur-les-oleoducs-et-les-gazoducs\/\" title=\"\u00c9tude de march\u00e9 sur les ol\u00e9oducs et gazoducs\"  data-wpil-monitor-id=\"2164\">\u00e9tude de march\u00e9 sur les stations-service<\/a>.<\/li>\n\n\n\n<li><strong>Modification des pr\u00e9f\u00e9rences des consommateurs\u00a0:<\/strong> Consumer preferences are changing towards eco-friendly fuel alternatives. The key for gasoline retailers in meeting shifting customer requirements lies in conducting regular <a href=\"https:\/\/www.sisinternational.com\/fr\/marche-de-detail-asiatique\/\" title=\"\u00c9tude du march\u00e9 de d\u00e9tail asiatique\"  data-wpil-monitor-id=\"2683\">\u00e9tude de march\u00e9 sur les stations-service<\/a> to keep up with these trends.<\/li>\n\n\n\n<li><strong>Pr\u00e9occupations et r\u00e9glementations environnementales\u00a0:<\/strong> Pour r\u00e9pondre aux exigences des nouvelles lois environnementales, la conformit\u00e9 est cruciale pour les op\u00e9rateurs cherchant \u00e0 attirer des clients soucieux de l&#039;environnement.<\/li>\n\n\n\n<li><strong>Flux de revenus hors carburant\u00a0:<\/strong> En fournissant des lave-autos et d\u2019autres services comme des d\u00e9panneurs et des points de restauration, les stations-service tentent d\u2019\u00e9largir leurs sources de revenus. S&#039;ils sont correctement identifi\u00e9s et utilis\u00e9s par les d\u00e9taillants d&#039;essence cherchant \u00e0 obtenir de meilleurs rendements de leurs op\u00e9rations commerciales, il existe un potentiel important sous forme de formes de revenus alternatives en dehors des ventes de carburants traditionnels.<\/li>\n\n\n\n<li><strong>Transition vers la num\u00e9risation\u00a0:<\/strong> L&#039;utilisation d&#039;applications mobiles et la mise en \u0153uvre de programmes de fid\u00e9lit\u00e9 combin\u00e9es \u00e0 des tactiques de marketing num\u00e9rique se sont d\u00e9velopp\u00e9es dans le secteur de la vente au d\u00e9tail de carburant en raison des progr\u00e8s technologiques.<\/li>\n<\/ul>\n\n\n\n<h2 class=\"wp-block-heading\">Avantages potentiels de la r\u00e9alisation d\u2019une \u00e9tude de march\u00e9 sur les stations-service<\/h2>\n\n\n\n<figure class=\"gb-block-image gb-block-image-04e0ff32\"><img loading=\"lazy\" decoding=\"async\" width=\"1456\" height=\"816\" class=\"gb-image gb-image-04e0ff32\" src=\"https:\/\/www.sisinternational.com\/wp-content\/uploads\/2025\/08\/Gas-station-4.jpg\" alt=\"\u00c9tudes de march\u00e9 et strat\u00e9gie internationales SIS\" title=\"Gas station (4)\" srcset=\"https:\/\/www.sisinternational.com\/wp-content\/uploads\/2025\/08\/Gas-station-4.jpg 1456w, https:\/\/www.sisinternational.com\/wp-content\/uploads\/2025\/08\/Gas-station-4-300x168.jpg 300w, https:\/\/www.sisinternational.com\/wp-content\/uploads\/2025\/08\/Gas-station-4-1024x574.jpg 1024w, https:\/\/www.sisinternational.com\/wp-content\/uploads\/2025\/08\/Gas-station-4-768x430.jpg 768w, https:\/\/www.sisinternational.com\/wp-content\/uploads\/2025\/08\/Gas-station-4-18x10.jpg 18w\" sizes=\"auto, (max-width: 1456px) 100vw, 1456px\"><\/figure>\n\n\n\n<ul class=\"wp-block-list\">\n<li><a href=\"https:\/\/www.sisinternational.com\/fr\/competence\/les-industries\/etude-de-marche-du-petrole-et-du-gaz\/\" title=\"\u00c9tudes de march\u00e9 sur le p\u00e9trole et le gaz\"  data-wpil-monitor-id=\"3085\">Gas station market research<\/a> provides an opportunity for gas station operators to gain insight into the behaviors and requirements of their customers. Through analyzing this data, businesses are able to create effective advertising campaigns aimed at both acquiring new clients and retaining current ones.<\/li>\n\n\n\n<li>Les informations bas\u00e9es sur les donn\u00e9es issues d&#039;\u00e9tudes de march\u00e9 compl\u00e8tes permettent aux entreprises de prendre de meilleures d\u00e9cisions concernant les strat\u00e9gies de prix et les offres de produits.<\/li>\n\n\n\n<li>Pour identifier les domaines de diff\u00e9renciation et d&#039;am\u00e9lioration, les stations-service doivent comprendre le paysage concurrentiel, ce qui implique d&#039;analyser les forces et les faiblesses des concurrents. L&#039;utilisation de tels d\u00e9tails contribue \u00e0 cr\u00e9er des arguments de vente sans pr\u00e9c\u00e9dent.<\/li>\n\n\n\n<li>En utilisant des \u00e9tudes de march\u00e9 sur les stations-service pour analyser des facteurs tels que la concurrence locale et les informations d\u00e9mographiques, les entreprises peuvent d\u00e9terminer les emplacements optimaux pour de nouvelles stations-service ou \u00e9valuer le succ\u00e8s des sites actuels.<\/li>\n\n\n\n<li>Des perspectives de revenus non bas\u00e9es sur l&#039;essence, telles que les d\u00e9panneurs et les installations de lavage de v\u00e9hicules, peuvent \u00eatre d\u00e9couvertes par une \u00e9tude de march\u00e9 sur les stations-service.<\/li>\n\n\n\n<li>Le processus de r\u00e9alisation d\u2019\u00e9tudes marketing approfondies peut conduire \u00e0 identifier des pistes de d\u00e9veloppement possibles, telles que des besoins clients insatisfaits ou de nouveaux march\u00e9s. Les entreprises peuvent \u00e0 la fois accro\u00eetre leurs parts de march\u00e9 et r\u00e9aliser des progr\u00e8s durables \u00e0 l\u2019avenir.<\/li>\n\n\n\n<li>Les exploitants de stations-service peuvent r\u00e9duire les dangers et cr\u00e9er des tactiques pour surmonter les obstacles en menant une \u00e9tude de march\u00e9 approfondie sur les stations-service qui identifie les dangers potentiels et les probl\u00e8mes du march\u00e9.<\/li>\n<\/ul>\n\n\n\n<h2 class=\"wp-block-heading\">D\u00e9fis<\/h2>\n\n\n\n<ul class=\"wp-block-list\">\n<li>Les influences sur l&#039;industrie des stations-service comprennent les prix du carburant et les conditions \u00e9conomiques ainsi que les progr\u00e8s technologiques rapides.<\/li>\n\n\n\n<li>Le traitement d&#039;informations sensibles telles que les strat\u00e9gies de tarification ou les d\u00e9tails des clients rend la collecte de donn\u00e9es pr\u00e9cises et fiables un d\u00e9fi.<\/li>\n\n\n\n<li>La conservation de l&#039;environnement, les protocoles de s\u00e9curit\u00e9 ainsi que les politiques de confidentialit\u00e9 n\u00e9cessitent un strict respect, et les chercheurs doivent relever le d\u00e9fi d&#039;incorporer ces r\u00e9glementations tout en garantissant leur conformit\u00e9.<\/li>\n\n\n\n<li>Pour rester comp\u00e9titives dans le secteur des stations-service, les entreprises doivent fr\u00e9quemment adapter leurs strat\u00e9gies. Pour conserver un avantage concurrentiel, il faut suivre les activit\u00e9s et les strat\u00e9gies marketing des concurrents malgr\u00e9 les d\u00e9fis et le temps n\u00e9cessaire.<\/li>\n\n\n\n<li>La r\u00e9alisation d\u2019une analyse de march\u00e9 d\u00e9taill\u00e9e n\u00e9cessite une allocation consid\u00e9rable d\u2019actifs pr\u00e9cieux comme une main-d\u2019\u0153uvre exp\u00e9riment\u00e9e, du temps et du capital. Les petites entreprises ne disposent souvent pas des moyens n\u00e9cessaires pour entreprendre des recherches marketing intensives.<\/li>\n\n\n\n<li>Quantifier certains \u00e9l\u00e9ments du secteur des stations-service, tels que la satisfaction des clients ou la perception de la marque, peut poser un d\u00e9fi.<\/li>\n<\/ul>\n\n\n\n<h2 class=\"wp-block-heading\">Perspectives d&#039;avenir<\/h2>\n\n\n\n<figure class=\"gb-block-image gb-block-image-531a479b\"><img loading=\"lazy\" decoding=\"async\" width=\"1456\" height=\"816\" class=\"gb-image gb-image-531a479b\" src=\"https:\/\/www.sisinternational.com\/wp-content\/uploads\/2025\/08\/Gas-station-1.jpg\" alt=\"\u00c9tudes de march\u00e9 et strat\u00e9gie internationales SIS\" title=\"Gas station (1)\" srcset=\"https:\/\/www.sisinternational.com\/wp-content\/uploads\/2025\/08\/Gas-station-1.jpg 1456w, https:\/\/www.sisinternational.com\/wp-content\/uploads\/2025\/08\/Gas-station-1-300x168.jpg 300w, https:\/\/www.sisinternational.com\/wp-content\/uploads\/2025\/08\/Gas-station-1-1024x574.jpg 1024w, https:\/\/www.sisinternational.com\/wp-content\/uploads\/2025\/08\/Gas-station-1-768x430.jpg 768w, https:\/\/www.sisinternational.com\/wp-content\/uploads\/2025\/08\/Gas-station-1-18x10.jpg 18w\" sizes=\"auto, (max-width: 1456px) 100vw, 1456px\"><\/figure>\n\n\n\n<p><\/p>\n\n\n\n<p>Influenc\u00e9es par divers facteurs tels que l\u2019\u00e9volution des pr\u00e9f\u00e9rences des consommateurs et les progr\u00e8s technologiques ainsi que les pr\u00e9occupations environnementales, les perspectives futures des \u00e9tudes de march\u00e9 sur les stations-service devraient subir des changements importants. Pour comprendre comment les \u00e9tudes de march\u00e9 sur les stations-service \u00e9volueront \u00e0 l\u2019avenir, il est important de prendre en compte ces facteurs cl\u00e9s\u00a0:<\/p>\n\n\n\n<ul class=\"wp-block-list\">\n<li>Les carburants alternatifs comme les piles \u00e0 combustible \u00e0 hydrog\u00e8ne et les biocarburants deviennent de plus en plus populaires en raison des pr\u00e9occupations croissantes concernant le changement climatique et la pollution de l&#039;air. Pour comprendre les attitudes des consommateurs \u00e0 l\u2019\u00e9gard des carburants alternatifs et de leur adoption, une \u00e9tude de march\u00e9 sur les stations-service est essentielle.<\/li>\n\n\n\n<li>L&#039;int\u00e9gration d&#039;analyses avanc\u00e9es avec l&#039;adoption de nouvelles technologies telles que les syst\u00e8mes de paiement num\u00e9rique et les appareils IoT continueront de transformer les stations-service pour am\u00e9liorer l&#039;exp\u00e9rience client et augmenter la g\u00e9n\u00e9ration de revenus.<\/li>\n\n\n\n<li>L&#039;\u00e9largissement de l&#039;offre de d\u00e9panneurs est de plus en plus courant parmi les stations-service pour attirer des clients et g\u00e9n\u00e9rer des revenus suppl\u00e9mentaires, et les \u00e9tudes de march\u00e9 sur les stations-service jouent un r\u00f4le essentiel dans l&#039;identification des pr\u00e9f\u00e9rences des consommateurs et des domaines potentiels de croissance.<\/li>\n\n\n\n<li>Dans le secteur des stations-service o\u00f9 la concurrence s\u2019intensifie, il est essentiel d\u2019offrir une exp\u00e9rience client exceptionnelle pour fid\u00e9liser et attirer les clients.<\/li>\n\n\n\n<li>To reduce their carbon footprint and satisfy the rising need for environmentally friendly goods and services, businesses may emphasize sustainability and environmental impact more in <a href=\"https:\/\/www.sisinternational.com\/fr\/les-biocarburants-dans-lindustrie-aerienne\/\" title=\"\u00c9tude de march\u00e9 sur la durabilit\u00e9 des compagnies a\u00e9riennes\"  data-wpil-monitor-id=\"2444\">\u00e9tude de march\u00e9 sur les stations-service<\/a> in the future. Moreover, comprehensive market research can provide valuable insights into identifying the best practices as well as understanding consumer preferences and potential growth opportunities within this area.<\/li>\n\n\n\n<li>Incentives for alternative fuel vehicles and government regulations and policies such as emission standards and fuel economy requirements can have a significant impact on the <a href=\"https:\/\/www.sisinternational.com\/fr\/comprendre-le-systeme-europeen-dechange-de-quotas-demission-et-un-rapport-sis\/\" title=\"\u00c9tude de march\u00e9 sur l\u2019\u00e9change de droits d\u2019\u00e9mission\"  data-wpil-monitor-id=\"1732\">\u00e9tude de march\u00e9 sur les stations-service<\/a>. To understand the implications of these policies and develop strategies for adapting to the changing regulatory landscape, it will be crucial to conduct regular market research.<\/li>\n\n\n\n<li>L&#039;\u00e9volution du secteur des stations-service pourrait donner lieu \u00e0 de nouveaux mod\u00e8les commerciaux, notamment des services de ravitaillement par abonnement ou de livraison de carburant \u00e0 la demande, et il est \u00e9galement possible que les partenariats strat\u00e9giques avec les d\u00e9taillants et les prestataires de services deviennent plus courants. R\u00e9aliser une \u00e9tude de march\u00e9 sur les stations-service est essentiel pour identifier la viabilit\u00e9 et le potentiel de ces nouveaux mod\u00e8les commerciaux.<\/li>\n<\/ul>","protected":false},"excerpt":{"rendered":"<p>Les \u00e9tudes de march\u00e9 sur les stations-service offrent une meilleure compr\u00e9hension de l\u2019importance de comprendre le march\u00e9 et d\u2019identifier les opportunit\u00e9s de croissance.<\/p>","protected":false},"author":1,"featured_media":63840,"parent":14514,"menu_order":293,"comment_status":"closed","ping_status":"closed","template":"","meta":{"footnotes":""},"class_list":["post-42636","page","type-page","status-publish","has-post-thumbnail"],"_links":{"self":[{"href":"https:\/\/www.sisinternational.com\/fr\/wp-json\/wp\/v2\/pages\/42636","targetHints":{"allow":["GET"]}}],"collection":[{"href":"https:\/\/www.sisinternational.com\/fr\/wp-json\/wp\/v2\/pages"}],"about":[{"href":"https:\/\/www.sisinternational.com\/fr\/wp-json\/wp\/v2\/types\/page"}],"author":[{"embeddable":true,"href":"https:\/\/www.sisinternational.com\/fr\/wp-json\/wp\/v2\/users\/1"}],"replies":[{"embeddable":true,"href":"https:\/\/www.sisinternational.com\/fr\/wp-json\/wp\/v2\/comments?post=42636"}],"version-history":[{"count":8,"href":"https:\/\/www.sisinternational.com\/fr\/wp-json\/wp\/v2\/pages\/42636\/revisions"}],"predecessor-version":[{"id":77383,"href":"https:\/\/www.sisinternational.com\/fr\/wp-json\/wp\/v2\/pages\/42636\/revisions\/77383"}],"up":[{"embeddable":true,"href":"https:\/\/www.sisinternational.com\/fr\/wp-json\/wp\/v2\/pages\/14514"}],"wp:featuredmedia":[{"embeddable":true,"href":"https:\/\/www.sisinternational.com\/fr\/wp-json\/wp\/v2\/media\/63840"}],"wp:attachment":[{"href":"https:\/\/www.sisinternational.com\/fr\/wp-json\/wp\/v2\/media?parent=42636"}],"curies":[{"name":"wp","href":"https:\/\/api.w.org\/{rel}","templated":true}]}}