{"id":42632,"date":"2023-05-01T18:33:59","date_gmt":"2023-05-01T22:33:59","guid":{"rendered":"https:\/\/www.sisinternational.com\/?page_id=42632"},"modified":"2026-01-25T18:36:20","modified_gmt":"2026-01-25T23:36:20","slug":"etude-de-marche-forestier","status":"publish","type":"page","link":"https:\/\/www.sisinternational.com\/fr\/competence\/etude-de-marche-forestier\/","title":{"rendered":"\u00c9tude de march\u00e9 forestier"},"content":{"rendered":"<h1 class=\"wp-block-heading\">\u00c9tude de march\u00e9 forestier<\/h1>\n\n\n\n<figure class=\"gb-block-image gb-block-image-666f0a67\"><img loading=\"lazy\" decoding=\"async\" width=\"1456\" height=\"816\" class=\"gb-image gb-image-666f0a67\" src=\"https:\/\/www.sisinternational.com\/wp-content\/uploads\/2025\/08\/Forestry-4.jpg\" alt=\"\u00c9tudes de march\u00e9 et strat\u00e9gie internationales SIS\" title=\"Forestry (4)\" srcset=\"https:\/\/www.sisinternational.com\/wp-content\/uploads\/2025\/08\/Forestry-4.jpg 1456w, https:\/\/www.sisinternational.com\/wp-content\/uploads\/2025\/08\/Forestry-4-300x168.jpg 300w, https:\/\/www.sisinternational.com\/wp-content\/uploads\/2025\/08\/Forestry-4-1024x574.jpg 1024w, https:\/\/www.sisinternational.com\/wp-content\/uploads\/2025\/08\/Forestry-4-768x430.jpg 768w, https:\/\/www.sisinternational.com\/wp-content\/uploads\/2025\/08\/Forestry-4-18x10.jpg 18w\" sizes=\"auto, (max-width: 1456px) 100vw, 1456px\"><\/figure>\n\n\n\n<p><\/p>\n\n\n\n<p>L&#039;industrie foresti\u00e8re est essentielle en fournissant des ressources pr\u00e9cieuses telles que le bois, le papier et les produits forestiers non ligneux. Alors que la demande de produits forestiers continue de cro\u00eetre et que les pr\u00e9occupations environnementales deviennent plus pressantes, il est essentiel que les entreprises, les d\u00e9cideurs politiques et les parties prenantes se tiennent inform\u00e9s de la dynamique de l&#039;industrie gr\u00e2ce \u00e0 des \u00e9tudes de march\u00e9 forestier.<\/p>\n\n\n\n<p>Les \u00e9tudes de march\u00e9 sur le secteur forestier sont un outil essentiel pour comprendre les tendances du march\u00e9, identifier les opportunit\u00e9s \u00e9mergentes et prendre des d\u00e9cisions \u00e9clair\u00e9es qui favorisent des pratiques durables et stimulent la rentabilit\u00e9, tandis que les entreprises adh\u00e8rent aux meilleures pratiques de l&#039;industrie et respectent les r\u00e9glementations en vigueur.<\/p>\n\n\n\n<h2 class=\"wp-block-heading\">Qu\u2019est-ce que l\u2019\u00e9tude de march\u00e9 forestier ?<\/h2>\n\n\n\n<p>Forestry market research is a systematic process of collecting, analyzing, and drawing conclusions about the forestry industry to provide valuable insights for stakeholders. It studies various aspects of the industry such as <a href=\"https:\/\/www.sisinternational.com\/fr\/solutions\/conseil-en-strategie\/etudes-de-dimensionnement-de-faisabilite-dentree-sur-le-marche\/\" title=\"\u00c9tudes d\u2019entr\u00e9e sur le march\u00e9, de faisabilit\u00e9 et de dimensionnement\"  data-wpil-monitor-id=\"9127\">market size<\/a>, growth trends, product demand, consumer preferences, emerging opportunities, and challenges.<\/p>\n\n\n\n<p>Il aide \u00e9galement les entreprises \u00e0 identifier les march\u00e9s potentiels, \u00e0 comprendre la concurrence, \u00e0 \u00e9laborer des strat\u00e9gies de croissance durable et \u00e0 pr\u00e9voir les tendances futures. En outre, les d\u00e9cideurs politiques peuvent utiliser ces recherches pour formuler des politiques efficaces, promouvoir des pratiques de gestion foresti\u00e8re responsables et r\u00e9pondre aux pr\u00e9occupations environnementales.<\/p>\n\n\n\n<h2 class=\"wp-block-heading\">Le r\u00f4le cl\u00e9 des entreprises<\/h2>\n\n\n\n<figure class=\"gb-block-image gb-block-image-fdc93313\"><img loading=\"lazy\" decoding=\"async\" width=\"1456\" height=\"816\" class=\"gb-image gb-image-fdc93313\" src=\"https:\/\/www.sisinternational.com\/wp-content\/uploads\/2025\/08\/Forestry-2.jpg\" alt=\"\u00c9tudes de march\u00e9 et strat\u00e9gie internationales SIS\" title=\"Forestry (2)\" srcset=\"https:\/\/www.sisinternational.com\/wp-content\/uploads\/2025\/08\/Forestry-2.jpg 1456w, https:\/\/www.sisinternational.com\/wp-content\/uploads\/2025\/08\/Forestry-2-300x168.jpg 300w, https:\/\/www.sisinternational.com\/wp-content\/uploads\/2025\/08\/Forestry-2-1024x574.jpg 1024w, https:\/\/www.sisinternational.com\/wp-content\/uploads\/2025\/08\/Forestry-2-768x430.jpg 768w, https:\/\/www.sisinternational.com\/wp-content\/uploads\/2025\/08\/Forestry-2-18x10.jpg 18w\" sizes=\"auto, (max-width: 1456px) 100vw, 1456px\"><\/figure>\n\n\n\n<p>Les \u00e9tudes de march\u00e9 aident les entreprises \u00e0 naviguer dans un secteur forestier en constante \u00e9volution. En fournissant des informations pr\u00e9cieuses et des analyses bas\u00e9es sur des donn\u00e9es, il aide les entreprises mondiales \u00e0 prendre des d\u00e9cisions \u00e9clair\u00e9es qui stimulent la croissance, l&#039;innovation et la durabilit\u00e9 \u2013 et certains des \u00e9l\u00e9ments d\u00e9couverts par les \u00e9tudes de march\u00e9 forestier sont les suivants\u00a0:<\/p>\n\n\n\n<ul class=\"wp-block-list\">\n<li><strong>Identifier les opportunit\u00e9s\u00a0:<\/strong> Les \u00e9tudes de march\u00e9 forestier permettent aux entreprises d&#039;identifier de nouvelles opportunit\u00e9s de march\u00e9 telles que les tendances \u00e9mergentes, les niches inexploit\u00e9es ou les d\u00e9veloppements de produits innovants. Ces informations aident les entreprises \u00e0 \u00e9largir leur offre de produits, \u00e0 p\u00e9n\u00e9trer de nouveaux march\u00e9s et \u00e0 garder une longueur d&#039;avance sur la concurrence.<\/li>\n\n\n\n<li><strong>Compr\u00e9hension <\/strong><a href=\"https:\/\/www.sisinternational.com\/fr\/etude-de-cas-hypothetique-deharmony-danalyse-de-consommation\/\" title=\"Consumer Analytics\u00a0: \u00e9tude de cas hypoth\u00e9tique eHarmony\"  data-wpil-monitor-id=\"9129\">consumer preferences: By studying<\/a> consumer preferences and buying behavior, market research allows businesses to tailor their products and marketing strategies to meet customer demands. It builds strong customer relationships, <a href=\"https:\/\/www.sisinternational.com\/fr\/ameliorer-la-relation-client\/\" title=\"Comment am\u00e9liorer la satisfaction client et ravir les clients insatisfaits\"  data-wpil-monitor-id=\"9123\">improves customer satisfaction<\/a>, and increases sales.<\/li>\n\n\n\n<li><strong>Analyse comp\u00e9titive:<\/strong> Market research provides businesses with an in-depth understanding of their competitors, including their market share, product offerings, strengths, and weaknesses. With this data, businesses can develop <a href=\"https:\/\/www.sisinternational.com\/fr\/le-besoin-de-veille-concurrentielle-dans-cette-recession\/\" title=\"Le besoin de veille concurrentielle en p\u00e9riode de r\u00e9cession\"  data-wpil-monitor-id=\"9125\">strategies<\/a> to differentiate themselves and gain a competitive edge.<\/li>\n\n\n\n<li><strong>Gestion des risques et conformit\u00e9 r\u00e9glementaire :<\/strong> L\u2019industrie foresti\u00e8re est soumise \u00e0 de nombreuses r\u00e9glementations et pr\u00e9occupations environnementales \u2013 et les \u00e9tudes de march\u00e9 forestier aident les entreprises \u00e0 comprendre et \u00e0 se conformer aux r\u00e9glementations en vigueur, \u00e0 att\u00e9nuer les risques et \u00e0 adopter des pratiques durables qui am\u00e9liorent leur r\u00e9putation et la valeur de leur marque.<\/li>\n\n\n\n<li><strong>Planification strat\u00e9gique\u00a0:<\/strong> En analysant les donn\u00e9es historiques et en identifiant les tendances, les \u00e9tudes de march\u00e9 aident les entreprises \u00e0 pr\u00e9voir les \u00e9volutions futures du march\u00e9 forestier et \u00e0 prendre des d\u00e9cisions fond\u00e9es sur les donn\u00e9es. Cela leur permet d\u2019allouer efficacement les ressources, de planifier une croissance \u00e0 long terme et de s\u2019adapter aux conditions changeantes du march\u00e9.<\/li>\n<\/ul>\n\n\n\n<h2 class=\"wp-block-heading\">Principaux moteurs du march\u00e9<\/h2>\n\n\n\n<figure class=\"gb-block-image gb-block-image-0afb418a\"><img loading=\"lazy\" decoding=\"async\" width=\"1456\" height=\"816\" class=\"gb-image gb-image-0afb418a\" src=\"https:\/\/www.sisinternational.com\/wp-content\/uploads\/2025\/08\/Forestry-3.jpg\" alt=\"\u00c9tudes de march\u00e9 et strat\u00e9gie internationales SIS\" title=\"Forestry (3)\" srcset=\"https:\/\/www.sisinternational.com\/wp-content\/uploads\/2025\/08\/Forestry-3.jpg 1456w, https:\/\/www.sisinternational.com\/wp-content\/uploads\/2025\/08\/Forestry-3-300x168.jpg 300w, https:\/\/www.sisinternational.com\/wp-content\/uploads\/2025\/08\/Forestry-3-1024x574.jpg 1024w, https:\/\/www.sisinternational.com\/wp-content\/uploads\/2025\/08\/Forestry-3-768x430.jpg 768w, https:\/\/www.sisinternational.com\/wp-content\/uploads\/2025\/08\/Forestry-3-18x10.jpg 18w\" sizes=\"auto, (max-width: 1456px) 100vw, 1456px\"><\/figure>\n\n\n\n<p><\/p>\n\n\n\n<p>Les \u00e9tudes de march\u00e9 forestier sont essentielles pour comprendre les facteurs qui stimulent la croissance et le d\u00e9veloppement de l\u2019industrie foresti\u00e8re. En examinant ces principaux moteurs du march\u00e9, les entreprises et les d\u00e9cideurs politiques peuvent prendre des d\u00e9cisions \u00e9clair\u00e9es pour capitaliser sur les opportunit\u00e9s et garantir un avenir rentable.<\/p>\n\n\n\n<ul class=\"wp-block-list\">\n<li><strong>Demande croissante de produits du bois\u00a0:<\/strong> La demande mondiale de bois, de papier et d\u2019autres produits forestiers continue d\u2019augmenter, tir\u00e9e par la croissance d\u00e9mographique, l\u2019urbanisation et l\u2019augmentation des revenus disponibles. Par cons\u00e9quent, les \u00e9tudes de march\u00e9 forestier permettent aux entreprises d\u2019identifier les tendances et les opportunit\u00e9s sur le march\u00e9 pour r\u00e9pondre \u00e0 la demande croissante tout en maintenant des pratiques durables.<\/li>\n\n\n\n<li><strong>Gestion foresti\u00e8re durable :<\/strong> As environmental concerns become more prominent, there is an increasing focus on sustainable forest management practices. Market research provides insights into best practices, certification standards, and <a href=\"https:\/\/www.sisinternational.com\/fr\/competence\/cv-dexperience\/etude-de-marche-sur-les-produits-de-soins-personnels\/\" title=\"\u00c9tude de march\u00e9 sur les produits de soins personnels\"  data-wpil-monitor-id=\"9132\">market preferences for sustainably sourced products<\/a>, helping businesses and policymakers adopt responsible forest management strategies. Furthermore, this type of <a href=\"https:\/\/www.sisinternational.com\/fr\/competence\/cv-dexperience\/recherche-de-marque\/\" title=\"Soci\u00e9t\u00e9 de recherche de marque\"  data-wpil-monitor-id=\"9133\">research helps companies<\/a> to maintain their reputation as eco-friendly and sustainable organizations.<\/li>\n\n\n\n<li><strong>Sources d&#039;\u00e9nergie alternatives:<\/strong> The growing need for alternative and renewable energy sources has spurred interest in forest-based bioenergy and biofuels. Forestry market research provides valuable information on the potential of these resources, helping businesses and policymakers explore opportunities and develop strategies to <a href=\"https:\/\/www.sisinternational.com\/fr\/solutions\/recherche-de-conseil-en-strategie-fintech\/etude-de-marche-sur-les-marches-des-capitaux\/\" title=\"\u00c9tude de march\u00e9 sur les march\u00e9s des capitaux\"  data-wpil-monitor-id=\"9131\">capitalize on this growing market<\/a> segment.<\/li>\n\n\n\n<li><strong>Att\u00e9nuation du changement climatique\u00a0:<\/strong> Les for\u00eats jouent un r\u00f4le essentiel dans l\u2019att\u00e9nuation du changement climatique en absorbant et en stockant le dioxyde de carbone. Alors que les gouvernements et les entreprises cherchent \u00e0 r\u00e9duire leur empreinte carbone, les \u00e9tudes de march\u00e9 foresti\u00e8res offrent un aper\u00e7u du potentiel des for\u00eats en mati\u00e8re de s\u00e9questration du carbone et du d\u00e9veloppement de march\u00e9s du carbone forestier.<\/li>\n<\/ul>\n\n\n\n<h2 class=\"wp-block-heading\">D\u00e9fis et contraintes du march\u00e9 ayant une incidence sur l\u2019industrie foresti\u00e8re<\/h2>\n\n\n\n<h3 class=\"wp-block-heading\">M\u00eame si l\u2019industrie foresti\u00e8re offre un immense potentiel de croissance et de durabilit\u00e9, elle est \u00e9galement confront\u00e9e \u00e0 plusieurs d\u00e9fis. Certains des principaux d\u00e9fis sont les suivants\u00a0:<\/h3>\n\n\n\n<ul class=\"wp-block-list\">\n<li><strong>La d\u00e9forestation:<\/strong> La d\u00e9forestation rapide constitue une menace importante pour l&#039;industrie foresti\u00e8re. Toutefois, les \u00e9tudes de march\u00e9 sur le secteur forestier aident les parties prenantes \u00e0 \u00e9valuer l\u2019ampleur de ces probl\u00e8mes et \u00e0 \u00e9laborer des strat\u00e9gies de gestion et de restauration durables des for\u00eats.<\/li>\n\n\n\n<li><strong>Les questions de r\u00e9glementation:<\/strong> L\u2019industrie foresti\u00e8re est soumise \u00e0 de nombreuses r\u00e9glementations et s\u2019y retrouver dans ces r\u00e9glementations complexes peut s\u2019av\u00e9rer difficile et co\u00fbteux. D\u2019autant plus que les r\u00e9glementations continuent de se multiplier en raison du changement climatique.<\/li>\n\n\n\n<li><strong>Conflits d\u2019utilisation des terres\u00a0:<\/strong> Des demandes contradictoires en mati\u00e8re de terres peuvent cr\u00e9er une concurrence pour les ressources foresti\u00e8res. Les \u00e9tudes de march\u00e9 forestier aident les parties prenantes \u00e0 comprendre ces conflits et \u00e0 identifier des strat\u00e9gies pour \u00e9quilibrer les demandes concurrentes d\u2019utilisation des terres tout en pr\u00e9servant les ressources foresti\u00e8res.<\/li>\n\n\n\n<li><strong>Changement climatique:<\/strong> Climate change poses significant threats to forest ecosystems and <a href=\"https:\/\/www.sisinternational.com\/fr\/competence\/les-industries\/etude-de-marche-sur-le-changement-climatique\/\" title=\"\u00c9tude de march\u00e9 sur le changement climatique\"  data-wpil-monitor-id=\"4989\">\u00e9tude de march\u00e9 forestier<\/a> helps stakeholders assess the impacts of climate change on forests and develop adaptive management strategies to mitigate these risks.<\/li>\n<\/ul>\n\n\n\n<h2 class=\"wp-block-heading\">Les perspectives de l\u2019\u00e9tude de march\u00e9 foresti\u00e8re\u00a0: envisager un avenir durable et rentable<\/h2>\n\n\n\n<figure class=\"gb-block-image gb-block-image-5d90649e\"><img loading=\"lazy\" decoding=\"async\" width=\"1456\" height=\"816\" class=\"gb-image gb-image-5d90649e\" src=\"https:\/\/www.sisinternational.com\/wp-content\/uploads\/2025\/08\/Forestry-1.jpg\" alt=\"\u00c9tudes de march\u00e9 et strat\u00e9gie internationales SIS\" title=\"Forestry (1)\" srcset=\"https:\/\/www.sisinternational.com\/wp-content\/uploads\/2025\/08\/Forestry-1.jpg 1456w, https:\/\/www.sisinternational.com\/wp-content\/uploads\/2025\/08\/Forestry-1-300x168.jpg 300w, https:\/\/www.sisinternational.com\/wp-content\/uploads\/2025\/08\/Forestry-1-1024x574.jpg 1024w, https:\/\/www.sisinternational.com\/wp-content\/uploads\/2025\/08\/Forestry-1-768x430.jpg 768w, https:\/\/www.sisinternational.com\/wp-content\/uploads\/2025\/08\/Forestry-1-18x10.jpg 18w\" sizes=\"auto, (max-width: 1456px) 100vw, 1456px\"><\/figure>\n\n\n\n<p><\/p>\n\n\n\n<p>Les perspectives des \u00e9tudes de march\u00e9 forestier sont prometteuses puisqu\u2019elles continuent de jouer un r\u00f4le majeur dans l\u2019avenir de l\u2019industrie foresti\u00e8re.<\/p>\n\n\n\n<ul class=\"wp-block-list\">\n<li>As the demand for forest products continues to grow globally, market research will be crucial in identifying new markets and opportunities for businesses. By understanding regional market dynamics, businesses can tailor their strategies, products, and <a href=\"https:\/\/www.sisinternational.com\/fr\/solutions\/recherche-de-conseil-en-strategie-fintech\/etude-de-marche-sur-les-services-financiers\/\" title=\"\u00c9tude de march\u00e9 sur les services financiers\"  data-wpil-monitor-id=\"9134\">services to meet specific market<\/a> demands, paving the way for global expansion and maintaining steady growth despite industry challenges.<\/li>\n\n\n\n<li>Avec les pr\u00e9occupations croissantes concernant la d\u00e9forestation et le changement climatique, le besoin de pratiques de gestion durable des for\u00eats n\u2019a jamais \u00e9t\u00e9 aussi grand. Les \u00e9tudes de march\u00e9 foresti\u00e8res joueront un r\u00f4le essentiel dans l\u2019identification des meilleures pratiques, des solutions innovantes et des pr\u00e9f\u00e9rences du march\u00e9 pour les produits issus de sources durables, permettant ainsi aux entreprises et aux d\u00e9cideurs politiques de promouvoir une gestion et une conservation responsables des for\u00eats.<\/li>\n\n\n\n<li>Le d\u00e9veloppement de nouveaux produits forestiers et de technologies de transformation \u00e0 valeur ajout\u00e9e, comme les mat\u00e9riaux et produits chimiques d\u2019origine biologique, offre des opportunit\u00e9s de diversification et de croissance. En cons\u00e9quence, les \u00e9tudes de march\u00e9 forestier aideront les entreprises \u00e0 identifier ces opportunit\u00e9s \u00e9mergentes et \u00e0 en tirer parti pour \u00e9largir leur portefeuille de produits et am\u00e9liorer leur rentabilit\u00e9.<\/li>\n<\/ul>\n\n\n\n<p>SIS International propose des recherches quantitatives, qualitatives et strat\u00e9giques. Nous fournissons des donn\u00e9es, des outils, des strat\u00e9gies, des rapports et des informations pour la prise de d\u00e9cision. Nous menons des entretiens, des enqu\u00eates, des groupes de discussion et de nombreuses autres m\u00e9thodes et approches d&#039;\u00e9tudes de march\u00e9. Contactez-nous pour votre prochain projet d&#039;\u00e9tude de march\u00e9.<\/p>","protected":false},"excerpt":{"rendered":"<p>\u00c0 mesure que la demande et les pr\u00e9occupations environnementales augmentent, les entreprises doivent rester inform\u00e9es de l&#039;industrie des produits forestiers gr\u00e2ce \u00e0 Forestry Market Research.<\/p>","protected":false},"author":1,"featured_media":63807,"parent":14514,"menu_order":292,"comment_status":"closed","ping_status":"closed","template":"","meta":{"footnotes":""},"class_list":["post-42632","page","type-page","status-publish","has-post-thumbnail"],"_links":{"self":[{"href":"https:\/\/www.sisinternational.com\/fr\/wp-json\/wp\/v2\/pages\/42632","targetHints":{"allow":["GET"]}}],"collection":[{"href":"https:\/\/www.sisinternational.com\/fr\/wp-json\/wp\/v2\/pages"}],"about":[{"href":"https:\/\/www.sisinternational.com\/fr\/wp-json\/wp\/v2\/types\/page"}],"author":[{"embeddable":true,"href":"https:\/\/www.sisinternational.com\/fr\/wp-json\/wp\/v2\/users\/1"}],"replies":[{"embeddable":true,"href":"https:\/\/www.sisinternational.com\/fr\/wp-json\/wp\/v2\/comments?post=42632"}],"version-history":[{"count":5,"href":"https:\/\/www.sisinternational.com\/fr\/wp-json\/wp\/v2\/pages\/42632\/revisions"}],"predecessor-version":[{"id":81528,"href":"https:\/\/www.sisinternational.com\/fr\/wp-json\/wp\/v2\/pages\/42632\/revisions\/81528"}],"up":[{"embeddable":true,"href":"https:\/\/www.sisinternational.com\/fr\/wp-json\/wp\/v2\/pages\/14514"}],"wp:featuredmedia":[{"embeddable":true,"href":"https:\/\/www.sisinternational.com\/fr\/wp-json\/wp\/v2\/media\/63807"}],"wp:attachment":[{"href":"https:\/\/www.sisinternational.com\/fr\/wp-json\/wp\/v2\/media?parent=42632"}],"curies":[{"name":"wp","href":"https:\/\/api.w.org\/{rel}","templated":true}]}}