{"id":42629,"date":"2023-05-01T17:43:49","date_gmt":"2023-05-01T21:43:49","guid":{"rendered":"https:\/\/www.sisinternational.com\/?page_id=42629"},"modified":"2026-03-12T13:21:29","modified_gmt":"2026-03-12T17:21:29","slug":"etude-de-marche-sur-les-ingredients-des-boissons-alimentaires","status":"publish","type":"page","link":"https:\/\/www.sisinternational.com\/fr\/solutions\/etude-de-marche-sur-lindustrie-des-boissons-alimentaires\/etude-de-marche-sur-les-ingredients-des-boissons-alimentaires\/","title":{"rendered":"\u00c9tude de march\u00e9 sur les ingr\u00e9dients alimentaires et de boissons"},"content":{"rendered":"<h1 class=\"wp-block-heading\">\u00c9tude de march\u00e9 sur les ingr\u00e9dients alimentaires et de boissons<\/h1>\n\n\n\n<figure class=\"gb-block-image gb-block-image-66181560\"><img loading=\"lazy\" decoding=\"async\" width=\"1456\" height=\"816\" class=\"gb-image gb-image-66181560\" src=\"https:\/\/www.sisinternational.com\/wp-content\/uploads\/2025\/08\/Mexican-food-lunch-10.jpg\" alt=\"\u00c9tudes de march\u00e9 et strat\u00e9gie internationales SIS\" title=\"Mexican food lunch (10)\" srcset=\"https:\/\/www.sisinternational.com\/wp-content\/uploads\/2025\/08\/Mexican-food-lunch-10.jpg 1456w, https:\/\/www.sisinternational.com\/wp-content\/uploads\/2025\/08\/Mexican-food-lunch-10-300x168.jpg 300w, https:\/\/www.sisinternational.com\/wp-content\/uploads\/2025\/08\/Mexican-food-lunch-10-1024x574.jpg 1024w, https:\/\/www.sisinternational.com\/wp-content\/uploads\/2025\/08\/Mexican-food-lunch-10-768x430.jpg 768w, https:\/\/www.sisinternational.com\/wp-content\/uploads\/2025\/08\/Mexican-food-lunch-10-18x10.jpg 18w\" sizes=\"auto, (max-width: 1456px) 100vw, 1456px\"><\/figure>\n\n\n\n<p><\/p>\n\n\n\n<h2 class=\"wp-block-heading\">\u00c9tude de march\u00e9 sur les ingr\u00e9dients pour aliments et boissons\u00a0: aper\u00e7u du march\u00e9<\/h2>\n\n\n\n<p>Les \u00e9tudes de march\u00e9 sur les ingr\u00e9dients des aliments et des boissons fournissent des informations vitales pour les acteurs importants de l\u2019industrie mondiale des aliments et des boissons. Les ingr\u00e9dients alimentaires sont des substances ajout\u00e9es aux produits alimentaires pendant la transformation pour am\u00e9liorer leur saveur, leur texture, leur apparence, leur stabilit\u00e9 et leur contenu nutritionnel. Ils peuvent \u00eatre naturels ou synth\u00e9tiques et sont utilis\u00e9s dans une large gamme de produits alimentaires et de boissons, notamment les produits de boulangerie, les produits laitiers, les boissons, les confiseries, les sauces, les vinaigrettes, etc.<\/p>\n\n\n\n<h2 class=\"wp-block-heading\">Avantages des ingr\u00e9dients alimentaires et boissons<\/h2>\n\n\n\n<h3 class=\"wp-block-heading\">Les ingr\u00e9dients des aliments et des boissons offrent de nombreux avantages \u00e0 l\u2019industrie agroalimentaire.<\/h3>\n\n\n\n<ul class=\"wp-block-list\">\n<li><strong>Go\u00fbt et saveur am\u00e9lior\u00e9s \u2013<\/strong> Les ingr\u00e9dients alimentaires tels que les ar\u00f4mes et les assaisonnements am\u00e9liorent le go\u00fbt et la saveur des produits alimentaires, leur conf\u00e9rant ainsi un avantage sur le march\u00e9.<\/li>\n\n\n\n<li><strong>Texture et apparence am\u00e9lior\u00e9es \u2013<\/strong> Les \u00e9mulsifiants, stabilisants et \u00e9paississants am\u00e9liorent la texture et l\u2019apparence des produits alimentaires, emp\u00eachant ainsi leur s\u00e9paration ou leur d\u00e9t\u00e9rioration.<\/li>\n\n\n\n<li><strong>Dur\u00e9e de conservation prolong\u00e9e \u2013<\/strong> Les additifs alimentaires, tels que les conservateurs et les antioxydants, prolongent la dur\u00e9e de conservation des produits alimentaires, minimisant ainsi le gaspillage alimentaire et b\u00e9n\u00e9ficiant \u00e0 la fois aux fabricants et aux consommateurs.<\/li>\n\n\n\n<li><strong>Am\u00e9lioration nutritionnelle \u2013<\/strong> Les ingr\u00e9dients alimentaires tels que les fortifiants, les vitamines et les min\u00e9raux am\u00e9liorent la valeur nutritionnelle des produits alimentaires, comblant ainsi les carences nutritionnelles et encourageant des choix alimentaires plus sains.<\/li>\n\n\n\n<li><strong>Am\u00e9lioration de la s\u00e9curit\u00e9 alimentaire \u2013<\/strong> Les agents antimicrobiens et les conservateurs jouent un r\u00f4le essentiel pour garantir la s\u00e9curit\u00e9 alimentaire, r\u00e9duire le risque de maladies contamin\u00e9es et pr\u00e9venir la d\u00e9t\u00e9rioration pendant le transport et le stockage.<\/li>\n\n\n\n<li><strong>D\u00e9veloppement de produits am\u00e9lior\u00e9 \u2013<\/strong> Les ingr\u00e9dients alimentaires favorisent l&#039;innovation en mati\u00e8re de produits, permettant le d\u00e9veloppement de produits sp\u00e9cialis\u00e9s pour des besoins alimentaires sp\u00e9cifiques ou des pr\u00e9f\u00e9rences des consommateurs et la cr\u00e9ation d&#039;exp\u00e9riences alimentaires uniques.<\/li>\n\n\n\n<li><strong>Commodit\u00e9 accrue \u2013<\/strong> Les ingr\u00e9dients alimentaires augmentent la commodit\u00e9 des produits alimentaires en permettant une dur\u00e9e de conservation plus longue, en r\u00e9duisant le besoin de r\u00e9frig\u00e9ration et en permettant un stockage et un transport simples, r\u00e9pondant ainsi au mode de vie tr\u00e9pidant d&#039;aujourd&#039;hui.<\/li>\n<\/ul>\n\n\n\n<p>Alors que la demande des consommateurs pour des options alimentaires plus saines, plus naturelles et plus durables continue d\u2019augmenter, l\u2019utilisation d\u2019ingr\u00e9dients dans les produits alimentaires et les boissons devrait augmenter, stimulant ainsi l\u2019innovation et la croissance du march\u00e9.<\/p>\n\n\n\n<h2 class=\"wp-block-heading\">\u00c9tude de march\u00e9 sur les ingr\u00e9dients pour aliments et boissons\u00a0: analyse du march\u00e9<\/h2>\n\n\n\n<figure class=\"gb-block-image gb-block-image-35f00f7f\"><img loading=\"lazy\" decoding=\"async\" width=\"1456\" height=\"816\" class=\"gb-image gb-image-35f00f7f\" src=\"https:\/\/www.sisinternational.com\/wp-content\/uploads\/2025\/08\/Mexican-food-lunch-11.jpg\" alt=\"\u00c9tudes de march\u00e9 et strat\u00e9gie internationales SIS\" title=\"Mexican food lunch (11)\" srcset=\"https:\/\/www.sisinternational.com\/wp-content\/uploads\/2025\/08\/Mexican-food-lunch-11.jpg 1456w, https:\/\/www.sisinternational.com\/wp-content\/uploads\/2025\/08\/Mexican-food-lunch-11-300x168.jpg 300w, https:\/\/www.sisinternational.com\/wp-content\/uploads\/2025\/08\/Mexican-food-lunch-11-1024x574.jpg 1024w, https:\/\/www.sisinternational.com\/wp-content\/uploads\/2025\/08\/Mexican-food-lunch-11-768x430.jpg 768w, https:\/\/www.sisinternational.com\/wp-content\/uploads\/2025\/08\/Mexican-food-lunch-11-18x10.jpg 18w\" sizes=\"auto, (max-width: 1456px) 100vw, 1456px\"><\/figure>\n\n\n\n<p><\/p>\n\n\n\n<p>Le march\u00e9 des ingr\u00e9dients alimentaires est extr\u00eamement comp\u00e9titif et caract\u00e9ris\u00e9 par un grand nombre d\u2019acteurs mondiaux. Le march\u00e9 est segment\u00e9 par type de produit, approvisionnement, application et g\u00e9ographie. Les ar\u00f4mes, les colorants, les conservateurs, les \u00e9mulsifiants, les enzymes, les \u00e9dulcorants, les vitamines et les min\u00e9raux font partie des diff\u00e9rentes cat\u00e9gories d&#039;ingr\u00e9dients alimentaires.<\/p>\n\n\n\n<p>Food ingredients can be derived from natural sources like fruits, vegetables, dairy, grains, and livestock, as well as synthetic sources. Food ingredients have numerous uses and can be found in numerous food and beverage products. The market is also categorized by region, with the largest markets located in North America, Europe, Asia-Pacific, Latin America, and the Middle <a href=\"https:\/\/www.sisinternational.com\/fr\/couverture\/etude-de-marche-en-afrique\/etude-de-marche-en-afrique-ouganda\/\" title=\"Etude de march\u00e9 en Ouganda, Afrique de l&#039;Est\"  data-wpil-monitor-id=\"6103\">East and Africa<\/a>.<\/p>\n\n\n\n<h2 class=\"wp-block-heading\">Tendances du march\u00e9 des \u00e9tudes de march\u00e9 sur les ingr\u00e9dients alimentaires et boissons<\/h2>\n\n\n\n<p>Les \u00e9tudes de march\u00e9 sur les ingr\u00e9dients alimentaires et boissons fournissent un aper\u00e7u des tendances les plus r\u00e9centes qui influencent l\u2019industrie alimentaire et des boissons. Les fabricants d\u2019ingr\u00e9dients alimentaires, les fournisseurs et les d\u00e9veloppeurs de produits alimentaires doivent \u00eatre conscients des tendances du march\u00e9 afin de rester comp\u00e9titifs et de satisfaire les demandes des consommateurs.<\/p>\n\n\n\n<p>Vous trouverez ci-dessous quelques-unes des tendances les plus importantes du march\u00e9 dans l\u2019industrie des ingr\u00e9dients alimentaires, sur la base des donn\u00e9es et des strat\u00e9gies des \u00e9tudes de march\u00e9 sur les ingr\u00e9dients alimentaires et de boissons\u00a0:<\/p>\n\n\n\n<ul class=\"wp-block-list\">\n<li><strong>Ingr\u00e9dients Clean Label\u00a0: <\/strong>Les consommateurs recherchent de plus en plus de transparence dans les produits alimentaires, ce qui entra\u00eene une augmentation de la demande d&#039;ingr\u00e9dients portant des \u00e9tiquettes propres. Les ingr\u00e9dients clean label sont des ingr\u00e9dients naturels ou peu transform\u00e9s qui sont facilement identifiables et compr\u00e9hensibles pour les consommateurs. Ils manquent d\u2019additifs synth\u00e9tiques, de conservateurs et d\u2019autres composants chimiques. Les ingr\u00e9dients clean label deviennent de plus en plus populaires en raison de leurs bienfaits per\u00e7us pour la sant\u00e9 et de la pr\u00e9f\u00e9rence pour des options alimentaires plus naturelles et nutritives.<\/li>\n\n\n\n<li><strong>Ingr\u00e9dients d&#039;origine v\u00e9g\u00e9tale\u00a0: <\/strong>Avec l\u2019essor des r\u00e9gimes alimentaires \u00e0 base de plantes et la prise de conscience croissante de la durabilit\u00e9 et des questions environnementales, l\u2019utilisation d\u2019ingr\u00e9dients alimentaires d\u2019origine v\u00e9g\u00e9tale est en augmentation. Les ingr\u00e9dients d&#039;origine v\u00e9g\u00e9tale proviennent de sources v\u00e9g\u00e9tales telles que les fruits, les l\u00e9gumes, les c\u00e9r\u00e9ales, les noix et les graines qui sont utilis\u00e9es dans de nombreux produits alimentaires et boissons. Compar\u00e9s aux ingr\u00e9dients d&#039;origine animale, ils sont consid\u00e9r\u00e9s comme plus sains et plus respectueux de l&#039;environnement, et sont donc pr\u00e9f\u00e9r\u00e9s par les consommateurs qui recherchent des options alimentaires \u00e0 base de plantes ou v\u00e9g\u00e9taliennes.<\/li>\n\n\n\n<li><strong>Ingr\u00e9dients fonctionnels\u00a0: <\/strong>Les ingr\u00e9dients fonctionnels sont ceux qui procurent des effets b\u00e9n\u00e9fiques sur la sant\u00e9 en plus de la nutrition de base. Ces ingr\u00e9dients sont ajout\u00e9s aux produits alimentaires pour am\u00e9liorer leur valeur nutritionnelle et promouvoir la sant\u00e9 et le bien-\u00eatre. Les probiotiques, les pr\u00e9biotiques, les antioxydants, les acides gras om\u00e9ga-3 et les fibres en sont quelques exemples. La demande d&#039;ingr\u00e9dients fonctionnels est motiv\u00e9e par la prise de conscience croissante des consommateurs du lien entre alimentation et sant\u00e9 et par leur d\u00e9sir d&#039;aliments nutritifs qui apportent des bienfaits suppl\u00e9mentaires pour la sant\u00e9 au-del\u00e0 de la nutrition de base.<\/li>\n<\/ul>\n\n\n\n<p>En outre, le march\u00e9 des ingr\u00e9dients alimentaires est influenc\u00e9 par des facteurs tels que les pr\u00e9f\u00e9rences variables des consommateurs pour des options alimentaires plus saines et plus naturelles, la demande croissante d&#039;aliments pr\u00eats \u00e0 l&#039;emploi et la sensibilisation croissante aux avantages des ingr\u00e9dients fonctionnels. En outre, l\u2019augmentation de la population mondiale, l\u2019urbanisation et la modification des modes de vie ont entra\u00een\u00e9 une augmentation de la demande d\u2019aliments transform\u00e9s et emball\u00e9s, ce qui a contribu\u00e9 \u00e0 l\u2019expansion du march\u00e9 des ingr\u00e9dients alimentaires.<\/p>\n\n\n\n<h2 class=\"wp-block-heading\">Ingr\u00e9dient pour aliments et boissons march\u00e9 M\u00e9thodologies de recherche<\/h2>\n\n\n\n<figure class=\"gb-block-image gb-block-image-c70da8d3\"><img loading=\"lazy\" decoding=\"async\" width=\"1456\" height=\"816\" class=\"gb-image gb-image-c70da8d3\" src=\"https:\/\/www.sisinternational.com\/wp-content\/uploads\/2025\/10\/Hotel-restaurant-1.jpg\" alt=\"\u00c9tudes de march\u00e9 et strat\u00e9gie internationales SIS\" title=\"Hotel restaurant (1)\" srcset=\"https:\/\/www.sisinternational.com\/wp-content\/uploads\/2025\/10\/Hotel-restaurant-1.jpg 1456w, https:\/\/www.sisinternational.com\/wp-content\/uploads\/2025\/10\/Hotel-restaurant-1-300x168.jpg 300w, https:\/\/www.sisinternational.com\/wp-content\/uploads\/2025\/10\/Hotel-restaurant-1-1024x574.jpg 1024w, https:\/\/www.sisinternational.com\/wp-content\/uploads\/2025\/10\/Hotel-restaurant-1-768x430.jpg 768w, https:\/\/www.sisinternational.com\/wp-content\/uploads\/2025\/10\/Hotel-restaurant-1-18x10.jpg 18w\" sizes=\"auto, (max-width: 1456px) 100vw, 1456px\"><\/figure>\n\n\n\n<p>The choice of research methods may vary depending on the research objectives, scope, and resources available for the <a href=\"https:\/\/www.sisinternational.com\/fr\/competence\/les-industries\/etude-de-marche-sur-les-ressources-naturelles\/\" title=\"\u00c9tude de march\u00e9 sur les ressources naturelles\"  data-wpil-monitor-id=\"4757\">Food and beverage ingredient market<\/a> research:<\/p>\n\n\n\n<ul class=\"wp-block-list\">\n<li>Mener des enqu\u00eates et des questionnaires aupr\u00e8s de publics cibles, notamment les fabricants de produits alimentaires, les fournisseurs et les consommateurs, afin de recueillir des informations sur les pr\u00e9f\u00e9rences en mati\u00e8re d&#039;ingr\u00e9dients, les mod\u00e8les d&#039;utilisation et les tendances du march\u00e9.<\/li>\n\n\n\n<li>R\u00e9aliser des entretiens approfondis avec des experts du secteur, des parties prenantes cl\u00e9s et des leaders d&#039;opinion influents afin d&#039;obtenir des informations qualitatives sur les tendances, les d\u00e9fis et les opportunit\u00e9s du march\u00e9.<\/li>\n\n\n\n<li>Analyzing data and <a href=\"https:\/\/www.sisinternational.com\/fr\/developpement-de-la-ville-de-hartford-connecticut\/\" title=\"\u00c9tude de march\u00e9 \u00e0 Hartford, Connecticut\"  data-wpil-monitor-id=\"1761\">strategies in Food and beverage ingredient market<\/a> research, reports, and evaluations in order to extract pertinent information on market trends, market size, growth rate, and market share.<\/li>\n\n\n\n<li>R\u00e9aliser une analyse approfondie du march\u00e9 en utilisant une vari\u00e9t\u00e9 d&#039;outils et de m\u00e9thodologies afin d&#039;\u00e9valuer le paysage concurrentiel, la dynamique du march\u00e9 et les tendances du march\u00e9.<\/li>\n\n\n\n<li>Examiner et analyser la litt\u00e9rature publi\u00e9e, les revues, les articles et les rapports de l&#039;industrie pour acqu\u00e9rir des informations sur les tendances du march\u00e9, les mises \u00e0 jour r\u00e9glementaires et les d\u00e9veloppements de l&#039;industrie concernant les march\u00e9s des ingr\u00e9dients alimentaires.<\/li>\n\n\n\n<li>Recherche observationnelle dans des contextes r\u00e9els, tels que les magasins de d\u00e9tail d&#039;alimentation et les \u00e9tablissements de restauration, pour collecter des donn\u00e9es sur l&#039;utilisation des ingr\u00e9dients, le positionnement des produits et le comportement des consommateurs.<\/li>\n<\/ul>\n\n\n\n<p>Utilizing data and strategies in <a href=\"https:\/\/www.sisinternational.com\/fr\/competence\/les-industries\/etude-de-marche-sur-les-services-publics\/\" title=\"\u00c9tude de march\u00e9 sur les services publics\"  data-wpil-monitor-id=\"4023\">food and beverage ingredient market<\/a> research can lead to more effective and efficient business operations, increased market share, and sustainable business growth in the dynamic and evolving food ingredient industry.<\/p>","protected":false},"excerpt":{"rendered":"<p>L\u2019\u00e9tude de march\u00e9 sur les ingr\u00e9dients alimentaires et boissons fournit des informations vitales pour les principaux acteurs mondiaux de l\u2019industrie alimentaire et des boissons.<\/p>","protected":false},"author":1,"featured_media":63962,"parent":22018,"menu_order":291,"comment_status":"closed","ping_status":"closed","template":"","meta":{"footnotes":""},"class_list":["post-42629","page","type-page","status-publish","has-post-thumbnail"],"_links":{"self":[{"href":"https:\/\/www.sisinternational.com\/fr\/wp-json\/wp\/v2\/pages\/42629","targetHints":{"allow":["GET"]}}],"collection":[{"href":"https:\/\/www.sisinternational.com\/fr\/wp-json\/wp\/v2\/pages"}],"about":[{"href":"https:\/\/www.sisinternational.com\/fr\/wp-json\/wp\/v2\/types\/page"}],"author":[{"embeddable":true,"href":"https:\/\/www.sisinternational.com\/fr\/wp-json\/wp\/v2\/users\/1"}],"replies":[{"embeddable":true,"href":"https:\/\/www.sisinternational.com\/fr\/wp-json\/wp\/v2\/comments?post=42629"}],"version-history":[{"count":8,"href":"https:\/\/www.sisinternational.com\/fr\/wp-json\/wp\/v2\/pages\/42629\/revisions"}],"predecessor-version":[{"id":79727,"href":"https:\/\/www.sisinternational.com\/fr\/wp-json\/wp\/v2\/pages\/42629\/revisions\/79727"}],"up":[{"embeddable":true,"href":"https:\/\/www.sisinternational.com\/fr\/wp-json\/wp\/v2\/pages\/22018"}],"wp:featuredmedia":[{"embeddable":true,"href":"https:\/\/www.sisinternational.com\/fr\/wp-json\/wp\/v2\/media\/63962"}],"wp:attachment":[{"href":"https:\/\/www.sisinternational.com\/fr\/wp-json\/wp\/v2\/media?parent=42629"}],"curies":[{"name":"wp","href":"https:\/\/api.w.org\/{rel}","templated":true}]}}