{"id":42627,"date":"2023-05-01T16:54:09","date_gmt":"2023-05-01T20:54:09","guid":{"rendered":"https:\/\/www.sisinternational.com\/?page_id=42627"},"modified":"2026-03-12T13:28:44","modified_gmt":"2026-03-12T17:28:44","slug":"etude-de-marche-sur-les-additifs-pour-boissons-alimentaires","status":"publish","type":"page","link":"https:\/\/www.sisinternational.com\/fr\/solutions\/etude-de-marche-sur-lindustrie-des-boissons-alimentaires\/etude-de-marche-sur-les-additifs-pour-boissons-alimentaires\/","title":{"rendered":"\u00c9tude de march\u00e9 sur les additifs alimentaires et boissons"},"content":{"rendered":"<h1 class=\"wp-block-heading\">\u00c9tude de march\u00e9 sur les additifs alimentaires et boissons<\/h1>\n\n\n\n<figure class=\"gb-block-image gb-block-image-7c5645a7\"><img loading=\"lazy\" decoding=\"async\" width=\"1456\" height=\"816\" class=\"gb-image gb-image-7c5645a7\" src=\"https:\/\/www.sisinternational.com\/wp-content\/uploads\/2025\/08\/Ready-to-Drink-RTD-Beverage-5.jpg\" alt=\"\u00c9tudes de march\u00e9 et strat\u00e9gie internationales SIS\" title=\"Ready to Drink (RTD) Beverage (5)\" srcset=\"https:\/\/www.sisinternational.com\/wp-content\/uploads\/2025\/08\/Ready-to-Drink-RTD-Beverage-5.jpg 1456w, https:\/\/www.sisinternational.com\/wp-content\/uploads\/2025\/08\/Ready-to-Drink-RTD-Beverage-5-300x168.jpg 300w, https:\/\/www.sisinternational.com\/wp-content\/uploads\/2025\/08\/Ready-to-Drink-RTD-Beverage-5-1024x574.jpg 1024w, https:\/\/www.sisinternational.com\/wp-content\/uploads\/2025\/08\/Ready-to-Drink-RTD-Beverage-5-768x430.jpg 768w, https:\/\/www.sisinternational.com\/wp-content\/uploads\/2025\/08\/Ready-to-Drink-RTD-Beverage-5-18x10.jpg 18w\" sizes=\"auto, (max-width: 1456px) 100vw, 1456px\"><\/figure>\n\n\n\n<p><\/p>\n\n\n\n<p>L\u2019\u00e9tude de march\u00e9 sur les additifs alimentaires et les boissons fournit un aper\u00e7u de l\u2019industrie des additifs alimentaires qui englobe un large \u00e9ventail de substances utilis\u00e9es pour am\u00e9liorer la qualit\u00e9, la s\u00e9curit\u00e9 et la commodit\u00e9 des aliments transform\u00e9s. Les additifs alimentaires sont d\u00e9finis comme toute substance intentionnellement ajout\u00e9e aux aliments \u00e0 des fins technologiques, fonctionnelles ou sensorielles et qui n&#039;est pas couramment consomm\u00e9e comme ingr\u00e9dient alimentaire. Avant de pouvoir \u00eatre utilis\u00e9s dans des produits alimentaires, ils sont g\u00e9n\u00e9ralement ajout\u00e9s en quantit\u00e9s infimes et sont soumis \u00e0 l\u2019approbation r\u00e9glementaire et aux \u00e9valuations de s\u00e9curit\u00e9. Ils servent \u00e0 diverses fins, notamment l\u2019am\u00e9lioration de la saveur, de la couleur, de la texture, de l\u2019ar\u00f4me, de la stabilit\u00e9 et de la s\u00e9curit\u00e9 des aliments.<\/p>\n\n\n\n<h2 class=\"wp-block-heading\">Types de produits d\u2019\u00e9tude de march\u00e9 sur les additifs alimentaires et de boissons<\/h2>\n\n\n\n<p>Les \u00e9tudes de march\u00e9 donnent un aper\u00e7u de certains types courants d\u2019additifs alimentaires et de boissons et de leurs fonctions. Il existe de nombreux types d\u2019additifs alimentaires, chacun avec ses fonctions sp\u00e9cifiques comme indiqu\u00e9 ci-dessous :<\/p>\n\n\n\n<ul class=\"wp-block-list\">\n<li><strong>Conservateurs \u2013<\/strong> Ces substances inhibent la prolif\u00e9ration de micro-organismes nocifs dans les produits alimentaires, prolongeant ainsi leur dur\u00e9e de conservation et garantissant leur s\u00e9curit\u00e9.<\/li>\n\n\n\n<li><strong>Antioxydants \u2013<\/strong> Ces additifs pr\u00e9viennent ou retardent l\u2019oxydation des graisses et des huiles contenues dans les produits alimentaires, emp\u00eachant ainsi le rancissement et augmentant la dur\u00e9e de conservation.<\/li>\n\n\n\n<li><strong>\u00c9mulsifiants \u2013<\/strong> Ces additifs alimentaires aident \u00e0 m\u00e9langer et \u00e0 stabiliser les ingr\u00e9dients non miscibles, tels que l&#039;huile et l&#039;eau, pour am\u00e9liorer la texture, la consistance et l&#039;apparence des produits alimentaires.<\/li>\n\n\n\n<li><strong>\u00c9dulcorants \u2013<\/strong> Ils donnent un go\u00fbt sucr\u00e9 aux produits alimentaires, de mani\u00e8re naturelle ou artificielle, sans influencer de mani\u00e8re significative la glyc\u00e9mie ni les calories.<\/li>\n\n\n\n<li><strong>Colorants \u2013<\/strong> Agents colorants qui rehaussent la couleur des produits alimentaires, augmentant ainsi leur attrait visuel et leur attrait pour le consommateur.<\/li>\n\n\n\n<li><strong>exhausteurs de go\u00fbt \u2013<\/strong> Additifs alimentaires qui am\u00e9liorent la saveur et l&#039;ar\u00f4me des produits alimentaires, augmentant ainsi leurs qualit\u00e9s sensorielles et leur app\u00e9tence globale.<\/li>\n\n\n\n<li><strong>Stabilisateurs \u2013<\/strong> Additifs qui aident \u00e0 maintenir la texture, la consistance et la stabilit\u00e9 des produits alimentaires, emp\u00eachant ainsi la s\u00e9paration ou la s\u00e9dimentation pendant le stockage ou la transformation.<\/li>\n\n\n\n<li><strong>\u00c9paississants \u2013<\/strong>\u00a0Ces additifs am\u00e9liorent la texture et la stabilit\u00e9 des produits alimentaires en augmentant leur viscosit\u00e9 ou leur \u00e9paisseur.<\/li>\n<\/ul>\n\n\n\n<p>Food and beverage additives are essential in modern food processing, as they play a crucial role in improving the stability and sensory properties of food products. Data and <a href=\"https:\/\/www.sisinternational.com\/fr\/developpement-de-la-ville-de-hartford-connecticut\/\" title=\"\u00c9tude de march\u00e9 \u00e0 Hartford, Connecticut\"  data-wpil-monitor-id=\"1764\">strategies in Food and Beverage Additive Market<\/a> Research help in understanding the types and functions of food additives is vital for food manufacturers, regulators, and consumers to ensure the safety and quality of food products in the market.<\/p>\n\n\n\n<h2 class=\"wp-block-heading\">Segments cl\u00e9s du march\u00e9<\/h2>\n\n\n\n<figure class=\"gb-block-image gb-block-image-306f4189\"><img loading=\"lazy\" decoding=\"async\" width=\"1456\" height=\"816\" class=\"gb-image gb-image-306f4189\" src=\"https:\/\/www.sisinternational.com\/wp-content\/uploads\/2025\/08\/Ready-to-Drink-RTD-Beverage-3.jpg\" alt=\"\u00c9tudes de march\u00e9 et strat\u00e9gie internationales SIS\" title=\"Ready to Drink (RTD) Beverage (3)\" srcset=\"https:\/\/www.sisinternational.com\/wp-content\/uploads\/2025\/08\/Ready-to-Drink-RTD-Beverage-3.jpg 1456w, https:\/\/www.sisinternational.com\/wp-content\/uploads\/2025\/08\/Ready-to-Drink-RTD-Beverage-3-300x168.jpg 300w, https:\/\/www.sisinternational.com\/wp-content\/uploads\/2025\/08\/Ready-to-Drink-RTD-Beverage-3-1024x574.jpg 1024w, https:\/\/www.sisinternational.com\/wp-content\/uploads\/2025\/08\/Ready-to-Drink-RTD-Beverage-3-768x430.jpg 768w, https:\/\/www.sisinternational.com\/wp-content\/uploads\/2025\/08\/Ready-to-Drink-RTD-Beverage-3-18x10.jpg 18w\" sizes=\"auto, (max-width: 1456px) 100vw, 1456px\"><\/figure>\n\n\n\n<p><\/p>\n\n\n\n<p>Ces derni\u00e8res ann\u00e9es, le march\u00e9 mondial des additifs alimentaires s&#039;est consid\u00e9rablement d\u00e9velopp\u00e9 en raison de facteurs tels que l&#039;\u00e9volution des pr\u00e9f\u00e9rences des consommateurs, la demande croissante d&#039;aliments transform\u00e9s et pr\u00eats \u00e0 servir et les innovations dans les technologies de transformation des aliments. Le march\u00e9 des additifs alimentaires et boissons est segment\u00e9 en fonction de plusieurs facteurs, notamment le type, l\u2019application, la source et la r\u00e9gion.<\/p>\n\n\n\n<p>Les informations recueillies pour les donn\u00e9es et les strat\u00e9gies dans l\u2019\u00e9tude de march\u00e9 sur les additifs alimentaires et les boissons comprennent les principaux segments du march\u00e9 des additifs alimentaires\u00a0:<\/p>\n\n\n\n<ul class=\"wp-block-list\">\n<li><strong>Segmentation bas\u00e9e sur le type\u00a0: <\/strong>Les additifs alimentaires peuvent \u00eatre class\u00e9s en diff\u00e9rents types en fonction de leurs fonctions, tels que les conservateurs, les antioxydants, les \u00e9dulcorants, les exhausteurs de go\u00fbt, les \u00e9mulsifiants, les colorants, les stabilisants, les \u00e9paississants et bien d&#039;autres. Chaque type d\u2019additif alimentaire r\u00e9pond \u00e0 un objectif sp\u00e9cifique dans la transformation des aliments et poss\u00e8de son segment de march\u00e9 unique. Par exemple, la demande de conservateurs naturels et d\u2019antioxydants est en hausse en raison de la pr\u00e9f\u00e9rence croissante des consommateurs pour les produits alimentaires naturels.<\/li>\n\n\n\n<li><strong>Segmentation bas\u00e9e sur les applications\u00a0: <\/strong>Dans l\u2019industrie agroalimentaire, les additifs sont utilis\u00e9s dans divers produits alimentaires, notamment les friandises et p\u00e2tisseries sucr\u00e9es, les boissons, les produits laitiers, la viande et la volaille, les sauces et vinaigrettes, ainsi que les collations. La demande d&#039;additifs alimentaires peut varier consid\u00e9rablement en fonction de leur utilisation dans diverses cat\u00e9gories de produits alimentaires. Dans l\u2019industrie laiti\u00e8re, par exemple, les \u00e9mulsifiants et les stabilisants sont couramment utilis\u00e9s pour am\u00e9liorer la texture et la stabilit\u00e9 des produits tels que les glaces, tandis que les conservateurs et les antioxydants sont couramment utilis\u00e9s pour prolonger la dur\u00e9e de conservation des viandes transform\u00e9es.<\/li>\n\n\n\n<li><strong>Segmentation bas\u00e9e sur la source\u00a0: <\/strong>Les additifs alimentaires peuvent provenir de diverses sources naturelles, synth\u00e9tiques et hybrides. Les additifs alimentaires naturels sont d\u00e9riv\u00e9s de sources naturelles telles que les fruits, les l\u00e9gumes, les herbes et les assaisonnements, tandis que les additifs alimentaires synth\u00e9tiques sont produits chimiquement en laboratoire. Les origines des additifs alimentaires hybrides sont \u00e0 la fois naturelles et synth\u00e9tiques. La demande du march\u00e9 en additifs alimentaires naturels a augment\u00e9 en raison de la pr\u00e9f\u00e9rence croissante des consommateurs pour les produits alimentaires naturels et clean label.<\/li>\n\n\n\n<li><strong>Segmentation r\u00e9gionale\u00a0: <\/strong>Des facteurs r\u00e9gionaux tels que les pr\u00e9f\u00e9rences des consommateurs, les pratiques alimentaires et les exigences r\u00e9glementaires peuvent influencer la demande d&#039;additifs alimentaires. Par exemple, le march\u00e9 nord-am\u00e9ricain des additifs alimentaires naturels a connu une croissance significative en raison d\u2019une prise de conscience croissante de la sant\u00e9 et du bien-\u00eatre, tandis que la r\u00e9gion Asie-Pacifique a connu une expansion rapide du march\u00e9 en raison de la consommation croissante d\u2019aliments transform\u00e9s et de l\u2019\u00e9volution des modes de vie.<\/li>\n<\/ul>\n\n\n\n<h2 class=\"wp-block-heading\">Croissance de l\u2019industrie des additifs alimentaires et boissons<\/h2>\n\n\n\n<p>L\u2019industrie des additifs alimentaires et boissons devrait conna\u00eetre une croissance constante dans les ann\u00e9es \u00e0 venir. La croissance de la demande d\u2019aliments transform\u00e9s, l\u2019\u00e9volution des pr\u00e9f\u00e9rences des consommateurs pour les produits naturels et clean label, les progr\u00e8s des technologies de transformation des aliments et les r\u00e9glementations plus strictes en mati\u00e8re de s\u00e9curit\u00e9 et de qualit\u00e9 des aliments sont quelques-uns des principaux moteurs de la croissance du march\u00e9. De plus, la prise de conscience croissante des avantages des additifs alimentaires, tels que l\u2019am\u00e9lioration des propri\u00e9t\u00e9s alimentaires, la dur\u00e9e de conservation prolong\u00e9e et l\u2019am\u00e9lioration de la qualit\u00e9 et de la s\u00e9curit\u00e9, stimule l\u2019adoption d\u2019additifs alimentaires dans l\u2019industrie agroalimentaire. Le march\u00e9 assiste \u00e9galement \u00e0 une \u00e9volution vers les additifs alimentaires naturels, les consommateurs \u00e9tant de plus en plus conscients des ingr\u00e9dients utilis\u00e9s dans ce qu&#039;ils mangent.<\/p>\n\n\n\n<h2 class=\"wp-block-heading\">\u00c0 propos de l\u2019\u00e9tude de march\u00e9 sur les additifs pour aliments et boissons<\/h2>\n\n\n\n<figure class=\"gb-block-image gb-block-image-0dae3fb5\"><img loading=\"lazy\" decoding=\"async\" width=\"1456\" height=\"816\" class=\"gb-image gb-image-0dae3fb5\" src=\"https:\/\/www.sisinternational.com\/wp-content\/uploads\/2025\/08\/Ready-to-Drink-RTD-Beverage-1.jpg\" alt=\"\u00c9tudes de march\u00e9 et strat\u00e9gie internationales SIS\" title=\"Ready to Drink (RTD) Beverage (1)\" srcset=\"https:\/\/www.sisinternational.com\/wp-content\/uploads\/2025\/08\/Ready-to-Drink-RTD-Beverage-1.jpg 1456w, https:\/\/www.sisinternational.com\/wp-content\/uploads\/2025\/08\/Ready-to-Drink-RTD-Beverage-1-300x168.jpg 300w, https:\/\/www.sisinternational.com\/wp-content\/uploads\/2025\/08\/Ready-to-Drink-RTD-Beverage-1-1024x574.jpg 1024w, https:\/\/www.sisinternational.com\/wp-content\/uploads\/2025\/08\/Ready-to-Drink-RTD-Beverage-1-768x430.jpg 768w, https:\/\/www.sisinternational.com\/wp-content\/uploads\/2025\/08\/Ready-to-Drink-RTD-Beverage-1-18x10.jpg 18w\" sizes=\"auto, (max-width: 1456px) 100vw, 1456px\"><\/figure>\n\n\n\n<p><\/p>\n\n\n\n<p><a href=\"https:\/\/www.sisinternational.com\/fr\/solutions\/etude-de-marche-sur-lindustrie-des-boissons-alimentaires\/\" title=\"\u00c9tude de march\u00e9 de l&#039;industrie alimentaire et des boissons\"  data-wpil-monitor-id=\"3639\">\u00c9tude de march\u00e9 sur les additifs alimentaires et boissons<\/a> provides insights into the future trends in the industry such as the changes in the demand for processed foods, shifting consumer preferences and advances in food processing technologies. In addition, the growing awareness of the benefits of food additives, such as enhanced visual properties, extended shelf life, and increased food safety, is accelerating the adoption of food additives in the food and beverage industry. As individuals become more aware of the ingredients in food products, the market is also experiencing a shift toward natural and clean-label food additives.<\/p>\n\n\n\n<p>Data and <a href=\"https:\/\/www.sisinternational.com\/fr\/etre-vert-ameliore-les-performances-en-cas-de-recession\/\" title=\"Comment r\u00e9duire les co\u00fbts dans votre entreprise\"  data-wpil-monitor-id=\"7459\">strategies in Food and Beverage Additive Market<\/a> Research can help businesses understand their competitors&#8217; strategies, discover strengths and weaknesses as well as market positioning, enabling them to develop effective competitive strategies.<\/p>\n\n\n\n<p>De plus, les r\u00e9sultats de la recherche aident les entreprises \u00e0 naviguer dans des paysages r\u00e9glementaires complexes, \u00e0 garantir le respect des r\u00e9glementations en mati\u00e8re de s\u00e9curit\u00e9 et de qualit\u00e9 des aliments et \u00e0 \u00e9viter des risques juridiques et de r\u00e9putation co\u00fbteux. Enfin, l\u2019\u00e9tude de march\u00e9 sur les additifs alimentaires et les boissons fournit des informations qui peuvent permettre \u00e0 tout acteur cl\u00e9 du secteur de prendre des d\u00e9cisions \u00e9clair\u00e9es, d\u2019optimiser ses op\u00e9rations et de garder une longueur d\u2019avance dans une industrie alimentaire et des boissons dynamique et comp\u00e9titive.<\/p>","protected":false},"excerpt":{"rendered":"<p>L\u2019\u00e9tude de march\u00e9 sur les additifs alimentaires et boissons fournit des informations sur les substances qui am\u00e9liorent la qualit\u00e9, la s\u00e9curit\u00e9 et la commodit\u00e9 des aliments transform\u00e9s.<\/p>","protected":false},"author":1,"featured_media":64856,"parent":22018,"menu_order":290,"comment_status":"closed","ping_status":"closed","template":"","meta":{"footnotes":""},"class_list":["post-42627","page","type-page","status-publish","has-post-thumbnail"],"_links":{"self":[{"href":"https:\/\/www.sisinternational.com\/fr\/wp-json\/wp\/v2\/pages\/42627","targetHints":{"allow":["GET"]}}],"collection":[{"href":"https:\/\/www.sisinternational.com\/fr\/wp-json\/wp\/v2\/pages"}],"about":[{"href":"https:\/\/www.sisinternational.com\/fr\/wp-json\/wp\/v2\/types\/page"}],"author":[{"embeddable":true,"href":"https:\/\/www.sisinternational.com\/fr\/wp-json\/wp\/v2\/users\/1"}],"replies":[{"embeddable":true,"href":"https:\/\/www.sisinternational.com\/fr\/wp-json\/wp\/v2\/comments?post=42627"}],"version-history":[{"count":7,"href":"https:\/\/www.sisinternational.com\/fr\/wp-json\/wp\/v2\/pages\/42627\/revisions"}],"predecessor-version":[{"id":81091,"href":"https:\/\/www.sisinternational.com\/fr\/wp-json\/wp\/v2\/pages\/42627\/revisions\/81091"}],"up":[{"embeddable":true,"href":"https:\/\/www.sisinternational.com\/fr\/wp-json\/wp\/v2\/pages\/22018"}],"wp:featuredmedia":[{"embeddable":true,"href":"https:\/\/www.sisinternational.com\/fr\/wp-json\/wp\/v2\/media\/64856"}],"wp:attachment":[{"href":"https:\/\/www.sisinternational.com\/fr\/wp-json\/wp\/v2\/media?parent=42627"}],"curies":[{"name":"wp","href":"https:\/\/api.w.org\/{rel}","templated":true}]}}