{"id":42625,"date":"2023-05-01T15:52:44","date_gmt":"2023-05-01T19:52:44","guid":{"rendered":"https:\/\/www.sisinternational.com\/?page_id=42625"},"modified":"2026-01-26T19:01:41","modified_gmt":"2026-01-27T00:01:41","slug":"etude-de-marche-sur-la-diversite-lequite-linclusion","status":"publish","type":"page","link":"https:\/\/www.sisinternational.com\/fr\/competence\/etude-de-marche-sur-la-diversite-lequite-linclusion\/","title":{"rendered":"\u00c9tude de march\u00e9 sur la diversit\u00e9, l\u2019\u00e9quit\u00e9 et l\u2019inclusion"},"content":{"rendered":"<h1 class=\"wp-block-heading\">\u00c9tude de march\u00e9 sur la diversit\u00e9, l\u2019\u00e9quit\u00e9 et l\u2019inclusion<\/h1>\n\n\n\n<figure class=\"gb-block-image gb-block-image-01da82c1\"><img loading=\"lazy\" decoding=\"async\" width=\"1456\" height=\"816\" class=\"gb-image gb-image-01da82c1\" src=\"https:\/\/www.sisinternational.com\/wp-content\/uploads\/2025\/08\/Inclusion-diversity-4.jpg\" alt=\"\u00c9tudes de march\u00e9 et strat\u00e9gie internationales SIS\" title=\"Inclusion diversity (4)\" srcset=\"https:\/\/www.sisinternational.com\/wp-content\/uploads\/2025\/08\/Inclusion-diversity-4.jpg 1456w, https:\/\/www.sisinternational.com\/wp-content\/uploads\/2025\/08\/Inclusion-diversity-4-300x168.jpg 300w, https:\/\/www.sisinternational.com\/wp-content\/uploads\/2025\/08\/Inclusion-diversity-4-1024x574.jpg 1024w, https:\/\/www.sisinternational.com\/wp-content\/uploads\/2025\/08\/Inclusion-diversity-4-768x430.jpg 768w, https:\/\/www.sisinternational.com\/wp-content\/uploads\/2025\/08\/Inclusion-diversity-4-18x10.jpg 18w\" sizes=\"auto, (max-width: 1456px) 100vw, 1456px\"><\/figure>\n\n\n\n<p><\/p>\n\n\n\n<p>Pour rester comp\u00e9titives et prot\u00e9ger leur r\u00e9putation dans un paysage commercial mondial en constante \u00e9volution, les organisations d&#039;aujourd&#039;hui doivent donner la priorit\u00e9 \u00e0 la diversit\u00e9, \u00e0 l&#039;\u00e9quit\u00e9 et \u00e0 l&#039;inclusion (DEI).<\/p>\n\n\n\n<p>Pour atteindre efficacement leurs objectifs DEI, les organisations doivent s\u2019appuyer sur des \u00e9tudes de march\u00e9 approfondies qui identifient les domaines \u00e0 am\u00e9liorer. En utilisant ces informations, ils peuvent cr\u00e9er un meilleur environnement de travail qui valorise la diversit\u00e9 et r\u00e9pond aux exigences actuelles des entreprises modernes.<\/p>\n\n\n\n<h2 class=\"wp-block-heading\">Qu\u2019est-ce que l\u2019\u00e9tude de march\u00e9 DEI ?<\/h2>\n\n\n\n<p>Les \u00e9tudes de march\u00e9 DEI sont un outil cl\u00e9 pour obtenir des informations pr\u00e9cieuses sur la mani\u00e8re dont les entreprises peuvent am\u00e9liorer la diversit\u00e9 et l\u2019inclusion sur leurs lieux de travail. Il s&#039;agit d&#039;une approche organis\u00e9e pour collecter, analyser et interpr\u00e9ter les donn\u00e9es associ\u00e9es \u00e0 l&#039;\u00e9quit\u00e9 en mati\u00e8re de diversit\u00e9 d&#039;une entreprise ainsi que ses directives d&#039;inclusivit\u00e9.<\/p>\n\n\n\n<p>De plus, mener ce type de recherche permet aux entreprises d&#039;\u00e9valuer o\u00f9 elles se situent par rapport aux normes DEI, car en identifiant les forces et les faiblesses li\u00e9es au DEI, les entreprises sont en mesure de cibler des domaines sp\u00e9cifiques n\u00e9cessitant une attention particuli\u00e8re. Gr\u00e2ce \u00e0 ces connaissances, ils peuvent am\u00e9liorer les processus d\u00e9cisionnels tout en favorisant une culture de travail inclusive.<\/p>\n\n\n\n<h2 class=\"wp-block-heading\">Le besoin croissant d\u2019\u00e9tudes de march\u00e9 DEI dans le monde des affaires moderne<\/h2>\n\n\n\n<figure class=\"gb-block-image gb-block-image-a111d754\"><img loading=\"lazy\" decoding=\"async\" width=\"1456\" height=\"816\" class=\"gb-image gb-image-a111d754\" src=\"https:\/\/www.sisinternational.com\/wp-content\/uploads\/2025\/08\/Inclusion-diversity-3.jpg\" alt=\"\u00c9tudes de march\u00e9 et strat\u00e9gie internationales SIS\" title=\"Inclusion diversity (3)\" srcset=\"https:\/\/www.sisinternational.com\/wp-content\/uploads\/2025\/08\/Inclusion-diversity-3.jpg 1456w, https:\/\/www.sisinternational.com\/wp-content\/uploads\/2025\/08\/Inclusion-diversity-3-300x168.jpg 300w, https:\/\/www.sisinternational.com\/wp-content\/uploads\/2025\/08\/Inclusion-diversity-3-1024x574.jpg 1024w, https:\/\/www.sisinternational.com\/wp-content\/uploads\/2025\/08\/Inclusion-diversity-3-768x430.jpg 768w, https:\/\/www.sisinternational.com\/wp-content\/uploads\/2025\/08\/Inclusion-diversity-3-18x10.jpg 18w\" sizes=\"auto, (max-width: 1456px) 100vw, 1456px\"><\/figure>\n\n\n\n<p><\/p>\n\n\n\n<p>Businesses around the world have made DEI <a href=\"https:\/\/www.sisinternational.com\/fr\/competence\/les-industries\/sur-les-meilleures-etudes-de-marche-sur-les-medias-ott\/\" title=\"\u00c9tude de march\u00e9 sur les m\u00e9dias sup\u00e9rieurs (OTT)\"  data-wpil-monitor-id=\"6207\">market research a top<\/a> priority. Diversity within organizations has become increasingly valued thanks largely due to its association with positive outcomes and social responsibility practices caused by evolving population growth and economic interdependence between countries. Some of the key drivers of DEI market research are:<\/p>\n\n\n\n<ul class=\"wp-block-list\">\n<li><strong>Evolution d\u00e9mographique\u00a0:<\/strong> \u00c0 mesure que la main-d\u2019\u0153uvre se diversifie, les organisations doivent s\u2019adapter. Cela signifie tenir compte d\u2019une gamme de perspectives, d\u2019exp\u00e9riences et de parcours. Par cons\u00e9quent, pour favoriser la diversit\u00e9, les entreprises devraient utiliser les \u00e9tudes de march\u00e9 DEI pour identifier et r\u00e9pondre aux besoins de leurs employ\u00e9s diversifi\u00e9s.<\/li>\n\n\n\n<li><strong>Mondialisation :<\/strong> Marketplace interconnectivity coupled and increased levels of international trade have created more intricate multinational landscapes for corporations. Thus, understanding cultural differences is key for organizations and DEI <a href=\"https:\/\/www.sisinternational.com\/fr\/competence\/les-industries\/dei-conseil-en-communication\/\" title=\"DEI Conseil en communication\"  data-wpil-monitor-id=\"7190\">\u00e9tude de march\u00e9<\/a> offers the necessary tools to tailor their strategies and communication styles to reach global audiences.<\/li>\n\n\n\n<li><strong>Sensibilisation accrue aux questions de justice sociale\u00a0:<\/strong> Le discours public croissant sur les questions de justice sociale a incit\u00e9 les entreprises \u00e0 examiner de plus pr\u00e8s leurs propres pratiques DEI. Les \u00e9tudes de march\u00e9 DEI permettent aux organisations d&#039;\u00e9valuer l&#039;impact de leurs politiques sur les communaut\u00e9s marginalis\u00e9es, en garantissant que leurs pratiques s&#039;alignent sur leurs engagements envers la DEI.<\/li>\n\n\n\n<li><strong>Avantages prouv\u00e9s d\u2019une main-d\u2019\u0153uvre diversifi\u00e9e\u00a0:<\/strong> Les groupes issus d\u2019horizons diff\u00e9rents sont plus performants lorsqu\u2019il s\u2019agit d\u2019aborder les probl\u00e8mes de mani\u00e8re cr\u00e9ative. La compr\u00e9hension de la diversit\u00e9 de la main-d&#039;\u0153uvre d&#039;une entreprise est am\u00e9lior\u00e9e gr\u00e2ce \u00e0 la r\u00e9alisation d&#039;\u00e9tudes de march\u00e9 DEI, qui permettent de tirer parti de leurs atouts pour accro\u00eetre la productivit\u00e9 et la rentabilit\u00e9.<\/li>\n\n\n\n<li><strong>Exigences l\u00e9gales et r\u00e9glementaires\u00a0:<\/strong> Since various countries have issued regulations that compel businesses to endorse diversity, using DEI <a href=\"https:\/\/www.sisinternational.com\/fr\/solutions\/legal-market-research\/\" title=\"Legal Market Research\"  data-wpil-monitor-id=\"2979\">market research helps companies minimize legal<\/a> risks and ensure compliance with regulations.<\/li>\n\n\n\n<li><strong>Attentes des consommateurs :<\/strong> Dans le march\u00e9 socialement conscient d&#039;aujourd&#039;hui, les consommateurs exigent de plus en plus que les entreprises d\u00e9montrent leur engagement envers la DEI. Les entreprises qui investissent dans les \u00e9tudes de march\u00e9 DEI peuvent mieux comprendre et r\u00e9pondre \u00e0 ces attentes, ce qui entra\u00eene une fid\u00e9lisation accrue des clients, une valeur de marque et une part de march\u00e9 accrues.<\/li>\n<\/ul>\n\n\n\n<h2 class=\"wp-block-heading\">Tendances \u00e9mergentes<\/h2>\n\n\n\n<ul class=\"wp-block-list\">\n<li><strong>Comp\u00e9tence culturelle:<\/strong> Cultural Competence means the ability and expertise in dealing proficiently with individuals hailing from varied social or ethnic groups by acknowledging their uniqueness. To ensure that they are able to respectfully and meaningfully interact with diverse consumer groups during their work researchers must possess cultural competence according to DEI <a href=\"https:\/\/www.sisinternational.com\/fr\/couverture\/etude-de-marche-en-asie\/etude-de-marche-au-timor\/\" title=\"\u00c9tude de march\u00e9 au Timor\"  data-wpil-monitor-id=\"4743\">market<\/a> research.<\/li>\n\n\n\n<li><strong>Accent sur la recherche qualitative\u00a0:<\/strong> Dans les \u00e9tudes de march\u00e9 DEI, l\u2019accent est de plus en plus mis sur les m\u00e9thodes qualitatives, m\u00eame si les approches quantitatives restent essentielles pour comprendre les tendances et les mod\u00e8les de comportement des consommateurs. Les approches de recherche qualitative, notamment des discussions de groupe ou des entretiens approfondis, peuvent donner un meilleur aper\u00e7u des exp\u00e9riences et des pr\u00e9f\u00e9rences des diff\u00e9rents segments de consommateurs raciaux et sociaux.<\/li>\n\n\n\n<li><strong>Utilisation de la technologie\u00a0:<\/strong> Les enqu\u00eates en ligne et les groupes de discussion virtuels ainsi que les m\u00e9dias sociaux font partie des diff\u00e9rentes fa\u00e7ons dont la technologie peut aider \u00e0 faciliter les \u00e9tudes de march\u00e9 DEI.<\/li>\n<\/ul>\n\n\n\n<h2 class=\"wp-block-heading\">Analyser les donn\u00e9es<\/h2>\n\n\n\n<ul class=\"wp-block-list\">\n<li><strong>\u00c9valuer l\u2019\u00e9tat actuel de la DEI au sein de l\u2019organisation ou du march\u00e9\u00a0:<\/strong> L&#039;analyse des donn\u00e9es fournit des informations pr\u00e9cieuses sur les initiatives de diversit\u00e9 existantes d&#039;une entreprise. Il s\u2019agit de comparer les r\u00e9sultats de la recherche aux normes industrielles pertinentes et aux KPI de l\u2019entreprise.<\/li>\n\n\n\n<li><strong>Identifiez les domaines d\u2019am\u00e9lioration et les opportunit\u00e9s potentielles\u00a0:<\/strong> D\u00e9tecter les lacunes ou le potentiel de croissance et d\u2019am\u00e9lioration des efforts DEI de l\u2019organisation gr\u00e2ce \u00e0 une \u00e9tude de march\u00e9 DEI appropri\u00e9e.<\/li>\n\n\n\n<li><strong>Analyser l\u2019efficacit\u00e9 des initiatives DEI existantes\u00a0:<\/strong> \u00c9valuez si les strat\u00e9gies et actions DEI actuelles de l\u2019organisation correspondent aux r\u00e9sultats souhait\u00e9s. Les \u00e9tudes de march\u00e9 DEI peuvent d\u00e9terminer si ces initiatives ont r\u00e9ussi \u00e0 g\u00e9n\u00e9rer un changement positif ou si des modifications sont n\u00e9cessaires.<\/li>\n\n\n\n<li><strong>Interpr\u00e9ter les r\u00e9sultats avec sensibilit\u00e9 culturelle\u00a0:<\/strong> Analyser correctement les donn\u00e9es des \u00e9tudes de march\u00e9 DEI n\u00e9cessite de prendre en compte les nuances culturelles et le contexte. Pour \u00e9viter de pr\u00e9sumer des facteurs culturels et d\u2019inclure des pr\u00e9jug\u00e9s dans la recherche, il est n\u00e9cessaire de refl\u00e9ter avec pr\u00e9cision les exp\u00e9riences de divers individus et communaut\u00e9s sensibles \u00e0 la culture.<\/li>\n<\/ul>\n\n\n\n<h2 class=\"wp-block-heading\">\u00c9tude de march\u00e9 sur l\u2019avenir de la diversit\u00e9, de l\u2019\u00e9quit\u00e9 et de l\u2019inclusion<\/h2>\n\n\n\n<figure class=\"gb-block-image gb-block-image-6232ab5a\"><img loading=\"lazy\" decoding=\"async\" width=\"1456\" height=\"816\" class=\"gb-image gb-image-6232ab5a\" src=\"https:\/\/www.sisinternational.com\/wp-content\/uploads\/2025\/08\/Inclusion-diversity-1.jpg\" alt=\"\u00c9tudes de march\u00e9 et strat\u00e9gie internationales SIS\" title=\"Inclusion diversity (1)\" srcset=\"https:\/\/www.sisinternational.com\/wp-content\/uploads\/2025\/08\/Inclusion-diversity-1.jpg 1456w, https:\/\/www.sisinternational.com\/wp-content\/uploads\/2025\/08\/Inclusion-diversity-1-300x168.jpg 300w, https:\/\/www.sisinternational.com\/wp-content\/uploads\/2025\/08\/Inclusion-diversity-1-1024x574.jpg 1024w, https:\/\/www.sisinternational.com\/wp-content\/uploads\/2025\/08\/Inclusion-diversity-1-768x430.jpg 768w, https:\/\/www.sisinternational.com\/wp-content\/uploads\/2025\/08\/Inclusion-diversity-1-18x10.jpg 18w\" sizes=\"auto, (max-width: 1456px) 100vw, 1456px\"><\/figure>\n\n\n\n<p><\/p>\n\n\n\n<p>Alors que DEI continue de gagner en importance dans le monde des affaires, les \u00e9tudes de march\u00e9 DEI joueront un r\u00f4le de plus en plus essentiel en aidant les organisations \u00e0 comprendre et \u00e0 aborder la dynamique complexe de la diversit\u00e9, de l\u2019\u00e9quit\u00e9 et de l\u2019inclusion. Par cons\u00e9quent, l\u2019avenir des \u00e9tudes de march\u00e9 DEI sera probablement fa\u00e7onn\u00e9 par les tendances \u00e9mergentes telles que\u00a0:<\/p>\n\n\n\n<ul class=\"wp-block-list\">\n<li><strong>Tendances et d\u00e9fis \u00e9mergents\u00a0:<\/strong> Les \u00e9tudes de march\u00e9 DEI devront suivre le rythme de l\u2019\u00e9volution rapide du paysage social, \u00e9conomique et politique ainsi que l\u2019\u00e9mergence de nouveaux probl\u00e8mes et d\u00e9fis en mati\u00e8re de justice sociale. Les chercheurs doivent rester inform\u00e9s de ces \u00e9volutions et adapter continuellement leurs m\u00e9thodologies et approches pour rester pertinents et efficaces.<\/li>\n\n\n\n<li><strong>Le r\u00f4le de la technologie dans l\u2019avancement de la recherche DEI\u00a0:<\/strong> Les progr\u00e8s technologiques tels que l\u2019intelligence artificielle, l\u2019apprentissage automatique et l\u2019analyse du Big Data transforment la fa\u00e7on dont les organisations collectent, analysent et interpr\u00e8tent les donn\u00e9es DEI. \u00c0 mesure que ces technologies continuent d\u2019\u00e9voluer, les \u00e9tudes de march\u00e9 DEI deviendront plus sophistiqu\u00e9es, permettant aux organisations d\u2019acqu\u00e9rir des connaissances plus approfondies et de d\u00e9velopper des strat\u00e9gies DEI plus cibl\u00e9es.<\/li>\n\n\n\n<li><strong>Le besoin croissant d\u2019\u00e9tudes de march\u00e9 DEI dans diverses industries :<\/strong> \u00c0 mesure que de plus en plus d\u2019industries reconnaissent l\u2019importance du DEI, il y aura une demande accrue d\u2019\u00e9tudes de march\u00e9 DEI dans divers secteurs. Les chercheurs devront d\u00e9velopper des approches et des m\u00e9thodologies sur mesure qui r\u00e9pondent aux d\u00e9fis et opportunit\u00e9s uniques de chaque industrie.<\/li>\n\n\n\n<li><strong>Inclusive <\/strong><a href=\"https:\/\/www.sisinternational.com\/fr\/competence\/les-industries\/etude-de-marche-sur-les-plastiques\/\" title=\"\u00c9tude de march\u00e9 sur les plastiques\"  data-wpil-monitor-id=\"3087\">research methods: DEI market<\/a> research will continue to prioritize intersectionality, recognizing that individuals&#8217; experiences are shaped by the intersection of multiple aspects of their identity. Researchers will need to adopt more inclusive research methods and approaches that capture the complexity of these experiences and ensure that all voices are heard and represented.<\/li>\n\n\n\n<li><strong>Int\u00e9gration de DEI dans tous les aspects de l\u2019entreprise\u00a0:<\/strong> \u00c0 mesure que la DEI s&#039;int\u00e8gre de plus en plus profond\u00e9ment dans tous les aspects des op\u00e9rations commerciales, les \u00e9tudes de march\u00e9 DEI joueront un r\u00f4le de plus en plus important en \u00e9clairant la prise de d\u00e9cision et le d\u00e9veloppement de strat\u00e9gies dans toutes les fonctions, de la gestion des talents au marketing et au d\u00e9veloppement de produits.<\/li>\n<\/ul>","protected":false},"excerpt":{"rendered":"<p>Pour rester comp\u00e9titives et prot\u00e9ger leur r\u00e9putation, les organisations d&#039;aujourd&#039;hui doivent donner la priorit\u00e9 aux \u00e9tudes de march\u00e9 sur la diversit\u00e9, l&#039;\u00e9quit\u00e9 et l&#039;inclusion.<\/p>","protected":false},"author":1,"featured_media":64811,"parent":14514,"menu_order":289,"comment_status":"closed","ping_status":"closed","template":"","meta":{"footnotes":""},"class_list":["post-42625","page","type-page","status-publish","has-post-thumbnail"],"_links":{"self":[{"href":"https:\/\/www.sisinternational.com\/fr\/wp-json\/wp\/v2\/pages\/42625","targetHints":{"allow":["GET"]}}],"collection":[{"href":"https:\/\/www.sisinternational.com\/fr\/wp-json\/wp\/v2\/pages"}],"about":[{"href":"https:\/\/www.sisinternational.com\/fr\/wp-json\/wp\/v2\/types\/page"}],"author":[{"embeddable":true,"href":"https:\/\/www.sisinternational.com\/fr\/wp-json\/wp\/v2\/users\/1"}],"replies":[{"embeddable":true,"href":"https:\/\/www.sisinternational.com\/fr\/wp-json\/wp\/v2\/comments?post=42625"}],"version-history":[{"count":9,"href":"https:\/\/www.sisinternational.com\/fr\/wp-json\/wp\/v2\/pages\/42625\/revisions"}],"predecessor-version":[{"id":80753,"href":"https:\/\/www.sisinternational.com\/fr\/wp-json\/wp\/v2\/pages\/42625\/revisions\/80753"}],"up":[{"embeddable":true,"href":"https:\/\/www.sisinternational.com\/fr\/wp-json\/wp\/v2\/pages\/14514"}],"wp:featuredmedia":[{"embeddable":true,"href":"https:\/\/www.sisinternational.com\/fr\/wp-json\/wp\/v2\/media\/64811"}],"wp:attachment":[{"href":"https:\/\/www.sisinternational.com\/fr\/wp-json\/wp\/v2\/media?parent=42625"}],"curies":[{"name":"wp","href":"https:\/\/api.w.org\/{rel}","templated":true}]}}