{"id":42623,"date":"2023-05-01T15:11:26","date_gmt":"2023-05-01T19:11:26","guid":{"rendered":"https:\/\/www.sisinternational.com\/?page_id=42623"},"modified":"2026-01-25T18:15:26","modified_gmt":"2026-01-25T23:15:26","slug":"etude-de-marche-des-distributeurs","status":"publish","type":"page","link":"https:\/\/www.sisinternational.com\/fr\/competence\/etude-de-marche-des-distributeurs\/","title":{"rendered":"\u00c9tude de march\u00e9 des distributeurs"},"content":{"rendered":"<h1 class=\"wp-block-heading\">\u00c9tude de march\u00e9 des distributeurs<\/h1>\n\n\n\n<figure class=\"gb-block-image gb-block-image-4612a3f9\"><img loading=\"lazy\" decoding=\"async\" width=\"1456\" height=\"816\" class=\"gb-image gb-image-4612a3f9\" src=\"https:\/\/www.sisinternational.com\/wp-content\/uploads\/2025\/09\/Focus-group-4-14.jpg\" alt=\"\u00c9tudes de march\u00e9 et strat\u00e9gie internationales SIS\" title=\"Focus group 4 (14)\" srcset=\"https:\/\/www.sisinternational.com\/wp-content\/uploads\/2025\/09\/Focus-group-4-14.jpg 1456w, https:\/\/www.sisinternational.com\/wp-content\/uploads\/2025\/09\/Focus-group-4-14-300x168.jpg 300w, https:\/\/www.sisinternational.com\/wp-content\/uploads\/2025\/09\/Focus-group-4-14-1024x574.jpg 1024w, https:\/\/www.sisinternational.com\/wp-content\/uploads\/2025\/09\/Focus-group-4-14-768x430.jpg 768w, https:\/\/www.sisinternational.com\/wp-content\/uploads\/2025\/09\/Focus-group-4-14-18x10.jpg 18w\" sizes=\"auto, (max-width: 1456px) 100vw, 1456px\"><\/figure>\n\n\n\n<p><\/p>\n\n\n\n<p>Alors que le march\u00e9 mondial continue de devenir de plus en plus comp\u00e9titif, l\u2019importance des \u00e9tudes de march\u00e9 des distributeurs ne peut \u00eatre sous-estim\u00e9e. Il s\u2019agit d\u2019un instrument crucial pour les entreprises qui souhaitent \u00e9tendre leur port\u00e9e et r\u00e9ussir \u00e0 long terme.<\/p>\n\n\n\n<p>Par cons\u00e9quent, les \u00e9tudes de march\u00e9 sur les distributeurs permettent aux organisations d\u2019identifier les perspectives de croissance, d\u2019\u00e9valuer le paysage concurrentiel et de prendre des d\u00e9cisions \u00e9clair\u00e9es concernant les canaux de distribution et les partenaires, sur la base d\u2019informations bas\u00e9es sur les donn\u00e9es.<\/p>\n\n\n\n<h2 class=\"wp-block-heading\">Comprendre les \u00e9tudes de march\u00e9 des distributeurs<\/h2>\n\n\n\n<p>L\u2019\u00e9tude de march\u00e9 des distributeurs est un processus syst\u00e9matique de collecte, d\u2019analyse et d\u2019interpr\u00e9tation de donn\u00e9es li\u00e9es \u00e0 la distribution des produits ou services d\u2019une entreprise. Cette recherche aide les entreprises \u00e0 prendre des d\u00e9cisions \u00e9clair\u00e9es concernant leurs strat\u00e9gies de distribution, \u00e0 identifier de nouvelles opportunit\u00e9s et \u00e0 optimiser leurs r\u00e9seaux de distribution. Pour comprendre l\u2019\u00e9tude de march\u00e9 des distributeurs, il est essentiel d\u2019examiner ces \u00e9l\u00e9ments cl\u00e9s :<\/p>\n\n\n\n<ul class=\"wp-block-list\">\n<li><strong>Analyse de march\u00e9:<\/strong> An in-depth examination of the target market and its potential for growth, prevalent trends, and consumer behavior empower enterprises to identify prospects, gain new <a href=\"https:\/\/www.sisinternational.com\/fr\/global-beverage-market\/\" title=\"Global Beverage Market: Market Dynamics, Growth Projections &amp; Consumer Insights\"  data-wpil-monitor-id=\"9504\">insights into the market dynamics<\/a> and reconfigure their distribution strategies.<\/li>\n\n\n\n<li><strong>Analyse comp\u00e9titive:<\/strong> Cela n\u00e9cessite une \u00e9valuation approfondie du paysage concurrentiel, comprenant une \u00e9valuation de la part de march\u00e9, des canaux de distribution, ainsi que des forces et des faiblesses de la concurrence.<\/li>\n\n\n\n<li><strong>Identification et \u00e9valuation des distributeurs\u00a0:<\/strong> R\u00e9aliser une \u00e9tude de march\u00e9 sur les distributeurs implique d&#039;identifier des partenaires de distribution prometteurs et de proc\u00e9der \u00e0 une \u00e9valuation approfondie de leur fiabilit\u00e9 et de leur compatibilit\u00e9 avec les principes et objectifs de l&#039;organisation. Cette approche syst\u00e9matique permet aux entreprises d&#039;\u00e9tablir un r\u00e9seau de distributeurs robuste qui favorise leur expansion.<\/li>\n\n\n\n<li><strong>Suivi et \u00e9valuation des performances\u00a0:<\/strong> Gr\u00e2ce aux \u00e9tudes de march\u00e9 des distributeurs, les entreprises peuvent surveiller de pr\u00e8s les mesures de performance critiques, identifier les opportunit\u00e9s d\u2019avancement et renforcer les alliances de distributeurs.<\/li>\n<\/ul>\n\n\n\n<h2 class=\"wp-block-heading\">Importance de l\u2019\u00e9tude de march\u00e9 des distributeurs pour les entreprises<\/h2>\n\n\n\n<p>By conducting distributor market research, <a href=\"https:\/\/www.sisinternational.com\/fr\/publications\/etude-de-marche-sur-les-entreprises-evolutives-7-facons-de-creer-une-entreprise-evolutive\/\" title=\"\u00c9tude de march\u00e9 sur les entreprises \u00e9volutives\u00a0: 7 fa\u00e7ons de cr\u00e9er une entreprise \u00e9volutive\"  data-wpil-monitor-id=\"9508\">businesses can better understand market<\/a> dynamics, assess the competitive landscape, and make informed decisions about their distribution strategies. Here are some key reasons why distributor market research is essential for businesses:<\/p>\n\n\n\n<ul class=\"wp-block-list\">\n<li>Les \u00e9tudes de march\u00e9 permettent aux entreprises de d\u00e9couvrir de nouveaux segments de march\u00e9, des canaux de distribution inexploit\u00e9s et de nouveaux march\u00e9s.<\/li>\n\n\n\n<li>En tirant parti des \u00e9tudes de march\u00e9 des distributeurs, les entreprises peuvent d\u00e9velopper des strat\u00e9gies cibl\u00e9es qui capitalisent efficacement sur les vuln\u00e9rabilit\u00e9s de leurs concurrents et se distinguent sur le march\u00e9.<\/li>\n\n\n\n<li>La r\u00e9alisation d&#039;\u00e9tudes de march\u00e9 fournit des informations pr\u00e9cieuses et bas\u00e9es sur des donn\u00e9es pour les entreprises cherchant \u00e0 optimiser leurs canaux de distribution.<\/li>\n\n\n\n<li>It enables companies to effectively <a href=\"https:\/\/www.sisinternational.com\/fr\/competence\/les-industries\/etude-de-marche-de-suivi-des-tendances\/\" title=\"\u00c9tude de march\u00e9 sur le suivi des tendances\"  data-wpil-monitor-id=\"9501\">track market trends<\/a>, determine customer preferences and keep abreast of any changes in the competitive landscape.<\/li>\n\n\n\n<li>En investissant dans des \u00e9tudes de march\u00e9 sur les distributeurs, les entreprises peuvent obtenir des informations pr\u00e9cieuses sur le secteur, les clients et les partenaires potentiels.<\/li>\n\n\n\n<li>Cette recherche permet aux entreprises d&#039;identifier et de s\u00e9lectionner les distributeurs les plus appropri\u00e9s en fonction de facteurs tels que leur taille, leur port\u00e9e g\u00e9ographique et la sp\u00e9cialisation des produits. Cela garantit l\u2019optimisation des canaux de distribution et un meilleur alignement avec les objectifs de l\u2019entreprise.<\/li>\n\n\n\n<li>Les \u00e9tudes de march\u00e9 sur les distributeurs peuvent am\u00e9liorer le niveau de communication et de compr\u00e9hension entre les entreprises et leurs partenaires de distribution. Cela ouvre la voie \u00e0 l\u2019\u00e9tablissement de relations solides, \u00e0 la promotion de la r\u00e9solution collaborative de probl\u00e8mes et \u00e0 la promotion de l\u2019innovation.<\/li>\n<\/ul>\n\n\n\n<h2 class=\"wp-block-heading\">Comment tirer parti des \u00e9tudes de march\u00e9 des distributeurs<\/h2>\n\n\n\n<h3 class=\"wp-block-heading\">Pour tirer pleinement parti des opportunit\u00e9s qui se pr\u00e9sentent, les entreprises doivent\u00a0:<\/h3>\n\n\n\n<ul class=\"wp-block-list\">\n<li><strong>Investissez dans la collecte et l\u2019analyse des donn\u00e9es\u00a0:<\/strong> Rassemblez et analysez des donn\u00e9es pertinentes provenant de plusieurs sources telles que des enqu\u00eates aupr\u00e8s des consommateurs, des rapports de ventes et des rapports de l&#039;industrie pour identifier les tendances et les opportunit\u00e9s.<\/li>\n\n\n\n<li><strong>Collaborez avec une soci\u00e9t\u00e9 d\u2019\u00e9tudes de march\u00e9 fiable\u00a0:<\/strong> Il est imp\u00e9ratif de s&#039;associer \u00e0 un organisme d&#039;\u00e9tudes de march\u00e9 bien \u00e9tabli pour garantir la pr\u00e9cision et la fiabilit\u00e9 des donn\u00e9es collect\u00e9es ainsi que des conclusions qui en sont tir\u00e9es.<\/li>\n\n\n\n<li><strong>Mettre en \u0153uvre un processus d\u2019apprentissage continu\u00a0:<\/strong> To <a href=\"https:\/\/www.sisinternational.com\/fr\/solutions\/innovation\/comment-faire-evoluer-une-entreprise\/\" title=\"Comment faire \u00e9voluer une entreprise | Atteindre une croissance exponentielle\"  data-wpil-monitor-id=\"9505\">achieve business growth<\/a>, it is crucial to incorporate new findings and insights into distribution strategies regularly. This proactive and adaptive approach ensures that businesses stay ahead of the curve and maintain a competitive edge.<\/li>\n\n\n\n<li><strong>Favoriser des relations solides avec les distributeurs\u00a0:<\/strong> Pour garantir que les donn\u00e9es et les informations sont partag\u00e9es efficacement, il est essentiel d\u2019\u00e9tablir et de maintenir une communication et une collaboration transparentes avec les partenaires de distribution. Cela favorise une relation synergique o\u00f9 les deux parties peuvent tirer parti de leurs forces pour parvenir \u00e0 un succ\u00e8s mutuel.<\/li>\n<\/ul>\n\n\n\n<h2 class=\"wp-block-heading\">Opportunit\u00e9s cl\u00e9s<\/h2>\n\n\n\n<h3 class=\"wp-block-heading\">En effectuant des \u00e9tudes de march\u00e9 sur les distributeurs, les entreprises peuvent d\u00e9bloquer une myriade d\u2019opportunit\u00e9s, notamment\u00a0:<\/h3>\n\n\n\n<ul class=\"wp-block-list\">\n<li><strong>Identifying <\/strong><a href=\"https:\/\/www.sisinternational.com\/fr\/publications\/comportement-de-lacheteur-apres-le-nouveau-consommateur-du-coronavirus\/\" title=\"Comportement des acheteurs apr\u00e8s le coronavirus \u2013 \u00c9tude de march\u00e9 de consommation\"  data-wpil-monitor-id=\"9506\">market trends and opportunities: Exploring consumer behavior<\/a> patterns, demographics, and purchasing habits can offer businesses an opportunity to identify current market trends and leverage novel opportunities.<\/li>\n\n\n\n<li><strong>Optimisation des canaux de distribution\u00a0:<\/strong> R\u00e9aliser une \u00e9tude de march\u00e9 sur les distributeurs peut s&#039;av\u00e9rer tr\u00e8s avantageux pour les entreprises souhaitant identifier les canaux de distribution et les partenaires les plus adapt\u00e9s. Cela peut contribuer \u00e0 rationaliser leurs cha\u00eenes d\u2019approvisionnement, conduisant finalement \u00e0 une efficacit\u00e9 accrue et \u00e0 une r\u00e9duction des co\u00fbts.<\/li>\n\n\n\n<li><strong>Gagner un avantage concurrentiel\u00a0:<\/strong> By leveraging this information, businesses can gain a competitive edge in the market and enhance their overall market position. Additionally, distributor market research can help businesses identify new opportunities and potential growth areas, enabling them to expand their <a href=\"https:\/\/www.sisinternational.com\/fr\/competence\/les-industries\/etude-de-marche-en-quincaillerie\/\" title=\"\u00c9tude de march\u00e9 sur les quincailleries et la r\u00e9novation domiciliaire\"  data-wpil-monitor-id=\"9507\">market reach and improve<\/a> their bottom line.<\/li>\n\n\n\n<li><a href=\"https:\/\/www.sisinternational.com\/fr\/elargir-la-portee-du-marche-grace-a-une-strategie-marketing-a-multiples-facettes\/\" title=\"\u00c9largir la port\u00e9e du march\u00e9 gr\u00e2ce \u00e0 une strat\u00e9gie marketing \u00e0 multiples facettes\"  data-wpil-monitor-id=\"9502\">Expanding market reach: By identifying potential new markets and distribution channels, distributor market research can aid businesses in expanding their reach<\/a> and tapping into untapped markets, ultimately driving growth and revenue.<\/li>\n\n\n\n<li><strong>Am\u00e9liorer l&#039;exp\u00e9rience client\u00a0:<\/strong> R\u00e9ussir en entreprise n\u00e9cessite une compr\u00e9hension approfondie des besoins et des pr\u00e9f\u00e9rences des clients. En effectuant des \u00e9tudes de march\u00e9, les distributeurs peuvent d\u00e9couvrir des informations pr\u00e9cieuses sur les attentes de leur client\u00e8le.<\/li>\n<\/ul>\n\n\n\n<h2 class=\"wp-block-heading\">D\u00e9fis<\/h2>\n\n\n\n<ul class=\"wp-block-list\">\n<li><strong>Des march\u00e9s fragment\u00e9s\u00a0:<\/strong> Le secteur de la distribution se caract\u00e9rise par un degr\u00e9 \u00e9lev\u00e9 de fragmentation. Il est courant de trouver de nombreuses petites et moyennes entreprises travaillant en tandem avec de grandes entreprises. Ce paysage complexe pose des d\u00e9fis importants en termes de collecte de donn\u00e9es, d\u2019analyse et d\u2019identification des tendances. En cons\u00e9quence, obtenir des informations compl\u00e8tes et pr\u00e9cises sur le secteur peut s\u2019av\u00e9rer assez difficile.<\/li>\n\n\n\n<li><strong>Acc\u00e8s limit\u00e9 \u00e0 l\u2019information\u00a0:<\/strong> <a href=\"https:\/\/www.sisinternational.com\/fr\/couverture\/etude-de-marche-en-asie\/etude-sur-la-taille-du-paysage-du-marche-asiatique\/\" title=\"\u00c9tude sur le paysage du march\u00e9 asiatique et le dimensionnement\"  data-wpil-monitor-id=\"9503\">Researching market size<\/a>, competition, and customer preferences can be a challenge for many analysts due to the confidentiality practices of distributors. Oftentimes, distributors opt to keep their business information private, making it difficult for researchers to obtain accurate data.<\/li>\n\n\n\n<li><strong>Forte concurrence et changements rapides\u00a0:<\/strong> L\u2019environnement dynamique des distributeurs est largement connu pour sa rivalit\u00e9 f\u00e9roce et ses transformations rapides, ce qui conduit \u00e0 la possibilit\u00e9 que les \u00e9tudes de march\u00e9 deviennent rapidement obsol\u00e8tes.<\/li>\n\n\n\n<li><strong>Diff\u00e9rences g\u00e9ographiques et culturelles :<\/strong> Lorsque l\u2019on \u00e9tudie les march\u00e9s des distributeurs, il est important de garder \u00e0 l\u2019esprit qu\u2019ils sont fortement influenc\u00e9s par des facteurs g\u00e9ographiques et culturels. Pour garantir des r\u00e9sultats pr\u00e9cis, les chercheurs doivent adapter leurs m\u00e9thodologies pour tenir compte de ces nuances et prendre en consid\u00e9ration les caract\u00e9ristiques uniques de chaque march\u00e9 local.<\/li>\n\n\n\n<li><strong>Barri\u00e8res r\u00e9glementaires et juridiques\u00a0:<\/strong> Researchers need to stay informed of the varying regulations that impact <a href=\"https:\/\/www.sisinternational.com\/fr\/couverture\/etude-de-marche-en-asie\/etude-de-marche-au-timor\/\" title=\"\u00c9tude de march\u00e9 au Timor\"  data-wpil-monitor-id=\"4747\">distributor<\/a> markets across different countries and regions. They can ensure that their research adheres to local laws and guidelines. Researchers must be mindful of these differences to avoid any legal complications and ensure the ethical conduct of their research.<\/li>\n\n\n\n<li><strong>B\u00e2tir la confiance et la cr\u00e9dibilit\u00e9\u00a0:<\/strong> \u00c9tablir la confiance et la cr\u00e9dibilit\u00e9 aupr\u00e8s des distributeurs est crucial pour mener une \u00e9tude de march\u00e9 efficace. Les chercheurs doivent d\u00e9montrer leur expertise et montrer qu\u2019ils comprennent les d\u00e9fis et opportunit\u00e9s uniques auxquels les distributeurs sont confront\u00e9s dans leurs secteurs respectifs.<\/li>\n\n\n\n<li><strong>Contraintes de temps et de ressources\u00a0:<\/strong> R\u00e9aliser une \u00e9tude approfondie du march\u00e9 des distributeurs peut prendre du temps et n\u00e9cessiter des ressources importantes. Les chercheurs doivent \u00e9quilibrer le besoin d\u2019informations compl\u00e8tes avec les contraintes de temps et de budget.<\/li>\n<\/ul>\n\n\n\n<p>SIS International propose des recherches quantitatives, qualitatives et strat\u00e9giques. Nous fournissons des donn\u00e9es, des outils, des strat\u00e9gies, des rapports et des informations pour la prise de d\u00e9cision. Nous menons des entretiens, des enqu\u00eates, des groupes de discussion et de nombreuses autres m\u00e9thodes et approches d&#039;\u00e9tudes de march\u00e9. Contactez-nous pour votre prochain projet d&#039;\u00e9tude de march\u00e9.<\/p>","protected":false},"excerpt":{"rendered":"<p>L\u2019\u00e9tude de march\u00e9 des distributeurs permet aux organisations d\u2019identifier les perspectives de croissance et de d\u00e9cider des canaux de distribution et des partenaires.<\/p>","protected":false},"author":1,"featured_media":66901,"parent":14514,"menu_order":288,"comment_status":"closed","ping_status":"closed","template":"","meta":{"footnotes":""},"class_list":["post-42623","page","type-page","status-publish","has-post-thumbnail"],"_links":{"self":[{"href":"https:\/\/www.sisinternational.com\/fr\/wp-json\/wp\/v2\/pages\/42623","targetHints":{"allow":["GET"]}}],"collection":[{"href":"https:\/\/www.sisinternational.com\/fr\/wp-json\/wp\/v2\/pages"}],"about":[{"href":"https:\/\/www.sisinternational.com\/fr\/wp-json\/wp\/v2\/types\/page"}],"author":[{"embeddable":true,"href":"https:\/\/www.sisinternational.com\/fr\/wp-json\/wp\/v2\/users\/1"}],"replies":[{"embeddable":true,"href":"https:\/\/www.sisinternational.com\/fr\/wp-json\/wp\/v2\/comments?post=42623"}],"version-history":[{"count":5,"href":"https:\/\/www.sisinternational.com\/fr\/wp-json\/wp\/v2\/pages\/42623\/revisions"}],"predecessor-version":[{"id":81586,"href":"https:\/\/www.sisinternational.com\/fr\/wp-json\/wp\/v2\/pages\/42623\/revisions\/81586"}],"up":[{"embeddable":true,"href":"https:\/\/www.sisinternational.com\/fr\/wp-json\/wp\/v2\/pages\/14514"}],"wp:featuredmedia":[{"embeddable":true,"href":"https:\/\/www.sisinternational.com\/fr\/wp-json\/wp\/v2\/media\/66901"}],"wp:attachment":[{"href":"https:\/\/www.sisinternational.com\/fr\/wp-json\/wp\/v2\/media?parent=42623"}],"curies":[{"name":"wp","href":"https:\/\/api.w.org\/{rel}","templated":true}]}}