{"id":42620,"date":"2023-05-01T13:12:33","date_gmt":"2023-05-01T17:12:33","guid":{"rendered":"https:\/\/www.sisinternational.com\/?page_id=42620"},"modified":"2026-01-25T19:08:21","modified_gmt":"2026-01-26T00:08:21","slug":"etude-de-marche-sur-les-trempettes","status":"publish","type":"page","link":"https:\/\/www.sisinternational.com\/fr\/competence\/etude-de-marche-sur-les-trempettes\/","title":{"rendered":"\u00c9tude de march\u00e9 sur les sauces \u00e0 trempette"},"content":{"rendered":"<h1 class=\"wp-block-heading\">\u00c9tude de march\u00e9 sur les sauces \u00e0 trempette<\/h1>\n\n\n\n<figure class=\"gb-block-image gb-block-image-0fa77bf1\"><img loading=\"lazy\" decoding=\"async\" width=\"1456\" height=\"816\" class=\"gb-image gb-image-0fa77bf1\" src=\"https:\/\/www.sisinternational.com\/wp-content\/uploads\/2025\/10\/Dipping-sauce-1.jpg\" alt=\"\u00c9tudes de march\u00e9 et strat\u00e9gie internationales SIS\" title=\"Dipping sauce (1)\" srcset=\"https:\/\/www.sisinternational.com\/wp-content\/uploads\/2025\/10\/Dipping-sauce-1.jpg 1456w, https:\/\/www.sisinternational.com\/wp-content\/uploads\/2025\/10\/Dipping-sauce-1-300x168.jpg 300w, https:\/\/www.sisinternational.com\/wp-content\/uploads\/2025\/10\/Dipping-sauce-1-1024x574.jpg 1024w, https:\/\/www.sisinternational.com\/wp-content\/uploads\/2025\/10\/Dipping-sauce-1-768x430.jpg 768w, https:\/\/www.sisinternational.com\/wp-content\/uploads\/2025\/10\/Dipping-sauce-1-18x10.jpg 18w\" sizes=\"auto, (max-width: 1456px) 100vw, 1456px\"><\/figure>\n\n\n\n<p><\/p>\n\n\n\n<h2 class=\"wp-block-heading\">Aper\u00e7u de l\u2019\u00e9tude de march\u00e9 sur les sauces trempettes<\/h2>\n\n\n\n<p>Les \u00e9tudes de march\u00e9 sur les sauces \u00e0 trempette fournissent des informations et des avantages strat\u00e9giques pour aider les entreprises \u00e0 prosp\u00e9rer dans le secteur concurrentiel et en constante \u00e9volution des sauces. L\u2019industrie des trempettes fait partie du march\u00e9 plus large des condiments et des sauces, qui comprend divers types de sauces, de vinaigrettes et de condiments utilis\u00e9s pour ajouter de la saveur aux aliments. Les trempettes, en particulier, sont g\u00e9n\u00e9ralement des sauces \u00e9paisses ou semi-\u00e9paisses qui sont servies avec des aliments \u00e0 tremper, tels que des collations, des entr\u00e9es, des amuse-gueules et des plats principaux. Les trempettes sont c\u00e9l\u00e8bres dans un large \u00e9ventail de cuisines et sont couramment utilis\u00e9es dans la restauration rapide, les repas d\u00e9contract\u00e9s et la cuisine maison.<\/p>\n\n\n\n<h2 class=\"wp-block-heading\">Segmentation de l\u2019\u00e9tude de march\u00e9 sur les sauces \u00e0 trempette<\/h2>\n\n\n\n<h3 class=\"wp-block-heading\">L\u2019industrie des trempettes peut \u00eatre segment\u00e9e en fonction de plusieurs facteurs. Voici quelques diff\u00e9rents types de produits que l\u2019on peut trouver dans l\u2019industrie des trempettes :<\/h3>\n\n\n\n<ul class=\"wp-block-list\">\n<li>Saveurs classiques, comme la vinaigrette ranch, le ketchup, la mayonnaise, la moutarde et la sauce barbecue.<\/li>\n\n\n\n<li>Go\u00fbts de sp\u00e9cialit\u00e9, tels que l&#039;a\u00efoli \u00e0 l&#039;ail, le chipotle, l&#039;aigre-doux, le teriyaki et l&#039;aigre-doux.<\/li>\n\n\n\n<li>Saveurs ethniques, comme le houmous, le tzatziki, la sauce aux prunes, la sauce soja et la sauce hoisin.<\/li>\n\n\n\n<li>Trempettes \u00e0 base de produits laitiers\u00a0: trempettes au fromage, trempettes au yogourt, trempettes \u00e0 la cr\u00e8me sure, etc.<\/li>\n\n\n\n<li>Trempettes v\u00e9g\u00e9taliennes\/\u00e0 base de plantes, comme le ranch v\u00e9g\u00e9talien, la mayonnaise v\u00e9g\u00e9talienne et le houmous v\u00e9g\u00e9talien.<\/li>\n\n\n\n<li>Trempettes saines telles que faibles en gras, faibles en sodium, biologiques, sans gluten, sans allerg\u00e8nes, etc.<\/li>\n\n\n\n<li>Trempettes \u00e0 base de fruits, comme les trempettes au yogourt aux fruits, la salsa aux fruits et le chutney de fruits.<\/li>\n\n\n\n<li>Trempettes pour desserts, comme les trempettes au chocolat, au caramel et au beurre de biscuits.<\/li>\n\n\n\n<li>Sauces \u00e9pic\u00e9es\/piquantes, comme les trempettes \u00e0 base de jalapenos ou de sauce piquante.<\/li>\n\n\n\n<li>Trempettes saisonni\u00e8res ou en \u00e9dition limit\u00e9e, comme la sauce aux canneberges et les trempettes aux \u00e9pices \u00e0 la citrouille.<\/li>\n\n\n\n<li>Les trempettes fabriqu\u00e9es avec la marque d&#039;un d\u00e9taillant ou d&#039;un restaurant sp\u00e9cifique et des recettes uniques sont connues sous le nom de trempettes de marque priv\u00e9e ou faites sur mesure.<\/li>\n<\/ul>\n\n\n\n<p>It&#8217;s important to note that these segments may overlap or vary depending on the specific <a href=\"https:\/\/www.sisinternational.com\/fr\/publications\/comportement-de-lacheteur-apres-le-nouveau-consommateur-du-coronavirus\/\" title=\"Comportement des acheteurs apr\u00e8s le coronavirus \u2013 \u00c9tude de march\u00e9 de consommation\"  data-wpil-monitor-id=\"9826\">market and consumer<\/a> preferences. Data and strategies in Dipping Sauce Market Research will help significant players understand the various segments in the Dipping Sauce industry. This can help <a href=\"https:\/\/www.sisinternational.com\/fr\/solutions\/recherche-de-conseil-en-strategie-fintech\/conseil-en-strategie-detude-de-marche-sur-lassurance-contre-les-pertes-dexploitation\/\" title=\"Assurance contre les pertes d\u2019exploitation \u00c9tude de march\u00e9 et conseil en strat\u00e9gie\"  data-wpil-monitor-id=\"9824\">businesses tailor their marketing strategies<\/a>, product development, and packaging options to meet the unique needs and likings of different customer groups.<\/p>\n\n\n\n<h2 class=\"wp-block-heading\">Avantages de l\u2019\u00e9tude de march\u00e9 sur les sauces trempettes<\/h2>\n\n\n\n<figure class=\"gb-block-image gb-block-image-75ff09d3\"><img loading=\"lazy\" decoding=\"async\" width=\"1456\" height=\"816\" class=\"gb-image gb-image-75ff09d3\" src=\"https:\/\/www.sisinternational.com\/wp-content\/uploads\/2025\/10\/Dipping-sauce-2.jpg\" alt=\"\u00c9tudes de march\u00e9 et strat\u00e9gie internationales SIS\" title=\"Dipping sauce (2)\" srcset=\"https:\/\/www.sisinternational.com\/wp-content\/uploads\/2025\/10\/Dipping-sauce-2.jpg 1456w, https:\/\/www.sisinternational.com\/wp-content\/uploads\/2025\/10\/Dipping-sauce-2-300x168.jpg 300w, https:\/\/www.sisinternational.com\/wp-content\/uploads\/2025\/10\/Dipping-sauce-2-1024x574.jpg 1024w, https:\/\/www.sisinternational.com\/wp-content\/uploads\/2025\/10\/Dipping-sauce-2-768x430.jpg 768w, https:\/\/www.sisinternational.com\/wp-content\/uploads\/2025\/10\/Dipping-sauce-2-18x10.jpg 18w\" sizes=\"auto, (max-width: 1456px) 100vw, 1456px\"><\/figure>\n\n\n\n<p><\/p>\n\n\n\n<p>Dipping Sauce Market Research provides insights that help businesses in the industry gain a competitive edge. Here are the main benefits of gathering data and strategies in <a href=\"https:\/\/www.sisinternational.com\/fr\/couverture\/les-ameriques\/couverture-des-etats-unis\/etude-de-marche-dans-le-maine\/\" title=\"Etude de march\u00e9 dans le Maine\"  data-wpil-monitor-id=\"5419\">\u00c9tude de march\u00e9 sur les sauces \u00e0 trempette<\/a> for any major player in the industry-<\/p>\n\n\n\n<p><strong>Explorer les pr\u00e9f\u00e9rences interculturelles<\/strong><\/p>\n\n\n\n<p>Partout dans le monde, les trempettes sont courantes dans une grande vari\u00e9t\u00e9 de cuisines et de cultures. Les \u00e9tudes de march\u00e9 peuvent mettre en lumi\u00e8re les pr\u00e9f\u00e9rences interculturelles en mati\u00e8re de trempettes, telles que les profils de saveur, les ingr\u00e9dients pr\u00e9f\u00e9r\u00e9s ou les tendances d\u2019utilisation. Cela peut aider les entreprises du secteur des trempettes \u00e0 cr\u00e9er des offres de trempettes sp\u00e9cifiques \u00e0 une r\u00e9gion ou \u00e0 une culture qui s\u00e9duiront une vari\u00e9t\u00e9 de go\u00fbts et de pr\u00e9f\u00e9rences des consommateurs dans divers domaines.<\/p>\n\n\n\n<p><strong>Identifier les opportunit\u00e9s de march\u00e9<\/strong><\/p>\n\n\n\n<p>Dans l\u2019industrie des sauces trempettes, la recherche marketing peut identifier des opportunit\u00e9s de march\u00e9 inexploit\u00e9es. En analysant les tendances du march\u00e9, les offres des concurrents et les commentaires des consommateurs, vous pouvez identifier les lacunes du march\u00e9 qui peuvent \u00eatre exploit\u00e9es pour cr\u00e9er des trempettes ou des campagnes marketing innovantes. Cela peut aider les entreprises \u00e0 rester comp\u00e9titives et \u00e0 conqu\u00e9rir une plus grande part de march\u00e9.<\/p>\n\n\n\n<p><strong><a href=\"https:\/\/www.sisinternational.com\/fr\/solutions\/solutions-de-branding-et-de-recherche-client\/etude-de-marche-sur-les-tests-de-produits\/new-product-concept-testing-methods\/\" title=\"New Product Concept Testing Methods\"  data-wpil-monitor-id=\"9820\">Tester les concepts de produits<\/a><\/strong><\/p>\n\n\n\n<p>Before launching a new dipping sauce product, it is necessary to evaluate its viability with the target market. Through concept testing, taste tests, and mock trials, data and <a href=\"https:\/\/www.sisinternational.com\/fr\/solutions\/croissance-mondiale\/conseil-en-strategie-marches-emergents\/\" title=\"Conseil en strat\u00e9gie pour les march\u00e9s \u00e9mergents\"  data-wpil-monitor-id=\"9827\">strategies in Dipping Sauce Market<\/a> can help garner feedback on product concepts, flavors, packaging, and pricing options. This can provide valuable insights into <a href=\"https:\/\/www.sisinternational.com\/fr\/73903-2\/\" title=\"Turn Consumer Flavor Preferences Into Winning Products\"  data-wpil-monitor-id=\"9823\">consumer preferences and assist in refining product<\/a> offerings in order to increase the likelihood of market success.<\/p>\n\n\n\n<p><strong>\u00c9valuation de la perception de la marque<\/strong><\/p>\n\n\n\n<p>Avant d\u2019introduire un nouveau produit de trempette sur le march\u00e9, sa viabilit\u00e9 doit \u00eatre d\u00e9termin\u00e9e. Gr\u00e2ce \u00e0 des tests de concept, des tests de go\u00fbt et des essais simul\u00e9s, les donn\u00e9es et strat\u00e9gies du march\u00e9 des sauces trempettes peuvent aider \u00e0 recueillir des commentaires sur les concepts de produits, les saveurs, l\u2019emballage et les alternatives de prix. Cela peut fournir des informations pr\u00e9cieuses sur les pr\u00e9f\u00e9rences des consommateurs et aider \u00e0 affiner les offres de produits pour augmenter la probabilit\u00e9 de succ\u00e8s sur le march\u00e9.<\/p>\n\n\n\n<p><strong>Identifier les tendances \u00e9mergentes en mati\u00e8re de saveurs<\/strong><\/p>\n\n\n\n<p>L\u2019\u00e9tude de march\u00e9 sur les sauces \u00e0 trempette fournit des informations qui peuvent permettre d\u2019identifier les tendances \u00e9mergentes en mati\u00e8re de saveurs dans l\u2019industrie. En restant au courant des pr\u00e9f\u00e9rences des consommateurs, des tendances culinaires et des innovations en mati\u00e8re de saveurs, les \u00e9tudes de march\u00e9 peuvent identifier des profils de saveurs distincts qui ne sont peut-\u00eatre pas encore largement disponibles sur le march\u00e9. Cela peut donner aux entreprises un avantage pr\u00e9coce dans le d\u00e9veloppement de nouvelles saveurs de sauces inventives qui peuvent attirer l&#039;attention des consommateurs et stimuler la demande.<\/p>\n\n\n\n<h2 class=\"wp-block-heading\">Principales entreprises<\/h2>\n\n\n\n<p>The Dipping Sauce industry is extremely competitive, with numerous participants operating on a range of scales, from multinational corporations to local or regional brands. On the basis of their market presence, brand recognition, and market share, the following <a href=\"https:\/\/www.sisinternational.com\/fr\/societe-danalyse-industrielle-de-premier-plan-a-new-york\/\" title=\"Meilleure soci\u00e9t\u00e9 d&#039;analyse industrielle \u00e0 New York\"  data-wpil-monitor-id=\"9822\">companies are among the industry&#8217;s top<\/a> leaders:<\/p>\n\n\n\n<ul class=\"wp-block-list\">\n<li>Entreprise alimentaire de Cholula<\/li>\n\n\n\n<li>Marques Conagra Inc.<\/li>\n\n\n\n<li>Aliments Del Monte, Inc.<\/li>\n\n\n\n<li>Dr. Oetker GmbH<\/li>\n\n\n\n<li>Frito-Lay, Inc. (une filiale de PepsiCo, Inc.)<\/li>\n\n\n\n<li>Moulins G\u00e9n\u00e9raux Inc.<\/li>\n\n\n\n<li>McCormick &amp; Compagnie, Inc.<\/li>\n\n\n\n<li>Nestl\u00e9 SA<\/li>\n\n\n\n<li>La soci\u00e9t\u00e9 Clorox<\/li>\n\n\n\n<li>Le groupe c\u00e9leste Hain, Inc.<\/li>\n\n\n\n<li>La soci\u00e9t\u00e9 Kraft Heinz<\/li>\n\n\n\n<li>Groupe Unilever<\/li>\n\n\n\n<li>Yihai International Holding Ltd.<\/li>\n<\/ul>\n\n\n\n<p>Comprendre les principaux acteurs de l\u2019industrie des trempettes est crucial pour les entreprises, car cela leur permet de comprendre le paysage concurrentiel, de se comparer aux leaders de l\u2019industrie et d\u2019identifier des opportunit\u00e9s potentielles de collaboration ou de partenariat afin de rester comp\u00e9titives et inform\u00e9es sur le march\u00e9.<\/p>\n\n\n\n<h2 class=\"wp-block-heading\">Facteurs de croissance<\/h2>\n\n\n\n<figure class=\"gb-block-image gb-block-image-e4b6aff4\"><img loading=\"lazy\" decoding=\"async\" width=\"1456\" height=\"816\" class=\"gb-image gb-image-e4b6aff4\" src=\"https:\/\/www.sisinternational.com\/wp-content\/uploads\/2025\/10\/Dipping-sauce-3.jpg\" alt=\"\u00c9tudes de march\u00e9 et strat\u00e9gie internationales SIS\" title=\"Dipping sauce (3)\" srcset=\"https:\/\/www.sisinternational.com\/wp-content\/uploads\/2025\/10\/Dipping-sauce-3.jpg 1456w, https:\/\/www.sisinternational.com\/wp-content\/uploads\/2025\/10\/Dipping-sauce-3-300x168.jpg 300w, https:\/\/www.sisinternational.com\/wp-content\/uploads\/2025\/10\/Dipping-sauce-3-1024x574.jpg 1024w, https:\/\/www.sisinternational.com\/wp-content\/uploads\/2025\/10\/Dipping-sauce-3-768x430.jpg 768w, https:\/\/www.sisinternational.com\/wp-content\/uploads\/2025\/10\/Dipping-sauce-3-18x10.jpg 18w\" sizes=\"auto, (max-width: 1456px) 100vw, 1456px\"><\/figure>\n\n\n\n<p><\/p>\n\n\n\n<p>Il existe plusieurs facteurs de croissance cl\u00e9s sur le march\u00e9 des trempettes. Les facteurs qui stimulent son expansion et cr\u00e9ent des opportunit\u00e9s pour les entreprises du secteur sont les suivants\u00a0:<\/p>\n\n\n\n<ul class=\"wp-block-list\">\n<li>La demande des consommateurs pour des saveurs diverses, des combinaisons distinctives et des ingr\u00e9dients de haute qualit\u00e9 est croissante.<\/li>\n\n\n\n<li>Changer les habitudes alimentaires et les tendances culinaires, comme les collations et les repas faits maison.<\/li>\n\n\n\n<li>Pr\u00e9f\u00e9rences croissantes pour les cuisines ethniques et internationales.<\/li>\n\n\n\n<li>Consid\u00e9rations relatives \u00e0 la sant\u00e9 et au bien-\u00eatre, telles que les options faibles en gras, en sodium, en sucre, biologiques et \u00e0 base de plantes.<\/li>\n\n\n\n<li>Commodit\u00e9 et consommation sur le pouce pour les collations, les plats \u00e0 emporter et les aliments pr\u00eats \u00e0 manger<\/li>\n\n\n\n<li>D\u00e9couverte de profils aromatiques innovants et distinctifs pour s\u00e9duire les consommateurs curieux.<\/li>\n\n\n\n<li>Rising demand in the <a href=\"https:\/\/www.sisinternational.com\/fr\/industrie-de-la-restauration\/\" title=\"Pleins feux sur l&#039;industrie de la restauration 2011\"  data-wpil-monitor-id=\"9821\">food service and hospitality industries<\/a>.<\/li>\n\n\n\n<li>Acc\u00e8s facile aux canaux de commerce \u00e9lectronique et de vente en ligne \u00e0 une grande vari\u00e9t\u00e9 de trempettes.<\/li>\n<\/ul>\n\n\n\n<p>These factors contribute to the expansion of the market for dipping sauces and present opportunities for companies operating in this industry. Understanding these factors and incorporating them into <a href=\"https:\/\/www.sisinternational.com\/fr\/solutions\/recherche-de-conseil-en-strategie-fintech\/etude-de-marche-sur-les-marches-des-capitaux\/\" title=\"\u00c9tude de march\u00e9 sur les march\u00e9s des capitaux\"  data-wpil-monitor-id=\"9825\">marketing strategies can assist businesses in capitalizing<\/a> on the increasing demand for dipping sauces and succeeding in the competitive market.<\/p>\n\n\n\n<h2 class=\"wp-block-heading\">\u00c0 propos de l\u2019\u00e9tude de march\u00e9 sur les sauces trempettes<\/h2>\n\n\n\n<p>Dipping Sauce market research offers businesses in the Dipping Sauce industry data-driven insights that can guide their decisions. Whether it&#8217;s deciding on new product launches, marketing strategies, pricing, or distribution channels, marketing research can give valuable information to aid in decision-making. Dipping Sauce Market Research provides insights into the information that can reduce the risk of making costly mistakes and increase the chances of success in the market. By utilizing data and strategies in <a href=\"https:\/\/www.sisinternational.com\/fr\/competence\/les-industries\/etude-de-marche-sur-les-services-publics\/\" title=\"\u00c9tude de march\u00e9 sur les services publics\"  data-wpil-monitor-id=\"4015\">\u00c9tude de march\u00e9 sur les sauces \u00e0 trempette<\/a>, businesses can improve their product offerings, enhance their brand image, and remain ahead of the competition, resulting in increased sales and profits.<\/p>","protected":false},"excerpt":{"rendered":"<p>Les \u00e9tudes de march\u00e9 sur les sauces \u00e0 trempette fournissent des informations et des avantages strat\u00e9giques pour aider les entreprises du secteur comp\u00e9titif et en constante \u00e9volution des sauces.<\/p>","protected":false},"author":1,"featured_media":71821,"parent":14514,"menu_order":287,"comment_status":"closed","ping_status":"closed","template":"","meta":{"footnotes":""},"class_list":["post-42620","page","type-page","status-publish","has-post-thumbnail"],"_links":{"self":[{"href":"https:\/\/www.sisinternational.com\/fr\/wp-json\/wp\/v2\/pages\/42620","targetHints":{"allow":["GET"]}}],"collection":[{"href":"https:\/\/www.sisinternational.com\/fr\/wp-json\/wp\/v2\/pages"}],"about":[{"href":"https:\/\/www.sisinternational.com\/fr\/wp-json\/wp\/v2\/types\/page"}],"author":[{"embeddable":true,"href":"https:\/\/www.sisinternational.com\/fr\/wp-json\/wp\/v2\/users\/1"}],"replies":[{"embeddable":true,"href":"https:\/\/www.sisinternational.com\/fr\/wp-json\/wp\/v2\/comments?post=42620"}],"version-history":[{"count":6,"href":"https:\/\/www.sisinternational.com\/fr\/wp-json\/wp\/v2\/pages\/42620\/revisions"}],"predecessor-version":[{"id":81632,"href":"https:\/\/www.sisinternational.com\/fr\/wp-json\/wp\/v2\/pages\/42620\/revisions\/81632"}],"up":[{"embeddable":true,"href":"https:\/\/www.sisinternational.com\/fr\/wp-json\/wp\/v2\/pages\/14514"}],"wp:featuredmedia":[{"embeddable":true,"href":"https:\/\/www.sisinternational.com\/fr\/wp-json\/wp\/v2\/media\/71821"}],"wp:attachment":[{"href":"https:\/\/www.sisinternational.com\/fr\/wp-json\/wp\/v2\/media?parent=42620"}],"curies":[{"name":"wp","href":"https:\/\/api.w.org\/{rel}","templated":true}]}}