{"id":42618,"date":"2023-04-30T21:51:25","date_gmt":"2023-05-01T01:51:25","guid":{"rendered":"https:\/\/www.sisinternational.com\/?page_id=42618"},"modified":"2026-02-15T14:18:08","modified_gmt":"2026-02-15T19:18:08","slug":"etude-de-marche-sur-les-medias-numeriques","status":"publish","type":"page","link":"https:\/\/www.sisinternational.com\/fr\/competence\/etude-de-marche-sur-les-medias-numeriques\/","title":{"rendered":"\u00c9tude de march\u00e9 sur les m\u00e9dias num\u00e9riques"},"content":{"rendered":"<h1 class=\"wp-block-heading\">\u00c9tude de march\u00e9 sur les m\u00e9dias num\u00e9riques<\/h1>\n\n\n\n<figure class=\"gb-block-image gb-block-image-3a730470\"><img loading=\"lazy\" decoding=\"async\" width=\"1456\" height=\"816\" class=\"gb-image gb-image-3a730470\" src=\"https:\/\/www.sisinternational.com\/wp-content\/uploads\/2025\/09\/Predictive-analytics-70.jpg\" alt=\"\u00c9tudes de march\u00e9 et strat\u00e9gie internationales SIS\" title=\"Predictive analytics (70)\" srcset=\"https:\/\/www.sisinternational.com\/wp-content\/uploads\/2025\/09\/Predictive-analytics-70.jpg 1456w, https:\/\/www.sisinternational.com\/wp-content\/uploads\/2025\/09\/Predictive-analytics-70-300x168.jpg 300w, https:\/\/www.sisinternational.com\/wp-content\/uploads\/2025\/09\/Predictive-analytics-70-1024x574.jpg 1024w, https:\/\/www.sisinternational.com\/wp-content\/uploads\/2025\/09\/Predictive-analytics-70-768x430.jpg 768w, https:\/\/www.sisinternational.com\/wp-content\/uploads\/2025\/09\/Predictive-analytics-70-18x10.jpg 18w\" sizes=\"auto, (max-width: 1456px) 100vw, 1456px\"><\/figure>\n\n\n\n<hr class=\"wp-block-separator has-alpha-channel-opacity is-style-dots\"\/>\n\n\n\n<p>Digital media refers to electronic content that one can send over the Internet. We can also use other computer networks for sending Digital Media Content. It includes various forms of digital communication. Examples are text, audio, images, and video. <a href=\"https:\/\/www.sisinternational.com\/fr\/la-transformation-numerique-dans-la-construction\/\" title=\"Transformation num\u00e9rique dans la construction\" data-wpil-monitor-id=\"2797\">Digital media has transformed<\/a> the way we consume and share information. It also has changed the way we communicate with others.<\/p>\n\n\n\n<p>Des exemples de m\u00e9dias num\u00e9riques incluent les sites Web et les plateformes de m\u00e9dias sociaux. Il comprend des fichiers audio et vid\u00e9o num\u00e9riques, des livres \u00e9lectroniques, des blogs et des podcasts. Les applications mobiles sont une autre forme de m\u00e9dia num\u00e9rique. Il en va de m\u00eame pour la publicit\u00e9 en ligne. Les m\u00e9dias num\u00e9riques permettent des exp\u00e9riences interactives et engageantes. Cela vous permet \u00e9galement de toucher un large public.<\/p>\n\n\n\n<h2 class=\"wp-block-heading\">Pourquoi les m\u00e9dias num\u00e9riques sont-ils importants ?<\/h2>\n\n\n\n<p>Les m\u00e9dias num\u00e9riques sont essentiels pour plusieurs raisons. L&#039;accessibilit\u00e9 est l&#039;une des principales raisons. Les m\u00e9dias num\u00e9riques ont rendu l\u2019information plus accessible que jamais. En quelques clics, les gens peuvent acc\u00e9der \u00e0 des informations sur n\u2019importe quel sujet depuis n\u2019importe o\u00f9 dans le monde.<br>Les m\u00e9dias num\u00e9riques permettent aux gens de consommer du contenu selon leur emploi du temps. C&#039;est donc une forme de communication pratique.<\/p>\n\n\n\n<p>Les m\u00e9dias num\u00e9riques offrent d\u2019autres moyens d\u2019interagir avec le contenu. Les utilisateurs ont tout, des vid\u00e9os interactives aux discussions sur les r\u00e9seaux sociaux. Au moins, cet engagement peut construire des relations plus solides entre les marques et les consommateurs.<\/p>\n\n\n\n<p>De plus, les m\u00e9dias num\u00e9riques permettent de diffuser des publicit\u00e9s et des messages cibl\u00e9s. Cela permettra aux marques d\u2019atteindre des publics sp\u00e9cifiques avec un contenu pertinent.<\/p>\n\n\n\n<p>Un autre point cl\u00e9 est que les m\u00e9dias num\u00e9riques fournissent des analyses d\u00e9taill\u00e9es sur le comportement des utilisateurs. De plus, cela permet aux marques de mesurer l\u2019efficacit\u00e9 de leurs campagnes. Une fois mesur\u00e9s, il est facile d\u2019ajuster leurs strat\u00e9gies.<\/p>\n\n\n\n<p>Les m\u00e9dias num\u00e9riques peuvent \u00eatre rentables pour les entreprises. Elle offre plus de valeur que les formes traditionnelles de publicit\u00e9, telles que les publicit\u00e9s t\u00e9l\u00e9vis\u00e9es ou radiophoniques.<\/p>\n\n\n\n<p>Les m\u00e9dias num\u00e9riques ont transform\u00e9 la fa\u00e7on dont nous communiquons, consommons des informations et menons nos affaires. De la m\u00eame mani\u00e8re, il fait d\u00e9sormais partie int\u00e9grante de notre vie quotidienne. Il continue d\u2019\u00e9voluer et de fa\u00e7onner la fa\u00e7on dont nous interagissons avec le monde.<\/p>\n\n\n\n<h2 class=\"wp-block-heading\">Titres de poste cl\u00e9s<\/h2>\n\n\n\n<figure class=\"gb-block-image gb-block-image-dc9bc9bf\"><img decoding=\"async\" class=\"gb-image gb-image-dc9bc9bf\" src=\"https:\/\/www.sisinternational.com\/wp-content\/uploads\/2025\/08\/Social-media-3.jpg\" alt=\"\u00c9tudes de march\u00e9 et strat\u00e9gie internationales SIS\" title=\"Social media (3)\"><\/figure>\n\n\n\n<p><\/p>\n\n\n\n<h3 class=\"wp-block-heading\">Les m\u00e9dias num\u00e9riques sont un vaste domaine qui englobe de nombreux titres de poste diff\u00e9rents. Voici quelques-uns des titres de poste critiques dans les m\u00e9dias num\u00e9riques\u00a0:<\/h3>\n\n\n\n<ul class=\"wp-block-list\">\n<li><strong>Responsable marketing num\u00e9rique\u00a0:<\/strong> Responsable du d\u00e9veloppement et de l&#039;ex\u00e9cution des campagnes de marketing num\u00e9rique. Ces campagnes font la promotion des produits ou des services d&#039;une entreprise.<\/li>\n\n\n\n<li><strong>Gestionnaire des m\u00e9dias sociaux\u00a0:<\/strong> G\u00e8re la pr\u00e9sence d&#039;une entreprise sur les r\u00e9seaux sociaux. Ce manager d\u00e9veloppe \u00e9galement des strat\u00e9gies pour augmenter l&#039;engagement et augmenter le nombre de followers.<\/li>\n\n\n\n<li><strong>Cr\u00e9ateur\/R\u00e9dacteur de contenu\u00a0:<\/strong> Cr\u00e9e du contenu pour les sites Web et les blogs. Le cr\u00e9ateur de contenu \u00e9crit \u00e9galement pour les r\u00e9seaux sociaux et d\u2019autres plateformes num\u00e9riques.<\/li>\n\n\n\n<li><strong>Designer graphique:<\/strong> Con\u00e7oit du contenu visuel pour les sites Web, les m\u00e9dias sociaux et autres plateformes num\u00e9riques.<\/li>\n\n\n\n<li><strong>Producteur vid\u00e9o\u00a0:<\/strong> Cr\u00e9e du contenu vid\u00e9o pour les sites Web, les r\u00e9seaux sociaux et autres plateformes num\u00e9riques.<\/li>\n\n\n\n<li><strong>D\u00e9veloppeur web:<\/strong> Construit et maintient des sites Web et des applications Web.<\/li>\n\n\n\n<li><strong>Sp\u00e9cialiste SEO\u00a0:<\/strong> Optimise les sites Web et le contenu num\u00e9rique pour am\u00e9liorer le classement des moteurs de recherche.<\/li>\n\n\n\n<li><strong>Gestionnaire d&#039;analyses\u00a0:<\/strong> Analyse les donn\u00e9es num\u00e9riques pour mesurer l\u2019efficacit\u00e9 des campagnes. Le responsable analytique identifie \u00e9galement les opportunit\u00e9s d\u2019am\u00e9lioration.<\/li>\n\n\n\n<li><strong>Concepteur UX\/UI\u00a0:<\/strong> Con\u00e7oit des interfaces utilisateur et des exp\u00e9riences utilisateur pour les sites Web. Ils con\u00e7oivent \u00e9galement des applications mobiles et d\u2019autres plateformes num\u00e9riques.<\/li>\n\n\n\n<li><strong>Responsable e-commerce\u00a0:<\/strong> G\u00e8re les ventes et les op\u00e9rations en ligne pour un site Web de commerce \u00e9lectronique.<\/li>\n<\/ul>\n\n\n\n<p>Ce ne sont l\u00e0 que quelques-uns des titres de poste critiques dans les m\u00e9dias num\u00e9riques. Le domaine \u00e9volue. Ainsi, de nouveaux titres de poste et de nouveaux r\u00f4les apparaissent \u00e0 mesure que la technologie progresse.<\/p>\n\n\n\n<h2 class=\"wp-block-heading\">Pourquoi les entreprises ont-elles besoin d\u2019une \u00e9tude de march\u00e9 sur les m\u00e9dias num\u00e9riques ?<\/h2>\n\n\n\n<p>Les entreprises ont besoin des m\u00e9dias num\u00e9riques pour diverses raisons. La port\u00e9e est l\u2019une des principales raisons. Il permet aux entreprises d\u2019atteindre un public beaucoup plus large que les canaux marketing traditionnels. Avec la bonne strat\u00e9gie, les entreprises peuvent entrer en contact avec des personnes du monde entier. Ils peuvent cibler des donn\u00e9es d\u00e9mographiques sp\u00e9cifiques avec pr\u00e9cision.<\/p>\n\n\n\n<p>Les m\u00e9dias num\u00e9riques permettent aux entreprises d&#039;interagir avec leurs clients en temps r\u00e9el. Cet engagement peut \u00e9tablir des relations plus solides avec les clients et am\u00e9liorer la fid\u00e9lit\u00e9 \u00e0 la marque.<\/p>\n\n\n\n<p>Les m\u00e9dias num\u00e9riques peuvent constituer un moyen rentable d\u2019atteindre un large public. Par exemple, la publicit\u00e9 sur les r\u00e9seaux sociaux est beaucoup plus abordable que les canaux publicitaires traditionnels.<\/p>\n\n\n\n<p>Les m\u00e9dias num\u00e9riques fournissent des analyses d\u00e9taill\u00e9es sur le comportement des utilisateurs. Ces analyses peuvent aider les entreprises \u00e0 mesurer l&#039;efficacit\u00e9 de leurs campagnes. Ainsi, ils peuvent ajuster leurs strat\u00e9gies.<\/p>\n\n\n\n<p>\u00c0 l\u2019\u00e8re num\u00e9rique d\u2019aujourd\u2019hui, les entreprises doivent avoir une solide pr\u00e9sence num\u00e9rique. Ceux qui n\u2019ont pas une telle pr\u00e9sence risquent de se laisser distancer par leurs concurrents. Avoir une solide strat\u00e9gie de m\u00e9dias num\u00e9riques peut aider les entreprises \u00e0 rester comp\u00e9titives. Cela les maintient \u00e9galement pertinents dans leur secteur.<\/p>\n\n\n\n<p>Les m\u00e9dias num\u00e9riques permettent aux entreprises d&#039;interagir avec leurs clients. Ils peuvent faire des affaires selon les horaires de leurs clients. Ces facteurs peuvent conduire \u00e0 une meilleure satisfaction des clients.<\/p>\n\n\n\n<p>Les m\u00e9dias num\u00e9riques sont un outil puissant. Cela peut aider les entreprises \u00e0 atteindre et \u00e0 interagir avec leur public cible. Cela leur permet \u00e9galement de mesurer l\u2019efficacit\u00e9 de leurs campagnes marketing. Ainsi, ils peuvent rester comp\u00e9titifs dans l\u2019environnement commercial en \u00e9volution rapide d\u2019aujourd\u2019hui.<\/p>\n\n\n\n<h2 class=\"wp-block-heading\">Facteurs cl\u00e9s de succ\u00e8s<\/h2>\n\n\n\n<figure class=\"gb-block-image gb-block-image-b6426cf8\"><img loading=\"lazy\" decoding=\"async\" width=\"1456\" height=\"816\" class=\"gb-image gb-image-b6426cf8\" src=\"https:\/\/www.sisinternational.com\/wp-content\/uploads\/2025\/08\/Social-media-5.jpg\" alt=\"\u00c9tudes de march\u00e9 et strat\u00e9gie internationales SIS\" title=\"Social media (5)\" srcset=\"https:\/\/www.sisinternational.com\/wp-content\/uploads\/2025\/08\/Social-media-5.jpg 1456w, https:\/\/www.sisinternational.com\/wp-content\/uploads\/2025\/08\/Social-media-5-300x168.jpg 300w, https:\/\/www.sisinternational.com\/wp-content\/uploads\/2025\/08\/Social-media-5-1024x574.jpg 1024w, https:\/\/www.sisinternational.com\/wp-content\/uploads\/2025\/08\/Social-media-5-768x430.jpg 768w, https:\/\/www.sisinternational.com\/wp-content\/uploads\/2025\/08\/Social-media-5-18x10.jpg 18w\" sizes=\"auto, (max-width: 1456px) 100vw, 1456px\"><\/figure>\n\n\n\n<p><\/p>\n\n\n\n<p>Il existe plusieurs facteurs de r\u00e9ussite critiques \u00e0 prendre en compte pour une strat\u00e9gie de m\u00e9dias num\u00e9riques. L\u2019un des plus importants est d\u2019avoir des objectifs clairs. Il est essentiel de comprendre les objectifs de la strat\u00e9gie m\u00e9dia num\u00e9rique. En fait, cette compr\u00e9hension aidera \u00e0 orienter l\u2019\u00e9laboration du plan d\u2019action. C&#039;est aussi un moyen de l&#039;aligner sur les objectifs de l&#039;entreprise.<\/p>\n\n\n\n<p>Comprendre le public cible est essentiel pour d\u00e9velopper une strat\u00e9gie m\u00e9dia num\u00e9rique efficace. Les entreprises doivent \u00e9tudier le comportement, les pr\u00e9f\u00e9rences et les int\u00e9r\u00eats de leur public. De cette fa\u00e7on, ils peuvent s\u2019assurer de fournir un contenu qui les int\u00e9resse.<\/p>\n\n\n\n<p>Un contenu de haute qualit\u00e9 est essentiel pour interagir avec le public. C\u2019est \u00e9galement vital si vous souhaitez fid\u00e9liser vos abonn\u00e9s. Le contenu doit \u00eatre pertinent, informatif et engageant. Il serait utile de l&#039;adapter au public cible.<\/p>\n\n\n\n<p>La coh\u00e9rence est vitale lorsqu\u2019il s\u2019agit de m\u00e9dias num\u00e9riques. Vous devez fournir le contenu r\u00e9guli\u00e8rement. Le message doit \u00eatre coh\u00e9rent sur tous les canaux.<\/p>\n\n\n\n<p>L&#039;analyse est essentielle pour mesurer l&#039;efficacit\u00e9 de la strat\u00e9gie m\u00e9diatique num\u00e9rique. Les entreprises doivent suivre des mesures telles que l&#039;engagement, la port\u00e9e et les taux de conversion. De cette fa\u00e7on, ils peuvent comprendre comment fonctionne le syst\u00e8me. Ils peuvent \u00e9galement identifier les domaines \u00e0 am\u00e9liorer.<\/p>\n\n\n\n<p>Le paysage des m\u00e9dias num\u00e9riques \u00e9volue. Les entreprises doivent \u00eatre flexibles et adaptables pour suivre les changements. Ils devront exp\u00e9rimenter de nouvelles approches. Ils doivent \u00e9galement ajuster la strat\u00e9gie si n\u00e9cessaire.<\/p>\n\n\n\n<p>Les entreprises doivent int\u00e9grer les m\u00e9dias num\u00e9riques dans leur strat\u00e9gie commerciale. Ils ne devraient pas consid\u00e9rer cela comme une activit\u00e9 autonome. Ils doivent l&#039;aligner sur les valeurs et les objectifs de la marque. Les entreprises devraient \u00e9galement l&#039;int\u00e9grer \u00e0 d&#039;autres activit\u00e9s de marketing. C&#039;est la meilleure fa\u00e7on de cr\u00e9er une approche coh\u00e9rente.<\/p>\n\n\n\n<p>Les entreprises doivent prendre en compte ces facteurs critiques de succ\u00e8s. Ils peuvent les utiliser pour d\u00e9velopper une strat\u00e9gie m\u00e9diatique num\u00e9rique efficace et engageante. Ces facteurs de r\u00e9ussite contribueront \u00e0 produire des r\u00e9sultats.<\/p>\n\n\n\n<h2 class=\"wp-block-heading\">\u00c0 propos de l\u2019\u00e9tude de march\u00e9 sur les m\u00e9dias num\u00e9riques<\/h2>\n\n\n\n<p>At SIS International, we conduct two main types of market research. We do Quantitative and Qualitative Market Research. An essential element of <a class=\"wpil_keyword_link\" href=\"https:\/\/www.sisinternational.com\/fr\/top-5-benefits-of-conducting-quantitative-market-research\/\" title=\"Top 5 Benefits of Conducting Quantitative Market Research\" data-wpil-keyword-link=\"linked\" data-wpil-monitor-id=\"692\">\u00c9tude de march\u00e9 quantitative<\/a> is Surveys. Qualitative Market Research uses tools like Focus Groups and In-depth Interviews.<\/p>\n\n\n\n<p>Market Research allows you to understand your competitors. We make it easy for you by providing Competitive Analysis coupled with <a class=\"wpil_keyword_link\" href=\"https:\/\/www.sisinternational.com\/fr\/solutions\/conseil-en-strategie\/recherche-dentree-sur-le-marche\/\" title=\"Recherche d&#039;entr\u00e9e sur le march\u00e9\" data-wpil-keyword-link=\"linked\" data-wpil-monitor-id=\"362\">Recherche d&#039;entr\u00e9e sur le march\u00e9<\/a>. We also offer UX, Strategy, Market Opportunity, and <a href=\"https:\/\/www.sisinternational.com\/fr\/competence\/les-industries\/etude-de-marche-sur-la-volaille\/\" title=\"\u00c9tude de march\u00e9 sur la volaille\" data-wpil-monitor-id=\"3091\">Recherche sur la taille du march\u00e9<\/a>. Contact SIS for a consultation today!<\/p>\n\n\n\n<p><\/p>","protected":false},"excerpt":{"rendered":"<p>Les m\u00e9dias num\u00e9riques ont rendu l\u2019information plus accessible que jamais, car les gens acc\u00e8dent \u00e0 des informations sur n\u2019importe quel sujet depuis n\u2019importe o\u00f9 dans le monde.<\/p>","protected":false},"author":1,"featured_media":70286,"parent":14514,"menu_order":286,"comment_status":"closed","ping_status":"closed","template":"","meta":{"footnotes":""},"class_list":["post-42618","page","type-page","status-publish","has-post-thumbnail"],"_links":{"self":[{"href":"https:\/\/www.sisinternational.com\/fr\/wp-json\/wp\/v2\/pages\/42618","targetHints":{"allow":["GET"]}}],"collection":[{"href":"https:\/\/www.sisinternational.com\/fr\/wp-json\/wp\/v2\/pages"}],"about":[{"href":"https:\/\/www.sisinternational.com\/fr\/wp-json\/wp\/v2\/types\/page"}],"author":[{"embeddable":true,"href":"https:\/\/www.sisinternational.com\/fr\/wp-json\/wp\/v2\/users\/1"}],"replies":[{"embeddable":true,"href":"https:\/\/www.sisinternational.com\/fr\/wp-json\/wp\/v2\/comments?post=42618"}],"version-history":[{"count":7,"href":"https:\/\/www.sisinternational.com\/fr\/wp-json\/wp\/v2\/pages\/42618\/revisions"}],"predecessor-version":[{"id":82694,"href":"https:\/\/www.sisinternational.com\/fr\/wp-json\/wp\/v2\/pages\/42618\/revisions\/82694"}],"up":[{"embeddable":true,"href":"https:\/\/www.sisinternational.com\/fr\/wp-json\/wp\/v2\/pages\/14514"}],"wp:featuredmedia":[{"embeddable":true,"href":"https:\/\/www.sisinternational.com\/fr\/wp-json\/wp\/v2\/media\/70286"}],"wp:attachment":[{"href":"https:\/\/www.sisinternational.com\/fr\/wp-json\/wp\/v2\/media?parent=42618"}],"curies":[{"name":"wp","href":"https:\/\/api.w.org\/{rel}","templated":true}]}}