{"id":42612,"date":"2023-04-30T20:59:12","date_gmt":"2023-05-01T00:59:12","guid":{"rendered":"https:\/\/www.sisinternational.com\/?page_id=42612"},"modified":"2026-01-27T16:48:50","modified_gmt":"2026-01-27T21:48:50","slug":"etude-de-marche-des-concessionnaires","status":"publish","type":"page","link":"https:\/\/www.sisinternational.com\/fr\/competence\/etude-de-marche-des-concessionnaires\/","title":{"rendered":"\u00c9tude de march\u00e9 des concessionnaires"},"content":{"rendered":"<h1 class=\"wp-block-heading\">\u00c9tude de march\u00e9 des concessionnaires<\/h1>\n\n\n\n<figure class=\"gb-block-image gb-block-image-31a8fdb2\"><img loading=\"lazy\" decoding=\"async\" width=\"1456\" height=\"816\" class=\"gb-image gb-image-31a8fdb2\" src=\"https:\/\/www.sisinternational.com\/wp-content\/uploads\/2025\/09\/European-food-delivery-2.jpg\" alt=\"\u00c9tudes de march\u00e9 et strat\u00e9gie internationales SIS\" title=\"European food delivery (2)\" srcset=\"https:\/\/www.sisinternational.com\/wp-content\/uploads\/2025\/09\/European-food-delivery-2.jpg 1456w, https:\/\/www.sisinternational.com\/wp-content\/uploads\/2025\/09\/European-food-delivery-2-300x168.jpg 300w, https:\/\/www.sisinternational.com\/wp-content\/uploads\/2025\/09\/European-food-delivery-2-1024x574.jpg 1024w, https:\/\/www.sisinternational.com\/wp-content\/uploads\/2025\/09\/European-food-delivery-2-768x430.jpg 768w, https:\/\/www.sisinternational.com\/wp-content\/uploads\/2025\/09\/European-food-delivery-2-18x10.jpg 18w\" sizes=\"auto, (max-width: 1456px) 100vw, 1456px\"><\/figure>\n\n\n\n<p><\/p>\n\n\n\n<div>Le monde des affaires est en constante \u00e9volution et rester en avance sur la concurrence n\u00e9cessite une compr\u00e9hension approfondie du paysage du march\u00e9 \u2013 et les \u00e9tudes de march\u00e9 des concessionnaires offrent une analyse compl\u00e8te du paysage des concessionnaires, fournissant des informations pr\u00e9cieuses sur les tendances du secteur, les pr\u00e9f\u00e9rences des clients et les partenaires potentiels. L&#039;importance de cette recherche r\u00e9side dans sa capacit\u00e9 \u00e0 influencer les d\u00e9cisions strat\u00e9giques d&#039;une entreprise, notamment la s\u00e9lection des concessionnaires appropri\u00e9s, l&#039;am\u00e9lioration des r\u00e9seaux de concessionnaires et l&#039;optimisation de la satisfaction client.<\/div>\n\n\n\n<h2 class=\"wp-block-heading\">Comprendre les \u00e9tudes de march\u00e9 des concessionnaires<\/h2>\n\n\n\n<p>L\u2019\u00e9tude de march\u00e9 des concessionnaires est un \u00e9l\u00e9ment essentiel \u00e0 la r\u00e9ussite commerciale, car elle aide les entreprises \u00e0 naviguer dans le paysage complexe des r\u00e9seaux de concessionnaires et garantit qu\u2019elles sont bien \u00e9quip\u00e9es pour prendre des d\u00e9cisions \u00e9clair\u00e9es.<\/p>\n\n\n\n<p>Comprendre les \u00e9tudes de march\u00e9 des concessionnaires implique une exploration compl\u00e8te des concessionnaires, notamment les tendances du secteur, les pr\u00e9f\u00e9rences des clients, les types de concessionnaires et les partenaires potentiels. Cette recherche permet \u00e9galement aux entreprises de prendre des d\u00e9cisions \u00e9clair\u00e9es et d\u2019\u00e9laborer des strat\u00e9gies efficaces de croissance et de r\u00e9ussite.<\/p>\n\n\n\n<p>Il aide les entreprises \u00e0 s\u00e9lectionner le concessionnaire appropri\u00e9 en fonction de facteurs tels que la pr\u00e9sence sur le march\u00e9, la taille du concessionnaire, la couverture g\u00e9ographique, la gamme de produits et le domaine d&#039;expertise, entre autres \u00e9l\u00e9ments. De m\u00eame, il pr\u00e9sente les tendances du secteur, les taux de croissance, les opportunit\u00e9s et les d\u00e9fis pour d\u00e9velopper des strat\u00e9gies efficaces.<\/p>\n\n\n\n<h2 class=\"wp-block-heading\">Le r\u00f4le des \u00e9tudes de march\u00e9 des concessionnaires dans la r\u00e9ussite commerciale<\/h2>\n\n\n\n<ul class=\"wp-block-list\">\n<li><strong>Prise de d\u00e9cision \u00e9clair\u00e9e\u00a0:<\/strong> Les \u00e9tudes de march\u00e9 des concessionnaires fournissent des informations essentielles sur les inclinations des clients et les tactiques des concurrents, permettant aux entreprises de prendre des d\u00e9cisions \u00e9clair\u00e9es concernant les partenariats avec les concessionnaires, les portefeuilles de produits et les segments cibles.<\/li>\n\n\n\n<li><strong>S\u00e9lection optimale des revendeurs\u00a0:<\/strong> Gr\u00e2ce \u00e0 la mise en \u0153uvre d&#039;\u00e9tudes de march\u00e9 compl\u00e8tes sur les concessionnaires, les entreprises peuvent identifier efficacement les concessionnaires partenaires les plus appropri\u00e9s en fonction de facteurs critiques tels que leur taille, leur port\u00e9e g\u00e9ographique, leur portefeuille de produits et leur position au sein du secteur.<\/li>\n\n\n\n<li><strong>Satisfaction client am\u00e9lior\u00e9e :<\/strong> Les entreprises peuvent obtenir des informations pr\u00e9cieuses sur le comportement d\u2019achat des clients. Gr\u00e2ce \u00e0 ces donn\u00e9es, les entreprises peuvent personnaliser leurs offres de produits et leurs tactiques marketing pour r\u00e9pondre aux demandes de leur public cible.<\/li>\n\n\n\n<li><strong>Augmentation de la part de march\u00e9\u00a0:<\/strong> En identifiant les tendances du march\u00e9, les opportunit\u00e9s inexploit\u00e9es et les menaces potentielles, les organisations peuvent capitaliser sur les opportunit\u00e9s de croissance, surpasser leurs concurrents et augmenter leur part de march\u00e9.<\/li>\n\n\n\n<li><strong>Des relations plus solides avec les concessionnaires\u00a0:<\/strong> Les \u00e9tudes de march\u00e9 des concessionnaires facilitent une meilleure communication et une meilleure compr\u00e9hension entre les entreprises et leurs partenaires concessionnaires. Cela favorise des relations plus solides, la r\u00e9solution collaborative de probl\u00e8mes et l\u2019innovation.<\/li>\n<\/ul>\n\n\n\n<h2 class=\"wp-block-heading\">Les tendances actuelles<\/h2>\n\n\n\n<figure class=\"gb-block-image gb-block-image-cab99223\"><img loading=\"lazy\" decoding=\"async\" width=\"1456\" height=\"816\" class=\"gb-image gb-image-cab99223\" src=\"https:\/\/www.sisinternational.com\/wp-content\/uploads\/2025\/09\/European-food-delivery-3.jpg\" alt=\"\u00c9tudes de march\u00e9 et strat\u00e9gie internationales SIS\" title=\"European food delivery (3)\" srcset=\"https:\/\/www.sisinternational.com\/wp-content\/uploads\/2025\/09\/European-food-delivery-3.jpg 1456w, https:\/\/www.sisinternational.com\/wp-content\/uploads\/2025\/09\/European-food-delivery-3-300x168.jpg 300w, https:\/\/www.sisinternational.com\/wp-content\/uploads\/2025\/09\/European-food-delivery-3-1024x574.jpg 1024w, https:\/\/www.sisinternational.com\/wp-content\/uploads\/2025\/09\/European-food-delivery-3-768x430.jpg 768w, https:\/\/www.sisinternational.com\/wp-content\/uploads\/2025\/09\/European-food-delivery-3-18x10.jpg 18w\" sizes=\"auto, (max-width: 1456px) 100vw, 1456px\"><\/figure>\n\n\n\n<ul class=\"wp-block-list\">\n<li><strong>Accent accru sur les canaux num\u00e9riques\u00a0:<\/strong> Les derni\u00e8res \u00e9tudes de march\u00e9 men\u00e9es par les concessionnaires mettent d\u00e9sormais davantage l&#039;accent sur les canaux num\u00e9riques, leur permettant d&#039;examiner de pr\u00e8s le comportement, les pr\u00e9f\u00e9rences et les tendances des clients en ligne.<\/li>\n\n\n\n<li><strong>Utilisation d\u2019analyses avanc\u00e9es et d\u2019informations bas\u00e9es sur les donn\u00e9es\u00a0:<\/strong> L\u2019av\u00e8nement du Big Data de pointe et des outils d\u2019analyse avanc\u00e9s a entra\u00een\u00e9 une augmentation significative de la capacit\u00e9 des chercheurs \u00e0 analyser de grandes quantit\u00e9s de donn\u00e9es et \u00e0 en extraire des informations pr\u00e9cieuses et pratiques. En cons\u00e9quence, un changement de paradigme s\u2019est produit dans les \u00e9tudes de march\u00e9 des concessionnaires vers des approches bas\u00e9es sur les donn\u00e9es, qui donnent la priorit\u00e9 aux m\u00e9thodes d\u2019analyse quantitative pour d\u00e9couvrir des corr\u00e9lations et des mod\u00e8les.<\/li>\n\n\n\n<li><strong>Int\u00e9gration de l&#039;intelligence artificielle (IA) et du machine learning (ML)\u00a0:<\/strong> The utilization of AI and ML technologies has become more prevalent in the realm of dealer <a href=\"https:\/\/www.sisinternational.com\/fr\/automatisation-dans-les-etudes-de-marche\/\" title=\"Automatisation dans les \u00e9tudes de march\u00e9\"  data-wpil-monitor-id=\"2541\">market research as their ability to automate<\/a> complex data analysis, recognize patterns, and deliver accurate predictions has proven highly effective.<\/li>\n\n\n\n<li><strong>Accent sur l&#039;exp\u00e9rience et la satisfaction client :<\/strong> Les \u00e9tudes de march\u00e9 chez les concessionnaires sont de plus en plus ax\u00e9es sur une compr\u00e9hension approfondie de l\u2019exp\u00e9rience client. Cela implique d&#039;examiner attentivement les diff\u00e9rents points de contact tout au long du parcours client, notamment les interactions commerciales, la qualit\u00e9 des produits et le support apr\u00e8s-vente.<\/li>\n\n\n\n<li><strong>Segmentation et personnalisation des concessionnaires\u00a0:<\/strong> Pour mieux cibler leurs efforts de marketing et de vente, les entreprises se concentrent de plus en plus sur la segmentation de leurs r\u00e9seaux de concessionnaires en fonction de facteurs tels que la taille, l&#039;emplacement et les donn\u00e9es d\u00e9mographiques des clients. Cela permet des strat\u00e9gies marketing plus personnalis\u00e9es et cibl\u00e9es, conduisant \u00e0 une am\u00e9lioration des performances des concessionnaires et de la satisfaction des clients.<\/li>\n\n\n\n<li><strong>Collaboration entre constructeurs et concessionnaires :<\/strong> \u00c0 mesure que le paysage du commerce continue d&#039;\u00e9voluer, il devient de plus en plus \u00e9vident que la collaboration entre fabricants et concessionnaires est essentielle pour optimiser les canaux de vente. En cons\u00e9quence, les entreprises consacrent une attention particuli\u00e8re au renforcement de ces partenariats gr\u00e2ce \u00e0 des strat\u00e9gies telles que le partage d\u2019informations, des initiatives marketing conjointes et des incitations bas\u00e9es sur la performance.<\/li>\n\n\n\n<li><strong>Focus sur la durabilit\u00e9 et l\u2019impact environnemental\u00a0:<\/strong> Conscientes de plus en plus de l\u2019importance du d\u00e9veloppement durable et de la n\u00e9cessit\u00e9 de r\u00e9duire l\u2019impact environnemental, les entreprises prennent en compte ces facteurs dans leurs \u00e9tudes de march\u00e9 aupr\u00e8s des concessionnaires. Cela peut impliquer d&#039;analyser les efforts des concessionnaires pour minimiser les d\u00e9chets, r\u00e9duire les \u00e9missions de carbone et promouvoir des pratiques durables au sein de leurs op\u00e9rations.<\/li>\n<\/ul>\n\n\n\n<h2 class=\"wp-block-heading\">Opportunit\u00e9s<\/h2>\n\n\n\n<p>Expansion into new markets: Conducting dealer market <a href=\"https:\/\/www.sisinternational.com\/fr\/marche-des-produits-de-grande-consommation-au-vietnam\/\" title=\"March\u00e9 des produits de grande consommation au Vietnam\"  data-wpil-monitor-id=\"7589\">recherche<\/a> can help businesses identify and capitalize on emerging markets with growth potential. By analyzing local market dynamics and discerning customer preferences, companies can expand their dealer networks and secure a larger market share.<\/p>\n\n\n\n<p>Optimisation des performances des concessionnaires\u00a0: la r\u00e9alisation de cette \u00e9tude de march\u00e9 peut aider \u00e0 optimiser les op\u00e9rations et \u00e0 renforcer les performances des concessionnaires. Gr\u00e2ce \u00e0 ce processus, les organisations peuvent acqu\u00e9rir des connaissances et d\u00e9velopper des strat\u00e9gies efficaces visant \u00e0 am\u00e9liorer la productivit\u00e9, \u00e0 approfondir les relations avec les clients et \u00e0 accro\u00eetre la rentabilit\u00e9.<\/p>\n\n\n\n<p>Avantage concurrentiel\u00a0: les entreprises peuvent obtenir un avantage concurrentiel en restant \u00e0 jour et bien inform\u00e9es sur les tactiques des concurrents et les pr\u00e9f\u00e9rences des clients. Cela leur permet de prendre des d\u00e9cisions \u00e9clair\u00e9es et de s\u2019adapter rapidement aux fluctuations du march\u00e9.<\/p>\n\n\n\n<h2 class=\"wp-block-heading\">D\u00e9fis<\/h2>\n\n\n\n<ul class=\"wp-block-list\">\n<li><strong>G\u00e9rer de gros volumes de donn\u00e9es :<\/strong> The vast amount of information gained from <a class=\"wpil_keyword_link\" href=\"https:\/\/www.sisinternational.com\/fr\/competence\/les-industries\/etude-de-marche-des-distributeurs\/\"   title=\"\u00c9tude de march\u00e9 des distributeurs\" data-wpil-keyword-link=\"linked\"  data-wpil-monitor-id=\"364\">\u00e9tude de march\u00e9 des distributeurs<\/a> can be a daunting task. To draw meaningful conclusions, it is necessary to use sophisticated analytical tools and skills that are not always readily available.<\/li>\n\n\n\n<li><strong>Suivre le rythme des march\u00e9s en \u00e9volution rapide\u00a0:<\/strong> Dans le paysage commercial dynamique d\u2019aujourd\u2019hui, les organisations doivent se tenir au courant des derni\u00e8res tendances et \u00e9volutions. Alors que les march\u00e9s \u00e9voluent sans cesse, les entreprises doivent mener r\u00e9guli\u00e8rement des \u00e9tudes de march\u00e9 pour s&#039;adapter aux changements et maintenir leur avantage concurrentiel.<\/li>\n\n\n\n<li><a href=\"https:\/\/www.sisinternational.com\/fr\/solutions\/etude-de-marche-sur-le-tableau-de-bord-prospectif\/\" title=\"\u00c9tude de march\u00e9 sur les tableaux de bord prospectifs\"  data-wpil-monitor-id=\"2250\">Balancing costs and benefits: Dealer market research<\/a> can be a costly endeavor, particularly for small and medium-sized businesses.<\/li>\n<\/ul>\n\n\n\n<h2 class=\"wp-block-heading\">Perspectives des \u00e9tudes de march\u00e9 des concessionnaires<\/h2>\n\n\n\n<figure class=\"gb-block-image gb-block-image-b53e5b9c\"><img loading=\"lazy\" decoding=\"async\" width=\"1456\" height=\"816\" class=\"gb-image gb-image-b53e5b9c\" src=\"https:\/\/www.sisinternational.com\/wp-content\/uploads\/2025\/09\/European-food-delivery-1.jpg\" alt=\"\u00c9tudes de march\u00e9 et strat\u00e9gie internationales SIS\" title=\"European food delivery (1)\" srcset=\"https:\/\/www.sisinternational.com\/wp-content\/uploads\/2025\/09\/European-food-delivery-1.jpg 1456w, https:\/\/www.sisinternational.com\/wp-content\/uploads\/2025\/09\/European-food-delivery-1-300x168.jpg 300w, https:\/\/www.sisinternational.com\/wp-content\/uploads\/2025\/09\/European-food-delivery-1-1024x574.jpg 1024w, https:\/\/www.sisinternational.com\/wp-content\/uploads\/2025\/09\/European-food-delivery-1-768x430.jpg 768w, https:\/\/www.sisinternational.com\/wp-content\/uploads\/2025\/09\/European-food-delivery-1-18x10.jpg 18w\" sizes=\"auto, (max-width: 1456px) 100vw, 1456px\"><\/figure>\n\n\n\n<p><\/p>\n\n\n\n<h3 class=\"wp-block-heading\">\u00c0 mesure que l\u2019\u00e9tude de march\u00e9 des concessionnaires continue d\u2019\u00e9voluer, plusieurs tendances cl\u00e9s devraient fa\u00e7onner son d\u00e9veloppement futur\u00a0:<\/h3>\n\n\n\n<ul class=\"wp-block-list\">\n<li><strong>Int\u00e9gration de technologies avanc\u00e9es :<\/strong> L&#039;adoption des technologies d&#039;IA et de ML dans les \u00e9tudes de march\u00e9 des concessionnaires aidera les entreprises \u00e0 analyser de gros volumes de donn\u00e9es et \u00e0 prendre des d\u00e9cisions plus rapides et plus pr\u00e9cises. Cette int\u00e9gration conduira \u00e0 des m\u00e9thodes d\u2019\u00e9tudes de march\u00e9 plus efficaces et efficientes.<\/li>\n\n\n\n<li><strong>Accent accru sur les strat\u00e9gies centr\u00e9es sur le client\u00a0:<\/strong> \u00c0 mesure que les entreprises reconnaissent l\u2019importance de la satisfaction et de la fid\u00e9lit\u00e9 des clients, les \u00e9tudes de march\u00e9 des concessionnaires se concentreront de plus en plus sur la compr\u00e9hension des besoins et des pr\u00e9f\u00e9rences des clients afin de d\u00e9velopper des strat\u00e9gies cibl\u00e9es et centr\u00e9es sur le client.<\/li>\n\n\n\n<li><strong>Capacit\u00e9s d\u2019analyse de donn\u00e9es am\u00e9lior\u00e9es\u00a0:<\/strong> \u00c0 mesure que les donn\u00e9es deviennent de plus en plus essentielles \u00e0 la r\u00e9ussite des entreprises, les \u00e9tudes de march\u00e9 aupr\u00e8s des concessionnaires exploiteront des outils d&#039;analyse avanc\u00e9s pour fournir aux entreprises des informations plus approfondies et plus exploitables sur leurs r\u00e9seaux de concessionnaires et leurs clients.<\/li>\n\n\n\n<li><strong>Accent accru sur les donn\u00e9es en temps r\u00e9el\u00a0:<\/strong> Le besoin croissant d\u2019informations pr\u00e9cises et opportunes entra\u00eenera une demande de donn\u00e9es en temps r\u00e9el dans les \u00e9tudes de march\u00e9 des concessionnaires. Cela permettra aux entreprises de r\u00e9agir plus rapidement aux changements du march\u00e9 et de prendre des d\u00e9cisions plus \u00e9clair\u00e9es.<\/li>\n\n\n\n<li><strong>Collaboration avec des partenaires industriels :<\/strong> Les \u00e9tudes de march\u00e9 des concessionnaires peuvent impliquer une collaboration accrue avec des partenaires industriels tels que des fournisseurs et des fabricants pour d\u00e9velopper une compr\u00e9hension plus compl\u00e8te du march\u00e9 et de sa dynamique.<\/li>\n<\/ul>\n\n\n\n<p>SIS International propose des recherches quantitatives, qualitatives et strat\u00e9giques. Nous fournissons des donn\u00e9es, des outils, des strat\u00e9gies, des rapports et des informations pour la prise de d\u00e9cision. Nous menons des entretiens, des enqu\u00eates, des groupes de discussion et de nombreuses autres m\u00e9thodes et approches d&#039;\u00e9tudes de march\u00e9. Contactez-nous pour votre prochain projet d&#039;\u00e9tude de march\u00e9.<\/p>","protected":false},"excerpt":{"rendered":"<p>L\u2019\u00e9tude de march\u00e9 des concessionnaires est essentielle au succ\u00e8s d\u2019une entreprise. Il aide les entreprises \u00e0 naviguer dans le paysage complexe des r\u00e9seaux de concessionnaires.<\/p>","protected":false},"author":1,"featured_media":66168,"parent":14514,"menu_order":284,"comment_status":"closed","ping_status":"closed","template":"","meta":{"footnotes":""},"class_list":["post-42612","page","type-page","status-publish","has-post-thumbnail"],"_links":{"self":[{"href":"https:\/\/www.sisinternational.com\/fr\/wp-json\/wp\/v2\/pages\/42612","targetHints":{"allow":["GET"]}}],"collection":[{"href":"https:\/\/www.sisinternational.com\/fr\/wp-json\/wp\/v2\/pages"}],"about":[{"href":"https:\/\/www.sisinternational.com\/fr\/wp-json\/wp\/v2\/types\/page"}],"author":[{"embeddable":true,"href":"https:\/\/www.sisinternational.com\/fr\/wp-json\/wp\/v2\/users\/1"}],"replies":[{"embeddable":true,"href":"https:\/\/www.sisinternational.com\/fr\/wp-json\/wp\/v2\/comments?post=42612"}],"version-history":[{"count":7,"href":"https:\/\/www.sisinternational.com\/fr\/wp-json\/wp\/v2\/pages\/42612\/revisions"}],"predecessor-version":[{"id":81212,"href":"https:\/\/www.sisinternational.com\/fr\/wp-json\/wp\/v2\/pages\/42612\/revisions\/81212"}],"up":[{"embeddable":true,"href":"https:\/\/www.sisinternational.com\/fr\/wp-json\/wp\/v2\/pages\/14514"}],"wp:featuredmedia":[{"embeddable":true,"href":"https:\/\/www.sisinternational.com\/fr\/wp-json\/wp\/v2\/media\/66168"}],"wp:attachment":[{"href":"https:\/\/www.sisinternational.com\/fr\/wp-json\/wp\/v2\/media?parent=42612"}],"curies":[{"name":"wp","href":"https:\/\/api.w.org\/{rel}","templated":true}]}}