{"id":42605,"date":"2023-04-30T18:03:53","date_gmt":"2023-04-30T22:03:53","guid":{"rendered":"https:\/\/www.sisinternational.com\/?page_id=42605"},"modified":"2026-01-25T17:58:09","modified_gmt":"2026-01-25T22:58:09","slug":"etude-de-marche-sur-les-services-de-communication","status":"publish","type":"page","link":"https:\/\/www.sisinternational.com\/fr\/competence\/etude-de-marche-sur-les-services-de-communication\/","title":{"rendered":"\u00c9tude de march\u00e9 sur les services de communication"},"content":{"rendered":"<h1 class=\"wp-block-heading\">\u00c9tude de march\u00e9 sur les services de communication<\/h1>\n\n\n\n<figure class=\"gb-block-image gb-block-image-b01e1a55\"><img loading=\"lazy\" decoding=\"async\" width=\"1456\" height=\"816\" class=\"gb-image gb-image-b01e1a55\" src=\"https:\/\/www.sisinternational.com\/wp-content\/uploads\/2025\/08\/Smarrtphone-5g-4.jpg\" alt=\"\u00c9tudes de march\u00e9 et strat\u00e9gie internationales SIS\" title=\"Smarrtphone 5g (4)\" srcset=\"https:\/\/www.sisinternational.com\/wp-content\/uploads\/2025\/08\/Smarrtphone-5g-4.jpg 1456w, https:\/\/www.sisinternational.com\/wp-content\/uploads\/2025\/08\/Smarrtphone-5g-4-300x168.jpg 300w, https:\/\/www.sisinternational.com\/wp-content\/uploads\/2025\/08\/Smarrtphone-5g-4-1024x574.jpg 1024w, https:\/\/www.sisinternational.com\/wp-content\/uploads\/2025\/08\/Smarrtphone-5g-4-768x430.jpg 768w, https:\/\/www.sisinternational.com\/wp-content\/uploads\/2025\/08\/Smarrtphone-5g-4-18x10.jpg 18w\" sizes=\"auto, (max-width: 1456px) 100vw, 1456px\"><\/figure>\n\n\n\n<p><\/p>\n\n\n\n<p>Les services de communication concernent les individus, les organisations et autres entit\u00e9s. C&#039;est la fa\u00e7on dont ces entit\u00e9s \u00e9changent des informations, des id\u00e9es ou des messages entre elles. Ces services peuvent englober diverses technologies, plates-formes et m\u00e9thodes.<\/p>\n\n\n\n<p>Par exemple, les services de communication vocale sont l&#039;une des m\u00e9thodes. Il s&#039;agit notamment des appels t\u00e9l\u00e9phoniques traditionnels et des services de voix sur protocole Internet (VoIP). Il comprend \u00e9galement d&#039;autres outils de communication vocale. Les exemples sont le chat vocal dans les jeux en ligne, les r\u00e9unions virtuelles et la messagerie vocale.<\/p>\n\n\n\n<p>Il existe \u00e9galement des services de communication textuels. Il s&#039;agit notamment de la messagerie texte, du courrier \u00e9lectronique, de la messagerie instantan\u00e9e, des applications de chat et des plateformes de m\u00e9dias sociaux. Il comprend \u00e9galement toutes les autres formes de communication \u00e9crite utilis\u00e9es pour \u00e9changer des messages. Il partage des informations et permet d&#039;interagir avec les autres.<\/p>\n\n\n\n<p>Une autre m\u00e9thode consiste \u00e0 utiliser les services de communication vid\u00e9o. Ceux-ci incluent les appels vid\u00e9o, les vid\u00e9oconf\u00e9rences et la messagerie vid\u00e9o. Il comprend \u00e9galement d&#039;autres plates-formes permettant une communication vid\u00e9o en temps r\u00e9el ou enregistr\u00e9e. Les services de communication vid\u00e9o fonctionnent aussi bien pour les individus que pour les groupes.<\/p>\n\n\n\n<p>Les services de communication collaborative sont encore un autre type. Ceux-ci incluent des outils et des plateformes qui permettent aux \u00e9quipes ou aux groupes de collaborer. Ils permettent \u00e9galement aux parties de communiquer en temps r\u00e9el. Les exemples sont les logiciels de gestion de projet, les plateformes de partage de documents et les outils de collaboration en \u00e9quipe.<\/p>\n\n\n\n<p>Il existe \u00e9galement des services de m\u00e9dias sociaux et de r\u00e9seautage. Il s&#039;agit notamment des plateformes de m\u00e9dias sociaux, des forums en ligne et d&#039;autres communaut\u00e9s en ligne. Ces communaut\u00e9s facilitent la communication et l\u2019interaction entre individus ou groupes partageant des int\u00e9r\u00eats communs.<\/p>\n\n\n\n<p>Les services de radiodiffusion et de communication m\u00e9diatique comprennent la t\u00e9l\u00e9vision, la radio, les podcasts et d&#039;autres plateformes m\u00e9diatiques. Ces plateformes diffusent des informations, des actualit\u00e9s ou des divertissements \u00e0 un large public.<\/p>\n\n\n\n<p>Les services de communication bas\u00e9s sur Internet comprennent des outils de communication qui reposent sur la connectivit\u00e9 Internet. Les exemples sont les conf\u00e9rences Web, la VoIP, le courrier \u00e9lectronique et d&#039;autres m\u00e9thodes de communication en ligne.<\/p>\n\n\n\n<p>Les services de communication mobile comprennent les services de communication con\u00e7us pour les appareils mobiles. Les exemples sont les applications de messagerie mobile, les appels vocaux et les appels vid\u00e9o.<\/p>\n\n\n\n<p>Les services de communication d&#039;urgence comprennent les services de communication utilis\u00e9s en cas d&#039;urgence. Les exemples sont les syst\u00e8mes de diffusion d\u2019urgence et les syst\u00e8mes d\u2019alerte publique. Ces services incluent \u00e9galement d&#039;autres m\u00e9thodes de communication utilis\u00e9es pour les notifications et les r\u00e9ponses d&#039;urgence.<\/p>\n\n\n\n<h2 class=\"wp-block-heading\">Pourquoi les services de communication sont-ils importants ?<\/h2>\n\n\n\n<h3 class=\"wp-block-heading\">Les services de communication sont cruciaux dans le monde interconnect\u00e9 d\u2019aujourd\u2019hui pour plusieurs raisons\u00a0:<\/h3>\n\n\n\n<p>Premi\u00e8rement, ils facilitent l\u2019\u00e9change d\u2019informations. Les services de communication permettent l&#039;\u00e9change d&#039;informations, d&#039;id\u00e9es et de messages. Ils permettent aux individus, aux groupes et aux organisations de partager leurs connaissances, leurs id\u00e9es et leurs perspectives. Ces services contribuent \u00e0 diffuser l&#039;information, \u00e0 favoriser la collaboration et \u00e0 promouvoir l&#039;apprentissage et l&#039;innovation.<\/p>\n\n\n\n<p>Les services de communication facilitent \u00e9galement les interactions sociales et les liens humains. Ils permettent aux gens de communiquer, de s&#039;exprimer et d&#039;engager des conversations significatives. Un autre avantage des services de communication est qu\u2019ils jouent un r\u00f4le essentiel dans l\u2019\u00e9tablissement de relations et le renforcement des communaut\u00e9s. Les services de communication favorisent \u00e9galement la coh\u00e9sion sociale.<\/p>\n\n\n\n<p>Un autre point cl\u00e9 est que ces services sont essentiels \u00e0 la collaboration et \u00e0 la coordination des entreprises et des organisations. Ils permettent la communication entre les employ\u00e9s et avec les clients, les partenaires et les parties prenantes. En fait, ils permettent une prise de d\u00e9cision, une r\u00e9solution de probl\u00e8mes et une coordination efficaces des t\u00e2ches et des projets. Ainsi, ils am\u00e9liorent la productivit\u00e9 ainsi que l\u2019efficacit\u00e9.<\/p>\n\n\n\n<p>Les services de communication sont devenus encore plus essentiels avec l&#039;essor du travail \u00e0 distance. Ils sont \u00e9galement indispensables pour la collaboration virtuelle. Ils permettent aux \u00e9quipes distantes de communiquer, de collaborer et de rester connect\u00e9es. Quelle que soit la distance g\u00e9ographique, ils permettent des modalit\u00e9s de travail \u00e0 distance fluides.<\/p>\n\n\n\n<p>Communication services play a crucial role in <a href=\"https:\/\/www.sisinternational.com\/fr\/solutions\/recherche-de-conseil-en-strategie-fintech\/conseil-en-acquisition-de-clients-dans-le-domaine-des-services-financiers\/\" title=\"Conseil en acquisition de clients dans le domaine des services financiers\"  data-wpil-monitor-id=\"9710\">customer<\/a> service. They enable businesses to communicate with customers and address inquiries. They also allow these companies to resolve issues and provide support. Communication services further customer relationships and enhance <a href=\"https:\/\/www.sisinternational.com\/fr\/financial-services-consulting\/financial-services-customer-satisfaction\/\" title=\"Financial Services Customer Satisfaction\"  data-wpil-monitor-id=\"9709\">satisfaction du client<\/a>.<\/p>\n\n\n\n<p>Ces services sont essentiels en cas d&#039;urgence pour diffuser des informations et des alertes critiques. Ils re\u00e7oivent des notifications au public, permettant une r\u00e9ponse rapide. Ils favorisent \u00e9galement la s\u00e9curit\u00e9 publique.<\/p>\n\n\n\n<p>Les services de communication permettent une connectivit\u00e9 mondiale. En outre, ils permettent aux individus, aux entreprises et aux communaut\u00e9s de se connecter au-del\u00e0 des fronti\u00e8res, des cultures et des langues. Ils facilitent la communication interculturelle, le commerce international et la collaboration mondiale, favorisant ainsi l\u2019interconnectivit\u00e9 mondiale.<\/p>\n\n\n\n<p>Communication services are integral to the <a href=\"https:\/\/www.sisinternational.com\/fr\/solutions\/ai-etudes-de-marche-et-conseil-en-strategie\/automatisation-des-industries-des-medias-conseil-en-intelligence-artificielle\/\" title=\"Conseil en automatisation et intelligence artificielle des industries des m\u00e9dias\"  data-wpil-monitor-id=\"9711\">media and entertainment industries<\/a>. They enable broadcasting, streaming, and distributing content to broad audiences. Moreover, they promote creativity and facilitate entertainment and cultural exchange.<\/p>\n\n\n\n<h2 class=\"wp-block-heading\">Titres de poste cl\u00e9s<\/h2>\n\n\n\n<ol class=\"wp-block-list\">\n<li>Sp\u00e9cialiste des communications<\/li>\n\n\n\n<li>Sp\u00e9cialiste des relations publiques (RP)<\/li>\n\n\n\n<li><a href=\"https:\/\/www.sisinternational.com\/fr\/competence\/les-industries\/etude-de-marche-sur-la-gestion-des-dechets\/\" title=\"\u00c9tude de march\u00e9 sur la gestion des d\u00e9chets\"  data-wpil-monitor-id=\"9712\">Responsable de la communication marketing<\/a><\/li>\n\n\n\n<li>Responsable de la communication d&#039;entreprise<\/li>\n\n\n\n<li>Sp\u00e9cialiste des communications num\u00e9riques<\/li>\n\n\n\n<li>Gestionnaire des m\u00e9dias sociaux<\/li>\n\n\n\n<li>R\u00e9dacteur\/\u00e9diteur de contenu<\/li>\n\n\n\n<li>R\u00e9dacteur<\/li>\n\n\n\n<li>Sp\u00e9cialiste des relations avec les m\u00e9dias<\/li>\n\n\n\n<li>Coordonnatrice des communications<\/li>\n\n\n\n<li>Sp\u00e9cialiste des communications internes<\/li>\n\n\n\n<li>Sp\u00e9cialiste des communications externes<\/li>\n\n\n\n<li>Responsable de la communication de marque<\/li>\n\n\n\n<li>Consultante en communication<\/li>\n\n\n\n<li>Responsable de la communication de crise<\/li>\n\n\n\n<li>Sp\u00e9cialiste des relations avec les investisseurs<\/li>\n\n\n\n<li>Sp\u00e9cialiste des affaires publiques<\/li>\n\n\n\n<li>Directrice de la communication<\/li>\n\n\n\n<li>Strat\u00e8ge des m\u00e9dias sociaux<\/li>\n\n\n\n<li>Analyste des communications<\/li>\n<\/ol>\n\n\n\n<h2 class=\"wp-block-heading\">Pourquoi les entreprises ont-elles besoin d\u2019une \u00e9tude de march\u00e9 sur les services de communication ?<\/h2>\n\n\n\n<figure class=\"gb-block-image gb-block-image-6bcd911a\"><img loading=\"lazy\" decoding=\"async\" width=\"1456\" height=\"816\" class=\"gb-image gb-image-6bcd911a\" src=\"https:\/\/www.sisinternational.com\/wp-content\/uploads\/2025\/08\/Smarrtphone-5g-6.jpg\" alt=\"\u00c9tudes de march\u00e9 et strat\u00e9gie internationales SIS\" title=\"Smarrtphone 5g (6)\" srcset=\"https:\/\/www.sisinternational.com\/wp-content\/uploads\/2025\/08\/Smarrtphone-5g-6.jpg 1456w, https:\/\/www.sisinternational.com\/wp-content\/uploads\/2025\/08\/Smarrtphone-5g-6-300x168.jpg 300w, https:\/\/www.sisinternational.com\/wp-content\/uploads\/2025\/08\/Smarrtphone-5g-6-1024x574.jpg 1024w, https:\/\/www.sisinternational.com\/wp-content\/uploads\/2025\/08\/Smarrtphone-5g-6-768x430.jpg 768w, https:\/\/www.sisinternational.com\/wp-content\/uploads\/2025\/08\/Smarrtphone-5g-6-18x10.jpg 18w\" sizes=\"auto, (max-width: 1456px) 100vw, 1456px\"><\/figure>\n\n\n\n<p><\/p>\n\n\n\n<p>Les entreprises ont besoin de services de communication pour plusieurs raisons cl\u00e9s. La premi\u00e8re est qu\u2019il permet une communication interne efficace. Les services de communication facilitent la communication entre les employ\u00e9s d&#039;une organisation. Ils permettent une coordination, une collaboration et un partage d\u2019informations efficaces. Une communication interne claire et pratique permet d\u2019aligner les employ\u00e9s sur les objectifs de l\u2019organisation. Il am\u00e9liore le travail d\u2019\u00e9quipe et am\u00e9liore la productivit\u00e9.<\/p>\n\n\n\n<p>Communication services enable businesses to communicate. It lets them speak with customers, partners, suppliers, investors, and other stakeholders. External communication is crucial for building and maintaining relationships. It also allows companies to promote products and <a href=\"https:\/\/www.sisinternational.com\/fr\/financial-services-consulting\/ultra-high-net-worth-wealth-management-services\/\" title=\"Ultra High Net Worth Wealth Management Services\"  data-wpil-monitor-id=\"9714\">services and manage<\/a> reputational risks. These services address customer inquiries or concerns.<\/p>\n\n\n\n<p>Communication services are essential for <a href=\"https:\/\/www.sisinternational.com\/fr\/publicite-choc-et-marketing-choc\/\" title=\"Shockvertising et marketing de choc\"  data-wpil-monitor-id=\"9708\">branding and marketing<\/a> efforts. They help businesses communicate their brand identity and messaging. They also make it possible to get companies\u2019 value propositions to target audiences. Through various communication channels, businesses can engage with customers. They can also promote their products or services. Another benefit is that communications services drive brand awareness, loyalty, and growth.<\/p>\n\n\n\n<p>En p\u00e9riode de crise ou d\u2019urgence, une communication efficace est cruciale. Cela permet aux entreprises de g\u00e9rer la situation. Ainsi, ils peuvent att\u00e9nuer les dommages potentiels \u00e0 leur r\u00e9putation ou \u00e0 leurs op\u00e9rations. Les services de communication permettent aux entreprises de fournir des informations opportunes et pr\u00e9cises aux parties prenantes. Cela leur permet \u00e9galement de r\u00e9pondre \u00e0 leurs pr\u00e9occupations et de g\u00e9rer une crise.<\/p>\n\n\n\n<p>Les services de communication jouent un r\u00f4le essentiel dans la promotion de l&#039;engagement et de la r\u00e9tention des employ\u00e9s. Une communication r\u00e9guli\u00e8re et transparente de la direction aide les employ\u00e9s \u00e0 se sentir inform\u00e9s et engag\u00e9s. Cela les rend connect\u00e9s \u00e0 l\u2019organisation. Cela aide \u00e9galement \u00e0 r\u00e9pondre aux pr\u00e9occupations des employ\u00e9s et \u00e0 fournir des commentaires. Les services de communication aident les entreprises \u00e0 maintenir une culture de travail positive.<\/p>\n\n\n\n<p>Les services de communication permettent aux entreprises de se connecter \u00e0 l&#039;\u00e9chelle mondiale avec leurs clients, partenaires et fournisseurs. Il facilite le commerce et la collaboration internationaux. Gr\u00e2ce aux services de communication, les entreprises peuvent surmonter les barri\u00e8res g\u00e9ographiques et culturelles. Cela les aide \u00e0 \u00e9tendre leur port\u00e9e et \u00e0 acc\u00e9der aux march\u00e9s mondiaux.<\/p>\n\n\n\n<p>Des services de communication efficaces favorisent l\u2019innovation et le partage des connaissances au sein des organisations. Ils permettent aux employ\u00e9s de partager des id\u00e9es, des id\u00e9es et des expertises. Cela conduit \u00e0 une meilleure r\u00e9solution de probl\u00e8mes, \u00e0 la cr\u00e9ativit\u00e9 et \u00e0 l\u2019innovation. Les services de communication contribuent aux initiatives d&#039;apprentissage et de d\u00e9veloppement, aux programmes de formation et \u00e0 la diffusion des connaissances.<\/p>\n\n\n\n<p>Communication services are crucial for <a href=\"https:\/\/www.sisinternational.com\/fr\/solutions\/conseil-en-tourisme-de-voyage-et-en-hotellerie\/conseil-en-gestion-de-reputation-hoteliere-2\/\" title=\"Conseil en gestion de r\u00e9putation h\u00f4teli\u00e8re\"  data-wpil-monitor-id=\"9715\">managing the reputation<\/a> of a business. They allow companies to communicate their values and address potential issues. They also make it easy to respond to feedback or criticism. Effective reputation management through communication services is also a plus. It can help protect and enhance a business\u2019s brand image and credibility.<\/p>\n\n\n\n<h2 class=\"wp-block-heading\">Facteurs cl\u00e9s de succ\u00e8s<\/h2>\n\n\n\n<p>Les facteurs critiques de succ\u00e8s des services de communication incluent des messages clairs et convaincants. Les services de communication doivent transmettre des messages clairs et concis. Le public cible doit les comprendre. L&#039;organisation doit aligner le message sur ses objectifs, son identit\u00e9 de marque et ses valeurs. Le message doit trouver un \u00e9cho aupr\u00e8s des destinataires pr\u00e9vus pour obtenir l&#039;impact souhait\u00e9.<\/p>\n\n\n\n<p>Comprendre le public cible est crucial pour des services de communication efficaces. Conna\u00eetre leurs besoins, leurs pr\u00e9f\u00e9rences, leurs styles de communication et leur contexte culturel permet d&#039;adapter les messages. Cela permet \u00e9galement aux entreprises de s\u00e9lectionner les canaux appropri\u00e9s pour atteindre et engager le public.<\/p>\n\n\n\n<p>Developing a <a href=\"https:\/\/www.sisinternational.com\/fr\/solutions\/croissance-mondiale\/conseil-en-planification-strategique\/\" title=\"Conseil en planification strat\u00e9gique\"  data-wpil-monitor-id=\"9713\">strategic communication plan<\/a> is essential for success. This plan includes setting clear communication objectives and identifying key messages. It also includes selecting appropriate communication channels and creating a timeline. The company must then establish metrics to measure success. A well-planned communication strategy guides the approach. It also ensures consistency and effectiveness in communication efforts.<\/p>\n\n\n\n<p>La coh\u00e9rence des messages et la rapidit\u00e9 des communications sont des facteurs de r\u00e9ussite essentiels. Une communication r\u00e9guli\u00e8re, opportune et coh\u00e9rente contribue \u00e0 \u00e9tablir la confiance et \u00e0 maintenir l\u2019engagement. Cela garantit \u00e9galement que les messages sont \u00e0 jour et pertinents. Il est essentiel d\u2019\u00eatre r\u00e9actif et proactif lors de l\u2019utilisation des services de communication. Les services de communication r\u00e9pondent \u00e9galement aux demandes de renseignements, aux pr\u00e9occupations et aux probl\u00e8mes \u00e0 temps.<\/p>\n\n\n\n<p>Les services de communication doivent \u00eatre adaptables et flexibles. Ils doivent r\u00e9pondre \u00e0 l\u2019\u00e9volution des besoins, des circonstances et des technologies. Rester \u00e0 jour avec les derni\u00e8res tendances, technologies et meilleures pratiques en mati\u00e8re de communication est essentiel. Il permet des strat\u00e9gies de communication agiles. Les entreprises peuvent ajuster ces strat\u00e9gies selon leurs besoins. De cette mani\u00e8re, ils peuvent rester efficaces dans un environnement commercial dynamique.<\/p>\n\n\n\n<p>La collaboration et la coordination entre les membres de l\u2019\u00e9quipe de communication sont \u00e9galement des facteurs essentiels de succ\u00e8s. Les autres minist\u00e8res et intervenants doivent \u00e9galement pouvoir travailler ensemble. Un travail d&#039;\u00e9quipe, une coordination et un alignement efficaces garantissent des messages coh\u00e9rents et une approche coh\u00e9rente. Il maximise l\u2019impact des efforts de communication.<\/p>\n\n\n\n<p>Le suivi et l\u2019\u00e9valuation des efforts de communication sont essentiels au succ\u00e8s. L&#039;\u00e9tablissement de mesures, le suivi des progr\u00e8s et la mesure de l&#039;efficacit\u00e9 des initiatives de communication sont essentiels. Il permet de prendre des d\u00e9cisions bas\u00e9es sur les donn\u00e9es et d\u2019identifier les domaines \u00e0 am\u00e9liorer. Il optimise \u00e9galement les strat\u00e9gies de communication pour de meilleurs r\u00e9sultats.<\/p>\n\n\n\n<p>Se pr\u00e9parer aux crises potentielles est essentiel au succ\u00e8s. Il en va de m\u00eame pour un plan de communication de crise. Une communication de crise rapide et efficace peut aider \u00e0 g\u00e9rer la situation et \u00e0 att\u00e9nuer les dommages. Cela peut \u00e9galement prot\u00e9ger la r\u00e9putation de l\u2019organisation.<\/p>\n\n\n\n<p>L\u2019am\u00e9lioration continue des services de communication est essentielle au succ\u00e8s. Les entreprises peuvent baser leurs am\u00e9liorations sur les commentaires, les informations et les r\u00e9sultats. Il est crucial d\u2019\u00eatre ouvert aux commentaires et d\u2019apprendre des r\u00e9ussites et des \u00e9checs. Effectuez ensuite les ajustements n\u00e9cessaires. Il aide les entreprises \u00e0 am\u00e9liorer leurs strat\u00e9gies de communication et \u00e0 obtenir de meilleurs r\u00e9sultats.<\/p>\n\n\n\n<h2 class=\"wp-block-heading\">\u00c0 propos de l\u2019\u00e9tude de march\u00e9 sur les services de communication<\/h2>\n\n\n\n<p>SIS International uses diverse methods in its Communication <a href=\"https:\/\/www.sisinternational.com\/fr\/solutions\/solutions-de-recherche-qualitative-et-quantitative\/etude-de-marche-sur-les-services-sur-le-terrain\/\" title=\"\u00c9tude de march\u00e9 sur les services sur le terrain\"  data-wpil-monitor-id=\"4518\">Services Market Research<\/a>. We select our techniques based on the market\u2019s behavior, such as Quantitative and Qualitative Market Research. We offer UX and Strategy Market Research and Competitive Analysis. SIS also does Market Entry, Market Sizing, and <a href=\"https:\/\/www.sisinternational.com\/fr\/competence\/les-industries\/etude-de-marche-sur-la-volaille\/\" title=\"\u00c9tude de march\u00e9 sur la volaille\"  data-wpil-monitor-id=\"3096\">Recherche d&#039;opportunit\u00e9s de march\u00e9<\/a>. You can use Focus Groups, Surveys, and Interviews organized by SIS. These tools will inform your Go to Market Strategy.<\/p>\n\n\n\n<p>Contactez-nous d\u00e8s aujourd&#039;hui. Nous sommes heureux de vous aider.<\/p>","protected":false},"excerpt":{"rendered":"<p>Les services de communication \u00e9changent des informations, des id\u00e9es et des messages. Ces services peuvent englober diverses technologies, plates-formes et m\u00e9thodes.<\/p>","protected":false},"author":1,"featured_media":63112,"parent":14514,"menu_order":281,"comment_status":"closed","ping_status":"closed","template":"","meta":{"footnotes":""},"class_list":["post-42605","page","type-page","status-publish","has-post-thumbnail"],"_links":{"self":[{"href":"https:\/\/www.sisinternational.com\/fr\/wp-json\/wp\/v2\/pages\/42605","targetHints":{"allow":["GET"]}}],"collection":[{"href":"https:\/\/www.sisinternational.com\/fr\/wp-json\/wp\/v2\/pages"}],"about":[{"href":"https:\/\/www.sisinternational.com\/fr\/wp-json\/wp\/v2\/types\/page"}],"author":[{"embeddable":true,"href":"https:\/\/www.sisinternational.com\/fr\/wp-json\/wp\/v2\/users\/1"}],"replies":[{"embeddable":true,"href":"https:\/\/www.sisinternational.com\/fr\/wp-json\/wp\/v2\/comments?post=42605"}],"version-history":[{"count":8,"href":"https:\/\/www.sisinternational.com\/fr\/wp-json\/wp\/v2\/pages\/42605\/revisions"}],"predecessor-version":[{"id":81619,"href":"https:\/\/www.sisinternational.com\/fr\/wp-json\/wp\/v2\/pages\/42605\/revisions\/81619"}],"up":[{"embeddable":true,"href":"https:\/\/www.sisinternational.com\/fr\/wp-json\/wp\/v2\/pages\/14514"}],"wp:featuredmedia":[{"embeddable":true,"href":"https:\/\/www.sisinternational.com\/fr\/wp-json\/wp\/v2\/media\/63112"}],"wp:attachment":[{"href":"https:\/\/www.sisinternational.com\/fr\/wp-json\/wp\/v2\/media?parent=42605"}],"curies":[{"name":"wp","href":"https:\/\/api.w.org\/{rel}","templated":true}]}}