{"id":42603,"date":"2023-04-30T17:49:47","date_gmt":"2023-04-30T21:49:47","guid":{"rendered":"https:\/\/www.sisinternational.com\/?page_id=42603"},"modified":"2026-03-12T12:50:29","modified_gmt":"2026-03-12T16:50:29","slug":"etude-de-marche-sur-le-diagnostic-clinique","status":"publish","type":"page","link":"https:\/\/www.sisinternational.com\/fr\/solutions\/etudes-de-marche-sur-les-biotechnologies-et-les-produits-pharmaceutiques-en-matiere-de-soins-de-sante-medicaux\/etude-de-marche-sur-le-diagnostic-clinique\/","title":{"rendered":"\u00c9tude de march\u00e9 sur le diagnostic clinique"},"content":{"rendered":"<h1 class=\"wp-block-heading\">\u00c9tude de march\u00e9 sur le diagnostic clinique<\/h1>\n\n\n\n<figure class=\"gb-block-image gb-block-image-27a6891f\"><img loading=\"lazy\" decoding=\"async\" width=\"1456\" height=\"816\" class=\"gb-image gb-image-27a6891f\" src=\"https:\/\/www.sisinternational.com\/wp-content\/uploads\/2025\/08\/Healthcare-7.jpg\" alt=\"\u00c9tudes de march\u00e9 et strat\u00e9gie internationales SIS\" title=\"Healthcare (7)\" srcset=\"https:\/\/www.sisinternational.com\/wp-content\/uploads\/2025\/08\/Healthcare-7.jpg 1456w, https:\/\/www.sisinternational.com\/wp-content\/uploads\/2025\/08\/Healthcare-7-300x168.jpg 300w, https:\/\/www.sisinternational.com\/wp-content\/uploads\/2025\/08\/Healthcare-7-1024x574.jpg 1024w, https:\/\/www.sisinternational.com\/wp-content\/uploads\/2025\/08\/Healthcare-7-768x430.jpg 768w, https:\/\/www.sisinternational.com\/wp-content\/uploads\/2025\/08\/Healthcare-7-18x10.jpg 18w\" sizes=\"auto, (max-width: 1456px) 100vw, 1456px\"><\/figure>\n\n\n\n<p><\/p>\n\n\n\n<p>Clinical Diagnostics identifies the presence or absence of a disease or medical condition. Medical professionals do Clinical Diagnostics through various tests and procedures. The diagnostic process involves a series of steps. For example, the process may include medical history, physical examination, and laboratory tests. They may also consist of <a href=\"https:\/\/www.sisinternational.com\/fr\/competence\/les-industries\/etude-de-marche-sur-limagerie-diagnostique\/\" title=\"\u00c9tude de march\u00e9 sur l\u2019imagerie diagnostique\"  data-wpil-monitor-id=\"6365\">imaging studies and other diagnostic<\/a> procedures. Medical professionals use all these methods to make a definitive diagnosis. Or, they may use them to rule out potential conditions.<\/p>\n\n\n\n<p>Une autre fonction des diagnostics cliniques est d&#039;identifier et de g\u00e9rer divers probl\u00e8mes de sant\u00e9. Ils attrapent des maladies courantes (par exemple la grippe). Ils identifient \u00e9galement des maladies plus complexes et chroniques comme le cancer et le diab\u00e8te. De plus, les concepteurs de tests et de proc\u00e9dures misent beaucoup sur leurs produits. Ils se sont assur\u00e9s de pouvoir fournir des r\u00e9sultats pr\u00e9cis et fiables. Ces r\u00e9sultats devraient guider les d\u00e9cisions de traitement et am\u00e9liorer les r\u00e9sultats pour les patients.<\/p>\n\n\n\n<p>Quelques exemples de tests et de proc\u00e9dures de diagnostic clinique comprennent les analyses de sang et d&#039;urine. Les \u00e9tudes d&#039;imagerie, comme les radiographies et les IRM, sont \u00e9galement diagnostiques. Il en va de m\u00eame pour les biopsies et les tests g\u00e9n\u00e9tiques. Un autre point cl\u00e9 est que les tests et proc\u00e9dures sp\u00e9cifiques d\u00e9pendent de l\u2019affection suspect\u00e9e. Ils portent \u00e9galement sur les sympt\u00f4mes et les ant\u00e9c\u00e9dents m\u00e9dicaux du patient.<\/p>\n\n\n\n<h2 class=\"wp-block-heading\">Pourquoi les diagnostics cliniques sont-ils importants ?<\/h2>\n\n\n\n<p>Les diagnostics cliniques sont essentiels pour plusieurs raisons, notamment la d\u00e9tection pr\u00e9coce et la pr\u00e9vention. En fait, les diagnostics cliniques permettent la d\u00e9tection pr\u00e9coce des maladies et des probl\u00e8mes de sant\u00e9. Une d\u00e9tection pr\u00e9coce peut aider \u00e0 pr\u00e9venir le d\u00e9veloppement de complications plus graves. En outre, un diagnostic et un traitement pr\u00e9coces sont cruciaux pour le cancer, les maladies cardiovasculaires et le diab\u00e8te. Cela peut am\u00e9liorer les r\u00e9sultats et r\u00e9duire les taux de mortalit\u00e9.<\/p>\n\n\n\n<p>Les diagnostics cliniques fournissent des informations pr\u00e9cises et fiables sur l&#039;\u00e9tat d&#039;un patient. Ces informations sont essentielles pour prendre des d\u00e9cisions de traitement \u00e9clair\u00e9es. Sans oublier que sans un diagnostic appropri\u00e9, les patients peuvent recevoir un traitement inad\u00e9quat et inappropri\u00e9. Pire encore, le traitement peut \u00eatre nocif, voire mettre la vie en danger.<\/p>\n\n\n\n<p>Les diagnostics cliniques permettent de surveiller la r\u00e9ponse d&#039;un patient au traitement au fil du temps. Les prestataires de soins de sant\u00e9 peuvent utiliser ces informations pour ajuster les plans de traitement. Gr\u00e2ce \u00e0 cela, ils peuvent \u00e9galement garantir que les patients re\u00e7oivent les meilleurs soins possibles.<\/p>\n\n\n\n<p>Les diagnostics cliniques jouent un r\u00f4le essentiel dans la recherche et le d\u00e9veloppement m\u00e9dical. Les professionnels de la sant\u00e9 les utilisent pour tester de nouvelles th\u00e9rapies et m\u00e9dicaments. Ils peuvent \u00e9galement identifier de nouveaux biomarqueurs et cibles pour le traitement des maladies.<\/p>\n\n\n\n<p>Pour clarifier, les diagnostics cliniques sont essentiels pour am\u00e9liorer les r\u00e9sultats pour les patients et faire progresser les connaissances m\u00e9dicales. Ils permettent un diagnostic pr\u00e9cis de diverses maladies et affections. Ils permettent \u00e9galement un traitement efficace, conduisant \u00e0 de meilleurs r\u00e9sultats pour la sant\u00e9 des patients.<\/p>\n\n\n\n<h2 class=\"wp-block-heading\">Titres de poste cl\u00e9s<\/h2>\n\n\n\n<h3 class=\"wp-block-heading\">Le domaine du diagnostic clinique comprend une vari\u00e9t\u00e9 de titres de poste, notamment\u00a0:<\/h3>\n\n\n\n<ol class=\"wp-block-list\">\n<li><strong>Scientifique de laboratoire m\u00e9dical\/technologue m\u00e9dical.<\/strong> Les scientifiques de laboratoire m\u00e9dical\/technologues m\u00e9dicaux effectuent des tests et des proc\u00e9dures de laboratoire sur des \u00e9chantillons de patients. Ils utilisent des \u00e9quipements et des techniques sp\u00e9cialis\u00e9s pour analyser des \u00e9chantillons de sang, d\u2019urine et de tissus. De cette fa\u00e7on, ils aident \u00e0 diagnostiquer et \u00e0 v\u00e9rifier les conditions m\u00e9dicales.<\/li>\n\n\n\n<li><strong>Technicien de laboratoire clinique.<\/strong> Les techniciens de laboratoire clinique travaillent aux c\u00f4t\u00e9s de scientifiques de laboratoire m\u00e9dical\/technologues m\u00e9dicaux. Ils effectuent des tests et des proc\u00e9dures de routine en laboratoire.<\/li>\n\n\n\n<li><strong>Pathologiste.<\/strong> Les pathologistes diagnostiquent et traitent les maladies en examinant les tissus et les liquides au microscope.<\/li>\n\n\n\n<li><strong>Directeur de laboratoire m\u00e9dical.<\/strong> Les directeurs de laboratoire m\u00e9dical sont charg\u00e9s de superviser les op\u00e9rations d\u2019un laboratoire clinique. Ils veillent \u00e0 ce que les proc\u00e9dures et politiques du laboratoire respectent les normes r\u00e9glementaires. Ils s&#039;occupent \u00e9galement de la formation et de l&#039;encadrement du personnel.<\/li>\n\n\n\n<li><strong>G\u00e9n\u00e9ticien mol\u00e9culaire.<\/strong> Les g\u00e9n\u00e9ticiens mol\u00e9culaires utilisent des techniques sp\u00e9cialis\u00e9es pour analyser l&#039;ADN et l&#039;ARN. Ils identifient les mutations g\u00e9n\u00e9tiques associ\u00e9es \u00e0 certaines conditions m\u00e9dicales.<\/li>\n\n\n\n<li><strong>Cytotechnologue.<\/strong> Les cytotechnologues examinent des \u00e9chantillons cellulaires, tels que ceux obtenus \u00e0 partir d&#039;un test Pap. Ils d\u00e9tectent les anomalies et les signes potentiels de cancer.<\/li>\n\n\n\n<li><strong>Histotechnologue.<\/strong> Les histotechnologues pr\u00e9parent des \u00e9chantillons de tissus pour examen par un pathologiste. Une partie de leur travail consiste \u00e0 colorer et \u00e0 monter des \u00e9chantillons sur des lames.<\/li>\n<\/ol>\n\n\n\n<p>Ce ne sont l\u00e0 que quelques exemples de titres d\u2019emploi en diagnostic clinique. Le titre du poste et les responsabilit\u00e9s sp\u00e9cifiques d\u00e9pendront de plusieurs facteurs. Par exemple, les \u00e9tablissements de sant\u00e9 peuvent baser leurs titres de poste sur l\u2019\u00e9ducation et l\u2019exp\u00e9rience. Ou ils peuvent le baser sur leur domaine de sp\u00e9cialisation.<\/p>\n\n\n\n<h2 class=\"wp-block-heading\">Pourquoi les entreprises ont-elles besoin d\u2019\u00e9tudes de march\u00e9 sur le diagnostic clinique ?<\/h2>\n\n\n\n<figure class=\"gb-block-image gb-block-image-bc11085e\"><img loading=\"lazy\" decoding=\"async\" width=\"1456\" height=\"816\" class=\"gb-image gb-image-bc11085e\" src=\"https:\/\/www.sisinternational.com\/wp-content\/uploads\/2025\/08\/Healthcare-18.jpg\" alt=\"\u00c9tudes de march\u00e9 et strat\u00e9gie internationales SIS\" title=\"Healthcare (18)\" srcset=\"https:\/\/www.sisinternational.com\/wp-content\/uploads\/2025\/08\/Healthcare-18.jpg 1456w, https:\/\/www.sisinternational.com\/wp-content\/uploads\/2025\/08\/Healthcare-18-300x168.jpg 300w, https:\/\/www.sisinternational.com\/wp-content\/uploads\/2025\/08\/Healthcare-18-1024x574.jpg 1024w, https:\/\/www.sisinternational.com\/wp-content\/uploads\/2025\/08\/Healthcare-18-768x430.jpg 768w, https:\/\/www.sisinternational.com\/wp-content\/uploads\/2025\/08\/Healthcare-18-18x10.jpg 18w\" sizes=\"auto, (max-width: 1456px) 100vw, 1456px\"><\/figure>\n\n\n\n<p><\/p>\n\n\n\n<p>Les entreprises du secteur de la sant\u00e9 comprennent des h\u00f4pitaux, des laboratoires de diagnostic et des soci\u00e9t\u00e9s de dispositifs m\u00e9dicaux. Ils s\u2019appuient tous sur des diagnostics cliniques. Il joue un r\u00f4le essentiel dans le diagnostic et le traitement. De plus, les diagnostics cliniques sont essentiels pour diagnostiquer les probl\u00e8mes de sant\u00e9 et \u00e9laborer des plans de traitement efficaces. Les entreprises du secteur de la sant\u00e9 ont besoin de tests et de proc\u00e9dures de diagnostic fiables. Ils peuvent ainsi prodiguer des soins de qualit\u00e9 \u00e0 leurs patients.<\/p>\n\n\n\n<p>Les diagnostics cliniques sont essentiels au d\u00e9veloppement de nouveaux m\u00e9dicaments, th\u00e9rapies et dispositifs m\u00e9dicaux. Les entreprises du secteur de la sant\u00e9 doivent mener des essais cliniques. Ils doivent \u00e9galement utiliser des outils de diagnostic pour tester la s\u00e9curit\u00e9 et l\u2019efficacit\u00e9 des nouveaux traitements et dispositifs.<\/p>\n\n\n\n<p>De plus, les diagnostics cliniques garantissent la qualit\u00e9 et l&#039;exactitude des produits et services de sant\u00e9. De plus, les laboratoires de diagnostic, les fabricants de dispositifs m\u00e9dicaux et d\u2019autres entreprises de soins de sant\u00e9 s\u2019appuient sur des tests de diagnostic. C&#039;est ainsi qu&#039;ils v\u00e9rifient les performances de leurs produits et services. De cette fa\u00e7on, ils peuvent s\u2019assurer qu\u2019ils respectent les normes r\u00e9glementaires.<\/p>\n\n\n\n<p>Data from <a href=\"https:\/\/www.sisinternational.com\/fr\/competence\/les-industries\/etude-de-marche-automobile\/cliniques-automobiles-statiques-et-dynamiques\/\" title=\"Market Research Methods for Automotive Research &#8211; Static vs Dynamic Car Clinics\"  data-wpil-monitor-id=\"1566\">\u00c9tude de march\u00e9 sur le diagnostic clinique<\/a> can help healthcare businesses provide cost-effective care. At least, they reduce the need for expensive and unnecessary treatments. By the same token, accurate and timely diagnosis can help healthcare providers. It enables them to identify the most appropriate treatment options, to say nothing of reducing healthcare costs.<\/p>\n\n\n\n<p>En r\u00e9sum\u00e9, les diagnostics cliniques sont essentiels pour les entreprises du secteur de la sant\u00e9. Cela leur permet de prodiguer des soins de qualit\u00e9 et de mener des activit\u00e9s de recherche et d\u00e9veloppement. Il assure \u00e9galement un contr\u00f4le qualit\u00e9 et offre des soins rentables.<\/p>\n\n\n\n<h2 class=\"wp-block-heading\">Facteurs cl\u00e9s de succ\u00e8s<\/h2>\n\n\n\n<p>Certains facteurs cl\u00e9s de succ\u00e8s pour les diagnostics cliniques incluent la qualit\u00e9 et l\u2019exactitude. En d\u2019autres termes, l\u2019exactitude et la fiabilit\u00e9 des tests et proc\u00e9dures de diagnostic sont essentielles. Ils veillent \u00e0 ce que les patients re\u00e7oivent le bon diagnostic ainsi que le traitement. Les entreprises de soins de sant\u00e9 qui privil\u00e9gient la qualit\u00e9 et la pr\u00e9cision ont plus de chances de r\u00e9ussir.<\/p>\n\n\n\n<p>Le diagnostic clinique est un domaine en \u00e9volution. Cela oblige les entreprises \u00e0 se tenir au courant des derni\u00e8res technologies et innovations. Les entreprises devraient investir dans la recherche et le d\u00e9veloppement et adopter de nouvelles technologies. Ceux qui le font ont plus de chances de r\u00e9ussir.<\/p>\n\n\n\n<p>Les entreprises de soins de sant\u00e9 doivent suivre un large \u00e9ventail de normes r\u00e9glementaires. De cette mani\u00e8re, ils garantissent la s\u00e9curit\u00e9 et l\u2019efficacit\u00e9 de leurs produits et services. Les entreprises qui privil\u00e9gient la conformit\u00e9 et maintiennent des normes \u00e9thiques \u00e9lev\u00e9es ont plus de chances de r\u00e9ussir.<\/p>\n\n\n\n<p>La satisfaction des patients est essentielle au succ\u00e8s des entreprises de soins de sant\u00e9. Des soins de haute qualit\u00e9, des diagnostics pr\u00e9cis et un excellent service client sont cruciaux. Ces attributs peuvent aider les entreprises \u00e0 fid\u00e9liser leurs clients et \u00e0 attirer de nouveaux patients.<\/p>\n\n\n\n<p>Les entreprises de soins de sant\u00e9 s&#039;appuient sur des professionnels qualifi\u00e9s et comp\u00e9tents. Ces professionnels effectuent des tests et des proc\u00e9dures de diagnostic. Les entreprises devraient investir dans la formation et le d\u00e9veloppement de leurs employ\u00e9s et attirer les meilleurs talents. De telles entreprises ont plus de chances de r\u00e9ussir.<\/p>\n\n\n\n<p>Le co\u00fbt des tests et proc\u00e9dures de diagnostic est essentiel pour les patients. Cela a \u00e9galement un impact sur les prestataires de soins de sant\u00e9. Les entreprises doivent proposer des solutions rentables qui contribuent \u00e0 r\u00e9duire les co\u00fbts des soins de sant\u00e9. Ces entreprises ont plus de chances de r\u00e9ussir dans le secteur du diagnostic clinique.<\/p>\n\n\n\n<h2 class=\"wp-block-heading\">\u00c0 propos des \u00e9tudes de march\u00e9 sur le diagnostic clinique<\/h2>\n\n\n\n<p>The Clinical Diagnostics market is competitive and consists of local and global players. It\u2019s essential to conduct Quantitative Market Research as part of your Go to Market Strategy. Quantitative <a href=\"https:\/\/www.sisinternational.com\/fr\/competence\/les-industries\/etude-de-marche-sur-la-volaille\/\" title=\"\u00c9tude de march\u00e9 sur la volaille\"  data-wpil-monitor-id=\"3098\">\u00c9tude de march\u00e9<\/a>, Market Opportunity Research, and Market Sizing Research are crucial. They can help you understand a market opportunity\u2019s magnitude (or lack thereof).<\/p>\n\n\n\n<p>SIS International provides both Quantitative and Qualitative Market Research. We also offer UX Market Research, Strategy Market Research, and Competitive Analysis. Need Focus Groups, Surveys, and Interviews for your <a class=\"wpil_keyword_link\" href=\"https:\/\/www.sisinternational.com\/fr\/solutions\/conseil-en-strategie\/recherche-dentree-sur-le-marche\/\"   title=\"Recherche d&#039;entr\u00e9e sur le march\u00e9\" data-wpil-keyword-link=\"linked\"  data-wpil-monitor-id=\"693\">Recherche d&#039;entr\u00e9e sur le march\u00e9<\/a>? We\u2019ve got you covered! Contact us today for a consultation.<\/p>","protected":false},"excerpt":{"rendered":"<p>Les diagnostics cliniques sont essentiels pour plusieurs raisons, notamment la d\u00e9tection pr\u00e9coce des maladies et des probl\u00e8mes de sant\u00e9.<\/p>","protected":false},"author":1,"featured_media":62425,"parent":11294,"menu_order":280,"comment_status":"closed","ping_status":"closed","template":"","meta":{"_uag_custom_page_level_css":"","footnotes":""},"class_list":["post-42603","page","type-page","status-publish","has-post-thumbnail"],"uagb_featured_image_src":{"full":["https:\/\/www.sisinternational.com\/wp-content\/uploads\/2025\/08\/Healthcare-7.jpg",1456,816,false],"thumbnail":["https:\/\/www.sisinternational.com\/wp-content\/uploads\/2025\/08\/Healthcare-7-150x150.jpg",150,150,true],"medium":["https:\/\/www.sisinternational.com\/wp-content\/uploads\/2025\/08\/Healthcare-7-300x168.jpg",300,168,true],"medium_large":["https:\/\/www.sisinternational.com\/wp-content\/uploads\/2025\/08\/Healthcare-7-768x430.jpg",768,430,true],"large":["https:\/\/www.sisinternational.com\/wp-content\/uploads\/2025\/08\/Healthcare-7-1024x574.jpg",1024,574,true],"1536x1536":["https:\/\/www.sisinternational.com\/wp-content\/uploads\/2025\/08\/Healthcare-7.jpg",1456,816,false],"2048x2048":["https:\/\/www.sisinternational.com\/wp-content\/uploads\/2025\/08\/Healthcare-7.jpg",1456,816,false],"trp-custom-language-flag":["https:\/\/www.sisinternational.com\/wp-content\/uploads\/2025\/08\/Healthcare-7-18x10.jpg",18,10,true]},"uagb_author_info":{"display_name":"Ruth Stanat","author_link":"https:\/\/www.sisinternational.com\/fr\/author\/expert\/"},"uagb_comment_info":0,"uagb_excerpt":"Clinical diagnostics are essential for several reasons, including the early detection of diseases and medical conditions.","_links":{"self":[{"href":"https:\/\/www.sisinternational.com\/fr\/wp-json\/wp\/v2\/pages\/42603","targetHints":{"allow":["GET"]}}],"collection":[{"href":"https:\/\/www.sisinternational.com\/fr\/wp-json\/wp\/v2\/pages"}],"about":[{"href":"https:\/\/www.sisinternational.com\/fr\/wp-json\/wp\/v2\/types\/page"}],"author":[{"embeddable":true,"href":"https:\/\/www.sisinternational.com\/fr\/wp-json\/wp\/v2\/users\/1"}],"replies":[{"embeddable":true,"href":"https:\/\/www.sisinternational.com\/fr\/wp-json\/wp\/v2\/comments?post=42603"}],"version-history":[{"count":9,"href":"https:\/\/www.sisinternational.com\/fr\/wp-json\/wp\/v2\/pages\/42603\/revisions"}],"predecessor-version":[{"id":79948,"href":"https:\/\/www.sisinternational.com\/fr\/wp-json\/wp\/v2\/pages\/42603\/revisions\/79948"}],"up":[{"embeddable":true,"href":"https:\/\/www.sisinternational.com\/fr\/wp-json\/wp\/v2\/pages\/11294"}],"wp:featuredmedia":[{"embeddable":true,"href":"https:\/\/www.sisinternational.com\/fr\/wp-json\/wp\/v2\/media\/62425"}],"wp:attachment":[{"href":"https:\/\/www.sisinternational.com\/fr\/wp-json\/wp\/v2\/media?parent=42603"}],"curies":[{"name":"wp","href":"https:\/\/api.w.org\/{rel}","templated":true}]}}