{"id":42600,"date":"2023-04-30T17:27:55","date_gmt":"2023-04-30T21:27:55","guid":{"rendered":"https:\/\/www.sisinternational.com\/?page_id=42600"},"modified":"2025-10-18T19:08:20","modified_gmt":"2025-10-18T23:08:20","slug":"etude-de-marche-ciso","status":"publish","type":"page","link":"https:\/\/www.sisinternational.com\/fr\/competence\/etude-de-marche-ciso\/","title":{"rendered":"\u00c9tude de march\u00e9 RSSI"},"content":{"rendered":"<h1 class=\"wp-block-heading\">\u00c9tude de march\u00e9 RSSI<\/h1>\n\n\n\n<figure class=\"gb-block-image gb-block-image-19648e25\"><img loading=\"lazy\" decoding=\"async\" width=\"1456\" height=\"816\" class=\"gb-image gb-image-19648e25\" src=\"https:\/\/www.sisinternational.com\/wp-content\/uploads\/2025\/08\/Cibersecurity-security-1.jpg\" alt=\"\u00c9tudes de march\u00e9 et strat\u00e9gie internationales SIS\" title=\"Cibersecurity security (1)\" srcset=\"https:\/\/www.sisinternational.com\/wp-content\/uploads\/2025\/08\/Cibersecurity-security-1.jpg 1456w, https:\/\/www.sisinternational.com\/wp-content\/uploads\/2025\/08\/Cibersecurity-security-1-300x168.jpg 300w, https:\/\/www.sisinternational.com\/wp-content\/uploads\/2025\/08\/Cibersecurity-security-1-1024x574.jpg 1024w, https:\/\/www.sisinternational.com\/wp-content\/uploads\/2025\/08\/Cibersecurity-security-1-768x430.jpg 768w, https:\/\/www.sisinternational.com\/wp-content\/uploads\/2025\/08\/Cibersecurity-security-1-18x10.jpg 18w\" sizes=\"auto, (max-width: 1456px) 100vw, 1456px\"><\/figure>\n\n\n\n<p><\/p>\n\n\n\n<p>\u00c0 mesure que la soci\u00e9t\u00e9 est de plus en plus interconnect\u00e9e avec la technologie, la protection des informations sensibles est devenue une priorit\u00e9 absolue pour les organisations, et le responsable de la s\u00e9curit\u00e9 de l&#039;information (RSSI) est charg\u00e9 de garantir la s\u00e9curit\u00e9 des informations.<\/p>\n\n\n\n<p>Le RSSI est charg\u00e9 de prot\u00e9ger les donn\u00e9es et de cr\u00e9er des syst\u00e8mes s\u00e9curis\u00e9s capables de r\u00e9sister aux cybermenaces et aux violations potentielles. En raison de l\u2019importance de ce r\u00f4le, la demande de RSSI qualifi\u00e9s et exp\u00e9riment\u00e9s est en augmentation. Pour les organisations cherchant \u00e0 pourvoir ce poste ou pour les professionnels souhaitant entrer dans ce domaine, il est crucial de comprendre le paysage des \u00e9tudes de march\u00e9 des RSSI afin d&#039;obtenir des informations pr\u00e9cieuses sur les tendances d&#039;embauche, les attentes salariales, ainsi que les comp\u00e9tences et l&#039;exp\u00e9rience n\u00e9cessaires pour r\u00e9ussir dans ce r\u00f4le critique. .<\/p>\n\n\n\n<h2 class=\"wp-block-heading\">Qu\u2019est-ce que l\u2019\u00e9tude de march\u00e9 RSSI\u00a0?<\/h2>\n\n\n\n<p>L\u2019\u00e9tude de march\u00e9 des RSSI implique un processus m\u00e9thodique de collecte, d\u2019analyse et de compr\u00e9hension des donn\u00e9es li\u00e9es aux RSSI. Cette recherche englobe g\u00e9n\u00e9ralement de multiples facettes de la profession de RSSI, notamment le besoin de RSSI comp\u00e9tents, les qualifications et comp\u00e9tences sp\u00e9cifiques n\u00e9cessaires, les diff\u00e9rents secteurs qui emploient les RSSI, les tendances dominantes en mati\u00e8re de r\u00e9mun\u00e9ration, ainsi que les difficult\u00e9s et les perspectives que rencontrent les RSSI dans leur activit\u00e9. postes.<\/p>\n\n\n\n<h3 class=\"wp-block-heading\">En particulier, les \u00e9tudes de march\u00e9 RSSI aident les organisations, les professionnels et les parties prenantes du secteur de la cybers\u00e9curit\u00e9 \u00e0\u00a0:<\/h3>\n\n\n\n<ul class=\"wp-block-list\">\n<li>Understand the current <a href=\"https:\/\/www.sisinternational.com\/fr\/couverture\/les-ameriques\/couverture-des-etats-unis\/etude-de-marche-dans-letat-de-new-york\/\" title=\"\u00c9tude de march\u00e9 dans l\u2019\u00c9tat de New York\"  data-wpil-monitor-id=\"8446\">state of the CISO job market<\/a>, including the size, growth rate, and geographic distribution of demand for CISOs.<\/li>\n\n\n\n<li>Identifiez les tendances et les d\u00e9fis \u00e9mergents dans le paysage de la cybers\u00e9curit\u00e9 qui peuvent avoir un impact sur le r\u00f4le et les responsabilit\u00e9s des RSSI.<\/li>\n\n\n\n<li>D\u00e9terminez les comp\u00e9tences et qualifications cl\u00e9s n\u00e9cessaires aux RSSI pour r\u00e9ussir dans leurs fonctions, ainsi que les d\u00e9fis li\u00e9s au recrutement et \u00e0 la r\u00e9tention des meilleurs talents.<\/li>\n\n\n\n<li>\u00c9valuer l\u2019efficacit\u00e9 des programmes de formation et de d\u00e9veloppement RSSI existants et identifier les opportunit\u00e9s d\u2019am\u00e9lioration.<\/li>\n\n\n\n<li>Inform strategic decision-making related to <a href=\"https:\/\/www.sisinternational.com\/fr\/solutions\/recherche-de-conseil-en-strategie-fintech\/etude-de-marche-sur-les-technologies-dinvestissement\/\" title=\"\u00c9tude de march\u00e9 sur les technologies d\u2019investissement\"  data-wpil-monitor-id=\"8447\">investments in cybersecurity technologies<\/a>, personnel, and initiatives.<\/li>\n<\/ul>\n\n\n\n<h2 class=\"wp-block-heading\">L\u2019importance des \u00e9tudes de march\u00e9 RSSI dans le paysage commercial actuel<\/h2>\n\n\n\n<figure class=\"gb-block-image gb-block-image-56a7052e\"><img loading=\"lazy\" decoding=\"async\" width=\"1456\" height=\"816\" class=\"gb-image gb-image-56a7052e\" src=\"https:\/\/www.sisinternational.com\/wp-content\/uploads\/2025\/08\/Cibersecurity-security-7.jpg\" alt=\"\u00c9tudes de march\u00e9 et strat\u00e9gie internationales SIS\" title=\"Cibersecurity security (7)\" srcset=\"https:\/\/www.sisinternational.com\/wp-content\/uploads\/2025\/08\/Cibersecurity-security-7.jpg 1456w, https:\/\/www.sisinternational.com\/wp-content\/uploads\/2025\/08\/Cibersecurity-security-7-300x168.jpg 300w, https:\/\/www.sisinternational.com\/wp-content\/uploads\/2025\/08\/Cibersecurity-security-7-1024x574.jpg 1024w, https:\/\/www.sisinternational.com\/wp-content\/uploads\/2025\/08\/Cibersecurity-security-7-768x430.jpg 768w, https:\/\/www.sisinternational.com\/wp-content\/uploads\/2025\/08\/Cibersecurity-security-7-18x10.jpg 18w\" sizes=\"auto, (max-width: 1456px) 100vw, 1456px\"><\/figure>\n\n\n\n<p><\/p>\n\n\n\n<p>Le paysage commercial actuel est en proie \u00e0 un nombre croissant de cybermenaces et de violations de donn\u00e9es de plus en plus complexes. En cons\u00e9quence, il est essentiel que les entreprises comprennent parfaitement les \u00e9tudes de march\u00e9 des RSSI afin de prot\u00e9ger leurs actifs num\u00e9riques. Voici quelques raisons cl\u00e9s pour lesquelles les \u00e9tudes de march\u00e9 RSSI sont cruciales dans l\u2019environnement commercial actuel :<\/p>\n\n\n\n<ul class=\"wp-block-list\">\n<li><strong>Identifier les besoins en talents\u00a0:<\/strong> Les \u00e9tudes de march\u00e9 des RSSI aident les organisations \u00e0 identifier les comp\u00e9tences et qualifications sp\u00e9cifiques requises pour r\u00e9ussir en tant que RSSI. En restant inform\u00e9es des tendances du march\u00e9, les entreprises peuvent s&#039;assurer de recruter et de retenir les candidats les plus qualifi\u00e9s pour prot\u00e9ger leurs actifs num\u00e9riques.<\/li>\n\n\n\n<li><strong>Garder une longueur d\u2019avance sur les menaces \u00e9mergentes\u00a0:<\/strong> Les \u00e9tudes de march\u00e9 RSSI fournissent un aper\u00e7u des menaces \u00e9mergentes, des nouvelles technologies et des derni\u00e8res strat\u00e9gies de cybers\u00e9curit\u00e9. En se tenant au courant de ces \u00e9volutions, les organisations peuvent anticiper et r\u00e9pondre plus efficacement aux menaces, minimisant ainsi le potentiel de violations de donn\u00e9es et de cyberattaques co\u00fbteuses.<\/li>\n\n\n\n<li><strong>\u00c9clairer les d\u00e9cisions d\u2019investissement\u00a0:<\/strong> Les \u00e9tudes de march\u00e9 RSSI aident les organisations \u00e0 prendre des d\u00e9cisions fond\u00e9es sur les donn\u00e9es lors de l&#039;allocation des ressources \u00e0 leurs initiatives de cybers\u00e9curit\u00e9, en garantissant qu&#039;elles investissent dans les solutions et le personnel les plus efficaces.<\/li>\n<\/ul>\n\n\n\n<h2 class=\"wp-block-heading\">Tendances \u00e9mergentes<\/h2>\n\n\n\n<p>The CISO <a href=\"https:\/\/www.sisinternational.com\/fr\/solutions\/croissance-mondiale\/conseil-en-strategie-marches-emergents\/\" title=\"Conseil en strat\u00e9gie pour les march\u00e9s \u00e9mergents\"  data-wpil-monitor-id=\"8448\">market is experiencing several emerging<\/a> trends that are shaping the cybersecurity landscape. Some of the key emerging trends in CISO market research are:<\/p>\n\n\n\n<ul class=\"wp-block-list\">\n<li><strong>L\u2019essor de l\u2019intelligence artificielle (IA) et de l\u2019apprentissage automatique (ML)\u00a0:<\/strong> Les technologies d\u2019IA et de ML sont de plus en plus utilis\u00e9es pour am\u00e9liorer les mesures de cybers\u00e9curit\u00e9, permettant aux organisations de d\u00e9tecter les menaces et d\u2019y r\u00e9pondre plus efficacement. Les RSSI doivent rester inform\u00e9s des derni\u00e8res avanc\u00e9es en mati\u00e8re d&#039;IA et de ML pour garantir que leurs organisations exploitent efficacement ces technologies.<\/li>\n\n\n\n<li><strong>Accent accru sur la confidentialit\u00e9 et la conformit\u00e9 des donn\u00e9es\u00a0:<\/strong> Avec l\u2019introduction de r\u00e9glementations telles que le RGPD et le CCPA, les organisations sont d\u00e9sormais confront\u00e9es \u00e0 une surveillance accrue concernant leurs pratiques en mati\u00e8re de protection des donn\u00e9es. Les RSSI doivent donner la priorit\u00e9 \u00e0 la confidentialit\u00e9 et \u00e0 la conformit\u00e9 des donn\u00e9es pour \u00e9viter de lourdes amendes et des atteintes \u00e0 leur r\u00e9putation.<\/li>\n\n\n\n<li><strong>Lacune de comp\u00e9tences en cybers\u00e9curit\u00e9\u00a0:<\/strong> La demande de professionnels qualifi\u00e9s en cybers\u00e9curit\u00e9 continue de d\u00e9passer l\u2019offre, cr\u00e9ant ainsi une p\u00e9nurie de talents dans le secteur. Les RSSI doivent d\u00e9velopper des strat\u00e9gies innovantes pour recruter, retenir et former les talents en cybers\u00e9curit\u00e9 pour relever ce d\u00e9fi. L\u2019erreur humaine restant un facteur important de violation de donn\u00e9es, les RSSI mettent davantage l\u2019accent sur les programmes de formation et de sensibilisation des employ\u00e9s \u00e0 la cybers\u00e9curit\u00e9.<\/li>\n\n\n\n<li><strong>Demande accrue de RSSI\u00a0:<\/strong> Avec l\u2019importance croissante de la cybers\u00e9curit\u00e9 dans les organisations de toutes tailles, il existe une demande croissante pour que les RSSI prennent la t\u00eate du d\u00e9veloppement et de la mise en \u0153uvre de strat\u00e9gies de s\u00e9curit\u00e9 globales.<\/li>\n\n\n\n<li><strong>Attention croissante aux menaces internes\u00a0:<\/strong> Les RSSI se concentrent de plus en plus sur la d\u00e9tection et la pr\u00e9vention des menaces internes, qu&#039;elles soient malveillantes ou involontaires, en mettant en \u0153uvre des utilisateurs robustes.<\/li>\n<\/ul>\n\n\n\n<h2 class=\"wp-block-heading\">L&#039;avenir<\/h2>\n\n\n\n<figure class=\"gb-block-image gb-block-image-e9024cc4\"><img loading=\"lazy\" decoding=\"async\" width=\"1456\" height=\"816\" class=\"gb-image gb-image-e9024cc4\" src=\"https:\/\/www.sisinternational.com\/wp-content\/uploads\/2025\/08\/Cibersecurity-security-9.jpg\" alt=\"\u00c9tudes de march\u00e9 et strat\u00e9gie internationales SIS\" title=\"Cibersecurity security (9)\" srcset=\"https:\/\/www.sisinternational.com\/wp-content\/uploads\/2025\/08\/Cibersecurity-security-9.jpg 1456w, https:\/\/www.sisinternational.com\/wp-content\/uploads\/2025\/08\/Cibersecurity-security-9-300x168.jpg 300w, https:\/\/www.sisinternational.com\/wp-content\/uploads\/2025\/08\/Cibersecurity-security-9-1024x574.jpg 1024w, https:\/\/www.sisinternational.com\/wp-content\/uploads\/2025\/08\/Cibersecurity-security-9-768x430.jpg 768w, https:\/\/www.sisinternational.com\/wp-content\/uploads\/2025\/08\/Cibersecurity-security-9-18x10.jpg 18w\" sizes=\"auto, (max-width: 1456px) 100vw, 1456px\"><\/figure>\n\n\n\n<p><\/p>\n\n\n\n<p>The ever-evolving digital arena and the emergence of advanced cyber threats will lead to significant <a href=\"https:\/\/www.sisinternational.com\/fr\/solutions\/etude-de-marche-sur-la-transformation-des-entreprises\/\" title=\"\u00c9tude de march\u00e9 sur la transformation des entreprises\"  data-wpil-monitor-id=\"8449\">transformations in the CISO market<\/a>. To prepare for the future, both organizations and cybersecurity professionals must gain an in-depth understanding of the potential changes in the CISO market. Here are some prospects for the future of CISO market research:<\/p>\n\n\n\n<ul class=\"wp-block-list\">\n<li><strong>Continued <\/strong><a href=\"https:\/\/www.sisinternational.com\/fr\/solutions\/conseil-en-tourisme-de-voyage-et-en-hotellerie\/etude-de-marche-dune-entreprise-de-guides-touristiques\/\" title=\"\u00c9tude de march\u00e9 sur les soci\u00e9t\u00e9s de guides touristiques\"  data-wpil-monitor-id=\"8450\">market growth: As companies<\/a> continue to prioritize cybersecurity, the need for capable and seasoned CISOs is projected to steadily increase. This recognition of the significance of robust cybersecurity leadership is anticipated to intensify the competition for top CISO talent and result in higher compensation packages.<\/li>\n\n\n\n<li><strong>Le r\u00f4le \u00e9volutif des RSSI\u00a0:<\/strong> \u00c0 mesure que le paysage de la s\u00e9curit\u00e9 continue d\u2019\u00e9voluer, les attentes plac\u00e9es \u00e0 l\u2019\u00e9gard des RSSI changeront \u00e9galement. Ces dirigeants devront se concentrer sur la planification strat\u00e9gique, la gestion des risques et la collaboration entre les fonctions pour garantir que leurs organisations sont bien prot\u00e9g\u00e9es contre les menaces croissantes. Les RSSI devront ma\u00eetriser des domaines particuliers tels que la s\u00e9curit\u00e9 du cloud, la protection des infrastructures critiques ou le respect des r\u00e9glementations r\u00e9gissant la confidentialit\u00e9 des donn\u00e9es.<\/li>\n\n\n\n<li><strong>Accent accru sur l\u2019automatisation et l\u2019IA\u00a0:<\/strong> Dans le paysage actuel de la cybers\u00e9curit\u00e9 en constante \u00e9volution, les organisations se tournent vers les technologies d\u2019IA et d\u2019automatisation pour renforcer leurs syst\u00e8mes de d\u00e9fense. En cons\u00e9quence, les RSSI doivent rester au courant des derni\u00e8res avanc\u00e9es et s\u2019assurer que leurs \u00e9quipes utilisent efficacement ces outils.<\/li>\n\n\n\n<li><strong>Demande croissante de soft skills\u00a0:<\/strong> Le r\u00f4le d\u2019un RSSI \u00e9volue et s\u2019\u00e9tend au-del\u00e0 des connaissances techniques. De nos jours, les RSSI sont cens\u00e9s poss\u00e9der des comp\u00e9tences g\u00e9n\u00e9rales bien d\u00e9velopp\u00e9es, notamment des capacit\u00e9s efficaces de communication, de leadership et de n\u00e9gociation. Cette tendance est motiv\u00e9e par le besoin croissant de collaboration et de travail d\u2019\u00e9quipe entre les RSSI et les diff\u00e9rentes parties prenantes de l\u2019organisation. Pour exceller dans ce r\u00f4le, les RSSI doivent poss\u00e9der un solide \u00e9quilibre entre comp\u00e9tences techniques et g\u00e9n\u00e9rales, ces derni\u00e8res devenant de plus en plus essentielles au succ\u00e8s.<\/li>\n<\/ul>\n\n\n\n<p><a href=\"https:\/\/www.sisinternational.com\/fr\/sis-devoile-une-plateforme-de-science-des-donnees-et-danalyse-quantitative\/\" title=\"SIS d\u00e9voile sa plateforme de science des donn\u00e9es et d&#039;analyse quantitative\"  data-wpil-monitor-id=\"8443\">SIS International offers Quantitative<\/a>, Qualitative, and Strategy Research. We provide data, tools, strategies, reports and insights for decision-making. We conduct interviews, surveys, <a href=\"https:\/\/www.sisinternational.com\/fr\/solutions\/etude-de-marche-en-groupe-de-discussion\/\" title=\"\u00c9tude de march\u00e9 par groupe de discussion\"  data-wpil-monitor-id=\"8444\">focus groups and many other Market Research<\/a> methods and approaches. Contact us for your <a href=\"https:\/\/www.sisinternational.com\/fr\/competence\/les-industries\/etude-de-marche-sur-les-technologies-de-nouvelle-generation\/\" title=\"\u00c9tude de march\u00e9 sur les technologies de nouvelle g\u00e9n\u00e9ration\"  data-wpil-monitor-id=\"8445\">next Market Research<\/a> projet.<\/p>\n\n\n\n<p><\/p>\n\n\n\n<p><\/p>","protected":false},"excerpt":{"rendered":"<p>Les \u00e9tudes de march\u00e9 des RSSI obtiennent des informations pr\u00e9cieuses sur les tendances d\u2019embauche, les attentes salariales ainsi que les comp\u00e9tences et l\u2019exp\u00e9rience n\u00e9cessaires pour r\u00e9ussir.<\/p>","protected":false},"author":1,"featured_media":64037,"parent":14514,"menu_order":279,"comment_status":"closed","ping_status":"closed","template":"","meta":{"footnotes":""},"class_list":["post-42600","page","type-page","status-publish","has-post-thumbnail"],"_links":{"self":[{"href":"https:\/\/www.sisinternational.com\/fr\/wp-json\/wp\/v2\/pages\/42600","targetHints":{"allow":["GET"]}}],"collection":[{"href":"https:\/\/www.sisinternational.com\/fr\/wp-json\/wp\/v2\/pages"}],"about":[{"href":"https:\/\/www.sisinternational.com\/fr\/wp-json\/wp\/v2\/types\/page"}],"author":[{"embeddable":true,"href":"https:\/\/www.sisinternational.com\/fr\/wp-json\/wp\/v2\/users\/1"}],"replies":[{"embeddable":true,"href":"https:\/\/www.sisinternational.com\/fr\/wp-json\/wp\/v2\/comments?post=42600"}],"version-history":[{"count":4,"href":"https:\/\/www.sisinternational.com\/fr\/wp-json\/wp\/v2\/pages\/42600\/revisions"}],"predecessor-version":[{"id":81417,"href":"https:\/\/www.sisinternational.com\/fr\/wp-json\/wp\/v2\/pages\/42600\/revisions\/81417"}],"up":[{"embeddable":true,"href":"https:\/\/www.sisinternational.com\/fr\/wp-json\/wp\/v2\/pages\/14514"}],"wp:featuredmedia":[{"embeddable":true,"href":"https:\/\/www.sisinternational.com\/fr\/wp-json\/wp\/v2\/media\/64037"}],"wp:attachment":[{"href":"https:\/\/www.sisinternational.com\/fr\/wp-json\/wp\/v2\/media?parent=42600"}],"curies":[{"name":"wp","href":"https:\/\/api.w.org\/{rel}","templated":true}]}}