{"id":42598,"date":"2023-04-30T17:01:18","date_gmt":"2023-04-30T21:01:18","guid":{"rendered":"https:\/\/www.sisinternational.com\/?page_id=42598"},"modified":"2026-01-25T19:13:22","modified_gmt":"2026-01-26T00:13:22","slug":"directeur-des-investissements-etudes-de-marche","status":"publish","type":"page","link":"https:\/\/www.sisinternational.com\/fr\/competence\/directeur-des-investissements-etudes-de-marche\/","title":{"rendered":"Directeur des investissements, \u00e9tudes de march\u00e9"},"content":{"rendered":"<h1 class=\"wp-block-heading\">Directeur des investissements, \u00e9tudes de march\u00e9<\/h1>\n\n\n\n<figure class=\"gb-block-image gb-block-image-f81175a7\"><img loading=\"lazy\" decoding=\"async\" width=\"1456\" height=\"816\" class=\"gb-image gb-image-f81175a7\" src=\"https:\/\/www.sisinternational.com\/wp-content\/uploads\/2025\/08\/CEO-CIO-manager-4.jpg\" alt=\"\u00c9tudes de march\u00e9 et strat\u00e9gie internationales SIS\" title=\"CEO CIO manager (4)\" srcset=\"https:\/\/www.sisinternational.com\/wp-content\/uploads\/2025\/08\/CEO-CIO-manager-4.jpg 1456w, https:\/\/www.sisinternational.com\/wp-content\/uploads\/2025\/08\/CEO-CIO-manager-4-300x168.jpg 300w, https:\/\/www.sisinternational.com\/wp-content\/uploads\/2025\/08\/CEO-CIO-manager-4-1024x574.jpg 1024w, https:\/\/www.sisinternational.com\/wp-content\/uploads\/2025\/08\/CEO-CIO-manager-4-768x430.jpg 768w, https:\/\/www.sisinternational.com\/wp-content\/uploads\/2025\/08\/CEO-CIO-manager-4-18x10.jpg 18w\" sizes=\"auto, (max-width: 1456px) 100vw, 1456px\"><\/figure>\n\n\n\n<p><\/p>\n\n\n\n<p>\u00c0 mesure que le monde financier continue d\u2019\u00e9voluer, le r\u00f4le du directeur des investissements est devenu plus vital que jamais. Ces professionnels sont charg\u00e9s de superviser et d&#039;affiner le portefeuille d&#039;investissement d&#039;une organisation, jouant un r\u00f4le crucial dans l&#039;\u00e9tablissement et le maintien de la stabilit\u00e9 et de la croissance financi\u00e8res.<\/p>\n\n\n\n<p>Par cons\u00e9quent, acqu\u00e9rir une compr\u00e9hension compl\u00e8te du paysage des \u00e9tudes de march\u00e9 des directeurs des investissements est essentiel \u00e0 la fois pour les entreprises et les particuliers travaillant dans le secteur financier.<\/p>\n\n\n\n<h2 class=\"wp-block-heading\">Qu\u2019est-ce que l\u2019\u00e9tude de march\u00e9 du directeur des investissements ?<\/h2>\n\n\n\n<p>Chief investment officers have a major responsibility in managing and refining a company&#8217;s investment portfolio, making crucial decisions, and ensuring the financial prosperity and security of the organization. Chief <a href=\"https:\/\/www.sisinternational.com\/fr\/competence\/les-industries\/etude-de-marche-sur-linvestissement-esg\/\" title=\"\u00c9tude de march\u00e9 sur l\u2019investissement ESG\"  data-wpil-monitor-id=\"4891\">investment officer market research<\/a> typically covers various aspects of the chief investment officer profession such as:<\/p>\n\n\n\n<ul class=\"wp-block-list\">\n<li>Une analyse compl\u00e8te de la taille du secteur mondial des responsables de l\u2019information pour montrer le nombre total de postes de DSI disponibles.<\/li>\n\n\n\n<li>Cette analyse des secteurs dans lesquels sont employ\u00e9s les directeurs de l&#039;information, notamment les soci\u00e9t\u00e9s de gestion d&#039;actifs, les banques, les compagnies d&#039;assurance et les fonds de pension, entre autres. Il explore \u00e9galement les obstacles et les perspectives uniques que rencontrent les directeurs de l&#039;information dans chaque secteur respectif.<\/li>\n\n\n\n<li>Une r\u00e9partition de la demande de directeurs de l&#039;information dans diff\u00e9rentes r\u00e9gions et pays, en tenant compte de facteurs tels que le d\u00e9veloppement \u00e9conomique r\u00e9gional, les tendances en mati\u00e8re d&#039;investissement et les r\u00e9glementations locales.<br>Une analyse des programmes de r\u00e9mun\u00e9ration offerts aux directeurs de l&#039;information, y compris le salaire de base, les primes, la participation aux b\u00e9n\u00e9fices et les avantages sociaux, ainsi que les facteurs influen\u00e7ant ces tendances.<\/li>\n\n\n\n<li>Un examen des comp\u00e9tences et qualifications essentielles requises pour les directeurs de l&#039;information, allant de l&#039;expertise financi\u00e8re et de l&#039;exp\u00e9rience en gestion de placements aux capacit\u00e9s de leadership, de communication et de r\u00e9flexion strat\u00e9gique.<\/li>\n<\/ul>\n\n\n\n<h2 class=\"wp-block-heading\">Tendances actuelles des \u00e9tudes de march\u00e9 des directeurs des investissements<\/h2>\n\n\n\n<p>Understanding the latest market trends can help companies stay competitive in the ever-changing investment management industry. Here are some key current trends in chief <a href=\"https:\/\/www.sisinternational.com\/fr\/retour-sur-investissement-dans-les-etudes-de-marche\/\" title=\"Retour sur investissement dans les \u00e9tudes de march\u00e9\"  data-wpil-monitor-id=\"5479\">investment officer market research<\/a>:<\/p>\n\n\n\n<ul class=\"wp-block-list\">\n<li><strong>Les avanc\u00e9es technologiques:<\/strong> Alors que la technologie continue de r\u00e9volutionner le secteur financier, les directeurs des investissements exploitent de plus en plus d\u2019outils avanc\u00e9s tels que l\u2019intelligence artificielle (IA), l\u2019apprentissage automatique (ML) et l\u2019analyse des m\u00e9gadonn\u00e9es pour \u00e9clairer les d\u00e9cisions d\u2019investissement, optimiser les portefeuilles et am\u00e9liorer la gestion des risques. La transformation num\u00e9rique en cours dans le secteur financier remod\u00e8le le mode de fonctionnement des directeurs des investissements. Cela inclut l\u2019adoption de plateformes, d\u2019outils et de processus num\u00e9riques pour la gestion des investissements, ainsi que la n\u00e9cessit\u00e9 de d\u00e9velopper des strat\u00e9gies d\u2019investissement ax\u00e9es sur le num\u00e9rique.<\/li>\n\n\n\n<li><strong>Investissements alternatifs\u00a0:<\/strong> Pour obtenir une plus grande diversification et des rendements potentiellement plus \u00e9lev\u00e9s, les directeurs des investissements explorent des investissements alternatifs tels que le capital-investissement, le capital-risque, l&#039;immobilier et les mati\u00e8res premi\u00e8res. Cette tendance refl\u00e8te un int\u00e9r\u00eat croissant pour les classes d\u2019actifs non traditionnelles comme moyen d\u2019att\u00e9nuer les risques et d\u2019am\u00e9liorer la performance du portefeuille.<\/li>\n\n\n\n<li><strong>Gestion des risques et conformit\u00e9 r\u00e9glementaire :<\/strong> Face \u00e0 la complexit\u00e9 croissante des march\u00e9s financiers et aux exigences r\u00e9glementaires plus strictes, les directeurs des investissements accordent davantage d&#039;importance \u00e0 la gestion des risques et \u00e0 la conformit\u00e9. Cela implique de surveiller de pr\u00e8s les \u00e9volutions du march\u00e9, de mettre en \u0153uvre des cadres de gestion des risques robustes et de rester inform\u00e9 de l\u2019\u00e9volution du paysage r\u00e9glementaire.<\/li>\n<\/ul>\n\n\n\n<h2 class=\"wp-block-heading\">Opportunit\u00e9s et d\u00e9fis<\/h2>\n\n\n\n<figure class=\"gb-block-image gb-block-image-202810a7\"><img loading=\"lazy\" decoding=\"async\" width=\"1456\" height=\"816\" class=\"gb-image gb-image-202810a7\" src=\"https:\/\/www.sisinternational.com\/wp-content\/uploads\/2025\/08\/CEO-CIO-manager-7.jpg\" alt=\"\u00c9tudes de march\u00e9 et strat\u00e9gie internationales SIS\" title=\"CEO CIO manager (7)\" srcset=\"https:\/\/www.sisinternational.com\/wp-content\/uploads\/2025\/08\/CEO-CIO-manager-7.jpg 1456w, https:\/\/www.sisinternational.com\/wp-content\/uploads\/2025\/08\/CEO-CIO-manager-7-300x168.jpg 300w, https:\/\/www.sisinternational.com\/wp-content\/uploads\/2025\/08\/CEO-CIO-manager-7-1024x574.jpg 1024w, https:\/\/www.sisinternational.com\/wp-content\/uploads\/2025\/08\/CEO-CIO-manager-7-768x430.jpg 768w, https:\/\/www.sisinternational.com\/wp-content\/uploads\/2025\/08\/CEO-CIO-manager-7-18x10.jpg 18w\" sizes=\"auto, (max-width: 1456px) 100vw, 1456px\"><\/figure>\n\n\n\n<p><\/p>\n\n\n\n<p><a href=\"https:\/\/www.sisinternational.com\/fr\/competence\/les-industries\/directeur-de-linformation-cio-etudes-de-marche\/\" title=\"\u00c9tude de march\u00e9 du directeur de l\u2019information (CIO)\"  data-wpil-monitor-id=\"5653\">Chief investment officer market research<\/a> presents a wealth of data on the investment management industry. It provides unique insights into market opportunities and potential growth, while also identifying areas of concern and potential risks. Here are some key opportunities and challenges associated with <a href=\"https:\/\/www.sisinternational.com\/fr\/couverture\/les-ameriques\/couverture-des-etats-unis\/etude-de-marche-a-key-west-en-floride\/\" title=\"\u00c9tude de march\u00e9 \u00e0 Key West, Floride\"  data-wpil-monitor-id=\"7153\">directeur des investissements, \u00e9tudes de march\u00e9<\/a>:<\/p>\n\n\n\n<h3 class=\"wp-block-heading\">Opportunit\u00e9s<\/h3>\n\n\n\n<ul class=\"wp-block-list\">\n<li>En comprenant les derni\u00e8res tendances et \u00e9volutions sur le march\u00e9 des directeurs des investissements, les organisations peuvent prendre des d\u00e9cisions plus \u00e9clair\u00e9es concernant leurs strat\u00e9gies d&#039;investissement, l&#039;allocation des ressources, ainsi que le recrutement et la fid\u00e9lisation des directeurs des investissements.<\/li>\n\n\n\n<li>Les informations issues des \u00e9tudes de march\u00e9 peuvent aider les organisations \u00e0 identifier les comp\u00e9tences et les qualifications n\u00e9cessaires pour r\u00e9ussir en tant que directeurs des investissements.<\/li>\n\n\n\n<li>Les \u00e9tudes de march\u00e9 du directeur des investissements fournissent un aper\u00e7u des tendances, des d\u00e9fis et des opportunit\u00e9s \u00e9mergents dans le paysage de la gestion des investissements. En restant inform\u00e9es de ces \u00e9volutions, les organisations peuvent mieux anticiper et r\u00e9agir aux changements du march\u00e9, garantissant ainsi qu&#039;elles restent agiles et adaptables.<\/li>\n<\/ul>\n\n\n\n<h3 class=\"wp-block-heading\">D\u00e9fis<\/h3>\n\n\n\n<ul class=\"wp-block-list\">\n<li>Le secteur de la gestion de placements est un espace complexe et en constante \u00e9volution, influenc\u00e9 par une multitude de facteurs tels que les progr\u00e8s technologiques, les changements r\u00e9glementaires et la volatilit\u00e9 des march\u00e9s mondiaux. Il peut \u00eatre difficile pour les organisations de se tenir au courant des derni\u00e8res tendances et \u00e9volutions du secteur, en particulier compte tenu de la p\u00e9nurie de professionnels qualifi\u00e9s dans ce domaine. Il existe donc un besoin croissant pour les organisations de mener des \u00e9tudes de march\u00e9 compl\u00e8tes.<\/li>\n\n\n\n<li>Les r\u00e9sultats et les donn\u00e9es issus des \u00e9tudes de march\u00e9 sont des atouts pr\u00e9cieux pour les organisations. Cependant, la mise en pratique de ces connaissances peut pr\u00e9senter des d\u00e9fis qui n\u00e9cessitent un effort de collaboration de la part des \u00e9quipes de direction et des autres parties prenantes au sein de l\u2019organisation.<\/li>\n\n\n\n<li>Les \u00e9tudes de march\u00e9 des directeurs des investissements r\u00e9v\u00e8lent souvent des tendances et des d\u00e9fis \u00e0 court et \u00e0 long terme dans le secteur de la gestion des investissements. Trouver un \u00e9quilibre entre ces priorit\u00e9s concurrentes tout en restant concentr\u00e9 sur les objectifs financiers globaux de l&#039;organisation peut s&#039;av\u00e9rer difficile tant pour les directeurs des investissements que pour les organisations qu&#039;ils servent.<\/li>\n<\/ul>\n\n\n\n<h2 class=\"wp-block-heading\">Perspectives de l\u2019\u00e9tude de march\u00e9 du directeur des investissements<\/h2>\n\n\n\n<figure class=\"gb-block-image gb-block-image-83d04cb0\"><img loading=\"lazy\" decoding=\"async\" width=\"1456\" height=\"816\" class=\"gb-image gb-image-83d04cb0\" src=\"https:\/\/www.sisinternational.com\/wp-content\/uploads\/2025\/08\/CEO-CIO-manager-5.jpg\" alt=\"\u00c9tudes de march\u00e9 et strat\u00e9gie internationales SIS\" title=\"CEO CIO manager (5)\" srcset=\"https:\/\/www.sisinternational.com\/wp-content\/uploads\/2025\/08\/CEO-CIO-manager-5.jpg 1456w, https:\/\/www.sisinternational.com\/wp-content\/uploads\/2025\/08\/CEO-CIO-manager-5-300x168.jpg 300w, https:\/\/www.sisinternational.com\/wp-content\/uploads\/2025\/08\/CEO-CIO-manager-5-1024x574.jpg 1024w, https:\/\/www.sisinternational.com\/wp-content\/uploads\/2025\/08\/CEO-CIO-manager-5-768x430.jpg 768w, https:\/\/www.sisinternational.com\/wp-content\/uploads\/2025\/08\/CEO-CIO-manager-5-18x10.jpg 18w\" sizes=\"auto, (max-width: 1456px) 100vw, 1456px\"><\/figure>\n\n\n\n<p><\/p>\n\n\n\n<p>Le secteur financier peut s\u2019attendre \u00e0 un avenir radieux gr\u00e2ce \u00e0 l\u2019importance croissante des \u00e9tudes de march\u00e9 des directeurs des investissements. La nature changeante de la gestion des investissements a cr\u00e9\u00e9 un besoin pressant d\u2019\u00e9tudes de march\u00e9 compl\u00e8tes, qui offrent d\u2019excellentes opportunit\u00e9s aux organisations, aux professionnels et aux parties prenantes. Voici quelques perspectives cl\u00e9s pour l\u2019avenir des investissements en chef\u00a0:<\/p>\n\n\n\n<ul class=\"wp-block-list\">\n<li><strong>Analyse de donn\u00e9es et IA am\u00e9lior\u00e9es\u00a0:<\/strong> L\u2019int\u00e9gration de techniques avanc\u00e9es d\u2019analyse de donn\u00e9es, d\u2019IA et de ML permettra des pr\u00e9visions plus pr\u00e9cises et des informations plus approfondies sur les \u00e9tudes de march\u00e9 du directeur des investissements. Ces technologies peuvent aider \u00e0 identifier des mod\u00e8les, des tendances et des corr\u00e9lations qui \u00e9taient auparavant cach\u00e9es, permettant ainsi aux organisations de prendre des d\u00e9cisions plus \u00e9clair\u00e9es et de d\u00e9velopper des strat\u00e9gies d&#039;investissement cibl\u00e9es.<\/li>\n\n\n\n<li><strong>\u00c9largir la port\u00e9e des responsabilit\u00e9s du DSI\u00a0:<\/strong> \u00c0 mesure que le poste de directeur des investissements se transforme progressivement, le domaine des \u00e9tudes de march\u00e9 du directeur des investissements \u00e9voluera \u00e9galement pour inclure des domaines de responsabilit\u00e9 \u00e9mergents tels que la transformation num\u00e9rique, l&#039;innovation et la gestion des risques.<\/li>\n\n\n\n<li><strong>Demande accrue de recherches personnalis\u00e9es\u00a0:<\/strong> To enhance their investment strategies, organizations are increasingly looking for customized <a href=\"https:\/\/www.sisinternational.com\/fr\/competence\/les-industries\/etude-de-marche-sur-les-produits-chimiques-organiques\/\" title=\"\u00c9tude de march\u00e9 sur les produits chimiques organiques\"  data-wpil-monitor-id=\"3321\">directeur des investissements, \u00e9tudes de march\u00e9<\/a> that is tailored to specific industries, regions, or investment approaches. This personalized research is crucial for gaining a comprehensive understanding of the market context and developing effective investment strategies that cater to the specific needs of each organization.<\/li>\n<\/ul>\n\n\n\n<p>SIS International propose des recherches quantitatives, qualitatives et strat\u00e9giques. Nous fournissons des donn\u00e9es, des outils, des strat\u00e9gies, des rapports et des informations pour la prise de d\u00e9cision. Nous menons des entretiens, des enqu\u00eates, des groupes de discussion et de nombreuses autres m\u00e9thodes et approches d&#039;\u00e9tudes de march\u00e9. Contactez-nous pour votre prochain projet d&#039;\u00e9tude de march\u00e9.<\/p>","protected":false},"excerpt":{"rendered":"<p>Les \u00e9tudes de march\u00e9 des directeurs des investissements couvrent certains aspects de la profession de directeur des investissements et aident les entreprises \u00e0 rester comp\u00e9titives.<\/p>","protected":false},"author":1,"featured_media":64026,"parent":14514,"menu_order":278,"comment_status":"closed","ping_status":"closed","template":"","meta":{"footnotes":""},"class_list":["post-42598","page","type-page","status-publish","has-post-thumbnail"],"_links":{"self":[{"href":"https:\/\/www.sisinternational.com\/fr\/wp-json\/wp\/v2\/pages\/42598","targetHints":{"allow":["GET"]}}],"collection":[{"href":"https:\/\/www.sisinternational.com\/fr\/wp-json\/wp\/v2\/pages"}],"about":[{"href":"https:\/\/www.sisinternational.com\/fr\/wp-json\/wp\/v2\/types\/page"}],"author":[{"embeddable":true,"href":"https:\/\/www.sisinternational.com\/fr\/wp-json\/wp\/v2\/users\/1"}],"replies":[{"embeddable":true,"href":"https:\/\/www.sisinternational.com\/fr\/wp-json\/wp\/v2\/comments?post=42598"}],"version-history":[{"count":8,"href":"https:\/\/www.sisinternational.com\/fr\/wp-json\/wp\/v2\/pages\/42598\/revisions"}],"predecessor-version":[{"id":80717,"href":"https:\/\/www.sisinternational.com\/fr\/wp-json\/wp\/v2\/pages\/42598\/revisions\/80717"}],"up":[{"embeddable":true,"href":"https:\/\/www.sisinternational.com\/fr\/wp-json\/wp\/v2\/pages\/14514"}],"wp:featuredmedia":[{"embeddable":true,"href":"https:\/\/www.sisinternational.com\/fr\/wp-json\/wp\/v2\/media\/64026"}],"wp:attachment":[{"href":"https:\/\/www.sisinternational.com\/fr\/wp-json\/wp\/v2\/media?parent=42598"}],"curies":[{"name":"wp","href":"https:\/\/api.w.org\/{rel}","templated":true}]}}