{"id":42596,"date":"2023-04-30T16:29:15","date_gmt":"2023-04-30T20:29:15","guid":{"rendered":"https:\/\/www.sisinternational.com\/?page_id=42596"},"modified":"2026-01-25T18:15:27","modified_gmt":"2026-01-25T23:15:27","slug":"directeur-de-linformation-cio-etudes-de-marche","status":"publish","type":"page","link":"https:\/\/www.sisinternational.com\/fr\/competence\/directeur-de-linformation-cio-etudes-de-marche\/","title":{"rendered":"\u00c9tude de march\u00e9 du directeur de l\u2019information (CIO)"},"content":{"rendered":"<h1 class=\"wp-block-heading\">\u00c9tude de march\u00e9 du directeur de l\u2019information (CIO)<\/h1>\n\n\n\n<figure class=\"gb-block-image gb-block-image-6fc8a8e4\"><img loading=\"lazy\" decoding=\"async\" width=\"1456\" height=\"816\" class=\"gb-image gb-image-6fc8a8e4\" src=\"https:\/\/www.sisinternational.com\/wp-content\/uploads\/2025\/08\/CEO-CIO-manager-6.jpg\" alt=\"\u00c9tudes de march\u00e9 et strat\u00e9gie internationales SIS\" title=\"CEO CIO manager (6)\" srcset=\"https:\/\/www.sisinternational.com\/wp-content\/uploads\/2025\/08\/CEO-CIO-manager-6.jpg 1456w, https:\/\/www.sisinternational.com\/wp-content\/uploads\/2025\/08\/CEO-CIO-manager-6-300x168.jpg 300w, https:\/\/www.sisinternational.com\/wp-content\/uploads\/2025\/08\/CEO-CIO-manager-6-1024x574.jpg 1024w, https:\/\/www.sisinternational.com\/wp-content\/uploads\/2025\/08\/CEO-CIO-manager-6-768x430.jpg 768w, https:\/\/www.sisinternational.com\/wp-content\/uploads\/2025\/08\/CEO-CIO-manager-6-18x10.jpg 18w\" sizes=\"auto, (max-width: 1456px) 100vw, 1456px\"><\/figure>\n\n\n\n<p><\/p>\n\n\n\n<p>Le paysage commercial actuel est caract\u00e9ris\u00e9 par des progr\u00e8s technologiques rapides et, par cons\u00e9quent, le r\u00f4le du DSI est devenu de plus en plus important. Les DSI sont charg\u00e9s de stimuler l\u2019innovation et de g\u00e9rer un paysage num\u00e9rique en constante \u00e9volution, ce qui en fait des acteurs essentiels au succ\u00e8s des organisations modernes.<\/p>\n\n\n\n<p>Ainsi, les entreprises doivent se familiariser avec le paysage des \u00e9tudes de march\u00e9 des DSI pour rester inform\u00e9es et garder une longueur d\u2019avance afin de prendre les bonnes d\u00e9cisions commerciales.<\/p>\n\n\n\n<h2 class=\"wp-block-heading\">Aper\u00e7u de l\u2019\u00e9tude de march\u00e9 du directeur de l\u2019information (CIO)<\/h2>\n\n\n\n<p>R\u00e9aliser une \u00e9tude de march\u00e9 CIO implique un processus m\u00e9thodique de collecte, d\u2019analyse et d\u2019interpr\u00e9tation de donn\u00e9es et d\u2019informations. Cette recherche se concentre sur diverses facettes du r\u00f4le du DSI, notamment la demande de DSI qualifi\u00e9s, les qualifications et l&#039;expertise n\u00e9cessaires, les secteurs qui emploient les DSI, les tendances actuelles en mati\u00e8re de r\u00e9mun\u00e9ration, ainsi que les obstacles et les perspectives que les DSI rencontrent tout au long de leur carri\u00e8re.<\/p>\n\n\n\n<h3 class=\"wp-block-heading\">Un aper\u00e7u de l\u2019\u00e9tude de march\u00e9 CIO comprend les \u00e9l\u00e9ments suivants\u00a0:<\/h3>\n\n\n\n<ul class=\"wp-block-list\">\n<li>An assessment of the <a href=\"https:\/\/www.sisinternational.com\/fr\/transporteurs-low-cost-dans-lindustrie-aeronautique\/\" title=\"\u00c9tude de march\u00e9 sur les compagnies a\u00e9riennes \u00e0 bas prix\"  data-wpil-monitor-id=\"9764\">global CIO market<\/a> size, including the number of CIO positions available, the growth rate, the factors driving this growth such as technological advancements, and the increasing reliance on digital solutions.<\/li>\n\n\n\n<li>Un examen des principaux secteurs employant des DSI, tels que les services financiers, la sant\u00e9, l&#039;industrie manufacturi\u00e8re, la vente au d\u00e9tail et la technologie, ainsi que des d\u00e9fis et opportunit\u00e9s sp\u00e9cifiques rencontr\u00e9s par les DSI au sein de chaque secteur.<\/li>\n\n\n\n<li>Une r\u00e9partition de la demande de DSI dans diff\u00e9rentes r\u00e9gions et pays en tenant compte de facteurs tels que le d\u00e9veloppement \u00e9conomique r\u00e9gional, l&#039;adoption technologique et les r\u00e9glementations locales.<\/li>\n\n\n\n<li>Une analyse des programmes de r\u00e9mun\u00e9ration offerts aux DSI, y compris le salaire de base, les primes, les options d&#039;achat d&#039;actions et les avantages sociaux, ainsi que les facteurs influen\u00e7ant ces tendances.<\/li>\n<\/ul>\n\n\n\n<h2 class=\"wp-block-heading\">Importance de l\u2019\u00e9tude de march\u00e9 du directeur de l\u2019information (CIO) dans le paysage commercial actuel<\/h2>\n\n\n\n<figure class=\"gb-block-image gb-block-image-121a5e5c\"><img loading=\"lazy\" decoding=\"async\" width=\"1456\" height=\"816\" class=\"gb-image gb-image-121a5e5c\" src=\"https:\/\/www.sisinternational.com\/wp-content\/uploads\/2025\/08\/CEO-CIO-manager-3.jpg\" alt=\"\u00c9tudes de march\u00e9 et strat\u00e9gie internationales SIS\" title=\"CEO CIO manager (3)\" srcset=\"https:\/\/www.sisinternational.com\/wp-content\/uploads\/2025\/08\/CEO-CIO-manager-3.jpg 1456w, https:\/\/www.sisinternational.com\/wp-content\/uploads\/2025\/08\/CEO-CIO-manager-3-300x168.jpg 300w, https:\/\/www.sisinternational.com\/wp-content\/uploads\/2025\/08\/CEO-CIO-manager-3-1024x574.jpg 1024w, https:\/\/www.sisinternational.com\/wp-content\/uploads\/2025\/08\/CEO-CIO-manager-3-768x430.jpg 768w, https:\/\/www.sisinternational.com\/wp-content\/uploads\/2025\/08\/CEO-CIO-manager-3-18x10.jpg 18w\" sizes=\"auto, (max-width: 1456px) 100vw, 1456px\"><\/figure>\n\n\n\n<ul class=\"wp-block-list\">\n<li><strong>Acquisition et fid\u00e9lisation des talents\u00a0:<\/strong> For organizations to effectively recruit and retain top-tier technology leaders to drive <a href=\"https:\/\/www.sisinternational.com\/fr\/sis-lance-de-nouvelles-solutions-de-recherche-numerique\/\" title=\"SIS lance de nouvelles solutions de recherche num\u00e9rique\"  data-wpil-monitor-id=\"9765\">innovation and digital<\/a> transformation, it is critical to identify the necessary skills and qualifications required for successful CIOs. By keeping up-to-date with current market trends, businesses can ensure they attract and retain the most qualified candidates for this critical role.<\/li>\n\n\n\n<li><strong>Benchmarking et bonnes pratiques\u00a0:<\/strong> By gaining a comprehensive understanding of the CIO market, businesses can evaluate their technology <a href=\"https:\/\/www.sisinternational.com\/fr\/meilleures-pratiques-dans-le-commerce-de-detail\/\" title=\"Meilleures pratiques dans le commerce de d\u00e9tail\"  data-wpil-monitor-id=\"9766\">strategies<\/a> and performance against industry benchmarks and best practices. This analysis allows organizations to pinpoint areas that require improvement, <a href=\"https:\/\/www.sisinternational.com\/fr\/developper-des-bases-de-donnees-dinformation-internationales-mon-article-de-1990\/\" title=\"D\u00e9velopper des bases de donn\u00e9es d&#039;information internationales\u00a0: Ruth Stanat en 1990\"  data-wpil-monitor-id=\"2224\">develop more impactful technology strategies<\/a>, and prioritize investments in innovative and digital initiatives.<\/li>\n\n\n\n<li><strong>Anticipating <\/strong><a href=\"https:\/\/www.sisinternational.com\/fr\/tendances-futures-des-etudes-de-marche-qualitatives\/\" title=\"Tendances futures en mati\u00e8re d&#039;\u00e9tudes de march\u00e9 qualitatives\"  data-wpil-monitor-id=\"9770\">future trends: Conducting CIO market research<\/a> offers valuable insights into the latest trends, challenges, and prospects within the technological realm. By keeping abreast of these new developments, businesses can proactively prepare for and address any potential changes, enabling them to remain flexible and responsive in a constantly evolving corporate landscape.<\/li>\n\n\n\n<li><strong>Am\u00e9liorer la collaboration\u00a0:<\/strong> En acqu\u00e9rant une compr\u00e9hension plus approfondie du march\u00e9 des DSI et des obstacles rencontr\u00e9s par les DSI, les entreprises peuvent am\u00e9liorer la collaboration entre les leaders technologiques, les \u00e9quipes de direction et les autres parties prenantes. Cela favorise une compr\u00e9hension plus approfondie des exigences technologiques d&#039;une organisation et soutient la cr\u00e9ation d&#039;approches globales et interfonctionnelles.<\/li>\n<\/ul>\n\n\n\n<h2 class=\"wp-block-heading\">Avantages et opportunit\u00e9s pour les entreprises<\/h2>\n\n\n\n<ul class=\"wp-block-list\">\n<li><strong>Compr\u00e9hension <\/strong><a href=\"https:\/\/www.sisinternational.com\/fr\/quelles-sont-les-tendances-dans-le-secteur-des-etudes-de-marche\/\" title=\"Quelles sont les tendances dans le secteur des \u00e9tudes de march\u00e9 ?\"  data-wpil-monitor-id=\"9769\">industry trends: CIO market research<\/a> provides businesses with valuable information on the latest technology trends, IT management best practices, and emerging innovations. This knowledge can help businesses make informed decisions when it comes to technology investments, ensuring they stay ahead of the competition.<\/li>\n\n\n\n<li><strong>Identifier les d\u00e9ficits de comp\u00e9tences\u00a0:<\/strong> En examinant l&#039;\u00e9tat actuel du r\u00f4le de DSI et les comp\u00e9tences requises, les entreprises peuvent identifier les lacunes et planifier le d\u00e9veloppement de la main-d&#039;\u0153uvre. Cela peut inclure un investissement dans des programmes de formation et de d\u00e9veloppement ou l\u2019embauche de professionnels poss\u00e9dant la bonne combinaison de comp\u00e9tences techniques et strat\u00e9giques.<\/li>\n\n\n\n<li><strong>Am\u00e9liorer la prise de d\u00e9cision\u00a0:<\/strong> Les \u00e9tudes de march\u00e9 des DSI peuvent aider les entreprises \u00e0 prendre des d\u00e9cisions fond\u00e9es sur des donn\u00e9es en fournissant un aper\u00e7u des d\u00e9fis et des opportunit\u00e9s auxquels sont confront\u00e9s les DSI dans tous les secteurs. Ces informations peuvent \u00eatre utilis\u00e9es pour \u00e9clairer la strat\u00e9gie commerciale, prioriser les initiatives informatiques et allouer les ressources plus efficacement.<\/li>\n\n\n\n<li><strong>Performances de r\u00e9f\u00e9rence\u00a0:<\/strong> Gr\u00e2ce aux \u00e9tudes de march\u00e9 des DSI, les entreprises peuvent obtenir des informations sur les performances de leurs services informatiques par rapport \u00e0 leurs pairs du secteur. Cette analyse comparative peut aider \u00e0 identifier les domaines \u00e0 am\u00e9liorer et \u00e0 \u00e9clairer les processus de d\u00e9finition d\u2019objectifs.<\/li>\n<\/ul>\n\n\n\n<h2 class=\"wp-block-heading\">D\u00e9fis<\/h2>\n\n\n\n<ul class=\"wp-block-list\">\n<li><strong>Paysage technologique en \u00e9volution rapide\u00a0:<\/strong> The technology sector is constantly evolving with new developments, tools, and trends. This can make it difficult for researchers to keep up with the latest <a href=\"https:\/\/www.sisinternational.com\/fr\/couverture\/etude-de-marche-en-asie\/etude-de-marche-au-timor\/\" title=\"\u00c9tude de march\u00e9 au Timor\"  data-wpil-monitor-id=\"4751\">information<\/a> and accurately reflect the current state of the CIO market.<\/li>\n\n\n\n<li><strong>Les divers besoins de l\u2019industrie\u00a0:<\/strong> Diff\u00e9rents secteurs ont des exigences technologiques uniques, ce qui peut entra\u00eener des attentes et des responsabilit\u00e9s variables pour les DSI. Cette diversit\u00e9 peut rendre difficile la conclusion g\u00e9n\u00e9rale ou l\u2019identification de tendances universelles \u00e0 partir de la recherche.<\/li>\n\n\n\n<li><strong>Manque de donn\u00e9es standardis\u00e9es\u00a0:<\/strong> Les \u00e9tudes de march\u00e9 des DSI s&#039;appuient souvent sur des donn\u00e9es d&#039;enqu\u00eate ou des entretiens pour recueillir des informations. Cependant, il peut y avoir des incoh\u00e9rences dans la mani\u00e8re dont les donn\u00e9es sont collect\u00e9es, rapport\u00e9es ou analys\u00e9es, ce qui peut affecter l&#039;exactitude et la fiabilit\u00e9 des r\u00e9sultats.<\/li>\n\n\n\n<li><strong>Difficult\u00e9 \u00e0 acc\u00e9der aux participants :<\/strong> Pour mener une \u00e9tude de march\u00e9 compl\u00e8te sur les DSI, les chercheurs doivent acc\u00e9der \u00e0 un large \u00e9ventail de DSI et de responsables informatiques. Cependant, ces professionnels sont souvent occup\u00e9s et n\u2019ont pas n\u00e9cessairement le temps de participer \u00e0 des enqu\u00eates ou \u00e0 des entretiens, ce qui rend difficile l\u2019obtention d\u2019\u00e9chantillons repr\u00e9sentatifs.<\/li>\n\n\n\n<li><strong>Probl\u00e8mes de confidentialit\u00e9\u00a0:<\/strong> Les DSI traitent des informations sensibles et peuvent h\u00e9siter \u00e0 partager des d\u00e9tails sur les strat\u00e9gies technologiques, les d\u00e9fis ou les r\u00e9ussites de leur organisation. Cela peut limiter la profondeur et la qualit\u00e9 des donn\u00e9es disponibles pour les \u00e9tudes de march\u00e9.<\/li>\n<\/ul>\n\n\n\n<h2 class=\"wp-block-heading\">Tendances \u00e9mergentes dans les \u00e9tudes de march\u00e9 des DSI<\/h2>\n\n\n\n<figure class=\"gb-block-image gb-block-image-0d46633e\"><img loading=\"lazy\" decoding=\"async\" width=\"1456\" height=\"816\" class=\"gb-image gb-image-0d46633e\" src=\"https:\/\/www.sisinternational.com\/wp-content\/uploads\/2025\/08\/CEO-CIO-manager-9.jpg\" alt=\"\u00c9tudes de march\u00e9 et strat\u00e9gie internationales SIS\" title=\"CEO CIO manager (9)\" srcset=\"https:\/\/www.sisinternational.com\/wp-content\/uploads\/2025\/08\/CEO-CIO-manager-9.jpg 1456w, https:\/\/www.sisinternational.com\/wp-content\/uploads\/2025\/08\/CEO-CIO-manager-9-300x168.jpg 300w, https:\/\/www.sisinternational.com\/wp-content\/uploads\/2025\/08\/CEO-CIO-manager-9-1024x574.jpg 1024w, https:\/\/www.sisinternational.com\/wp-content\/uploads\/2025\/08\/CEO-CIO-manager-9-768x430.jpg 768w, https:\/\/www.sisinternational.com\/wp-content\/uploads\/2025\/08\/CEO-CIO-manager-9-18x10.jpg 18w\" sizes=\"auto, (max-width: 1456px) 100vw, 1456px\"><\/figure>\n\n\n\n<ul class=\"wp-block-list\">\n<li><strong>Transformation num\u00e9rique\u00a0:<\/strong> Alors que les organisations de tous les secteurs adoptent la transformation num\u00e9rique, les DSI jouent un r\u00f4le crucial dans la conduite de ce changement. Ils sont charg\u00e9s de d\u00e9velopper et d\u2019ex\u00e9cuter des strat\u00e9gies num\u00e9riques, d\u2019assurer une int\u00e9gration transparente des nouvelles technologies et de favoriser une culture d\u2019innovation et d\u2019am\u00e9lioration continue.<\/li>\n\n\n\n<li><strong>Adoption du cloud\u00a0:<\/strong> Avec l&#039;adoption croissante du cloud computing, les DSI doivent g\u00e9rer les complexit\u00e9s de la migration et de la gestion de l&#039;infrastructure informatique dans le cloud. Cela n\u00e9cessite une expertise en architecture cloud, en s\u00e9curit\u00e9 et en optimisation des co\u00fbts, ainsi qu&#039;une compr\u00e9hension des diff\u00e9rents mod\u00e8les et fournisseurs de services cloud.<\/li>\n\n\n\n<li><strong>La cyber-s\u00e9curit\u00e9:<\/strong> \u00c0 mesure que les cybermenaces deviennent plus sophistiqu\u00e9es, les DSI sont responsables de la mise en \u0153uvre de strat\u00e9gies de cybers\u00e9curit\u00e9 compl\u00e8tes pour prot\u00e9ger les actifs num\u00e9riques de leur organisation. Cela implique de se tenir au courant des menaces et des technologies \u00e9mergentes, ainsi que de collaborer avec d&#039;autres parties prenantes pour cr\u00e9er une culture soucieuse de la s\u00e9curit\u00e9 au sein de l&#039;organisation.<\/li>\n\n\n\n<li><strong>Gestion des fournisseurs et partenariats strat\u00e9giques\u00a0:<\/strong> Les DSI sont de plus en plus responsables de la gestion des relations avec les fournisseurs et partenaires technologiques, en veillant \u00e0 ce que les contrats et les accords de niveau de service soient align\u00e9s sur les besoins et les attentes de l&#039;organisation. Cela n\u00e9cessite de solides comp\u00e9tences en n\u00e9gociation, ainsi que la capacit\u00e9 d\u2019identifier et d\u2019\u00e9valuer des partenaires technologiques potentiels.<\/li>\n<\/ul>\n\n\n\n<p><a href=\"https:\/\/www.sisinternational.com\/fr\/sis-devoile-une-plateforme-de-science-des-donnees-et-danalyse-quantitative\/\" title=\"SIS d\u00e9voile sa plateforme de science des donn\u00e9es et d&#039;analyse quantitative\"  data-wpil-monitor-id=\"9767\">SIS International offers Quantitative<\/a>, Qualitative, and Strategy Research. We provide data, tools, strategies, reports and insights for decision-making. We conduct interviews, surveys, <a href=\"https:\/\/www.sisinternational.com\/fr\/solutions\/etude-de-marche-en-groupe-de-discussion\/\" title=\"\u00c9tude de march\u00e9 par groupe de discussion\"  data-wpil-monitor-id=\"9768\">focus groups and many other Market Research<\/a> methods and approaches. Contact us for your <a href=\"https:\/\/www.sisinternational.com\/fr\/competence\/les-industries\/etude-de-marche-sur-les-technologies-de-nouvelle-generation\/\" title=\"\u00c9tude de march\u00e9 sur les technologies de nouvelle g\u00e9n\u00e9ration\"  data-wpil-monitor-id=\"9771\">next Market Research<\/a> projet.<\/p>","protected":false},"excerpt":{"rendered":"<p>Les DSI stimulent l\u2019innovation et g\u00e8rent un paysage num\u00e9rique en constante \u00e9volution. Ce sont des acteurs essentiels au succ\u00e8s des organisations modernes.<\/p>","protected":false},"author":1,"featured_media":64028,"parent":14514,"menu_order":277,"comment_status":"closed","ping_status":"closed","template":"","meta":{"footnotes":""},"class_list":["post-42596","page","type-page","status-publish","has-post-thumbnail"],"_links":{"self":[{"href":"https:\/\/www.sisinternational.com\/fr\/wp-json\/wp\/v2\/pages\/42596","targetHints":{"allow":["GET"]}}],"collection":[{"href":"https:\/\/www.sisinternational.com\/fr\/wp-json\/wp\/v2\/pages"}],"about":[{"href":"https:\/\/www.sisinternational.com\/fr\/wp-json\/wp\/v2\/types\/page"}],"author":[{"embeddable":true,"href":"https:\/\/www.sisinternational.com\/fr\/wp-json\/wp\/v2\/users\/1"}],"replies":[{"embeddable":true,"href":"https:\/\/www.sisinternational.com\/fr\/wp-json\/wp\/v2\/comments?post=42596"}],"version-history":[{"count":6,"href":"https:\/\/www.sisinternational.com\/fr\/wp-json\/wp\/v2\/pages\/42596\/revisions"}],"predecessor-version":[{"id":81624,"href":"https:\/\/www.sisinternational.com\/fr\/wp-json\/wp\/v2\/pages\/42596\/revisions\/81624"}],"up":[{"embeddable":true,"href":"https:\/\/www.sisinternational.com\/fr\/wp-json\/wp\/v2\/pages\/14514"}],"wp:featuredmedia":[{"embeddable":true,"href":"https:\/\/www.sisinternational.com\/fr\/wp-json\/wp\/v2\/media\/64028"}],"wp:attachment":[{"href":"https:\/\/www.sisinternational.com\/fr\/wp-json\/wp\/v2\/media?parent=42596"}],"curies":[{"name":"wp","href":"https:\/\/api.w.org\/{rel}","templated":true}]}}