{"id":42586,"date":"2023-04-29T22:25:09","date_gmt":"2023-04-30T02:25:09","guid":{"rendered":"https:\/\/www.sisinternational.com\/?page_id=42586"},"modified":"2026-03-12T13:28:31","modified_gmt":"2026-03-12T17:28:31","slug":"etude-de-marche-sur-les-gateaux","status":"publish","type":"page","link":"https:\/\/www.sisinternational.com\/fr\/solutions\/etude-de-marche-sur-lindustrie-des-boissons-alimentaires\/etude-de-marche-sur-les-gateaux\/","title":{"rendered":"\u00c9tude de march\u00e9 sur les g\u00e2teaux"},"content":{"rendered":"<h1 class=\"wp-block-heading\">\u00c9tude de march\u00e9 sur les g\u00e2teaux<\/h1>\n\n\n\n<figure class=\"gb-block-image gb-block-image-87a748d3\"><img loading=\"lazy\" decoding=\"async\" width=\"1456\" height=\"816\" class=\"gb-image gb-image-87a748d3\" src=\"https:\/\/www.sisinternational.com\/wp-content\/uploads\/2025\/08\/Cake-4.jpg\" alt=\"\u00c9tudes de march\u00e9 et strat\u00e9gie internationales SIS\" title=\"Cake (4)\" srcset=\"https:\/\/www.sisinternational.com\/wp-content\/uploads\/2025\/08\/Cake-4.jpg 1456w, https:\/\/www.sisinternational.com\/wp-content\/uploads\/2025\/08\/Cake-4-300x168.jpg 300w, https:\/\/www.sisinternational.com\/wp-content\/uploads\/2025\/08\/Cake-4-1024x574.jpg 1024w, https:\/\/www.sisinternational.com\/wp-content\/uploads\/2025\/08\/Cake-4-768x430.jpg 768w, https:\/\/www.sisinternational.com\/wp-content\/uploads\/2025\/08\/Cake-4-18x10.jpg 18w\" sizes=\"auto, (max-width: 1456px) 100vw, 1456px\"><\/figure>\n\n\n\n<p><\/p>\n\n\n\n<p>L\u2019\u00e9tude de march\u00e9 des g\u00e2teaux est un processus essentiel qui fournit des informations sur l\u2019aper\u00e7u du march\u00e9 des g\u00e2teaux, le segment de march\u00e9 des g\u00e2teaux, les offres de produits du march\u00e9 des g\u00e2teaux et les moteurs du march\u00e9 de l\u2019industrie du g\u00e2teau. Comprendre les donn\u00e9es et les strat\u00e9gies des \u00e9tudes de march\u00e9 sur les g\u00e2teaux est crucial pour que les acteurs du secteur restent comp\u00e9titifs et r\u00e9pondent aux besoins en constante \u00e9volution des consommateurs. Avec la demande croissante de g\u00e2teaux de haute qualit\u00e9 et abordables, le march\u00e9 des g\u00e2teaux est pr\u00eat \u00e0 conna\u00eetre une croissance et un d\u00e9veloppement continus dans les ann\u00e9es \u00e0 venir.<\/p>\n\n\n\n<h2 class=\"wp-block-heading\">Aper\u00e7u du march\u00e9 des g\u00e2teaux<\/h2>\n\n\n\n<p>L\u2019industrie de la p\u00e2tisserie est un secteur dynamique et en pleine croissance qui propose une large gamme de produits aux consommateurs. Le march\u00e9 des g\u00e2teaux est un march\u00e9 tr\u00e8s concurrentiel avec de nombreux acteurs, allant des grandes soci\u00e9t\u00e9s multinationales aux petites boulangeries locales. Le march\u00e9 des g\u00e2teaux est stimul\u00e9 par la demande croissante de g\u00e2teaux de haute qualit\u00e9 et abordables, disponibles dans une vari\u00e9t\u00e9 de saveurs et de designs.<\/p>\n\n\n\n<h2 class=\"wp-block-heading\">Pr\u00e9sentation du produit<\/h2>\n\n\n\n<p>Les offres de produits du march\u00e9 des g\u00e2teaux comprennent une large gamme de g\u00e2teaux qui r\u00e9pondent \u00e0 diff\u00e9rents go\u00fbts et pr\u00e9f\u00e9rences. Les offres de produits sur le march\u00e9 des g\u00e2teaux comprennent des g\u00e2teaux haut de gamme, des g\u00e2teaux ordinaires et des g\u00e2teaux \u00e9conomiques. Les g\u00e2teaux haut de gamme sont des produits haut de gamme qui offrent des saveurs et des designs uniques et sophistiqu\u00e9s. Les g\u00e2teaux ordinaires sont les g\u00e2teaux les plus courants largement disponibles sur le march\u00e9. Les g\u00e2teaux \u00e9conomiques sont des produits peu co\u00fbteux et abordables pour un plus large \u00e9ventail de consommateurs. Les offres de produits du march\u00e9 des g\u00e2teaux varient en fonction du segment de march\u00e9 des g\u00e2teaux et du public cible.<\/p>\n\n\n\n<p>Les moteurs du march\u00e9 de l\u2019industrie du g\u00e2teau sont des facteurs qui influencent la croissance et le d\u00e9veloppement du march\u00e9 du g\u00e2teau.<\/p>\n\n\n\n<h2 class=\"wp-block-heading\">Segment de march\u00e9 des g\u00e2teaux<\/h2>\n\n\n\n<p>Segmenting the industry is an essential aspect of cake market research. The cake market is segmented based on the type of cake, the occasion, and the distribution channel. The type of cake includes sponge cakes, cheesecakes, fruit cakes, and others. The occasion includes birthdays, weddings, festivals, and others. The distribution channel includes supermarkets, hypermarkets, online stores, and others. <a href=\"https:\/\/www.sisinternational.com\/fr\/etude-de-cas-sis-sur-les-informations-en-magasin-dans-le-monde-entier\/\" title=\"Informations sur les acheteurs en magasin \u2014 \u00c9tude de cas d&#039;\u00e9tude de march\u00e9\"  data-wpil-monitor-id=\"9733\">Market research provides insights<\/a> into the various market segments that way, industry players can tailor their products and marketing strategies to meet the needs of specific target audiences.<\/p>\n\n\n\n<h2 class=\"wp-block-heading\">Moteurs de l&#039;industrie<\/h2>\n\n\n\n<figure class=\"gb-block-image gb-block-image-c3b6ba03\"><img loading=\"lazy\" decoding=\"async\" width=\"1456\" height=\"816\" class=\"gb-image gb-image-c3b6ba03\" src=\"https:\/\/www.sisinternational.com\/wp-content\/uploads\/2025\/08\/Cake-1.jpg\" alt=\"\u00c9tudes de march\u00e9 et strat\u00e9gie internationales SIS\" title=\"Cake (1)\" srcset=\"https:\/\/www.sisinternational.com\/wp-content\/uploads\/2025\/08\/Cake-1.jpg 1456w, https:\/\/www.sisinternational.com\/wp-content\/uploads\/2025\/08\/Cake-1-300x168.jpg 300w, https:\/\/www.sisinternational.com\/wp-content\/uploads\/2025\/08\/Cake-1-1024x574.jpg 1024w, https:\/\/www.sisinternational.com\/wp-content\/uploads\/2025\/08\/Cake-1-768x430.jpg 768w, https:\/\/www.sisinternational.com\/wp-content\/uploads\/2025\/08\/Cake-1-18x10.jpg 18w\" sizes=\"auto, (max-width: 1456px) 100vw, 1456px\"><\/figure>\n\n\n\n<p><\/p>\n\n\n\n<h3 class=\"wp-block-heading\">L\u2019\u00e9tude de march\u00e9 fournit un aper\u00e7u des moteurs du march\u00e9 de l\u2019industrie du g\u00e2teau, qui comprennent, sans s\u2019y limiter, les \u00e9l\u00e9ments suivants\u00a0:<\/h3>\n\n\n\n<ul class=\"wp-block-list\">\n<li>Demande croissante de g\u00e2teaux. La population croissante, l\u2019urbanisation et la prise de conscience croissante des g\u00e2teaux comme forme d\u2019indulgence stimulent la demande de g\u00e2teaux.<\/li>\n\n\n\n<li>Changer les pr\u00e9f\u00e9rences des consommateurs. Les consommateurs exigent des options de g\u00e2teaux plus saines, des saveurs uniques et innovantes et des g\u00e2teaux personnalis\u00e9s qui r\u00e9pondent \u00e0 leurs go\u00fbts et pr\u00e9f\u00e9rences individuels.<\/li>\n\n\n\n<li>Augmentation du revenu disponible. \u00c0 mesure que le revenu disponible augmente, les consommateurs sont plus dispos\u00e9s \u00e0 d\u00e9penser pour des g\u00e2teaux et des produits haut de gamme.<\/li>\n\n\n\n<li>Technological advancements. The cake industry is leveraging advanced equipment, software, and <a href=\"https:\/\/www.sisinternational.com\/fr\/competence\/les-industries\/conseil-en-strategie-detude-de-marche-sur-lidentite-numerique\/\" title=\"Etude de march\u00e9 et conseil en strat\u00e9gie sur l&#039;identit\u00e9 num\u00e9rique\"  data-wpil-monitor-id=\"9729\">digital marketing strategies<\/a> to improve the quality of cakes and reach a wider audience.<\/li>\n\n\n\n<li>Transition vers la vente en ligne. Il existe une tendance croissante \u00e0 la vente de g\u00e2teaux en ligne, les consommateurs recherchant de plus en plus la commodit\u00e9 de faire leurs achats \u00e0 domicile et de recevoir leurs commandes via des services de livraison.<\/li>\n\n\n\n<li><a href=\"https:\/\/www.sisinternational.com\/fr\/solutions\/solutions-de-branding-et-de-recherche-client\/quest-ce-que-le-marketing-dinfluence\/\" title=\"Qu\u2019est-ce que le marketing d\u2019influence ? Marketing des m\u00e9dias sociaux?\"  data-wpil-monitor-id=\"9731\">Influence of social media<\/a>. Social media channels are playing an increasingly important role in shaping consumer preferences and driving demand for cakes through the sharing of cake-related content, reviews, and recommendations.<\/li>\n\n\n\n<li>Concurrence croissante. L&#039;industrie de la p\u00e2tisserie devient hautement comp\u00e9titive, avec de nouvelles entreprises entrant sur le march\u00e9 et des entreprises \u00e9tablies cherchant \u00e0 se diff\u00e9rencier gr\u00e2ce \u00e0 des produits innovants, des strat\u00e9gies marketing et des exp\u00e9riences client.<\/li>\n<\/ul>\n\n\n\n<h2 class=\"wp-block-heading\">M\u00e9thodologies<\/h2>\n\n\n\n<p>Il existe diverses m\u00e9thodologies de recherche qui peuvent \u00eatre utilis\u00e9es lors de la r\u00e9alisation d\u2019\u00e9tudes de march\u00e9 sur les g\u00e2teaux. Des m\u00e9thodes quantitatives et qualitatives sont incluses dans ces proc\u00e9dures de recherche.<\/p>\n\n\n\n<h3 class=\"wp-block-heading\">Voici cinq m\u00e9thodologies de recherche pertinentes pour l\u2019industrie de la p\u00e2tisserie, accompagn\u00e9es d\u2019exemples\u00a0:<\/h3>\n\n\n\n<ol class=\"wp-block-list\">\n<li>Using questionnaires to capture data and strategies in cake market research from a sample of individuals, surveys are a <a href=\"https:\/\/www.sisinternational.com\/fr\/quantitative-market-research-methods-and-techniques\/\" title=\"Quantitative Market Research Methods and Techniques\"  data-wpil-monitor-id=\"9724\">quantitative research method<\/a>. In the cake industry, surveys can be used to collect data on consumer preferences, purchasing patterns, and product satisfaction. For instance, a survey can be conducted to determine which variety of cake is the most well-liked among consumers in a particular region.<\/li>\n\n\n\n<li>Data analysis is a quantitative <a href=\"https:\/\/www.sisinternational.com\/fr\/strategies-et-techniques-detudes-de-marche-b2b\/\" title=\"Strat\u00e9gies et techniques d&#039;\u00e9tudes de march\u00e9 B2B\"  data-wpil-monitor-id=\"9727\">research strategy that employs statistical techniques<\/a> to analyze numerical data. In the cake industry, data analysis can be used to comprehend sales trends, consumer behavior, and other crucial market metrics. For instance, data analysis can be used to determine the most popular cake flavors among consumers in a particular region.<\/li>\n\n\n\n<li>Interviews are a <a href=\"https:\/\/www.sisinternational.com\/fr\/sampling-techniques-in-qualitative-research-the-complete-guide-to-choosing-the-right-method\/\" title=\"Sampling Techniques in Qualitative Research: The Complete Guide to Choosing the Right Method\"  data-wpil-monitor-id=\"9725\">qualitative research method<\/a> involving one-on-one conversations between a researcher and a participant. In the cake industry, interviews can be used to gain a deeper knowledge of consumer behavior, purchasing preferences, and opinions regarding various cake products. For instance, professional cake decorators can be interviewed to gain insight into their perspectives on the latest cake industry trends.<\/li>\n\n\n\n<li>Another qualitative research method that can be used is utilizing focus groups, where a group of people is gathered to discuss their opinions, attitudes, and experiences regarding a specific cake product. <a href=\"https:\/\/www.sisinternational.com\/fr\/focus-groups-that-deliver-real-voices-real-insight-real-advantage\/\" title=\"Focus Groups That Deliver Real Voices, Real Insight, Real Advantage\"  data-wpil-monitor-id=\"9736\">Groupes de discussion<\/a> can be utilized in the cake industry to gain insight into consumer preferences, flavors, and opinions regarding specific cake products. For instance, a focus group can be used to determine why gluten-free pastries are becoming increasingly popular among consumers.<\/li>\n\n\n\n<li>Les observations sont une m\u00e9thode de recherche qualitative impliquant l&#039;observation et l&#039;enregistrement d&#039;un comportement dans son environnement naturel. Les observations peuvent \u00eatre utilis\u00e9es dans l\u2019industrie de la p\u00e2tisserie pour comprendre le comportement et les pr\u00e9f\u00e9rences des consommateurs dans une boulangerie ou une p\u00e2tisserie. Les observations peuvent \u00eatre utilis\u00e9es, par exemple, pour d\u00e9terminer comment les clients interagissent avec divers produits de p\u00e2tisserie dans une boulangerie ou une p\u00e2tisserie.<\/li>\n<\/ol>\n\n\n\n<p>En combinant ces m\u00e9thodes, les principaux acteurs et leaders de l\u2019industrie du g\u00e2teau peuvent obtenir des donn\u00e9es et des strat\u00e9gies d\u2019\u00e9tudes de march\u00e9 sur le g\u00e2teau qui peuvent fournir des informations pr\u00e9cieuses sur le comportement, les pr\u00e9f\u00e9rences et la dynamique du march\u00e9 des consommateurs.<\/p>\n\n\n\n<h2 class=\"wp-block-heading\">\u00c0 propos de l\u2019\u00e9tude de march\u00e9 sur les g\u00e2teaux<\/h2>\n\n\n\n<figure class=\"gb-block-image gb-block-image-fe41981b\"><img loading=\"lazy\" decoding=\"async\" width=\"1456\" height=\"816\" class=\"gb-image gb-image-fe41981b\" src=\"https:\/\/www.sisinternational.com\/wp-content\/uploads\/2025\/08\/Cake-3.jpg\" alt=\"\u00c9tudes de march\u00e9 et strat\u00e9gie internationales SIS\" title=\"Cake (3)\" srcset=\"https:\/\/www.sisinternational.com\/wp-content\/uploads\/2025\/08\/Cake-3.jpg 1456w, https:\/\/www.sisinternational.com\/wp-content\/uploads\/2025\/08\/Cake-3-300x168.jpg 300w, https:\/\/www.sisinternational.com\/wp-content\/uploads\/2025\/08\/Cake-3-1024x574.jpg 1024w, https:\/\/www.sisinternational.com\/wp-content\/uploads\/2025\/08\/Cake-3-768x430.jpg 768w, https:\/\/www.sisinternational.com\/wp-content\/uploads\/2025\/08\/Cake-3-18x10.jpg 18w\" sizes=\"auto, (max-width: 1456px) 100vw, 1456px\"><\/figure>\n\n\n\n<p><\/p>\n\n\n\n<p>Cake market research can benefit various stakeholders in the cake industry, including cake manufacturers, cake suppliers, cake retailers, and consumers. <a href=\"https:\/\/www.sisinternational.com\/fr\/competence\/les-industries\/etude-de-marche-sur-la-fabrication-de-boissons-alimentaires\/\" title=\"\u00c9tude de march\u00e9 sur la fabrication d\u2019aliments et de boissons\"  data-wpil-monitor-id=\"9726\">Market research provides insights so manufacturers<\/a> and suppliers can gain better understanding into consumer preferences, trends, and behaviors to develop new products that meet the evolving needs of the market. Retailers can use <a href=\"https:\/\/www.sisinternational.com\/fr\/reductions-chez-les-detaillants-de-super-luxe\/\" title=\"Remises chez les d\u00e9taillants de luxe\"  data-wpil-monitor-id=\"2104\">market research to improve their marketing strategies<\/a> and product offerings to attract and retain customers. For consumers, market research can help to ensure that they have access to high-quality and affordable cake products that meet their preferences and needs.<\/p>\n\n\n\n<p>Ultimately, the benefits of cake <a href=\"https:\/\/www.sisinternational.com\/fr\/non-profit-market-research\/\" title=\"\u00c9tude de march\u00e9 \u00e0 but non lucratif\"  data-wpil-monitor-id=\"1011\">market research include increased profitability<\/a>, improved customer satisfaction, and a better understanding of the market dynamics, which can help to inform decision-making and drive growth in the cake industry.<\/p>","protected":false},"excerpt":{"rendered":"<p>Avec la demande croissante de g\u00e2teaux de haute qualit\u00e9 et abordables, le march\u00e9 des g\u00e2teaux est pr\u00eat \u00e0 conna\u00eetre davantage de croissance et de d\u00e9veloppement dans les ann\u00e9es \u00e0 venir.<\/p>","protected":false},"author":1,"featured_media":63933,"parent":22018,"menu_order":274,"comment_status":"closed","ping_status":"closed","template":"","meta":{"footnotes":""},"class_list":["post-42586","page","type-page","status-publish","has-post-thumbnail"],"_links":{"self":[{"href":"https:\/\/www.sisinternational.com\/fr\/wp-json\/wp\/v2\/pages\/42586","targetHints":{"allow":["GET"]}}],"collection":[{"href":"https:\/\/www.sisinternational.com\/fr\/wp-json\/wp\/v2\/pages"}],"about":[{"href":"https:\/\/www.sisinternational.com\/fr\/wp-json\/wp\/v2\/types\/page"}],"author":[{"embeddable":true,"href":"https:\/\/www.sisinternational.com\/fr\/wp-json\/wp\/v2\/users\/1"}],"replies":[{"embeddable":true,"href":"https:\/\/www.sisinternational.com\/fr\/wp-json\/wp\/v2\/comments?post=42586"}],"version-history":[{"count":6,"href":"https:\/\/www.sisinternational.com\/fr\/wp-json\/wp\/v2\/pages\/42586\/revisions"}],"predecessor-version":[{"id":81620,"href":"https:\/\/www.sisinternational.com\/fr\/wp-json\/wp\/v2\/pages\/42586\/revisions\/81620"}],"up":[{"embeddable":true,"href":"https:\/\/www.sisinternational.com\/fr\/wp-json\/wp\/v2\/pages\/22018"}],"wp:featuredmedia":[{"embeddable":true,"href":"https:\/\/www.sisinternational.com\/fr\/wp-json\/wp\/v2\/media\/63933"}],"wp:attachment":[{"href":"https:\/\/www.sisinternational.com\/fr\/wp-json\/wp\/v2\/media?parent=42586"}],"curies":[{"name":"wp","href":"https:\/\/api.w.org\/{rel}","templated":true}]}}