{"id":42582,"date":"2023-04-29T19:07:03","date_gmt":"2023-04-29T23:07:03","guid":{"rendered":"https:\/\/www.sisinternational.com\/?page_id=42582"},"modified":"2026-03-12T20:01:04","modified_gmt":"2026-03-13T00:01:04","slug":"etude-de-marche-sur-la-mesure-de-la-marque","status":"publish","type":"page","link":"https:\/\/www.sisinternational.com\/fr\/solutions\/solutions-de-branding-et-de-recherche-client\/etude-de-marche-sur-la-mesure-de-la-marque\/","title":{"rendered":"\u00c9tude de march\u00e9 sur la mesure de la marque"},"content":{"rendered":"<h1 class=\"wp-block-heading\">\u00c9tude de march\u00e9 sur la mesure de la marque<\/h1>\n\n\n\n<figure class=\"gb-block-image gb-block-image-81ad583d\"><img loading=\"lazy\" decoding=\"async\" width=\"1456\" height=\"816\" class=\"gb-image gb-image-81ad583d\" src=\"https:\/\/www.sisinternational.com\/wp-content\/uploads\/2025\/09\/Branding-2.jpg\" alt=\"\u00c9tudes de march\u00e9 et strat\u00e9gie internationales SIS\" title=\"Branding (2)\" srcset=\"https:\/\/www.sisinternational.com\/wp-content\/uploads\/2025\/09\/Branding-2.jpg 1456w, https:\/\/www.sisinternational.com\/wp-content\/uploads\/2025\/09\/Branding-2-300x168.jpg 300w, https:\/\/www.sisinternational.com\/wp-content\/uploads\/2025\/09\/Branding-2-1024x574.jpg 1024w, https:\/\/www.sisinternational.com\/wp-content\/uploads\/2025\/09\/Branding-2-768x430.jpg 768w, https:\/\/www.sisinternational.com\/wp-content\/uploads\/2025\/09\/Branding-2-18x10.jpg 18w\" sizes=\"auto, (max-width: 1456px) 100vw, 1456px\"><\/figure>\n\n\n\n<p><\/p>\n\n\n\n<p>In today&#8217;s fiercely competitive business world, comprehending and enhancing brand performance is essential. Brand measurement market research assesses branding effectiveness and identifies improvement opportunities.<\/p>\n\n\n\n<p>That\u2019s why brand measurement market research is key to making data-driven decisions and empowering organizations to enhance brand perception and foster customer loyalty, which drives business growth.<\/p>\n\n\n\n<h2 class=\"wp-block-heading\">Importance de l\u2019\u00e9tude de march\u00e9 sur la mesure de la marque sur le march\u00e9 concurrentiel actuel<\/h2>\n\n\n\n<p>In a crowded marketplace where multiple brands compete for consumers&#8217; attention, measuring brand awareness and visibility is critical. By conducting <a href=\"https:\/\/www.sisinternational.com\/fr\/sassurer-que-les-clients-se-souviennent-de-votre-message\/\" title=\"\u00c9tude de march\u00e9 sur l\u2019activation de marque\"  data-wpil-monitor-id=\"2280\">\u00e9tude de march\u00e9 sur la mesure de la marque<\/a>, businesses can identify gaps in awareness. This helps them develop targeted marketing campaigns and outreach strategies that increase visibility and attract potential customers.<\/p>\n\n\n\n<p>Additionally, people&#8217;s prior experiences with certain brands may strongly shape how they make future purchasing choices. <a href=\"https:\/\/www.sisinternational.com\/fr\/solutions\/solutions-de-branding-et-de-recherche-client\/etude-de-marche-sur-la-differenciation-des-marques\/\" title=\"\u00c9tude de march\u00e9 sur la diff\u00e9renciation des marques\"  data-wpil-monitor-id=\"2851\">Brand measurement market research<\/a> assists organizations in measuring consumer perceptions and associations towards their brand. Through this process, they are able to recognize both positive aspects and areas that require improvement, which will help refine the organization&#8217;s overall branding position.<\/p>\n\n\n\n<p>\u00c0 travers <a href=\"https:\/\/www.sisinternational.com\/fr\/competence\/les-industries\/etude-de-marche-pour-les-marques-vieillissantes\/\" title=\"Etude de march\u00e9 pour les marques vieillissantes\"  data-wpil-monitor-id=\"3706\">\u00e9tude de march\u00e9 sur la mesure de la marque<\/a> businesses can evaluate their brand equity and analyze the monetary effects of their branding activities. This assists in making informed decisions regarding resource allocation and strategic planning.<\/p>\n\n\n\n<h2 class=\"wp-block-heading\">Comprendre les \u00e9tudes de march\u00e9 sur la mesure de la marque<\/h2>\n\n\n\n<p><a href=\"https:\/\/www.sisinternational.com\/fr\/competence\/les-industries\/etude-de-marche-de-marque\/\" title=\"\u00c9tude de march\u00e9 de marque\"  data-wpil-monitor-id=\"6733\">Brand measurement market research<\/a> is the process of gathering information to enhance brand performance. By analyzing different components associated with branding, such as awareness, perception, loyalty, and equity, businesses can obtain significant knowledge that improves their branding and increases business growth.<\/p>\n\n\n\n<h3 class=\"wp-block-heading\">Les \u00e9l\u00e9ments cl\u00e9s pour bien comprendre l\u2019\u00e9tude de march\u00e9 sur la mesure de la marque comprennent\u00a0:<\/h3>\n\n\n\n<ul class=\"wp-block-list\">\n<li><strong>Notori\u00e9t\u00e9 de la marque\u00a0:<\/strong> Brand measurement <a href=\"https:\/\/www.sisinternational.com\/fr\/solutions\/ai-etudes-de-marche-et-conseil-en-strategie\/etude-de-marche-sur-la-reconnaissance-faciale\/\" title=\"\u00c9tude de march\u00e9 sur la reconnaissance faciale\"  data-wpil-monitor-id=\"2023\">market research can measure the brand&#8217;s recognition<\/a> by consumers since it studies the impact of customer preference and purchase decision-making processes directly.<\/li>\n\n\n\n<li><strong>Fid\u00e9lit\u00e9 \u00e0 la marque:<\/strong> <a href=\"https:\/\/www.sisinternational.com\/fr\/recherche-de-marque-sis-et-fidelisation-de-la-clientele\/\" title=\"\u00c9tude de march\u00e9 de marque et fid\u00e9lisation des clients\"  data-wpil-monitor-id=\"2492\">Brand measurement market research<\/a> evaluates the probability of customers remaining loyal to a particular brand despite having other options available. Analyzing <a href=\"https:\/\/www.sisinternational.com\/fr\/creer-une-marque-mondiale-pour-la-chine\/\" title=\"Construire des marques chinoises\"  data-wpil-monitor-id=\"3663\">brand<\/a> loyalty enables businesses to identify the contributing factors of customer retention and create plans for building lasting connections.<\/li>\n\n\n\n<li><strong>Capital de marque\u00a0:<\/strong> Il d\u00e9crit la valeur d\u2019un article de marque donn\u00e9 vu sous diff\u00e9rents angles. En effectuant des \u00e9tudes de march\u00e9 sur la mesure de la marque, les organisations peuvent d\u00e9terminer la valeur de leur marque pour prendre des d\u00e9cisions en mati\u00e8re de planification strat\u00e9gique.<\/li>\n<\/ul>\n\n\n\n<h2 class=\"wp-block-heading\">Opportunities and Benefits of Brand Measurement Market Research<\/h2>\n\n\n\n<figure class=\"wp-block-image\"><img decoding=\"async\" src=\"https:\/\/www.sisinternational.com\/wp-content\/uploads\/2024\/09\/pexels-enginakyurt-1437318.jpg\" alt=\"\u00c9tudes de march\u00e9 et strat\u00e9gie internationales SIS\" class=\"wp-image-53276\"><\/figure>\n\n\n\n<p><\/p>\n\n\n\n<p>To understand and optimize their brand performance effectively. Businesses should consider utilizing the benefits offered by <a href=\"https:\/\/www.sisinternational.com\/fr\/competence\/les-industries\/etude-de-marche-sur-les-services-publics\/\" title=\"\u00c9tude de march\u00e9 sur les services publics\"  data-wpil-monitor-id=\"4019\">\u00e9tude de march\u00e9 sur la mesure de la marque<\/a>. Some of the opportunities and benefits are as follows:<\/p>\n\n\n\n<ul class=\"wp-block-list\">\n<li><strong>Analyse comp\u00e9titive:<\/strong> En effectuant des \u00e9tudes de march\u00e9 sur la mesure de la marque, les entreprises peuvent \u00e9valuer leurs performances par rapport \u00e0 leurs concurrents. L\u2019obtention d\u2019informations pr\u00e9cieuses gr\u00e2ce \u00e0 ce processus aide \u00e0 comprendre le positionnement sur le march\u00e9 et permet d\u2019identifier les domaines n\u00e9cessitant des am\u00e9liorations ou pr\u00e9sentant des opportunit\u00e9s potentielles de diff\u00e9renciation.<\/li>\n\n\n\n<li><strong>Analyse de la perception et des sentiments des clients\u00a0:<\/strong> Developing successful branding strategies relies heavily on understanding customer perceptions of the company\u2019s products or services. Thus, conducting market research makes tailoring messaging and product offerings according to customer feedback easier and provides businesses with important insights into what customers want.<\/li>\n\n\n\n<li><span style=\"box-sizing: border-box; margin: 0px; padding: 0px;\"><strong>Suivez la sant\u00e9 de la marque\u00a0:<\/strong> The general health of a business&#8217; brands, including its attributes like customer loyalty and satisfaction, along with its branding equity, can be monitored through regular measurement processes.<\/span><\/li>\n\n\n\n<li><strong>Identifiez les segments de client\u00e8le\u00a0:<\/strong> By conducting brand measurement research, businesses can pinpoint their most significant customer segments and gain insight into their unique requirements and preferences. This information enables the creation of specific advertising methods and personalization of consumer engagement.<\/li>\n\n\n\n<li><strong>Optimiser les offres de produits\u00a0:<\/strong> L&#039;analyse de la fa\u00e7on dont les clients per\u00e7oivent le produit\/service d&#039;une entreprise permet aux entreprises d&#039;\u00e9valuer les lacunes et d&#039;am\u00e9liorer ce qu&#039;elles proposent, ce qui se traduit par des clients plus satisfaits et fid\u00e8les.<\/li>\n\n\n\n<li><strong>Accompagner la prise de d\u00e9cision :<\/strong> Market research&#8217;s ability to obtain data-driven insights can help businesses make informed decisions about various aspects, including, but not limited to, product development, pricing strategies, or even marketing\/communication planning.<\/li>\n\n\n\n<li><strong>Mesurer le retour sur investissement\u00a0:<\/strong> Pour \u00e9valuer le retour sur investissement (ROI) de leurs activit\u00e9s marketing et apporter les ajustements n\u00e9cessaires si n\u00e9cessaire, les entreprises doivent \u00e9valuer la mani\u00e8re dont les efforts de branding affectent le comportement des consommateurs et les ventes.<\/li>\n\n\n\n<li><strong>Renforcer la fid\u00e9lit\u00e9 \u00e0 la marque\u00a0:<\/strong> Understanding the factors contributing to brand loyalty enables businesses to develop effective strategies for fostering customer loyalty.<\/li>\n<\/ul>\n\n\n\n<h2 class=\"wp-block-heading\">D\u00e9fis et limites<\/h2>\n\n\n\n<p>Si les \u00e9tudes de march\u00e9 sur la mesure des marques offrent de nombreux avantages et opportunit\u00e9s, elles comportent \u00e9galement des d\u00e9fis et des limites que les entreprises doivent prendre en compte\u00a0:<\/p>\n\n\n\n<ul class=\"wp-block-list\">\n<li><strong>Subjectivit\u00e9:<\/strong> L&#039;exp\u00e9rience personnelle et les valeurs influencent la fa\u00e7on dont les individus interpr\u00e8tent les marques, ce qui conduit \u00e0 une subjectivit\u00e9 dans la perception de la marque. La subjectivit\u00e9 peut emp\u00eacher l\u2019obtention de mesures coh\u00e9rentes et fiables.<\/li>\n\n\n\n<li><strong>Co\u00fbteux et chronophage\u00a0:<\/strong> Une recherche compl\u00e8te sur la mesure de la marque n\u00e9cessite souvent des ressources importantes telles que des investissements financiers et du personnel qualifi\u00e9. Attribuer le financement et la main-d&#039;\u0153uvre ad\u00e9quats requis par de tels efforts peut s&#039;av\u00e9rer difficile, en particulier pour les petites entreprises.<\/li>\n\n\n\n<li><strong>Difficult\u00e9 \u00e0 isoler les variables\u00a0:<\/strong> Les marques op\u00e8rent souvent dans des environnements dynamiques avec de nombreux facteurs externes qui peuvent influencer la perception des consommateurs, tels que les conditions \u00e9conomiques ou les activit\u00e9s des concurrents. Isoler l\u2019impact d\u2019efforts de branding sp\u00e9cifiques de ces facteurs externes peut s\u2019av\u00e9rer difficile.<\/li>\n\n\n\n<li><strong>Tendances du march\u00e9 en \u00e9volution rapide\u00a0:<\/strong> Fast-paced changes in consumers&#8217; preferences and market trends can render previous branding metrics useless. Sustaining relevant perspectives could require persistent research endeavors.<\/li>\n\n\n\n<li><strong>Exactitude et fiabilit\u00e9 des donn\u00e9es\u00a0:<\/strong> Les erreurs d&#039;\u00e9chantillonnage ou les biais de r\u00e9ponse peuvent avoir un impact sur l&#039;exactitude et la fiabilit\u00e9 des recherches sur la mesure des marques.<\/li>\n\n\n\n<li><strong>Difficult\u00e9 \u00e0 mesurer les effets \u00e0 long terme :<\/strong> Les mesures de marque se concentrent g\u00e9n\u00e9ralement sur les performances \u00e0 court terme comme indicateur cl\u00e9. Mesurer les effets des efforts de branding sur la fid\u00e9lit\u00e9 et la d\u00e9fense des clients au fil du temps peut \u00eatre difficile.<\/li>\n\n\n\n<li><strong>Probl\u00e8mes de confidentialit\u00e9 et r\u00e9glementations\u00a0:<\/strong> Brand measurement research that involves gathering consumer data should consider privacy concerns and adhere to relevant data protection regulations like GDPR. It is important to follow the given rules strictly to prevent any legal or financial issues.<\/li>\n\n\n\n<li><strong>Possibilit\u00e9 d\u2019exploiter les insights\u00a0:<\/strong> M\u00eame si mener une \u00e9tude de mesure de la marque peut apporter des enseignements importants aux entreprises, elles peuvent rencontrer des difficult\u00e9s lorsqu&#039;elles tentent de mettre en \u0153uvre ces enseignements sous forme de plans d&#039;action, ce qui pourrait conduire \u00e0 une utilisation inefficace de ces \u00e9tudes.<\/li>\n<\/ul>\n\n\n\n<h2 class=\"wp-block-heading\">How SIS International\u2019s Brand Measurement Market Research Helps Businesses<\/h2>\n\n\n\n<figure class=\"wp-block-image\"><img decoding=\"async\" src=\"https:\/\/www.sisinternational.com\/wp-content\/uploads\/2024\/07\/Brand-awareness-market-research.jpg\" alt=\"\u00c9tudes de march\u00e9 et strat\u00e9gie internationales SIS\" class=\"wp-image-52718\"><\/figure>\n\n\n\n<p><\/p>\n\n\n\n<p>\u00c0 <a href=\"https:\/\/www.linkedin.com\/company\/sisinternationalresearch\/\" target=\"_blank\" rel=\"noopener\"><span style=\"font-weight: 400;\">SIS International<\/span><\/a>, our brand measurement market research services are designed to empower businesses with the insights they need to build and sustain strong, competitive brands in the global marketplace. Here\u2019s how our brand measurement market research&nbsp;helps businesses achieve their goals:<\/p>\n\n\n\n<ul class=\"wp-block-list\">\n<li><strong>In-Depth Brand Analysis<\/strong>\n<ul class=\"wp-block-list\">\n<li><strong>We conduct<\/strong> thorough evaluations of your brand\u2019s current market position, identifying strengths, weaknesses, opportunities, and threats.<\/li>\n\n\n\n<li><strong>Notre \u00e9tude de march\u00e9<\/strong> utilizes both qualitative and quantitative data to provide a holistic view of your brand\u2019s performance.<\/li>\n\n\n\n<li><strong>Our team delivers<\/strong> detailed reports that highlight key metrics such as brand awareness, brand perception, and brand loyalty.<\/li>\n<\/ul>\n<\/li>\n\n\n\n<li><strong>Analyse comparative concurrentielle<\/strong>\n<ul class=\"wp-block-list\">\n<li><strong>SIS does<\/strong> comparative analysis to measure your brand against industry competitors, identifying areas where you excel and where improvement is needed.<\/li>\n\n\n\n<li><strong>Notre <\/strong><a href=\"https:\/\/www.sisinternational.com\/fr\/journee-mondiale-de-lautisme\/\" title=\"\u00c9tudes de recherche sur le march\u00e9 de l\u2019autisme\" data-wpil-monitor-id=\"7441\">market research includes benchmarking studies<\/a> that track your brand\u2019s performance over time relative to key competitors.<\/li>\n\n\n\n<li><strong>We conduct<\/strong> assessments that reveal competitive advantages and potential threats, enabling strategic decision-making.<\/li>\n<\/ul>\n<\/li>\n\n\n\n<li><strong>Connaissances et segmentation des clients<\/strong>\n<ul class=\"wp-block-list\">\n<li><strong>Our team delivers<\/strong> comprehensive customer insights by analyzing demographic, psychographic, and behavioral data.<\/li>\n\n\n\n<li><strong>We conduct<\/strong> segmentation studies to identify distinct customer groups, allowing for targeted brand measurement market research.<\/li>\n\n\n\n<li><strong>Notre \u00e9tude de march\u00e9<\/strong> helps businesses understand the unique needs and preferences of different customer segments, enhancing personalized marketing efforts.<\/li>\n<\/ul>\n<\/li>\n\n\n\n<li><strong>Brand Equity Measurement<\/strong>\n<ul class=\"wp-block-list\">\n<li><strong>SIS does<\/strong> assess the value of your brand through metrics such as brand equity, which includes brand loyalty, brand associations, and perceived quality.<\/li>\n\n\n\n<li><strong>Notre \u00e9tude de march\u00e9<\/strong> employs advanced techniques to quantify the intangible assets of your brand, providing a clear picture of its market value.<\/li>\n\n\n\n<li><strong>We conduct<\/strong> longitudinal studies to track changes in brand equity over time, helping businesses measure the impact of their branding strategies.<\/li>\n<\/ul>\n<\/li>\n\n\n\n<li><strong>Analyse des tendances du march\u00e9<\/strong>\n<ul class=\"wp-block-list\">\n<li><strong>Notre \u00e9tude de march\u00e9<\/strong> monitors emerging trends and shifts in consumer behavior that influence brand performance.<\/li>\n\n\n\n<li><strong>We conduct<\/strong> trend analyses to anticipate future market conditions, allowing businesses to proactively adjust their brand strategies.<\/li>\n\n\n\n<li><strong>Our team delivers<\/strong> actionable insights on how to align your brand with current and future market trends, ensuring relevance and competitiveness.<\/li>\n<\/ul>\n<\/li>\n\n\n\n<li><strong>Brand Health Tracking<\/strong>\n<ul class=\"wp-block-list\">\n<li><strong>SIS does<\/strong> continuous monitoring of your brand\u2019s health through regular surveys and feedback mechanisms.<\/li>\n\n\n\n<li><strong>Notre \u00e9tude de march\u00e9<\/strong> provides real-time data on key performance indicators such as customer satisfaction, brand recall, and net promoter scores (NPS).<\/li>\n\n\n\n<li><strong>We conduct<\/strong> ongoing assessments to identify potential issues early, enabling timely interventions to maintain brand health.<\/li>\n<\/ul>\n<\/li>\n\n\n\n<li><strong>Recommandations strat\u00e9giques<\/strong>\n<ul class=\"wp-block-list\">\n<li><strong>Our team delivers<\/strong> expert recommendations based on brand measurement market research\u00a0findings, <a href=\"https:\/\/www.sisinternational.com\/fr\/brand-audit-in-new-york-the-complete-guide-to-strengthening-your-brand\/\" title=\"Brand Audit in New York: The Complete Guide to Strengthening Your Brand\" data-wpil-monitor-id=\"1379\">guiding strategic initiatives to strengthen your brand<\/a>.<\/li>\n\n\n\n<li><strong>We conduct<\/strong> workshops and strategy sessions to help businesses implement data-driven branding strategies effectively.<\/li>\n\n\n\n<li><strong>Notre \u00e9tude de march\u00e9<\/strong> supports the development of innovative branding campaigns that resonate with target audiences and drive business growth.<\/li>\n<\/ul>\n<\/li>\n\n\n\n<li><strong>Customized Reporting and Visualization<\/strong>\n<ul class=\"wp-block-list\">\n<li><strong>SIS does<\/strong> provide tailored reports that present brand measurement market research\u00a0data in a clear and actionable format.<\/li>\n\n\n\n<li><strong>Notre \u00e9tude de march\u00e9<\/strong> includes intuitive visualizations such as dashboards and infographics, making complex data easily understandable for stakeholders.<\/li>\n\n\n\n<li><strong>We conduct<\/strong> presentations and briefings to ensure that key insights are effectively communicated and integrated into your business strategies.<\/li>\n<\/ul>\n<\/li>\n<\/ul>\n\n\n\n<h2 class=\"wp-block-heading\"><strong>\u00c0 propos de SIS International<\/strong><\/h2>\n\n\n\n<p><a href=\"https:\/\/www.sisinternational.com\/fr\/\"><span style=\"font-weight: 400;\">SIS International<\/span><\/a><span style=\"font-weight: 400;\"> propose des recherches quantitatives, qualitatives et strat\u00e9giques. Nous fournissons des donn\u00e9es, des outils, des strat\u00e9gies, des rapports et des informations pour la prise de d\u00e9cision. Nous menons \u00e9galement des entretiens, des enqu\u00eates, des groupes de discussion et d\u2019autres m\u00e9thodes et approches d\u2019\u00e9tudes de march\u00e9.<\/span><a href=\"https:\/\/www.sisinternational.com\/fr\/a-propos-de-la-recherche-internationale-sis\/contact-sis-international-market-research\/\"><span style=\"font-weight: 400;\"> Contactez nous<\/span><\/a><span style=\"font-weight: 400;\"> pour votre prochain projet d&#039;\u00e9tude de march\u00e9.<\/span><\/p>","protected":false},"excerpt":{"rendered":"<p>Les \u00e9tudes de march\u00e9 sur la mesure de la marque sont essentielles pour am\u00e9liorer la perception de la marque et favoriser la fid\u00e9lit\u00e9 des clients afin de stimuler la croissance de l\u2019entreprise.<\/p>","protected":false},"author":1,"featured_media":69131,"parent":14650,"menu_order":273,"comment_status":"closed","ping_status":"closed","template":"","meta":{"footnotes":""},"class_list":["post-42582","page","type-page","status-publish","has-post-thumbnail"],"_links":{"self":[{"href":"https:\/\/www.sisinternational.com\/fr\/wp-json\/wp\/v2\/pages\/42582","targetHints":{"allow":["GET"]}}],"collection":[{"href":"https:\/\/www.sisinternational.com\/fr\/wp-json\/wp\/v2\/pages"}],"about":[{"href":"https:\/\/www.sisinternational.com\/fr\/wp-json\/wp\/v2\/types\/page"}],"author":[{"embeddable":true,"href":"https:\/\/www.sisinternational.com\/fr\/wp-json\/wp\/v2\/users\/1"}],"replies":[{"embeddable":true,"href":"https:\/\/www.sisinternational.com\/fr\/wp-json\/wp\/v2\/comments?post=42582"}],"version-history":[{"count":14,"href":"https:\/\/www.sisinternational.com\/fr\/wp-json\/wp\/v2\/pages\/42582\/revisions"}],"predecessor-version":[{"id":81072,"href":"https:\/\/www.sisinternational.com\/fr\/wp-json\/wp\/v2\/pages\/42582\/revisions\/81072"}],"up":[{"embeddable":true,"href":"https:\/\/www.sisinternational.com\/fr\/wp-json\/wp\/v2\/pages\/14650"}],"wp:featuredmedia":[{"embeddable":true,"href":"https:\/\/www.sisinternational.com\/fr\/wp-json\/wp\/v2\/media\/69131"}],"wp:attachment":[{"href":"https:\/\/www.sisinternational.com\/fr\/wp-json\/wp\/v2\/media?parent=42582"}],"curies":[{"name":"wp","href":"https:\/\/api.w.org\/{rel}","templated":true}]}}