{"id":42567,"date":"2023-04-28T16:57:47","date_gmt":"2023-04-28T20:57:47","guid":{"rendered":"https:\/\/www.sisinternational.com\/?page_id=42567"},"modified":"2025-10-17T00:03:32","modified_gmt":"2025-10-17T04:03:32","slug":"etude-de-marche-sur-les-biocarburants","status":"publish","type":"page","link":"https:\/\/www.sisinternational.com\/fr\/competence\/etude-de-marche-sur-les-biocarburants\/","title":{"rendered":"\u00c9tude de march\u00e9 sur les biocarburants"},"content":{"rendered":"<h1 class=\"wp-block-heading\">\u00c9tude de march\u00e9 sur les biocarburants<\/h1>\n\n\n\n<figure class=\"gb-block-image gb-block-image-4dae92a0\"><img loading=\"lazy\" decoding=\"async\" width=\"1456\" height=\"816\" class=\"gb-image gb-image-4dae92a0\" src=\"https:\/\/www.sisinternational.com\/wp-content\/uploads\/2025\/08\/Agriculture-19.jpg\" alt=\"\u00c9tudes de march\u00e9 et strat\u00e9gie internationales SIS\" title=\"Agriculture (19)\" srcset=\"https:\/\/www.sisinternational.com\/wp-content\/uploads\/2025\/08\/Agriculture-19.jpg 1456w, https:\/\/www.sisinternational.com\/wp-content\/uploads\/2025\/08\/Agriculture-19-300x168.jpg 300w, https:\/\/www.sisinternational.com\/wp-content\/uploads\/2025\/08\/Agriculture-19-1024x574.jpg 1024w, https:\/\/www.sisinternational.com\/wp-content\/uploads\/2025\/08\/Agriculture-19-768x430.jpg 768w, https:\/\/www.sisinternational.com\/wp-content\/uploads\/2025\/08\/Agriculture-19-18x10.jpg 18w\" sizes=\"auto, (max-width: 1456px) 100vw, 1456px\"><\/figure>\n\n\n\n<p><\/p>\n\n\n\n<p>Energy from renewable sources is expected to put less strain on the environment and the already limited supply of fossil fuels. Pure biofuels produce fewer emissions than their fossil-derived equivalents. With the many environmental concerns and climate threats, changing to biofuels looks like the more responsible choice. Before diving into this market, one should address which type of biofuel works best, based on a company\u2019s needs and goals. The pros outweigh the cons, and to tackle the cons and integrate positive changes, it is best to prepare with <a href=\"https:\/\/www.sisinternational.com\/fr\/actions-gouvernementales-sur-les-biocarburants\/\" title=\"\u00c9tude de march\u00e9 sur les biocarburants\"  data-wpil-monitor-id=\"1721\">Biofuels market research<\/a>.<\/p>\n\n\n\n<h2 class=\"wp-block-heading\">Aper\u00e7u des \u00e9tudes de march\u00e9 sur les biocarburants<\/h2>\n\n\n\n<p>Au cours des derni\u00e8res d\u00e9cennies, les entreprises ont \u00e9volu\u00e9 dans une direction plus durable, principalement dans la fabrication de produits, mais aussi pour r\u00e9duire leurs \u00e9missions annuelles.<\/p>\n\n\n\n<p>Les consommateurs sont de plus en plus conscients des effets des combustibles fossiles, mais ils sont \u00e9galement inform\u00e9s des entreprises qui contribuent le plus \u2013 ou le moins \u2013 aux dommages environnementaux. Le nombre de consommateurs \u00e9thiquement responsables a augment\u00e9 et ne peut plus \u00eatre ignor\u00e9.<\/p>\n\n\n\n<p>En g\u00e9n\u00e9ral, une entreprise soucieuse de l\u2019environnement attirera plus de clients. Les gens sont plus susceptibles de d\u00e9penser pour des produits fabriqu\u00e9s \u00e0 partir de biocarburants. De cette fa\u00e7on, l\u2019entreprise et le client r\u00e9duisent leur empreinte carbone.<\/p>\n\n\n\n<h2 class=\"wp-block-heading\">Principales tendances et facteurs d\u00e9terminants de l&#039;industrie des biocarburants<\/h2>\n\n\n\n<p>Biodiesel has become an attractive replacement for fossil fuels. Being biodegradable, non-toxic renewable, and eco-friendly (they burn cleaner than fossil fuels), the raw materials for this alternative are more affordable. Nonetheless, its synthesis is rather costly and may not necessarily <a href=\"https:\/\/www.sisinternational.com\/fr\/etude-de-marche-sur-la-generation-de-leads-b2b\/\" title=\"\u00c9tude de march\u00e9 sur la g\u00e9n\u00e9ration de leads B2B\"  data-wpil-monitor-id=\"9357\">lead to an immediately lucrative market<\/a>. Despite the high costs, though, Europe still is the largest producer of biodiesel. Regardless, one can expect biodiesel (made from plant-based oil seeds) to increase. Especially airlines are interested in using biofuels.<\/p>\n\n\n\n<p>Plant and refinery industries will grow as the need for them rises. These <a href=\"https:\/\/www.sisinternational.com\/fr\/venezuela-oil-mining-industry-potential-strategic-forecast-2026-2036\/\" title=\"Venezuela Oil &amp; Mining Industry Potential: Strategic Forecast 2026-2036\"  data-wpil-monitor-id=\"9360\">industries strip the oil<\/a> from plants for reuse. Especially in the regions where canola and sunflower are grown, one can expect those facilities to pop up.<\/p>\n\n\n\n<p>Outre le biodiesel, de grandes quantit\u00e9s d\u2019\u00e9thanol sont \u00e9galement produites. Le ma\u00efs, mais aussi la canne \u00e0 sucre, sont des mati\u00e8res premi\u00e8res appr\u00e9ci\u00e9es pour fabriquer ce carburant. Les avis sont partag\u00e9s \u00e0 propos de l\u2019\u00e9thanol, qui est principalement utilis\u00e9 comme composant de l\u2019essence. L\u2019un des principaux avantages est que l\u2019\u00e9thanol a un indice d\u2019octane plus \u00e9lev\u00e9 que l\u2019essence, ce qui am\u00e9liore la qualit\u00e9 du carburant et garantit une bonne maniabilit\u00e9.<\/p>\n\n\n\n<p>Le buthanol est similaire \u00e0 l\u2019\u00e9thanol, mais il a une densit\u00e9 \u00e9nerg\u00e9tique plus \u00e9lev\u00e9e et une pression de vapeur plus faible, ce qui en fait un meilleur candidat pour les biocarburants que l\u2019\u00e9thanol.<\/p>\n\n\n\n<p>Le m\u00e9thanol est moins co\u00fbteux \u00e0 produire que l\u2019\u00e9thanol et constitue \u00e9galement un candidat populaire pour les biocarburants. Malheureusement, non seulement il est plus toxique, mais sa densit\u00e9 \u00e9nerg\u00e9tique est \u00e9galement inf\u00e9rieure \u00e0 celle de l\u2019essence.<\/p>\n\n\n\n<p>Le biogaz est une autre source renouvelable respectueuse de l\u2019environnement, issue de la d\u00e9composition de mati\u00e8res organiques telles que les d\u00e9chets, le fumier, les restes de nourriture, les mati\u00e8res v\u00e9g\u00e9tales et les eaux us\u00e9es.<\/p>\n\n\n\n<h2 class=\"wp-block-heading\">Opportunit\u00e9s<\/h2>\n\n\n\n<p>L\u2019essor des biocarburants alternatifs et l\u2019\u00e9tude des proc\u00e9d\u00e9s li\u00e9s aux carburants donneront certainement lieu \u00e0 de nombreuses opportunit\u00e9s de carri\u00e8re int\u00e9ressantes, et la croissance des industries d\u2019usines et de raffinage augmentera l\u2019emploi.<\/p>\n\n\n\n<h3 class=\"wp-block-heading\">Certaines des carri\u00e8res dans cette industrie sont les suivantes\u00a0:<\/h3>\n\n\n\n<p><strong>Recherche scientifique<\/strong><\/p>\n\n\n\n<ul class=\"wp-block-list\">\n<li>Biochimistes, biophysiciens, microbiologistes, chimistes et techniciens de laboratoire,<\/li>\n<\/ul>\n\n\n\n<p><strong>Ing\u00e9nierie<\/strong><\/p>\n\n\n\n<ul class=\"wp-block-list\">\n<li>Ing\u00e9nieurs civils, environnementaux, industriels, m\u00e9caniques et \u00e9lectriques<\/li>\n<\/ul>\n\n\n\n<p><strong>Agriculture<\/strong><\/p>\n\n\n\n<p><strong>Usines de transformation et raffineries<\/strong><\/p>\n\n\n\n<p><strong>La construction<\/strong><\/p>\n\n\n\n<p><strong>Ventes<\/strong><\/p>\n\n\n\n<p>Bon nombre des secteurs mentionn\u00e9s ci-dessus offrent des d\u00e9bouch\u00e9s dans diff\u00e9rents domaines tels que la gestion, les op\u00e9rateurs d&#039;\u00e9quipement, les ouvriers, les producteurs, les agents d&#039;achat, les repr\u00e9sentants des ventes en gros, etc.<\/p>\n\n\n\n<h2 class=\"wp-block-heading\">D\u00e9fis<\/h2>\n\n\n\n<p>Bien qu\u2019ils pr\u00e9sentent plusieurs avantages, les biocarburants peuvent \u00eatre co\u00fbteux. Le co\u00fbt de la main d\u2019\u0153uvre est \u00e9lev\u00e9 et, malheureusement, ils n\u00e9cessitent \u00e9galement beaucoup d\u2019espace pour le stockage.<\/p>\n\n\n\n<p>Ironiquement, cultiver des cultures destin\u00e9es aux biocarburants occupe une quantit\u00e9 consid\u00e9rable de terres et peut en outre entra\u00eener des changements n\u00e9gatifs dans l\u2019utilisation des terres. La culture de plantes \u00e0 des fins \u00e9nerg\u00e9tiques n\u00e9cessite le d\u00e9boisement pour utiliser l&#039;espace lib\u00e9r\u00e9 pour les terres cultiv\u00e9es. Cependant, la destruction des for\u00eats et des prairies peut lib\u00e9rer davantage de carbone, ce qui va \u00e0 l\u2019encontre de l\u2019objectif initial de la cr\u00e9ation de ces terres agricoles.<\/p>\n\n\n\n<p>Les biocarburants n\u00e9cessitent \u00e9galement plus de consommation d\u2019eau. Dans les r\u00e9gions arides, cela peut avoir des cons\u00e9quences n\u00e9fastes, non seulement pour la nature mais aussi pour les habitants.<\/p>\n\n\n\n<p>Pour ces raisons, les biocarburants ne sont pas encore totalement durables et peuvent encore \u00eatre un sujet controvers\u00e9 pour certains.<\/p>\n\n\n\n<h2 class=\"wp-block-heading\">Des p\u00f4les d&#039;innovation pour analyser les \u00e9tudes de march\u00e9 sur les biocarburants<\/h2>\n\n\n\n<p>Comme mentionn\u00e9 pr\u00e9c\u00e9demment, l&#039;essence contient un biocarburant, m\u00eame s&#039;il faut dire que cette version mise \u00e0 jour fonctionne mieux dans les voitures plus r\u00e9centes. Les concessionnaires automobiles et les m\u00e9caniciens sont moins enthousiastes \u00e0 l\u2019id\u00e9e d\u2019ajouter ce carburant aux v\u00e9hicules plus anciens, qui pourraient ne pas \u00eatre compatibles avec celui-ci.<\/p>\n\n\n\n<p>En g\u00e9n\u00e9ral, la plupart des biocarburants sont utilis\u00e9s pour les transports, mais ils peuvent \u00e9galement \u00eatre utilis\u00e9s pour le chauffage et l\u2019\u00e9lectricit\u00e9. D&#039;autres utilisations courantes sont : le chargement des appareils \u00e9lectroniques, le nettoyage des d\u00e9versements d&#039;huile et de graisse, la lubrification, la cuisson, l&#039;\u00e9limination de la peinture et de l&#039;adh\u00e9sif et la r\u00e9duction du besoin (et des co\u00fbts) de p\u00e9trole import\u00e9.<\/p>\n\n\n\n<ul class=\"wp-block-list\">\n<li>Recharger l\u2019\u00e9lectronique\u00a0: les piles \u00e0 combustible fabriqu\u00e9es avec de l\u2019huile de cuisson et du sucre peuvent \u00eatre utilis\u00e9es pour recharger les t\u00e9l\u00e9phones portables, les ordinateurs portables et les appareils \u00e9lectroniques en g\u00e9n\u00e9ral.<\/li>\n\n\n\n<li>Nettoyage des d\u00e9versements d&#039;huile et de graisse. Il s\u2019agit d\u2019une utilisation int\u00e9ressante et tr\u00e8s b\u00e9n\u00e9fique pour \u00e9viter les catastrophes environnementales. Puisqu\u2019ils sont non toxiques, les biocarburants peuvent servir d\u2019agent de nettoyage en cas de d\u00e9versements de p\u00e9trole.<\/li>\n\n\n\n<li>Le biocarburant fonctionne dans les po\u00eales, il est donc id\u00e9al pour cuisiner.<\/li>\n\n\n\n<li>Lubrification\u00a0: maintient le moteur de la voiture en bon \u00e9tat de fonctionnement et en bon \u00e9tat<\/li>\n\n\n\n<li>Les produits habituels pour enlever les peintures et adh\u00e9sifs sont tr\u00e8s toxiques et il est recommand\u00e9 de les remplacer par des biocarburants. Ils sont tout aussi efficaces.<\/li>\n\n\n\n<li>Il est de notori\u00e9t\u00e9 publique que l\u2019importation de p\u00e9trole co\u00fbte cher et que le monde en manque. Il va sans dire que l\u2019industrie p\u00e9troli\u00e8re a \u00e9galement eu de nombreux impacts d\u00e9sastreux sur l\u2019environnement. Les biocarburants constituent donc la meilleure alternative \u2013 et la plus lucrative, compte tenu de la demande croissante de carburant.<\/li>\n<\/ul>\n\n\n\n<h2 class=\"wp-block-heading\">Perspectives futures des \u00e9tudes de march\u00e9 sur les biocarburants<\/h2>\n\n\n\n<p>Despite a drop in the biofuels market during the covid pandemic \u2013 figures are expected to increase in the <a href=\"https:\/\/www.sisinternational.com\/fr\/competence\/les-industries\/etude-de-marche-automobile\/lavenir-des-vehicules-electriques-aux-etats-unis\/\" title=\"The Future of Electric Vehicles in the USA &#8211; The Next 5 Years\"  data-wpil-monitor-id=\"9358\">next coming years<\/a>. Even though biofuels need improvement \u2013 for example, the reduction of land use for production \u2013 they provide a welcome and environmentally-friendly alternative. Most <a href=\"https:\/\/www.sisinternational.com\/fr\/73903-2\/\" title=\"Turn Consumer Flavor Preferences Into Winning Products\"  data-wpil-monitor-id=\"9361\">consumers care about the environment and prefer<\/a> to spend money on responsibly-sourced goods. Combining these demands with the trend (and need) to use biofuels and the many new career and employment <a href=\"https:\/\/www.sisinternational.com\/fr\/opportunites-et-obstacles-bancaires-islamiques-pour-le-secteur-financier-americain\/\" title=\"Banque islamique\u00a0: opportunit\u00e9s et obstacles pour le secteur financier am\u00e9ricain\"  data-wpil-monitor-id=\"9362\">opportunities this industry<\/a> provides, is a win-win for everyone.<\/p>\n\n\n\n<p><a href=\"https:\/\/www.sisinternational.com\/fr\/sis-application-of-quantitative-data-analytics-to-sensory-testing\/\" title=\"SIS Application of Quantitative Data Analytics to Sensory Testing\"  data-wpil-monitor-id=\"9359\">SIS International offers Quantitative<\/a>, Qualitative, and Strategy Research. We provide data, tools, strategies, reports, and insights for decision-making. We conduct interviews, surveys, focus groups, and many other Biofuels Market Research methods and approaches. Contact us for your next Biofuels Market Research project.<\/p>","protected":false},"excerpt":{"rendered":"<p>Les biocarburants alternatifs et l&#039;\u00e9tude des proc\u00e9d\u00e9s li\u00e9s aux carburants cr\u00e9eront des carri\u00e8res int\u00e9ressantes. Il est pr\u00e9f\u00e9rable de se pr\u00e9parer avec une \u00e9tude de march\u00e9 sur les biocarburants.<\/p>","protected":false},"author":1,"featured_media":63143,"parent":14514,"menu_order":269,"comment_status":"closed","ping_status":"closed","template":"","meta":{"footnotes":""},"class_list":["post-42567","page","type-page","status-publish","has-post-thumbnail"],"_links":{"self":[{"href":"https:\/\/www.sisinternational.com\/fr\/wp-json\/wp\/v2\/pages\/42567","targetHints":{"allow":["GET"]}}],"collection":[{"href":"https:\/\/www.sisinternational.com\/fr\/wp-json\/wp\/v2\/pages"}],"about":[{"href":"https:\/\/www.sisinternational.com\/fr\/wp-json\/wp\/v2\/types\/page"}],"author":[{"embeddable":true,"href":"https:\/\/www.sisinternational.com\/fr\/wp-json\/wp\/v2\/users\/1"}],"replies":[{"embeddable":true,"href":"https:\/\/www.sisinternational.com\/fr\/wp-json\/wp\/v2\/comments?post=42567"}],"version-history":[{"count":5,"href":"https:\/\/www.sisinternational.com\/fr\/wp-json\/wp\/v2\/pages\/42567\/revisions"}],"predecessor-version":[{"id":81564,"href":"https:\/\/www.sisinternational.com\/fr\/wp-json\/wp\/v2\/pages\/42567\/revisions\/81564"}],"up":[{"embeddable":true,"href":"https:\/\/www.sisinternational.com\/fr\/wp-json\/wp\/v2\/pages\/14514"}],"wp:featuredmedia":[{"embeddable":true,"href":"https:\/\/www.sisinternational.com\/fr\/wp-json\/wp\/v2\/media\/63143"}],"wp:attachment":[{"href":"https:\/\/www.sisinternational.com\/fr\/wp-json\/wp\/v2\/media?parent=42567"}],"curies":[{"name":"wp","href":"https:\/\/api.w.org\/{rel}","templated":true}]}}