{"id":42565,"date":"2023-04-28T16:12:25","date_gmt":"2023-04-28T20:12:25","guid":{"rendered":"https:\/\/www.sisinternational.com\/?page_id=42565"},"modified":"2026-03-24T18:21:50","modified_gmt":"2026-03-24T22:21:50","slug":"etude-de-marche-sur-les-batteries","status":"publish","type":"page","link":"https:\/\/www.sisinternational.com\/fr\/competence\/etude-de-marche-sur-les-batteries\/","title":{"rendered":"\u00c9tude de march\u00e9 sur les batteries"},"content":{"rendered":"<h1 class=\"wp-block-heading\">\u00c9tude de march\u00e9 sur les batteries<\/h1>\n\n\n\n<figure class=\"gb-block-image gb-block-image-9a0aeed0\"><img loading=\"lazy\" decoding=\"async\" width=\"1456\" height=\"816\" class=\"gb-image gb-image-9a0aeed0\" src=\"https:\/\/www.sisinternational.com\/wp-content\/uploads\/2025\/08\/Battery-3.jpg\" alt=\"\u00c9tudes de march\u00e9 et strat\u00e9gie internationales SIS\" title=\"Battery (3)\" srcset=\"https:\/\/www.sisinternational.com\/wp-content\/uploads\/2025\/08\/Battery-3.jpg 1456w, https:\/\/www.sisinternational.com\/wp-content\/uploads\/2025\/08\/Battery-3-300x168.jpg 300w, https:\/\/www.sisinternational.com\/wp-content\/uploads\/2025\/08\/Battery-3-1024x574.jpg 1024w, https:\/\/www.sisinternational.com\/wp-content\/uploads\/2025\/08\/Battery-3-768x430.jpg 768w, https:\/\/www.sisinternational.com\/wp-content\/uploads\/2025\/08\/Battery-3-18x10.jpg 18w\" sizes=\"auto, (max-width: 1456px) 100vw, 1456px\"><\/figure>\n\n\n\n<p><\/p>\n\n\n\n<p>Dans le monde moderne domin\u00e9 par la technologie, les batteries jouent un r\u00f4le crucial dans l\u2019alimentation de nombreux appareils et applications. De l\u2019alimentation des t\u00e9l\u00e9phones mobiles et des v\u00e9hicules \u00e9lectriques (VE) au stockage de l\u2019\u00e9lectricit\u00e9 verte g\u00e9n\u00e9r\u00e9e par les panneaux solaires, les batteries jouent un r\u00f4le essentiel dans divers aspects de la vie quotidienne moderne.<\/p>\n\n\n\n<p>The rapid increase in demand for batteries that meet efficiency standards while being eco-friendly has caused exponential growth within this industry. Therefore, to navigate this constantly evolving landscape, conducting <a href=\"https:\/\/www.sisinternational.com\/fr\/competence\/etude-de-marche-sur-les-batteries-lfp\/\" title=\"\u00c9tude de march\u00e9 sur les batteries LFP\"  data-wpil-monitor-id=\"11425\">\u00e9tude de march\u00e9 sur les batteries<\/a> is essential. This helps stakeholders like manufacturers or investors to identify new opportunities by keeping an eye on emerging trends and technologies.<\/p>\n\n\n\n<h2 class=\"wp-block-heading\">\u00c9tude de march\u00e9 sur les batteries : moteurs et contraintes du march\u00e9<\/h2>\n\n\n\n<p>Comprendre les moteurs et les contraintes du march\u00e9 des batteries est essentiel pour que les parties prenantes puissent capitaliser sur les opportunit\u00e9s potentielles et att\u00e9nuer les risques. Une \u00e9tude de march\u00e9 approfondie sur les batteries met en lumi\u00e8re ces facteurs, qui peuvent avoir un impact significatif sur la croissance du march\u00e9 et fa\u00e7onner l\u2019avenir du secteur.<\/p>\n\n\n\n<h3 class=\"wp-block-heading\">Facteurs de march\u00e9:<\/h3>\n\n\n\n<ul class=\"wp-block-list\">\n<li><strong>Demande croissante de v\u00e9hicules \u00e9lectriques (VE)\u00a0:<\/strong> Alors que les transports propres et durables deviennent de plus en plus importants dans le monde, la demande de v\u00e9hicules \u00e9lectriques a consid\u00e9rablement augment\u00e9. Les batteries jouent un r\u00f4le crucial dans le fonctionnement des v\u00e9hicules \u00e9lectriques, ce qui entra\u00eene un besoin plus \u00e9lev\u00e9 en batteries.<\/li>\n\n\n\n<li><strong>Increasing need for <a href=\"https:\/\/www.sisinternational.com\/fr\/autant-en-emporte-le-vent-la-crise-financiere-et-lenergie-eolienne\/\" title=\"Emport\u00e9 par le vent? La crise financi\u00e8re et l\u2019\u00e9nergie \u00e9olienne\"  data-wpil-monitor-id=\"7488\">\u00e9nergie<\/a> storage solutions:<\/strong> Avec l\u2019\u00e9mergence de sources d\u2019\u00e9nergie renouvelables comme l\u2019\u00e9nergie solaire et \u00e9olienne, il devient n\u00e9cessaire de disposer de moyens efficaces de stockage de cette \u00e9nergie. Les batteries font partie int\u00e9grante de la fourniture de solutions de stockage fiables au sein des syst\u00e8mes \u00e9lectriques complexes d&#039;aujourd&#039;hui, ce qui en fait un composant indispensable.<\/li>\n\n\n\n<li><strong>Adoption de sources d\u2019\u00e9nergie renouvelables\u00a0:<\/strong> Pour r\u00e9duire \u00e0 la fois sa d\u00e9pendance \u00e0 l\u2019\u00e9gard de ressources non renouvelables comme le p\u00e9trole ou le charbon et ses \u00e9missions de carbone, de nombreux gouvernements dans le monde ont commenc\u00e9 \u00e0 utiliser les \u00e9nergies renouvelables et les batteries comme alternative.<\/li>\n\n\n\n<li><strong>R\u00e9glementations et politiques gouvernementales strictes\u00a0:<\/strong> La mise en \u0153uvre de r\u00e9glementations et de politiques visant \u00e0 r\u00e9duire les \u00e9missions et \u00e0 promouvoir l\u2019utilisation de technologies respectueuses de l\u2019environnement est une tendance mondiale. L\u2019adoption des v\u00e9hicules \u00e9lectriques et des syst\u00e8mes d\u2019\u00e9nergies renouvelables a \u00e9t\u00e9 encourag\u00e9e par ces politiques, ce qui a stimul\u00e9 le march\u00e9 des batteries.<\/li>\n\n\n\n<li><strong>Restrictions du march\u00e9\u00a0:<\/strong> Fluctuations du prix des mati\u00e8res premi\u00e8res : pour fabriquer des batteries, les entreprises ont besoin d\u2019une gamme de mati\u00e8res premi\u00e8res comprenant du lithium, du cobalt, du nickel, etc. La volatilit\u00e9 des prix des mat\u00e9riaux a une influence majeure \u00e0 la fois sur les d\u00e9penses de production des batteries et sur l\u2019expansion g\u00e9n\u00e9rale de l\u2019industrie.<\/li>\n\n\n\n<li><strong>Pr\u00e9occupations environnementales et d\u00e9fis du recyclage\u00a0:<\/strong> Parce qu\u2019elles contiennent des produits chimiques dangereux, l\u2019\u00e9limination des vieilles batteries constitue un probl\u00e8me majeur pour notre environnement. Cela comporte des risques potentiels tels que la pollution des terres ou des plans d\u2019eau. Les proc\u00e9dures de recyclage des batteries sont souvent complexes et co\u00fbteuses.<\/li>\n\n\n\n<li><strong>Perturbations de la cha\u00eene d\u2019approvisionnement\u00a0:<\/strong> Le march\u00e9 des batteries s\u2019appuie sur une cha\u00eene d\u2019approvisionnement mondiale complexe pour l\u2019approvisionnement en mati\u00e8res premi\u00e8res et composants. Les tensions g\u00e9opolitiques, les catastrophes naturelles et d\u2019autres facteurs peuvent perturber cette cha\u00eene d\u2019approvisionnement, entra\u00eenant potentiellement des retards et une augmentation des co\u00fbts pour les fabricants de batteries.<\/li>\n\n\n\n<li><strong>Probl\u00e8mes de s\u00e9curit\u00e9 et rappels potentiels\u00a0:<\/strong> Lorsque les batteries tombent en panne, cela peut entra\u00eener des risques pour la s\u00e9curit\u00e9, comme des incendies ou des explosions.<\/li>\n<\/ul>\n\n\n\n<h2 class=\"wp-block-heading\">D\u00e9fis et risques dans les \u00e9tudes de march\u00e9 sur les batteries<\/h2>\n\n\n\n<ul class=\"wp-block-list\">\n<li><strong>Des avanc\u00e9es technologiques rapides\u00a0:<\/strong> Frequent advancement characterized by innovative technology is changing the battery sector. Keeping up-to-date with such advances while also precisely predicting how they might influence <a href=\"https:\/\/www.sisinternational.com\/fr\/competence\/les-industries\/etude-de-marche-des-motels\/\" title=\"\u00c9tude de march\u00e9 des motels\"  data-wpil-monitor-id=\"3123\">markets poses challenges for researchers<\/a>.<\/li>\n\n\n\n<li><strong>Litiges en mati\u00e8re de propri\u00e9t\u00e9 intellectuelle et de brevets\u00a0:<\/strong> Les droits de propri\u00e9t\u00e9 intellectuelle et les litiges en mati\u00e8re de brevets surviennent fr\u00e9quemment au sein du secteur concurrentiel des batteries.<\/li>\n\n\n\n<li><strong>Modifications r\u00e9glementaires et politiques\u00a0:<\/strong> Les lois et r\u00e9glementations gouvernementales ont une influence notable sur le march\u00e9 des batteries. Il est de plus en plus difficile de suivre ces changements ainsi que leurs r\u00e9sultats possibles, ce qui cr\u00e9e des incertitudes suppl\u00e9mentaires autour de la recherche.<\/li>\n\n\n\n<li><strong>Facteurs g\u00e9opolitiques\u00a0:<\/strong> Les perturbations de la cha\u00eene d&#039;approvisionnement r\u00e9sultant de tensions g\u00e9opolitiques ou de diff\u00e9rends commerciaux peuvent entra\u00eener des fluctuations des prix des mati\u00e8res premi\u00e8res, ce qui pourrait influencer le march\u00e9 des batteries. Pour les chercheurs, comprendre et int\u00e9grer ces facteurs g\u00e9opolitiques complexes peut constituer une t\u00e2che formidable.<\/li>\n\n\n\n<li><strong>Pr\u00e9occupations environnementales et de durabilit\u00e9\u00a0:<\/strong> Les questions environnementales, notamment le recyclage et l&#039;\u00e9limination, posent des probl\u00e8mes importants au secteur des batteries. Par cons\u00e9quent, il est important que les chercheurs \u00e9valuent dans quelle mesure les diff\u00e9rentes technologies\/pratiques sont durables au fil du temps.<\/li>\n<\/ul>\n\n\n\n<h2 class=\"wp-block-heading\">Tendances futures et opportunit\u00e9s de march\u00e9 dans les \u00e9tudes de march\u00e9 sur les batteries<\/h2>\n\n\n\n<ul class=\"wp-block-list\">\n<li><strong>Int\u00e9gration de l&#039;IoT et de l&#039;IA dans les syst\u00e8mes de gestion de batterie\u00a0:<\/strong> On s\u2019attend \u00e0 ce que les syst\u00e8mes de gestion des batteries subissent des changements r\u00e9volutionnaires en raison de la popularit\u00e9 croissante de l\u2019IoT et de l\u2019IA. L&#039;utilisation de la surveillance en temps r\u00e9el et de l&#039;analyse pr\u00e9dictive est un moyen d&#039;am\u00e9liorer l&#039;optimisation des performances de la batterie et de prolonger sa dur\u00e9e de vie tout en garantissant la s\u00e9curit\u00e9. Gr\u00e2ce aux \u00e9tudes de march\u00e9 sur les batteries, il devient possible d\u2019identifier les entreprises et les technologies qui sont \u00e0 la t\u00eate de cet effort d\u2019int\u00e9gration.<\/li>\n\n\n\n<li><strong>Expansion du recyclage des batteries et des applications de seconde vie\u00a0:<\/strong> Les m\u00e9thodes efficaces de recyclage des batteries deviennent de plus en plus cruciales \u00e0 mesure que le nombre de batteries usag\u00e9es augmente. L\u2019\u00e9tude de march\u00e9 sur les batteries pourrait identifier des opportunit\u00e9s de d\u00e9veloppement de nouvelles technologies de recyclage et explorer le potentiel d\u2019applications de seconde vie, telles que l\u2019utilisation de batteries de v\u00e9hicules \u00e9lectriques r\u00e9utilis\u00e9es pour le stockage d\u2019\u00e9nergie stationnaire.<\/li>\n\n\n\n<li><strong>D\u00e9veloppement d\u2019infrastructures de recharge rapide :<\/strong> Widespread integration and utilization of EVs depend on having reliable access to quick charging stations The identification of opportunities for expanding charging networks and developing advanced technology that reduces charge time and minimizes strain on the power grid is possible through <a href=\"https:\/\/www.sisinternational.com\/fr\/competence\/les-industries\/etude-de-marche-sur-lenergie-nucleaire\/\" title=\"\u00c9tude de march\u00e9 sur l\u2019\u00e9nergie nucl\u00e9aire\"  data-wpil-monitor-id=\"3312\">\u00e9tude de march\u00e9 sur les batteries<\/a>.<\/li>\n\n\n\n<li><strong>Recherche sur les produits chimiques avanc\u00e9s des batteries\u00a0:<\/strong> Une s\u00e9curit\u00e9 am\u00e9lior\u00e9e, combin\u00e9e \u00e0 une densit\u00e9 \u00e9nerg\u00e9tique plus \u00e9lev\u00e9e et \u00e0 des co\u00fbts r\u00e9duits, stimule la recherche en cours sur des technologies de batteries alternatives, notamment les batteries \u00e0 semi-conducteurs et d&#039;autres bas\u00e9es sur la chimie des ions sodium ou aluminium. Les derni\u00e8res avanc\u00e9es dans ces domaines peuvent \u00eatre identifi\u00e9es par les parties prenantes qui effectuent des \u00e9tudes de march\u00e9 sur les batteries, d\u00e9couvrant ainsi des opportunit\u00e9s d&#039;investissement potentielles.<\/li>\n\n\n\n<li><strong>Solutions de batteries personnalis\u00e9es pour des applications de niche\u00a0:<\/strong> La diversit\u00e9 et la sp\u00e9cialisation croissantes des gadgets fonctionnant sur batterie s&#039;accompagnent d&#039;une demande croissante de solutions d&#039;alimentation sur mesure r\u00e9pondant \u00e0 des besoins particuliers, comme ceux requis par les drones ou les \u00e9quipements m\u00e9dicaux. R\u00e9aliser une \u00e9tude de march\u00e9 sur les batteries peut r\u00e9v\u00e9ler des possibilit\u00e9s de cr\u00e9ation et de fabrication de ces batteries particuli\u00e8res.<\/li>\n\n\n\n<li><strong>Solutions de stockage d\u2019\u00e9nergie pour les micro-r\u00e9seaux et les applications hors r\u00e9seau\u00a0:<\/strong> L\u2019accent \u00e9tant davantage mis sur les m\u00e9thodes d\u00e9centralis\u00e9es de production d\u2019\u00e9lectricit\u00e9. Les batteries jouent un r\u00f4le de plus en plus important pour faciliter la croissance des r\u00e9seaux de micro-r\u00e9seaux et des syst\u00e8mes d\u2019\u00e9nergie renouvelable autonomes. L\u2019identification des opportunit\u00e9s de croissance au sein de ces march\u00e9s \u00e9mergents peut \u00eatre facilit\u00e9e par la r\u00e9alisation d\u2019\u00e9tudes de march\u00e9 sur les batteries.<\/li>\n\n\n\n<li><strong>Collaboration entre les fabricants de batteries et les industries des utilisateurs finaux\u00a0:<\/strong> \u00c0 mesure que la concurrence dans le secteur des batteries se renforce, il est probable qu&#039;il y aura une augmentation des collaborations entre les fabricants de batteries et leurs clients appartenant \u00e0 divers domaines comme l&#039;automobile ou les appareils \u00e9lectroniques. La r\u00e9alisation d&#039;analyses approfondies sur les batteries offre aux entreprises un aper\u00e7u de projets de coop\u00e9ration prometteurs avec d&#039;autres entit\u00e9s visant \u00e0 promouvoir l&#039;ing\u00e9niosit\u00e9 et \u00e0 renforcer leur pr\u00e9sence dans des secteurs sp\u00e9cifiques.<\/li>\n<\/ul>","protected":false},"excerpt":{"rendered":"<p>La demande de batteries r\u00e9pondant aux normes d\u2019efficacit\u00e9 tout en \u00e9tant respectueuses de l\u2019environnement a provoqu\u00e9 une croissance exponentielle au sein de cette industrie.<\/p>","protected":false},"author":1,"featured_media":63899,"parent":14514,"menu_order":268,"comment_status":"closed","ping_status":"closed","template":"","meta":{"footnotes":""},"class_list":["post-42565","page","type-page","status-publish","has-post-thumbnail"],"_links":{"self":[{"href":"https:\/\/www.sisinternational.com\/fr\/wp-json\/wp\/v2\/pages\/42565","targetHints":{"allow":["GET"]}}],"collection":[{"href":"https:\/\/www.sisinternational.com\/fr\/wp-json\/wp\/v2\/pages"}],"about":[{"href":"https:\/\/www.sisinternational.com\/fr\/wp-json\/wp\/v2\/types\/page"}],"author":[{"embeddable":true,"href":"https:\/\/www.sisinternational.com\/fr\/wp-json\/wp\/v2\/users\/1"}],"replies":[{"embeddable":true,"href":"https:\/\/www.sisinternational.com\/fr\/wp-json\/wp\/v2\/comments?post=42565"}],"version-history":[{"count":7,"href":"https:\/\/www.sisinternational.com\/fr\/wp-json\/wp\/v2\/pages\/42565\/revisions"}],"predecessor-version":[{"id":85012,"href":"https:\/\/www.sisinternational.com\/fr\/wp-json\/wp\/v2\/pages\/42565\/revisions\/85012"}],"up":[{"embeddable":true,"href":"https:\/\/www.sisinternational.com\/fr\/wp-json\/wp\/v2\/pages\/14514"}],"wp:featuredmedia":[{"embeddable":true,"href":"https:\/\/www.sisinternational.com\/fr\/wp-json\/wp\/v2\/media\/63899"}],"wp:attachment":[{"href":"https:\/\/www.sisinternational.com\/fr\/wp-json\/wp\/v2\/media?parent=42565"}],"curies":[{"name":"wp","href":"https:\/\/api.w.org\/{rel}","templated":true}]}}