{"id":42561,"date":"2023-04-28T15:44:45","date_gmt":"2023-04-28T19:44:45","guid":{"rendered":"https:\/\/www.sisinternational.com\/?page_id=42561"},"modified":"2026-01-27T16:48:51","modified_gmt":"2026-01-27T21:48:51","slug":"asia-ethnography-market-research","status":"publish","type":"page","link":"https:\/\/www.sisinternational.com\/fr\/coverage\/market-research-asia\/asia-ethnography-market-research\/","title":{"rendered":"\u00c9tude de march\u00e9 sur l\u2019ethnographie en Asie"},"content":{"rendered":"<h1 class=\"wp-block-heading\">\u00c9tude de march\u00e9 sur l\u2019ethnographie en Asie<\/h1>\n\n\n\n<figure class=\"gb-block-image gb-block-image-f55cd3ef\"><img loading=\"lazy\" decoding=\"async\" width=\"1456\" height=\"816\" class=\"gb-image gb-image-f55cd3ef\" src=\"https:\/\/www.sisinternational.com\/wp-content\/uploads\/2025\/09\/Asia-33.jpg\" alt=\"SIS International Market Research &amp; Strategy\" title=\"Asia (33)\" srcset=\"https:\/\/www.sisinternational.com\/wp-content\/uploads\/2025\/09\/Asia-33.jpg 1456w, https:\/\/www.sisinternational.com\/wp-content\/uploads\/2025\/09\/Asia-33-300x168.jpg 300w, https:\/\/www.sisinternational.com\/wp-content\/uploads\/2025\/09\/Asia-33-1024x574.jpg 1024w, https:\/\/www.sisinternational.com\/wp-content\/uploads\/2025\/09\/Asia-33-768x430.jpg 768w, https:\/\/www.sisinternational.com\/wp-content\/uploads\/2025\/09\/Asia-33-18x10.jpg 18w\" sizes=\"auto, (max-width: 1456px) 100vw, 1456px\"><\/figure>\n\n\n\n<div><\/div>\n\n\n\n<div>&nbsp;<\/div>\n\n\n\n<div><hr><\/div>\n\n\n\n<div>The ability to comprehend the sociocultural and economic traits of Asian markets has become indispensable for companies seeking success in them. Therefore, the importance of having targeted and localized marketing strategies has increased significantly with the multiple cultural variations and traditions in Asia\u2014and Asia ethnography market research focuses on understanding the unique cultural landscape of the targeted market.<\/div>\n\n\n\n<h2 class=\"wp-block-heading\">Le r\u00f4le de l\u2019\u00e9tude de march\u00e9 sur l\u2019ethnographie asiatique dans le paysage commercial actuel<\/h2>\n\n\n\n<p>Il aide les entreprises \u00e0 \u00e9tendre constamment leurs op\u00e9rations au-del\u00e0 des fronti\u00e8res en p\u00e9n\u00e9trant de nouveaux march\u00e9s. Cette expansion n\u00e9cessite que les entreprises adaptent leurs services en fonction des pr\u00e9f\u00e9rences r\u00e9gionales tout en g\u00e9rant les subtilit\u00e9s des variations interculturelles.<\/p>\n\n\n\n<p>To address these challenges and ensure business success in this fiercely competitive landscape, it is necessary to conduct Asia <a class=\"wpil_keyword_link\" href=\"https:\/\/www.sisinternational.com\/fr\/solutions\/qualitative-quantitative-research-solutions\/ethnography-market-research\/\"   title=\"\u00c9tude de march\u00e9 sur l\u2019ethnographie\" data-wpil-keyword-link=\"linked\"  data-wpil-monitor-id=\"370\">ethnography market research<\/a> to remain competitive amidst rising competition from other firms that are also expanding their reach across Asia.<\/p>\n\n\n\n<p>De plus, <a href=\"https:\/\/www.sisinternational.com\/fr\/how-to-craft-research-for-japan-culture-matters\/\" title=\"Comment cr\u00e9er des recherches pour le Japon\u00a0; La culture, \u00e7a compte !\"  data-wpil-monitor-id=\"4407\">Asia ethnography market research<\/a> is key to understanding cultural variations and their target audiences better as well as the particular obstacles they encounter in every market. Employing ethnographic research methods allows companies to acquire important knowledge about consumer attitudes and behavior in specific cultural settings.<\/p>\n\n\n\n<h2 class=\"wp-block-heading\">Key Countries and Regions for Asia Ethnography Market Research Landscape<\/h2>\n\n\n\n<ul class=\"wp-block-list\">\n<li><strong>Chine:<\/strong> La Chine est la deuxi\u00e8me \u00e9conomie la plus forte au monde et les opportunit\u00e9s sont infinies pour les entreprises. Naviguer dans ce pays complexe avec une culture et un environnement r\u00e9glementaire distincts n\u00e9cessite que les entreprises effectuent des recherches ethnographiques approfondies.<\/li>\n\n\n\n<li><strong>Inde:<\/strong> As more people join the country&#8217;s burgeoning middle-class each, this creates vast opportunities for firms looking to explore this market \u2013 and <a href=\"https:\/\/www.sisinternational.com\/fr\/the-voice-of-indian-consumers\/\" title=\"La voix des consommateurs indiens\"  data-wpil-monitor-id=\"2423\">Asia ethnography market research<\/a> is a major tool for understanding consumer behavior in this heterogeneous market.<\/li>\n\n\n\n<li><strong>Japon:<\/strong> En raison d&#039;une soci\u00e9t\u00e9 modernis\u00e9e \u00e9tablie bas\u00e9e sur les avanc\u00e9es de la haute technologie m\u00e9lang\u00e9es \u00e0 des valeurs traditionnelles, de nombreuses entreprises recherchent une entr\u00e9e r\u00e9ussie sur le march\u00e9 japonais.<\/li>\n\n\n\n<li><strong>Asie du sud est:<\/strong> The presence of Indonesia, Malaysia, the Philippines, Singapore, Thailand, and Vietnam makes Southeast Asia a culturally diverse and rapidly growing region. To comprehend distinctive customer behavior patterns across several nations or areas companies must conduct important Asia <a href=\"https:\/\/www.sisinternational.com\/fr\/expertise\/resumes-of-experience\/resume-of-experience-in-ethnography-studies\/\" title=\"Exp\u00e9rience d\u2019\u00e9tude de march\u00e9 ethnographique\"  data-wpil-monitor-id=\"6351\">ethnography market research<\/a>.<\/li>\n<\/ul>\n\n\n\n<h2 class=\"wp-block-heading\">Pratiques d\u2019\u00e9tudes de march\u00e9 ethnographiques r\u00e9ussies<\/h2>\n\n\n\n<p>Pour garantir le succ\u00e8s de ce type de recherche, il est essentiel de collaborer \u00e9troitement avec les chercheurs locaux. Le partenariat avec des chercheurs locaux poss\u00e9dant une connaissance directe de la langue, de la culture et de la communaut\u00e9 peut aider \u00e0 surmonter les barri\u00e8res linguistiques et de communication, ainsi que les malentendus culturels. Cela peut faciliter l\u2019acc\u00e8s \u00e0 des communaut\u00e9s et \u00e0 des contextes qui pourraient \u00eatre difficiles \u00e0 atteindre autrement.<\/p>\n\n\n\n<p>De plus, accepter l\u2019incertitude et la nature it\u00e9rative de la recherche ethnographique peut conduire \u00e0 une compr\u00e9hension plus riche et plus nuanc\u00e9e du public cible et du march\u00e9. Ceci est r\u00e9alis\u00e9 en d\u00e9montrant le respect des coutumes, croyances et pratiques locales, ce qui est crucial pour \u00e9tablir la confiance et les relations avec les participants et les communaut\u00e9s.<\/p>\n\n\n\n<p>Il est \u00e9galement crucial d\u2019employer une combinaison de m\u00e9thodes de recherche qui conviennent le mieux au contexte culturel sp\u00e9cifique et aux objectifs de recherche susceptibles d\u2019am\u00e9liorer la qualit\u00e9 et la profondeur des donn\u00e9es collect\u00e9es.<\/p>\n\n\n\n<h2 class=\"wp-block-heading\">Avantages<\/h2>\n\n\n\n<p>By studying people and cultures within Asian societies at a deep level through <a href=\"https:\/\/www.sisinternational.com\/fr\/asian-retail-market\/\" title=\"\u00c9tude du march\u00e9 de d\u00e9tail asiatique\"  data-wpil-monitor-id=\"2686\">Asia ethnography market research<\/a>, businesses aim to understand their behaviors and beliefs which can provide valuable insights to enter or expand in the Asian market.<\/p>\n\n\n\n<ul class=\"wp-block-list\">\n<li>En menant des recherches ethnographiques en Asie, les chercheurs sont en mesure d&#039;acqu\u00e9rir une compr\u00e9hension approfondie des nuances et des valeurs culturelles complexes qui existent au sein de diverses soci\u00e9t\u00e9s asiatiques, ce qui rend crucial le succ\u00e8s des entreprises dans la r\u00e9gion.<\/li>\n\n\n\n<li>The use of Asia <a href=\"https:\/\/www.sisinternational.com\/fr\/solutions\/branding-and-customer-research-solutions\/video-ethnography-research\/\" title=\"Recherche en vid\u00e9o-ethnographie\"  data-wpil-monitor-id=\"6792\">ethnography market research<\/a> helps to expose the underlying motivations and drivers behind consumer behavior that cannot be identified through quantitative research methods.<\/li>\n\n\n\n<li>It uncovers unmet needs and gaps in the market. <a href=\"https:\/\/www.sisinternational.com\/fr\/market-opportunities-in-southeast-asia\/\" title=\"Recherche d\u2019opportunit\u00e9s de march\u00e9 en Asie du Sud-Est\"  data-wpil-monitor-id=\"2463\">Asia ethnography market research<\/a> can benefit businesses looking to capitalize on these opportunities and understand consumer pain points and desires.<\/li>\n\n\n\n<li>\u00c9tablir de l&#039;empathie gr\u00e2ce \u00e0 la recherche ethnographique permet aux entreprises d&#039;\u00e9tablir des liens plus solides avec leurs consommateurs cibles et de favoriser la confiance tout en concevant des produits et services plus centr\u00e9s sur l&#039;utilisateur tout en cr\u00e9ant des messages marketing qui trouvent vraiment un \u00e9cho aupr\u00e8s du public.<\/li>\n\n\n\n<li><a href=\"https:\/\/www.sisinternational.com\/fr\/market-research-in-chinas-2nd-tier-cities\/\" title=\"\u00c9tude de march\u00e9 dans les villes chinoises de deuxi\u00e8me rang\"  data-wpil-monitor-id=\"7611\">Asia ethnography market research<\/a> can provide businesses with rich and qualitative data that can inform their strategic decision-making when entering or expanding into the region. Making use of this data helps companies improve their decision-making processes for product development along with marketing and customer service strategies.<\/li>\n\n\n\n<li>Gaining insight into competitor strategies and consumer perceptions of their products and services is possible through <a href=\"https:\/\/www.sisinternational.com\/fr\/labeling-nutritional-products-asia\/\" title=\"\u00c9tude de march\u00e9 sur l\u2019\u00e9tiquetage et les produits nutritionnels en Asie\"  data-wpil-monitor-id=\"2478\">Asia ethnography market research<\/a> which offers businesses the opportunity to distinguish themselves from other companies and obtain a competitive advantage.<\/li>\n<\/ul>\n\n\n\n<h2 class=\"wp-block-heading\">D\u00e9fis<\/h2>\n\n\n\n<p>Despite the numerous benefits of ethnographic <a href=\"https:\/\/www.sisinternational.com\/fr\/expertise\/industries\/motel-market-research\/\" title=\"\u00c9tude de march\u00e9 des motels\"  data-wpil-monitor-id=\"3127\">research in the Asian market<\/a>, researchers face several challenges in conducting such studies such as:<\/p>\n\n\n\n<ul class=\"wp-block-list\">\n<li><strong>Barri\u00e8res linguistiques et de communication\u00a0:<\/strong> La diversit\u00e9 des langues parl\u00e9es en Asie peut poser des d\u00e9fis importants aux chercheurs qui tentent de mieux comprendre les communaut\u00e9s locales. Ainsi, garantir des traductions et des interpr\u00e9tations pr\u00e9cises est crucial pour maintenir l\u2019int\u00e9grit\u00e9 des r\u00e9sultats de la recherche.<\/li>\n\n\n\n<li><strong>Diff\u00e9rences et sensibilit\u00e9s culturelles :<\/strong> La vaste diversit\u00e9 culturelle de l\u2019Asie n\u00e9cessite une compr\u00e9hension approfondie des coutumes, croyances et pratiques locales pour \u00e9viter d\u2019offenser involontairement les participants.<\/li>\n\n\n\n<li><strong>Consid\u00e9rations \u00e9thiques:<\/strong> Garantir le consentement \u00e9clair\u00e9, la confidentialit\u00e9 et l\u2019anonymat des participants est essentiel pour mener une recherche \u00e9thique.<\/li>\n\n\n\n<li><a href=\"https:\/\/www.sisinternational.com\/fr\/expertise\/industries\/third-party-logistics-market-research\/\" title=\"\u00c9tude de march\u00e9 sur la logistique tierce\"  data-wpil-monitor-id=\"7594\">Logistical challenges: Conducting ethnographic research<\/a> in Asia may involve traveling to remote locations and navigating unfamiliar environments, which can be time-consuming and resource-intensive.<\/li>\n<\/ul>\n\n\n\n<h2 class=\"wp-block-heading\">Perspectives futures des \u00e9tudes de march\u00e9 sur l\u2019ethnographie en Asie<\/h2>\n\n\n\n<p>Les technologies \u00e9mergentes, notamment la r\u00e9alit\u00e9 virtuelle et l\u2019intelligence artificielle, devraient avoir un impact important sur les \u00e9tudes de march\u00e9 sur l\u2019ethnographie en Asie. Cela se traduira par une collecte et une analyse plus efficaces des donn\u00e9es lors des \u00e9tudes ethnographiques.<\/p>\n\n\n\n<p>Combining multiple research methodologies like quantitative and qualitative approaches along with digital methods is likely to be seen in the future of <a href=\"https:\/\/www.sisinternational.com\/fr\/expertise\/industries\/potash-fertilizer-market-research\/\" title=\"\u00c9tude de march\u00e9 sur les engrais potassiques\"  data-wpil-monitor-id=\"3132\">Asia ethnography<\/a> market research as it leads to a more comprehensive understanding of consumer behavior and preferences.<\/p>\n\n\n\n<p>On peut s\u2019attendre \u00e0 une concentration accrue sur les march\u00e9s \u00e9mergents de la r\u00e9gion Asie-Pacifique, \u00e0 mesure que les pays de la r\u00e9gion continuent de conna\u00eetre une croissance \u00e9conomique.<\/p>\n\n\n\n<h2 class=\"wp-block-heading\">\u00c0 propos de SIS International<\/h2>\n\n\n\n<p><a href=\"https:\/\/www.linkedin.com\/company\/sisinternationalresearch\/\" target=\"_blank\" rel=\"noopener\"><span style=\"font-weight: 400;\">SIS International<\/span><\/a> offers Quantitative, Qualitative, and Strategy Research. We provide data, tools, strategies, reports and insights for decision-making. We conduct interviews, surveys, focus groups and many other Market Research methods and approaches. Contact us for your next Market Research project<\/p>","protected":false},"excerpt":{"rendered":"<p>Les \u00e9tudes de march\u00e9 sur l\u2019ethnographie asiatique se concentrent sur la compr\u00e9hension du paysage culturel unique du march\u00e9 cibl\u00e9.<\/p>","protected":false},"author":1,"featured_media":65765,"parent":14508,"menu_order":86,"comment_status":"closed","ping_status":"closed","template":"","meta":{"footnotes":""},"class_list":["post-42561","page","type-page","status-publish","has-post-thumbnail"],"_links":{"self":[{"href":"https:\/\/www.sisinternational.com\/fr\/wp-json\/wp\/v2\/pages\/42561","targetHints":{"allow":["GET"]}}],"collection":[{"href":"https:\/\/www.sisinternational.com\/fr\/wp-json\/wp\/v2\/pages"}],"about":[{"href":"https:\/\/www.sisinternational.com\/fr\/wp-json\/wp\/v2\/types\/page"}],"author":[{"embeddable":true,"href":"https:\/\/www.sisinternational.com\/fr\/wp-json\/wp\/v2\/users\/1"}],"replies":[{"embeddable":true,"href":"https:\/\/www.sisinternational.com\/fr\/wp-json\/wp\/v2\/comments?post=42561"}],"version-history":[{"count":17,"href":"https:\/\/www.sisinternational.com\/fr\/wp-json\/wp\/v2\/pages\/42561\/revisions"}],"predecessor-version":[{"id":81234,"href":"https:\/\/www.sisinternational.com\/fr\/wp-json\/wp\/v2\/pages\/42561\/revisions\/81234"}],"up":[{"embeddable":true,"href":"https:\/\/www.sisinternational.com\/fr\/wp-json\/wp\/v2\/pages\/14508"}],"wp:featuredmedia":[{"embeddable":true,"href":"https:\/\/www.sisinternational.com\/fr\/wp-json\/wp\/v2\/media\/65765"}],"wp:attachment":[{"href":"https:\/\/www.sisinternational.com\/fr\/wp-json\/wp\/v2\/media?parent=42561"}],"curies":[{"name":"wp","href":"https:\/\/api.w.org\/{rel}","templated":true}]}}