{"id":42410,"date":"2023-04-16T14:54:54","date_gmt":"2023-04-16T18:54:54","guid":{"rendered":"https:\/\/www.sisinternational.com\/?page_id=42410"},"modified":"2026-01-24T20:50:50","modified_gmt":"2026-01-25T01:50:50","slug":"etude-de-marche-sur-les-refrigerateurs","status":"publish","type":"page","link":"https:\/\/www.sisinternational.com\/fr\/competence\/etude-de-marche-sur-les-refrigerateurs\/","title":{"rendered":"\u00c9tude de march\u00e9 sur les r\u00e9frig\u00e9rateurs"},"content":{"rendered":"<h1 class=\"wp-block-heading\">\u00c9tude de march\u00e9 sur les r\u00e9frig\u00e9rateurs<\/h1>\n\n\n\n<figure class=\"gb-block-image gb-block-image-714cf3a2\"><img loading=\"lazy\" decoding=\"async\" width=\"1456\" height=\"816\" class=\"gb-image gb-image-714cf3a2\" src=\"https:\/\/www.sisinternational.com\/wp-content\/uploads\/2025\/08\/Refrigarator-1.jpg\" alt=\"\u00c9tudes de march\u00e9 et strat\u00e9gie internationales SIS\" title=\"Refrigarator (1)\" srcset=\"https:\/\/www.sisinternational.com\/wp-content\/uploads\/2025\/08\/Refrigarator-1.jpg 1456w, https:\/\/www.sisinternational.com\/wp-content\/uploads\/2025\/08\/Refrigarator-1-300x168.jpg 300w, https:\/\/www.sisinternational.com\/wp-content\/uploads\/2025\/08\/Refrigarator-1-1024x574.jpg 1024w, https:\/\/www.sisinternational.com\/wp-content\/uploads\/2025\/08\/Refrigarator-1-768x430.jpg 768w, https:\/\/www.sisinternational.com\/wp-content\/uploads\/2025\/08\/Refrigarator-1-18x10.jpg 18w\" sizes=\"auto, (max-width: 1456px) 100vw, 1456px\"><\/figure>\n\n\n\n<p><\/p>\n\n\n\n<p>Le r\u00e9frig\u00e9rateur est en plein essor alors que la demande mondiale de r\u00e9frig\u00e9rateurs continue de cro\u00eetre. Ainsi, comprendre la dynamique et les tendances de ce march\u00e9 devient de plus en plus important \u2013 et les \u00e9tudes de march\u00e9 sur les r\u00e9frig\u00e9rateurs fournissent des informations inestimables aux entreprises, les aidant \u00e0 prendre des d\u00e9cisions \u00e9clair\u00e9es et \u00e0 d\u00e9velopper des strat\u00e9gies cibl\u00e9es pour r\u00e9ussir dans ce paysage concurrentiel.<\/p>\n\n\n\n<h2 class=\"wp-block-heading\">Qu\u2019est-ce qu\u2019une \u00e9tude de march\u00e9 sur les r\u00e9frig\u00e9rateurs ?<\/h2>\n\n\n\n<p>L\u2019\u00e9tude de march\u00e9 des r\u00e9frig\u00e9rateurs est le processus syst\u00e9matique d\u2019obtention, d\u2019\u00e9valuation et d\u2019interpr\u00e9tation de donn\u00e9es sp\u00e9cifiques sur l\u2019industrie des r\u00e9frig\u00e9rateurs. Il fournit des informations pr\u00e9cieuses aux entreprises, aux investisseurs et aux parties prenantes pour comprendre le paysage actuel du march\u00e9, identifier les tendances et les opportunit\u00e9s et pr\u00e9dire la croissance et les d\u00e9veloppements futurs.<\/p>\n\n\n\n<h3 class=\"wp-block-heading\">En r\u00e9alisant des \u00e9tudes de march\u00e9, les entreprises peuvent obtenir des informations pr\u00e9cieuses sur divers aspects tels que\u00a0:<\/h3>\n\n\n\n<ul class=\"wp-block-list\">\n<li><strong>Potentiel de croissance du march\u00e9\u00a0:<\/strong> Comprenant la croissance potentielle des diff\u00e9rents segments du march\u00e9 des r\u00e9frig\u00e9rateurs, il est essentiel pour les entreprises cherchant \u00e0 d\u00e9velopper leurs op\u00e9rations.<\/li>\n\n\n\n<li><strong>Key <\/strong><a href=\"https:\/\/www.sisinternational.com\/fr\/competence\/recherche-personnalisee-principale-2\/\" title=\"\u00c9tude de march\u00e9 primaire\"  data-wpil-monitor-id=\"9346\">market segments: Identify the primary<\/a> segments within the refrigerator market such as residential, commercial, and specialty refrigerators, and analyze their performance and market share.<\/li>\n\n\n\n<li><strong>Tendances et facteurs d\u00e9terminants\u00a0:<\/strong> Analysez les facteurs qui stimulent la croissance du march\u00e9 des r\u00e9frig\u00e9rateurs, notamment les progr\u00e8s technologiques, l\u2019\u00e9volution des pr\u00e9f\u00e9rences des consommateurs, les pr\u00e9occupations en mati\u00e8re d\u2019efficacit\u00e9 \u00e9nerg\u00e9tique et l\u2019adoption croissante du commerce \u00e9lectronique.<\/li>\n\n\n\n<li><strong>D\u00e9fis et contraintes du march\u00e9\u00a0:<\/strong> Identifiez les d\u00e9fis et les obstacles potentiels \u00e0 la croissance sur le march\u00e9 des r\u00e9frig\u00e9rateurs, tels qu\u2019une concurrence intense, la fluctuation des prix des mati\u00e8res premi\u00e8res et les r\u00e9glementations gouvernementales.<\/li>\n\n\n\n<li><strong>Paysage concurrentiel\u00a0:<\/strong> \u00c9valuez les principaux acteurs du march\u00e9 des r\u00e9frig\u00e9rateurs, leur part de march\u00e9 et leur positionnement, ainsi que les strat\u00e9gies qu\u2019ils emploient pour maintenir leur avantage concurrentiel.<\/li>\n\n\n\n<li><strong>Opportunit\u00e9s de croissance:<\/strong> Evaluate potential growth opportunities and innovations in the refrigerator <a href=\"https:\/\/www.sisinternational.com\/fr\/competence\/les-industries\/etude-de-marche-sur-le-design-industriel\/\" title=\"\u00c9tude de march\u00e9 sur le design industriel\"  data-wpil-monitor-id=\"9347\">market such as new designs<\/a>, technologies, and applications, as well as emerging markets with untapped potential.<\/li>\n<\/ul>\n\n\n\n<h2 class=\"wp-block-heading\">Importance de l\u2019\u00e9tude de march\u00e9 sur les r\u00e9frig\u00e9rateurs<\/h2>\n\n\n\n<figure class=\"gb-block-image gb-block-image-a7d9b076\"><img loading=\"lazy\" decoding=\"async\" width=\"1456\" height=\"816\" class=\"gb-image gb-image-a7d9b076\" src=\"https:\/\/www.sisinternational.com\/wp-content\/uploads\/2025\/08\/Refrigarator-3.jpg\" alt=\"\u00c9tudes de march\u00e9 et strat\u00e9gie internationales SIS\" title=\"Refrigarator (3)\" srcset=\"https:\/\/www.sisinternational.com\/wp-content\/uploads\/2025\/08\/Refrigarator-3.jpg 1456w, https:\/\/www.sisinternational.com\/wp-content\/uploads\/2025\/08\/Refrigarator-3-300x168.jpg 300w, https:\/\/www.sisinternational.com\/wp-content\/uploads\/2025\/08\/Refrigarator-3-1024x574.jpg 1024w, https:\/\/www.sisinternational.com\/wp-content\/uploads\/2025\/08\/Refrigarator-3-768x430.jpg 768w, https:\/\/www.sisinternational.com\/wp-content\/uploads\/2025\/08\/Refrigarator-3-18x10.jpg 18w\" sizes=\"auto, (max-width: 1456px) 100vw, 1456px\"><\/figure>\n\n\n\n<p><\/p>\n\n\n\n<p>En menant une \u00e9tude approfondie du march\u00e9 des r\u00e9frig\u00e9rateurs, les entreprises peuvent acqu\u00e9rir une compr\u00e9hension plus approfondie du march\u00e9 et prendre des d\u00e9cisions fond\u00e9es sur les donn\u00e9es pour assurer leur succ\u00e8s. Certains des principaux avantages de l\u2019\u00e9tude de march\u00e9 sur les r\u00e9frig\u00e9rateurs comprennent\u00a0:<\/p>\n\n\n\n<ul class=\"wp-block-list\">\n<li><strong>Identifier les tendances et opportunit\u00e9s du march\u00e9 :<\/strong> Les \u00e9tudes de march\u00e9 sur les r\u00e9frig\u00e9rateurs permettent aux entreprises de se tenir au courant des derni\u00e8res tendances, technologies et pr\u00e9f\u00e9rences des consommateurs, leur permettant ainsi de s&#039;adapter et d&#039;innover en cons\u00e9quence. Ces connaissances aident les parties prenantes \u00e0 identifier les opportunit\u00e9s potentielles de croissance et d\u2019expansion au sein du march\u00e9.<\/li>\n\n\n\n<li><strong>Comprendre les d\u00e9fis et les risques du march\u00e9\u00a0:<\/strong> Une analyse compl\u00e8te du march\u00e9 aide les entreprises \u00e0 identifier les d\u00e9fis et les risques potentiels tels qu&#039;une concurrence intense, la fluctuation des prix des mati\u00e8res premi\u00e8res et des r\u00e9glementations gouvernementales strictes.<\/li>\n\n\n\n<li><strong>Guider le d\u00e9veloppement et l\u2019innovation des produits\u00a0:<\/strong> Les \u00e9tudes de march\u00e9 sur les r\u00e9frig\u00e9rateurs fournissent des informations pr\u00e9cieuses sur les besoins et les pr\u00e9f\u00e9rences des consommateurs, permettant aux entreprises de d\u00e9velopper des produits qui r\u00e9pondent aux demandes en constante \u00e9volution du march\u00e9. Cela peut conduire \u00e0 la cr\u00e9ation de produits innovants qui distinguent les entreprises de leurs concurrents et stimulent la croissance.<\/li>\n\n\n\n<li><strong>Construire des strat\u00e9gies de vente\u00a0:<\/strong> By understanding the competitive landscape, businesses can develop targeted <a href=\"https:\/\/www.sisinternational.com\/fr\/solutions\/conseil-en-strategie\/conseil-en-strategie-detude-de-marche-sur-laide-a-la-vente\/\" title=\"Etude de march\u00e9 et conseil en strat\u00e9gie sur l&#039;aide \u00e0 la vente\"  data-wpil-monitor-id=\"9344\">marketing and sales strategies<\/a> to reach their desired customer base. Refrigerator market research can provide insights into the most effective promotional channels, pricing strategies, and <a href=\"https:\/\/www.sisinternational.com\/fr\/etude-de-marche-sur-le-positionnement-des-produits-b2b\/\" title=\"\u00c9tude de march\u00e9 sur le positionnement des produits B2B\"  data-wpil-monitor-id=\"9342\">product positioning to maximize sales and market<\/a> share.<\/li>\n\n\n\n<li><strong>Accompagner les d\u00e9cisions d\u2019investissement :<\/strong> Les investisseurs et les parties prenantes peuvent utiliser les \u00e9tudes de march\u00e9 sur les r\u00e9frig\u00e9rateurs pour identifier les opportunit\u00e9s d\u2019investissement potentielles et \u00e9valuer la viabilit\u00e9 de ces opportunit\u00e9s. Ces informations peuvent guider les d\u00e9cisions d\u2019investissement, contribuant ainsi \u00e0 minimiser les risques et \u00e0 optimiser les rendements.<\/li>\n\n\n\n<li><strong>Faciliter l\u2019entr\u00e9e et l\u2019expansion du march\u00e9\u00a0:<\/strong> Pour les entreprises qui cherchent \u00e0 p\u00e9n\u00e9trer de nouveaux march\u00e9s ou \u00e0 \u00e9tendre leur pr\u00e9sence sur les march\u00e9s existants, les \u00e9tudes de march\u00e9 sur les r\u00e9frig\u00e9rateurs peuvent fournir des informations pr\u00e9cieuses sur les conditions du march\u00e9 local, les pr\u00e9f\u00e9rences des consommateurs et le paysage concurrentiel.<\/li>\n<\/ul>\n\n\n\n<h2 class=\"wp-block-heading\">Tendances et moteurs du march\u00e9 des r\u00e9frig\u00e9rateurs<\/h2>\n\n\n\n<ul class=\"wp-block-list\">\n<li>Les pr\u00e9occupations croissantes concernant la consommation d\u2019\u00e9nergie, l\u2019impact environnemental et la hausse des co\u00fbts de l\u2019\u00e9nergie ont conduit \u00e0 une demande accrue de r\u00e9frig\u00e9rateurs \u00e9conomes en \u00e9nergie et durables. Les fabricants se concentrent sur le d\u00e9veloppement de r\u00e9frig\u00e9rateurs dot\u00e9s d&#039;une isolation am\u00e9lior\u00e9e, de technologies de refroidissement avanc\u00e9es et de l&#039;utilisation de r\u00e9frig\u00e9rants respectueux de l&#039;environnement pour r\u00e9duire la consommation d&#039;\u00e9nergie et minimiser l&#039;impact environnemental.<\/li>\n\n\n\n<li>Avec l\u2019urbanisation et la diminution des espaces de vie, il existe une demande croissante de r\u00e9frig\u00e9rateurs compacts et peu encombrants. Les fabricants r\u00e9pondent \u00e0 cette tendance en d\u00e9veloppant des conceptions innovantes qui optimisent l&#039;utilisation de l&#039;espace sans compromettre la fonctionnalit\u00e9 ou les performances.<\/li>\n\n\n\n<li>The growth of e-commerce and the shift towards online shopping have influenced the refrigerator <a href=\"https:\/\/www.sisinternational.com\/fr\/global-beverage-market\/\" title=\"Global Beverage Market: Market Dynamics, Growth Projections &amp; Consumer Insights\"  data-wpil-monitor-id=\"9345\">market with more consumers<\/a> purchasing appliances online.<\/li>\n\n\n\n<li>Les technologies d\u2019intelligence artificielle (IA) et d\u2019apprentissage automatique (ML) sont de plus en plus utilis\u00e9es dans le d\u00e9veloppement de r\u00e9frig\u00e9rateurs. Ces technologies permettent des fonctionnalit\u00e9s avanc\u00e9es telles que la maintenance pr\u00e9dictive, le contr\u00f4le automatis\u00e9 de la temp\u00e9rature et la commande vocale, offrant aux consommateurs une exp\u00e9rience utilisateur plus intuitive et transparente.<\/li>\n<\/ul>\n\n\n\n<h2 class=\"wp-block-heading\">Opportunit\u00e9s<\/h2>\n\n\n\n<p>En tirant parti des informations issues des \u00e9tudes de march\u00e9 sur les r\u00e9frig\u00e9rateurs, les entreprises peuvent identifier les domaines de croissance potentiels et capitaliser sur les tendances \u00e9mergentes. Certaines des opportunit\u00e9s les plus importantes identifi\u00e9es gr\u00e2ce aux \u00e9tudes de march\u00e9 sur les r\u00e9frig\u00e9rateurs comprennent\u00a0:<\/p>\n\n\n\n<ul class=\"wp-block-list\">\n<li><strong>R\u00e9frig\u00e9rateurs \u00e9cologiques :<\/strong> Avec les pr\u00e9occupations croissantes concernant la consommation d\u2019\u00e9nergie et l\u2019impact environnemental, il existe une demande croissante de r\u00e9frig\u00e9rateurs \u00e9conomes en \u00e9nergie et respectueux de l\u2019environnement. Cela repr\u00e9sente une opportunit\u00e9 pour les entreprises de d\u00e9velopper et de promouvoir des r\u00e9frig\u00e9rateurs \u00e0 faible consommation d&#039;\u00e9nergie, des r\u00e9frig\u00e9rants respectueux de l&#039;environnement et des mat\u00e9riaux recyclables.<\/li>\n\n\n\n<li><strong>R\u00e9frig\u00e9rateurs intelligents et connect\u00e9s :<\/strong> Integrating IoT and smart technology into <a href=\"https:\/\/www.sisinternational.com\/fr\/competence\/les-industries\/etude-de-marche-sur-lelectromenager\/\" title=\"\u00c9tude de march\u00e9 sur les appareils \u00e9lectrom\u00e9nagers\"  data-wpil-monitor-id=\"9343\">home appliances<\/a> is a significant trend in the market. Businesses can capitalize on this opportunity by developing smart refrigerators that offer features such as remote monitoring, temperature control, inventory management, and automated grocery ordering.<\/li>\n\n\n\n<li><strong>Personnalisation\u00a0:<\/strong> As <a href=\"https:\/\/www.sisinternational.com\/fr\/solutions\/test-de-gout\/test-de-produits-de-consommation-a-new-york\/\" title=\"Tests de produits de consommation \u00e0 New York\"  data-wpil-monitor-id=\"9341\">consumers increasingly seek unique and personalized products<\/a>, there is an opportunity for businesses to offer customizable refrigerators that fulfill individual preferences in terms of design, color, size, and features.<\/li>\n\n\n\n<li><strong>Expansion into <\/strong><a href=\"https:\/\/www.sisinternational.com\/fr\/economie-estonienne\/\" title=\"\u00c9tude de march\u00e9 \u00e9conomique en Estonie\"  data-wpil-monitor-id=\"2942\">emerging markets: Refrigerator market research<\/a> can help businesses identify untapped markets with strong growth potentials such as developing countries in Asia, Africa, and South America.<\/li>\n<\/ul>\n\n\n\n<h2 class=\"wp-block-heading\">D\u00e9fis<\/h2>\n\n\n\n<figure class=\"gb-block-image gb-block-image-9617f72f\"><img loading=\"lazy\" decoding=\"async\" width=\"1456\" height=\"816\" class=\"gb-image gb-image-9617f72f\" src=\"https:\/\/www.sisinternational.com\/wp-content\/uploads\/2025\/08\/Refrigarator-2.jpg\" alt=\"\u00c9tudes de march\u00e9 et strat\u00e9gie internationales SIS\" title=\"Refrigarator (2)\" srcset=\"https:\/\/www.sisinternational.com\/wp-content\/uploads\/2025\/08\/Refrigarator-2.jpg 1456w, https:\/\/www.sisinternational.com\/wp-content\/uploads\/2025\/08\/Refrigarator-2-300x168.jpg 300w, https:\/\/www.sisinternational.com\/wp-content\/uploads\/2025\/08\/Refrigarator-2-1024x574.jpg 1024w, https:\/\/www.sisinternational.com\/wp-content\/uploads\/2025\/08\/Refrigarator-2-768x430.jpg 768w, https:\/\/www.sisinternational.com\/wp-content\/uploads\/2025\/08\/Refrigarator-2-18x10.jpg 18w\" sizes=\"auto, (max-width: 1456px) 100vw, 1456px\"><\/figure>\n\n\n\n<p><\/p>\n\n\n\n<p>Si les \u00e9tudes de march\u00e9 sur les r\u00e9frig\u00e9rateurs fournissent des informations et des opportunit\u00e9s pr\u00e9cieuses aux entreprises, elles comportent \u00e9galement leur propre ensemble de d\u00e9fis. Certains des principaux d\u00e9fis associ\u00e9s aux \u00e9tudes de march\u00e9 sur les r\u00e9frig\u00e9rateurs sont\u00a0:<\/p>\n\n\n\n<ul class=\"wp-block-list\">\n<li><strong>Conditions de march\u00e9 dynamiques\u00a0:<\/strong> The refrigerator <a href=\"https:\/\/www.sisinternational.com\/fr\/competence\/les-industries\/etude-de-marche-sur-la-technologie-des-boissons-alimentaires\/\" title=\"\u00c9tude de march\u00e9 sur la technologie des aliments et des boissons | Technologie alimentaire\"  data-wpil-monitor-id=\"9348\">market is constantly evolving due to technological<\/a> advancements, changing consumer preferences, and global economic factors. This makes it challenging for businesses to keep up with the latest trends and developments and maintain an up-to-date understanding of the market landscape.<\/li>\n\n\n\n<li><strong>Segmentation complexe du march\u00e9\u00a0:<\/strong> Le march\u00e9 des r\u00e9frig\u00e9rateurs se compose de divers segments tels que les r\u00e9frig\u00e9rateurs r\u00e9sidentiels, commerciaux et sp\u00e9cialis\u00e9s, chacun avec son propre ensemble de tendances, de moteurs et de d\u00e9fis. Comprendre la dynamique de chaque segment et leurs interactions peut \u00eatre une t\u00e2che complexe, n\u00e9cessitant une analyse et une expertise approfondies.<\/li>\n\n\n\n<li><strong>Diff\u00e9rences culturelles et r\u00e9gionales :<\/strong> Les \u00e9tudes de march\u00e9 sur les r\u00e9frig\u00e9rateurs impliquent souvent d\u2019analyser les march\u00e9s dans diff\u00e9rentes r\u00e9gions et cultures. Cela n\u00e9cessite une compr\u00e9hension des pr\u00e9f\u00e9rences des consommateurs locaux, de la dynamique du march\u00e9 et des cadres r\u00e9glementaires, ce qui peut \u00eatre difficile \u00e0 obtenir et \u00e0 interpr\u00e9ter.<\/li>\n\n\n\n<li><strong>Des avanc\u00e9es technologiques rapides\u00a0:<\/strong> L\u2019\u00e9volution rapide des progr\u00e8s technologiques dans l\u2019industrie du r\u00e9frig\u00e9rateur peut rendre difficile pour les entreprises de garder une longueur d\u2019avance et d\u2019adapter leurs strat\u00e9gies en cons\u00e9quence. Cela n\u00e9cessite une surveillance continue des derni\u00e8res innovations et de leur impact potentiel sur le march\u00e9.<\/li>\n<\/ul>\n\n\n\n<p>SIS International propose des recherches quantitatives, qualitatives et strat\u00e9giques. Nous fournissons des donn\u00e9es, des outils, des strat\u00e9gies, des rapports et des informations pour la prise de d\u00e9cision. Nous menons des entretiens, des enqu\u00eates, des groupes de discussion et de nombreuses autres m\u00e9thodes et approches d&#039;\u00e9tudes de march\u00e9. Contactez-nous pour votre prochain projet d&#039;\u00e9tude de march\u00e9.<\/p>\n\n\n\n<p><\/p>","protected":false},"excerpt":{"rendered":"<p>Les fabricants se concentrent sur le d\u00e9veloppement de r\u00e9frig\u00e9rateurs \u00e9cologiques dot\u00e9s d\u2019une isolation am\u00e9lior\u00e9e et de technologies de refroidissement avanc\u00e9es.<\/p>","protected":false},"author":1,"featured_media":64857,"parent":14514,"menu_order":266,"comment_status":"closed","ping_status":"closed","template":"","meta":{"footnotes":""},"class_list":["post-42410","page","type-page","status-publish","has-post-thumbnail"],"_links":{"self":[{"href":"https:\/\/www.sisinternational.com\/fr\/wp-json\/wp\/v2\/pages\/42410","targetHints":{"allow":["GET"]}}],"collection":[{"href":"https:\/\/www.sisinternational.com\/fr\/wp-json\/wp\/v2\/pages"}],"about":[{"href":"https:\/\/www.sisinternational.com\/fr\/wp-json\/wp\/v2\/types\/page"}],"author":[{"embeddable":true,"href":"https:\/\/www.sisinternational.com\/fr\/wp-json\/wp\/v2\/users\/1"}],"replies":[{"embeddable":true,"href":"https:\/\/www.sisinternational.com\/fr\/wp-json\/wp\/v2\/comments?post=42410"}],"version-history":[{"count":5,"href":"https:\/\/www.sisinternational.com\/fr\/wp-json\/wp\/v2\/pages\/42410\/revisions"}],"predecessor-version":[{"id":81562,"href":"https:\/\/www.sisinternational.com\/fr\/wp-json\/wp\/v2\/pages\/42410\/revisions\/81562"}],"up":[{"embeddable":true,"href":"https:\/\/www.sisinternational.com\/fr\/wp-json\/wp\/v2\/pages\/14514"}],"wp:featuredmedia":[{"embeddable":true,"href":"https:\/\/www.sisinternational.com\/fr\/wp-json\/wp\/v2\/media\/64857"}],"wp:attachment":[{"href":"https:\/\/www.sisinternational.com\/fr\/wp-json\/wp\/v2\/media?parent=42410"}],"curies":[{"name":"wp","href":"https:\/\/api.w.org\/{rel}","templated":true}]}}