{"id":42406,"date":"2023-04-16T14:33:23","date_gmt":"2023-04-16T18:33:23","guid":{"rendered":"https:\/\/www.sisinternational.com\/?page_id=42406"},"modified":"2026-01-26T14:31:14","modified_gmt":"2026-01-26T19:31:14","slug":"etude-de-marche-sur-lazote","status":"publish","type":"page","link":"https:\/\/www.sisinternational.com\/fr\/competence\/etude-de-marche-sur-lazote\/","title":{"rendered":"\u00c9tude de march\u00e9 sur l\u2019azote"},"content":{"rendered":"<h1 class=\"wp-block-heading\">\u00c9tude de march\u00e9 sur l\u2019azote<\/h1>\n\n\n\n<figure class=\"gb-block-image gb-block-image-ee5e0d34\"><img loading=\"lazy\" decoding=\"async\" width=\"1456\" height=\"816\" class=\"gb-image gb-image-ee5e0d34\" src=\"https:\/\/www.sisinternational.com\/wp-content\/uploads\/2025\/08\/Hydrogen-nitrogen-1.jpg\" alt=\"\u00c9tudes de march\u00e9 et strat\u00e9gie internationales SIS\" title=\"Hydrogen nitrogen (1)\" srcset=\"https:\/\/www.sisinternational.com\/wp-content\/uploads\/2025\/08\/Hydrogen-nitrogen-1.jpg 1456w, https:\/\/www.sisinternational.com\/wp-content\/uploads\/2025\/08\/Hydrogen-nitrogen-1-300x168.jpg 300w, https:\/\/www.sisinternational.com\/wp-content\/uploads\/2025\/08\/Hydrogen-nitrogen-1-1024x574.jpg 1024w, https:\/\/www.sisinternational.com\/wp-content\/uploads\/2025\/08\/Hydrogen-nitrogen-1-768x430.jpg 768w, https:\/\/www.sisinternational.com\/wp-content\/uploads\/2025\/08\/Hydrogen-nitrogen-1-18x10.jpg 18w\" sizes=\"auto, (max-width: 1456px) 100vw, 1456px\"><\/figure>\n\n\n\n<p><\/p>\n\n\n\n<p>En tant qu&#039;\u00e9l\u00e9ment essentiel, l&#039;azote est largement utilis\u00e9 dans l&#039;agriculture, les processus industriels et l&#039;industrie agroalimentaire, entre autres. Comme il est fondamental pour la production dans plusieurs industries, les informations tir\u00e9es des \u00e9tudes de march\u00e9 sur l\u2019azote permettent aux acteurs de l\u2019industrie de prendre des d\u00e9cisions \u00e9clair\u00e9es, d\u2019identifier les opportunit\u00e9s de croissance et de relever les d\u00e9fis de ce march\u00e9 en constante \u00e9volution.<\/p>\n\n\n\n<h2 class=\"wp-block-heading\">Qu\u2019est-ce qu\u2019une \u00e9tude de march\u00e9 sur l\u2019azote ?<\/h2>\n\n\n\n<p>L\u2019\u00e9tude de march\u00e9 sur l\u2019azote consiste \u00e0 collecter syst\u00e9matiquement des donn\u00e9es, \u00e0 les analyser et \u00e0 fournir des conclusions sur les tendances, les d\u00e9fis et les opportunit\u00e9s du march\u00e9.<\/p>\n\n\n\n<p>Cette recherche est d&#039;une importance capitale pour les entreprises car elle fournit des informations et des donn\u00e9es pr\u00e9cieuses pour optimiser les op\u00e9rations et capitaliser sur les opportunit\u00e9s de croissance. En analysant le march\u00e9 de l&#039;azote, les parties prenantes peuvent mieux comprendre la dynamique, les d\u00e9fis et les tendances du secteur, obtenant ainsi un avantage concurrentiel.<\/p>\n\n\n\n<h3 class=\"wp-block-heading\">Il couvre divers aspects du march\u00e9 de l\u2019azote, notamment\u00a0:<\/h3>\n\n\n\n<ul class=\"wp-block-list\">\n<li><strong>Taux de croissance du march\u00e9\u00a0:<\/strong> Il permet d\u2019estimer la taille du march\u00e9 mondial et le potentiel de croissance du march\u00e9.<\/li>\n\n\n\n<li>Prominent producers and consumers: Identifying the top producers and consumers of nitrogen provides key <a href=\"https:\/\/www.sisinternational.com\/fr\/how-to-conduct-in-depth-interviews-for-market-insights\/\" title=\"Comment mener des entretiens approfondis pour obtenir des informations sur le march\u00e9\"  data-wpil-monitor-id=\"9835\">insights into the market&#8217;s<\/a> supply and demand dynamics, highlighting potential areas for expansion or investment.<\/li>\n\n\n\n<li><strong>Domaines d&#039;application cl\u00e9s\u00a0:<\/strong> Examiner les principales industries et applications o\u00f9 l&#039;azote est utilis\u00e9, telles que l&#039;agriculture, les processus industriels et la conservation des aliments. Il aide les parties prenantes \u00e0 comprendre les facteurs qui d\u00e9terminent la demande et \u00e0 explorer de nouvelles applications.<\/li>\n\n\n\n<li><strong>Tendances du march\u00e9\u00a0:<\/strong> L&#039;analyse des derni\u00e8res tendances du march\u00e9 de l&#039;azote, telles que les progr\u00e8s technologiques, les industries \u00e9mergentes et les efforts de d\u00e9veloppement durable, permet aux parties prenantes de garder une longueur d&#039;avance sur la concurrence et de s&#039;adapter \u00e0 l&#039;\u00e9volution du paysage commercial.<\/li>\n\n\n\n<li><strong>Les d\u00e9fis du march\u00e9\u00a0:<\/strong> L&#039;identification des principaux d\u00e9fis auxquels l&#039;industrie est confront\u00e9e aide les parties prenantes \u00e0 \u00e9laborer des strat\u00e9gies pour att\u00e9nuer les risques et surmonter ces d\u00e9fis.<\/li>\n\n\n\n<li><strong>Paysage concurrentiel\u00a0:<\/strong> L&#039;analyse du paysage concurrentiel, y compris les principaux acteurs du march\u00e9, leurs strat\u00e9gies et les d\u00e9veloppements r\u00e9cents, permet aux parties prenantes d&#039;\u00e9laborer des strat\u00e9gies concurrentielles et de conserver un avantage sur le march\u00e9.<\/li>\n<\/ul>\n\n\n\n<h2 class=\"wp-block-heading\">Tendances du march\u00e9 des \u00e9tudes de march\u00e9 sur l\u2019azote<\/h2>\n\n\n\n<figure class=\"gb-block-image gb-block-image-fdf6de3a\"><img loading=\"lazy\" decoding=\"async\" width=\"1456\" height=\"816\" class=\"gb-image gb-image-fdf6de3a\" src=\"https:\/\/www.sisinternational.com\/wp-content\/uploads\/2025\/08\/Hydrogen-nitrogen-2.jpg\" alt=\"\u00c9tudes de march\u00e9 et strat\u00e9gie internationales SIS\" title=\"Hydrogen nitrogen (2)\" srcset=\"https:\/\/www.sisinternational.com\/wp-content\/uploads\/2025\/08\/Hydrogen-nitrogen-2.jpg 1456w, https:\/\/www.sisinternational.com\/wp-content\/uploads\/2025\/08\/Hydrogen-nitrogen-2-300x168.jpg 300w, https:\/\/www.sisinternational.com\/wp-content\/uploads\/2025\/08\/Hydrogen-nitrogen-2-1024x574.jpg 1024w, https:\/\/www.sisinternational.com\/wp-content\/uploads\/2025\/08\/Hydrogen-nitrogen-2-768x430.jpg 768w, https:\/\/www.sisinternational.com\/wp-content\/uploads\/2025\/08\/Hydrogen-nitrogen-2-18x10.jpg 18w\" sizes=\"auto, (max-width: 1456px) 100vw, 1456px\"><\/figure>\n\n\n\n<ul class=\"wp-block-list\">\n<li>\u00c0 mesure que les pr\u00e9occupations environnementales deviennent de plus en plus importantes, les \u00e9tudes de march\u00e9 sur l\u2019azote r\u00e9v\u00e8lent une tendance croissante \u00e0 l\u2019adoption de solutions durables et \u00e9conomes en \u00e9nergie pour la production et l\u2019utilisation de l\u2019azote.<\/li>\n\n\n\n<li>Les \u00e9tudes de march\u00e9 sur l\u2019azote mettent en \u00e9vidence l\u2019influence des politiques et r\u00e9glementations gouvernementales sur le paysage du march\u00e9. Celles-ci peuvent inclure des incitations en faveur de m\u00e9thodes de production durables, des restrictions sur l&#039;utilisation de certains produits chimiques ou proc\u00e9d\u00e9s et des objectifs de r\u00e9duction des \u00e9missions. De nos jours, rester inform\u00e9 de ces politiques et s\u2019adapter en cons\u00e9quence est crucial pour que les entreprises puissent prosp\u00e9rer sur le march\u00e9 de l\u2019azote.<\/li>\n\n\n\n<li>Les \u00e9tudes de march\u00e9 sur l\u2019azote mettent en \u00e9vidence la tendance croissante \u00e0 utiliser des engrais \u00e0 base d\u2019azote dans l\u2019agriculture de pr\u00e9cision. Cette approche implique l&#039;application cibl\u00e9e d&#039;engrais pour am\u00e9liorer les rendements des cultures tout en minimisant l&#039;impact environnemental, conduisant \u00e0 des pratiques agricoles plus durables.<\/li>\n\n\n\n<li>The use of nitrogen in the <a href=\"https:\/\/www.sisinternational.com\/fr\/solutions\/etude-de-marche-sur-lindustrie-des-boissons-alimentaires\/\" title=\"\u00c9tude de march\u00e9 de l&#039;industrie alimentaire et des boissons\"  data-wpil-monitor-id=\"9834\">food and beverage industry<\/a> is growing, particularly in food packaging and preservation applications.<\/li>\n<\/ul>\n\n\n\n<h2 class=\"wp-block-heading\">Opportunit\u00e9s de march\u00e9<\/h2>\n\n\n\n<p>Les \u00e9tudes de march\u00e9 sur l\u2019azote jouent un r\u00f4le d\u00e9terminant dans l\u2019identification des opportunit\u00e9s de march\u00e9 potentielles que les acteurs de l\u2019industrie peuvent exploiter pour leur croissance et leur expansion. Ces opportunit\u00e9s d\u00e9coulent des tendances \u00e9mergentes, des progr\u00e8s technologiques et de l\u2019\u00e9volution de la dynamique de l\u2019industrie. Certaines opportunit\u00e9s de march\u00e9 cl\u00e9s r\u00e9v\u00e9l\u00e9es par les \u00e9tudes de march\u00e9 sur l\u2019azote sont les suivantes\u00a0:<\/p>\n\n\n\n<ul class=\"wp-block-list\">\n<li>Recyclage de l&#039;azote : \u00e0 mesure que les pr\u00e9occupations environnementales prennent de l&#039;importance, il existe une demande croissante de solutions durables dans l&#039;industrie de l&#039;azote. Une \u00e9tude de march\u00e9 sur l\u2019azote souligne que la possibilit\u00e9 de d\u00e9velopper des technologies efficaces de r\u00e9cup\u00e9ration et de recyclage de l\u2019azote peut minimiser la consommation de ressources, r\u00e9duire les d\u00e9chets et r\u00e9duire l\u2019impact environnemental.<\/li>\n\n\n\n<li>Exploration de m\u00e9thodes de production alternatives : Une \u00e9tude de march\u00e9 sur l\u2019azote r\u00e9v\u00e8le le potentiel d\u2019exploration de sources alternatives et de m\u00e9thodes de production innovantes pour r\u00e9pondre \u00e0 la demande croissante d\u2019azote.<\/li>\n\n\n\n<li>Applications potentielles dans de nouvelles industries\u00a0: \u00e0 mesure que les industries \u00e9voluent et que de nouveaux secteurs \u00e9mergent, les \u00e9tudes de march\u00e9 sur l&#039;azote montrent le potentiel d&#039;expansion de l&#039;utilisation de l&#039;azote dans de nouvelles industries et applications. Cela peut inclure des domaines tels que le stockage des \u00e9nergies renouvelables, les mat\u00e9riaux avanc\u00e9s et la biotechnologie.<\/li>\n\n\n\n<li>Expanding into emerging markets: Nitrogen <a href=\"https:\/\/www.sisinternational.com\/fr\/economie-estonienne\/\" title=\"\u00c9tude de march\u00e9 \u00e9conomique en Estonie\"  data-wpil-monitor-id=\"2946\">market research identifies emerging<\/a> markets with high growth potential, which can present significant opportunities for industry stakeholders. By expanding into these markets, businesses can tap into new customer bases and diversify their revenue streams.<\/li>\n<\/ul>\n\n\n\n<h2 class=\"wp-block-heading\">D\u00e9fis<\/h2>\n\n\n\n<p>Les \u00e9tudes de march\u00e9 sur l\u2019azote sont essentielles pour identifier et comprendre les d\u00e9fis auxquels sont confront\u00e9s les acteurs de l\u2019industrie. En \u00e9tant conscientes de ces d\u00e9fis, les parties prenantes peuvent \u00e9laborer des strat\u00e9gies pour att\u00e9nuer les risques et surmonter les obstacles. Certains d\u00e9fis du march\u00e9 r\u00e9v\u00e9l\u00e9s sont les suivants\u00a0:<\/p>\n\n\n\n<ul class=\"wp-block-list\">\n<li><strong>Volatility in raw <\/strong><a href=\"https:\/\/www.sisinternational.com\/fr\/competence\/les-industries\/etude-de-marche-sur-la-manutention-des-materiaux\/\" title=\"\u00c9tude de march\u00e9 sur la manutention des mat\u00e9riaux\"  data-wpil-monitor-id=\"6044\">material prices: Nitrogen market research<\/a> reveals that the challenge of fluctuating raw material prices can impact the cost of production and the overall profitability of businesses in the nitrogen industry. This volatility may result from changes in global economic conditions, supply chain disruptions, or geopolitical factors.<\/li>\n\n\n\n<li><strong>Pr\u00e9occupations environnementales et nouvelles r\u00e9glementations :<\/strong> L\u2019industrie de l\u2019azote fait l\u2019objet d\u2019une surveillance croissante en raison de l\u2019impact environnemental de la production et de la consommation. Les \u00e9tudes de march\u00e9 sur l&#039;azote soulignent le d\u00e9fi que repr\u00e9sente le respect de r\u00e9glementations environnementales strictes, ce qui peut entra\u00eener une augmentation des co\u00fbts op\u00e9rationnels et des sanctions potentielles en cas de non-conformit\u00e9.<\/li>\n\n\n\n<li><strong>Les co\u00fbts de transport:<\/strong> La production et le transport de l\u2019azote peuvent \u00eatre gourmands en \u00e9nergie et co\u00fbteux, ce qui pose un d\u00e9fi aux acteurs de l\u2019industrie. Les \u00e9tudes de march\u00e9 sur l\u2019azote indiquent que les entreprises doivent investir dans la recherche et le d\u00e9veloppement pour am\u00e9liorer les processus de production, r\u00e9duire la consommation d\u2019\u00e9nergie et optimiser la logistique de transport afin de relever ce d\u00e9fi.<\/li>\n\n\n\n<li><strong>Concurrence des produits et technologies alternatifs\u00a0:<\/strong> Les \u00e9tudes de march\u00e9 sur l\u2019azote identifient le d\u00e9fi de la concurrence des produits et technologies alternatifs qui peuvent potentiellement remplacer ou r\u00e9duire la demande en azote dans certaines applications.<\/li>\n<\/ul>\n\n\n\n<h2 class=\"wp-block-heading\">Perspectives des \u00e9tudes de march\u00e9 sur l\u2019azote<\/h2>\n\n\n\n<figure class=\"gb-block-image gb-block-image-9c14c858\"><img loading=\"lazy\" decoding=\"async\" width=\"1456\" height=\"816\" class=\"gb-image gb-image-9c14c858\" src=\"https:\/\/www.sisinternational.com\/wp-content\/uploads\/2025\/08\/Hydrogen-nitrogen-4.jpg\" alt=\"\u00c9tudes de march\u00e9 et strat\u00e9gie internationales SIS\" title=\"Hydrogen nitrogen (4)\" srcset=\"https:\/\/www.sisinternational.com\/wp-content\/uploads\/2025\/08\/Hydrogen-nitrogen-4.jpg 1456w, https:\/\/www.sisinternational.com\/wp-content\/uploads\/2025\/08\/Hydrogen-nitrogen-4-300x168.jpg 300w, https:\/\/www.sisinternational.com\/wp-content\/uploads\/2025\/08\/Hydrogen-nitrogen-4-1024x574.jpg 1024w, https:\/\/www.sisinternational.com\/wp-content\/uploads\/2025\/08\/Hydrogen-nitrogen-4-768x430.jpg 768w, https:\/\/www.sisinternational.com\/wp-content\/uploads\/2025\/08\/Hydrogen-nitrogen-4-18x10.jpg 18w\" sizes=\"auto, (max-width: 1456px) 100vw, 1456px\"><\/figure>\n\n\n\n<ul class=\"wp-block-list\">\n<li>As developing economies continue to grow and modernize their agricultural sectors, the demand for nitrogen-based fertilizers and other products will increase. <a href=\"https:\/\/www.sisinternational.com\/fr\/solutions\/conseil-en-strategie\/recherche-dopportunites-de-marche\/\" title=\"Recherche d&#039;opportunit\u00e9s de march\u00e9\"  data-wpil-monitor-id=\"9833\">Market research can help identify opportunities<\/a> in these regions, offering insights into local market dynamics, consumer preferences, and potential barriers to entry.<\/li>\n\n\n\n<li>Increasing demand for nitrogen in industries such as pharmaceuticals, electronics, and environmental remediation presents new growth opportunities. Market research will be essential in uncovering these applications and understanding their potential impact on the <a href=\"https:\/\/www.sisinternational.com\/fr\/transporteurs-low-cost-dans-lindustrie-aeronautique\/\" title=\"\u00c9tude de march\u00e9 sur les compagnies a\u00e9riennes \u00e0 bas prix\"  data-wpil-monitor-id=\"9828\">mondial<\/a> nitrogen market.<\/li>\n\n\n\n<li>The adoption of precision agriculture technologies such as advanced sensors, drones and GPS-enabled equipment, has been transforming the way farmers use fertilizers. Market research will need to keep pace with these <a href=\"https:\/\/www.sisinternational.com\/fr\/sis-lance-de-nouvelles-solutions-de-recherche-numerique\/\" title=\"SIS lance de nouvelles solutions de recherche num\u00e9rique\"  data-wpil-monitor-id=\"9829\">innovations<\/a>, assessing the impact of precision agriculture on nitrogen demand and identifying opportunities for new product development and tailored fertilizer solutions.<\/li>\n\n\n\n<li>Les pr\u00e9occupations croissantes concernant l\u2019impact environnemental des m\u00e9thodes traditionnelles de production d\u2019azote stimulent la demande d\u2019alternatives plus durables et plus \u00e9conomes en \u00e9nergie. Les \u00e9tudes de march\u00e9 joueront un r\u00f4le essentiel dans le suivi et la pr\u00e9vision de l\u2019adoption de ces technologies respectueuses de l\u2019environnement, en aidant les parties prenantes \u00e0 prendre des d\u00e9cisions \u00e9clair\u00e9es concernant l\u2019investissement dans de nouveaux processus et installations de production.<\/li>\n<\/ul>\n\n\n\n<p><a href=\"https:\/\/www.sisinternational.com\/fr\/sis-devoile-une-plateforme-de-science-des-donnees-et-danalyse-quantitative\/\" title=\"SIS d\u00e9voile sa plateforme de science des donn\u00e9es et d&#039;analyse quantitative\"  data-wpil-monitor-id=\"9830\">SIS International offers Quantitative<\/a>, Qualitative, and Strategy Research. We provide data, tools, strategies, reports and insights for decision-making. We conduct interviews, surveys, <a href=\"https:\/\/www.sisinternational.com\/fr\/solutions\/etude-de-marche-en-groupe-de-discussion\/\" title=\"\u00c9tude de march\u00e9 par groupe de discussion\"  data-wpil-monitor-id=\"9831\">focus groups and many other Market Research<\/a> methods and approaches. Contact us for your <a href=\"https:\/\/www.sisinternational.com\/fr\/competence\/les-industries\/etude-de-marche-sur-les-technologies-de-nouvelle-generation\/\" title=\"\u00c9tude de march\u00e9 sur les technologies de nouvelle g\u00e9n\u00e9ration\"  data-wpil-monitor-id=\"9832\">next Market Research<\/a> projet.<\/p>","protected":false},"excerpt":{"rendered":"<p>En tant qu&#039;\u00e9l\u00e9ment essentiel, l&#039;azote est largement utilis\u00e9 dans l&#039;agriculture, les processus industriels et l&#039;industrie agroalimentaire.<\/p>","protected":false},"author":1,"featured_media":64073,"parent":14514,"menu_order":265,"comment_status":"closed","ping_status":"closed","template":"","meta":{"footnotes":""},"class_list":["post-42406","page","type-page","status-publish","has-post-thumbnail"],"_links":{"self":[{"href":"https:\/\/www.sisinternational.com\/fr\/wp-json\/wp\/v2\/pages\/42406","targetHints":{"allow":["GET"]}}],"collection":[{"href":"https:\/\/www.sisinternational.com\/fr\/wp-json\/wp\/v2\/pages"}],"about":[{"href":"https:\/\/www.sisinternational.com\/fr\/wp-json\/wp\/v2\/types\/page"}],"author":[{"embeddable":true,"href":"https:\/\/www.sisinternational.com\/fr\/wp-json\/wp\/v2\/users\/1"}],"replies":[{"embeddable":true,"href":"https:\/\/www.sisinternational.com\/fr\/wp-json\/wp\/v2\/comments?post=42406"}],"version-history":[{"count":6,"href":"https:\/\/www.sisinternational.com\/fr\/wp-json\/wp\/v2\/pages\/42406\/revisions"}],"predecessor-version":[{"id":81633,"href":"https:\/\/www.sisinternational.com\/fr\/wp-json\/wp\/v2\/pages\/42406\/revisions\/81633"}],"up":[{"embeddable":true,"href":"https:\/\/www.sisinternational.com\/fr\/wp-json\/wp\/v2\/pages\/14514"}],"wp:featuredmedia":[{"embeddable":true,"href":"https:\/\/www.sisinternational.com\/fr\/wp-json\/wp\/v2\/media\/64073"}],"wp:attachment":[{"href":"https:\/\/www.sisinternational.com\/fr\/wp-json\/wp\/v2\/media?parent=42406"}],"curies":[{"name":"wp","href":"https:\/\/api.w.org\/{rel}","templated":true}]}}