{"id":42392,"date":"2023-04-15T11:01:28","date_gmt":"2023-04-15T15:01:28","guid":{"rendered":"https:\/\/www.sisinternational.com\/?page_id=42392"},"modified":"2026-01-27T16:48:51","modified_gmt":"2026-01-27T21:48:51","slug":"etude-de-marche-sur-lanalyse-meteorologique","status":"publish","type":"page","link":"https:\/\/www.sisinternational.com\/fr\/competence\/etude-de-marche-sur-lanalyse-meteorologique\/","title":{"rendered":"\u00c9tude de march\u00e9 sur l\u2019analyse m\u00e9t\u00e9orologique"},"content":{"rendered":"<h1 class=\"wp-block-heading\">\u00c9tude de march\u00e9 sur l\u2019analyse m\u00e9t\u00e9orologique<\/h1>\n\n\n\n<figure class=\"gb-block-image gb-block-image-16a7d038\"><img loading=\"lazy\" decoding=\"async\" width=\"1456\" height=\"816\" class=\"gb-image gb-image-16a7d038\" src=\"https:\/\/www.sisinternational.com\/wp-content\/uploads\/2025\/10\/Weather-analytics-2.jpg\" alt=\"\u00c9tudes de march\u00e9 et strat\u00e9gie internationales SIS\" title=\"Weather analytics (2)\" srcset=\"https:\/\/www.sisinternational.com\/wp-content\/uploads\/2025\/10\/Weather-analytics-2.jpg 1456w, https:\/\/www.sisinternational.com\/wp-content\/uploads\/2025\/10\/Weather-analytics-2-300x168.jpg 300w, https:\/\/www.sisinternational.com\/wp-content\/uploads\/2025\/10\/Weather-analytics-2-1024x574.jpg 1024w, https:\/\/www.sisinternational.com\/wp-content\/uploads\/2025\/10\/Weather-analytics-2-768x430.jpg 768w, https:\/\/www.sisinternational.com\/wp-content\/uploads\/2025\/10\/Weather-analytics-2-18x10.jpg 18w\" sizes=\"auto, (max-width: 1456px) 100vw, 1456px\"><\/figure>\n\n\n\n<p><\/p>\n\n\n\n<h3 class=\"wp-block-heading\">Au cours des derni\u00e8res ann\u00e9es, la demande d\u2019\u00e9tudes de march\u00e9 sur l\u2019analyse m\u00e9t\u00e9orologique a augment\u00e9 de fa\u00e7on exponentielle, parall\u00e8lement au sentiment d\u2019urgence croissant concernant le changement climatique. De la collecte \u00e0 l&#039;analyse et \u00e0 l&#039;interpr\u00e9tation de donn\u00e9es pertinentes, cette expertise aide les organisations \u00e0 prendre des d\u00e9cisions \u00e9clair\u00e9es dans tous les secteurs.<\/h3>\n\n\n\n<p>What if your business could predict how weather patterns will impact your operations and customer preferences? Weather analytics market research makes this possible, providing crucial insights for businesses across industries.<\/p>\n\n\n\n<h2 class=\"wp-block-heading\"><strong>What Is Weather Analytics Market Research?<\/strong><\/h2>\n\n\n\n<p>Weather analytics market research uses tools such as predictive modeling, data integration, and geospatial analysis to uncover trends and relationships between weather events and business outcomes. This information is invaluable for companies operating in sectors such as agriculture, retail, energy, transportation, and insurance, where weather plays a critical role in determining success.<\/p>\n\n\n\n<p>One of the key goals of weather analytics market research is to help companies mitigate risks and capitalize on opportunities. For instance, retailers can use weather data to predict changes in consumer demand, while farmers can make more informed decisions regarding crop planting and harvesting.<\/p>\n\n\n\n<h2 class=\"wp-block-heading\">Importance des \u00e9tudes de march\u00e9 sur l\u2019analyse m\u00e9t\u00e9orologique<\/h2>\n\n\n\n<p>Les \u00e9tudes de march\u00e9 sur l\u2019analyse m\u00e9t\u00e9orologique sont une ressource essentielle pour les entreprises, les gouvernements et autres entit\u00e9s qui ont besoin d\u2019analyses m\u00e9t\u00e9orologiques pr\u00e9cises. Pour illustrer pourquoi ce type d\u2019enqu\u00eate est si important, voici une liste de raisons\u00a0:<\/p>\n\n\n\n<ul class=\"wp-block-list\">\n<li><strong>Gestion des risques:<\/strong> L&#039;analyse m\u00e9t\u00e9orologique constitue une base n\u00e9cessaire pour les entreprises et les \u00c9tats qui cherchent \u00e0 prot\u00e9ger leurs ressources contre des conditions m\u00e9t\u00e9orologiques d\u00e9favorables.<\/li>\n\n\n\n<li><strong>Op\u00e9rations am\u00e9lior\u00e9es\u00a0:<\/strong> Les entreprises peuvent tirer parti des connaissances m\u00e9t\u00e9orologiques pour affiner leurs processus m\u00e9tier et maximiser leur efficacit\u00e9. Par exemple, en utilisant l\u2019analyse m\u00e9t\u00e9orologique, les entreprises seront en mesure de d\u00e9tecter les complications potentielles li\u00e9es au climat dans leur cha\u00eene d\u2019approvisionnement et de prendre des mesures en cons\u00e9quence.<\/li>\n\n\n\n<li><strong>Planification agricole :<\/strong> La m\u00e9t\u00e9o joue un r\u00f4le important dans l\u2019agriculture \u2013 et les \u00e9tudes de march\u00e9 sur l\u2019analyse m\u00e9t\u00e9orologique offrent aux agriculteurs et \u00e0 leurs partenaires des informations indispensables sur les effets des mod\u00e8les climatiques sur les rendements des cultures.<\/li>\n\n\n\n<li><strong>Production d&#039;\u00e9nergie:<\/strong> Weather conditions can play a fundamental role in energy production, especially when it comes to renewables like wind or solar. By utilizing weather <a href=\"https:\/\/www.sisinternational.com\/fr\/competence\/les-industries\/externalisation-de-lanalyse-des-donnees\/\" title=\"Externalisation des \u00e9tudes de march\u00e9 en mati\u00e8re de donn\u00e9es et d\u2019analyses\"  data-wpil-monitor-id=\"3672\">analytics market research data<\/a>, power generators can maximize their operations while also maximizing their yield.<\/li>\n<\/ul>\n\n\n\n<h2 class=\"wp-block-heading\"><strong>Notre analyse actuelle du march\u00e9 et nos recommandations<\/strong><\/h2>\n\n\n\n<p>To effectively leverage the power of weather analytics, we recommend that businesses start by identifying the areas of their operations that are most affected by weather.&nbsp;We believe that companies in industries such as agriculture, logistics, retail, and energy stand to benefit the most from incorporating weather analytics into their decision-making processes. Understanding how weather patterns impact supply chains, consumer demand, and resource allocation is key to building resilient strategies that drive growth.<\/p>\n\n\n\n<p>Our team suggests that businesses also invest in advanced technologies that allow for real-time data integration and predictive modeling. These tools are essential for ensuring that weather analytics provides actionable insights that can be implemented swiftly, minimizing disruptions and capitalizing on favorable weather conditions.<\/p>\n\n\n\n<h2 class=\"wp-block-heading\">Principales tendances et facteurs d\u00e9terminants du march\u00e9<\/h2>\n\n\n\n<figure class=\"wp-block-image\"><img decoding=\"async\" src=\"https:\/\/www.sisinternational.com\/wp-content\/uploads\/2024\/10\/Weather-analytics-market-research-1.jpg\" alt=\"\u00e9tude de march\u00e9 sur l&#039;analyse m\u00e9t\u00e9orologique\" class=\"wp-image-53712\"\/><\/figure>\n\n\n\n<p><\/p>\n\n\n\n<h3 class=\"wp-block-heading\">Several key trends and drivers are shaping the weather analytics market research industry. Here are a few:<\/h3>\n\n\n\n<ul class=\"wp-block-list\">\n<li><strong>Demande croissante de donn\u00e9es m\u00e9t\u00e9orologiques\u00a0:<\/strong> As weather-related events become increasingly influential in business and society, there is an urgent need for precise and dependable weather data. This demand has stimulated an extraordinary growth boom in the emerging weather analysis market research industry.<\/li>\n\n\n\n<li><strong>L\u2019\u00e9mergence de nouvelles applications :<\/strong> As more industries, such as aviation, shipping, and construction, realize the worth of weather analytics market research, this leads to unprecedented innovation while making tremendous progress in said field.<\/li>\n\n\n\n<li><strong>Insistance croissante sur le changement climatique\u00a0:<\/strong> Avec la prise de conscience croissante du changement climatique et de ses effets potentiels sur notre environnement, les communaut\u00e9s se font plus entendre sur l\u2019\u00e9valuation des tendances m\u00e9t\u00e9orologiques \u00e0 long terme. Cela a donn\u00e9 lieu \u00e0 une acc\u00e9l\u00e9ration du d\u00e9veloppement de nouveaux mod\u00e8les et technologies permettant d\u2019identifier la mani\u00e8re dont le r\u00e9chauffement climatique pourrait influencer les mod\u00e8les climatiques.<\/li>\n<\/ul>\n\n\n\n<h2 class=\"wp-block-heading\"><strong>Main Applications of Weather Analytics<\/strong><\/h2>\n\n\n\n<p>Weather analytics has a wide range of applications across different sectors, providing valuable insights that help businesses improve efficiency and resilience. Here are some of the main applications:<\/p>\n\n\n\n<ul class=\"wp-block-list\">\n<li><strong>Agriculture<\/strong>: Farmers use weather data to decide when to plant, irrigate, and harvest, optimizing yields.<\/li>\n\n\n\n<li><strong>Vente au d\u00e9tail<\/strong>: Weather analytics help retailers manage inventory, optimize promotions, and anticipate consumer demand.<\/li>\n\n\n\n<li><strong>Energy Management<\/strong>: Utilities and energy companies use weather data to forecast energy demand and optimize production.<\/li>\n\n\n\n<li><strong>Logistique et transport<\/strong>: Companies use weather insights to adjust routes, reduce delays, and improve supply chain efficiency.<\/li>\n\n\n\n<li><strong>Assurance<\/strong>: Insurers use weather analytics to assess risk, set premiums, and handle claims related to weather events.<\/li>\n\n\n\n<li><strong>La construction<\/strong>: Weather data is used to schedule construction activities and avoid delays due to adverse weather conditions.<\/li>\n\n\n\n<li><strong>Aviation<\/strong>: Airlines use weather forecasts to ensure safe and efficient flight operations, minimizing delays.<\/li>\n<\/ul>\n\n\n\n<h2 class=\"wp-block-heading\">Opportunit\u00e9s dans les \u00e9tudes de march\u00e9 sur l\u2019analyse m\u00e9t\u00e9orologique<\/h2>\n\n\n\n<figure class=\"gb-block-image gb-block-image-3219d0c6\"><img loading=\"lazy\" decoding=\"async\" width=\"1456\" height=\"816\" class=\"gb-image gb-image-3219d0c6\" src=\"https:\/\/www.sisinternational.com\/wp-content\/uploads\/2025\/10\/Weather-analytics-4.jpg\" alt=\"\u00c9tudes de march\u00e9 et strat\u00e9gie internationales SIS\" title=\"Weather analytics (4)\" srcset=\"https:\/\/www.sisinternational.com\/wp-content\/uploads\/2025\/10\/Weather-analytics-4.jpg 1456w, https:\/\/www.sisinternational.com\/wp-content\/uploads\/2025\/10\/Weather-analytics-4-300x168.jpg 300w, https:\/\/www.sisinternational.com\/wp-content\/uploads\/2025\/10\/Weather-analytics-4-1024x574.jpg 1024w, https:\/\/www.sisinternational.com\/wp-content\/uploads\/2025\/10\/Weather-analytics-4-768x430.jpg 768w, https:\/\/www.sisinternational.com\/wp-content\/uploads\/2025\/10\/Weather-analytics-4-18x10.jpg 18w\" sizes=\"auto, (max-width: 1456px) 100vw, 1456px\"><\/figure>\n\n\n\n<ul class=\"wp-block-list\">\n<li>The weather analytics market research sector is broadening its scope, exploring new industries, including renewable energy, insurance, and agriculture. As these markets expand rapidly, the demand for weather analysis services and solutions will skyrocket.<\/li>\n\n\n\n<li>En combinant l&#039;analyse m\u00e9t\u00e9orologique avec des technologies de pointe telles que l&#039;IoT et l&#039;IA, les entreprises peuvent produire des pr\u00e9visions plus raffin\u00e9es et plus pr\u00e9cises. Cette int\u00e9gration offre de nouvelles perspectives dans l\u2019industrie qui r\u00e9volutionneront le fonctionnement des entreprises.<\/li>\n\n\n\n<li>Le secteur des \u00e9tudes de march\u00e9 sur l\u2019analyse m\u00e9t\u00e9orologique innove constamment en introduisant de nouvelles applications pour les donn\u00e9es m\u00e9t\u00e9orologiques telles que la maintenance pr\u00e9dictive et l\u2019optimisation de la cha\u00eene d\u2019approvisionnement. Cela ouvre la possibilit\u00e9 de cr\u00e9er de nouvelles sources de revenus pour ceux qui travaillent dans ce secteur.<\/li>\n\n\n\n<li>Avec la demande mondiale croissante d&#039;analyses m\u00e9t\u00e9orologiques, en particulier dans les zones touch\u00e9es par des conditions m\u00e9t\u00e9orologiques extr\u00eames, les entreprises op\u00e9rant dans ce secteur ont une excellente opportunit\u00e9 d&#039;\u00e9tendre leur port\u00e9e sur de nouveaux march\u00e9s internationaux et de capitaliser sur cette tendance lucrative.<\/li>\n<\/ul>\n\n\n\n<h2 class=\"wp-block-heading\">Les d\u00e9fis des \u00e9tudes de march\u00e9 sur l\u2019analyse m\u00e9t\u00e9orologique<\/h2>\n\n\n\n<p>Le secteur des \u00e9tudes de march\u00e9 sur l\u2019analyse m\u00e9t\u00e9orologique est confront\u00e9 \u00e0 plusieurs d\u00e9fis qui peuvent avoir un impact sur la croissance et la rentabilit\u00e9 des entreprises du secteur. Voici quelques-uns des principaux d\u00e9fis\u00a0:<\/p>\n\n\n\n<ul class=\"wp-block-list\">\n<li><strong>Qualit\u00e9 des donn\u00e9es:<\/strong> Inconsistent weather forecasts can make it difficult for clients to trust <a href=\"https:\/\/www.sisinternational.com\/fr\/industry-forecast\/financial-services-forecast\/\" title=\"Financial Services Forecast\"  data-wpil-monitor-id=\"3823\">analytics<\/a> services due to the varying accuracy and reliability of data sources. This leads to a lack of confidence in any given forecast, resulting in potential losses for companies depending on their success.<\/li>\n\n\n\n<li><strong>Environnement r\u00e9glementaire:<\/strong> Weather analytics services must adhere to certain regulatory requirements, such as data security and privacy regulations, or risk hefty penalties and damaging their reputation. Companies in the field of weather analytics should remain compliant with all applicable laws to maintain a positive public image.<\/li>\n\n\n\n<li><strong>Impact du changement climatique\u00a0:<\/strong> Climate change is making hazardous weather events more frequent and intense, complicating forecasting accuracy. This demands cutting-edge solutions from industry companies. However, forecasting how climate change will affect our future conditions can be complicated.<\/li>\n<\/ul>\n\n\n\n<h2 class=\"wp-block-heading\">Perspectives d&#039;avenir<\/h2>\n\n\n\n<figure class=\"wp-block-image\"><img decoding=\"async\" src=\"https:\/\/www.sisinternational.com\/wp-content\/uploads\/2024\/10\/Weather-analytics-market-research-2.jpg\" alt=\"\u00c9tudes de march\u00e9 et strat\u00e9gie internationales SIS\" class=\"wp-image-53713\"><\/figure>\n\n\n\n<p><\/p>\n\n\n\n<ul class=\"wp-block-list\">\n<li>L\u2019analyse m\u00e9t\u00e9orologique constituera un atout consid\u00e9rable pour les entreprises, car elle leur fournira des informations sur les conditions m\u00e9t\u00e9orologiques. Cela leur permettra de prendre des d\u00e9cisions plus \u00e9clair\u00e9es sur des op\u00e9rations telles que la consommation d&#039;\u00e9nergie, la gestion de la cha\u00eene d&#039;approvisionnement et l&#039;agriculture. En outre, ce sera un outil pr\u00e9cieux pour aider les gouvernements et les organisations \u00e0 se pr\u00e9parer aux catastrophes naturelles ou aux conditions m\u00e9t\u00e9orologiques extr\u00eames.<\/li>\n\n\n\n<li>As AI and machine learning advance rapidly, they are projected to make a major impact on the weather analytics sector. These powerful technologies can evaluate an enormous amount of meteorology data, allowing companies to create more precise forecasts and gain deeper insights. This data can be analyzed to provide significant insights into weather patterns and climate change, and companies are increasingly investing in data analytics technologies to make sense of this data.<\/li>\n\n\n\n<li>The weather analytics market has experienced tremendous growth within <a href=\"https:\/\/www.sisinternational.com\/fr\/marche-des-produits-de-grande-consommation-au-vietnam\/\" title=\"March\u00e9 des produits de grande consommation au Vietnam\"  data-wpil-monitor-id=\"7592\">emerging<\/a> markets, resulting in unprecedented opportunities for companies to expand their revenue streams. As the industry continues expanding into new geographies around the globe, now is a good opportunity for businesses to capitalize on this trend.<\/li>\n\n\n\n<li>La durabilit\u00e9 \u00e9tant \u00e0 l\u2019avant-garde des \u00e9tudes de march\u00e9 en mati\u00e8re d\u2019analyse m\u00e9t\u00e9orologique, les entreprises cr\u00e9ent des solutions innovantes pour aider leurs clients \u00e0 r\u00e9duire leur empreinte carbone.<\/li>\n\n\n\n<li>As the weather analytics market research industry grows in complexity, partnerships and collaborations are becoming increasingly important. Companies in this field will gain an edge by joining forces to leverage their respective strengths to create comprehensive solutions that can meet the demands of a dynamic landscape.<\/li>\n<\/ul>\n\n\n\n<h2 class=\"wp-block-heading\"><strong>How SIS International&#8217;s Weather Analytics Market Research Helps Businesses<\/strong><\/h2>\n\n\n\n<p>\u00c0 <a href=\"https:\/\/www.linkedin.com\/company\/sisinternationalresearch\/\" target=\"_blank\" rel=\"noopener\"><span style=\"font-weight: 400;\">SIS International<\/span><\/a>, we understand the power of weather analytics in transforming business strategies. Our weather analytics <a href=\"https:\/\/www.linkedin.com\/pulse\/how-market-research-enables-growth-ruth-stanat-phekf\/\" target=\"_blank\" rel=\"noopener\"><span style=\"font-weight: 400;\">\u00e9tude de march\u00e9<\/span><\/a> services are designed to provide businesses with the insights they need to make informed decisions, mitigate risks, and seize opportunities.<\/p>\n\n\n\n<h3 class=\"wp-block-heading\"><strong>Comprehensive Weather Insights<\/strong><\/h3>\n\n\n\n<p>SIS International&#8217;s market research offers in-depth analysis of weather patterns and their impact on business operations. By combining historical data with real-time insights, we provide actionable recommendations that help companies anticipate and adapt to changing weather conditions. Our approach ensures that businesses are prepared to respond proactively rather than reactively.<\/p>\n\n\n\n<h3 class=\"wp-block-heading\"><strong>Industry-Specific Solutions<\/strong><\/h3>\n\n\n\n<figure class=\"gb-block-image gb-block-image-80462c62\"><img loading=\"lazy\" decoding=\"async\" width=\"1456\" height=\"816\" class=\"gb-image gb-image-80462c62\" src=\"https:\/\/www.sisinternational.com\/wp-content\/uploads\/2025\/10\/Weather-analytics-1.jpg\" alt=\"\u00c9tudes de march\u00e9 et strat\u00e9gie internationales SIS\" title=\"Weather analytics (1)\" srcset=\"https:\/\/www.sisinternational.com\/wp-content\/uploads\/2025\/10\/Weather-analytics-1.jpg 1456w, https:\/\/www.sisinternational.com\/wp-content\/uploads\/2025\/10\/Weather-analytics-1-300x168.jpg 300w, https:\/\/www.sisinternational.com\/wp-content\/uploads\/2025\/10\/Weather-analytics-1-1024x574.jpg 1024w, https:\/\/www.sisinternational.com\/wp-content\/uploads\/2025\/10\/Weather-analytics-1-768x430.jpg 768w, https:\/\/www.sisinternational.com\/wp-content\/uploads\/2025\/10\/Weather-analytics-1-18x10.jpg 18w\" sizes=\"auto, (max-width: 1456px) 100vw, 1456px\"><\/figure>\n\n\n\n<p><\/p>\n\n\n\n<p>We recognize that different industries have unique needs when it comes to weather analytics. Our team provides tailored solutions that address the specific challenges faced by sectors such as agriculture, logistics, retail, and energy. Whether it&#8217;s optimizing supply chain routes or planning for seasonal demand fluctuations, SIS International delivers industry-specific insights that drive success.<\/p>\n\n\n\n<h3 class=\"wp-block-heading\"><strong>Real-Time Data Integration<\/strong><\/h3>\n\n\n\n<p>Our weather analytics research leverages advanced technology to integrate real-time weather data into your business processes. This allows for timely decision-making and operational adjustments, ensuring that your business remains resilient in the face of adverse weather conditions. SIS International helps you stay ahead of the competition by using data-driven insights to create agile business strategies.<\/p>\n\n\n\n<h3 class=\"wp-block-heading\"><strong>Customized Consulting Services<\/strong><\/h3>\n\n\n\n<p>In addition to providing data and insights, SIS International offers customized consulting services to help you navigate the complexities of weather analytics. Our consultants work closely with your team to understand your specific challenges and develop tailored strategies that maximize the benefits of weather analytics for your business.<\/p>\n\n\n\n<h3 class=\"wp-block-heading\"><strong>Training and Support<\/strong><\/h3>\n\n\n\n<p>We provide comprehensive training and support to ensure that your team is well-equipped to use weather analytics effectively. Our training programs are designed to enhance your team&#8217;s ability to interpret weather data and apply insights to improve business outcomes.<\/p>\n\n\n\n<h3 class=\"wp-block-heading\"><strong>Advanced Predictive Modeling<\/strong><\/h3>\n\n\n\n<p>Our expertise in predictive modeling allows us to provide businesses with accurate forecasts that can drive strategic planning. By using advanced algorithms and machine learning, we help companies predict weather impacts and make data-driven decisions that minimize risks and capitalize on favorable conditions.<\/p>\n\n\n\n<h3 class=\"wp-block-heading\"><strong>Partenariat \u00e0 long terme<\/strong><\/h3>\n\n\n\n<figure class=\"gb-block-image gb-block-image-0486d52b\"><img loading=\"lazy\" decoding=\"async\" width=\"1456\" height=\"816\" class=\"gb-image gb-image-0486d52b\" src=\"https:\/\/www.sisinternational.com\/wp-content\/uploads\/2025\/10\/Weather-analytics-3.jpg\" alt=\"\u00c9tudes de march\u00e9 et strat\u00e9gie internationales SIS\" title=\"Weather analytics (3)\" srcset=\"https:\/\/www.sisinternational.com\/wp-content\/uploads\/2025\/10\/Weather-analytics-3.jpg 1456w, https:\/\/www.sisinternational.com\/wp-content\/uploads\/2025\/10\/Weather-analytics-3-300x168.jpg 300w, https:\/\/www.sisinternational.com\/wp-content\/uploads\/2025\/10\/Weather-analytics-3-1024x574.jpg 1024w, https:\/\/www.sisinternational.com\/wp-content\/uploads\/2025\/10\/Weather-analytics-3-768x430.jpg 768w, https:\/\/www.sisinternational.com\/wp-content\/uploads\/2025\/10\/Weather-analytics-3-18x10.jpg 18w\" sizes=\"auto, (max-width: 1456px) 100vw, 1456px\"><\/figure>\n\n\n\n<p><\/p>\n\n\n\n<p><a href=\"https:\/\/medium.com\/@sisinternational\/sis-international-c17160da8fac\" target=\"_blank\" rel=\"noopener\"><span style=\"font-weight: 400;\">SIS<\/span><\/a>&nbsp;aims to build long-term partnerships with our clients. We are committed to providing ongoing support and updates to our weather analytics solutions, ensuring that your business continues to benefit from the latest advancements in the field.<\/p>\n\n\n\n<h2 class=\"wp-block-heading\"><strong>\u00c0 propos de SIS International<\/strong><\/h2>\n\n\n\n<p><a href=\"https:\/\/www.sisinternational.com\/fr\/\"><span style=\"font-weight: 400;\">SIS International<\/span><\/a><span style=\"font-weight: 400;\"> propose des recherches quantitatives, qualitatives et strat\u00e9giques. Nous fournissons des donn\u00e9es, des outils, des strat\u00e9gies, des rapports et des informations pour la prise de d\u00e9cision. Nous menons \u00e9galement des entretiens, des enqu\u00eates, des groupes de discussion et d\u2019autres m\u00e9thodes et approches d\u2019\u00e9tudes de march\u00e9.<\/span><a href=\"https:\/\/www.sisinternational.com\/fr\/a-propos-de-la-recherche-internationale-sis\/contact-sis-international-market-research\/\"><span style=\"font-weight: 400;\"> Contactez nous<\/span><\/a><span style=\"font-weight: 400;\"> pour votre prochain projet d&#039;\u00e9tude de march\u00e9.<\/span><\/p>","protected":false},"excerpt":{"rendered":"<p>Les \u00e9tudes de march\u00e9 sur l\u2019analyse m\u00e9t\u00e9orologique offrent un aper\u00e7u des tendances actuelles des mod\u00e8les climatiques avec des implications consid\u00e9rables pour de nombreuses industries.<\/p>","protected":false},"author":1,"featured_media":72126,"parent":14514,"menu_order":261,"comment_status":"closed","ping_status":"closed","template":"","meta":{"footnotes":""},"class_list":["post-42392","page","type-page","status-publish","has-post-thumbnail"],"_links":{"self":[{"href":"https:\/\/www.sisinternational.com\/fr\/wp-json\/wp\/v2\/pages\/42392","targetHints":{"allow":["GET"]}}],"collection":[{"href":"https:\/\/www.sisinternational.com\/fr\/wp-json\/wp\/v2\/pages"}],"about":[{"href":"https:\/\/www.sisinternational.com\/fr\/wp-json\/wp\/v2\/types\/page"}],"author":[{"embeddable":true,"href":"https:\/\/www.sisinternational.com\/fr\/wp-json\/wp\/v2\/users\/1"}],"replies":[{"embeddable":true,"href":"https:\/\/www.sisinternational.com\/fr\/wp-json\/wp\/v2\/comments?post=42392"}],"version-history":[{"count":7,"href":"https:\/\/www.sisinternational.com\/fr\/wp-json\/wp\/v2\/pages\/42392\/revisions"}],"predecessor-version":[{"id":81215,"href":"https:\/\/www.sisinternational.com\/fr\/wp-json\/wp\/v2\/pages\/42392\/revisions\/81215"}],"up":[{"embeddable":true,"href":"https:\/\/www.sisinternational.com\/fr\/wp-json\/wp\/v2\/pages\/14514"}],"wp:featuredmedia":[{"embeddable":true,"href":"https:\/\/www.sisinternational.com\/fr\/wp-json\/wp\/v2\/media\/72126"}],"wp:attachment":[{"href":"https:\/\/www.sisinternational.com\/fr\/wp-json\/wp\/v2\/media?parent=42392"}],"curies":[{"name":"wp","href":"https:\/\/api.w.org\/{rel}","templated":true}]}}