{"id":42388,"date":"2023-04-14T23:09:16","date_gmt":"2023-04-15T03:09:16","guid":{"rendered":"https:\/\/www.sisinternational.com\/?page_id=42388"},"modified":"2026-01-26T16:47:56","modified_gmt":"2026-01-26T21:47:56","slug":"etude-de-marche-sur-la-filtration-et-la-purification-de-leau","status":"publish","type":"page","link":"https:\/\/www.sisinternational.com\/fr\/competence\/etude-de-marche-sur-la-filtration-et-la-purification-de-leau\/","title":{"rendered":"\u00c9tude de march\u00e9 sur la purification et la filtration de l\u2019eau"},"content":{"rendered":"<h1 class=\"wp-block-heading\">\u00c9tude de march\u00e9 sur la purification et la filtration de l\u2019eau<\/h1>\n\n\n\n<figure class=\"gb-block-image gb-block-image-358ce2d3\"><img loading=\"lazy\" decoding=\"async\" width=\"1456\" height=\"816\" class=\"gb-image gb-image-358ce2d3\" src=\"https:\/\/www.sisinternational.com\/wp-content\/uploads\/2025\/08\/Water-21.jpg\" alt=\"\u00c9tudes de march\u00e9 et strat\u00e9gie internationales SIS\" title=\"Water (21)\" srcset=\"https:\/\/www.sisinternational.com\/wp-content\/uploads\/2025\/08\/Water-21.jpg 1456w, https:\/\/www.sisinternational.com\/wp-content\/uploads\/2025\/08\/Water-21-300x168.jpg 300w, https:\/\/www.sisinternational.com\/wp-content\/uploads\/2025\/08\/Water-21-1024x574.jpg 1024w, https:\/\/www.sisinternational.com\/wp-content\/uploads\/2025\/08\/Water-21-768x430.jpg 768w, https:\/\/www.sisinternational.com\/wp-content\/uploads\/2025\/08\/Water-21-18x10.jpg 18w\" sizes=\"auto, (max-width: 1456px) 100vw, 1456px\"><\/figure>\n\n\n\n<p><\/p>\n\n\n\n<p>Les \u00e9tudes de march\u00e9 sur la filtration et la purification de l\u2019eau sont essentielles car elles impliquent des produits qui fournissent des processus garantissant aux individus l\u2019acc\u00e8s \u00e0 une eau propre et salubre pour la consommation. La demande croissante en eau potable a conduit au d\u00e9veloppement de diverses technologies de traitement de l\u2019eau.<\/p>\n\n\n\n<p>La filtration et la purification de l&#039;eau sont essentielles pour garantir la sant\u00e9 publique en emp\u00eachant la propagation des maladies d&#039;origine hydrique. L&#039;eau contamin\u00e9e est l&#039;une des principales causes de maladies et de d\u00e9c\u00e8s dans de nombreuses r\u00e9gions du monde, en particulier dans les pays en d\u00e9veloppement o\u00f9 l&#039;acc\u00e8s \u00e0 l&#039;eau potable est limit\u00e9.<\/p>\n\n\n\n<p>The water filtration and purification industry are an essential sector that plays a critical role in ensuring that the world&#8217;s water supply is safe and clean for human consumption. With the increasing concern over drinking water quality, the demand for <a href=\"https:\/\/www.sisinternational.com\/fr\/competence\/les-industries\/etude-de-marche-sur-les-technologies-de-leau\/\" title=\"\u00c9tude de march\u00e9 sur les technologies de l\u2019eau\"  data-wpil-monitor-id=\"4678\">water filtration and purification<\/a> systems has been steadily increasing and market research provides insights vital to the growth of the industry.<\/p>\n\n\n\n<h2 class=\"wp-block-heading\">Moteurs du march\u00e9 dans l\u2019\u00e9tude de march\u00e9 sur la purification et la filtration de l\u2019eau<\/h2>\n\n\n\n<p>L\u2019un des principaux moteurs de l\u2019industrie de la filtration et de la purification de l\u2019eau est la prise de conscience croissante des risques pour la sant\u00e9 associ\u00e9s \u00e0 l\u2019eau potable contamin\u00e9e. \u00c0 mesure que de plus en plus de personnes prennent conscience des dangers li\u00e9s \u00e0 la consommation d\u2019eau contenant des niveaux \u00e9lev\u00e9s de contaminants, elles sont plus susceptibles d\u2019investir dans des syst\u00e8mes de filtration et de purification de l\u2019eau pour garantir la salubrit\u00e9 de leur eau.<\/p>\n\n\n\n<p>L&#039;industrie est \u00e9galement motiv\u00e9e par les exigences r\u00e9glementaires qui imposent la qualit\u00e9 de l&#039;eau potable dans diverses r\u00e9gions du monde. Les gouvernements et les organismes de r\u00e9glementation imposent de plus en plus de r\u00e9glementations plus strictes sur la qualit\u00e9 de l&#039;eau, ce qui a entra\u00een\u00e9 une demande accrue de syst\u00e8mes de filtration et de purification de l&#039;eau.<\/p>\n\n\n\n<p>Les innovations dans les technologies de filtration et de purification de l\u2019eau contribuent \u00e9galement aux changements et \u00e0 la croissance de l\u2019industrie. De nouvelles technologies sont d\u00e9couvertes pour am\u00e9liorer l\u2019efficience et l\u2019efficacit\u00e9 des syst\u00e8mes de traitement de l\u2019eau, les rendant plus abordables et accessibles \u00e0 un plus large \u00e9ventail de consommateurs.<\/p>\n\n\n\n<h2 class=\"wp-block-heading\">Vue du produit<\/h2>\n\n\n\n<figure class=\"gb-block-image gb-block-image-d55f5f83\"><img loading=\"lazy\" decoding=\"async\" width=\"1456\" height=\"816\" class=\"gb-image gb-image-d55f5f83\" src=\"https:\/\/www.sisinternational.com\/wp-content\/uploads\/2025\/08\/Water-25.jpg\" alt=\"\u00c9tudes de march\u00e9 et strat\u00e9gie internationales SIS\" title=\"Water (25)\" srcset=\"https:\/\/www.sisinternational.com\/wp-content\/uploads\/2025\/08\/Water-25.jpg 1456w, https:\/\/www.sisinternational.com\/wp-content\/uploads\/2025\/08\/Water-25-300x168.jpg 300w, https:\/\/www.sisinternational.com\/wp-content\/uploads\/2025\/08\/Water-25-1024x574.jpg 1024w, https:\/\/www.sisinternational.com\/wp-content\/uploads\/2025\/08\/Water-25-768x430.jpg 768w, https:\/\/www.sisinternational.com\/wp-content\/uploads\/2025\/08\/Water-25-18x10.jpg 18w\" sizes=\"auto, (max-width: 1456px) 100vw, 1456px\"><\/figure>\n\n\n\n<p><\/p>\n\n\n\n<p>The water purification and water filtration industry offer a variety of products that are designed to remove contaminants and impurities from water. <a href=\"https:\/\/www.sisinternational.com\/fr\/competence\/les-industries\/etude-de-marche-sur-leau-en-bouteille\/\" title=\"\u00c9tude de march\u00e9 sur l\u2019eau en bouteille\"  data-wpil-monitor-id=\"4960\">\u00c9tude de march\u00e9 sur la purification et la filtration de l\u2019eau<\/a> provides insights into the use of these products and their impact to the industry overall. Here are some of the products commonly sold in the industry:<\/p>\n\n\n\n<ul class=\"wp-block-list\">\n<li>Les filtres \u00e0 eau sont l\u2019un des produits les plus courants dans l\u2019industrie de la filtration de l\u2019eau. Ils sont con\u00e7us pour \u00e9liminer les impuret\u00e9s de l\u2019eau du robinet et fournir une eau potable propre et salubre. Les filtres \u00e0 eau se pr\u00e9sentent sous diverses formes, notamment des filtres pour pichet, mont\u00e9s sur robinet, sur comptoir et sous l&#039;\u00e9vier.<\/li>\n\n\n\n<li>Les syst\u00e8mes d\u2019osmose inverse sont un autre produit populaire vendu dans l\u2019industrie de la purification de l\u2019eau. Ces syst\u00e8mes utilisent une membrane semi-perm\u00e9able pour \u00e9liminer les contaminants, notamment les sels, les min\u00e9raux et autres impuret\u00e9s de l&#039;eau. Les syst\u00e8mes d&#039;osmose inverse sont couramment utilis\u00e9s pour purifier l&#039;eau dans les maisons, les bureaux et autres b\u00e2timents.<\/li>\n\n\n\n<li>Les adoucisseurs d\u2019eau sont con\u00e7us pour \u00e9liminer les min\u00e9raux durs de l\u2019eau, comme le calcium et le magn\u00e9sium. L\u2019eau dure peut causer divers probl\u00e8mes, notamment le colmatage des tuyaux et des appareils \u00e9lectrom\u00e9nagers et une alt\u00e9ration du go\u00fbt et de l\u2019odeur de l\u2019eau. Les adoucisseurs d\u2019eau sont couramment utilis\u00e9s dans les maisons, les bureaux et autres b\u00e2timents.<\/li>\n\n\n\n<li>Les syst\u00e8mes de d\u00e9sinfection aux ultraviolets (UV) utilisent la lumi\u00e8re UV pour mettre fin aux bact\u00e9ries, virus et autres micro-organismes pr\u00e9sents dans l\u2019eau. Ces syst\u00e8mes sont couramment utilis\u00e9s dans les usines municipales de traitement de l\u2019eau, les h\u00f4pitaux et autres environnements o\u00f9 la puret\u00e9 de l\u2019eau est essentielle.<\/li>\n\n\n\n<li>Des syst\u00e8mes de distillation sont mis en place pour \u00e9liminer les contaminants de l\u2019eau en les faisant bouillir puis en condensant la vapeur. Ces syst\u00e8mes sont fr\u00e9quemment utilis\u00e9s dans les laboratoires et autres environnements n\u00e9cessitant une eau de haute puret\u00e9.<\/li>\n<\/ul>\n\n\n\n<h2 class=\"wp-block-heading\">Industries qui d\u00e9pendent de la purification et de la filtration de l&#039;eau<\/h2>\n\n\n\n<p>La filtration et la purification de l\u2019eau sont cruciales dans plusieurs secteurs, c\u2019est pourquoi les donn\u00e9es et les strat\u00e9gies des \u00e9tudes de march\u00e9 sur la purification et la filtration de l\u2019eau sont pr\u00e9cieuses. Vous trouverez ci-dessous les principales industries qui d\u00e9pendent de la purification et de la filtration de l\u2019eau\u00a0:<\/p>\n\n\n\n<ul class=\"wp-block-list\">\n<li><strong>Les industries agroalimentaires<\/strong> Les processus de production d\u00e9pendent beaucoup de l\u2019eau, et la qualit\u00e9 de l\u2019eau utilis\u00e9e peut affecter la qualit\u00e9 et la s\u00e9curit\u00e9 des produits. Les syst\u00e8mes de filtration et de purification sont essentiels pour garantir que l\u2019eau utilis\u00e9e est exempte d\u2019impuret\u00e9s, de micro-organismes et d\u2019autres contaminants.<\/li>\n\n\n\n<li><strong>Dans le secteur de la sant\u00e9<\/strong>, la qualit\u00e9 de l\u2019eau est essentielle aux soins aux patients, notamment dans les \u00e9tablissements m\u00e9dicaux, les laboratoires et la fabrication pharmaceutique. La purification et la filtration de l&#039;eau sont n\u00e9cessaires pour garantir que l&#039;eau utilis\u00e9e est sans danger pour la consommation humaine et les proc\u00e9dures m\u00e9dicales.<\/li>\n\n\n\n<li><strong>Traitement des eaux municipales<\/strong> d\u00e9pend fortement de la filtration et de la purification de l\u2019eau, car elle est responsable de l\u2019approvisionnement en eau potable de communaut\u00e9s enti\u00e8res. Le processus de traitement consiste \u00e0 \u00e9liminer les contaminants des sources d\u2019eau brute pour les rendre propres \u00e0 la consommation.<\/li>\n\n\n\n<li><strong>Traitement des eaux us\u00e9es<\/strong> est une autre application essentielle de la filtration et de la purification de l\u2019eau. Le processus consiste \u00e0 \u00e9liminer les polluants et les contaminants des eaux us\u00e9es avant qu\u2019elles ne soient rejet\u00e9es dans l\u2019environnement. Cela contribue \u00e0 pr\u00e9venir la contamination des sources d\u2019eau naturelles et \u00e0 garantir la durabilit\u00e9 environnementale.<\/li>\n\n\n\n<li><strong>Dans l&#039;industrie \u00e9lectronique<\/strong>, les syst\u00e8mes de filtration et de purification de l\u2019eau sont essentiels pour garantir la qualit\u00e9 et la puret\u00e9 de l\u2019eau utilis\u00e9e dans les processus de fabrication. Cela permet d\u2019\u00e9viter la contamination des composants \u00e9lectroniques et de maintenir la qualit\u00e9 du produit.<\/li>\n<\/ul>\n\n\n\n<h2 class=\"wp-block-heading\">Pourquoi les entreprises devraient mener des \u00e9tudes de march\u00e9 sur la purification et la filtration de l\u2019eau<\/h2>\n\n\n\n<figure class=\"gb-block-image gb-block-image-4478ea7b\"><img loading=\"lazy\" decoding=\"async\" width=\"1456\" height=\"816\" class=\"gb-image gb-image-4478ea7b\" src=\"https:\/\/www.sisinternational.com\/wp-content\/uploads\/2025\/08\/Water-27.jpg\" alt=\"\u00c9tudes de march\u00e9 et strat\u00e9gie internationales SIS\" title=\"Water (27)\" srcset=\"https:\/\/www.sisinternational.com\/wp-content\/uploads\/2025\/08\/Water-27.jpg 1456w, https:\/\/www.sisinternational.com\/wp-content\/uploads\/2025\/08\/Water-27-300x168.jpg 300w, https:\/\/www.sisinternational.com\/wp-content\/uploads\/2025\/08\/Water-27-1024x574.jpg 1024w, https:\/\/www.sisinternational.com\/wp-content\/uploads\/2025\/08\/Water-27-768x430.jpg 768w, https:\/\/www.sisinternational.com\/wp-content\/uploads\/2025\/08\/Water-27-18x10.jpg 18w\" sizes=\"auto, (max-width: 1456px) 100vw, 1456px\"><\/figure>\n\n\n\n<p><\/p>\n\n\n\n<p>Businesses and companies operating in the water purification and water filtration industry should conduct market research that way they can gain a deeper understanding of their customers, competition, and the overall market landscape. Here are the <a href=\"https:\/\/www.sisinternational.com\/fr\/competence\/les-industries\/sur-les-meilleures-etudes-de-marche-sur-les-medias-ott\/\" title=\"\u00c9tude de march\u00e9 sur les m\u00e9dias sup\u00e9rieurs (OTT)\"  data-wpil-monitor-id=\"6209\">top reasons why market research<\/a> is crucial for businesses in this industry:<\/p>\n\n\n\n<ul class=\"wp-block-list\">\n<li><strong>Identifier les besoins des clients\u00a0:<\/strong> Les \u00e9tudes de march\u00e9 peuvent aider les entreprises \u00e0 identifier les besoins sp\u00e9cifiques de leurs clients. En collectant des donn\u00e9es sur les pr\u00e9f\u00e9rences, les comportements et les niveaux de satisfaction des clients, les entreprises peuvent d\u00e9velopper des produits et services qui r\u00e9pondent plus efficacement aux besoins de leurs clients.<\/li>\n\n\n\n<li><strong>\u00c9tude de march\u00e9 sur la purification et la filtration de l\u2019eau\u00a0:<\/strong> Il permet aux entreprises de rester comp\u00e9titives et pertinentes en identifiant les tendances du march\u00e9 et les changements dans les pr\u00e9f\u00e9rences des clients. Les donn\u00e9es et les strat\u00e9gies des \u00e9tudes de march\u00e9 sur la purification et la filtration de l\u2019eau peuvent \u00eatre utilis\u00e9es pour s\u2019adapter \u00e0 l\u2019\u00e9volution des conditions du march\u00e9 et d\u00e9couvrir de nouveaux produits.<\/li>\n\n\n\n<li><strong>Optimiser les strat\u00e9gies marketing en tant qu&#039;\u00e9tudes de march\u00e9\u00a0:<\/strong> Cela fournit des informations sur les donn\u00e9es d\u00e9mographiques, les pr\u00e9f\u00e9rences et le comportement d\u2019achat des clients. Les informations recueillies peuvent \u00eatre utilis\u00e9es pour d\u00e9velopper des campagnes marketing qui engageront le public cible et augmenteront la rentabilit\u00e9.<\/li>\n\n\n\n<li><strong>Am\u00e9liorer le d\u00e9veloppement de produits\u00a0:<\/strong> Les \u00e9tudes de march\u00e9 fournissent des informations sur les besoins et les pr\u00e9f\u00e9rences des clients, qui peuvent \u00eatre utilis\u00e9es pour am\u00e9liorer le d\u00e9veloppement de produits, aboutissant ainsi \u00e0 de meilleures relations avec les clients.<\/li>\n<\/ul>\n\n\n\n<p>L\u2019avenir du secteur de la purification et de la filtration de l\u2019eau semble prometteur, avec les progr\u00e8s technologiques et les inqui\u00e9tudes croissantes concernant la p\u00e9nurie et la contamination de l\u2019eau. Investir dans les \u00e9tudes de march\u00e9 sur la purification et la filtration de l\u2019eau peut aider les entreprises \u00e0 prosp\u00e9rer et \u00e0 r\u00e9ussir dans cette industrie dynamique et essentielle.<\/p>","protected":false},"excerpt":{"rendered":"<p>La filtration et la purification de l&#039;eau sont essentielles pour garantir la sant\u00e9 publique en emp\u00eachant la propagation des maladies d&#039;origine hydrique.<\/p>","protected":false},"author":1,"featured_media":63544,"parent":14514,"menu_order":260,"comment_status":"closed","ping_status":"closed","template":"","meta":{"footnotes":""},"class_list":["post-42388","page","type-page","status-publish","has-post-thumbnail"],"_links":{"self":[{"href":"https:\/\/www.sisinternational.com\/fr\/wp-json\/wp\/v2\/pages\/42388","targetHints":{"allow":["GET"]}}],"collection":[{"href":"https:\/\/www.sisinternational.com\/fr\/wp-json\/wp\/v2\/pages"}],"about":[{"href":"https:\/\/www.sisinternational.com\/fr\/wp-json\/wp\/v2\/types\/page"}],"author":[{"embeddable":true,"href":"https:\/\/www.sisinternational.com\/fr\/wp-json\/wp\/v2\/users\/1"}],"replies":[{"embeddable":true,"href":"https:\/\/www.sisinternational.com\/fr\/wp-json\/wp\/v2\/comments?post=42388"}],"version-history":[{"count":6,"href":"https:\/\/www.sisinternational.com\/fr\/wp-json\/wp\/v2\/pages\/42388\/revisions"}],"predecessor-version":[{"id":79796,"href":"https:\/\/www.sisinternational.com\/fr\/wp-json\/wp\/v2\/pages\/42388\/revisions\/79796"}],"up":[{"embeddable":true,"href":"https:\/\/www.sisinternational.com\/fr\/wp-json\/wp\/v2\/pages\/14514"}],"wp:featuredmedia":[{"embeddable":true,"href":"https:\/\/www.sisinternational.com\/fr\/wp-json\/wp\/v2\/media\/63544"}],"wp:attachment":[{"href":"https:\/\/www.sisinternational.com\/fr\/wp-json\/wp\/v2\/media?parent=42388"}],"curies":[{"name":"wp","href":"https:\/\/api.w.org\/{rel}","templated":true}]}}