{"id":42381,"date":"2023-04-14T15:55:15","date_gmt":"2023-04-14T19:55:15","guid":{"rendered":"https:\/\/www.sisinternational.com\/?page_id=42381"},"modified":"2026-03-12T13:28:13","modified_gmt":"2026-03-12T17:28:13","slug":"etude-de-marche-vegetarienne","status":"publish","type":"page","link":"https:\/\/www.sisinternational.com\/fr\/solutions\/etude-de-marche-sur-lindustrie-des-boissons-alimentaires\/etude-de-marche-vegetarienne\/","title":{"rendered":"\u00c9tude de march\u00e9 v\u00e9g\u00e9tarienne"},"content":{"rendered":"<h1 class=\"wp-block-heading\">\u00c9tude de march\u00e9 v\u00e9g\u00e9tarienne<\/h1>\n\n\n\n<figure class=\"gb-block-image gb-block-image-660be3f8\"><img loading=\"lazy\" decoding=\"async\" width=\"1456\" height=\"816\" class=\"gb-image gb-image-660be3f8\" src=\"https:\/\/www.sisinternational.com\/wp-content\/uploads\/2025\/08\/Organic-food-5.jpg\" alt=\"\u00c9tudes de march\u00e9 et strat\u00e9gie internationales SIS\" title=\"Organic food (5)\" srcset=\"https:\/\/www.sisinternational.com\/wp-content\/uploads\/2025\/08\/Organic-food-5.jpg 1456w, https:\/\/www.sisinternational.com\/wp-content\/uploads\/2025\/08\/Organic-food-5-300x168.jpg 300w, https:\/\/www.sisinternational.com\/wp-content\/uploads\/2025\/08\/Organic-food-5-1024x574.jpg 1024w, https:\/\/www.sisinternational.com\/wp-content\/uploads\/2025\/08\/Organic-food-5-768x430.jpg 768w, https:\/\/www.sisinternational.com\/wp-content\/uploads\/2025\/08\/Organic-food-5-18x10.jpg 18w\" sizes=\"auto, (max-width: 1456px) 100vw, 1456px\"><\/figure>\n\n\n\n<p><\/p>\n\n\n\n<p>L\u2019\u00e9tude de march\u00e9 v\u00e9g\u00e9tarienne donne un aper\u00e7u d\u2019une industrie compos\u00e9e de divers produits et services destin\u00e9s aux personnes qui suivent un mode de vie v\u00e9g\u00e9tarien, qui exclut g\u00e9n\u00e9ralement la viande, la volaille, le poisson et d\u2019autres ingr\u00e9dients d\u2019origine animale. Ce march\u00e9 comprend des produits alimentaires, des boissons et des suppl\u00e9ments v\u00e9g\u00e9tariens, ainsi que des articles non alimentaires tels que des v\u00eatements v\u00e9g\u00e9tariens, des cosm\u00e9tiques et des produits m\u00e9nagers.<\/p>\n\n\n\n<h2 class=\"wp-block-heading\">Segmentation de l\u2019industrie des \u00e9tudes de march\u00e9 v\u00e9g\u00e9tariennes<\/h2>\n\n\n\n<p>L\u2019industrie v\u00e9g\u00e9tarienne englobe une grande vari\u00e9t\u00e9 d\u2019entreprises qui proposent des produits et des services aux personnes qui m\u00e8nent un mode de vie v\u00e9g\u00e9tarien, qui interdit souvent de manger de la viande, du poulet, du poisson et d\u2019autres aliments d\u2019origine animale. Les donn\u00e9es et les strat\u00e9gies des sources d\u2019\u00e9tudes de march\u00e9 v\u00e9g\u00e9tariennes incluent un certain nombre de segments, tels que les aliments et boissons v\u00e9g\u00e9tariens, les suppl\u00e9ments, les biens non alimentaires et les services.<\/p>\n\n\n\n<p><strong>Aliments et boissons<\/strong><\/p>\n\n\n\n<p>The vegetarian <a href=\"https:\/\/www.sisinternational.com\/fr\/solutions\/etude-de-marche-sur-lindustrie-des-boissons-alimentaires\/\" title=\"\u00c9tude de march\u00e9 de l&#039;industrie alimentaire et des boissons\"  data-wpil-monitor-id=\"6159\">industry&#8217;s food and beverage<\/a> sector is made up of companies that manufacture, supply, and market vegetarian food items. This covers plant-based substitutes for meat, dairy, eggs, and other items originating from animals. Fruits, vegetables, grains, legumes, nuts, seeds, plant-based sources of protein, dairy substitutes, meat substitutes, and other vegetarian food items can all be considered vegetarian food products. Often, these items are promoted to flexitarians, vegans, and vegetarians.<\/p>\n\n\n\n<p><strong>Suppl\u00e9ments<\/strong><\/p>\n\n\n\n<p>Le segment des suppl\u00e9ments est compos\u00e9 d&#039;entreprises qui cr\u00e9ent, commercialisent et vendent des vitamines et des compl\u00e9ments alimentaires adapt\u00e9s aux v\u00e9g\u00e9tariens. Contrairement aux suppl\u00e9ments traditionnels, qui utilisent fr\u00e9quemment des substances d\u2019origine animale comme la g\u00e9latine, ces suppl\u00e9ments sont principalement fabriqu\u00e9s \u00e0 partir de sources v\u00e9g\u00e9tales. Les multivitamines, les min\u00e9raux, les acides gras om\u00e9ga-3, les poudres de prot\u00e9ines et autres compl\u00e9ments alimentaires peuvent \u00eatre vendus aux v\u00e9g\u00e9tariens et aux v\u00e9g\u00e9taliens qui peuvent avoir des besoins nutritionnels particuliers en raison de leurs limitations alimentaires en tant que compl\u00e9ments v\u00e9g\u00e9tariens.<\/p>\n\n\n\n<p><strong>Articles non alimentaires<\/strong><\/p>\n\n\n\n<p>The non-food items category within the vegetarian industry includes businesses that produce, distribute, and sell non-food products that cater to vegetarians. This may include vegetarian clothing, footwear, accessories, cosmetics, <a href=\"https:\/\/www.sisinternational.com\/fr\/competence\/cv-dexperience\/etude-de-marche-sur-les-produits-de-soins-personnels\/\" title=\"\u00c9tude de march\u00e9 sur les produits de soins personnels\"  data-wpil-monitor-id=\"6158\">personal care products<\/a>, household products, and other non-food items that are certified as cruelty-free, vegan, and free from animal-derived ingredients. These products are typically <a href=\"https:\/\/www.sisinternational.com\/fr\/naviguer-dans-les-differences-projets-detudes-de-marche-mondiaux\/\" title=\"Diff\u00e9rences culturelles dans les \u00e9tudes de march\u00e9 mondiales\"  data-wpil-monitor-id=\"6157\">marketed to environmentally conscious consumers<\/a>, ethical consumers, and those who follow a vegetarian or vegan lifestyle.<\/p>\n\n\n\n<p><strong>Prestations de service<\/strong><\/p>\n\n\n\n<p>Le secteur des services de l&#039;industrie v\u00e9g\u00e9tarienne est compos\u00e9 d&#039;entreprises qui offrent des services associ\u00e9s au v\u00e9g\u00e9tarisme, tels que des restaurants v\u00e9g\u00e9tariens, des services de restauration, des cours de cuisine, la planification de repas, des conseils en nutrition v\u00e9g\u00e9tarienne et d&#039;autres entreprises qui r\u00e9pondent aux exigences et pr\u00e9f\u00e9rences alimentaires des v\u00e9g\u00e9tariens et des v\u00e9g\u00e9taliens. . Ceux qui vivent un mode de vie v\u00e9g\u00e9tarien ou \u00e0 base de plantes et recherchent des services sp\u00e9cialis\u00e9s qui compl\u00e8tent leurs pr\u00e9f\u00e9rences alimentaires sont souvent le public cible de ces services.<\/p>\n\n\n\n<h2 class=\"wp-block-heading\">Cibler les clients de l&#039;industrie v\u00e9g\u00e9tarienne<\/h2>\n\n\n\n<figure class=\"gb-block-image gb-block-image-edce38f3\"><img loading=\"lazy\" decoding=\"async\" width=\"1456\" height=\"816\" class=\"gb-image gb-image-edce38f3\" src=\"https:\/\/www.sisinternational.com\/wp-content\/uploads\/2025\/08\/Organic-food-2.jpg\" alt=\"\u00c9tudes de march\u00e9 et strat\u00e9gie internationales SIS\" title=\"Organic food (2)\" srcset=\"https:\/\/www.sisinternational.com\/wp-content\/uploads\/2025\/08\/Organic-food-2.jpg 1456w, https:\/\/www.sisinternational.com\/wp-content\/uploads\/2025\/08\/Organic-food-2-300x168.jpg 300w, https:\/\/www.sisinternational.com\/wp-content\/uploads\/2025\/08\/Organic-food-2-1024x574.jpg 1024w, https:\/\/www.sisinternational.com\/wp-content\/uploads\/2025\/08\/Organic-food-2-768x430.jpg 768w, https:\/\/www.sisinternational.com\/wp-content\/uploads\/2025\/08\/Organic-food-2-18x10.jpg 18w\" sizes=\"auto, (max-width: 1456px) 100vw, 1456px\"><\/figure>\n\n\n\n<p><\/p>\n\n\n\n<p>L\u2019\u00e9tude de march\u00e9 v\u00e9g\u00e9tarienne fournit un aper\u00e7u des diff\u00e9rentes cat\u00e9gories d\u2019individus consid\u00e9r\u00e9s comme des cibles de l\u2019industrie. Ces clients sont les suivants\u00a0:<\/p>\n\n\n\n<ul class=\"wp-block-list\">\n<li><strong>V\u00e9g\u00e9tariens et v\u00e9g\u00e9taliens\u00a0:<\/strong>\u00a0les personnes qui suivent strictement un mode de vie v\u00e9g\u00e9tarien ou \u00e0 base de plantes et recherchent activement des produits alimentaires, des suppl\u00e9ments, des produits non alimentaires et des services v\u00e9g\u00e9tariens qui correspondent \u00e0 leurs choix alimentaires. Ils peuvent choisir d&#039;\u00e9viter la viande, les produits laitiers, les \u0153ufs et d&#039;autres ingr\u00e9dients d&#039;origine animale pour diverses raisons telles que la sant\u00e9, la durabilit\u00e9 environnementale, le bien-\u00eatre animal et des consid\u00e9rations \u00e9thiques.<\/li>\n\n\n\n<li><strong>Flexitariens\u00a0: <\/strong>those who primarily follow a vegetarian or plant-based diet but occasionally <a href=\"https:\/\/www.sisinternational.com\/fr\/solutions\/test-de-gout\/test-de-produits-de-consommation-a-new-york\/\" title=\"Tests de produits de consommation \u00e0 New York\"  data-wpil-monitor-id=\"6164\">consume meat or other animal-derived products<\/a>. Flexitarians may choose to incorporate more plant-based <a href=\"https:\/\/www.sisinternational.com\/fr\/competence\/les-industries\/etude-de-marche-sur-la-perte-de-poids-des-aliments-dietetiques\/\" title=\"\u00c9tude de march\u00e9 sur les aliments di\u00e9t\u00e9tiques et la perte de poids\"  data-wpil-monitor-id=\"6162\">foods into their diet<\/a> for health reasons, environmental concerns, or ethical considerations but may still consume meat or other animal-derived products on occasion. They may seek out vegetarian food products, supplements, non-food items, and services that offer healthier, more sustainable, and ethical options.<\/li>\n\n\n\n<li><strong>Consommateurs soucieux de l\u2019environnement et de l\u2019\u00e9thique\u00a0:<\/strong>\u00a0des consommateurs qui privil\u00e9gient la durabilit\u00e9 environnementale et le bien-\u00eatre animal dans leurs d\u00e9cisions d\u2019achat. Ils peuvent choisir de soutenir les entreprises v\u00e9g\u00e9tariennes qui proposent des produits et services plus durables et \u00e9thiques, m\u00eame s\u2019ils ne suivent pas eux-m\u00eames un r\u00e9gime strictement v\u00e9g\u00e9tarien ou \u00e0 base de plantes.<\/li>\n\n\n\n<li><strong>Consommateurs soucieux de leur sant\u00e9 et de leur bien-\u00eatre\u00a0:<\/strong>\u00a0les consommateurs qui donnent la priorit\u00e9 \u00e0 leur sant\u00e9 et \u00e0 leur bien-\u00eatre et recherchent des produits alimentaires v\u00e9g\u00e9tariens et des suppl\u00e9ments contenant des nutriments v\u00e9g\u00e9taux.<\/li>\n<\/ul>\n\n\n\n<h2 class=\"wp-block-heading\">Tendances de l&#039;industrie<\/h2>\n\n\n\n<p>L\u2019industrie v\u00e9g\u00e9talienne prend rapidement de l\u2019ampleur, port\u00e9e par divers facteurs ayant un impact sur sa croissance. Les donn\u00e9es et les strat\u00e9gies des \u00e9tudes de march\u00e9 v\u00e9g\u00e9tariennes explorent les principaux moteurs de la croissance de ce march\u00e9 dynamique.<\/p>\n\n\n\n<ul class=\"wp-block-list\">\n<li><strong>Sant\u00e9 et bien-\u00eatre:<\/strong>\u00a0A key trend influencing the vegetarian sector is the rising public awareness of the health advantages of plant-based diets. A vegetarian diet is frequently linked to a lower chance of developing chronic illnesses like diabetes, heart disease, and certain types of cancer. Fiber, vitamins, minerals, and phytonutrients are commonly abundant in plant-based diets and are crucial for preserving general health and wellbeing. The demand for vegetarian food products and <a href=\"https:\/\/www.sisinternational.com\/fr\/competence\/les-industries\/etude-de-marche-sur-les-supplements-nutritionnels\/\" title=\"\u00c9tude de march\u00e9 sur les suppl\u00e9ments nutritionnels\"  data-wpil-monitor-id=\"6163\">supplements that provide plant-based nutrition<\/a> is anticipated to increase as consumers place an increased emphasis on their health and wellness.<\/li>\n\n\n\n<li><strong>Pr\u00e9occupations \u00e9thiques:<\/strong>\u00a0En raison de pr\u00e9occupations \u00e9thiques concernant la souffrance animale, de plus en plus de clients adoptent un r\u00e9gime v\u00e9g\u00e9talien. Les gens d\u00e9cident de s\u2019abstenir de manger de la viande et des produits issus d\u2019animaux afin de promouvoir un traitement compatissant envers les animaux et de r\u00e9duire leur r\u00f4le dans l\u2019exploitation animale. La demande de v\u00eatements, de cosm\u00e9tiques et d\u2019articles m\u00e9nagers certifi\u00e9s v\u00e9g\u00e9taliens et sans cruaut\u00e9 envers les animaux, ainsi que de produits alimentaires v\u00e9g\u00e9tariens, est motiv\u00e9e par cette pr\u00e9occupation \u00e9thique.<\/li>\n\n\n\n<li><strong>Innovation dans les produits alimentaires v\u00e9g\u00e9tariens\u00a0:<\/strong>\u00a0Le d\u00e9veloppement de nouveaux aliments \u00e0 base de plantes dont les profils nutritionnels ressemblent \u00e0 ceux de la viande et d\u2019autres produits d\u2019origine animale constitue un domaine d\u2019innovation important pour le secteur v\u00e9g\u00e9tarien. Les donn\u00e9es et les strat\u00e9gies des \u00e9tudes de march\u00e9 v\u00e9g\u00e9tariennes peuvent \u00eatre utilis\u00e9es pour identifier les am\u00e9liorations apport\u00e9es \u00e0 la technologie de transformation des aliments, \u00e0 l&#039;approvisionnement en ingr\u00e9dients et aux techniques d&#039;aromatisation qui ont conduit au d\u00e9veloppement d&#039;une vari\u00e9t\u00e9 de substituts \u00e0 base de plantes pour la viande, les produits laitiers, les \u0153ufs et d&#039;autres produits fabriqu\u00e9s \u00e0 partir de animaux.<\/li>\n\n\n\n<li><strong>Croissance des canaux de distribution\u00a0:<\/strong>\u00a0Les produits et services alimentaires v\u00e9g\u00e9tariens sont distribu\u00e9s via davantage de canaux, ce qui contribue au d\u00e9veloppement de l\u2019industrie v\u00e9g\u00e9tarienne. Les produits alimentaires v\u00e9g\u00e9tariens sont de plus en plus disponibles dans les \u00e9piceries ordinaires, les march\u00e9s Internet et les \u00e9tablissements de restauration plut\u00f4t que dans les magasins d&#039;aliments naturels de niche.<\/li>\n<\/ul>\n\n\n\n<h2 class=\"wp-block-heading\">\u00c0 propos de l\u2019\u00e9tude de march\u00e9 v\u00e9g\u00e9tarienne<\/h2>\n\n\n\n<figure class=\"gb-block-image gb-block-image-849d7e81\"><img loading=\"lazy\" decoding=\"async\" width=\"1456\" height=\"816\" class=\"gb-image gb-image-849d7e81\" src=\"https:\/\/www.sisinternational.com\/wp-content\/uploads\/2025\/08\/Organic-food-1.jpg\" alt=\"\u00c9tudes de march\u00e9 et strat\u00e9gie internationales SIS\" title=\"Organic food (1)\" srcset=\"https:\/\/www.sisinternational.com\/wp-content\/uploads\/2025\/08\/Organic-food-1.jpg 1456w, https:\/\/www.sisinternational.com\/wp-content\/uploads\/2025\/08\/Organic-food-1-300x168.jpg 300w, https:\/\/www.sisinternational.com\/wp-content\/uploads\/2025\/08\/Organic-food-1-1024x574.jpg 1024w, https:\/\/www.sisinternational.com\/wp-content\/uploads\/2025\/08\/Organic-food-1-768x430.jpg 768w, https:\/\/www.sisinternational.com\/wp-content\/uploads\/2025\/08\/Organic-food-1-18x10.jpg 18w\" sizes=\"auto, (max-width: 1456px) 100vw, 1456px\"><\/figure>\n\n\n\n<p><\/p>\n\n\n\n<p>As the demand for vegetarian food and products continues to grow, understanding the <a href=\"https:\/\/www.sisinternational.com\/fr\/solutions\/recherche-de-conseil-en-strategie-fintech\/conseil-en-strategie-detude-de-marche-aupres-des-consommateurs-non-bancarises\/\" title=\"Etude de march\u00e9 et conseil en strat\u00e9gie pour les consommateurs non bancaris\u00e9s\"  data-wpil-monitor-id=\"6161\">market trends and consumer<\/a> preferences in the vegetarian industry becomes crucial for those who own vegetarian businesses. Vegetarian market research provides insights into the increasing adoption of plant-based diets to the rise of flexitarianism, ethical and environmental considerations, and the demand for innovative and high-quality vegetarian products and services; understanding these trends can help vegetarian business owners stay ahead in the <a href=\"https:\/\/www.sisinternational.com\/fr\/solutions\/recherche-de-conseil-en-strategie-fintech\/etude-de-marche-sur-les-marches-des-capitaux\/\" title=\"\u00c9tude de march\u00e9 sur les march\u00e9s des capitaux\"  data-wpil-monitor-id=\"6160\">market and capitalize<\/a> on the opportunities presented by the expanding vegetarian industry.<\/p>","protected":false},"excerpt":{"rendered":"<p>Le march\u00e9 v\u00e9g\u00e9tarien comprend des aliments, des boissons et des suppl\u00e9ments, ainsi que des articles tels que des v\u00eatements, des cosm\u00e9tiques et des produits m\u00e9nagers.<\/p>","protected":false},"author":1,"featured_media":64001,"parent":22018,"menu_order":258,"comment_status":"closed","ping_status":"closed","template":"","meta":{"footnotes":""},"class_list":["post-42381","page","type-page","status-publish","has-post-thumbnail"],"_links":{"self":[{"href":"https:\/\/www.sisinternational.com\/fr\/wp-json\/wp\/v2\/pages\/42381","targetHints":{"allow":["GET"]}}],"collection":[{"href":"https:\/\/www.sisinternational.com\/fr\/wp-json\/wp\/v2\/pages"}],"about":[{"href":"https:\/\/www.sisinternational.com\/fr\/wp-json\/wp\/v2\/types\/page"}],"author":[{"embeddable":true,"href":"https:\/\/www.sisinternational.com\/fr\/wp-json\/wp\/v2\/users\/1"}],"replies":[{"embeddable":true,"href":"https:\/\/www.sisinternational.com\/fr\/wp-json\/wp\/v2\/comments?post=42381"}],"version-history":[{"count":4,"href":"https:\/\/www.sisinternational.com\/fr\/wp-json\/wp\/v2\/pages\/42381\/revisions"}],"predecessor-version":[{"id":79756,"href":"https:\/\/www.sisinternational.com\/fr\/wp-json\/wp\/v2\/pages\/42381\/revisions\/79756"}],"up":[{"embeddable":true,"href":"https:\/\/www.sisinternational.com\/fr\/wp-json\/wp\/v2\/pages\/22018"}],"wp:featuredmedia":[{"embeddable":true,"href":"https:\/\/www.sisinternational.com\/fr\/wp-json\/wp\/v2\/media\/64001"}],"wp:attachment":[{"href":"https:\/\/www.sisinternational.com\/fr\/wp-json\/wp\/v2\/media?parent=42381"}],"curies":[{"name":"wp","href":"https:\/\/api.w.org\/{rel}","templated":true}]}}