{"id":42375,"date":"2023-04-14T15:00:51","date_gmt":"2023-04-14T19:00:51","guid":{"rendered":"https:\/\/www.sisinternational.com\/?page_id=42375"},"modified":"2026-01-26T18:17:45","modified_gmt":"2026-01-26T23:17:45","slug":"etude-marketing-des-articles-de-sport","status":"publish","type":"page","link":"https:\/\/www.sisinternational.com\/fr\/competence\/etude-marketing-des-articles-de-sport\/","title":{"rendered":"Recherche marketing sur les articles de sport"},"content":{"rendered":"<h1 class=\"wp-block-heading\">Recherche marketing sur les articles de sport<\/h1>\n\n\n\n<figure class=\"gb-block-image gb-block-image-6c9229dc\"><img loading=\"lazy\" decoding=\"async\" width=\"1456\" height=\"816\" class=\"gb-image gb-image-6c9229dc\" src=\"https:\/\/www.sisinternational.com\/wp-content\/uploads\/2025\/08\/Golf-sport-6.jpg\" alt=\"\u00c9tudes de march\u00e9 et strat\u00e9gie internationales SIS\" title=\"Golf sport (6)\" srcset=\"https:\/\/www.sisinternational.com\/wp-content\/uploads\/2025\/08\/Golf-sport-6.jpg 1456w, https:\/\/www.sisinternational.com\/wp-content\/uploads\/2025\/08\/Golf-sport-6-300x168.jpg 300w, https:\/\/www.sisinternational.com\/wp-content\/uploads\/2025\/08\/Golf-sport-6-1024x574.jpg 1024w, https:\/\/www.sisinternational.com\/wp-content\/uploads\/2025\/08\/Golf-sport-6-768x430.jpg 768w, https:\/\/www.sisinternational.com\/wp-content\/uploads\/2025\/08\/Golf-sport-6-18x10.jpg 18w\" sizes=\"auto, (max-width: 1456px) 100vw, 1456px\"><\/figure>\n\n\n\n<p><\/p>\n\n\n\n<p>La recherche marketing sur les articles de sport couvre une industrie mondiale florissante qui couvre une large gamme de produits utilis\u00e9s dans diverses activit\u00e9s sportives et r\u00e9cr\u00e9atives. Cette industrie s&#039;adresse \u00e0 une client\u00e8le diversifi\u00e9e, notamment des athl\u00e8tes, des passionn\u00e9s de sport, des amateurs de fitness et des utilisateurs r\u00e9cr\u00e9atifs, et propose une large gamme de produits tels que des \u00e9quipements de sport, des v\u00eatements, des chaussures, des accessoires et des \u00e9quipements de fitness.<\/p>\n\n\n\n<h2 class=\"wp-block-heading\">Moteurs de l\u2019industrie de la recherche en marketing d\u2019articles de sport<\/h2>\n\n\n\n<p>L\u2019un des principaux facteurs de croissance de l\u2019industrie des articles et \u00e9quipements de sport est la prise de conscience mondiale croissante et l\u2019importance accord\u00e9e \u00e0 la sant\u00e9 et \u00e0 la forme physique. Avec la pr\u00e9valence croissante des modes de vie s\u00e9dentaires et des probl\u00e8mes de sant\u00e9 chroniques, de plus en plus de personnes recherchent des moyens de pratiquer des activit\u00e9s physiques, ce qui stimule la demande d&#039;articles et d&#039;\u00e9quipements de sport. De plus, la popularit\u00e9 croissante des sports organis\u00e9s, les tendances en mati\u00e8re de fitness et les activit\u00e9s r\u00e9cr\u00e9atives de plein air alimentent \u00e9galement la demande de produits de sport et de fitness.<\/p>\n\n\n\n<p>Another factor driving the trends in the sporting goods and equipment <a href=\"https:\/\/www.sisinternational.com\/fr\/competence\/les-industries\/groupes-de-discussion-industriels\/\" title=\"Groupes de discussion industriels\"  data-wpil-monitor-id=\"9917\">industry include increased focus<\/a> on product innovation and development, integration of advanced technologies, and sustainability initiatives. Market research provides insights on manufacturers that are constantly introducing <a href=\"https:\/\/www.sisinternational.com\/fr\/sis-lance-de-nouvelles-solutions-de-recherche-numerique\/\" title=\"SIS lance de nouvelles solutions de recherche num\u00e9rique\"  data-wpil-monitor-id=\"9909\">innovative<\/a> products with improved performance, comfort, and durability to cater to the evolving needs of consumers. Technology-driven products such as smart wearables, connected fitness equipment, and sports tracking devices are gaining popularity among consumers, providing opportunities for growth.<\/p>\n\n\n\n<p>Lastly, sustainability and eco-friendly practices are becoming increasingly important in the industry, with <a href=\"https:\/\/www.sisinternational.com\/fr\/solutions\/test-de-gout\/test-de-produits-de-consommation-a-new-york\/\" title=\"Tests de produits de consommation \u00e0 New York\"  data-wpil-monitor-id=\"9922\">consumers seeking environmentally conscious products<\/a> and brands. Data and strategies in <a href=\"https:\/\/www.sisinternational.com\/fr\/competence\/les-industries\/etude-de-marche-sur-les-paris-sportifs\/\" title=\"\u00c9tude de march\u00e9 sur les paris sportifs\"  data-wpil-monitor-id=\"3990\">Recherche marketing sur les articles de sport<\/a> help guide companies that are adopting sustainable materials, manufacturing processes, and packaging solutions to reduce their environmental footprint and meet consumer demands for sustainable options.<\/p>\n\n\n\n<h2 class=\"wp-block-heading\">D\u00e9fis et opportunit\u00e9s de la recherche marketing sur les articles de sport<\/h2>\n\n\n\n<h3 class=\"wp-block-heading\">L\u2019industrie est \u00e9galement confront\u00e9e \u00e0 des d\u00e9fis. les \u00e9tudes de march\u00e9 fournissent un aper\u00e7u des perturbations du secteur telles que les suivantes\u00a0:<\/h3>\n\n\n\n<ul class=\"wp-block-list\">\n<li>Les catastrophes naturelles telles que les ouragans, les tremblements de terre, les inondations, les incendies et les tornades peuvent perturber les itin\u00e9raires de transport, endommager les infrastructures et perturber les installations de production, entra\u00eenant des retards ou des perturbations dans la circulation des biens et des services tout au long de la cha\u00eene d&#039;approvisionnement.<\/li>\n\n\n\n<li>Perturbations des transports, telles que gr\u00e8ves, fermetures de ports, p\u00e9nuries de capacit\u00e9 de transport ou perturbations des services de logistique et de fret.<\/li>\n\n\n\n<li>Les perturbations dans l&#039;approvisionnement en mati\u00e8res premi\u00e8res ou en composants des fournisseurs, telles que les faillites de fournisseurs, les retards de production, les probl\u00e8mes de qualit\u00e9 ou les tensions g\u00e9opolitiques, peuvent perturber la cha\u00eene d&#039;approvisionnement et avoir un impact sur la disponibilit\u00e9 des marchandises pour la fabrication ou la distribution.<\/li>\n\n\n\n<li>Les probl\u00e8mes de qualit\u00e9 ou de s\u00e9curit\u00e9 li\u00e9s aux produits ou aux composants, tels que les rappels de produits, les rappels de s\u00e9curit\u00e9 ou les \u00e9checs du contr\u00f4le qualit\u00e9, peuvent perturber la cha\u00eene d&#039;approvisionnement en arr\u00eatant la production, en provoquant des retards ou en n\u00e9cessitant une reprise ou le remplacement des produits.<\/li>\n\n\n\n<li>Les tensions g\u00e9opolitiques, les diff\u00e9rends commerciaux ou les changements de politique peuvent cr\u00e9er des incertitudes dans le commerce mondial, entra\u00eenant des perturbations dans les cha\u00eenes d&#039;approvisionnement, des changements dans les strat\u00e9gies d&#039;approvisionnement ou des retards dans le d\u00e9douanement.<\/li>\n<\/ul>\n\n\n\n<p>Les entreprises doivent reconna\u00eetre et g\u00e9rer les risques potentiels dans leurs cha\u00eenes d&#039;approvisionnement, ainsi que cr\u00e9er des plans de secours pour att\u00e9nuer les effets des perturbations. Cela peut impliquer de diversifier les fournisseurs, de cr\u00e9er des redondances dans la cha\u00eene d&#039;approvisionnement, de maintenir des niveaux de stocks ad\u00e9quats, d&#039;\u00e9tablir des canaux de communication avec les fournisseurs et les partenaires, ainsi que de surveiller et de r\u00e9pondre en temps opportun aux perturbations potentielles.<\/p>\n\n\n\n<h2 class=\"wp-block-heading\">Segmentation du march\u00e9 des articles de sport<\/h2>\n\n\n\n<figure class=\"gb-block-image gb-block-image-4aa5acc2\"><img loading=\"lazy\" decoding=\"async\" width=\"1456\" height=\"816\" class=\"gb-image gb-image-4aa5acc2\" src=\"https:\/\/www.sisinternational.com\/wp-content\/uploads\/2025\/08\/Soccer-football-sport-4.jpg\" alt=\"\u00c9tudes de march\u00e9 et strat\u00e9gie internationales SIS\" title=\"Soccer football sport (4)\" srcset=\"https:\/\/www.sisinternational.com\/wp-content\/uploads\/2025\/08\/Soccer-football-sport-4.jpg 1456w, https:\/\/www.sisinternational.com\/wp-content\/uploads\/2025\/08\/Soccer-football-sport-4-300x168.jpg 300w, https:\/\/www.sisinternational.com\/wp-content\/uploads\/2025\/08\/Soccer-football-sport-4-1024x574.jpg 1024w, https:\/\/www.sisinternational.com\/wp-content\/uploads\/2025\/08\/Soccer-football-sport-4-768x430.jpg 768w, https:\/\/www.sisinternational.com\/wp-content\/uploads\/2025\/08\/Soccer-football-sport-4-18x10.jpg 18w\" sizes=\"auto, (max-width: 1456px) 100vw, 1456px\"><\/figure>\n\n\n\n<p><\/p>\n\n\n\n<h3 class=\"wp-block-heading\">Voici diff\u00e9rents segments de march\u00e9 bas\u00e9s sur diff\u00e9rents crit\u00e8res, notamment :<\/h3>\n\n\n\n<ul class=\"wp-block-list\">\n<li><strong>Type de produit:<\/strong> cette segmentation est bas\u00e9e sur le type d&#039;articles et d&#039;\u00e9quipements de sport. Les donn\u00e9es et les strat\u00e9gies de la recherche marketing sur les articles de sport peuvent inclure des cat\u00e9gories de ce segment telles que les \u00e9quipements de sport, les v\u00eatements de sport, les chaussures de sport, les accessoires de sport et les \u00e9quipements de fitness.<\/li>\n\n\n\n<li><strong>Cat\u00e9gorie sportive\u00a0:<\/strong> ceci est bas\u00e9 sur les diff\u00e9rentes activit\u00e9s sportives ou r\u00e9cr\u00e9atives. Il peut inclure des segments tels que les sports d&#039;\u00e9quipe (soccer, hockey), les sports individuels (golf, bowling), les sports nautiques (natation, surf), les sports de plein air (v\u00e9lo, randonn\u00e9e), les sports d&#039;hiver (snowboard, ski) et le fitness et la gym. \u00e9quipement.<\/li>\n\n\n\n<li><strong>Canal de distribution:<\/strong> ce segment couvre les biens en fonction des diff\u00e9rents canaux par lesquels ils sont vendus. Il peut inclure des segments tels que la vente au d\u00e9tail en ligne, les magasins sp\u00e9cialis\u00e9s, les grands magasins, les magasins d&#039;articles de sport, les clubs de fitness et de sport, etc.<\/li>\n\n\n\n<li><strong>Donn\u00e9es d\u00e9mographiques\u00a0:<\/strong> ceci est bas\u00e9 sur les caract\u00e9ristiques des consommateurs, telles que l\u2019\u00e2ge, le sexe, le revenu et le mode de vie. Par exemple, les segments pourraient inclure les enfants, les jeunes, les adultes et les personnes \u00e2g\u00e9es, ou des segments bas\u00e9s sur le sexe, les niveaux de revenus et les pr\u00e9f\u00e9rences en mati\u00e8re de style de vie.<\/li>\n\n\n\n<li><strong>Marque\/Fabricant\u00a0:<\/strong> this is categorized based on different brands or manufacturers in the <a href=\"https:\/\/www.sisinternational.com\/fr\/competence\/les-industries\/etude-de-marche-du-sport\/\" title=\"\u00c9tude de march\u00e9 du sport\"  data-wpil-monitor-id=\"9913\">sporting goods market<\/a>. It can include segments such as global brands, regional brands, and local or niche brands.<\/li>\n<\/ul>\n\n\n\n<h2 class=\"wp-block-heading\">Le paysage des concurrents<\/h2>\n\n\n\n<p>Le march\u00e9 des articles et \u00e9quipements de sport est extr\u00eamement comp\u00e9titif, avec de nombreux concurrents nationaux et internationaux qui se battent pour la domination du march\u00e9. Les principaux acteurs du secteur sont les suivants\u00a0:<\/p>\n\n\n\n<ul class=\"wp-block-list\">\n<li><strong>Nike<\/strong> is a worldwide leader in athletic footwear, apparel, and equipment. This global brand designs, manufactures and <a href=\"https:\/\/www.sisinternational.com\/fr\/competence\/cv-dexperience\/etude-de-marche-sur-les-produits-de-soins-personnels\/\" title=\"\u00c9tude de march\u00e9 sur les produits de soins personnels\"  data-wpil-monitor-id=\"9915\">markets a wide range of products<\/a> for various sports, including basketball, running, soccer, and more. Nike is known for its innovative products, strong brand image, and extensive global distribution network.<\/li>\n\n\n\n<li><strong>Adidas AG<\/strong> is a multinational corporation that designs, manufactures, and <a href=\"https:\/\/www.sisinternational.com\/fr\/competence\/les-industries\/etude-de-marche-de-la-chaussure\/\" title=\"\u00c9tude de march\u00e9 sur les chaussures\"  data-wpil-monitor-id=\"6812\">markets sports footwear<\/a>, apparel, and accessories. It offers a wide range of products for sports such as soccer, basketball, running, and more. Adidas is known for its cutting-edge technology, performance-oriented products, and global brand presence.<\/li>\n\n\n\n<li><strong>Under Armour Inc.<\/strong>. est une soci\u00e9t\u00e9 bas\u00e9e aux \u00c9tats-Unis sp\u00e9cialis\u00e9e dans les v\u00eatements, chaussures et accessoires de sport de performance. Elle propose une gamme de produits pour des sports tels que le football, le basket-ball, le golf, etc. Under Armour est connu pour l&#039;accent qu&#039;il met sur l&#039;innovation, le soutien des athl\u00e8tes et les campagnes marketing.<\/li>\n\n\n\n<li><strong>Puma SE<\/strong> est une marque de sport mondiale qui propose une large gamme de chaussures, de v\u00eatements et d&#039;accessoires pour des sports tels que le football, la course \u00e0 pied, le golf et bien plus encore. Puma est connu pour ses designs distinctifs, ses produits ax\u00e9s sur le style de vie et ses collaborations avec des athl\u00e8tes et des c\u00e9l\u00e9brit\u00e9s de haut niveau.<\/li>\n\n\n\n<li><strong>Soci\u00e9t\u00e9 VF<\/strong> est un autre conglom\u00e9rat mondial de v\u00eatements et de chaussures qui poss\u00e8de plusieurs marques renomm\u00e9es d&#039;articles de sport, notamment The North Face, Vans, Timberland, etc. VF Corporation propose une gamme diversifi\u00e9e de produits pour les sports de plein air et d&#039;action et est connue pour son solide portefeuille de marques et sa port\u00e9e mondiale.<\/li>\n<\/ul>\n\n\n\n<h2 class=\"wp-block-heading\">\u00c0 propos des d\u00e9fis de la recherche marketing sur les articles de sport<\/h2>\n\n\n\n<figure class=\"gb-block-image gb-block-image-cdb20530\"><img loading=\"lazy\" decoding=\"async\" width=\"1456\" height=\"816\" class=\"gb-image gb-image-cdb20530\" src=\"https:\/\/www.sisinternational.com\/wp-content\/uploads\/2025\/08\/Soccer-football-sport-6.jpg\" alt=\"\u00c9tudes de march\u00e9 et strat\u00e9gie internationales SIS\" title=\"Soccer football sport (6)\" srcset=\"https:\/\/www.sisinternational.com\/wp-content\/uploads\/2025\/08\/Soccer-football-sport-6.jpg 1456w, https:\/\/www.sisinternational.com\/wp-content\/uploads\/2025\/08\/Soccer-football-sport-6-300x168.jpg 300w, https:\/\/www.sisinternational.com\/wp-content\/uploads\/2025\/08\/Soccer-football-sport-6-1024x574.jpg 1024w, https:\/\/www.sisinternational.com\/wp-content\/uploads\/2025\/08\/Soccer-football-sport-6-768x430.jpg 768w, https:\/\/www.sisinternational.com\/wp-content\/uploads\/2025\/08\/Soccer-football-sport-6-18x10.jpg 18w\" sizes=\"auto, (max-width: 1456px) 100vw, 1456px\"><\/figure>\n\n\n\n<p><\/p>\n\n\n\n<p>Sporting goods and equipment industry is a <a href=\"https:\/\/www.sisinternational.com\/fr\/global-beverage-market\/\" title=\"Global Beverage Market: Market Dynamics, Growth Projections &amp; Consumer Insights\"  data-wpil-monitor-id=\"9911\">dynamic and growing market<\/a> driven by increasing awareness of health and fitness, technological advancements, and changing consumer preferences. However, it also <a href=\"https:\/\/www.sisinternational.com\/fr\/les-nouvelles-tendances-danalyse-des-consommateurs-americains-auxquelles-nous-sommes-confrontes-les-detaillants\/\" title=\"La nouvelle analyse des consommateurs am\u00e9ricains\u00a0: tendances auxquelles sont confront\u00e9s les d\u00e9taillants am\u00e9ricains\"  data-wpil-monitor-id=\"9920\">faces challenges and evolving trends<\/a> that require companies to be agile and innovative to stay competitive in this fast-paced industry.<\/p>\n\n\n\n<p>Sporting goods marketing research is crucial for a business executive in the sporting goods industry as it provides valuable data and strategies in Sporting Goods Marketing Research such as insights into customer preferences, market trends, competition analysis, and opportunities for growth. <a href=\"https:\/\/www.sisinternational.com\/fr\/etude-de-cas-sis-sur-les-informations-en-magasin-dans-le-monde-entier\/\" title=\"Informations sur les acheteurs en magasin \u2014 \u00c9tude de cas d&#039;\u00e9tude de march\u00e9\"  data-wpil-monitor-id=\"9910\">Market research provides insights<\/a> that helps achieve strategic decision-making, target marketing efforts, and tailor products and services to satisfy customers, ultimately driving business success.<\/p>\n\n\n\n<p><\/p>\n\n\n\n<p><\/p>","protected":false},"excerpt":{"rendered":"<p>La recherche marketing sur les articles de sport couvre une industrie mondiale avec une large gamme de produits utilis\u00e9s dans diverses activit\u00e9s sportives et r\u00e9cr\u00e9atives.<\/p>","protected":false},"author":1,"featured_media":63668,"parent":14514,"menu_order":256,"comment_status":"closed","ping_status":"closed","template":"","meta":{"footnotes":""},"class_list":["post-42375","page","type-page","status-publish","has-post-thumbnail"],"_links":{"self":[{"href":"https:\/\/www.sisinternational.com\/fr\/wp-json\/wp\/v2\/pages\/42375","targetHints":{"allow":["GET"]}}],"collection":[{"href":"https:\/\/www.sisinternational.com\/fr\/wp-json\/wp\/v2\/pages"}],"about":[{"href":"https:\/\/www.sisinternational.com\/fr\/wp-json\/wp\/v2\/types\/page"}],"author":[{"embeddable":true,"href":"https:\/\/www.sisinternational.com\/fr\/wp-json\/wp\/v2\/users\/1"}],"replies":[{"embeddable":true,"href":"https:\/\/www.sisinternational.com\/fr\/wp-json\/wp\/v2\/comments?post=42375"}],"version-history":[{"count":6,"href":"https:\/\/www.sisinternational.com\/fr\/wp-json\/wp\/v2\/pages\/42375\/revisions"}],"predecessor-version":[{"id":81644,"href":"https:\/\/www.sisinternational.com\/fr\/wp-json\/wp\/v2\/pages\/42375\/revisions\/81644"}],"up":[{"embeddable":true,"href":"https:\/\/www.sisinternational.com\/fr\/wp-json\/wp\/v2\/pages\/14514"}],"wp:featuredmedia":[{"embeddable":true,"href":"https:\/\/www.sisinternational.com\/fr\/wp-json\/wp\/v2\/media\/63668"}],"wp:attachment":[{"href":"https:\/\/www.sisinternational.com\/fr\/wp-json\/wp\/v2\/media?parent=42375"}],"curies":[{"name":"wp","href":"https:\/\/api.w.org\/{rel}","templated":true}]}}