{"id":42373,"date":"2023-04-14T13:56:41","date_gmt":"2023-04-14T17:56:41","guid":{"rendered":"https:\/\/www.sisinternational.com\/?page_id=42373"},"modified":"2026-01-26T16:54:14","modified_gmt":"2026-01-26T21:54:14","slug":"etude-de-marche-sur-les-hotels-a-service-selectionne","status":"publish","type":"page","link":"https:\/\/www.sisinternational.com\/fr\/competence\/etude-de-marche-sur-les-hotels-a-service-selectionne\/","title":{"rendered":"\u00c9tude de march\u00e9 sur les h\u00f4tels \u00e0 service s\u00e9lectionn\u00e9"},"content":{"rendered":"<h1 class=\"wp-block-heading\">\u00c9tude de march\u00e9 sur les h\u00f4tels \u00e0 service s\u00e9lectionn\u00e9<\/h1>\n\n\n\n<figure class=\"gb-block-image gb-block-image-a964e7b0\"><img loading=\"lazy\" decoding=\"async\" width=\"1456\" height=\"816\" class=\"gb-image gb-image-a964e7b0\" src=\"https:\/\/www.sisinternational.com\/wp-content\/uploads\/2025\/08\/hotel-13.jpg\" alt=\"\u00c9tudes de march\u00e9 et strat\u00e9gie internationales SIS\" title=\"hotel (13)\" srcset=\"https:\/\/www.sisinternational.com\/wp-content\/uploads\/2025\/08\/hotel-13.jpg 1456w, https:\/\/www.sisinternational.com\/wp-content\/uploads\/2025\/08\/hotel-13-300x168.jpg 300w, https:\/\/www.sisinternational.com\/wp-content\/uploads\/2025\/08\/hotel-13-1024x574.jpg 1024w, https:\/\/www.sisinternational.com\/wp-content\/uploads\/2025\/08\/hotel-13-768x430.jpg 768w, https:\/\/www.sisinternational.com\/wp-content\/uploads\/2025\/08\/hotel-13-18x10.jpg 18w\" sizes=\"auto, (max-width: 1456px) 100vw, 1456px\"><\/figure>\n\n\n\n<p><\/p>\n\n\n\n<p>Dans un secteur h\u00f4telier en \u00e9volution rapide, il est essentiel de suivre les tendances et les attentes des voyageurs \u2013 et certains h\u00f4tels avec services sont un choix privil\u00e9gi\u00e9 pour les touristes soucieux de leur budget et qui recherchent un h\u00e9bergement de la plus haute qualit\u00e9 sans faire de folies sur le luxe. Ils offrent un service d&#039;h\u00e9bergement optimal \u00e0 des prix raisonnables tout en omettant les extras co\u00fbteux.<\/p>\n\n\n\n<p>Par cons\u00e9quent, l\u2019\u00e9tude de march\u00e9 des h\u00f4tels \u00e0 services s\u00e9lectionn\u00e9s vise \u00e0 fournir une analyse compl\u00e8te du secteur des h\u00f4tels \u00e0 services s\u00e9lectionn\u00e9s, qui gagne en popularit\u00e9 en raison de son offre \u00e9quilibr\u00e9e d\u2019\u00e9quipements et de services essentiels \u00e0 des prix abordables.<\/p>\n\n\n\n<h2 class=\"wp-block-heading\">Qu\u2019est-ce qu\u2019une \u00e9tude de march\u00e9 sur les h\u00f4tels \u00e0 services s\u00e9lectionn\u00e9s ?<\/h2>\n\n\n\n<p>The in-depth select service <a class=\"wpil_keyword_link\" href=\"https:\/\/www.sisinternational.com\/fr\/competence\/les-industries\/etude-de-marche-hoteliere\/\"   title=\"Etude de march\u00e9 h\u00f4telier\" data-wpil-keyword-link=\"linked\"  data-wpil-monitor-id=\"695\">\u00e9tude de march\u00e9 h\u00f4teli\u00e8re<\/a> involves the meticulous collection, examination, and understanding of relevant data and information related to the industry. The primary objective of this <a href=\"https:\/\/www.sisinternational.com\/fr\/competence\/les-industries\/etude-de-marche-sur-les-engrais-potassiques\/\" title=\"\u00c9tude de march\u00e9 sur les engrais potassiques\"  data-wpil-monitor-id=\"3139\">research is to discern the prevailing market<\/a> trends, customer biases, competitive landscape, viable prospects, and challenges potentially affecting the performance and expansion of select service hotels.<\/p>\n\n\n\n<p>With select service <a href=\"https:\/\/www.sisinternational.com\/fr\/solutions\/conseil-en-tourisme-de-voyage-et-en-hotellerie\/etude-de-marche-dune-chaine-hoteliere\/\" title=\"\u00c9tude de march\u00e9 des cha\u00eenes h\u00f4teli\u00e8res\"  data-wpil-monitor-id=\"3004\">\u00e9tude de march\u00e9 h\u00f4teli\u00e8re<\/a>, stakeholders can strengthen their business strategies by leveraging the results of these hotels&#8217; research.<\/p>\n\n\n\n<h2 class=\"wp-block-heading\">Importance d\u2019une \u00e9tude de march\u00e9 sur les h\u00f4tels \u00e0 services s\u00e9lectionn\u00e9s<\/h2>\n\n\n\n<ul class=\"wp-block-list\">\n<li>By utilizing select service <a href=\"https:\/\/www.sisinternational.com\/fr\/competence\/les-industries\/etude-de-marche-sur-le-mobilier-hotelier\/\" title=\"\u00c9tude de march\u00e9 sur le mobilier h\u00f4telier\"  data-wpil-monitor-id=\"3828\">\u00e9tude de march\u00e9 h\u00f4teli\u00e8re<\/a>, hoteliers can gain insight into the exact requirements and expectations of different customer segments to create personalized offerings that meet their needs. This not only increases guest satisfaction but also enhances service delivery.<\/li>\n\n\n\n<li>En surveillant les derni\u00e8res tendances dans le secteur de l&#039;h\u00f4tellerie de services s\u00e9lectionn\u00e9s, telles que les perc\u00e9es technologiques et les initiatives \u00e9cologiques, les h\u00f4teliers peuvent acqu\u00e9rir un avantage concurrentiel tout en satisfaisant les besoins changeants des voyageurs.<\/li>\n\n\n\n<li>Comprehensive select <a href=\"https:\/\/www.sisinternational.com\/fr\/competence\/les-industries\/etude-de-marche-sur-les-services-de-communication\/\" title=\"\u00c9tude de march\u00e9 sur les services de communication\"  data-wpil-monitor-id=\"5695\">service hotel market research<\/a> offers valuable insights into the competitive landscape, unveiling the strengths and weaknesses of prominent players in the industry. These findings enable hoteliers to devise unique and effective strategies that set them apart from their competitors.<\/li>\n\n\n\n<li>Select service <a href=\"https:\/\/www.sisinternational.com\/fr\/competence\/les-industries\/etude-de-marche-sur-les-hotels\/\" title=\"\u00c9tude de march\u00e9 sur les h\u00f4tels\"  data-wpil-monitor-id=\"6264\">\u00e9tude de march\u00e9 h\u00f4teli\u00e8re<\/a> helps discover potential chances for development such as rising markets and new niches, in addition to challenges that could influence the industry like financial changes.<br>Gr\u00e2ce aux \u00e9tudes de march\u00e9 sur les h\u00f4tels \u00e0 services s\u00e9lectionn\u00e9s, les h\u00f4teliers et les investisseurs peuvent prendre des d\u00e9cisions fond\u00e9es sur des donn\u00e9es pour stimuler la croissance du secteur de l&#039;h\u00f4tellerie \u00e0 services s\u00e9lectionn\u00e9s.<\/li>\n\n\n\n<li>En surveillant leurs performances par rapport aux normes de l&#039;industrie et en analysant la concurrence, certains h\u00f4tels avec services peuvent identifier les domaines \u00e0 am\u00e9liorer pour consolider une meilleure position sur le march\u00e9. De cette mani\u00e8re, ils peuvent apporter des changements qui renforceront leur position de leader du secteur de l\u2019h\u00f4tellerie.<\/li>\n<\/ul>\n\n\n\n<h2 class=\"wp-block-heading\">Tendances actuelles dans les \u00e9tudes de march\u00e9 sur les h\u00f4tels avec services s\u00e9lectionn\u00e9s<\/h2>\n\n\n\n<figure class=\"gb-block-image gb-block-image-69a99df0\"><img loading=\"lazy\" decoding=\"async\" width=\"1456\" height=\"816\" class=\"gb-image gb-image-69a99df0\" src=\"https:\/\/www.sisinternational.com\/wp-content\/uploads\/2025\/08\/hotel-14.jpg\" alt=\"\u00c9tudes de march\u00e9 et strat\u00e9gie internationales SIS\" title=\"hotel (14)\" srcset=\"https:\/\/www.sisinternational.com\/wp-content\/uploads\/2025\/08\/hotel-14.jpg 1456w, https:\/\/www.sisinternational.com\/wp-content\/uploads\/2025\/08\/hotel-14-300x168.jpg 300w, https:\/\/www.sisinternational.com\/wp-content\/uploads\/2025\/08\/hotel-14-1024x574.jpg 1024w, https:\/\/www.sisinternational.com\/wp-content\/uploads\/2025\/08\/hotel-14-768x430.jpg 768w, https:\/\/www.sisinternational.com\/wp-content\/uploads\/2025\/08\/hotel-14-18x10.jpg 18w\" sizes=\"auto, (max-width: 1456px) 100vw, 1456px\"><\/figure>\n\n\n\n<p><\/p>\n\n\n\n<p>En d\u00e9couvrant les tendances les plus r\u00e9centes et \u00e9mergentes dans certains h\u00f4tels avec services, la recherche r\u00e9v\u00e8le un certain nombre de facteurs qui fa\u00e7onnent la dynamique actuelle du secteur, ainsi que son orientation future. Voici quelques exemples cl\u00e9s\u00a0:<\/p>\n\n\n\n<ul class=\"wp-block-list\">\n<li><strong>Personnalisation:<\/strong> \u00c0 l\u2019\u00e8re de la personnalisation, les voyageurs ne se contentent plus de services g\u00e9n\u00e9riques. Certains h\u00f4tels avec services ont \u00e9volu\u00e9 pour r\u00e9pondre \u00e0 ces besoins avec des offres hautement personnalis\u00e9es qui garantissent la satisfaction des clients.<\/li>\n\n\n\n<li><strong>Int\u00e9gration technologique\u00a0:<\/strong> L\u2019industrie h\u00f4teli\u00e8re conna\u00eet une r\u00e9volution majeure pour am\u00e9liorer l\u2019exp\u00e9rience client. Les fonctionnalit\u00e9s des chambres intelligentes, les solutions de paiement sans contact et les syst\u00e8mes d&#039;enregistrement\/d\u00e9part mobiles ne sont que quelques-unes des fa\u00e7ons dont ce secteur a am\u00e9lior\u00e9 ses op\u00e9rations tout en offrant aux clients une exp\u00e9rience am\u00e9lior\u00e9e comme jamais auparavant.<\/li>\n\n\n\n<li><strong>Durabilit\u00e9:<\/strong> Avec une prise de conscience environnementale croissante, certains h\u00f4tels de service utilisent des pratiques durables pour attirer les voyageurs respectueux de l&#039;environnement et am\u00e9liorer davantage leur image de marque. Cela inclut la minimisation des d\u00e9chets, la conservation de l\u2019\u00e9nergie et l\u2019utilisation de produits respectueux de l\u2019environnement.<\/li>\n\n\n\n<li><strong>Sant\u00e9 et bien-\u00eatre:<\/strong> L&#039;importance croissante de la sant\u00e9 et du bien-\u00eatre chez les voyageurs a incit\u00e9 certains h\u00f4tels de services \u00e0 int\u00e9grer des services qui donnent la priorit\u00e9 au bien-\u00eatre, tels que des centres de remise en forme et des zones de d\u00e9tente pour soulager le stress.<\/li>\n\n\n\n<li><strong>Espaces de coworking et hybrides\u00a0:<\/strong> Adoptant la tendance du travail \u00e0 distance, certains h\u00f4tels de service ont cr\u00e9\u00e9 des espaces de coworking polyvalents pour offrir aux voyageurs d&#039;affaires et de loisirs des espaces de travail plus flexibles.<\/li>\n\n\n\n<li><strong>Partenariats et alliances strat\u00e9giques\u00a0:<\/strong> Pour r\u00e9pondre davantage aux besoins des clients, certains h\u00f4tels de service forment activement des partenariats avantageux avec des compagnies a\u00e9riennes, des soci\u00e9t\u00e9s de location de voitures et des voyagistes locaux.<\/li>\n<\/ul>\n\n\n\n<h2 class=\"wp-block-heading\">Opportunit\u00e9s et d\u00e9fis de l\u2019\u00e9tude de march\u00e9 sur les h\u00f4tels \u00e0 services s\u00e9lectionn\u00e9s<\/h2>\n\n\n\n<p>Les \u00e9tudes de march\u00e9 sur les h\u00f4tels \u00e0 services s\u00e9lectionn\u00e9s pr\u00e9sentent \u00e0 la fois des opportunit\u00e9s et des d\u00e9fis pour les h\u00f4teliers, les investisseurs et les parties prenantes de l\u2019industrie. Certaines des opportunit\u00e9s et des d\u00e9fis les plus importants sont les suivants\u00a0:<\/p>\n\n\n\n<h3 class=\"wp-block-heading\">Opportunit\u00e9s<\/h3>\n\n\n\n<ul class=\"wp-block-list\">\n<li><strong>March\u00e9s \u00e9mergents:<\/strong> L\u2019exploration des march\u00e9s \u00e9mergents pourrait offrir aux h\u00f4tels de services un potentiel de croissance extraordinaire et une client\u00e8le plus large.<\/li>\n\n\n\n<li><strong>Les avanc\u00e9es technologiques:<\/strong> En int\u00e9grant des technologies de pointe, certains h\u00f4tels avec services peuvent faire passer l&#039;exp\u00e9rience de leurs clients \u00e0 un niveau sup\u00e9rieur tout en rationalisant leurs op\u00e9rations et en gardant une longueur d&#039;avance sur la concurrence.<\/li>\n\n\n\n<li><strong>March\u00e9s de niche:<\/strong> En ciblant et en accommodant les march\u00e9s qui attirent les nomades d&#039;affaires respectueux de l&#039;environnement ou d&#039;autres segments distincts de voyageurs, certains h\u00f4tels avec services peuvent cr\u00e9er un argument de vente unique en son genre et attirer des clients d\u00e9vou\u00e9s.<\/li>\n\n\n\n<li><strong>Partenariats strat\u00e9giques\u00a0:<\/strong> En s&#039;associant avec des entreprises de secteurs connexes, certains h\u00f4tels avec services peuvent fournir des services \u00e9tendus \u00e0 leurs clients, acc\u00e9der \u00e0 des march\u00e9s inexplor\u00e9s et acqu\u00e9rir un avantage concurrentiel. Les alliances strat\u00e9giques constituent un moyen efficace pour ces entreprises de se d\u00e9marquer.<\/li>\n\n\n\n<li><strong>S&#039;adapter \u00e0 l&#039;\u00e9volution des pr\u00e9f\u00e9rences\u00a0:<\/strong> En gardant une longueur d&#039;avance en termes de demandes et de tendances des clients, certains h\u00f4tels avec services peuvent constamment d\u00e9velopper leurs services et leurs \u00e9quipements pour r\u00e9pondre aux besoins de leurs clients.<\/li>\n<\/ul>\n\n\n\n<h3 class=\"wp-block-heading\">D\u00e9fis<\/h3>\n\n\n\n<ul class=\"wp-block-list\">\n<li><strong>Fluctuations \u00e9conomiques\u00a0:<\/strong> Le secteur de l&#039;h\u00f4tellerie \u00e0 services s\u00e9lectionn\u00e9s est particuli\u00e8rement vuln\u00e9rable aux fluctuations \u00e9conomiques, qui pourraient affecter consid\u00e9rablement les d\u00e9penses des consommateurs et la demande d&#039;h\u00e9bergement. Ainsi, les h\u00f4tels doivent \u00eatre pr\u00eats \u00e0 r\u00e9agir rapidement lorsque les conditions du march\u00e9 \u00e9voluent de mani\u00e8re inattendue.<\/li>\n\n\n\n<li><strong>Concours:<\/strong> Pour conserver leur succ\u00e8s, certains h\u00f4tels avec services doivent se d\u00e9marquer des segments d&#039;h\u00e9bergement traditionnels et des alternatives modernes comme les locations de vacances et les grandes plateformes d&#039;\u00e9conomie de partage. Faire \u00e9voluer leurs offres pour r\u00e9pondre aux tendances du march\u00e9 est essentiel pour rester pertinent sur le march\u00e9.<\/li>\n\n\n\n<li><strong>D\u00e9fis en mati\u00e8re de personnel\u00a0:<\/strong> Certains h\u00f4tels de services peuvent avoir du mal \u00e0 attirer et \u00e0 retenir du personnel talentueux. Heureusement, ce probl\u00e8me peut \u00eatre att\u00e9nu\u00e9 en proposant des plans de r\u00e9mun\u00e9ration comp\u00e9titifs, des avantages sociaux et en cr\u00e9ant une atmosph\u00e8re de travail optimiste.<\/li>\n\n\n\n<li><strong>Conformit\u00e9 r\u00e9glementaire\u00a0:<\/strong> Les h\u00f4tels de services doivent soigneusement \u00e9quilibrer une vari\u00e9t\u00e9 de r\u00e9glementations et de normes industrielles pour garantir leur conformit\u00e9, \u00e9vitant ainsi de lourdes amendes ou de graves atteintes \u00e0 leur r\u00e9putation.<\/li>\n<\/ul>\n\n\n\n<h2 class=\"wp-block-heading\">Perspectives futures de l\u2019\u00e9tude de march\u00e9 sur les h\u00f4tels avec services s\u00e9lectionn\u00e9s<\/h2>\n\n\n\n<figure class=\"gb-block-image gb-block-image-75110c95\"><img loading=\"lazy\" decoding=\"async\" width=\"1456\" height=\"816\" class=\"gb-image gb-image-75110c95\" src=\"https:\/\/www.sisinternational.com\/wp-content\/uploads\/2025\/08\/hotel-12.jpg\" alt=\"\u00c9tudes de march\u00e9 et strat\u00e9gie internationales SIS\" title=\"hotel (12)\" srcset=\"https:\/\/www.sisinternational.com\/wp-content\/uploads\/2025\/08\/hotel-12.jpg 1456w, https:\/\/www.sisinternational.com\/wp-content\/uploads\/2025\/08\/hotel-12-300x168.jpg 300w, https:\/\/www.sisinternational.com\/wp-content\/uploads\/2025\/08\/hotel-12-1024x574.jpg 1024w, https:\/\/www.sisinternational.com\/wp-content\/uploads\/2025\/08\/hotel-12-768x430.jpg 768w, https:\/\/www.sisinternational.com\/wp-content\/uploads\/2025\/08\/hotel-12-18x10.jpg 18w\" sizes=\"auto, (max-width: 1456px) 100vw, 1456px\"><\/figure>\n\n\n\n<p><\/p>\n\n\n\n<p>L\u2019avenir de l\u2019\u00e9tude de march\u00e9 sur les h\u00f4tels \u00e0 services s\u00e9lectionn\u00e9s devrait \u00eatre d\u00e9termin\u00e9 par plusieurs tendances et facteurs qui orienteront sa croissance. Certains \u00e9l\u00e9ments majeurs susceptibles de fa\u00e7onner ce secteur comprennent\u00a0:<\/p>\n\n\n\n<ul class=\"wp-block-list\">\n<li><strong>Accent continu sur la personnalisation\u00a0:<\/strong> \u00c0 mesure que les attentes des voyageurs \u00e9voluent et changent, certains h\u00f4tels avec services doivent donner la priorit\u00e9 \u00e0 la personnalisation dans la plus grande mesure possible. Ils doivent utiliser des informations et des technologies bas\u00e9es sur les donn\u00e9es pour cr\u00e9er des exp\u00e9riences sur mesure qui r\u00e9pondent aux besoins individuels de chaque client.<\/li>\n\n\n\n<li><strong>Adoption de technologies avanc\u00e9es\u00a0:<\/strong> \u00c0 mesure que la vague de technologies modernes progresse, certains h\u00f4tels avec services b\u00e9n\u00e9ficieront probablement de cet afflux avec leur propre int\u00e9gration de l\u2019IA, de l\u2019IoT et de l\u2019apprentissage automatique. Ces technologies peuvent r\u00e9volutionner l&#039;exp\u00e9rience client, rationaliser l&#039;efficacit\u00e9 op\u00e9rationnelle et fournir des informations pr\u00e9cieuses pour une meilleure prise de d\u00e9cision gr\u00e2ce \u00e0 l&#039;analyse pr\u00e9dictive.<\/li>\n\n\n\n<li><strong>L\u2019essor de l\u2019\u00e9conomie du partage\u00a0:<\/strong> Alors que l\u2019\u00e9conomie du partage, comme Airbnb, continue de fa\u00e7onner les tendances de l\u2019h\u00f4tellerie, certains h\u00f4tels avec services doivent \u00e9voluer en proposant des propositions de valeur uniques et se d\u00e9marquer des autres options d\u2019h\u00e9bergement.<\/li>\n\n\n\n<li><strong>Accent sur la durabilit\u00e9 et la responsabilit\u00e9 sociale\u00a0:<\/strong> La pr\u00e9occupation croissante pour l&#039;environnement et la responsabilit\u00e9 sociale poussera certains h\u00f4tels de services \u00e0 adopter des pratiques plus durables et \u00e0 s&#039;engager dans des initiatives de responsabilit\u00e9 sociale d&#039;entreprise pour attirer les voyageurs soucieux de l&#039;environnement et de la soci\u00e9t\u00e9.<\/li>\n\n\n\n<li><strong>Demande croissante de voyages exp\u00e9rientiels\u00a0:<\/strong> Alors que de plus en plus de touristes recherchent des exp\u00e9riences exclusives et authentiques pendant leur voyage, certains h\u00f4tels de service doivent profiter de cette tendance en proposant des excursions locales immersives mettant en valeur le patrimoine et les sites touristiques de la destination.<\/li>\n<\/ul>\n\n\n\n<p>SIS International propose des recherches quantitatives, qualitatives et strat\u00e9giques. Nous fournissons des donn\u00e9es, des outils, des strat\u00e9gies, des rapports et des informations pour la prise de d\u00e9cision. Nous menons des entretiens, des enqu\u00eates, des groupes de discussion et de nombreuses autres m\u00e9thodes et approches d&#039;\u00e9tudes de march\u00e9. Contactez-nous pour votre prochain projet d&#039;\u00e9tude de march\u00e9.<\/p>","protected":false},"excerpt":{"rendered":"<p>Les h\u00f4tels avec services s\u00e9lectionn\u00e9s sont un choix privil\u00e9gi\u00e9 pour les touristes soucieux de leur budget qui recherchent un h\u00e9bergement de haute qualit\u00e9 sans faire de folies sur le luxe.<\/p>","protected":false},"author":1,"featured_media":63513,"parent":14514,"menu_order":255,"comment_status":"closed","ping_status":"closed","template":"","meta":{"footnotes":""},"class_list":["post-42373","page","type-page","status-publish","has-post-thumbnail"],"_links":{"self":[{"href":"https:\/\/www.sisinternational.com\/fr\/wp-json\/wp\/v2\/pages\/42373","targetHints":{"allow":["GET"]}}],"collection":[{"href":"https:\/\/www.sisinternational.com\/fr\/wp-json\/wp\/v2\/pages"}],"about":[{"href":"https:\/\/www.sisinternational.com\/fr\/wp-json\/wp\/v2\/types\/page"}],"author":[{"embeddable":true,"href":"https:\/\/www.sisinternational.com\/fr\/wp-json\/wp\/v2\/users\/1"}],"replies":[{"embeddable":true,"href":"https:\/\/www.sisinternational.com\/fr\/wp-json\/wp\/v2\/comments?post=42373"}],"version-history":[{"count":9,"href":"https:\/\/www.sisinternational.com\/fr\/wp-json\/wp\/v2\/pages\/42373\/revisions"}],"predecessor-version":[{"id":79848,"href":"https:\/\/www.sisinternational.com\/fr\/wp-json\/wp\/v2\/pages\/42373\/revisions\/79848"}],"up":[{"embeddable":true,"href":"https:\/\/www.sisinternational.com\/fr\/wp-json\/wp\/v2\/pages\/14514"}],"wp:featuredmedia":[{"embeddable":true,"href":"https:\/\/www.sisinternational.com\/fr\/wp-json\/wp\/v2\/media\/63513"}],"wp:attachment":[{"href":"https:\/\/www.sisinternational.com\/fr\/wp-json\/wp\/v2\/media?parent=42373"}],"curies":[{"name":"wp","href":"https:\/\/api.w.org\/{rel}","templated":true}]}}