{"id":42365,"date":"2023-04-13T19:43:52","date_gmt":"2023-04-13T23:43:52","guid":{"rendered":"https:\/\/www.sisinternational.com\/?page_id=42365"},"modified":"2026-01-24T21:07:05","modified_gmt":"2026-01-25T02:07:05","slug":"etude-de-marche-du-porc","status":"publish","type":"page","link":"https:\/\/www.sisinternational.com\/fr\/competence\/etude-de-marche-du-porc\/","title":{"rendered":"\u00c9tude de march\u00e9 sur le porc"},"content":{"rendered":"<h1 class=\"wp-block-heading\">\u00c9tude de march\u00e9 sur le porc<\/h1>\n\n\n\n<figure class=\"gb-block-image gb-block-image-4a8ae1bc\"><img loading=\"lazy\" decoding=\"async\" width=\"1456\" height=\"816\" class=\"gb-image gb-image-4a8ae1bc\" src=\"https:\/\/www.sisinternational.com\/wp-content\/uploads\/2025\/08\/Pork-2.jpg\" alt=\"\u00c9tudes de march\u00e9 et strat\u00e9gie internationales SIS\" title=\"Pork (2)\" srcset=\"https:\/\/www.sisinternational.com\/wp-content\/uploads\/2025\/08\/Pork-2.jpg 1456w, https:\/\/www.sisinternational.com\/wp-content\/uploads\/2025\/08\/Pork-2-300x168.jpg 300w, https:\/\/www.sisinternational.com\/wp-content\/uploads\/2025\/08\/Pork-2-1024x574.jpg 1024w, https:\/\/www.sisinternational.com\/wp-content\/uploads\/2025\/08\/Pork-2-768x430.jpg 768w, https:\/\/www.sisinternational.com\/wp-content\/uploads\/2025\/08\/Pork-2-18x10.jpg 18w\" sizes=\"auto, (max-width: 1456px) 100vw, 1456px\"><\/figure>\n\n\n\n<p><\/p>\n\n\n\n<p>L\u2019\u00e9tude de march\u00e9 sur le porc est le processus de collecte et d\u2019analyse de donn\u00e9es sur l\u2019industrie porcine, les diff\u00e9rents secteurs d\u2019activit\u00e9 impliqu\u00e9s et son groupe de consommateurs. Les \u00e9tudes de march\u00e9 du secteur fournissent des informations sur les besoins, les pr\u00e9f\u00e9rences et les comportements du march\u00e9 cible du secteur afin d&#039;aider des individus et des entreprises sp\u00e9cifiques. L&#039;un des principaux objectifs est de rassembler des donn\u00e9es et des strat\u00e9gies dans le cadre d&#039;\u00e9tudes de march\u00e9 sur le porc que les entreprises peuvent utiliser pour acqu\u00e9rir des informations pr\u00e9cieuses qui les aideront dans le processus de prise de d\u00e9cision qui m\u00e8nera \u00e0 un \u00e9norme succ\u00e8s sur leurs march\u00e9s respectifs.<\/p>\n\n\n\n<h2 class=\"wp-block-heading\">Comprendre l&#039;industrie porcine<\/h2>\n\n\n\n<p>Le porc est une viande couramment consomm\u00e9e issue du porc. Il s\u2019agit d\u2019une viande polyvalente utilis\u00e9e dans un large \u00e9ventail d\u2019applications culinaires et finie dans de nombreuses cultures \u00e0 travers le monde. Le porc est une bonne source de prot\u00e9ines ainsi que de vitamines et de min\u00e9raux. Cependant, il faut garder \u00e0 l\u2019esprit qu\u2019il est \u00e9galement riche en graisses et en cholest\u00e9rol, ce qui peut avoir des cons\u00e9quences sur la sant\u00e9 s\u2019il est consomm\u00e9 en exc\u00e8s.<\/p>\n\n\n\n<h3 class=\"wp-block-heading\">L\u2019industrie porcine englobe une gamme de produits, notamment les suivants :<\/h3>\n\n\n\n<ul class=\"wp-block-list\">\n<li><strong>La viande de porc:<\/strong>\u00a0Il s&#039;agit du produit principal de l&#039;industrie porcine et il s&#039;agit de la viande obtenue \u00e0 partir de la carcasse du porc. La viande de porc est couramment consomm\u00e9e sous forme de produits carn\u00e9s frais ou transform\u00e9s, comme les saucisses, le bacon, le jambon et les c\u00f4telettes de porc.<\/li>\n\n\n\n<li><strong>Sous-produits de porc :<\/strong>\u00a0Divers sous-produits sont d\u00e9riv\u00e9s des carcasses de porcs, notamment des organes tels que le foie, le c\u0153ur, les reins et les poumons, ainsi que des os et de la graisse. Ces sous-produits sont utilis\u00e9s dans une gamme de produits, notamment des aliments pour animaux de compagnie, des engrais, des cosm\u00e9tiques et des produits pharmaceutiques.<\/li>\n\n\n\n<li><strong>Produits alimentaires \u00e0 base de porc : <\/strong>Une vari\u00e9t\u00e9 de produits alimentaires sont fabriqu\u00e9s \u00e0 partir de porc comme ingr\u00e9dient principal, comme le porc en conserve, le p\u00e2t\u00e9 de porc et la viande s\u00e9ch\u00e9e de porc.<\/li>\n\n\n\n<li><strong>Produits en peau de porc\u00a0:<\/strong>\u00a0La peau de porc est utilis\u00e9e pour fabriquer des articles en cuir, tels que des chaussures, des sacs et des vestes, et des articles non en cuir, tels que des ballons de football et d&#039;autres \u00e9quipements sportifs.<\/li>\n\n\n\n<li><strong>Produits \u00e0 base de sang\u00a0:<\/strong>\u00a0Le sang est utilis\u00e9 pour fabriquer divers produits, tels que le boudin et le boudin.<\/li>\n<\/ul>\n\n\n\n<h2 class=\"wp-block-heading\">M\u00e9thodologie de recherche<\/h2>\n\n\n\n<figure class=\"gb-block-image gb-block-image-29593815\"><img loading=\"lazy\" decoding=\"async\" width=\"1456\" height=\"816\" class=\"gb-image gb-image-29593815\" src=\"https:\/\/www.sisinternational.com\/wp-content\/uploads\/2025\/08\/Pork-5.jpg\" alt=\"\u00c9tudes de march\u00e9 et strat\u00e9gie internationales SIS\" title=\"Pork (5)\" srcset=\"https:\/\/www.sisinternational.com\/wp-content\/uploads\/2025\/08\/Pork-5.jpg 1456w, https:\/\/www.sisinternational.com\/wp-content\/uploads\/2025\/08\/Pork-5-300x168.jpg 300w, https:\/\/www.sisinternational.com\/wp-content\/uploads\/2025\/08\/Pork-5-1024x574.jpg 1024w, https:\/\/www.sisinternational.com\/wp-content\/uploads\/2025\/08\/Pork-5-768x430.jpg 768w, https:\/\/www.sisinternational.com\/wp-content\/uploads\/2025\/08\/Pork-5-18x10.jpg 18w\" sizes=\"auto, (max-width: 1456px) 100vw, 1456px\"><\/figure>\n\n\n\n<p><\/p>\n\n\n\n<p>Les \u00e9tudes de march\u00e9 sur le porc peuvent \u00eatre mises en \u0153uvre par diff\u00e9rentes m\u00e9thodes, notamment des enqu\u00eates, des groupes de discussion, des entretiens et des \u00e9tudes observationnelles. Les donn\u00e9es et les strat\u00e9gies de Porc Market Research peuvent \u00eatre utilis\u00e9es pour comprendre les donn\u00e9es d\u00e9mographiques des clients, leurs habitudes d\u2019achat, leurs pr\u00e9f\u00e9rences en mati\u00e8re de produits et leur satisfaction globale \u00e0 l\u2019\u00e9gard d\u2019un produit ou d\u2019un service particulier.<\/p>\n\n\n\n<p>Dans <a href=\"https:\/\/www.sisinternational.com\/fr\/how-to-conduct-effective-quantitative-market-research\/\" title=\"How to Conduct Effective Quantitative Market Research\"  data-wpil-monitor-id=\"8358\">conducting adequate market research<\/a>, one requires a thorough understanding of the various research methodologies available. Below, we will explore the most commonly used <a href=\"https:\/\/www.sisinternational.com\/fr\/competence\/les-industries\/etude-de-marche-en-semiotique\/\" title=\"\u00c9tude de march\u00e9 sur la s\u00e9miotique\"  data-wpil-monitor-id=\"3144\">research methodologies in pork market<\/a> research.<\/p>\n\n\n\n<p><strong>Enqu\u00eates:<\/strong>&nbsp;Les enqu\u00eates peuvent \u00eatre men\u00e9es en personne, en ligne ou par t\u00e9l\u00e9phone, et elles peuvent \u00eatre administr\u00e9es \u00e0 l&#039;aide de questions ouvertes ou ferm\u00e9es. Les enqu\u00eates sont utiles pour recueillir des donn\u00e9es quantitatives sur les pr\u00e9f\u00e9rences, les attitudes et les comportements des clients.<\/p>\n\n\n\n<p><strong>Focus groups:&nbsp;This is another type of <a href=\"https:\/\/www.sisinternational.com\/fr\/sampling-techniques-in-qualitative-research-the-complete-guide-to-choosing-the-right-method\/\" title=\"Sampling Techniques in Qualitative Research: The Complete Guide to Choosing the Right Method\"  data-wpil-monitor-id=\"8355\">qualitative research method<\/a> that involves bringing together a small group of people to discuss a particular topic, such as their preferences when selecting pork products.<\/p>\n\n\n\n<p><strong>Entretiens\u00a0:<\/strong>&nbsp;Un autre type de m\u00e9thode de recherche qualitative qui consiste \u00e0 poser des questions ouvertes \u00e0 des participants individuels, en personne ou par t\u00e9l\u00e9phone. Ceci est utile pour collecter des donn\u00e9es qualitatives approfondies sur les attitudes et les opinions des clients.<\/p>\n\n\n\n<p><strong>Recherche observationnelle\u00a0:<\/strong>&nbsp;Cela implique d&#039;observer et d&#039;enregistrer le comportement des clients dans des contextes r\u00e9els. Cela peut se faire par observation directe ou en utilisant des technologies telles que des cam\u00e9ras ou des logiciels de suivi.<\/p>\n\n\n\n<p><strong>Recherche exp\u00e9rimentale:<\/strong>&nbsp;This is done by manipulating one or more variables and observing the effect on customer behavior. This type of research is useful for testing hypotheses about the impact of specific product features or <a href=\"https:\/\/www.sisinternational.com\/fr\/le-role-du-developpement-de-processus-et-de-systemes-dans-la-reussite-organisationnelle\/\" title=\"\u00c9tude de march\u00e9 sur la conception organisationnelle\"  data-wpil-monitor-id=\"8352\">strat\u00e9gies marketing<\/a> on customer behavior.<\/p>\n\n\n\n<h2 class=\"wp-block-heading\">Pilotes dans l&#039;industrie<\/h2>\n\n\n\n<p>L\u2019industrie porcine est une composante importante de l\u2019industrie mondiale de l\u2019\u00e9levage et contribue aux \u00e9conomies de nombreux pays \u00e0 travers le monde. Il existe plusieurs facteurs de march\u00e9 qui ont un impact sur l\u2019industrie porcine, notamment\u00a0:<\/p>\n\n\n\n<ul class=\"wp-block-list\">\n<li>Consumer demand for pork. The increasing global population and the rising disposable income of consumers in emerging economies have led to an increase in demand for pork products. In addition, changing <a href=\"https:\/\/www.sisinternational.com\/fr\/73903-2\/\" title=\"Turn Consumer Flavor Preferences Into Winning Products\"  data-wpil-monitor-id=\"8359\">pr\u00e9f\u00e9rences des consommateurs<\/a> for leaner and healthier meat products have also impacted the pork industry.<\/li>\n\n\n\n<li>Le co\u00fbt des aliments pour animaux est un facteur critique qui influe sur la rentabilit\u00e9 de l\u2019industrie porcine. Les fluctuations du prix des aliments pour animaux, comme le ma\u00efs et le soja, peuvent avoir un impact significatif sur le co\u00fbt de production du porc.<\/li>\n\n\n\n<li>Global trade in the pork industry is affected by international trade policies and agreements. Countries that are major pork producers and exporters, such as the United States, China, and the European Union, often have an impact on the <a href=\"https:\/\/www.sisinternational.com\/fr\/transporteurs-low-cost-dans-lindustrie-aeronautique\/\" title=\"\u00c9tude de march\u00e9 sur les compagnies a\u00e9riennes \u00e0 bas prix\"  data-wpil-monitor-id=\"8353\">global pork market<\/a>.<\/li>\n\n\n\n<li>Disease outbreaks, such as African swine fever and porcine epidemic diarrhea virus, can significantly impact the pork industry. These outbreaks can lead to <a href=\"https:\/\/www.sisinternational.com\/fr\/solutions\/conseil-en-strategie\/etude-de-marche-sur-la-chaine-dapprovisionnement\/\" title=\"\u00c9tude de march\u00e9 sur la cha\u00eene d\u2019approvisionnement\"  data-wpil-monitor-id=\"8357\">supply chain disruptions and market<\/a> volatility, which can influence pork prices and trade.<\/li>\n\n\n\n<li>Les r\u00e9glementations \u00e9conomiques en mati\u00e8re de bien-\u00eatre animal, de s\u00e9curit\u00e9 alimentaire et de durabilit\u00e9 environnementale peuvent avoir un impact sur l\u2019industrie porcine. Les diff\u00e9rentes r\u00e8gles peuvent avoir un impact positif ou n\u00e9gatif sur l\u2019industrie porcine. Si ces r\u00e9glementations peuvent augmenter les co\u00fbts de production et limiter l\u2019acc\u00e8s au march\u00e9, elles peuvent \u00e9galement stimuler l\u2019innovation et conduire \u00e0 des pratiques de production plus durables.<\/li>\n<\/ul>\n\n\n\n<h2 class=\"wp-block-heading\">Avantages de l\u2019\u00e9tude de march\u00e9 sur le porc<\/h2>\n\n\n\n<figure class=\"gb-block-image gb-block-image-f249e690\"><img loading=\"lazy\" decoding=\"async\" width=\"1456\" height=\"816\" class=\"gb-image gb-image-f249e690\" src=\"https:\/\/www.sisinternational.com\/wp-content\/uploads\/2025\/08\/Pork-7.jpg\" alt=\"\u00c9tudes de march\u00e9 et strat\u00e9gie internationales SIS\" title=\"Pork (7)\" srcset=\"https:\/\/www.sisinternational.com\/wp-content\/uploads\/2025\/08\/Pork-7.jpg 1456w, https:\/\/www.sisinternational.com\/wp-content\/uploads\/2025\/08\/Pork-7-300x168.jpg 300w, https:\/\/www.sisinternational.com\/wp-content\/uploads\/2025\/08\/Pork-7-1024x574.jpg 1024w, https:\/\/www.sisinternational.com\/wp-content\/uploads\/2025\/08\/Pork-7-768x430.jpg 768w, https:\/\/www.sisinternational.com\/wp-content\/uploads\/2025\/08\/Pork-7-18x10.jpg 18w\" sizes=\"auto, (max-width: 1456px) 100vw, 1456px\"><\/figure>\n\n\n\n<p><\/p>\n\n\n\n<p>onducting pork market research provides insights into several benefits to pork producers, processors, and retailers. With collected data and strategies in Pork Market Research, one can discover and understand consumer preferences, attitudes, and behaviors that can help businesses with the following:<\/p>\n\n\n\n<ul class=\"wp-block-list\">\n<li>Prendre des d\u00e9cisions \u00e9clair\u00e9es sur le d\u00e9veloppement de produits.<\/li>\n\n\n\n<li>Cr\u00e9ez des strat\u00e9gies marketing bas\u00e9es sur des objectifs sp\u00e9cifiques.<\/li>\n\n\n\n<li>Proposez des prix comp\u00e9titifs pour l\u2019industrie.<\/li>\n\n\n\n<li>Comprendre les diff\u00e9rents moteurs du march\u00e9 du porc, tels que la demande des consommateurs et d&#039;autres facteurs.<\/li>\n\n\n\n<li>Risk <a href=\"https:\/\/www.sisinternational.com\/fr\/competence\/les-industries\/etude-de-marche-sur-la-gestion-des-dechets\/\" title=\"\u00c9tude de march\u00e9 sur la gestion des d\u00e9chets\"  data-wpil-monitor-id=\"8354\">management market research<\/a> provides insights that can help pork businesses identify potential risks in the market, such as supply chain disruptions and changes in consumer preferences.<\/li>\n<\/ul>\n\n\n\n<p>Pork Market Research is a crucial tool for businesses of all sizes, as it helps them to identify opportunities and challenges within their market. By understanding the worth of various data and strategies in Pork Market Research, businesses can develop more effective strategies, strengthen products, and increase value for customer satisfaction. <a href=\"https:\/\/www.sisinternational.com\/fr\/competence\/cv-dexperience\/cv-dexperience-dans-lindustrie-automobile\/\" title=\"Soci\u00e9t\u00e9 d\u2019\u00e9tudes de march\u00e9 pour l\u2019industrie automobile\"  data-wpil-monitor-id=\"8356\">Market research can also help companies<\/a> to identify potential areas for growth as well as potential opportunities that can pose threats to the business. Through effective pork market research, industry businesses can gain a competitive advantage and position themselves for long-term success in the global pork market.<\/p>","protected":false},"excerpt":{"rendered":"<p>Le porc est une viande couramment consomm\u00e9e issue du porc. C&#039;est une viande polyvalente utilis\u00e9e dans diverses applications culinaires dans de nombreuses cultures.<\/p>","protected":false},"author":1,"featured_media":64437,"parent":14514,"menu_order":253,"comment_status":"closed","ping_status":"closed","template":"","meta":{"footnotes":""},"class_list":["post-42365","page","type-page","status-publish","has-post-thumbnail"],"_links":{"self":[{"href":"https:\/\/www.sisinternational.com\/fr\/wp-json\/wp\/v2\/pages\/42365","targetHints":{"allow":["GET"]}}],"collection":[{"href":"https:\/\/www.sisinternational.com\/fr\/wp-json\/wp\/v2\/pages"}],"about":[{"href":"https:\/\/www.sisinternational.com\/fr\/wp-json\/wp\/v2\/types\/page"}],"author":[{"embeddable":true,"href":"https:\/\/www.sisinternational.com\/fr\/wp-json\/wp\/v2\/users\/1"}],"replies":[{"embeddable":true,"href":"https:\/\/www.sisinternational.com\/fr\/wp-json\/wp\/v2\/comments?post=42365"}],"version-history":[{"count":5,"href":"https:\/\/www.sisinternational.com\/fr\/wp-json\/wp\/v2\/pages\/42365\/revisions"}],"predecessor-version":[{"id":81400,"href":"https:\/\/www.sisinternational.com\/fr\/wp-json\/wp\/v2\/pages\/42365\/revisions\/81400"}],"up":[{"embeddable":true,"href":"https:\/\/www.sisinternational.com\/fr\/wp-json\/wp\/v2\/pages\/14514"}],"wp:featuredmedia":[{"embeddable":true,"href":"https:\/\/www.sisinternational.com\/fr\/wp-json\/wp\/v2\/media\/64437"}],"wp:attachment":[{"href":"https:\/\/www.sisinternational.com\/fr\/wp-json\/wp\/v2\/media?parent=42365"}],"curies":[{"name":"wp","href":"https:\/\/api.w.org\/{rel}","templated":true}]}}