{"id":42362,"date":"2023-04-13T19:20:35","date_gmt":"2023-04-13T23:20:35","guid":{"rendered":"https:\/\/www.sisinternational.com\/?page_id=42362"},"modified":"2026-01-26T16:58:36","modified_gmt":"2026-01-26T21:58:36","slug":"etude-de-marche-sur-les-aliments-pour-animaux-de-compagnie","status":"publish","type":"page","link":"https:\/\/www.sisinternational.com\/fr\/competence\/etude-de-marche-sur-les-aliments-pour-animaux-de-compagnie\/","title":{"rendered":"\u00c9tude de march\u00e9 sur les aliments pour animaux de compagnie"},"content":{"rendered":"<h1 class=\"wp-block-heading\">\u00c9tude de march\u00e9 sur les aliments pour animaux de compagnie<\/h1>\n\n\n\n<figure class=\"gb-block-image gb-block-image-15f078a1\"><img loading=\"lazy\" decoding=\"async\" width=\"1456\" height=\"816\" class=\"gb-image gb-image-15f078a1\" src=\"https:\/\/www.sisinternational.com\/wp-content\/uploads\/2025\/08\/Pets-dogs-cats-5.jpg\" alt=\"\u00c9tudes de march\u00e9 et strat\u00e9gie internationales SIS\" title=\"Pets dogs cats (5)\" srcset=\"https:\/\/www.sisinternational.com\/wp-content\/uploads\/2025\/08\/Pets-dogs-cats-5.jpg 1456w, https:\/\/www.sisinternational.com\/wp-content\/uploads\/2025\/08\/Pets-dogs-cats-5-300x168.jpg 300w, https:\/\/www.sisinternational.com\/wp-content\/uploads\/2025\/08\/Pets-dogs-cats-5-1024x574.jpg 1024w, https:\/\/www.sisinternational.com\/wp-content\/uploads\/2025\/08\/Pets-dogs-cats-5-768x430.jpg 768w, https:\/\/www.sisinternational.com\/wp-content\/uploads\/2025\/08\/Pets-dogs-cats-5-18x10.jpg 18w\" sizes=\"auto, (max-width: 1456px) 100vw, 1456px\"><\/figure>\n\n\n\n<p><\/p>\n\n\n\n<p>L\u2019\u00e9tude de march\u00e9 des aliments pour animaux de compagnie est une m\u00e9thode m\u00e9thodique de collecte, d\u2019analyse et d\u2019interpr\u00e9tation de statistiques et d\u2019informations li\u00e9es \u00e0 l\u2019industrie des aliments pour animaux de compagnie. Les \u00e9tudes de march\u00e9 fournissent un aper\u00e7u de divers aspects du march\u00e9 des aliments pour animaux de compagnie, notamment la taille du march\u00e9, les pr\u00e9f\u00e9rences des consommateurs, les tendances, le paysage concurrentiel, les principaux acteurs, les canaux de distribution et bien plus encore. Les donn\u00e9es et les strat\u00e9gies de l\u2019\u00e9tude de march\u00e9 sur les aliments pour animaux de compagnie couvrent la fabrication et la commercialisation de produits alimentaires pour animaux de compagnie, principalement les chats et les chiens, mais incluent \u00e9galement les aliments pour d\u2019autres animaux de compagnie tels que les oiseaux, les poissons et les petits mammif\u00e8res.<\/p>\n\n\n\n<p>Pet <a href=\"https:\/\/www.sisinternational.com\/fr\/solutions\/etude-de-marche-alimentaire-qsr\/\" title=\"\u00c9tude de march\u00e9 sur les produits alimentaires QSR\"  data-wpil-monitor-id=\"2310\">food market research<\/a> provides insights to pet food manufacturers, retailers, and other stakeholders to make informed decisions, develop effective marketing strategies, and identify opportunities for growth in the dynamic and competitive pet food market.<\/p>\n\n\n\n<h2 class=\"wp-block-heading\">Aper\u00e7u du march\u00e9 des \u00e9tudes de march\u00e9 sur les aliments pour animaux de compagnie<\/h2>\n\n\n\n<p>According to data and strategies in pet <a href=\"https:\/\/www.sisinternational.com\/fr\/competence\/les-industries\/etude-de-marche-des-aliments-surgeles\/\" title=\"\u00c9tude de march\u00e9 des aliments surgel\u00e9s\"  data-wpil-monitor-id=\"3120\">food market research<\/a>, the pet food market worldwide is highly competitive, with several key players dominating the industry. The pet food market has experienced increasing growth in recent years, driven by the growing demands for pet ownership, changing consumer preferences, and evolving pet food trends.<\/p>\n\n\n\n<p>Pet <a href=\"https:\/\/www.sisinternational.com\/fr\/competence\/les-industries\/etude-de-marche-sur-les-franchises-de-restauration-rapide\/\" title=\"\u00c9tude de march\u00e9 sur les franchises de restauration rapide\"  data-wpil-monitor-id=\"3998\">food market research<\/a> provides insights into the industry&#8217;s overall landscape, including its size, segmentation, key players, and trends that can impact its growth. The industry overview of the pet food market, along with the trends that are driving its growth are discussed below.<\/p>\n\n\n\n<h2 class=\"wp-block-heading\">Types de produits<\/h2>\n\n\n\n<figure class=\"gb-block-image gb-block-image-f2693169\"><img loading=\"lazy\" decoding=\"async\" width=\"1456\" height=\"816\" class=\"gb-image gb-image-f2693169\" src=\"https:\/\/www.sisinternational.com\/wp-content\/uploads\/2025\/08\/Pets-dogs-cats-8.jpg\" alt=\"\u00c9tudes de march\u00e9 et strat\u00e9gie internationales SIS\" title=\"Pets dogs cats (8)\" srcset=\"https:\/\/www.sisinternational.com\/wp-content\/uploads\/2025\/08\/Pets-dogs-cats-8.jpg 1456w, https:\/\/www.sisinternational.com\/wp-content\/uploads\/2025\/08\/Pets-dogs-cats-8-300x168.jpg 300w, https:\/\/www.sisinternational.com\/wp-content\/uploads\/2025\/08\/Pets-dogs-cats-8-1024x574.jpg 1024w, https:\/\/www.sisinternational.com\/wp-content\/uploads\/2025\/08\/Pets-dogs-cats-8-768x430.jpg 768w, https:\/\/www.sisinternational.com\/wp-content\/uploads\/2025\/08\/Pets-dogs-cats-8-18x10.jpg 18w\" sizes=\"auto, (max-width: 1456px) 100vw, 1456px\"><\/figure>\n\n\n\n<p><\/p>\n\n\n\n<p>Below are some of the categories of pet food that cater to different types of pets and their specific nutritional requirements. Collection of data and strategies in Pet <a href=\"https:\/\/www.sisinternational.com\/fr\/competence\/les-industries\/etude-de-marche-sur-la-perte-de-poids-des-aliments-dietetiques\/\" title=\"\u00c9tude de march\u00e9 sur les aliments di\u00e9t\u00e9tiques et la perte de poids\"  data-wpil-monitor-id=\"5657\">Food Market Research<\/a> include some of the common categories of pet food include, but are not limited to, the following:<\/p>\n\n\n\n<p><strong>Nourriture humide pour animaux<\/strong><\/p>\n\n\n\n<p>La nourriture humide pour animaux de compagnie, \u00e9galement appel\u00e9e nourriture humide ou en conserve pour animaux de compagnie, a une teneur en humidit\u00e9 plus \u00e9lev\u00e9e que la nourriture s\u00e8che pour animaux de compagnie. Il a g\u00e9n\u00e9ralement une texture plus douce et est conditionn\u00e9 en canettes ou en sachets. Les animaux de compagnie peuvent trouver la nourriture humide plus app\u00e9tissante et plus attrayante, en particulier ceux qui ont des probl\u00e8mes dentaires ou ont besoin de plus de liquides.<\/p>\n\n\n\n<p><strong>Nourriture s\u00e8che pour animaux<\/strong><\/p>\n\n\n\n<p>G\u00e9n\u00e9ralement appel\u00e9e croquette, c&#039;est le type d&#039;aliment pour animaux de compagnie le plus g\u00e9n\u00e9ralement utilis\u00e9 et le plus accessible. Il se pr\u00e9sente g\u00e9n\u00e9ralement sous forme de granul\u00e9s secs ou de p\u00e9pites et a une bonne dur\u00e9e de conservation. Les aliments secs pour animaux sont pratiques, \u00e9conomiques et offrent aux animaux une alimentation \u00e9quilibr\u00e9e.<\/p>\n\n\n\n<p><strong>Aliments lyophilis\u00e9s ou d\u00e9shydrat\u00e9s pour animaux de compagnie<\/strong><\/p>\n\n\n\n<p>La fabrication de ce type d&#039;aliments pour animaux de compagnie implique d&#039;\u00e9liminer l&#039;humidit\u00e9 des composants bruts, g\u00e9n\u00e9ralement en utilisant des m\u00e9thodes de lyophilisation ou de d\u00e9shydratation. En plus d\u2019offrir une dur\u00e9e de conservation plus longue et un stockage plus pratique, il pr\u00e9serve le contenu nutritionnel des aliments crus.<\/p>\n\n\n\n<p><strong>Nourriture crue pour animaux de compagnie<\/strong><\/p>\n\n\n\n<p>Les aliments crus pour animaux de compagnie sont un type particulier d\u2019aliments pour animaux de compagnie souvent appel\u00e9s crus ou BARF (Biologically Appropriate Raw Food). Il est cr\u00e9\u00e9 \u00e0 partir d\u2019aliments crus et non cuits comme la viande, les os et les l\u00e9gumes. Il est tr\u00e8s appr\u00e9ci\u00e9 des propri\u00e9taires d&#039;animaux qui choisissent une nourriture plus naturelle et non transform\u00e9e pour leurs animaux, car on pense qu&#039;elle imite le r\u00e9gime naturel des animaux de compagnie \u00e0 l&#039;\u00e9tat sauvage.<\/p>\n\n\n\n<p><strong>Aliments biologiques ou naturels pour animaux de compagnie<\/strong><\/p>\n\n\n\n<p>Cette cat\u00e9gorie d&#039;aliments pour animaux de compagnie est produite sans utilisation de conservateurs, colorants ou ar\u00f4mes artificiels et est compos\u00e9e de produits certifi\u00e9s biologiques ou ayant subi une transformation minimale. Il est souvent pr\u00e9sent\u00e9 comme une solution plus saine et plus respectueuse de l\u2019environnement pour les animaux de compagnie, attirant ainsi les propri\u00e9taires d\u2019animaux soucieux de l\u2019environnement.<\/p>\n\n\n\n<p><strong>Nourriture pour animaux sans c\u00e9r\u00e9ales ou \u00e0 ingr\u00e9dients limit\u00e9s<\/strong><\/p>\n\n\n\n<p>Les animaux souffrant de sensibilit\u00e9s alimentaires, d&#039;allergies ou de restrictions alimentaires peuvent manger des aliments pour animaux sans c\u00e9r\u00e9ales ou \u00e0 ingr\u00e9dients limit\u00e9s, car ils sont compos\u00e9s de seulement quelques ingr\u00e9dients. Il est fr\u00e9quemment pr\u00e9sent\u00e9 comme un choix premium ou sp\u00e9cialis\u00e9 pour les animaux ayant certains besoins nutritionnels.<\/p>\n\n\n\n<p>Voici quelques-unes des cat\u00e9gories courantes d\u2019aliments pour animaux de compagnie disponibles sur le march\u00e9, chacune r\u00e9pondant \u00e0 diff\u00e9rentes esp\u00e8ces d\u2019animaux de compagnie, besoins nutritionnels et pr\u00e9f\u00e9rences des consommateurs. Les \u00e9tudes de march\u00e9 donnent un aper\u00e7u de l\u2019importance de prendre en compte les besoins et pr\u00e9f\u00e9rences sp\u00e9cifiques des animaux de compagnie, ainsi que les pr\u00e9f\u00e9rences des propri\u00e9taires d\u2019animaux, lors de la s\u00e9lection de la cat\u00e9gorie appropri\u00e9e d\u2019aliments pour animaux de compagnie pour un segment de march\u00e9 ou un public cible particulier.<\/p>\n\n\n\n<h2 class=\"wp-block-heading\"><strong>Tendances qui d\u00e9terminent l&#039;industrie des aliments pour animaux de compagnie<\/strong><\/h2>\n\n\n\n<figure class=\"gb-block-image gb-block-image-edf6883c\"><img loading=\"lazy\" decoding=\"async\" width=\"1456\" height=\"816\" class=\"gb-image gb-image-edf6883c\" src=\"https:\/\/www.sisinternational.com\/wp-content\/uploads\/2025\/08\/Pets-dogs-cats-3.jpg\" alt=\"\u00c9tudes de march\u00e9 et strat\u00e9gie internationales SIS\" title=\"Pets dogs cats (3)\" srcset=\"https:\/\/www.sisinternational.com\/wp-content\/uploads\/2025\/08\/Pets-dogs-cats-3.jpg 1456w, https:\/\/www.sisinternational.com\/wp-content\/uploads\/2025\/08\/Pets-dogs-cats-3-300x168.jpg 300w, https:\/\/www.sisinternational.com\/wp-content\/uploads\/2025\/08\/Pets-dogs-cats-3-1024x574.jpg 1024w, https:\/\/www.sisinternational.com\/wp-content\/uploads\/2025\/08\/Pets-dogs-cats-3-768x430.jpg 768w, https:\/\/www.sisinternational.com\/wp-content\/uploads\/2025\/08\/Pets-dogs-cats-3-18x10.jpg 18w\" sizes=\"auto, (max-width: 1456px) 100vw, 1456px\"><\/figure>\n\n\n\n<p><\/p>\n\n\n\n<p>La progression du march\u00e9 des aliments pour animaux de compagnie est acc\u00e9l\u00e9r\u00e9e par un certain nombre de facteurs. Les facteurs essentiels qui stimulent la croissance de ce march\u00e9 dynamique sont explor\u00e9s.<\/p>\n\n\n\n<p><strong>Humanisation des animaux de compagnie<\/strong><\/p>\n\n\n\n<p>Les propri\u00e9taires d\u2019animaux traitent plus fr\u00e9quemment leurs animaux comme faisant partie de la famille et recherchent des aliments pour animaux comparables en termes de nutriments et de qualit\u00e9 \u00e0 la nourriture humaine. Cette tendance a accru la demande de produits alimentaires pour animaux de compagnie haut de gamme et enti\u00e8rement naturels, fabriqu\u00e9s avec des ingr\u00e9dients de qualit\u00e9 sup\u00e9rieure et sans additifs artificiels, conservateurs et agents de remplissage. Si la nourriture aide \u00e0 la digestion, \u00e0 la gestion du poids et \u00e0 la sant\u00e9 globale, les propri\u00e9taires d\u2019animaux sont pr\u00eats \u00e0 d\u00e9penser plus pour leurs animaux.<\/p>\n\n\n\n<p><strong>Focus sur la sant\u00e9 et le bien-\u00eatre des animaux de compagnie<\/strong><\/p>\n\n\n\n<p>La demande d\u2019aliments pour animaux de compagnie est stimul\u00e9e par le nombre toujours croissant de propri\u00e9taires d\u2019animaux de compagnie dans le monde. Depuis la pand\u00e9mie de COVID-19, lorsque de nombreuses personnes se sont tourn\u00e9es vers la possession d\u2019animaux de compagnie pour se r\u00e9conforter, les animaux de compagnie sont d\u00e9sormais consid\u00e9r\u00e9s comme des amis, offrant un soutien \u00e9motionnel et une compagnie. Les producteurs d\u2019aliments pour animaux de compagnie disposent d\u00e9sormais d\u2019une client\u00e8le plus large en raison de la tendance croissante \u00e0 poss\u00e9der des animaux de compagnie, ce qui a am\u00e9lior\u00e9 la croissance du march\u00e9 et les ventes.<\/p>\n\n\n\n<p><strong>Augmenter la possession d&#039;animaux de compagnie<\/strong><\/p>\n\n\n\n<p>Le nombre de propri\u00e9taires d\u2019animaux de compagnie dans le monde ne cesse d\u2019augmenter, ce qui stimule la demande de produits alimentaires pour animaux de compagnie. Les animaux de compagnie sont d\u00e9sormais consid\u00e9r\u00e9s comme des compagnons, apportant un soutien \u00e9motionnel et une compagnie, en particulier pendant la pand\u00e9mie de COVID-19, lorsque de nombreuses personnes se sont tourn\u00e9es vers la possession d&#039;un animal de compagnie pour plus de confort. La tendance croissante \u00e0 poss\u00e9der des animaux de compagnie a cr\u00e9\u00e9 une client\u00e8le plus large pour les fabricants d\u2019aliments pour animaux de compagnie, entra\u00eenant une augmentation des ventes et une croissance du march\u00e9.<\/p>\n\n\n\n<p><strong>Commerce \u00e9lectronique et marketing num\u00e9rique<\/strong><\/p>\n\n\n\n<p>En raison de l\u2019augmentation des achats d\u2019aliments pour animaux de compagnie en ligne, le secteur de l\u2019alimentation pour animaux de compagnie a connu un changement consid\u00e9rable vers le commerce \u00e9lectronique et le marketing num\u00e9rique. Les canaux de vente au d\u00e9tail sur Internet offrent une commodit\u00e9, un acc\u00e8s simple \u00e0 une vari\u00e9t\u00e9 de produits et des prix abordables. Pour r\u00e9ussir \u00e0 cibler et interagir avec les consommateurs, les entreprises d&#039;aliments pour animaux de compagnie utilisent des tactiques de marketing num\u00e9rique telles que le marketing sur les r\u00e9seaux sociaux, les collaborations avec des influenceurs et la publicit\u00e9 en ligne.<\/p>\n\n\n\n<p><strong>Personnalisation et personnalisation<\/strong><\/p>\n\n\n\n<p>Les propri\u00e9taires d\u2019animaux recherchent des aliments pour animaux formul\u00e9s pour r\u00e9pondre aux demandes, aux go\u00fbts et aux besoins nutritionnels exclusifs de leurs animaux. Le besoin d\u2019aliments sp\u00e9cialis\u00e9s et personnalis\u00e9s pour animaux de compagnie, avec des alternatives pour diff\u00e9rentes races, \u00e2ges, tailles et probl\u00e8mes de sant\u00e9, en a r\u00e9sult\u00e9. Les entreprises qui produisent des aliments pour animaux de compagnie utilisent des informations et des technologies bas\u00e9es sur les donn\u00e9es pour d\u00e9velopper des formulations d&#039;aliments pour animaux de compagnie individualis\u00e9es, des portions et des choix de livraison adapt\u00e9s aux besoins d&#039;animaux sp\u00e9cifiques.<\/p>\n\n\n\n<p><strong>\u00c0 propos <a href=\"https:\/\/www.sisinternational.com\/fr\/competence\/les-industries\/etude-de-marche-sur-les-soins-pour-animaux-de-compagnie\/\" title=\"\u00c9tude de march\u00e9 sur les soins pour animaux de compagnie\"  data-wpil-monitor-id=\"6316\">\u00c9tude de march\u00e9 sur les aliments pour animaux de compagnie<\/a><\/strong><\/p>\n\n\n\n<p>Les \u00e9tudes de march\u00e9 sur les aliments pour animaux de compagnie sont cruciales pour les propri\u00e9taires d\u2019entreprises d\u2019aliments pour animaux de compagnie, car elles fournissent des informations essentielles sur la dynamique du march\u00e9, les pr\u00e9f\u00e9rences des consommateurs, les tendances et la concurrence, les aidant ainsi \u00e0 prendre des d\u00e9cisions \u00e9clair\u00e9es et \u00e0 d\u00e9velopper des strat\u00e9gies de marketing efficaces. Il aide \u00e0 identifier les opportunit\u00e9s de march\u00e9, \u00e0 comprendre les besoins des clients, \u00e0 optimiser les offres de produits, les prix et les canaux de distribution, et \u00e0 garder une longueur d&#039;avance sur la concurrence. Les \u00e9tudes de march\u00e9 sur les aliments pour animaux de compagnie permettent aux propri\u00e9taires d\u2019entreprise de prendre des d\u00e9cisions fond\u00e9es sur des donn\u00e9es, de minimiser les risques et de maximiser leurs chances de succ\u00e8s dans le secteur concurrentiel des aliments pour animaux de compagnie.<\/p>","protected":false},"excerpt":{"rendered":"<p>Les \u00e9tudes de march\u00e9 sur les aliments pour animaux de compagnie fournissent des informations aux fabricants d\u2019aliments pour animaux de compagnie, aux d\u00e9taillants et \u00e0 d\u2019autres parties prenantes afin qu\u2019ils puissent prendre des d\u00e9cisions \u00e9clair\u00e9es.<\/p>","protected":false},"author":1,"featured_media":63854,"parent":14514,"menu_order":252,"comment_status":"closed","ping_status":"closed","template":"","meta":{"footnotes":""},"class_list":["post-42362","page","type-page","status-publish","has-post-thumbnail"],"_links":{"self":[{"href":"https:\/\/www.sisinternational.com\/fr\/wp-json\/wp\/v2\/pages\/42362","targetHints":{"allow":["GET"]}}],"collection":[{"href":"https:\/\/www.sisinternational.com\/fr\/wp-json\/wp\/v2\/pages"}],"about":[{"href":"https:\/\/www.sisinternational.com\/fr\/wp-json\/wp\/v2\/types\/page"}],"author":[{"embeddable":true,"href":"https:\/\/www.sisinternational.com\/fr\/wp-json\/wp\/v2\/users\/1"}],"replies":[{"embeddable":true,"href":"https:\/\/www.sisinternational.com\/fr\/wp-json\/wp\/v2\/comments?post=42362"}],"version-history":[{"count":8,"href":"https:\/\/www.sisinternational.com\/fr\/wp-json\/wp\/v2\/pages\/42362\/revisions"}],"predecessor-version":[{"id":79899,"href":"https:\/\/www.sisinternational.com\/fr\/wp-json\/wp\/v2\/pages\/42362\/revisions\/79899"}],"up":[{"embeddable":true,"href":"https:\/\/www.sisinternational.com\/fr\/wp-json\/wp\/v2\/pages\/14514"}],"wp:featuredmedia":[{"embeddable":true,"href":"https:\/\/www.sisinternational.com\/fr\/wp-json\/wp\/v2\/media\/63854"}],"wp:attachment":[{"href":"https:\/\/www.sisinternational.com\/fr\/wp-json\/wp\/v2\/media?parent=42362"}],"curies":[{"name":"wp","href":"https:\/\/api.w.org\/{rel}","templated":true}]}}