{"id":42358,"date":"2023-04-13T18:33:59","date_gmt":"2023-04-13T22:33:59","guid":{"rendered":"https:\/\/www.sisinternational.com\/?page_id=42358"},"modified":"2026-03-11T19:52:18","modified_gmt":"2026-03-11T23:52:18","slug":"marche-des-cosmetiques-de-soins-personnels","status":"publish","type":"page","link":"https:\/\/www.sisinternational.com\/fr\/solutions\/marche-des-cosmetiques-de-soins-personnels\/","title":{"rendered":"Personal Care Market Research"},"content":{"rendered":"<h1 class=\"wp-block-heading\">Personal Care Market Research<\/h1>\n\n\n\n<figure class=\"gb-block-image gb-block-image-e34fa9cc\"><img loading=\"lazy\" decoding=\"async\" width=\"1456\" height=\"816\" class=\"gb-image gb-image-e34fa9cc\" src=\"https:\/\/www.sisinternational.com\/wp-content\/uploads\/2025\/08\/Personal-care-8.jpg\" alt=\"\u00c9tudes de march\u00e9 et strat\u00e9gie internationales SIS\" title=\"Personal care (8)\" srcset=\"https:\/\/www.sisinternational.com\/wp-content\/uploads\/2025\/08\/Personal-care-8.jpg 1456w, https:\/\/www.sisinternational.com\/wp-content\/uploads\/2025\/08\/Personal-care-8-300x168.jpg 300w, https:\/\/www.sisinternational.com\/wp-content\/uploads\/2025\/08\/Personal-care-8-1024x574.jpg 1024w, https:\/\/www.sisinternational.com\/wp-content\/uploads\/2025\/08\/Personal-care-8-768x430.jpg 768w, https:\/\/www.sisinternational.com\/wp-content\/uploads\/2025\/08\/Personal-care-8-18x10.jpg 18w\" sizes=\"auto, (max-width: 1456px) 100vw, 1456px\"><\/figure>\n\n\n\n<p><\/p>\n\n\n\n<p>Many brands and companies vie for consumer attention and loyalty. Trends and shifts in consumer preferences also influence the industry. So, your strategy should too.  <\/p>\n\n\n\n<h2 class=\"wp-block-heading\">Pourquoi les \u00e9tudes de march\u00e9 sur les soins personnels et les cosm\u00e9tiques sont-elles importantes ?<\/h2>\n\n\n\n<p>L&#039;industrie des soins personnels et des cosm\u00e9tiques est une source d&#039;emploi importante. Par exemple, il fournit des emplois \u00e0 divers travailleurs, notamment des chimistes et des chercheurs. Son effectif comprend \u00e9galement des sp\u00e9cialistes du marketing, des vendeurs et des ouvriers du secteur manufacturier.<\/p>\n\n\n\n<p>L&#039;industrie est \u00e9galement un contributeur majeur \u00e0 l&#039;\u00e9conomie mondiale. Par exemple, cela g\u00e9n\u00e8re des revenus et des imp\u00f4ts importants pour les gouvernements. Elle soutient \u00e9galement des secteurs connexes tels que l\u2019emballage, la logistique et la publicit\u00e9.<\/p>\n\n\n\n<h2 class=\"wp-block-heading\">Titres de poste cl\u00e9s<\/h2>\n\n\n\n<h3 class=\"wp-block-heading\">Il existe une vari\u00e9t\u00e9 de titres d\u2019emploi dans l\u2019industrie des soins personnels et des cosm\u00e9tiques. Certains titres de poste standard incluent\u00a0:<\/h3>\n\n\n\n<ul class=\"wp-block-list\">\n<li><strong>Chimiste ou scientifique cosm\u00e9tique\u00a0:<\/strong>&nbsp;D\u00e9velopper et tester de nouvelles formulations pour les produits de soins personnels et cosm\u00e9tiques.<\/li>\n\n\n\n<li><strong>Responsable d\u00e9veloppement produit :<\/strong>&nbsp;Superviser le d\u00e9veloppement et le lancement de nouveaux produits de soins personnels et cosm\u00e9tiques.<\/li>\n\n\n\n<li><strong>Responsable marketing\u00a0:<\/strong>&nbsp;\u00c9laborer et mettre en place des strat\u00e9gies marketing pour promouvoir les produits aupr\u00e8s des consommateurs.<\/li>\n\n\n\n<li><strong>Repr\u00e9sentant des ventes:<\/strong>&nbsp;\u00c9tablir des relations avec les d\u00e9taillants et d&#039;autres clients pour vendre des produits.<\/li>\n\n\n\n<li><strong>Chef de marque\u00a0:<\/strong>&nbsp;D\u00e9velopper et g\u00e9rer l&#039;image et le portefeuille de produits d&#039;une marque.<\/li>\n\n\n\n<li><strong>Sp\u00e9cialiste du contr\u00f4le qualit\u00e9\u00a0:<\/strong>&nbsp;Veiller \u00e0 ce que les produits de soins personnels et cosm\u00e9tiques r\u00e9pondent aux normes et r\u00e9glementations de qualit\u00e9.<\/li>\n\n\n\n<li><strong>Ing\u00e9nieur packaging :<\/strong> D\u00e9velopper et tester des emballages pour les produits de soins personnels et cosm\u00e9tiques.<\/li>\n\n\n\n<li><strong>Gestionnaire de la chaine d&#039;approvisionnement:<\/strong> Coordonner le mouvement des produits de la fabrication aux points de vente au d\u00e9tail.<br><strong>Sp\u00e9cialiste des affaires r\u00e9glementaires\u00a0:<\/strong>&nbsp;Veiller \u00e0 ce que les produits de soins personnels et cosm\u00e9tiques respectent les lois et r\u00e9glementations en vigueur.<\/li>\n\n\n\n<li><strong>Scientifique en recherche et d\u00e9veloppement\u00a0:<\/strong>\u00a0Recherche pour d\u00e9velopper de nouveaux ingr\u00e9dients pour les produits ou am\u00e9liorer ceux existants.<\/li>\n<\/ul>\n\n\n\n<h2 class=\"wp-block-heading\">Pourquoi les entreprises ont-elles besoin de soins personnels et de cosm\u00e9tiques ?<\/h2>\n\n\n\n<figure class=\"gb-block-image gb-block-image-adab417e\"><img loading=\"lazy\" decoding=\"async\" width=\"1456\" height=\"816\" class=\"gb-image gb-image-adab417e\" src=\"https:\/\/www.sisinternational.com\/wp-content\/uploads\/2025\/09\/Cosmetics-in-mexico-3.jpg\" alt=\"\u00c9tudes de march\u00e9 et strat\u00e9gie internationales SIS\" title=\"Cosmetics in mexico (3)\" srcset=\"https:\/\/www.sisinternational.com\/wp-content\/uploads\/2025\/09\/Cosmetics-in-mexico-3.jpg 1456w, https:\/\/www.sisinternational.com\/wp-content\/uploads\/2025\/09\/Cosmetics-in-mexico-3-300x168.jpg 300w, https:\/\/www.sisinternational.com\/wp-content\/uploads\/2025\/09\/Cosmetics-in-mexico-3-1024x574.jpg 1024w, https:\/\/www.sisinternational.com\/wp-content\/uploads\/2025\/09\/Cosmetics-in-mexico-3-768x430.jpg 768w, https:\/\/www.sisinternational.com\/wp-content\/uploads\/2025\/09\/Cosmetics-in-mexico-3-18x10.jpg 18w\" sizes=\"auto, (max-width: 1456px) 100vw, 1456px\"><\/figure>\n\n\n\n<p><\/p>\n\n\n\n<p>Businesses need personal care and cosmetics products for several reasons. These products are in high demand. Companies that offer them can meet the needs and wants of their customers. Customers expect to find personal care and cosmetics products almost everywhere. <\/p>\n\n\n\n<p>L&#039;ajout de ces produits aux offres d&#039;une entreprise peut diversifier davantage sa gamme de produits. Cela peut \u00e9galement attirer de nouveaux clients, ce qui peut aider les entreprises \u00e0 \u00e9largir leur client\u00e8le et \u00e0 augmenter leurs revenus. De plus, les proposer peut contribuer \u00e0 fid\u00e9liser les clients \u00e0 la marque. Cela cr\u00e9e des opportunit\u00e9s d&#039;appr\u00e9cier et de faire encore plus confiance aux produits d&#039;une entreprise, ce qui peut conduire \u00e0 des achats r\u00e9p\u00e9t\u00e9s et \u00e0 une publicit\u00e9 positive de bouche \u00e0 oreille.<\/p>\n\n\n\n<p>Trends and fads often influence personal care and cosmetics products. It is a dynamic market. Businesses can capitalize on current trends and stay ahead of the curve. In that way, they can gain a competitive edge.<\/p>\n\n\n\n<h2 class=\"wp-block-heading\">Facteurs cl\u00e9s de succ\u00e8s dans les \u00e9tudes de march\u00e9 sur les soins personnels et les cosm\u00e9tiques<\/h2>\n\n\n\n<ul class=\"wp-block-list\">\n<li>Several critical success factors exist for businesses operating in this market. Personal care and cosmetics products must be high-quality and safe for use. Moreover, companies must ensure that their products meet or exceed industry standards. <\/li>\n\n\n\n<li>The personal <a href=\"https:\/\/www.sisinternational.com\/fr\/competence\/les-industries\/etude-de-marche-sur-les-soins-pour-animaux-de-compagnie\/\" title=\"\u00c9tude de march\u00e9 sur les soins pour animaux de compagnie\" data-wpil-monitor-id=\"6320\">care and cosmetics market<\/a> is evolving. In addition, it\u2019s an excellent opportunity for businesses that can innovate. If they develop new and unique products, they can gain a competitive advantage.<\/li>\n\n\n\n<li>Une image de marque et un marketing efficaces sont \u00e9galement essentiels pour r\u00e9ussir sur ce march\u00e9. Les entreprises doivent cr\u00e9er des identit\u00e9s de marque convaincantes, associ\u00e9es \u00e0 des campagnes marketing efficaces. Ces campagnes doivent trouver un \u00e9cho aupr\u00e8s des consommateurs et les diff\u00e9rencier des concurrents.<\/li>\n\n\n\n<li>Personal care and cosmetics products must be available to consumers. You can make that possible through effective distribution channels. Businesses must have a strong distribution network. <\/li>\n\n\n\n<li>Fournir un service client exceptionnel est essentiel pour les entreprises op\u00e9rant sur ce march\u00e9. Un excellent service consiste \u00e0 fournir aux clients des informations sur les produits et \u00e0 r\u00e9pondre \u00e0 leurs pr\u00e9occupations. Cela implique \u00e9galement de proposer des retours et des \u00e9changes lorsque cela est n\u00e9cessaire.<\/li>\n\n\n\n<li>The impact of personal care and cosmetics products on the environment is of interest to some customers. Businesses prioritizing sustainability and environmental responsibility can gain a competitive advantage. <\/li>\n<\/ul>\n\n\n\n<h2 class=\"wp-block-heading\">\u00c0 propos de l\u2019\u00e9tude de march\u00e9 sur les soins personnels et les cosm\u00e9tiques<\/h2>\n\n\n\n<figure class=\"gb-block-image gb-block-image-f7b601da\"><img loading=\"lazy\" decoding=\"async\" width=\"1456\" height=\"816\" class=\"gb-image gb-image-f7b601da\" src=\"https:\/\/www.sisinternational.com\/wp-content\/uploads\/2025\/08\/Skincare-6-5.jpg\" alt=\"\u00c9tudes de march\u00e9 et strat\u00e9gie internationales SIS\" title=\"Skincare 6 (5)\" srcset=\"https:\/\/www.sisinternational.com\/wp-content\/uploads\/2025\/08\/Skincare-6-5.jpg 1456w, https:\/\/www.sisinternational.com\/wp-content\/uploads\/2025\/08\/Skincare-6-5-300x168.jpg 300w, https:\/\/www.sisinternational.com\/wp-content\/uploads\/2025\/08\/Skincare-6-5-1024x574.jpg 1024w, https:\/\/www.sisinternational.com\/wp-content\/uploads\/2025\/08\/Skincare-6-5-768x430.jpg 768w, https:\/\/www.sisinternational.com\/wp-content\/uploads\/2025\/08\/Skincare-6-5-18x10.jpg 18w\" sizes=\"auto, (max-width: 1456px) 100vw, 1456px\"><\/figure>\n\n\n\n<p><\/p>\n\n\n\n<p>Businesses should always appreciate the importance of Qualitative and <a class=\"wpil_keyword_link\" href=\"https:\/\/www.sisinternational.com\/fr\/best-practices-for-quantitative-market-research\/\" title=\"Meilleures pratiques pour les \u00e9tudes de march\u00e9 quantitatives\" data-wpil-keyword-link=\"linked\" data-wpil-monitor-id=\"372\">\u00c9tude de march\u00e9 quantitative<\/a>. Successful new businesses enjoy longevity because of regular UX Market Research. It helps them to understand their target market and identify consumer problems. They can also do a Competitive Analysis to pinpoint realistic competitors.<\/p>\n\n\n\n<p>Your company must also do Strategic Market Research to stay abreast of developments. For example, they\u2019ll learn about new technologies, products, services, trends, and business practices. Are you entering a new market? Then take advantage of Market Entry Research and <a class=\"wpil_keyword_link\" href=\"https:\/\/www.sisinternational.com\/fr\/solutions\/conseil-en-strategie\/recherche-dopportunites-de-marche\/\" title=\"Recherche d&#039;opportunit\u00e9s de march\u00e9\" data-wpil-keyword-link=\"linked\" data-wpil-monitor-id=\"696\">Recherche d&#039;opportunit\u00e9s de march\u00e9<\/a>. <a href=\"https:\/\/www.sisinternational.com\/fr\/competence\/les-industries\/etude-de-marche-en-semiotique\/\" title=\"\u00c9tude de march\u00e9 sur la s\u00e9miotique\" data-wpil-monitor-id=\"3146\">Recherche sur la taille du march\u00e9<\/a> is another must-have.<\/p>\n\n\n\n<p>SIS International Research propose tous ces types de recherche et bien plus encore. Nous pouvons \u00e9galement organiser des groupes de discussion, des enqu\u00eates et des entretiens. Nous informerons votre strat\u00e9gie Go to Market. Contactez SIS aujourd\u2019hui pour une consultation.<\/p>\n\n\n\n<p><\/p>","protected":false},"excerpt":{"rendered":"<p>Le march\u00e9 des soins personnels et des cosm\u00e9tiques est une vaste industrie. La plupart des produits am\u00e9liorent ou maintiennent l\u2019apparence personnelle et l\u2019hygi\u00e8ne.<\/p>","protected":false},"author":1,"featured_media":62481,"parent":14457,"menu_order":22,"comment_status":"closed","ping_status":"closed","template":"","meta":{"footnotes":""},"class_list":["post-42358","page","type-page","status-publish","has-post-thumbnail"],"_links":{"self":[{"href":"https:\/\/www.sisinternational.com\/fr\/wp-json\/wp\/v2\/pages\/42358","targetHints":{"allow":["GET"]}}],"collection":[{"href":"https:\/\/www.sisinternational.com\/fr\/wp-json\/wp\/v2\/pages"}],"about":[{"href":"https:\/\/www.sisinternational.com\/fr\/wp-json\/wp\/v2\/types\/page"}],"author":[{"embeddable":true,"href":"https:\/\/www.sisinternational.com\/fr\/wp-json\/wp\/v2\/users\/1"}],"replies":[{"embeddable":true,"href":"https:\/\/www.sisinternational.com\/fr\/wp-json\/wp\/v2\/comments?post=42358"}],"version-history":[{"count":10,"href":"https:\/\/www.sisinternational.com\/fr\/wp-json\/wp\/v2\/pages\/42358\/revisions"}],"predecessor-version":[{"id":84374,"href":"https:\/\/www.sisinternational.com\/fr\/wp-json\/wp\/v2\/pages\/42358\/revisions\/84374"}],"up":[{"embeddable":true,"href":"https:\/\/www.sisinternational.com\/fr\/wp-json\/wp\/v2\/pages\/14457"}],"wp:featuredmedia":[{"embeddable":true,"href":"https:\/\/www.sisinternational.com\/fr\/wp-json\/wp\/v2\/media\/62481"}],"wp:attachment":[{"href":"https:\/\/www.sisinternational.com\/fr\/wp-json\/wp\/v2\/media?parent=42358"}],"curies":[{"name":"wp","href":"https:\/\/api.w.org\/{rel}","templated":true}]}}