{"id":42355,"date":"2023-04-13T18:04:54","date_gmt":"2023-04-13T22:04:54","guid":{"rendered":"https:\/\/www.sisinternational.com\/?page_id=42355"},"modified":"2026-01-24T21:08:40","modified_gmt":"2026-01-25T02:08:40","slug":"etude-de-marche-sur-la-paraffine","status":"publish","type":"page","link":"https:\/\/www.sisinternational.com\/fr\/competence\/etude-de-marche-sur-la-paraffine\/","title":{"rendered":"\u00c9tude de march\u00e9 sur la paraffine"},"content":{"rendered":"<h1 class=\"wp-block-heading\">\u00c9tude de march\u00e9 sur la paraffine<\/h1>\n\n\n\n<figure class=\"gb-block-image gb-block-image-a7947544\"><img loading=\"lazy\" decoding=\"async\" width=\"1456\" height=\"816\" class=\"gb-image gb-image-a7947544\" src=\"https:\/\/www.sisinternational.com\/wp-content\/uploads\/2025\/10\/Paraffin-1.jpg\" alt=\"\u00c9tudes de march\u00e9 et strat\u00e9gie internationales SIS\" title=\"Paraffin (1)\" srcset=\"https:\/\/www.sisinternational.com\/wp-content\/uploads\/2025\/10\/Paraffin-1.jpg 1456w, https:\/\/www.sisinternational.com\/wp-content\/uploads\/2025\/10\/Paraffin-1-300x168.jpg 300w, https:\/\/www.sisinternational.com\/wp-content\/uploads\/2025\/10\/Paraffin-1-1024x574.jpg 1024w, https:\/\/www.sisinternational.com\/wp-content\/uploads\/2025\/10\/Paraffin-1-768x430.jpg 768w, https:\/\/www.sisinternational.com\/wp-content\/uploads\/2025\/10\/Paraffin-1-18x10.jpg 18w\" sizes=\"auto, (max-width: 1456px) 100vw, 1456px\"><\/figure>\n\n\n\n<p><\/p>\n\n\n\n<p>La paraffine est essentielle dans diverses industries telles que les cosm\u00e9tiques, les produits pharmaceutiques et le textile. Cela rend les \u00e9tudes de march\u00e9 d\u2019une importance vitale pour les entreprises concurrentes du secteur. En explorant les tendances du march\u00e9, les pr\u00e9f\u00e9rences des consommateurs et le paysage concurrentiel, les entreprises et les investisseurs peuvent obtenir des informations pr\u00e9cieuses pour prendre des d\u00e9cisions efficaces et identifier des opportunit\u00e9s potentielles de croissance.<\/p>\n\n\n\n<h2 class=\"wp-block-heading\">Qu\u2019est-ce qu\u2019une \u00e9tude de march\u00e9 sur la paraffine et pourquoi est-elle importante ?<\/h2>\n\n\n\n<p>Les \u00e9tudes de march\u00e9 sur la paraffine fournissent aux propri\u00e9taires d\u2019entreprise et aux investisseurs des informations sur le march\u00e9 telles que la dynamique de l\u2019offre et de la demande, la taille, les tendances de croissance, les activit\u00e9s des concurrents et les habitudes de consommation, qui peuvent les aider \u00e0 identifier les opportunit\u00e9s d\u2019expansion. Conna\u00eetre l&#039;\u00e9volution de la demande au sein de chaque segment de l&#039;industrie de la paraffine permet aux entreprises de prendre des d\u00e9cisions \u00e9clair\u00e9es qui d\u00e9termineront leur succ\u00e8s dans ce secteur.<\/p>\n\n\n\n<h3 class=\"wp-block-heading\">R\u00e9aliser des \u00e9tudes de march\u00e9 est important pour les entreprises et les investisseurs pour les raisons suivantes :<\/h3>\n\n\n\n<ul class=\"wp-block-list\">\n<li>Paraffin market research provides businesses and investors with comprehensive insights into the market&#8217;s inner workings, from size to <a href=\"https:\/\/www.sisinternational.com\/fr\/global-beverage-market\/\" title=\"Global Beverage Market: Market Dynamics, Growth Projections &amp; Consumer Insights\"  data-wpil-monitor-id=\"9892\">growth trajectory and supply-demand dynamics<\/a>. With this knowledge, companies can make well-informed decisions, spot possible expansion chances, and stay ahead in their respective industries.<\/li>\n\n\n\n<li>Les organisations peuvent mieux comprendre les besoins, les pr\u00e9f\u00e9rences et les habitudes des clients. Ces connaissances aident les entreprises \u00e0 concevoir des produits qui r\u00e9pondent aux exigences de leurs clients, ce qui se traduit par une plus grande satisfaction client, un volume de ventes plus \u00e9lev\u00e9 et une augmentation des revenus.<\/li>\n\n\n\n<li>With Paraffin market research, companies can gain a decisive edge over their competitors by discerning the latest <a href=\"https:\/\/www.sisinternational.com\/fr\/publications\/comportement-de-lacheteur-apres-le-nouveau-consommateur-du-coronavirus\/\" title=\"Comportement des acheteurs apr\u00e8s le coronavirus \u2013 \u00c9tude de march\u00e9 de consommation\"  data-wpil-monitor-id=\"9882\">market trends and consumer<\/a> attitudes.<\/li>\n\n\n\n<li>Paraffin market research helps companies reduce risks, providing sharp insights into potential problems and prospects in the industry. With these evaluation results, businesses can create alternative plans to adjust to any changes in the marketplace quickly. Risk mitigation is easily achievable when leveraging this <a href=\"https:\/\/www.sisinternational.com\/fr\/competence\/les-industries\/conseil-en-strategie-energetique-et-etude-de-marche\/\" title=\"\u00c9tude de march\u00e9 sur le conseil en strat\u00e9gie \u00e9nerg\u00e9tique et \u00e9lectrique\"  data-wpil-monitor-id=\"9888\">powerful tool for your business strategy<\/a>.<\/li>\n<\/ul>\n\n\n\n<h2 class=\"wp-block-heading\">Opportunit\u00e9s et d\u00e9fis de l\u2019\u00e9tude de march\u00e9 sur la paraffine<\/h2>\n\n\n\n<figure class=\"gb-block-image gb-block-image-d98e4e66\"><img loading=\"lazy\" decoding=\"async\" width=\"1456\" height=\"816\" class=\"gb-image gb-image-d98e4e66\" src=\"https:\/\/www.sisinternational.com\/wp-content\/uploads\/2025\/10\/Paraffin-2.jpg\" alt=\"\u00c9tudes de march\u00e9 et strat\u00e9gie internationales SIS\" title=\"Paraffin (2)\" srcset=\"https:\/\/www.sisinternational.com\/wp-content\/uploads\/2025\/10\/Paraffin-2.jpg 1456w, https:\/\/www.sisinternational.com\/wp-content\/uploads\/2025\/10\/Paraffin-2-300x168.jpg 300w, https:\/\/www.sisinternational.com\/wp-content\/uploads\/2025\/10\/Paraffin-2-1024x574.jpg 1024w, https:\/\/www.sisinternational.com\/wp-content\/uploads\/2025\/10\/Paraffin-2-768x430.jpg 768w, https:\/\/www.sisinternational.com\/wp-content\/uploads\/2025\/10\/Paraffin-2-18x10.jpg 18w\" sizes=\"auto, (max-width: 1456px) 100vw, 1456px\"><\/figure>\n\n\n\n<p>Le march\u00e9 de la paraffine a connu une croissance rapide ces derni\u00e8res ann\u00e9es. Cependant, l\u2019industrie est \u00e9galement confront\u00e9e \u00e0 plusieurs d\u00e9fis qui peuvent entraver sa croissance et sa p\u00e9rennit\u00e9. Par cons\u00e9quent, les opportunit\u00e9s et les d\u00e9fis les plus importants \u00e0 consid\u00e9rer dans cette industrie sont les suivants :<\/p>\n\n\n\n<h3 class=\"wp-block-heading\">Opportunit\u00e9s<\/h3>\n\n\n\n<ul class=\"wp-block-list\">\n<li>By carefully <a href=\"https:\/\/www.sisinternational.com\/fr\/competence\/les-industries\/etude-de-marche-en-semiotique\/\" title=\"\u00c9tude de march\u00e9 sur la s\u00e9miotique\"  data-wpil-monitor-id=\"3148\">researching the paraffin market<\/a>, companies and investors can identify future industry developments such as new applications or increased demand in certain regions. As a result, companies and investors are better prepared to outperform the <a href=\"https:\/\/www.sisinternational.com\/fr\/developper-un-avantage-concurrentiel-durable\/\" title=\"D\u00e9velopper un avantage concurrentiel durable\"  data-wpil-monitor-id=\"9890\">competition and take advantage<\/a> of the most profitable markets at the right time.<\/li>\n\n\n\n<li>With paraffin market research, businesses and investors can obtain a comprehensive view of the existing industry demand and competition. By utilizing this valuable information, they can develop more effective production, pricing, and <a href=\"https:\/\/www.sisinternational.com\/fr\/campagne-de-marketing-multicanal\/\" title=\"Optimiser les strat\u00e9gies de marketing multicanal pour une meilleure p\u00e9n\u00e9tration du march\u00e9\"  data-wpil-monitor-id=\"9880\">marketing strategies that will optimize<\/a> their success in the long run.<br>En utilisant les \u00e9tudes de march\u00e9 sur la paraffine, les entreprises peuvent obtenir des informations sur les pr\u00e9f\u00e9rences et les tendances des consommateurs, ce qui leur permettra de d\u00e9velopper des produits innovants.<\/li>\n\n\n\n<li>Organizations can effectively reduce the risks and uncertainties associated with paraffin <a href=\"https:\/\/www.sisinternational.com\/fr\/competence\/les-industries\/etude-de-marche-sur-la-viande-cultivee-a-base-de-cellules-de-viande\/\" title=\"Viande cultiv\u00e9e (viande \u00e0 base de cellules) \u00c9tude de march\u00e9\"  data-wpil-monitor-id=\"3172\">market investments by conducting comprehensive research<\/a>. This allows for informed decisions when it comes to resource allocation, thus cutting down on costly missteps that could have been avoided.<\/li>\n\n\n\n<li>Paraffin market research helps entrepreneurs and companies capitalize on fresh business opportunities by pinpointing potential partners and collaborators in the field. Through these partnerships and collaborations, businesses can <a href=\"https:\/\/www.sisinternational.com\/fr\/solutions\/conseil-en-strategie\/conseil-en-execution-de-developpement-de-strategie\/\" title=\"Conseil en d\u00e9veloppement et ex\u00e9cution de strat\u00e9gies\"  data-wpil-monitor-id=\"9884\">develop growth strategies<\/a> that will generate ground-breaking innovations for their industry.<\/li>\n<\/ul>\n\n\n\n<h2 class=\"wp-block-heading\">D\u00e9fis<\/h2>\n\n\n\n<ul class=\"wp-block-list\">\n<li>Le march\u00e9 de la paraffine est en constante \u00e9volution et les \u00e9volutions peuvent se produire rapidement. Par cons\u00e9quent, suivre les derni\u00e8res tendances et \u00e9volutions de la demande peut s\u2019av\u00e9rer difficile, et les entreprises doivent \u00eatre flexibles et r\u00e9actives.<\/li>\n\n\n\n<li>Sur le march\u00e9 hautement concurrentiel de la paraffine, il peut \u00eatre difficile de se d\u00e9marquer et de prosp\u00e9rer. Il est essentiel pour les entreprises de cet espace de distinguer leur produit ou service des autres, tout en reconnaissant les nouvelles opportunit\u00e9s qui pourraient s&#039;av\u00e9rer avantageuses.<\/li>\n\n\n\n<li>Les entreprises qui op\u00e8rent sur le march\u00e9 de la paraffine doivent se tenir au courant de l\u2019\u00e9volution des normes r\u00e9glementaires et respectueuses de l\u2019environnement. Alors que les pr\u00e9occupations concernant la durabilit\u00e9 deviennent de plus en plus importantes, une plus grande surveillance des processus de production pourrait \u00eatre mise en \u0153uvre, ce qui pourrait potentiellement faire augmenter les co\u00fbts et affecter la demande de produits \u00e0 base de paraffine.<\/li>\n<\/ul>\n\n\n\n<h2 class=\"wp-block-heading\">Tendances actuelles du march\u00e9 et d\u00e9veloppements des \u00e9tudes de march\u00e9 sur la paraffine<\/h2>\n\n\n\n<p>Des progr\u00e8s spectaculaires sur le march\u00e9 de la paraffine \u00e9mergent constamment, les tendances et les d\u00e9veloppements actuels le poussant vers de nouveaux sommets. Par exemple:<\/p>\n\n\n\n<ul class=\"wp-block-list\">\n<li>La cire de paraffine naturelle et biologique devient de plus en plus populaire \u00e0 mesure que les consommateurs deviennent plus conscients de l&#039;environnement. Cette tendance croissante vers des produits durables et respectueux de l\u2019environnement montre une augmentation.<\/li>\n\n\n\n<li>Alors que les produits de beaut\u00e9 biologiques et naturels deviennent de plus en plus populaires, le besoin en cire de paraffine n\u2019a jamais \u00e9t\u00e9 aussi grand dans l\u2019industrie cosm\u00e9tique. Cet ingr\u00e9dient crucial offre de nombreux bienfaits tels que l\u2019hydratation et le confort.<\/li>\n\n\n\n<li>Les variations du prix du p\u00e9trole brut peuvent avoir un effet extr\u00eame sur le co\u00fbt des produits \u00e0 base de paraffine, car elles r\u00e9sultent du raffinage du p\u00e9trole brut. Cela a des implications majeures sur les r\u00e9sultats financiers des producteurs de cire de paraffine.<\/li>\n<\/ul>\n\n\n\n<h2 class=\"wp-block-heading\">Tendances futures des \u00e9tudes de march\u00e9 sur la paraffine<\/h2>\n\n\n\n<figure class=\"gb-block-image gb-block-image-c36fd7d4\"><img loading=\"lazy\" decoding=\"async\" width=\"1456\" height=\"816\" class=\"gb-image gb-image-c36fd7d4\" src=\"https:\/\/www.sisinternational.com\/wp-content\/uploads\/2025\/10\/Paraffin-3.jpg\" alt=\"\u00c9tudes de march\u00e9 et strat\u00e9gie internationales SIS\" title=\"Paraffin (3)\" srcset=\"https:\/\/www.sisinternational.com\/wp-content\/uploads\/2025\/10\/Paraffin-3.jpg 1456w, https:\/\/www.sisinternational.com\/wp-content\/uploads\/2025\/10\/Paraffin-3-300x168.jpg 300w, https:\/\/www.sisinternational.com\/wp-content\/uploads\/2025\/10\/Paraffin-3-1024x574.jpg 1024w, https:\/\/www.sisinternational.com\/wp-content\/uploads\/2025\/10\/Paraffin-3-768x430.jpg 768w, https:\/\/www.sisinternational.com\/wp-content\/uploads\/2025\/10\/Paraffin-3-18x10.jpg 18w\" sizes=\"auto, (max-width: 1456px) 100vw, 1456px\"><\/figure>\n\n\n\n<p><\/p>\n\n\n\n<p>Alors que les \u00e9tudes de march\u00e9 sur la paraffine vont continuer \u00e0 gagner du terrain dans les ann\u00e9es \u00e0 venir, il est essentiel pour les entreprises et les investisseurs de se tenir au courant des tendances \u00e0 venir. Ceux-ci inclus:<\/p>\n\n\n\n<ul class=\"wp-block-list\">\n<li>La demande de paraffine dans l\u2019industrie cosm\u00e9tique devrait continuer de cro\u00eetre rapidement puisqu\u2019il s\u2019agit d\u2019un ingr\u00e9dient cl\u00e9 utilis\u00e9 dans les cr\u00e8mes, baumes et autres produits de beaut\u00e9. \u00c0 mesure que les consommateurs deviennent plus conscients d\u2019opter pour des cosm\u00e9tiques naturels et biologiques, ils peuvent \u00e9galement se tourner vers les produits \u00e0 base de cire de paraffine naturelle et biologique. Par cons\u00e9quent, cela pourrait potentiellement faire augmenter encore davantage la demande.<\/li>\n\n\n\n<li>As eco-consciousness swells on the modern consumer landscape, paraffin wax is becoming increasingly sought after as a <a href=\"https:\/\/www.sisinternational.com\/fr\/solutions\/conseil-en-strategie\/etude-de-marche-de-produits-minimum-viables\/\" title=\"\u00c9tude de march\u00e9 sur les produits minimum viables\"  data-wpil-monitor-id=\"9886\">viable substitute for petroleum-based products<\/a>. This rising popularity of paraffin could prove especially significant in the packaging industry, where it can offer a sustainable alternative to plastic and contribute to more environmentally friendly practices.<\/li>\n\n\n\n<li>\u00c0 mesure que la prise de conscience des probl\u00e8mes environnementaux s\u2019intensifie, l\u2019industrie de la paraffine pourrait renforcer son engagement en faveur de pratiques de production durables. Cela peut impliquer une transition vers des sources d\u2019\u00e9nergie renouvelables et une r\u00e9duction des d\u00e9chets et des \u00e9missions tout au long des processus de fabrication.<\/li>\n\n\n\n<li>L&#039;am\u00e9lioration de la technologie continue de r\u00e9volutionner la production de paraffine, permettant une plus grande efficacit\u00e9 et des \u00e9conomies de co\u00fbts.<\/li>\n\n\n\n<li>\u00c0 mesure que les pays en d\u00e9veloppement progressent, la demande de paraffine va probablement augmenter. Cela pourrait \u00eatre exploit\u00e9 par l\u2019industrie de l\u2019emballage ainsi que par celles sp\u00e9cialis\u00e9es dans la fabrication de cosm\u00e9tiques, leur permettant de capitaliser sur cette opportunit\u00e9.<\/li>\n<\/ul>\n\n\n\n<p><a href=\"https:\/\/www.sisinternational.com\/fr\/sis-devoile-une-plateforme-de-science-des-donnees-et-danalyse-quantitative\/\" title=\"SIS d\u00e9voile sa plateforme de science des donn\u00e9es et d&#039;analyse quantitative\"  data-wpil-monitor-id=\"9878\">SIS International offers Quantitative<\/a>, Qualitative, and Strategy Research. We provide data, tools, strategies, reports and insights for decision-making. We conduct interviews, surveys, focus groups and many other Market Research methods and approaches. Contact us for your next Market Research project.<\/p>","protected":false},"excerpt":{"rendered":"<p>La paraffine se trouve dans les cosm\u00e9tiques, les produits pharmaceutiques et les textiles. L\u2019\u00e9tude de march\u00e9 sur la paraffine fournit des informations compl\u00e8tes aux entreprises.<\/p>","protected":false},"author":1,"featured_media":71675,"parent":14514,"menu_order":251,"comment_status":"closed","ping_status":"closed","template":"","meta":{"footnotes":""},"class_list":["post-42355","page","type-page","status-publish","has-post-thumbnail"],"_links":{"self":[{"href":"https:\/\/www.sisinternational.com\/fr\/wp-json\/wp\/v2\/pages\/42355","targetHints":{"allow":["GET"]}}],"collection":[{"href":"https:\/\/www.sisinternational.com\/fr\/wp-json\/wp\/v2\/pages"}],"about":[{"href":"https:\/\/www.sisinternational.com\/fr\/wp-json\/wp\/v2\/types\/page"}],"author":[{"embeddable":true,"href":"https:\/\/www.sisinternational.com\/fr\/wp-json\/wp\/v2\/users\/1"}],"replies":[{"embeddable":true,"href":"https:\/\/www.sisinternational.com\/fr\/wp-json\/wp\/v2\/comments?post=42355"}],"version-history":[{"count":6,"href":"https:\/\/www.sisinternational.com\/fr\/wp-json\/wp\/v2\/pages\/42355\/revisions"}],"predecessor-version":[{"id":81640,"href":"https:\/\/www.sisinternational.com\/fr\/wp-json\/wp\/v2\/pages\/42355\/revisions\/81640"}],"up":[{"embeddable":true,"href":"https:\/\/www.sisinternational.com\/fr\/wp-json\/wp\/v2\/pages\/14514"}],"wp:featuredmedia":[{"embeddable":true,"href":"https:\/\/www.sisinternational.com\/fr\/wp-json\/wp\/v2\/media\/71675"}],"wp:attachment":[{"href":"https:\/\/www.sisinternational.com\/fr\/wp-json\/wp\/v2\/media?parent=42355"}],"curies":[{"name":"wp","href":"https:\/\/api.w.org\/{rel}","templated":true}]}}