{"id":42350,"date":"2023-04-13T16:00:35","date_gmt":"2023-04-13T20:00:35","guid":{"rendered":"https:\/\/www.sisinternational.com\/?page_id=42350"},"modified":"2026-03-12T12:42:15","modified_gmt":"2026-03-12T16:42:15","slug":"etude-de-marche-sur-les-dispositifs-medicaux","status":"publish","type":"page","link":"https:\/\/www.sisinternational.com\/fr\/solutions\/etudes-de-marche-sur-les-biotechnologies-et-les-produits-pharmaceutiques-en-matiere-de-soins-de-sante-medicaux\/etude-de-marche-sur-les-dispositifs-medicaux\/","title":{"rendered":"\u00c9tude de march\u00e9 sur les dispositifs m\u00e9dicaux"},"content":{"rendered":"<h1 class=\"wp-block-heading\">\u00c9tude de march\u00e9 sur les dispositifs m\u00e9dicaux<\/h1>\n\n\n\n<figure class=\"gb-block-image gb-block-image-a6e5b83f\"><img loading=\"lazy\" decoding=\"async\" width=\"1456\" height=\"816\" class=\"gb-image gb-image-a6e5b83f\" src=\"https:\/\/www.sisinternational.com\/wp-content\/uploads\/2025\/08\/Medical-dewvice-2.jpg\" alt=\"\u00c9tudes de march\u00e9 et strat\u00e9gie internationales SIS\" title=\"Medical dewvice (2)\" srcset=\"https:\/\/www.sisinternational.com\/wp-content\/uploads\/2025\/08\/Medical-dewvice-2.jpg 1456w, https:\/\/www.sisinternational.com\/wp-content\/uploads\/2025\/08\/Medical-dewvice-2-300x168.jpg 300w, https:\/\/www.sisinternational.com\/wp-content\/uploads\/2025\/08\/Medical-dewvice-2-1024x574.jpg 1024w, https:\/\/www.sisinternational.com\/wp-content\/uploads\/2025\/08\/Medical-dewvice-2-768x430.jpg 768w, https:\/\/www.sisinternational.com\/wp-content\/uploads\/2025\/08\/Medical-dewvice-2-18x10.jpg 18w\" sizes=\"auto, (max-width: 1456px) 100vw, 1456px\"><\/figure>\n\n\n\n<p><\/p>\n\n\n\n<p>Les dispositifs m\u00e9dicaux sont des instruments, des machines, des appareils, des implants ou d&#039;autres articles similaires. Ils sont utilis\u00e9s pour diagnostiquer, traiter ou pr\u00e9venir des maladies ou d\u2019autres probl\u00e8mes m\u00e9dicaux. Ces appareils comprennent des outils simples comme des thermom\u00e8tres et des tensiom\u00e8tres. Il peut \u00e9galement s\u2019agir d\u2019\u00e9quipements complexes comme des appareils IRM et des stimulateurs cardiaques.<\/p>\n\n\n\n<p>Les professionnels de la sant\u00e9 utilisent des dispositifs m\u00e9dicaux dans divers contextes. On les trouve dans les h\u00f4pitaux, les cliniques, les cabinets m\u00e9dicaux et m\u00eame au domicile des patients. Diverses agences gouvernementales les r\u00e9glementent. Par exemple, aux \u00c9tats-Unis, la Food and Drug Administration (FDA) garantit leur s\u00e9curit\u00e9. Ils veillent \u00e9galement \u00e0 ce qu&#039;ils soient adapt\u00e9s \u00e0 l&#039;usage auquel ils sont destin\u00e9s.<\/p>\n\n\n\n<h3 class=\"wp-block-heading\">Voici des exemples de dispositifs m\u00e9dicaux\u00a0:<\/h3>\n\n\n\n<ul class=\"wp-block-list\">\n<li>Instruments chirurgicaux tels que forceps, scalpels et \u00e9carteurs<\/li>\n\n\n\n<li>\u00c9quipements de diagnostic tels que des appareils \u00e0 rayons X, des appareils \u00e0 ultrasons et des tomodensitom\u00e8tres<\/li>\n\n\n\n<li>Implants tels que stimulateurs cardiaques, articulations artificielles et dispositifs intra-ut\u00e9rins (DIU)<\/li>\n\n\n\n<li>Proth\u00e8ses telles que proth\u00e8ses auditives et membres artificiels<\/li>\n\n\n\n<li>Appareils de surveillance, par exemple, glucom\u00e8tres et moniteurs de fr\u00e9quence cardiaque<\/li>\n\n\n\n<li>Appareils th\u00e9rapeutiques tels que machines de dialyse et n\u00e9buliseurs<\/li>\n<\/ul>\n\n\n\n<p>Les dispositifs m\u00e9dicaux jouent un r\u00f4le essentiel dans la m\u00e9decine moderne. Leur d\u00e9veloppement et leur utilisation continuent de faire progresser le domaine des soins de sant\u00e9.<\/p>\n\n\n\n<h2 class=\"wp-block-heading\">Pourquoi les dispositifs m\u00e9dicaux sont-ils importants ?<\/h2>\n\n\n\n<p>Les dispositifs m\u00e9dicaux sont essentiels pour plusieurs raisons. Les professionnels de la sant\u00e9 utilisent des dispositifs m\u00e9dicaux pour diagnostiquer des maladies et des probl\u00e8mes de sant\u00e9. Les exemples sont les appareils \u00e0 rayons X, les tomodensitom\u00e8tres et les glucom\u00e8tres.<\/p>\n\n\n\n<p>Ils utilisent \u00e9galement des dispositifs m\u00e9dicaux pour traiter des maladies et des probl\u00e8mes de sant\u00e9. Ces appareils comprennent des stimulateurs cardiaques, des pompes \u00e0 insuline et des n\u00e9buliseurs.<\/p>\n\n\n\n<p>Une autre utilisation des dispositifs m\u00e9dicaux consiste \u00e0 v\u00e9rifier les signes vitaux et l\u2019\u00e9tat de sant\u00e9 des patients. Cette cat\u00e9gorie d&#039;appareils comprend les moniteurs de fr\u00e9quence cardiaque, les tensiom\u00e8tres et les oxym\u00e8tres de pouls.<\/p>\n\n\n\n<p>Les dispositifs m\u00e9dicaux ont am\u00e9lior\u00e9 les r\u00e9sultats pour les patients. Par exemple, ils ont r\u00e9duit les taux de mortalit\u00e9 et conduit \u00e0 des s\u00e9jours hospitaliers plus courts. Ils ont \u00e9galement am\u00e9lior\u00e9 la qualit\u00e9 de vie des patients. Les appareils profitent \u00e0 la fois au patient et au prestataire de soins. Il en r\u00e9sulte une r\u00e9duction des co\u00fbts et une plus grande satisfaction des patients.<\/p>\n\n\n\n<p>Les dispositifs m\u00e9dicaux jouent un r\u00f4le crucial dans la m\u00e9decine de pr\u00e9cision. Ce type de m\u00e9decine consiste \u00e0 adapter le traitement m\u00e9dical \u00e0 chaque patient. Il base le traitement sur leur constitution g\u00e9n\u00e9tique unique, leurs ant\u00e9c\u00e9dents m\u00e9dicaux et d\u2019autres facteurs.<\/p>\n\n\n\n<p>Le d\u00e9veloppement des dispositifs m\u00e9dicaux a conduit \u00e0 des progr\u00e8s dans la technologie m\u00e9dicale. Ces progr\u00e8s ont transform\u00e9 le domaine des soins de sant\u00e9 et am\u00e9lior\u00e9 les soins aux patients.<\/p>\n\n\n\n<h2 class=\"wp-block-heading\">Titres de poste cl\u00e9s<\/h2>\n\n\n\n<h3 class=\"wp-block-heading\">Voici quelques titres d\u2019emploi cl\u00e9s dans l\u2019industrie des dispositifs m\u00e9dicaux\u00a0:<\/h3>\n\n\n\n<figure class=\"gb-block-image gb-block-image-d4ade8f8\"><img loading=\"lazy\" decoding=\"async\" width=\"1456\" height=\"816\" class=\"gb-image gb-image-d4ade8f8\" src=\"https:\/\/www.sisinternational.com\/wp-content\/uploads\/2025\/08\/Medical-dewvice-4.jpg\" alt=\"\u00c9tudes de march\u00e9 et strat\u00e9gie internationales SIS\" title=\"Medical dewvice (4)\" srcset=\"https:\/\/www.sisinternational.com\/wp-content\/uploads\/2025\/08\/Medical-dewvice-4.jpg 1456w, https:\/\/www.sisinternational.com\/wp-content\/uploads\/2025\/08\/Medical-dewvice-4-300x168.jpg 300w, https:\/\/www.sisinternational.com\/wp-content\/uploads\/2025\/08\/Medical-dewvice-4-1024x574.jpg 1024w, https:\/\/www.sisinternational.com\/wp-content\/uploads\/2025\/08\/Medical-dewvice-4-768x430.jpg 768w, https:\/\/www.sisinternational.com\/wp-content\/uploads\/2025\/08\/Medical-dewvice-4-18x10.jpg 18w\" sizes=\"auto, (max-width: 1456px) 100vw, 1456px\"><\/figure>\n\n\n\n<ul class=\"wp-block-list\">\n<li>Ing\u00e9nieur\/Concepteur de dispositifs m\u00e9dicaux. Responsable de la conception et du d\u00e9veloppement de dispositifs m\u00e9dicaux, tels que des implants ou des \u00e9quipements de diagnostic. Ils collaborent avec une \u00e9quipe de professionnels, comprenant des chercheurs, des ing\u00e9nieurs et des cliniciens.<\/li>\n\n\n\n<li>Responsable des Affaires R\u00e9glementaires. S&#039;assure que les appareils respectent les r\u00e9glementations, politiques et lois des pays de vente. Ce poste comprend la gestion des enregistrements de produits, des exigences d&#039;\u00e9tiquetage et des approbations des essais cliniques.<\/li>\n\n\n\n<li>Responsable Assurance Qualit\u00e9. Garantir que la fabrication, les tests et la distribution des dispositifs m\u00e9dicaux respectent les normes r\u00e9glementaires. Ils doivent \u00e9galement s&#039;aligner sur les directives de l&#039;industrie et les syst\u00e8mes internes de gestion de la qualit\u00e9.<\/li>\n\n\n\n<li>Associ\u00e9 de recherche clinique. Coordonner et g\u00e9rer les essais cliniques de dispositifs m\u00e9dicaux. Cet associ\u00e9 travaille aupr\u00e8s des professionnels de la sant\u00e9 et des patients. Ils veillent \u00e0 suivre les protocoles d\u2019\u00e9tude et \u00e0 collecter des donn\u00e9es pr\u00e9cises.<\/li>\n\n\n\n<li>Repr\u00e9sentant des ventes. Responsable de la promotion et de la vente de dispositifs m\u00e9dicaux aux prestataires de soins de sant\u00e9. Par exemple, ils les vendent aux h\u00f4pitaux, aux cliniques et aux cabinets m\u00e9dicaux. Les commerciaux doivent souvent avoir une connaissance approfondie de leurs produits. Ils doivent \u00e9galement avoir la capacit\u00e9 d\u2019\u00e9tablir des relations avec les principaux d\u00e9cideurs.<\/li>\n\n\n\n<li>Ing\u00e9nieur biom\u00e9dical. Responsable de la conception et du d\u00e9veloppement des dispositifs m\u00e9dicaux. Cet ing\u00e9nieur analyse et r\u00e9sout \u00e9galement les probl\u00e8mes li\u00e9s aux \u00e9quipements et syst\u00e8mes m\u00e9dicaux. Les ing\u00e9nieurs biom\u00e9dicaux peuvent \u00e9galement travailler au d\u00e9veloppement d\u2019organes artificiels ou de proth\u00e8ses.<\/li>\n\n\n\n<li>R\u00e9dacteur technique. Responsable de la cr\u00e9ation des manuels d&#039;utilisation et de la documentation des produits. Ce r\u00e9dacteur doit \u00e9galement produire d\u2019autres documents techniques li\u00e9s aux dispositifs m\u00e9dicaux. Les r\u00e9dacteurs techniques doivent avoir une solide compr\u00e9hension de la terminologie m\u00e9dicale. Ils doivent \u00e9galement \u00eatre capables de traduire des informations techniques complexes dans un langage facile \u00e0 comprendre.<\/li>\n<\/ul>\n\n\n\n<h2 class=\"wp-block-heading\">Pourquoi les entreprises ont-elles besoin de dispositifs m\u00e9dicaux ?<\/h2>\n\n\n\n<p>Les entreprises, en particulier celles du secteur de la sant\u00e9, ont besoin de dispositifs m\u00e9dicaux pour plusieurs raisons. Ils utilisent ces appareils pour diagnostiquer et traiter des probl\u00e8mes m\u00e9dicaux. Le diagnostic et le traitement sont des \u00e9l\u00e9ments essentiels des soins de sant\u00e9. Les appareils offrent aux patients une gamme plus compl\u00e8te d\u2019options de diagnostic et de traitement.<\/p>\n\n\n\n<p>Dans le secteur de la sant\u00e9 d\u2019aujourd\u2019hui, les entreprises doivent rester comp\u00e9titives. L\u2019acc\u00e8s aux derniers dispositifs et technologies m\u00e9dicaux donne aux entreprises un avantage concurrentiel. Cela leur permet d\u2019attirer et de fid\u00e9liser les patients. Cela les aide \u00e9galement \u00e0 rivaliser avec d\u2019autres fournisseurs du secteur.<\/p>\n\n\n\n<p>Les dispositifs m\u00e9dicaux sont soumis \u00e0 des exigences r\u00e9glementaires telles que celles fix\u00e9es par la FDA. Les entreprises peuvent \u00e9viter les p\u00e9nalit\u00e9s en s&#039;assurant que leurs dispositifs m\u00e9dicaux respectent ces r\u00e9glementations. Ils peuvent \u00e9galement garantir que leurs appareils sont s\u00fbrs et efficaces pour l\u2019usage auquel ils sont destin\u00e9s.<\/p>\n\n\n\n<h2 class=\"wp-block-heading\">Facteurs cl\u00e9s de succ\u00e8s<\/h2>\n\n\n\n<p>L\u2019industrie des dispositifs m\u00e9dicaux est comp\u00e9titive. Plusieurs facteurs contribuent au succ\u00e8s des entreprises \u00e9voluant dans cette industrie. Voici quelques facteurs cl\u00e9s de succ\u00e8s\u00a0:<\/p>\n\n\n\n<p>Innovation is a critical success factor in the medical device industry. Medical devices are evolving, and researchers are developing new technology. Businesses should invest in obtaining <a href=\"https:\/\/www.sisinternational.com\/fr\/competence\/les-industries\/technologie-medicale-etude-de-marche-sur-les-technologies-medicales\/\" title=\"\u00c9tude de march\u00e9 sur la technologie m\u00e9dicale (Med Tech)\"  data-wpil-monitor-id=\"4163\">\u00e9tude de march\u00e9 sur les dispositifs m\u00e9dicaux<\/a> and learning about the development of medical devices. In that way, they can stay at the forefront of the industry. The needs of patients and healthcare providers are also ever-evolving. Businesses must develop new products to meet these needs and have a better chance of success.<\/p>\n\n\n\n<p>Les entreprises qui investissent dans la R&amp;D et mettent sur le march\u00e9 des produits innovants disposent d\u2019un avantage significatif sur leurs concurrents. Avez-vous des id\u00e9es pour de nouveaux dispositifs m\u00e9dicaux am\u00e9lior\u00e9s, plus efficaces, plus s\u00fbrs et plus faciles \u00e0 utiliser\u00a0? Ils peuvent aider votre entreprise \u00e0 gagner des parts de march\u00e9 et \u00e0 g\u00e9n\u00e9rer des revenus.<\/p>\n\n\n\n<p>Comme mentionn\u00e9 pr\u00e9c\u00e9demment, le respect des exigences r\u00e9glementaires est essentiel. Le respect des normes r\u00e9glementaires donne aux entreprises un avantage concurrentiel significatif. Le respect des r\u00e9glementations peut \u00e9galement contribuer \u00e0 instaurer la confiance. Cela am\u00e9liore la cr\u00e9dibilit\u00e9 aupr\u00e8s des clients et des agences de r\u00e9glementation.<\/p>\n\n\n\n<p>La qualit\u00e9 est un facteur de succ\u00e8s crucial dans l\u2019industrie des dispositifs m\u00e9dicaux. Les entreprises qui produisent des appareils fiables, durables et s\u00fbrs b\u00e9n\u00e9ficient d\u2019un avantage concurrentiel. Se concentrer sur la qualit\u00e9 peut \u00e9galement contribuer \u00e0 fid\u00e9liser la client\u00e8le et \u00e0 renforcer la r\u00e9putation de la marque.<\/p>\n\n\n\n<p>Le contr\u00f4le des co\u00fbts est un autre facteur de r\u00e9ussite essentiel dans l\u2019industrie des dispositifs m\u00e9dicaux. Les entreprises qui produisent \u00e0 moindre co\u00fbt peuvent b\u00e9n\u00e9ficier d\u2019un avantage concurrentiel. Le contr\u00f4le des co\u00fbts n\u00e9cessite des processus de fabrication efficaces, une gestion efficace de la cha\u00eene d&#039;approvisionnement et une gestion prudente des co\u00fbts.<\/p>\n\n\n\n<p>L\u2019orientation client est essentielle dans l\u2019industrie des dispositifs m\u00e9dicaux. Les entreprises doivent comprendre les besoins de leurs clients. Ceux qui d\u00e9veloppent des produits r\u00e9pondant \u00e0 ces besoins ont un avantage significatif. L\u2019orientation client n\u00e9cessite une compr\u00e9hension approfondie du secteur de la sant\u00e9. Ils doivent travailler avec les prestataires de soins de sant\u00e9 pour cr\u00e9er des produits qui r\u00e9pondent \u00e0 leurs besoins.<\/p>\n\n\n\n<p>La distribution et le marketing sont des facteurs de succ\u00e8s essentiels dans l\u2019industrie des dispositifs m\u00e9dicaux. Les entreprises disposant de r\u00e9seaux de distribution et de strat\u00e9gies marketing efficaces peuvent toucher davantage de clients. De cette fa\u00e7on, ils peuvent acqu\u00e9rir un avantage concurrentiel. Ce facteur de r\u00e9ussite n\u00e9cessite une compr\u00e9hension du secteur de la sant\u00e9, des besoins des clients et des strat\u00e9gies marketing efficaces.<\/p>\n\n\n\n<h2 class=\"wp-block-heading\">\u00c0 propos des \u00e9tudes de march\u00e9 sur les dispositifs m\u00e9dicaux<\/h2>\n\n\n\n<figure class=\"gb-block-image gb-block-image-0c0f8108\"><img loading=\"lazy\" decoding=\"async\" width=\"1456\" height=\"816\" class=\"gb-image gb-image-0c0f8108\" src=\"https:\/\/www.sisinternational.com\/wp-content\/uploads\/2025\/08\/Medical-dewvice-5.jpg\" alt=\"\u00c9tudes de march\u00e9 et strat\u00e9gie internationales SIS\" title=\"Medical dewvice (5)\" srcset=\"https:\/\/www.sisinternational.com\/wp-content\/uploads\/2025\/08\/Medical-dewvice-5.jpg 1456w, https:\/\/www.sisinternational.com\/wp-content\/uploads\/2025\/08\/Medical-dewvice-5-300x168.jpg 300w, https:\/\/www.sisinternational.com\/wp-content\/uploads\/2025\/08\/Medical-dewvice-5-1024x574.jpg 1024w, https:\/\/www.sisinternational.com\/wp-content\/uploads\/2025\/08\/Medical-dewvice-5-768x430.jpg 768w, https:\/\/www.sisinternational.com\/wp-content\/uploads\/2025\/08\/Medical-dewvice-5-18x10.jpg 18w\" sizes=\"auto, (max-width: 1456px) 100vw, 1456px\"><\/figure>\n\n\n\n<p><\/p>\n\n\n\n<p>Developing and marketing new medical devices is often complex and risky. Conducting Quantitative and <a class=\"wpil_keyword_link\" href=\"https:\/\/www.sisinternational.com\/fr\/solutions\/solutions-de-recherche-qualitative-et-quantitative\/\"   title=\"Solutions de recherche qualitative et quantitative\" data-wpil-keyword-link=\"linked\"  data-wpil-monitor-id=\"373\">\u00c9tude de march\u00e9 qualitative<\/a> can reduce this risk. It can also ensure a successful product launch. UX Market Research is also valuable as it helps you understand the needs of all device users. It gives you the perspective of both the caregiver and the patient.<\/p>\n\n\n\n<p>Il est important de se rappeler une chose lorsque l\u2019on r\u00e9alise une \u00e9tude de march\u00e9 sur les dispositifs m\u00e9dicaux. Diff\u00e9rentes questions de recherche conviennent mieux \u00e0 diff\u00e9rents publics. C&#039;est pourquoi il est essentiel de disposer d&#039;un fournisseur d&#039;\u00e9tudes de march\u00e9 tel que SIS International. Laissez-nous organiser vos groupes de discussion et mener vos enqu\u00eates et entretiens. Une autre partie de votre \u00e9tude de march\u00e9 strat\u00e9gique consisterait \u00e0 visiter un h\u00f4pital ou une clinique. Le but de la visite est de visualiser l&#039;appareil utilis\u00e9. Vous pouvez \u00e9galement effectuer une br\u00e8ve analyse concurrentielle en observant l&#039;utilisation de l&#039;appareil d&#039;un concurrent.<\/p>\n\n\n\n<p><a href=\"https:\/\/www.sisinternational.com\/fr\/competence\/les-industries\/etude-de-marche-sur-la-viande-cultivee-a-base-de-cellules-de-viande\/\" title=\"Viande cultiv\u00e9e (viande \u00e0 base de cellules) \u00c9tude de march\u00e9\"  data-wpil-monitor-id=\"3176\">Recherche d&#039;entr\u00e9e sur le march\u00e9<\/a> should also form part of your Go-to-Market Strategy. So should <a class=\"wpil_keyword_link\" href=\"https:\/\/www.sisinternational.com\/fr\/solutions\/conseil-en-strategie\/recherche-dopportunites-de-marche\/\"   title=\"Recherche d&#039;opportunit\u00e9s de march\u00e9\" data-wpil-keyword-link=\"linked\"  data-wpil-monitor-id=\"698\">Recherche d&#039;opportunit\u00e9s de march\u00e9<\/a> and Market Sizing Research. SIS International offers all these research types and much more. Contact us today for a consultation.<\/p>","protected":false},"excerpt":{"rendered":"<p>Les professionnels de la sant\u00e9 utilisent des dispositifs m\u00e9dicaux dans de nombreux contextes. Ils se trouvent dans les h\u00f4pitaux, les cliniques, les cabinets de m\u00e9decins et m\u00eame au domicile des patients.<\/p>","protected":false},"author":1,"featured_media":63845,"parent":11294,"menu_order":249,"comment_status":"closed","ping_status":"closed","template":"","meta":{"footnotes":""},"class_list":["post-42350","page","type-page","status-publish","has-post-thumbnail"],"_links":{"self":[{"href":"https:\/\/www.sisinternational.com\/fr\/wp-json\/wp\/v2\/pages\/42350","targetHints":{"allow":["GET"]}}],"collection":[{"href":"https:\/\/www.sisinternational.com\/fr\/wp-json\/wp\/v2\/pages"}],"about":[{"href":"https:\/\/www.sisinternational.com\/fr\/wp-json\/wp\/v2\/types\/page"}],"author":[{"embeddable":true,"href":"https:\/\/www.sisinternational.com\/fr\/wp-json\/wp\/v2\/users\/1"}],"replies":[{"embeddable":true,"href":"https:\/\/www.sisinternational.com\/fr\/wp-json\/wp\/v2\/comments?post=42350"}],"version-history":[{"count":7,"href":"https:\/\/www.sisinternational.com\/fr\/wp-json\/wp\/v2\/pages\/42350\/revisions"}],"predecessor-version":[{"id":78272,"href":"https:\/\/www.sisinternational.com\/fr\/wp-json\/wp\/v2\/pages\/42350\/revisions\/78272"}],"up":[{"embeddable":true,"href":"https:\/\/www.sisinternational.com\/fr\/wp-json\/wp\/v2\/pages\/11294"}],"wp:featuredmedia":[{"embeddable":true,"href":"https:\/\/www.sisinternational.com\/fr\/wp-json\/wp\/v2\/media\/63845"}],"wp:attachment":[{"href":"https:\/\/www.sisinternational.com\/fr\/wp-json\/wp\/v2\/media?parent=42350"}],"curies":[{"name":"wp","href":"https:\/\/api.w.org\/{rel}","templated":true}]}}