{"id":42322,"date":"2023-04-12T15:09:31","date_gmt":"2023-04-12T19:09:31","guid":{"rendered":"https:\/\/www.sisinternational.com\/?page_id=42322"},"modified":"2026-01-24T21:12:18","modified_gmt":"2026-01-25T02:12:18","slug":"conseil-en-strategie-energetique-et-etude-de-marche","status":"publish","type":"page","link":"https:\/\/www.sisinternational.com\/fr\/competence\/conseil-en-strategie-energetique-et-etude-de-marche\/","title":{"rendered":"\u00c9tude de march\u00e9 sur le conseil en strat\u00e9gie \u00e9nerg\u00e9tique et \u00e9lectrique"},"content":{"rendered":"<h1 class=\"wp-block-heading\">\u00c9tude de march\u00e9 sur le conseil en strat\u00e9gie \u00e9nerg\u00e9tique et \u00e9lectrique<\/h1>\n\n\n\n<figure class=\"gb-block-image gb-block-image-f8ee6e2a\"><img loading=\"lazy\" decoding=\"async\" width=\"1456\" height=\"816\" class=\"gb-image gb-image-f8ee6e2a\" src=\"https:\/\/www.sisinternational.com\/wp-content\/uploads\/2025\/09\/Asia-Energy-3.jpg\" alt=\"\u00c9tudes de march\u00e9 et strat\u00e9gie internationales SIS\" title=\"Asia Energy (3)\" srcset=\"https:\/\/www.sisinternational.com\/wp-content\/uploads\/2025\/09\/Asia-Energy-3.jpg 1456w, https:\/\/www.sisinternational.com\/wp-content\/uploads\/2025\/09\/Asia-Energy-3-300x168.jpg 300w, https:\/\/www.sisinternational.com\/wp-content\/uploads\/2025\/09\/Asia-Energy-3-1024x574.jpg 1024w, https:\/\/www.sisinternational.com\/wp-content\/uploads\/2025\/09\/Asia-Energy-3-768x430.jpg 768w, https:\/\/www.sisinternational.com\/wp-content\/uploads\/2025\/09\/Asia-Energy-3-18x10.jpg 18w\" sizes=\"auto, (max-width: 1456px) 100vw, 1456px\"><\/figure>\n\n\n\n<p><\/p>\n\n\n\n<p>Le conseil en strat\u00e9gie \u00e9nerg\u00e9tique et \u00e9lectrique est un domaine sp\u00e9cialis\u00e9 du conseil. Il donne des conseils strat\u00e9giques et une expertise aux clients des secteurs de l\u2019\u00e9nergie et de l\u2019\u00e9lectricit\u00e9. Ces clients comprennent des producteurs d&#039;\u00e9nergie, des services publics et des soci\u00e9t\u00e9s d&#039;\u00e9nergie renouvelable.<\/p>\n\n\n\n<p><a href=\"https:\/\/www.sisinternational.com\/fr\/systemes-dautomatisation-des-processus-aux-etats-unis\/\" title=\"Conseil en strat\u00e9gie d&#039;automatisation\"  data-wpil-monitor-id=\"2698\">Energy and power strategy<\/a> consultants are different from other consultants. They help clients make informed decisions about their energy and power needs. These consultants also educate them about sustainability, regulatory compliance, risk management, and cost optimization. They may also help clients with market research, business planning, and investment analysis.<\/p>\n\n\n\n<h3 class=\"wp-block-heading\">Voici quelques domaines d\u2019int\u00e9r\u00eat sp\u00e9cifiques pour le conseil en strat\u00e9gie \u00e9nerg\u00e9tique et \u00e9lectrique\u00a0:<\/h3>\n\n\n\n<ul class=\"wp-block-list\">\n<li>efficacit\u00e9 \u00e9nerg\u00e9tique renouvelable<\/li>\n\n\n\n<li>la capture et le stockage du carbone<\/li>\n\n\n\n<li>stockage d&#039;Energie<\/li>\n\n\n\n<li>le d\u00e9veloppement de nouvelles technologies \u00e9nerg\u00e9tiques<\/li>\n<\/ul>\n\n\n\n<p>Consultants in this field may work for specialized consulting firms. Or they may be part of larger <a class=\"wpil_keyword_link\" href=\"https:\/\/www.sisinternational.com\/fr\/solutions\/conseil-en-strategie\/cabinets-de-conseil-en-gestion\/\"   title=\"Cabinet mondial de conseil en gestion\" data-wpil-keyword-link=\"linked\"  data-wpil-monitor-id=\"376\">cabinets de conseil en gestion<\/a>. Some large firms offer energy and power strategy as one of their practice areas.<\/p>\n\n\n\n<h2 class=\"wp-block-heading\">Pourquoi le conseil en strat\u00e9gie \u00e9nerg\u00e9tique et \u00e9lectrique est-il important\u00a0?<\/h2>\n\n\n\n<p>Le conseil en strat\u00e9gie \u00e9nerg\u00e9tique et \u00e9lectrique est essentiel pour plusieurs raisons. Premi\u00e8rement, il r\u00e9pond \u00e0 la demande croissante en \u00e9nergie. Cette demande continue de cro\u00eetre \u00e0 mesure que la population augmente et que les \u00e9conomies se d\u00e9veloppent. Les consultants en strat\u00e9gie \u00e9nerg\u00e9tique et \u00e9lectrique aident leurs clients \u00e0 trouver des moyens innovants pour r\u00e9pondre \u00e0 cette demande. Ils aident \u00e9galement les clients \u00e0 \u0153uvrer vers des solutions plus durables.<\/p>\n\n\n\n<p>L&#039;attention mondiale se porte d\u00e9sormais sur le changement climatique et la r\u00e9duction des \u00e9missions de carbone. De nombreuses entreprises souhaitent se tourner vers les sources d\u2019\u00e9nergie renouvelables. Les consultants en strat\u00e9gie \u00e9nerg\u00e9tique et \u00e9lectrique peuvent aider les clients \u00e0 naviguer dans les options d\u2019\u00e9nergie renouvelable. Ils peuvent \u00e9galement aider les clients \u00e0 \u00e9laborer des strat\u00e9gies pour int\u00e9grer ces options dans leurs op\u00e9rations.<\/p>\n\n\n\n<p>Les gouvernements r\u00e9glementent le secteur de l\u2019\u00e9nergie et de l\u2019\u00e9lectricit\u00e9. Elle est soumise \u00e0 divers risques. Par exemple, cela peut passer par la volatilit\u00e9 des prix, les tensions g\u00e9opolitiques et les catastrophes naturelles. Les consultants en strat\u00e9gie \u00e9nerg\u00e9tique et \u00e9lectrique peuvent aider les clients \u00e0 g\u00e9rer ces risques. Ils fournissent des informations sur le march\u00e9 et des strat\u00e9gies de gestion des risques.<br>Les consultants en strat\u00e9gie \u00e9nerg\u00e9tique et \u00e9nerg\u00e9tique peuvent aider les clients \u00e0 optimiser leur consommation d\u2019\u00e9nergie. Ils les aident \u00e9galement \u00e0 accro\u00eetre leur efficacit\u00e9. Le r\u00e9sultat est des \u00e9conomies de co\u00fbts et une r\u00e9duction des \u00e9missions de carbone.<\/p>\n\n\n\n<p>Le secteur de l\u2019\u00e9nergie et de l\u2019\u00e9lectricit\u00e9 \u00e9volue. De nouvelles technologies et solutions apparaissent constamment. Les consultants en \u00e9nergie et \u00e9lectricit\u00e9 peuvent aider leurs clients \u00e0 rester au courant de ces d\u00e9veloppements. Ils peuvent \u00e9galement aider les clients \u00e0 identifier les opportunit\u00e9s d\u2019innovation et de croissance. Par exemple, ils peuvent d\u00e9velopper de nouveaux produits ou services utilisant des sources d\u2019\u00e9nergie renouvelables.<\/p>\n\n\n\n<h2 class=\"wp-block-heading\">Titres de poste cl\u00e9s<\/h2>\n\n\n\n<figure class=\"gb-block-image gb-block-image-2cec471d\"><img loading=\"lazy\" decoding=\"async\" width=\"1456\" height=\"816\" class=\"gb-image gb-image-2cec471d\" src=\"https:\/\/www.sisinternational.com\/wp-content\/uploads\/2025\/09\/Asia-Energy-6.jpg\" alt=\"\u00c9tudes de march\u00e9 et strat\u00e9gie internationales SIS\" title=\"Asia Energy (6)\" srcset=\"https:\/\/www.sisinternational.com\/wp-content\/uploads\/2025\/09\/Asia-Energy-6.jpg 1456w, https:\/\/www.sisinternational.com\/wp-content\/uploads\/2025\/09\/Asia-Energy-6-300x168.jpg 300w, https:\/\/www.sisinternational.com\/wp-content\/uploads\/2025\/09\/Asia-Energy-6-1024x574.jpg 1024w, https:\/\/www.sisinternational.com\/wp-content\/uploads\/2025\/09\/Asia-Energy-6-768x430.jpg 768w, https:\/\/www.sisinternational.com\/wp-content\/uploads\/2025\/09\/Asia-Energy-6-18x10.jpg 18w\" sizes=\"auto, (max-width: 1456px) 100vw, 1456px\"><\/figure>\n\n\n\n<p><\/p>\n\n\n\n<h3 class=\"wp-block-heading\">Certains titres d&#039;emploi essentiels dans le conseil en strat\u00e9gie \u00e9nerg\u00e9tique et \u00e9lectrique comprennent\u00a0:<\/h3>\n\n\n\n<p><strong>Consultant en \u00e9nergie\u00a0:<\/strong> Fournit des conseils et une expertise en mati\u00e8re de gestion de l\u2019\u00e9nergie et d\u2019efficacit\u00e9 \u00e9nerg\u00e9tique. Ils donnent \u00e9galement des conseils sur les solutions d\u2019\u00e9nergies renouvelables. Ces consultants peuvent travailler avec les clients pour \u00e9laborer des politiques \u00e9nerg\u00e9tiques. Ils identifient \u00e9galement les opportunit\u00e9s d\u2019\u00e9conomies de co\u00fbts et recommandent des solutions \u00e9nerg\u00e9tiques durables.<\/p>\n\n\n\n<p><strong>Consultant en \u00e9nergie\u00a0:<\/strong> D\u00e9veloppe et g\u00e8re des installations de production d\u2019\u00e9lectricit\u00e9, des syst\u00e8mes de transport et de distribution. Ce consultant est \u00e9galement responsable du d\u00e9veloppement et de la gestion de solutions de stockage d\u2019\u00e9nergie. Ils peuvent aider les clients \u00e0 identifier de nouvelles sources d\u2019\u00e9nergie et \u00e0 optimiser leurs syst\u00e8mes existants. Ils g\u00e8rent \u00e9galement le risque \u00e9nerg\u00e9tique.<\/p>\n\n\n\n<p><strong>Consultant en \u00e9nergies renouvelables\u00a0:<\/strong> Sp\u00e9cialis\u00e9 dans le d\u00e9veloppement et la mise en \u0153uvre de solutions d\u2019\u00e9nergies renouvelables. Par exemple, ils d\u00e9veloppent des solutions d\u2019\u00e9nergie solaire, \u00e9olienne, hydro\u00e9lectrique et g\u00e9othermique. Ils peuvent travailler avec des clients pour \u00e9valuer la faisabilit\u00e9 de projets d&#039;\u00e9nergie renouvelable. Ils fournissent \u00e9galement des conseils sur les exigences r\u00e9glementaires et identifient les options de financement.<\/p>\n\n\n\n<p><strong>Analyste \u00e9nerg\u00e9tique\u00a0:<\/strong> Recueille et analyse des donn\u00e9es sur les march\u00e9s, les tendances et les technologies de l\u2019\u00e9nergie. Ils peuvent utiliser ces donn\u00e9es pour fournir des informations et des recommandations aux clients. Par exemple, ils peuvent l&#039;utiliser pour identifier des opportunit\u00e9s d&#039;investissement. Ils peuvent \u00e9galement \u00e9valuer l\u2019impact des changements politiques et pr\u00e9voir la demande \u00e9nerg\u00e9tique.<\/p>\n\n\n\n<p><strong>Consultant en d\u00e9veloppement durable\u00a0:<\/strong> Aide les clients \u00e0 r\u00e9duire l\u2019impact environnemental de l\u2019\u00e9nergie et de l\u2019\u00e9lectricit\u00e9. Ils peuvent aider. clients pour d\u00e9velopper des strat\u00e9gies de d\u00e9veloppement durable et \u00e9valuer leur empreinte carbone. Ils les aident \u00e9galement \u00e0 mettre en place des pratiques durables dans l\u2019ensemble de leurs op\u00e9rations.<\/p>\n\n\n\n<p><strong>Gestionnaire des risques \u00e9nerg\u00e9tiques\u00a0:<\/strong> Sp\u00e9cialis\u00e9 dans l\u2019identification et la gestion des risques li\u00e9s aux op\u00e9rations \u00e9nerg\u00e9tiques et \u00e9lectriques. Ils peuvent travailler avec les clients pour \u00e9laborer des strat\u00e9gies de gestion des risques. Ils \u00e9valuent \u00e9galement la volatilit\u00e9 du march\u00e9 et identifient les opportunit\u00e9s de couverture.<\/p>\n\n\n\n<p>Ces titres de poste ne sont que quelques exemples. De nombreux autres postes sont disponibles dans le conseil en strat\u00e9gie \u00e9nerg\u00e9tique et \u00e9lectrique. D&#039;autres titres de poste incluent chef de projet, responsable du d\u00e9veloppement commercial et sp\u00e9cialiste des affaires r\u00e9glementaires.<\/p>\n\n\n\n<h2 class=\"wp-block-heading\">Pourquoi les entreprises ont-elles besoin de conseils en strat\u00e9gie \u00e9nerg\u00e9tique et \u00e9lectrique\u00a0?<\/h2>\n\n\n\n<figure class=\"gb-block-image gb-block-image-69e97f91\"><img loading=\"lazy\" decoding=\"async\" width=\"1456\" height=\"816\" class=\"gb-image gb-image-69e97f91\" src=\"https:\/\/www.sisinternational.com\/wp-content\/uploads\/2025\/09\/Asia-Energy-1.jpg\" alt=\"\u00c9tudes de march\u00e9 et strat\u00e9gie internationales SIS\" title=\"Asia Energy (1)\" srcset=\"https:\/\/www.sisinternational.com\/wp-content\/uploads\/2025\/09\/Asia-Energy-1.jpg 1456w, https:\/\/www.sisinternational.com\/wp-content\/uploads\/2025\/09\/Asia-Energy-1-300x168.jpg 300w, https:\/\/www.sisinternational.com\/wp-content\/uploads\/2025\/09\/Asia-Energy-1-1024x574.jpg 1024w, https:\/\/www.sisinternational.com\/wp-content\/uploads\/2025\/09\/Asia-Energy-1-768x430.jpg 768w, https:\/\/www.sisinternational.com\/wp-content\/uploads\/2025\/09\/Asia-Energy-1-18x10.jpg 18w\" sizes=\"auto, (max-width: 1456px) 100vw, 1456px\"><\/figure>\n\n\n\n<p><\/p>\n\n\n\n<p>Les entreprises ont besoin de conseils en strat\u00e9gie \u00e9nerg\u00e9tique et \u00e9lectrique pour plusieurs raisons. Le premier concerne les \u00e9conomies de co\u00fbts. Les co\u00fbts de l\u2019\u00e9nergie et de l\u2019\u00e9lectricit\u00e9 peuvent \u00eatre importants pour de nombreuses entreprises. Cela est particuli\u00e8rement vrai pour ceux qui travaillent dans des industries \u00e0 forte intensit\u00e9 \u00e9nerg\u00e9tique. Les consultants en strat\u00e9gie \u00e9nerg\u00e9tique et \u00e9lectrique peuvent aider les entreprises \u00e0 identifier les opportunit\u00e9s de r\u00e9duction des co\u00fbts. Par exemple, ils peuvent mettre en place des mesures d\u2019efficacit\u00e9 \u00e9nerg\u00e9tique. Ils peuvent \u00e9galement explorer les options en mati\u00e8re d\u2019\u00e9nergies renouvelables et optimiser les strat\u00e9gies d\u2019approvisionnement en \u00e9nergie.<\/p>\n\n\n\n<p>Le secteur de l\u2019\u00e9nergie et de l\u2019\u00e9lectricit\u00e9 comporte divers risques. Par exemple, il est sujet \u00e0 la volatilit\u00e9 des prix, aux perturbations de la cha\u00eene d&#039;approvisionnement et aux changements r\u00e9glementaires. Les consultants en strat\u00e9gie \u00e9nerg\u00e9tique et \u00e9lectrique peuvent aider les entreprises \u00e0 g\u00e9rer ces risques. Ils peuvent fournir des informations sur le march\u00e9, des \u00e9valuations des risques et des strat\u00e9gies de gestion des risques.<br>Les entreprises subissent une pression croissante pour qu\u2019elles adoptent des pratiques durables et respectueuses de l\u2019environnement. Par exemple, ils doivent r\u00e9duire les \u00e9missions de carbone et passer \u00e0 des sources d\u2019\u00e9nergie renouvelables. Ces consultants peuvent aider les entreprises \u00e0 d\u00e9velopper et \u00e0 mettre en \u0153uvre des strat\u00e9gies \u00e9nerg\u00e9tiques durables. Ces strat\u00e9gies doivent s&#039;aligner sur leurs objectifs environnementaux.<\/p>\n\n\n\n<p>Comme mentionn\u00e9 pr\u00e9c\u00e9demment, les gouvernements r\u00e9glementent le secteur de l\u2019\u00e9nergie et de l\u2019\u00e9lectricit\u00e9. Il existe de nombreuses r\u00e9glementations locales, \u00e9tatiques et f\u00e9d\u00e9rales. Ces r\u00e9glementations r\u00e9gissent tout, depuis l\u2019approvisionnement en \u00e9nergie jusqu\u2019aux normes d\u2019\u00e9missions. Les consultants en strat\u00e9gie \u00e9nerg\u00e9tique et \u00e9lectrique peuvent aider les entreprises \u00e0 naviguer dans ce paysage r\u00e9glementaire complexe. Ils peuvent \u00e9galement contribuer \u00e0 garantir le respect des r\u00e9glementations en vigueur.<\/p>\n\n\n\n<h2 class=\"wp-block-heading\">Facteurs cl\u00e9s de succ\u00e8s<\/h2>\n\n\n\n<p>Les facteurs critiques de r\u00e9ussite dans le conseil en strat\u00e9gie \u00e9nerg\u00e9tique et \u00e9lectrique incluent l\u2019expertise. Les consultants en strat\u00e9gie \u00e9nerg\u00e9tique et \u00e9lectrique doivent conna\u00eetre le secteur de l\u2019\u00e9nergie et de l\u2019\u00e9lectricit\u00e9. Ces connaissances comprennent les tendances, les technologies et les r\u00e9glementations. Ils doivent \u00e9galement poss\u00e9der une expertise en mati\u00e8re d\u2019\u00e9nergies renouvelables et d\u2019efficacit\u00e9 \u00e9nerg\u00e9tique. La gestion des risques \u00e9nerg\u00e9tiques est un autre domaine dans lequel ils doivent avoir une expertise.<\/p>\n\n\n\n<p>Les consultants en strat\u00e9gie \u00e9nerg\u00e9tique et \u00e9lectrique doivent \u00eatre capables d\u2019analyser des donn\u00e9es complexes. Par exemple, ils doivent savoir lire les tendances du march\u00e9 de l\u2019\u00e9nergie et les changements r\u00e9glementaires. Ils doivent \u00e9galement conna\u00eetre les param\u00e8tres financiers. Ils doivent ensuite utiliser cette analyse pour fournir des informations et des recommandations aux clients.<\/p>\n\n\n\n<p>These <a href=\"https:\/\/www.sisinternational.com\/fr\/competence\/les-industries\/dei-conseil-en-communication\/\" title=\"DEI Conseil en communication\"  data-wpil-monitor-id=\"7186\">consultants must be able to communicate<\/a> their findings and recommendations to clients. Thus, they must know how to speak and write well.<\/p>\n\n\n\n<p>Les consultants doivent collaborer avec les clients et d\u2019autres parties prenantes, telles que les organismes de r\u00e9glementation. Ils doivent d\u00e9velopper et mettre en place des strat\u00e9gies \u00e9nerg\u00e9tiques et \u00e9lectriques efficaces. Les consultants en strat\u00e9gie \u00e9nerg\u00e9tique et \u00e9lectrique doivent comprendre les op\u00e9rations commerciales et les indicateurs financiers. Ils doivent d\u00e9velopper des strat\u00e9gies qui correspondent aux objectifs commerciaux de leurs clients.<\/p>\n\n\n\n<p>Les consultants doivent rester au courant des derni\u00e8res technologies et tendances en mati\u00e8re d\u2019\u00e9nergie et d\u2019\u00e9nergie. Ils doivent \u00e9galement d\u00e9velopper des solutions qui r\u00e9pondent aux besoins et d\u00e9fis uniques de leurs clients.<\/p>\n\n\n\n<h2 class=\"wp-block-heading\">\u00c0 propos des \u00e9tudes de march\u00e9 sur le conseil en strat\u00e9gie \u00e9nerg\u00e9tique et \u00e9lectrique<\/h2>\n\n\n\n<figure class=\"gb-block-image gb-block-image-176d0b7f\"><img loading=\"lazy\" decoding=\"async\" width=\"1456\" height=\"816\" class=\"gb-image gb-image-176d0b7f\" src=\"https:\/\/www.sisinternational.com\/wp-content\/uploads\/2025\/09\/Asia-Energy-7.jpg\" alt=\"\u00c9tudes de march\u00e9 et strat\u00e9gie internationales SIS\" title=\"Asia Energy (7)\" srcset=\"https:\/\/www.sisinternational.com\/wp-content\/uploads\/2025\/09\/Asia-Energy-7.jpg 1456w, https:\/\/www.sisinternational.com\/wp-content\/uploads\/2025\/09\/Asia-Energy-7-300x168.jpg 300w, https:\/\/www.sisinternational.com\/wp-content\/uploads\/2025\/09\/Asia-Energy-7-1024x574.jpg 1024w, https:\/\/www.sisinternational.com\/wp-content\/uploads\/2025\/09\/Asia-Energy-7-768x430.jpg 768w, https:\/\/www.sisinternational.com\/wp-content\/uploads\/2025\/09\/Asia-Energy-7-18x10.jpg 18w\" sizes=\"auto, (max-width: 1456px) 100vw, 1456px\"><\/figure>\n\n\n\n<p><\/p>\n\n\n\n<p>SIS International <a href=\"https:\/\/www.sisinternational.com\/fr\/agentic-ai-in-market-research\/\" title=\"Agentic AI in Market Research\"  data-wpil-monitor-id=\"491\">Research provides Energy &amp; Power Strategy Consulting<\/a> Market Research. <a class=\"wpil_keyword_link\" href=\"https:\/\/www.sisinternational.com\/fr\/best-practices-for-quantitative-market-research\/\"   title=\"Meilleures pratiques pour les \u00e9tudes de march\u00e9 quantitatives\" data-wpil-keyword-link=\"linked\"  data-wpil-monitor-id=\"700\">\u00c9tude de march\u00e9 quantitative<\/a> can help shed light on your business or market. Thus, it\u2019s valuable to power companies of any size. We also offer <a href=\"https:\/\/www.sisinternational.com\/fr\/competence\/les-industries\/etude-de-marche-sur-la-production-delectricite\/\" title=\"\u00c9tude de march\u00e9 sur la production d\u2019\u00e9lectricit\u00e9\"  data-wpil-monitor-id=\"3068\">Recherche sur la taille du march\u00e9<\/a>, which helps with forecasting and market validation.<\/p>\n\n\n\n<p><a class=\"wpil_keyword_link\" href=\"https:\/\/www.sisinternational.com\/fr\/tendances-futures-des-etudes-de-marche-qualitatives\/\"   title=\"Tendances futures en mati\u00e8re d&#039;\u00e9tudes de march\u00e9 qualitatives\" data-wpil-keyword-link=\"linked\"  data-wpil-monitor-id=\"701\">\u00c9tude de march\u00e9 qualitative<\/a> is another service provided by SIS. This research provides insights into customer preferences, needs, and behaviors. It helps businesses drive growth and make better decisions. We can also help with UX Market Research, leading to improved customer satisfaction. UX Market research also improves engagement. It enables a better bottom line for your business.<\/p>\n\n\n\n<p>L\u2019\u00e9tude de march\u00e9 strat\u00e9gique est un autre outil pr\u00e9cieux. Les entreprises peuvent l&#039;utiliser pour mesurer l&#039;impact de leurs efforts sur leur public cible. Il existe \u00e9galement une analyse concurrentielle. Cet outil vise \u00e0 comprendre les avantages et les inconv\u00e9nients de vos concurrents. Il vous renseigne \u00e9galement sur leurs strat\u00e9gies de d\u00e9veloppement et leurs fonctionnalit\u00e9s marketing. Sur la base de ces connaissances, nous pouvons cr\u00e9er une strat\u00e9gie commerciale (ou modifier une strat\u00e9gie existante).<\/p>\n\n\n\n<p>Successful entry into a new <a href=\"https:\/\/www.sisinternational.com\/fr\/competence\/les-industries\/etude-de-marche-sur-la-resine\/\" title=\"\u00c9tude de march\u00e9 sur la r\u00e9sine\"  data-wpil-monitor-id=\"3199\">market needs careful research<\/a> and consideration. Let SIS conduct <a href=\"https:\/\/www.sisinternational.com\/fr\/competence\/les-industries\/etude-de-marche-sur-le-web-scraping\/\" title=\"\u00c9tude de march\u00e9 sur le grattage Web\"  data-wpil-monitor-id=\"3220\">Recherche d&#039;entr\u00e9e sur le march\u00e9<\/a> before you leap into a new market. Build a market entry strategy first. <a class=\"wpil_keyword_link\" href=\"https:\/\/www.sisinternational.com\/fr\/solutions\/conseil-en-strategie\/recherche-dopportunites-de-marche\/\"   title=\"Recherche d&#039;opportunit\u00e9s de march\u00e9\" data-wpil-keyword-link=\"linked\"  data-wpil-monitor-id=\"702\">Recherche d&#039;opportunit\u00e9s de march\u00e9<\/a> is another strategy used by energy &amp; power companies.<\/p>\n\n\n\n<p>Nous pouvons \u00e9galement organiser des groupes de discussion, des enqu\u00eates et des entretiens. Ces outils vous aident \u00e0 \u00e9clairer votre strat\u00e9gie de mise sur le march\u00e9. Contactez-nous d\u00e8s aujourd&#039;hui pour une consultation!<\/p>","protected":false},"excerpt":{"rendered":"<p>Le conseil en strat\u00e9gie \u00e9nerg\u00e9tique et \u00e9lectrique est un domaine sp\u00e9cialis\u00e9 qui fournit des conseils strat\u00e9giques et une expertise aux clients des secteurs de l&#039;\u00e9nergie et de l&#039;\u00e9lectricit\u00e9.<\/p>","protected":false},"author":1,"featured_media":65531,"parent":14514,"menu_order":239,"comment_status":"closed","ping_status":"closed","template":"","meta":{"footnotes":""},"class_list":["post-42322","page","type-page","status-publish","has-post-thumbnail"],"_links":{"self":[{"href":"https:\/\/www.sisinternational.com\/fr\/wp-json\/wp\/v2\/pages\/42322","targetHints":{"allow":["GET"]}}],"collection":[{"href":"https:\/\/www.sisinternational.com\/fr\/wp-json\/wp\/v2\/pages"}],"about":[{"href":"https:\/\/www.sisinternational.com\/fr\/wp-json\/wp\/v2\/types\/page"}],"author":[{"embeddable":true,"href":"https:\/\/www.sisinternational.com\/fr\/wp-json\/wp\/v2\/users\/1"}],"replies":[{"embeddable":true,"href":"https:\/\/www.sisinternational.com\/fr\/wp-json\/wp\/v2\/comments?post=42322"}],"version-history":[{"count":11,"href":"https:\/\/www.sisinternational.com\/fr\/wp-json\/wp\/v2\/pages\/42322\/revisions"}],"predecessor-version":[{"id":80749,"href":"https:\/\/www.sisinternational.com\/fr\/wp-json\/wp\/v2\/pages\/42322\/revisions\/80749"}],"up":[{"embeddable":true,"href":"https:\/\/www.sisinternational.com\/fr\/wp-json\/wp\/v2\/pages\/14514"}],"wp:featuredmedia":[{"embeddable":true,"href":"https:\/\/www.sisinternational.com\/fr\/wp-json\/wp\/v2\/media\/65531"}],"wp:attachment":[{"href":"https:\/\/www.sisinternational.com\/fr\/wp-json\/wp\/v2\/media?parent=42322"}],"curies":[{"name":"wp","href":"https:\/\/api.w.org\/{rel}","templated":true}]}}