{"id":42316,"date":"2023-04-12T13:37:27","date_gmt":"2023-04-12T17:37:27","guid":{"rendered":"https:\/\/www.sisinternational.com\/?page_id=42316"},"modified":"2026-01-26T19:01:43","modified_gmt":"2026-01-27T00:01:43","slug":"etude-de-marche-des-ascenseurs","status":"publish","type":"page","link":"https:\/\/www.sisinternational.com\/fr\/competence\/etude-de-marche-des-ascenseurs\/","title":{"rendered":"\u00c9tude de march\u00e9 des ascenseurs"},"content":{"rendered":"<h1 class=\"wp-block-heading\">\u00c9tude de march\u00e9 des ascenseurs<\/h1>\n\n\n\n<figure class=\"gb-block-image gb-block-image-e78ffaa2\"><img loading=\"lazy\" decoding=\"async\" width=\"1456\" height=\"816\" class=\"gb-image gb-image-e78ffaa2\" src=\"https:\/\/www.sisinternational.com\/wp-content\/uploads\/2025\/08\/Elevator-2.jpg\" alt=\"\u00c9tudes de march\u00e9 et strat\u00e9gie internationales SIS\" title=\"Elevator (2)\" srcset=\"https:\/\/www.sisinternational.com\/wp-content\/uploads\/2025\/08\/Elevator-2.jpg 1456w, https:\/\/www.sisinternational.com\/wp-content\/uploads\/2025\/08\/Elevator-2-300x168.jpg 300w, https:\/\/www.sisinternational.com\/wp-content\/uploads\/2025\/08\/Elevator-2-1024x574.jpg 1024w, https:\/\/www.sisinternational.com\/wp-content\/uploads\/2025\/08\/Elevator-2-768x430.jpg 768w, https:\/\/www.sisinternational.com\/wp-content\/uploads\/2025\/08\/Elevator-2-18x10.jpg 18w\" sizes=\"auto, (max-width: 1456px) 100vw, 1456px\"><\/figure>\n\n\n\n<p><\/p>\n\n\n\n<p>Le secteur des ascenseurs a connu une croissance significative ces derniers temps, et pour suivre cette incroyable hausse et rester comp\u00e9titive, les \u00e9tudes de march\u00e9 sont cruciales pour les entreprises op\u00e9rant dans ce secteur.<\/p>\n\n\n\n<p>Gr\u00e2ce \u00e0 une \u00e9tude compl\u00e8te du march\u00e9 des ascenseurs, les entreprises peuvent d\u00e9couvrir des informations pr\u00e9cieuses sur les clients et reconna\u00eetre les nouvelles tendances ou technologies qui les aideront \u00e0 garder une longueur d&#039;avance sur la concurrence et \u00e0 prosp\u00e9rer dans ce secteur concurrentiel.<\/p>\n\n\n\n<h2 class=\"wp-block-heading\">Qu\u2019est-ce qu\u2019une \u00e9tude de march\u00e9 sur les ascenseurs ?<\/h2>\n\n\n\n<p>Elevator market research helps companies to make informed decisions about their product offerings, services, and marketing plans. This type of analysis involves gathering and analyzing data related to trends in the field, the size of its industry players, <a href=\"https:\/\/www.sisinternational.com\/fr\/competence\/les-industries\/etude-de-marche-sur-lindustrie-du-covoiturage\/\" title=\"\u00c9tude de march\u00e9 sur le covoiturage\"  data-wpil-monitor-id=\"8231\">share within it compared to other markets<\/a>, anticipating challenges that may come up, and other factors affecting growth opportunities.<\/p>\n\n\n\n<p>This type of analysis enables businesses to make smarter decisions about their investment <a href=\"https:\/\/www.sisinternational.com\/fr\/solutions\/conseil-en-strategie\/conseil-en-execution-de-developpement-de-strategie\/\" title=\"Conseil en d\u00e9veloppement et ex\u00e9cution de strat\u00e9gies\"  data-wpil-monitor-id=\"8242\">strategies and product developments<\/a> for greater ROI. By taking advantage of the intelligence gathered through elevator market research, businesses can obtain a competitive edge in their field and put them on track to success over time.<\/p>\n\n\n\n<p>De plus, l&#039;industrie des ascenseurs est un secteur en constante expansion avec une large gamme de produits, comme des monte-personnes et des monte-charges, des escaliers m\u00e9caniques et des trottoirs roulants. Avec l\u2019urbanisation croissante \u00e0 travers le monde et le besoin d\u2019une plus grande mobilit\u00e9 dans les b\u00e2timents, la demande dans ce domaine est en plein essor. Gr\u00e2ce aux r\u00e9cents progr\u00e8s technologiques, les ascenseurs d\u2019aujourd\u2019hui sont plus fiables que jamais. Ils garantissent non seulement la s\u00e9curit\u00e9, mais offrent \u00e9galement des op\u00e9rations plus intelligentes.<\/p>\n\n\n\n<h2 class=\"wp-block-heading\">Principales tendances et facteurs d\u00e9terminants du march\u00e9<\/h2>\n\n\n\n<figure class=\"gb-block-image gb-block-image-cd32988a\"><img loading=\"lazy\" decoding=\"async\" width=\"1456\" height=\"816\" class=\"gb-image gb-image-cd32988a\" src=\"https:\/\/www.sisinternational.com\/wp-content\/uploads\/2025\/08\/Elevator-1.jpg\" alt=\"\u00c9tudes de march\u00e9 et strat\u00e9gie internationales SIS\" title=\"Elevator (1)\" srcset=\"https:\/\/www.sisinternational.com\/wp-content\/uploads\/2025\/08\/Elevator-1.jpg 1456w, https:\/\/www.sisinternational.com\/wp-content\/uploads\/2025\/08\/Elevator-1-300x168.jpg 300w, https:\/\/www.sisinternational.com\/wp-content\/uploads\/2025\/08\/Elevator-1-1024x574.jpg 1024w, https:\/\/www.sisinternational.com\/wp-content\/uploads\/2025\/08\/Elevator-1-768x430.jpg 768w, https:\/\/www.sisinternational.com\/wp-content\/uploads\/2025\/08\/Elevator-1-18x10.jpg 18w\" sizes=\"auto, (max-width: 1456px) 100vw, 1456px\"><\/figure>\n\n\n\n<p><\/p>\n\n\n\n<p>The elevator <a href=\"https:\/\/www.sisinternational.com\/fr\/solutions\/etude-de-marche-internationale-sur-la-croissance-des-entreprises\/\" title=\"\u00c9tude de march\u00e9 internationale sur la croissance des entreprises\"  data-wpil-monitor-id=\"8247\">market has been witnessing significant growth<\/a> over the past few years. There are several key market trends and drivers that are contributing to this growth, including:<\/p>\n\n\n\n<ul class=\"wp-block-list\">\n<li><strong>Urbanisation croissante :<\/strong> Avec l\u2019essor de la vie urbaine, les immeubles de grande hauteur deviennent de plus en plus r\u00e9pandus. Cela a entra\u00een\u00e9 une forte augmentation des demandes d\u2019ascenseurs pour faciliter le transport.<\/li>\n\n\n\n<li><a href=\"https:\/\/www.sisinternational.com\/fr\/solutions\/ai-etudes-de-marche-et-conseil-en-strategie\/technologie-industrie-automatisation-conseil-en-intelligence-artificielle\/\" title=\"Conseil en automatisation de l&#039;industrie technologique et en intelligence artificielle\"  data-wpil-monitor-id=\"8244\">Technological advancements: The elevator industry<\/a> is in a perpetual state of evolution, introducing breakthrough technologies such as smart elevators, destination control systems, and machine-room-less elevators. Such advancements are designed to amplify safety, maximize efficiency and improve the overall user experience when using an elevator.<\/li>\n\n\n\n<li><strong>Demande croissante des march\u00e9s \u00e9mergents\u00a0:<\/strong> Urbanization in countries such as China, India, and Brazil is driving the increasing demand for elevators, intensifying the growth of the elevator market. This rapid urban development has had a profound impact on these emerging <a href=\"https:\/\/www.sisinternational.com\/fr\/solutions\/conseil-en-strategie\/recherche-dopportunites-de-marche\/\" title=\"Recherche d&#039;opportunit\u00e9s de march\u00e9\"  data-wpil-monitor-id=\"8233\">markets by creating an array of opportunities<\/a> to leverage this expanding industry.<\/li>\n\n\n\n<li><strong>Adoption croissante d\u2019ascenseurs \u00e9conomes en \u00e9nergie\u00a0:<\/strong> Il existe un besoin croissant d&#039;ascenseurs \u00e9conomes en \u00e9nergie qui utilisent des technologies de pointe telles que des entra\u00eenements r\u00e9g\u00e9n\u00e9ratifs, un \u00e9clairage LED et des syst\u00e8mes de gestion de l&#039;\u00e9nergie pour aider \u00e0 pr\u00e9server les ressources.<\/li>\n\n\n\n<li><strong>R\u00e9glementations gouvernementales et normes de s\u00e9curit\u00e9\u00a0:<\/strong> Les gouvernements du monde entier imposent des r\u00e8gles de s\u00e9curit\u00e9 plus strictes, et cela est particuli\u00e8rement vrai pour les pays d&#039;Am\u00e9rique du Nord et d&#039;Europe. Pour suivre ces changements, les fabricants d\u2019ascenseurs doivent d\u00e9velopper des mod\u00e8les fiables r\u00e9pondant \u00e0 ces normes de s\u00e9curit\u00e9 \u00e9lev\u00e9es. En d\u2019autres termes, ils doivent produire des ascenseurs qui donnent la priorit\u00e9 \u00e0 votre s\u00e9curit\u00e9 avant tout.<\/li>\n\n\n\n<li><strong>Ascenseurs intelligents\u00a0:<\/strong> L&#039;Internet des objets (IoT) r\u00e9volutionne le secteur. Ces appareils intelligents exploitent des capteurs de haute qualit\u00e9 et des algorithmes d&#039;apprentissage automatique de pointe pour optimiser l&#039;utilisation des ascenseurs, r\u00e9duire les temps d&#039;attente et \u00e9conomiser l&#039;\u00e9nergie avec une efficacit\u00e9 sans pr\u00e9c\u00e9dent.<\/li>\n\n\n\n<li><strong>Ascenseurs verts :<\/strong> Avec la pr\u00e9valence croissante des probl\u00e8mes environnementaux, des syst\u00e8mes d\u2019ascenseurs plus durables sont en cours de d\u00e9veloppement. L&#039;accent principal est mis sur les moteurs \u00e9conomes en \u00e9nergie et la r\u00e9duction des mati\u00e8res dangereuses utilis\u00e9es, ainsi que sur les syst\u00e8mes permettant de g\u00e9n\u00e9rer de l&#039;\u00e9nergie \u00e0 partir des op\u00e9rations d&#039;ascenseur.<\/li>\n\n\n\n<li><strong>Digitalisation\u00a0:<\/strong> Les progr\u00e8s num\u00e9riques changent le visage du secteur des ascenseurs, en mettant l\u2019accent sur les syst\u00e8mes connect\u00e9s, le cloud computing et l\u2019analyse du Big Data.<\/li>\n<\/ul>\n\n\n\n<h2 class=\"wp-block-heading\">Opportunit\u00e9s<\/h2>\n\n\n\n<ul class=\"wp-block-list\">\n<li>Conducting elevator market <a href=\"https:\/\/www.sisinternational.com\/fr\/competence\/les-industries\/etude-de-marche-sur-le-cablage-structure\/\" title=\"\u00c9tude de march\u00e9 sur le c\u00e2blage structur\u00e9\"  data-wpil-monitor-id=\"7196\">recherche<\/a> helps organizations identify which countries are most likely to possess an ever-expanding demand for these vital structures. Knowing this information allows businesses to expand into previously untapped regions with a ready customer base.<\/li>\n\n\n\n<li>By keeping abreast of the latest advancements and trends, businesses can incorporate innovative features into their products for a modern edge in today&#8217;s market. <a href=\"https:\/\/www.sisinternational.com\/fr\/competence\/cv-dexperience\/recherche-de-marque\/\" title=\"Soci\u00e9t\u00e9 de recherche de marque\"  data-wpil-monitor-id=\"8236\">Researching these improvements can assist companies<\/a> to stay up-to-date with all that technology has to offer.<\/li>\n\n\n\n<li>As the demand for sustainable, energy-efficient elevators grows, <a href=\"https:\/\/www.sisinternational.com\/fr\/solutions\/voix-du-client\/\" title=\"Recherche Voix du Client\"  data-wpil-monitor-id=\"8239\">research can provide invaluable insights into customer<\/a> requirements and keep businesses updated with these trends. Companies should use this valuable information to design and create green elevators that meet these needs and exceed expectations.<\/li>\n\n\n\n<li>By delving into what customers need, companies can uncover immense growth opportunities in elevator maintenance services. Through research, businesses can create innovative <a href=\"https:\/\/www.sisinternational.com\/fr\/solutions\/recherche-de-conseil-en-strategie-fintech\/conseil-en-acquisition-de-clients-dans-le-domaine-des-services-financiers\/\" title=\"Conseil en acquisition de clients dans le domaine des services financiers\"  data-wpil-monitor-id=\"8251\">service offerings that respond to customer<\/a> requirements.<\/li>\n\n\n\n<li>L&#039;utilisation des technologies modernes dans les ascenseurs se d\u00e9veloppe rapidement et des fonctionnalit\u00e9s telles que les panneaux de commande sans contact ainsi que les capteurs biom\u00e9triques deviennent plus accessibles. Pour r\u00e9pondre aux attentes des clients et d\u00e9velopper de nouveaux produits passionnants dot\u00e9s d\u2019innovations de pointe, les \u00e9tudes de march\u00e9 sur les ascenseurs peuvent donner un aper\u00e7u des caract\u00e9ristiques qui int\u00e9ressent le plus les clients.<\/li>\n<\/ul>\n\n\n\n<h2 class=\"wp-block-heading\">D\u00e9fis<\/h2>\n\n\n\n<ul class=\"wp-block-list\">\n<li>Une \u00e9tude de march\u00e9 sur les ascenseurs peut \u00eatre co\u00fbteuse, surtout si elle implique des enqu\u00eates approfondies ou une analyse de donn\u00e9es. Ce co\u00fbt peut devenir un obstacle majeur pour les startups qui tentent de comprendre cette industrie.<\/li>\n\n\n\n<li>Malheureusement, certaines soci\u00e9t\u00e9s d\u2019ascenseurs peuvent ne pas \u00eatre dispos\u00e9es \u00e0 fournir des donn\u00e9es ou n\u2019offrir qu\u2019un aper\u00e7u partiel du march\u00e9.<\/li>\n\n\n\n<li>La technologie \u00e9volue \u00e0 un rythme rapide et le secteur des ascenseurs ne fait pas exception. Pour rester comp\u00e9titif dans ce paysage en constante \u00e9volution, il est essentiel de se tenir au courant des derni\u00e8res tendances et avanc\u00e9es.<\/li>\n\n\n\n<li>Le march\u00e9 des ascenseurs est un environnement extr\u00eamement concurrentiel. avec des grands acteurs distincts et des petites startups qui rivalisent tous pour la supr\u00e9matie.<\/li>\n<\/ul>\n\n\n\n<h2 class=\"wp-block-heading\">Perspectives futures des \u00e9tudes de march\u00e9 sur les ascenseurs<\/h2>\n\n\n\n<figure class=\"gb-block-image gb-block-image-7d4348b2\"><img loading=\"lazy\" decoding=\"async\" width=\"1456\" height=\"816\" class=\"gb-image gb-image-7d4348b2\" src=\"https:\/\/www.sisinternational.com\/wp-content\/uploads\/2025\/08\/Elevator-3.jpg\" alt=\"\u00c9tudes de march\u00e9 et strat\u00e9gie internationales SIS\" title=\"Elevator (3)\" srcset=\"https:\/\/www.sisinternational.com\/wp-content\/uploads\/2025\/08\/Elevator-3.jpg 1456w, https:\/\/www.sisinternational.com\/wp-content\/uploads\/2025\/08\/Elevator-3-300x168.jpg 300w, https:\/\/www.sisinternational.com\/wp-content\/uploads\/2025\/08\/Elevator-3-1024x574.jpg 1024w, https:\/\/www.sisinternational.com\/wp-content\/uploads\/2025\/08\/Elevator-3-768x430.jpg 768w, https:\/\/www.sisinternational.com\/wp-content\/uploads\/2025\/08\/Elevator-3-18x10.jpg 18w\" sizes=\"auto, (max-width: 1456px) 100vw, 1456px\"><\/figure>\n\n\n\n<p><\/p>\n\n\n\n<p>Le march\u00e9 des ascenseurs devrait maintenir sa trajectoire de croissance en raison de plusieurs facteurs influents. \u00c0 mesure que de plus en plus de personnes s&#039;installent dans les zones urbaines, la demande d&#039;ascenseurs ne fera qu&#039;augmenter avec l&#039;am\u00e9lioration des infrastructures de transport dans les villes.<\/p>\n\n\n\n<p>De plus, les avanc\u00e9es technologiques telles que les ascenseurs \u00e9conomes en \u00e9nergie, les fonctionnalit\u00e9s intelligentes ou les mat\u00e9riaux avanc\u00e9s sont susceptibles de propulser davantage l&#039;\u00e9lan du secteur.<\/p>\n\n\n\n<p>\u00c0 mesure que les \u00e9conomies \u00e9mergentes comme la Chine et l\u2019Inde continuent d\u2019\u00e9tendre leurs projets de construction, la demande d\u2019ascenseurs (et les \u00e9tudes de march\u00e9 sur les ascenseurs) augmentera de fa\u00e7on marqu\u00e9e \u2013 et l\u2019accent croissant mis sur le respect de l\u2019environnement et la durabilit\u00e9 parmi les acteurs du secteur des ascenseurs est attendu. pour devenir l&#039;une de ses principales tendances \u00e0 l&#039;avenir.<\/p>\n\n\n\n<p>SIS International propose des recherches quantitatives, qualitatives et strat\u00e9giques. Nous fournissons des donn\u00e9es, des outils, des strat\u00e9gies, des rapports et des informations pour la prise de d\u00e9cision. Nous menons des entretiens, des enqu\u00eates, des groupes de discussion et de nombreuses autres m\u00e9thodes et approches d&#039;\u00e9tudes de march\u00e9. Contactez-nous pour votre prochain projet d&#039;\u00e9tude de march\u00e9.<\/p>","protected":false},"excerpt":{"rendered":"<p>L&#039;\u00e9tude de march\u00e9 compl\u00e8te de SIS sur les ascenseurs offre des informations inestimables sur les clients et identifie de nouvelles tendances et technologies pour aider les entreprises.<\/p>","protected":false},"author":1,"featured_media":64801,"parent":14514,"menu_order":238,"comment_status":"closed","ping_status":"closed","template":"","meta":{"footnotes":""},"class_list":["post-42316","page","type-page","status-publish","has-post-thumbnail"],"_links":{"self":[{"href":"https:\/\/www.sisinternational.com\/fr\/wp-json\/wp\/v2\/pages\/42316","targetHints":{"allow":["GET"]}}],"collection":[{"href":"https:\/\/www.sisinternational.com\/fr\/wp-json\/wp\/v2\/pages"}],"about":[{"href":"https:\/\/www.sisinternational.com\/fr\/wp-json\/wp\/v2\/types\/page"}],"author":[{"embeddable":true,"href":"https:\/\/www.sisinternational.com\/fr\/wp-json\/wp\/v2\/users\/1"}],"replies":[{"embeddable":true,"href":"https:\/\/www.sisinternational.com\/fr\/wp-json\/wp\/v2\/comments?post=42316"}],"version-history":[{"count":5,"href":"https:\/\/www.sisinternational.com\/fr\/wp-json\/wp\/v2\/pages\/42316\/revisions"}],"predecessor-version":[{"id":81385,"href":"https:\/\/www.sisinternational.com\/fr\/wp-json\/wp\/v2\/pages\/42316\/revisions\/81385"}],"up":[{"embeddable":true,"href":"https:\/\/www.sisinternational.com\/fr\/wp-json\/wp\/v2\/pages\/14514"}],"wp:featuredmedia":[{"embeddable":true,"href":"https:\/\/www.sisinternational.com\/fr\/wp-json\/wp\/v2\/media\/64801"}],"wp:attachment":[{"href":"https:\/\/www.sisinternational.com\/fr\/wp-json\/wp\/v2\/media?parent=42316"}],"curies":[{"name":"wp","href":"https:\/\/api.w.org\/{rel}","templated":true}]}}