{"id":42304,"date":"2023-04-11T21:06:00","date_gmt":"2023-04-12T01:06:00","guid":{"rendered":"https:\/\/www.sisinternational.com\/?page_id=42304"},"modified":"2026-01-26T18:50:41","modified_gmt":"2026-01-26T23:50:41","slug":"etude-de-marche-du-coton","status":"publish","type":"page","link":"https:\/\/www.sisinternational.com\/fr\/competence\/etude-de-marche-du-coton\/","title":{"rendered":"\u00c9tude de march\u00e9 sur le coton"},"content":{"rendered":"<h1 class=\"wp-block-heading\">\u00c9tude de march\u00e9 sur le coton<\/h1>\n\n\n\n<figure class=\"gb-block-image gb-block-image-d6b03065\"><img loading=\"lazy\" decoding=\"async\" width=\"1456\" height=\"816\" class=\"gb-image gb-image-d6b03065\" src=\"https:\/\/www.sisinternational.com\/wp-content\/uploads\/2025\/08\/Cotton-3.jpg\" alt=\"\u00c9tudes de march\u00e9 et strat\u00e9gie internationales SIS\" title=\"Cotton (3)\" srcset=\"https:\/\/www.sisinternational.com\/wp-content\/uploads\/2025\/08\/Cotton-3.jpg 1456w, https:\/\/www.sisinternational.com\/wp-content\/uploads\/2025\/08\/Cotton-3-300x168.jpg 300w, https:\/\/www.sisinternational.com\/wp-content\/uploads\/2025\/08\/Cotton-3-1024x574.jpg 1024w, https:\/\/www.sisinternational.com\/wp-content\/uploads\/2025\/08\/Cotton-3-768x430.jpg 768w, https:\/\/www.sisinternational.com\/wp-content\/uploads\/2025\/08\/Cotton-3-18x10.jpg 18w\" sizes=\"auto, (max-width: 1456px) 100vw, 1456px\"><\/figure>\n\n\n\n<p><\/p>\n\n\n\n<p>Le coton est l\u2019une des fibres naturelles les plus r\u00e9pandues sur terre et sa demande devrait augmenter au cours des prochaines ann\u00e9es. De plus, il est utilis\u00e9 dans un large \u00e9ventail d\u2019industries, telles que le textile, la production de v\u00eatements, la fabrication du papier et les fournitures m\u00e9dicales. Pour cette raison, il est essentiel de mener des \u00e9tudes de march\u00e9 sur le coton afin de reconna\u00eetre les tendances pertinentes au sein de cette industrie, les principaux catalyseurs de croissance ou de d\u00e9clin et les opportunit\u00e9s futures de capitaliser sur cette croissance.<\/p>\n\n\n\n<h2 class=\"wp-block-heading\">Qu\u2019est-ce qu\u2019une \u00e9tude de march\u00e9 sur le coton ?<\/h2>\n\n\n\n<p>Les \u00e9tudes de march\u00e9 sur le coton impliquent la compilation de donn\u00e9es provenant de tous les secteurs, tels que les agriculteurs, les transformateurs, les fabricants et les d\u00e9taillants, au moyen d&#039;entretiens, d&#039;enqu\u00eates et de groupes de discussion.<\/p>\n\n\n\n<p>Il est utile d&#039;acqu\u00e9rir une compr\u00e9hension globale des conditions du march\u00e9 du coton, permettant aux entreprises de prendre des d\u00e9cisions strat\u00e9giques en mati\u00e8re d&#039;investissements, de production, de commercialisation et d&#039;autres aspects des op\u00e9rations commerciales.<\/p>\n\n\n\n<h2 class=\"wp-block-heading\">Importance des \u00e9tudes de march\u00e9 sur le coton<\/h2>\n\n\n\n<p>Aujourd\u2019hui, le march\u00e9 mondial du coton est une industrie sophistiqu\u00e9e et hautement comp\u00e9titive, o\u00f9 l\u2019offre et la demande sont fortement influenc\u00e9es par plusieurs facteurs, tels que les conditions m\u00e9t\u00e9orologiques, les r\u00e9glementations gouvernementales, les accords commerciaux mondiaux et l\u2019\u00e9volution des go\u00fbts des clients, entre autres.<\/p>\n\n\n\n<p>Malgr\u00e9 le paysage en constante \u00e9volution du secteur, les progr\u00e8s technologiques et les pratiques durables stimulent l&#039;innovation \u00e0 un rythme rapide, permettant aux organisations de se d\u00e9velopper tout en s&#039;adaptant aux conditions modernes du march\u00e9.<\/p>\n\n\n\n<p>Par cons\u00e9quent, conna\u00eetre le march\u00e9 du coton de fond en comble est essentiel pour les entreprises qui \u00e9voluent dans ce domaine. Il offre notamment aux entreprises les avantages suivants :<\/p>\n\n\n\n<ul class=\"wp-block-list\">\n<li>Understanding market trends: Keeping <a href=\"https:\/\/www.sisinternational.com\/fr\/competence\/les-industries\/etude-de-marche-de-suivi-des-tendances\/\" title=\"\u00c9tude de march\u00e9 sur le suivi des tendances\"  data-wpil-monitor-id=\"9883\">track of the evolving cotton market<\/a> is crucial for companies to remain competitive. It enables businesses to stay abreast of current trends, including fluctuations in consumer choices, shifts in global supply-and-demand dynamics, and advancements in technology \u2013 and cotton market research can help a business successfully adjust its strategies accordingly.<\/li>\n\n\n\n<li>Identifier de nouvelles opportunit\u00e9s : les entreprises peuvent utiliser les \u00e9tudes de march\u00e9 sur le coton pour d\u00e9couvrir des pistes potentielles d&#039;expansion et des opportunit\u00e9s de croissance telles que des march\u00e9s inexploit\u00e9s ou de nouvelles mises en \u0153uvre de fibres de coton.<\/li>\n\n\n\n<li>Att\u00e9nuation des risques\u00a0: les entreprises peuvent tirer parti des \u00e9tudes de march\u00e9 sur le coton pour pr\u00e9voir les risques potentiels. Cela peut inclure des modifications des r\u00e9glementations gouvernementales ou des variations dans les prix et l\u2019offre. Gr\u00e2ce \u00e0 ces informations, ils sont mieux plac\u00e9s pour prendre de bonnes d\u00e9cisions qui r\u00e9duiront l\u2019impact de ces menaces.<\/li>\n\n\n\n<li>Improving marketing strategies: Cotton market research can be instrumental in gaining an understanding of customer trends and bias, which allows <a href=\"https:\/\/www.sisinternational.com\/fr\/publications\/etude-de-marche-sur-les-entreprises-evolutives-7-facons-de-creer-une-entreprise-evolutive\/\" title=\"\u00c9tude de march\u00e9 sur les entreprises \u00e9volutives\u00a0: 7 fa\u00e7ons de cr\u00e9er une entreprise \u00e9volutive\"  data-wpil-monitor-id=\"9891\">businesses to hone their marketing<\/a> plans and messages for maximum impact.<\/li>\n<\/ul>\n\n\n\n<h2 class=\"wp-block-heading\">Principales tendances et facteurs d\u00e9terminants du march\u00e9<\/h2>\n\n\n\n<figure class=\"gb-block-image gb-block-image-1ae4cb66\"><img loading=\"lazy\" decoding=\"async\" width=\"1456\" height=\"816\" class=\"gb-image gb-image-1ae4cb66\" src=\"https:\/\/www.sisinternational.com\/wp-content\/uploads\/2025\/08\/Cotton-1.jpg\" alt=\"\u00c9tudes de march\u00e9 et strat\u00e9gie internationales SIS\" title=\"Cotton (1)\" srcset=\"https:\/\/www.sisinternational.com\/wp-content\/uploads\/2025\/08\/Cotton-1.jpg 1456w, https:\/\/www.sisinternational.com\/wp-content\/uploads\/2025\/08\/Cotton-1-300x168.jpg 300w, https:\/\/www.sisinternational.com\/wp-content\/uploads\/2025\/08\/Cotton-1-1024x574.jpg 1024w, https:\/\/www.sisinternational.com\/wp-content\/uploads\/2025\/08\/Cotton-1-768x430.jpg 768w, https:\/\/www.sisinternational.com\/wp-content\/uploads\/2025\/08\/Cotton-1-18x10.jpg 18w\" sizes=\"auto, (max-width: 1456px) 100vw, 1456px\"><\/figure>\n\n\n\n<ul class=\"wp-block-list\">\n<li>Cotton is an in-demand commodity worldwide. Emerging economies such as India and China are quickly increasing their demand for cotton-based products, with even established <a href=\"https:\/\/www.sisinternational.com\/fr\/couverture\/leurope-%ef%83%97\/etude-de-marche-jersey-europe\/\" title=\"Etude de march\u00e9 \u00e0 Jersey, Europe\"  data-wpil-monitor-id=\"7078\">markets like the US and Europe<\/a> fueling further growth of this market trend.<\/li>\n\n\n\n<li>Les r\u00e9cents progr\u00e8s technologiques r\u00e9volutionnent la production de coton. Le r\u00e9sultat de ces avanc\u00e9es est une augmentation spectaculaire des rendements et des r\u00e9coltes de qualit\u00e9 sup\u00e9rieure, entra\u00eenant des \u00e9conomies pour tous les acteurs de la cha\u00eene de valeur du coton.<\/li>\n\n\n\n<li>Il existe une demande croissante d\u2019articles en coton durables. Cela a d\u00e9clench\u00e9 des pratiques de fabrication respectueuses de l&#039;environnement telles que le coton biologique et \u00e9quitable, en plus d&#039;une transparence accrue tout au long de la cha\u00eene d&#039;approvisionnement.<\/li>\n\n\n\n<li>Le march\u00e9 du coton est sujet \u00e0 des fluctuations dramatiques en raison de l&#039;instabilit\u00e9 de l&#039;offre et de la demande ainsi que des transformations macro\u00e9conomiques. En cons\u00e9quence, cela pr\u00e9sente \u00e0 la fois des difficult\u00e9s pour les producteurs et les commer\u00e7ants ainsi que des opportunit\u00e9s pour ceux qui connaissent les strat\u00e9gies de gestion des risques.<\/li>\n<\/ul>\n\n\n\n<h2 class=\"wp-block-heading\">Opportunit\u00e9s et tendances des \u00e9tudes de march\u00e9 sur le coton<\/h2>\n\n\n\n<ul class=\"wp-block-list\">\n<li>Gr\u00e2ce \u00e0 des \u00e9tudes approfondies du march\u00e9 du coton, les entreprises peuvent identifier les demandes et les pr\u00e9f\u00e9rences des clients qui fa\u00e7onneront la cr\u00e9ation de produits innovants \u00e0 base de coton. Il permet aux acteurs de l&#039;industrie tels que les producteurs, les fabricants et les d\u00e9taillants d&#039;obtenir des donn\u00e9es pertinentes et de prendre des d\u00e9cisions strat\u00e9giques \u00e9clair\u00e9es.<\/li>\n\n\n\n<li>By undertaking cotton market research, companies can gain access to <a href=\"https:\/\/www.sisinternational.com\/fr\/how-to-conduct-in-depth-interviews-for-market-insights\/\" title=\"Comment mener des entretiens approfondis pour obtenir des informations sur le march\u00e9\"  data-wpil-monitor-id=\"9885\">insights about new markets<\/a> and potential applications for cotton, which could lead to immense expansion opportunities.<\/li>\n\n\n\n<li>En menant des \u00e9tudes approfondies sur le march\u00e9 du coton, les entreprises peuvent mettre en lumi\u00e8re des pratiques plus durables et des solutions innovantes qui contribueront \u00e0 r\u00e9duire l&#039;empreinte \u00e9cologique de la production de coton.<\/li>\n\n\n\n<li>L&#039;utilisation de nouvelles technologies telles que l&#039;agriculture de pr\u00e9cision, les drones et l&#039;IA est devenue largement adopt\u00e9e dans la culture du coton pour augmenter la productivit\u00e9, r\u00e9duire les co\u00fbts et diminuer les dommages environnementaux.<\/li>\n\n\n\n<li>Climate change has created a difficult situation for cotton farmers around the world with its irregular rainfalls, extreme weather events, and higher temperatures. Research is actively being conducted to develop drought-resistant <a href=\"https:\/\/www.sisinternational.com\/fr\/competence\/les-industries\/etude-de-marche-sur-leau-en-bouteille\/\" title=\"\u00c9tude de march\u00e9 sur l\u2019eau en bouteille\"  data-wpil-monitor-id=\"4970\">cotton<\/a> varieties that can better tolerate these conditions as well as increase water efficiency during farming.<\/li>\n<\/ul>\n\n\n\n<h2 class=\"wp-block-heading\">D\u00e9fis<\/h2>\n\n\n\n<ul class=\"wp-block-list\">\n<li>Le march\u00e9 du coton est tr\u00e8s impr\u00e9visible, les prix variant en fonction de diff\u00e9rents aspects tels que les conditions m\u00e9t\u00e9orologiques, la demande mondiale et les r\u00e9glementations gouvernementales. Cela rend presque impossible de pr\u00e9voir avec pr\u00e9cision l\u2019avenir ou de prendre des d\u00e9cisions judicieuses \u00e0 long terme.<\/li>\n\n\n\n<li>La durabilit\u00e9 est une priorit\u00e9 croissante pour l\u2019industrie cotonni\u00e8re, mais l\u2019adoption de proc\u00e9dures plus durables et le suivi de leurs progr\u00e8s peuvent s\u2019av\u00e9rer tr\u00e8s co\u00fbteux.<\/li>\n\n\n\n<li>L\u2019essor des fibres synth\u00e9tiques peut entra\u00eener une forte baisse de la demande de produits en coton en raison de leur moindre co\u00fbt de production et de leur facilit\u00e9 d\u2019utilisation. Cela exerce une pression \u00e9norme sur les prix du march\u00e9 des produits en coton.<\/li>\n\n\n\n<li>\u00c0 mesure que les demandes des consommateurs \u00e9voluent, les \u00e9tudes de march\u00e9 sur le coton doivent s&#039;adapter en cons\u00e9quence pour garantir la pr\u00e9cision et l&#039;applicabilit\u00e9. Il est imp\u00e9ratif que nous restions au courant des pr\u00e9f\u00e9rences en constante \u00e9volution des clients afin de rester comp\u00e9titifs.<\/li>\n<\/ul>\n\n\n\n<h2 class=\"wp-block-heading\">Perspectives futures des \u00e9tudes de march\u00e9 sur le coton<\/h2>\n\n\n\n<figure class=\"gb-block-image gb-block-image-7d257258\"><img loading=\"lazy\" decoding=\"async\" width=\"1456\" height=\"816\" class=\"gb-image gb-image-7d257258\" src=\"https:\/\/www.sisinternational.com\/wp-content\/uploads\/2025\/08\/Cotton-4.jpg\" alt=\"\u00c9tudes de march\u00e9 et strat\u00e9gie internationales SIS\" title=\"Cotton (4)\" srcset=\"https:\/\/www.sisinternational.com\/wp-content\/uploads\/2025\/08\/Cotton-4.jpg 1456w, https:\/\/www.sisinternational.com\/wp-content\/uploads\/2025\/08\/Cotton-4-300x168.jpg 300w, https:\/\/www.sisinternational.com\/wp-content\/uploads\/2025\/08\/Cotton-4-1024x574.jpg 1024w, https:\/\/www.sisinternational.com\/wp-content\/uploads\/2025\/08\/Cotton-4-768x430.jpg 768w, https:\/\/www.sisinternational.com\/wp-content\/uploads\/2025\/08\/Cotton-4-18x10.jpg 18w\" sizes=\"auto, (max-width: 1456px) 100vw, 1456px\"><\/figure>\n\n\n\n<p><\/p>\n\n\n\n<p>The cotton industry has prospects for a bright future full of opportunities, but it is vital to understand the likelihood of difficulties. As sales of sustainable and organic cotton become increasingly popular with consumers, the <a href=\"https:\/\/www.sisinternational.com\/fr\/competence\/les-industries\/etude-de-marche-sur-le-changement-climatique\/\" title=\"\u00c9tude de march\u00e9 sur le changement climatique\"  data-wpil-monitor-id=\"9889\">market must adjust to meet these changing<\/a> needs. Furthermore, advances in technology and production techniques are likely to be key factors in the advancement of this sector.<\/p>\n\n\n\n<p>L\u2019int\u00e9gration de nouvelles technologies telles que l\u2019agriculture de pr\u00e9cision, l\u2019analyse des donn\u00e9es et la blockchain deviennent \u00e9galement des \u00e9l\u00e9ments fondamentaux qui garantiront la transparence et la tra\u00e7abilit\u00e9 tout au long de la cha\u00eene d\u2019approvisionnement. Il est donc crucial de garder un \u0153il attentif sur les conditions du march\u00e9 en constante \u00e9volution.<\/p>\n\n\n\n<p>Despite the success of the cotton industry, looming challenges remain on the horizon. Climate change could cause a strain on water sources, pest control, and weather conditions \u2013 all major factors for any cotton producer. Additionally, unstable <a href=\"https:\/\/www.sisinternational.com\/fr\/solutions\/recherche-de-conseil-en-strategie-fintech\/etude-de-marche-sur-le-trading-algorithmique\/\" title=\"\u00c9tude de march\u00e9 sur le trading algorithmique\"  data-wpil-monitor-id=\"9887\">trade policies and market<\/a> disruptions could result in price fluctuations that would significantly affect buyers and sellers alike.<\/p>\n\n\n\n<p><a href=\"https:\/\/www.sisinternational.com\/fr\/sis-devoile-une-plateforme-de-science-des-donnees-et-danalyse-quantitative\/\" title=\"SIS d\u00e9voile sa plateforme de science des donn\u00e9es et d&#039;analyse quantitative\"  data-wpil-monitor-id=\"9877\">SIS International offers Quantitative<\/a>, Qualitative, and Strategy Research. We provide data, tools, strategies, reports and insights for decision-making. We conduct interviews, surveys, <a href=\"https:\/\/www.sisinternational.com\/fr\/solutions\/etude-de-marche-en-groupe-de-discussion\/\" title=\"\u00c9tude de march\u00e9 par groupe de discussion\"  data-wpil-monitor-id=\"9879\">focus groups and many other Market Research<\/a> methods and approaches. Contact us for your <a href=\"https:\/\/www.sisinternational.com\/fr\/competence\/les-industries\/etude-de-marche-sur-les-technologies-de-nouvelle-generation\/\" title=\"\u00c9tude de march\u00e9 sur les technologies de nouvelle g\u00e9n\u00e9ration\"  data-wpil-monitor-id=\"9881\">next Market Research<\/a> projet.<\/p>","protected":false},"excerpt":{"rendered":"<p>Les \u00e9tudes de march\u00e9 sur le coton compilent des donn\u00e9es aupr\u00e8s des agriculteurs, des transformateurs, des fabricants et des d\u00e9taillants au moyen d&#039;entretiens, d&#039;enqu\u00eates et de groupes de discussion.<\/p>","protected":false},"author":1,"featured_media":64271,"parent":14514,"menu_order":236,"comment_status":"closed","ping_status":"closed","template":"","meta":{"footnotes":""},"class_list":["post-42304","page","type-page","status-publish","has-post-thumbnail"],"_links":{"self":[{"href":"https:\/\/www.sisinternational.com\/fr\/wp-json\/wp\/v2\/pages\/42304","targetHints":{"allow":["GET"]}}],"collection":[{"href":"https:\/\/www.sisinternational.com\/fr\/wp-json\/wp\/v2\/pages"}],"about":[{"href":"https:\/\/www.sisinternational.com\/fr\/wp-json\/wp\/v2\/types\/page"}],"author":[{"embeddable":true,"href":"https:\/\/www.sisinternational.com\/fr\/wp-json\/wp\/v2\/users\/1"}],"replies":[{"embeddable":true,"href":"https:\/\/www.sisinternational.com\/fr\/wp-json\/wp\/v2\/comments?post=42304"}],"version-history":[{"count":6,"href":"https:\/\/www.sisinternational.com\/fr\/wp-json\/wp\/v2\/pages\/42304\/revisions"}],"predecessor-version":[{"id":81641,"href":"https:\/\/www.sisinternational.com\/fr\/wp-json\/wp\/v2\/pages\/42304\/revisions\/81641"}],"up":[{"embeddable":true,"href":"https:\/\/www.sisinternational.com\/fr\/wp-json\/wp\/v2\/pages\/14514"}],"wp:featuredmedia":[{"embeddable":true,"href":"https:\/\/www.sisinternational.com\/fr\/wp-json\/wp\/v2\/media\/64271"}],"wp:attachment":[{"href":"https:\/\/www.sisinternational.com\/fr\/wp-json\/wp\/v2\/media?parent=42304"}],"curies":[{"name":"wp","href":"https:\/\/api.w.org\/{rel}","templated":true}]}}