{"id":42297,"date":"2023-04-11T18:06:04","date_gmt":"2023-04-11T22:06:04","guid":{"rendered":"https:\/\/www.sisinternational.com\/?page_id=42297"},"modified":"2026-01-25T19:05:38","modified_gmt":"2026-01-26T00:05:38","slug":"etude-de-marche-sur-les-cosmetiques-au-mexique","status":"publish","type":"page","link":"https:\/\/www.sisinternational.com\/fr\/couverture\/latin-america\/etude-de-marche-en-amerique-latine\/etude-de-marche-sur-les-cosmetiques-au-mexique\/","title":{"rendered":"\u00c9tude de march\u00e9 sur les cosm\u00e9tiques au Mexique"},"content":{"rendered":"<h1 class=\"wp-block-heading p1\">\u00c9tude de march\u00e9 sur les cosm\u00e9tiques au Mexique<\/h1>\n\n\n<div class=\"wp-block-image\">\n<figure class=\"aligncenter size-large is-resized\"><img loading=\"lazy\" decoding=\"async\" width=\"1024\" height=\"574\" src=\"https:\/\/www.sisinternational.com\/wp-content\/uploads\/2025\/09\/Cosmetics-in-mexico-3-1024x574.jpg\" alt=\"\u00c9tudes de march\u00e9 et strat\u00e9gie internationales SIS\" class=\"wp-image-66238\" style=\"width:1350px\" srcset=\"https:\/\/www.sisinternational.com\/wp-content\/uploads\/2025\/09\/Cosmetics-in-mexico-3-1024x574.jpg 1024w, https:\/\/www.sisinternational.com\/wp-content\/uploads\/2025\/09\/Cosmetics-in-mexico-3-300x168.jpg 300w, https:\/\/www.sisinternational.com\/wp-content\/uploads\/2025\/09\/Cosmetics-in-mexico-3-768x430.jpg 768w, https:\/\/www.sisinternational.com\/wp-content\/uploads\/2025\/09\/Cosmetics-in-mexico-3-18x10.jpg 18w, https:\/\/www.sisinternational.com\/wp-content\/uploads\/2025\/09\/Cosmetics-in-mexico-3.jpg 1456w\" sizes=\"auto, (max-width: 1024px) 100vw, 1024px\" \/><\/figure>\n<\/div>\n\n\n<p><\/p>\n\n\n\n<p class=\"p2\">Le march\u00e9 des cosm\u00e9tiques a connu plusieurs changements au cours des derni\u00e8res d\u00e9cennies en fonction des demandes des consommateurs, des pr\u00e9occupations environnementales, de l&#039;\u00e9thique et de la rentabilit\u00e9. Les consommateurs \u00e9tant de plus en plus inform\u00e9s sur les soins de la peau et les cosm\u00e9tiques en g\u00e9n\u00e9ral et \u00e9tant de plus en plus conscients de leur impact sur l\u2019environnement et les animaux, les entreprises doivent proposer des produits et des strat\u00e9gies marketing innovants pour p\u00e9n\u00e9trer ce march\u00e9 hautement concurrentiel. Par cons\u00e9quent, les \u00e9tudes de march\u00e9 sur les cosm\u00e9tiques au Mexique sont devenues indispensables pour toute entreprise qui souhaite r\u00e9ussir dans ce secteur.<\/p>\n\n\n\n<h2 class=\"wp-block-heading p2\">Aper\u00e7u de l\u2019\u00e9tude de march\u00e9 sur les cosm\u00e9tiques au Mexique<\/h2>\n\n\n\n<p class=\"p2\">Le monde change et la plupart des entreprises s\u2019orientent dans une direction plus durable. L\u2019industrie cosm\u00e9tique aussi. En 2021, le S\u00e9nat mexicain a vot\u00e9 \u00e0 l&#039;unanimit\u00e9 pour interdire les tests sur les animaux pour les cosm\u00e9tiques, ce qui \u00e9tait non seulement une d\u00e9cision historique, mais le Mexique est \u00e9galement devenu le premier pays d&#039;Am\u00e9rique du Nord \u00e0 le faire.<\/p>\n\n\n\n<p class=\"p2\">Cosmetics play a key role in Mexico\u2019s business world, and thus, conducting market <a href=\"https:\/\/www.sisinternational.com\/fr\/competence\/les-industries\/recherche-de-personnalite-extreme\/\" title=\"Recherche sur les personnalit\u00e9s extr\u00eames\"  data-wpil-monitor-id=\"3367\">research is of extreme<\/a> importance for companies looking to build or expand their presence in the cosmetics industry. The country still attracts investors who have established manufacturing and distribution plants there and who use Mexico as their distribution center for Latin America.<\/p>\n\n\n\n<p class=\"p2\">Plus important encore, la classe moyenne mexicaine s\u2019est consid\u00e9rablement d\u00e9velopp\u00e9e ces derni\u00e8res ann\u00e9es. Il en va de m\u00eame pour son budget de d\u00e9penses, et nous ne pouvons pas oublier l\u2019augmentation du niveau de revenu brut, qui a un effet significatif sur les habitudes et les tendances de consommation.<\/p>\n\n\n\n<h2 class=\"wp-block-heading p2\">Principales tendances et facteurs d\u00e9terminants de l&#039;industrie cosm\u00e9tique<\/h2>\n\n\n\n<p class=\"p2\">Les cosm\u00e9tiques et les soins personnels repr\u00e9sentent un sous-secteur essentiel des biens de consommation au Mexique. Le pays est class\u00e9 parmi les dix premiers au monde en mati\u00e8re de cosm\u00e9tiques et de produits de soins personnels. De plus, c\u2019est l\u2019un des plus grands march\u00e9s de produits de beaut\u00e9 d\u2019Am\u00e9rique latine.<\/p>\n\n\n\n<p class=\"p2\">Le Mexique importe \u00e9galement un grand nombre de produits de beaut\u00e9 de Cor\u00e9e du Sud, mais les \u00c9tats-Unis restent le premier importateur du pays.<\/p>\n\n\n\n<h2 class=\"wp-block-heading p2\">Opportunit\u00e9s dans l&#039;industrie cosm\u00e9tique<\/h2>\n\n\n\n<p class=\"p2\"><a href=\"https:\/\/www.sisinternational.com\/fr\/etude-de-marche-tijuana-mexique\/\" title=\"Etude de march\u00e9 \u00e0 Tijuana, Mexique\"  data-wpil-monitor-id=\"2539\">Mexico\u2019s cosmetics market<\/a> is expected to grow. Moreover, the increasing demand for organic, non-animal-tested, and cruelty-free products makes the Mexican cosmetics market much more attractive to consumers.<\/p>\n\n\n\n<p class=\"p2\">Ce ne sont pas seulement les femmes mais aussi les hommes qui r\u00e9alisent un grand nombre d&#039;achats de cosm\u00e9tiques et de produits de soins de la peau et des cheveux. Une conscience croissante de la beaut\u00e9 et une plus grande vari\u00e9t\u00e9 de marques poussent les clients masculins \u00e0 effectuer davantage d&#039;achats en ligne et dans les magasins sp\u00e9cialis\u00e9s, les supermarch\u00e9s, les pharmacies, etc.<\/p>\n\n\n\n<p class=\"p2\">Au Mexique, les diff\u00e9rentes entreprises de beaut\u00e9 et de soins sont tr\u00e8s comp\u00e9titives, ce qui pousse \u00e0 de nombreuses strat\u00e9gies commerciales diff\u00e9rentes pour attirer et fid\u00e9liser la client\u00e8le ; par exemple, les innovations de produits, l&#039;expansion, les fusions, les partenariats et les acquisitions. Construire une pr\u00e9sence en ligne avec un site Web personnel ou proposer des produits sur les principales plateformes de vente en ligne telles qu&#039;Amazon joue \u00e9galement un r\u00f4le essentiel.<\/p>\n\n\n\n<p class=\"p2\">Concernant la distribution, la vente directe d\u00e9tient la part de march\u00e9 la plus \u00e9lev\u00e9e, suivie de pr\u00e8s par les supermarch\u00e9s. En ce qui concerne les publicit\u00e9s, la publicit\u00e9 agressive et le parrainage d&#039;\u00e9missions sont les m\u00e9thodes les plus courantes.<\/p>\n\n\n\n<h2 class=\"wp-block-heading p2\">Les d\u00e9fis de la cosm\u00e9tique au Mexique<\/h2>\n\n\n\n<p class=\"p2\">Although Mexico\u2019s free trade agreements with most countries are essentially a good thing, they can present a challenge. Thanks to the free trade agreements, consumers can buy cosmetics and skin care products from Europe, North America, and Asia, and as a result, they have a large selection to choose from. This leads to intense competition for any company that is looking at exports to Mexico. The list of companies such as Procter &amp; Gamble, Unilever, Colgate-Palmolive, Est\u00e9e Lauder, Betterware de Mexico, L\u2019OREAL, and more may provide a testing environment for a new enterprise. Consequently, it requires <a href=\"https:\/\/www.sisinternational.com\/fr\/competence\/les-industries\/etude-de-marche-sur-la-machinerie-lourde\/\" title=\"\u00c9tude de march\u00e9 sur les machines lourdes\"  data-wpil-monitor-id=\"5393\">heavy investment in marketing<\/a>, online as well as offline. That being said, there is still ample opportunity for international players to enter this market.<\/p>\n\n\n\n<p class=\"p2\">En g\u00e9n\u00e9ral, les consommateurs mexicains d\u00e9pensent beaucoup d\u2019argent en produits de beaut\u00e9. Ayant un large choix disponible et de nombreux produits fabriqu\u00e9s localement, les acheteurs ont acc\u00e8s \u00e0 des prix plus bas, ce qui laisse souvent des produits import\u00e9s plus chers sur les \u00e9tag\u00e8res. Les acheteurs recherchent g\u00e9n\u00e9ralement les produits les moins chers. N\u00e9anmoins, une grande partie des consommateurs mexicains sont \u00e9galement dispos\u00e9s \u00e0 investir dans de grandes marques internationales et\/ou dans les tendances actuelles. Malgr\u00e9 la tendance \u00e0 rechercher des produits bon march\u00e9, il existe toujours une forte demande pour les marques haut de gamme et de luxe, principalement parmi la classe moyenne sup\u00e9rieure.<\/p>\n\n\n\n<h2 class=\"wp-block-heading p2\">Des clusters d&#039;innovation pour analyser les cosm\u00e9tiques au Mexique<\/h2>\n\n\n\n<p class=\"p2\">L&#039;industrie cosm\u00e9tique est en plein essor au Mexique et, malgr\u00e9 la forte concurrence, une forte demande de cosm\u00e9tiques et de produits de beaut\u00e9 cr\u00e9e davantage d&#039;opportunit\u00e9s.<\/p>\n\n\n\n<p class=\"p2\">Les soins de la peau et les cosm\u00e9tiques pour hommes constituent un cr\u00e9neau prometteur puisque l&#039;int\u00e9r\u00eat des hommes pour une apparence soign\u00e9e et jeune a consid\u00e9rablement augment\u00e9. Les produits essentiels tels que le baume \u00e0 l\u00e8vres, la lotion pour les mains, la cr\u00e8me pour les yeux, le tonique, le nettoyant, la cr\u00e8me solaire et autres sont recherch\u00e9s sur ce march\u00e9.<\/p>\n\n\n\n<p class=\"p2\">Les salons de coiffure et les magasins sp\u00e9cialis\u00e9s r\u00e9pondant aux besoins de la peau et des cheveux des hommes ont vu le jour partout ces derni\u00e8res ann\u00e9es, proposant une gamme de produits.<\/p>\n\n\n\n<p class=\"p2\">De plus, une plus grande sensibilisation \u00e0 l\u2019exposition solaire a \u00e9galement conduit \u00e0 davantage d\u2019achats de produits SPF. De nos jours, les consommateurs accordent davantage d\u2019attention aux produits cosm\u00e9tiques qui prot\u00e8gent la peau. Par cons\u00e9quent, les cr\u00e8mes solaires et les cosm\u00e9tiques contenant un \u00e9cran solaire devraient gagner en popularit\u00e9 au cours des ann\u00e9es \u00e0 venir.<\/p>\n\n\n\n<p class=\"p2\">De plus, les cosm\u00e9tiques de couleur (y compris les vernis \u00e0 ongles et les produits pour les ongles en g\u00e9n\u00e9ral) sont tr\u00e8s \u00e0 la mode et pr\u00e9sentent une bonne opportunit\u00e9 d&#039;investissement. M\u00eame avec une large concurrence, il est possible d&#039;atteindre les consommateurs avec des tendances attrayantes et des prix comp\u00e9titifs. Les consommateurs ont \u00e9galement tendance \u00e0 d\u00e9couvrir de nouvelles marques (mexicaines et internationales) \u00e0 travers des tutoriels vid\u00e9o et des blogs.<\/p>\n\n\n\n<p class=\"p2\">Enfin, l\u2019importance des produits biologiques et naturels ne peut \u00eatre sous-estim\u00e9e. En raison d\u2019une meilleure compr\u00e9hension de leurs bienfaits pour la sant\u00e9, ces produits sont tr\u00e8s demand\u00e9s. De plus, le march\u00e9 v\u00e9g\u00e9talien conna\u00eet \u00e9galement une croissance exponentielle puisque de plus en plus de consommateurs prennent conscience de la cruaut\u00e9 envers les animaux et des droits des animaux et souhaitent faire des achats \u00e9thiquement responsables. La demande de produits qui ne sont pas test\u00e9s sur les animaux et qui ne contiennent m\u00eame pas d&#039;ingr\u00e9dients d&#039;origine animale augmente consid\u00e9rablement.<\/p>\n\n\n\n<h2 class=\"wp-block-heading p3\">Perspectives d&#039;avenir des cosm\u00e9tiques au Mexique<\/h2>\n\n\n\n<p class=\"p2\">La valeur du march\u00e9 des cosm\u00e9tiques est rest\u00e9e stable ces derni\u00e8res ann\u00e9es et devrait cro\u00eetre. Les consommateurs mexicains d\u00e9pensent chaque ann\u00e9e des sommes consid\u00e9rables en cosm\u00e9tiques, et la demande croissante de produits naturels, biologiques, sans tests sur les animaux, sans cruaut\u00e9 envers les animaux et d&#039;emballages respectueux de l&#039;environnement devrait stimuler davantage l&#039;industrie. Malgr\u00e9 un march\u00e9 hautement concurrentiel, il offre une opportunit\u00e9 d\u2019investissement, de nouveaux lancements et d\u2019expansion.<\/p>\n\n\n\n<p class=\"p2\">SIS International propose des recherches quantitatives, qualitatives et strat\u00e9giques. Nous fournissons des donn\u00e9es, des outils, des strat\u00e9gies, des rapports et des informations pour la prise de d\u00e9cision. Nous menons des entretiens, des enqu\u00eates, des groupes de discussion et d\u2019autres m\u00e9thodes et approches d\u2019\u00e9tudes de march\u00e9. Contactez-nous pour votre prochain projet d&#039;\u00e9tude de march\u00e9.<span class=\"Apple-converted-space\">&nbsp;<\/span><\/p>","protected":false},"excerpt":{"rendered":"<p>Les cosm\u00e9tiques jouent un r\u00f4le cl\u00e9 dans le monde des affaires mexicain ; il est donc extr\u00eamement important de mener une \u00e9tude de march\u00e9.<\/p>","protected":false},"author":1,"featured_media":66238,"parent":14351,"menu_order":28,"comment_status":"closed","ping_status":"closed","template":"","meta":{"footnotes":""},"class_list":["post-42297","page","type-page","status-publish","has-post-thumbnail"],"_links":{"self":[{"href":"https:\/\/www.sisinternational.com\/fr\/wp-json\/wp\/v2\/pages\/42297","targetHints":{"allow":["GET"]}}],"collection":[{"href":"https:\/\/www.sisinternational.com\/fr\/wp-json\/wp\/v2\/pages"}],"about":[{"href":"https:\/\/www.sisinternational.com\/fr\/wp-json\/wp\/v2\/types\/page"}],"author":[{"embeddable":true,"href":"https:\/\/www.sisinternational.com\/fr\/wp-json\/wp\/v2\/users\/1"}],"replies":[{"embeddable":true,"href":"https:\/\/www.sisinternational.com\/fr\/wp-json\/wp\/v2\/comments?post=42297"}],"version-history":[{"count":6,"href":"https:\/\/www.sisinternational.com\/fr\/wp-json\/wp\/v2\/pages\/42297\/revisions"}],"predecessor-version":[{"id":79177,"href":"https:\/\/www.sisinternational.com\/fr\/wp-json\/wp\/v2\/pages\/42297\/revisions\/79177"}],"up":[{"embeddable":true,"href":"https:\/\/www.sisinternational.com\/fr\/wp-json\/wp\/v2\/pages\/14351"}],"wp:featuredmedia":[{"embeddable":true,"href":"https:\/\/www.sisinternational.com\/fr\/wp-json\/wp\/v2\/media\/66238"}],"wp:attachment":[{"href":"https:\/\/www.sisinternational.com\/fr\/wp-json\/wp\/v2\/media?parent=42297"}],"curies":[{"name":"wp","href":"https:\/\/api.w.org\/{rel}","templated":true}]}}