{"id":42293,"date":"2023-04-11T17:18:02","date_gmt":"2023-04-11T21:18:02","guid":{"rendered":"https:\/\/www.sisinternational.com\/?page_id=42293"},"modified":"2026-03-12T13:26:58","modified_gmt":"2026-03-12T17:26:58","slug":"etude-de-marche-du-mais","status":"publish","type":"page","link":"https:\/\/www.sisinternational.com\/fr\/solutions\/etude-de-marche-sur-lindustrie-des-boissons-alimentaires\/etude-de-marche-du-mais\/","title":{"rendered":"\u00c9tude de march\u00e9 du ma\u00efs"},"content":{"rendered":"<h1 class=\"wp-block-heading\">\u00c9tude de march\u00e9 du ma\u00efs<\/h1>\n\n\n\n<figure class=\"gb-block-image gb-block-image-eb595c56\"><img loading=\"lazy\" decoding=\"async\" width=\"1456\" height=\"816\" class=\"gb-image gb-image-eb595c56\" src=\"https:\/\/www.sisinternational.com\/wp-content\/uploads\/2025\/08\/Corn-1.jpg\" alt=\"\u00c9tudes de march\u00e9 et strat\u00e9gie internationales SIS\" title=\"Corn (1)\" srcset=\"https:\/\/www.sisinternational.com\/wp-content\/uploads\/2025\/08\/Corn-1.jpg 1456w, https:\/\/www.sisinternational.com\/wp-content\/uploads\/2025\/08\/Corn-1-300x168.jpg 300w, https:\/\/www.sisinternational.com\/wp-content\/uploads\/2025\/08\/Corn-1-1024x574.jpg 1024w, https:\/\/www.sisinternational.com\/wp-content\/uploads\/2025\/08\/Corn-1-768x430.jpg 768w, https:\/\/www.sisinternational.com\/wp-content\/uploads\/2025\/08\/Corn-1-18x10.jpg 18w\" sizes=\"auto, (max-width: 1456px) 100vw, 1456px\"><\/figure>\n\n\n\n<p><\/p>\n\n\n\n<p class=\"p1\">L\u2019\u00e9tude de march\u00e9 sur le ma\u00efs consiste en la collecte, l\u2019analyse et l\u2019interpr\u00e9tation m\u00e9thodiques de donn\u00e9es et d\u2019informations relatives \u00e0 la production, \u00e0 la consommation et \u00e0 la distribution du ma\u00efs et des produits \u00e0 base de ma\u00efs. Les \u00e9tudes de march\u00e9 sur le ma\u00efs fournissent un aper\u00e7u des tendances du march\u00e9, du comportement des consommateurs et des facteurs concurrentiels qui influencent l\u2019industrie du ma\u00efs.<\/p>\n\n\n\n<p class=\"p1\">La recherche sur le march\u00e9 du ma\u00efs peut \u00eatre men\u00e9e \u00e0 diverses \u00e9tapes de production et de distribution, depuis la culture du ma\u00efs dans les fermes jusqu&#039;\u00e0 la vente de produits \u00e0 base de ma\u00efs dans les \u00e9piceries. Elle peut \u00e9galement \u00eatre men\u00e9e par les cultivateurs, les transformateurs, les distributeurs et les d\u00e9taillants, entre autres acteurs de l&#039;industrie.<\/p>\n\n\n\n<p>Le ma\u00efs \u00e9tant une culture tr\u00e8s recherch\u00e9e, l\u2019industrie agricole mondiale en d\u00e9pend fortement. Cependant, alors que la concurrence devient encore plus intense sur le march\u00e9 du ma\u00efs en raison de l&#039;\u00e9volution des go\u00fbts et des demandes des clients, les entreprises de ce secteur doivent garder une longueur d&#039;avance en ayant une compr\u00e9hension approfondie de ces tendances.<\/p>\n\n\n\n<p>Par cons\u00e9quent, les \u00e9tudes de march\u00e9 sur le ma\u00efs sont un outil essentiel pour aider les entreprises \u00e0 prendre des d\u00e9cisions strat\u00e9giques, \u00e0 identifier de nouvelles opportunit\u00e9s et \u00e0 maximiser leur potentiel de croissance. En collectant et en analysant des donn\u00e9es sur l&#039;industrie du ma\u00efs, telles que le comportement des consommateurs, l&#039;activit\u00e9 des concurrents et les tendances du march\u00e9, les entreprises peuvent obtenir des informations pr\u00e9cieuses pour \u00e9clairer leurs strat\u00e9gies, am\u00e9liorer leurs offres de services et acc\u00e9l\u00e9rer la croissance de leurs revenus.<\/p>\n\n\n\n<h2 class=\"wp-block-heading p1\">Aper\u00e7u des produits d\u2019\u00e9tudes de march\u00e9 sur le ma\u00efs<\/h2>\n\n\n\n<h3 class=\"wp-block-heading p2\">Le ma\u00efs est une culture polyvalente avec de nombreuses utilisations, notamment l\u2019alimentation animale, l\u2019\u00e9thanol et les produits culinaires et industriels. Les trois cat\u00e9gories les plus importantes de produits \u00e0 base de ma\u00efs sont\u00a0:<\/h3>\n\n\n\n<p class=\"p2\"><strong>L&#039;alimentation animale<\/strong><\/p>\n\n\n\n<p class=\"p2\">Le ma\u00efs est le principal ingr\u00e9dient de l\u2019alimentation animale. La croissance d\u00e9mographique, les niveaux de revenus et les changements alimentaires affectent la demande d\u2019aliments pour animaux. Dans les pays en d\u00e9veloppement o\u00f9 la demande de viande et de produits laitiers augmente, la demande d\u2019aliments pour animaux devrait augmenter consid\u00e9rablement.<\/p>\n\n\n\n<p class=\"p2\"><strong>Biocarburant<\/strong><\/p>\n\n\n\n<p class=\"p2\">Le ma\u00efs est \u00e9galement une source importante de biocarburant \u00e9thanol, qui est fusionn\u00e9 avec l\u2019essence pour r\u00e9duire les \u00e9missions de carbone. Les mandats et incitations gouvernementaux, ainsi que les pr\u00e9occupations concernant le changement climatique et la s\u00e9curit\u00e9 \u00e9nerg\u00e9tique, stimulent la demande d&#039;\u00e9thanol.<span class=\"Apple-converted-space\">&nbsp;<\/span><\/p>\n\n\n\n<p class=\"p2\"><strong>Produits alimentaires<\/strong><\/p>\n\n\n\n<p class=\"p2\">Corn is utilized in a vast array of food products, including breakfast cereals, nibble foods, sweeteners, and cooking oil. Population growth, urbanization, and shifting dietary preferences all affect the demand for corn-based food products. Data and strategies in corn market <a href=\"https:\/\/www.sisinternational.com\/fr\/etude-de-marche-au-moyen-orient\/\" title=\"Etude de march\u00e9 au Moyen-Orient\"  data-wpil-monitor-id=\"7326\">recherche<\/a> show that in developing countries with an expanding middle class, the demand for processed and convenience foods is anticipated to increase.<\/p>\n\n\n\n<h2 class=\"wp-block-heading\">Aper\u00e7u du march\u00e9 et importance des \u00e9tudes de march\u00e9 sur le ma\u00efs<\/h2>\n\n\n\n<p>Le ma\u00efs est un produit mondial non seulement pour son utilisation dans la production alimentaire, mais aussi pour l&#039;alimentation animale, les biocarburants et les applications industrielles \u2013 et la demande pour toutes les formes de ce produit polyvalent est en constante augmentation. Mais le prix du ma\u00efs est vuln\u00e9rable aux fluctuations fr\u00e9quentes. changement climatique, influenc\u00e9 par une s\u00e9rie de forces externes, depuis les conditions m\u00e9t\u00e9orologiques et les rendements agricoles jusqu\u2019\u00e0 la dynamique de l\u2019offre et de la demande et aux politiques gouvernementales. Ces fluctuations du march\u00e9 peuvent avoir des implications majeures pour diverses industries, de la production alimentaire et de l&#039;\u00e9levage \u00e0 la fabrication d&#039;\u00e9thanol.<\/p>\n\n\n\n<p>Gr\u00e2ce aux \u00e9tudes de march\u00e9 sur le ma\u00efs, les entreprises restent inform\u00e9es et peuvent d\u00e9couvrir les derni\u00e8res tendances et s&#039;adapter aux besoins en constante \u00e9volution des consommateurs. Par exemple, une telle analyse peut r\u00e9v\u00e9ler que les clients recherchent de plus en plus de produits biologiques et sans OGM (organismes g\u00e9n\u00e9tiquement modifi\u00e9s).<\/p>\n\n\n\n<h2 class=\"wp-block-heading\">Opportunit\u00e9s d\u2019expansion du march\u00e9 du ma\u00efs<\/h2>\n\n\n\n<figure class=\"gb-block-image gb-block-image-dcb6181d\"><img loading=\"lazy\" decoding=\"async\" width=\"1456\" height=\"816\" class=\"gb-image gb-image-dcb6181d\" src=\"https:\/\/www.sisinternational.com\/wp-content\/uploads\/2025\/08\/Corn-4.jpg\" alt=\"\u00c9tudes de march\u00e9 et strat\u00e9gie internationales SIS\" title=\"Corn (4)\" srcset=\"https:\/\/www.sisinternational.com\/wp-content\/uploads\/2025\/08\/Corn-4.jpg 1456w, https:\/\/www.sisinternational.com\/wp-content\/uploads\/2025\/08\/Corn-4-300x168.jpg 300w, https:\/\/www.sisinternational.com\/wp-content\/uploads\/2025\/08\/Corn-4-1024x574.jpg 1024w, https:\/\/www.sisinternational.com\/wp-content\/uploads\/2025\/08\/Corn-4-768x430.jpg 768w, https:\/\/www.sisinternational.com\/wp-content\/uploads\/2025\/08\/Corn-4-18x10.jpg 18w\" sizes=\"auto, (max-width: 1456px) 100vw, 1456px\"><\/figure>\n\n\n\n<p><\/p>\n\n\n\n<p>Tirer parti des opportunit\u00e9s du march\u00e9 mondial du ma\u00efs peut \u00eatre un investissement lucratif pour les parties prenantes. En capitalisant sur ces opportunit\u00e9s, les entreprises non seulement resteront comp\u00e9titives et r\u00e9pondront \u00e0 la demande pour leurs produits, mais elles \u00e9largiront \u00e9galement leur port\u00e9e pour gagner davantage de parts de march\u00e9. Il offre \u00e9galement d&#039;autres opportunit\u00e9s telles que :<\/p>\n\n\n\n<ul class=\"wp-block-list\">\n<li><strong>D\u00e9veloppement de produits de ma\u00efs \u00e0 valeur ajout\u00e9e :<\/strong> Les entreprises ont la possibilit\u00e9 d\u2019ouvrir de nouveaux march\u00e9s et d\u2019\u00e9largir leurs sources de revenus en cr\u00e9ant des produits \u00e0 base de ma\u00efs \u00e0 valeur ajout\u00e9e. Il peut s&#039;agir de simples collations d\u00e9licieuses ou d&#039;ingr\u00e9dients plus complexes destin\u00e9s \u00e0 l&#039;industrie agroalimentaire, comme la farine sans gluten. En tirant parti des \u00e9tudes de march\u00e9 sur le ma\u00efs et en d\u00e9veloppant des articles innovants qui r\u00e9pondent aux tendances et pr\u00e9f\u00e9rences des consommateurs, les entreprises peuvent profiter de cette opportunit\u00e9 unique de croissance.<\/li>\n\n\n\n<li><strong>Expansion sur les march\u00e9s \u00e9mergents\u00a0:<\/strong> Businesses can expand their markets significantly by targeting emerging regions, especially in Asia-Pacific, Africa, and South America with the help of <a href=\"https:\/\/www.sisinternational.com\/fr\/couverture\/les-ameriques\/couverture-des-etats-unis\/etude-de-marche-au-dakota-du-sud\/\" title=\"\u00c9tude de march\u00e9 dans le Dakota du Sud\"  data-wpil-monitor-id=\"5474\">\u00e9tude de march\u00e9 du ma\u00efs<\/a>. This presents an awesome opportunity for business owners to focus on these areas as the demand for corn products increases, allowing them to grow their global presence while expanding their market share even further.<\/li>\n\n\n\n<li><strong>Collaboration avec les agriculteurs et coop\u00e9ratives locales :<\/strong> En unissant leurs forces avec les agriculteurs et les coop\u00e9ratives locales, les entreprises ouvrent leurs portes \u00e0 un monde de possibilit\u00e9s. Gr\u00e2ce \u00e0 une collaboration \u00e9troite avec la communaut\u00e9 agricole, les organisations peuvent garantir un acc\u00e8s stable \u00e0 l&#039;approvisionnement en ma\u00efs ainsi que des processus de gestion des cultures am\u00e9lior\u00e9s pour une production durable. De plus, ces partenariats peuvent aider les entreprises \u00e0 se conformer aux lois r\u00e9gionales, \u00e0 acc\u00e9der plus facilement \u00e0 de nouveaux march\u00e9s et \u00e0 d\u00e9velopper des relations durables au sein des communaut\u00e9s environnantes dans lesquelles elles sont \u00e9tablies.<\/li>\n\n\n\n<li><strong>Research and development in <a href=\"https:\/\/www.sisinternational.com\/fr\/competence\/les-industries\/etude-de-marche-du-metaverse\/\" title=\"\u00c9tude de march\u00e9 sur le m\u00e9taverse\"  data-wpil-monitor-id=\"4782\">corn<\/a> breeding and crop management:<\/strong> Investir dans des efforts de R&amp;D li\u00e9s \u00e0 la s\u00e9lection du ma\u00efs et \u00e0 la gestion des cultures peut rapporter de nombreux avantages, comme l\u2019\u00e9largissement du march\u00e9. En outre, la recherche sur des m\u00e9thodes agricoles avanc\u00e9es telles que l\u2019agriculture de pr\u00e9cision ou la biotechnologie pourrait aboutir \u00e0 des pratiques agricoles plus efficaces conduisant \u00e0 de meilleurs r\u00e9sultats de r\u00e9colte.<\/li>\n<\/ul>\n\n\n\n<h2 class=\"wp-block-heading\">Les d\u00e9fis du march\u00e9<\/h2>\n\n\n\n<p>Alors que le march\u00e9 du ma\u00efs continue de se d\u00e9velopper, offrant d\u2019innombrables opportunit\u00e9s aux parties prenantes, il reste quelques d\u00e9fis \u00e0 relever. Il est donc essentiel que les entreprises reconnaissent et comprennent ces obstacles afin de d\u00e9velopper des strat\u00e9gies efficaces qui les aident \u00e0 naviguer dans les complexit\u00e9s du march\u00e9 en plein essor du ma\u00efs.<\/p>\n\n\n\n<ul class=\"wp-block-list\">\n<li><strong>Fluctuations des prix du ma\u00efs :<\/strong> Les acteurs du march\u00e9 du ma\u00efs sont continuellement confront\u00e9s \u00e0 un d\u00e9fi de taille : l\u2019incertitude des prix du ma\u00efs. Cette variabilit\u00e9 est principalement caus\u00e9e par des facteurs tels que l\u2019offre et la demande mondiales, les conditions climatiques et les tensions g\u00e9opolitiques. Il est difficile de pr\u00e9dire les b\u00e9n\u00e9fices potentiels ou d\u2019\u00e9laborer des tactiques commerciales face \u00e0 ces fluctuations de prix volatiles.<\/li>\n\n\n\n<li><strong>Le changement climatique et son impact sur la production de ma\u00efs :<\/strong> Le changement climatique pourrait r\u00e9duire consid\u00e9rablement les r\u00e9coltes de ma\u00efs et, par cons\u00e9quent, avoir de graves cons\u00e9quences sur les rendements mondiaux. Des \u00e9tudes indiquent que m\u00eame des changements mineurs dans les conditions m\u00e9t\u00e9orologiques peuvent entra\u00eener une diminution de la production de ma\u00efs en raison d&#039;\u00e9v\u00e9nements extr\u00eames tels que les inondations, les s\u00e9cheresses et les vagues de chaleur.<\/li>\n\n\n\n<li><strong>Des r\u00e9glementations strictes sur les OGM et l\u2019utilisation des pesticides\u00a0:<\/strong> Alors que de plus en plus de personnes prennent conscience des dangers que repr\u00e9sentent les OGM, les pesticides de synth\u00e8se et d\u2019autres substances pour l\u2019environnement et la sant\u00e9 humaine, des r\u00e9glementations ont d\u00fb \u00eatre mises en place. Malheureusement pour les entreprises impliqu\u00e9es dans le march\u00e9 du ma\u00efs, se conformer \u00e0 ces r\u00e8gles peut s\u2019av\u00e9rer une t\u00e2che ardue. Non seulement ils doivent modifier leurs techniques de production, mais \u00e9galement investir dans des vari\u00e9t\u00e9s de ma\u00efs sans OGM ou utiliser des strat\u00e9gies alternatives de lutte antiparasitaire. Cependant, les \u00e9tudes de march\u00e9 sur le ma\u00efs peuvent aider les entreprises \u00e0 comprendre les r\u00e9glementations les plus r\u00e9centes du secteur.<\/li>\n<\/ul>\n\n\n\n<h2 class=\"wp-block-heading p1\">M\u00e9thodes de recherche sur le march\u00e9 du ma\u00efs<\/h2>\n\n\n\n<figure class=\"gb-block-image gb-block-image-988ea680\"><img loading=\"lazy\" decoding=\"async\" width=\"1456\" height=\"816\" class=\"gb-image gb-image-988ea680\" src=\"https:\/\/www.sisinternational.com\/wp-content\/uploads\/2025\/08\/Corn-3.jpg\" alt=\"\u00c9tudes de march\u00e9 et strat\u00e9gie internationales SIS\" title=\"Corn (3)\" srcset=\"https:\/\/www.sisinternational.com\/wp-content\/uploads\/2025\/08\/Corn-3.jpg 1456w, https:\/\/www.sisinternational.com\/wp-content\/uploads\/2025\/08\/Corn-3-300x168.jpg 300w, https:\/\/www.sisinternational.com\/wp-content\/uploads\/2025\/08\/Corn-3-1024x574.jpg 1024w, https:\/\/www.sisinternational.com\/wp-content\/uploads\/2025\/08\/Corn-3-768x430.jpg 768w, https:\/\/www.sisinternational.com\/wp-content\/uploads\/2025\/08\/Corn-3-18x10.jpg 18w\" sizes=\"auto, (max-width: 1456px) 100vw, 1456px\"><\/figure>\n\n\n\n<p><\/p>\n\n\n\n<p class=\"p2\">It&#8217;s crucial to employ the right research techniques when performing the study in order to collect precise data and strategies in <a href=\"https:\/\/www.sisinternational.com\/fr\/competence\/les-industries\/q-etude-de-marche-commerciale\/\" title=\"\u00c9tude de march\u00e9 Q-Commerce\"  data-wpil-monitor-id=\"4824\">corn<\/a> market research.<span class=\"Apple-converted-space\">&nbsp; <\/span>Voici quelques-unes des principales techniques de recherche\u00a0:<\/p>\n\n\n\n<p class=\"p2\">Quantitatif <a href=\"https:\/\/www.sisinternational.com\/fr\/competence\/les-industries\/etude-de-marche-sur-la-resine\/\" title=\"\u00c9tude de march\u00e9 sur la r\u00e9sine\"  data-wpil-monitor-id=\"3203\">research methods in corn market<\/a> research involve the use of numerical data to measure and analyze different aspects of the industry. Here are some of the most common quantitative <a href=\"https:\/\/www.sisinternational.com\/fr\/competence\/les-industries\/etude-de-marche-sur-le-web-scraping\/\" title=\"\u00c9tude de march\u00e9 sur le grattage Web\"  data-wpil-monitor-id=\"3224\">research methods used in corn market<\/a> research, along with specific examples:<\/p>\n\n\n\n<ul class=\"wp-block-list ul1\">\n<li>Les enqu\u00eates consistent \u00e0 poser des questions particuli\u00e8res \u00e0 un \u00e9chantillon important de la population. Par exemple, une enqu\u00eate peut \u00eatre utilis\u00e9e pour comprendre la demande pour divers produits \u00e0 base de ma\u00efs ou pour identifier les variables qui affectent les d\u00e9cisions d&#039;achat des consommateurs.<\/li>\n\n\n\n<li>Les exp\u00e9riences sont fr\u00e9quemment utilis\u00e9es pour \u00e9valuer l\u2019efficacit\u00e9 de nouveaux produits \u00e0 base de ma\u00efs, de proc\u00e9d\u00e9s de fabrication ou de plans de commercialisation. Par exemple, un test pourrait \u00eatre effectu\u00e9 pour voir dans quelle mesure une nouvelle technique de protection des cultures affecte les rendements du ma\u00efs.<\/li>\n\n\n\n<li>L\u2019analyse statistique est une approche efficace pour analyser les donn\u00e9es quantitatives dans les \u00e9tudes de march\u00e9 sur le ma\u00efs. Afin de trouver des mod\u00e8les et des tendances, des approches statistiques doivent \u00eatre utilis\u00e9es pour analyser des ensembles de donn\u00e9es massifs. Par exemple, l\u2019analyse statistique pourrait \u00eatre utilis\u00e9e pour identifier les variables qui affectent le prix du ma\u00efs ou projeter la demande future de produits \u00e0 base de ma\u00efs.<\/li>\n\n\n\n<li>UN <a href=\"https:\/\/www.sisinternational.com\/fr\/universite-taylor\/\" title=\"\u00c9tude de march\u00e9 sur les programmes universitaires\"  data-wpil-monitor-id=\"6268\">case study<\/a> is an in-depth analysis of a particular condition or pattern in the grain market. For instance, it could be carried out to examine how government policies have affected the corn sector in a particular area or to comprehend the dynamics of the corn industry&#8217;s supply chain.<\/li>\n\n\n\n<li>L\u2019identification de l\u2019association entre deux ou plusieurs facteurs du march\u00e9 du ma\u00efs est l\u2019objectif de l\u2019analyse de corr\u00e9lation. Par exemple, l\u2019analyse de corr\u00e9lation pourrait \u00eatre utilis\u00e9e pour comprendre le lien entre les conditions m\u00e9t\u00e9orologiques et les rendements du ma\u00efs ou pour identifier les variables affectant les prix des produits \u00e0 base de ma\u00efs.<\/li>\n<\/ul>\n\n\n\n<p class=\"p2\">Qualitatif <a href=\"https:\/\/www.sisinternational.com\/fr\/couverture\/les-ameriques\/etude-de-marche-dans-les-caraibes\/etude-de-marche-montserrat\/\" title=\"Etude de march\u00e9 \u00e0 Montserrat\"  data-wpil-monitor-id=\"3246\">research methods in corn market<\/a> research involve the collection and analysis of non-numerical data, such as opinions, attitudes, and beliefs. Here are some of the most common qualitative <a href=\"https:\/\/www.sisinternational.com\/fr\/couverture\/les-ameriques\/etude-de-marche-en-amerique-latine\/etude-de-marche-a-rio-de-janeiro\/\" title=\"Etude de march\u00e9 \u00e0 Rio de Janeiro\"  data-wpil-monitor-id=\"3273\">research methods used in corn market<\/a> research, along with specific examples:<\/p>\n\n\n\n<ul class=\"wp-block-list ul1\">\n<li>Observation et documentation syst\u00e9matiques des actions et interactions au sein de l&#039;industrie du ma\u00efs. Par exemple, des observations pourraient \u00eatre effectu\u00e9es pour comprendre la production de ma\u00efs ou pour rep\u00e9rer les inefficacit\u00e9s de la cha\u00eene d\u2019approvisionnement.<\/li>\n\n\n\n<li>UN <a href=\"https:\/\/www.sisinternational.com\/fr\/ameliorer-la-penetration-du-marche-grace-a-un-plan-marketing-complet\/\" title=\"Am\u00e9liorer la p\u00e9n\u00e9tration du march\u00e9 gr\u00e2ce \u00e0 un plan marketing complet\"  data-wpil-monitor-id=\"6543\">case study<\/a> is an in-depth examination of a particular circumstance or pattern in the grain market. For instance, a case study could be carried out to examine how government policies have affected the corn sector in a particular area or to comprehend the dynamics of the corn industry&#8217;s supply chain.<\/li>\n\n\n\n<li>Lors des entretiens, un \u00e9chantillon plus restreint de personnes connaissant l&#039;industrie du ma\u00efs, telles que des agriculteurs, des transformateurs ou des distributeurs, sont interrog\u00e9s en profondeur. Des entretiens peuvent \u00eatre r\u00e9alis\u00e9s, par exemple, pour conna\u00eetre les difficult\u00e9s rencontr\u00e9es par les producteurs de ma\u00efs ou pour rep\u00e9rer des march\u00e9s potentiels pour de nouveaux produits \u00e0 base de ma\u00efs.<\/li>\n\n\n\n<li>L&#039;analyse du contenu implique l&#039;examen m\u00e9thodique de donn\u00e9es \u00e9crites ou visuelles, telles que des publications sur les r\u00e9seaux sociaux ou des publicit\u00e9s. Par exemple, l\u2019analyse de contenu pourrait \u00eatre utilis\u00e9e pour examiner les commentaires des clients sur les produits \u00e0 base de ma\u00efs ou pour comprendre le sens des efforts de marketing des produits \u00e0 base de ma\u00efs.<\/li>\n<\/ul>\n\n\n\n<h2 class=\"wp-block-heading\">Perspectives et projections futures<\/h2>\n\n\n\n<p>L\u2019avenir du march\u00e9 mondial du ma\u00efs s\u2019annonce prometteur, avec des tendances actuelles et des opportunit\u00e9s potentielles offrant de nombreuses possibilit\u00e9s aux acteurs du march\u00e9 avertis. En prenant de l\u2019avance sur les nouvelles connaissances dans ce secteur, les chefs d\u2019entreprise peuvent mieux se positionner pour tirer parti des d\u00e9bouch\u00e9s rentables du secteur.<\/p>\n\n\n\n<ul class=\"wp-block-list\">\n<li><strong>Impact des tendances en cours sur le march\u00e9 du ma\u00efs :<\/strong> The global corn market is likely to experience immense progress due to the increasing public interest in <a href=\"https:\/\/www.sisinternational.com\/fr\/agriculture-durable-2\/\" title=\"\u00c9tude de march\u00e9 sur l\u2019agriculture durable\"  data-wpil-monitor-id=\"2434\">agriculture durable<\/a> practices, non-GMO products, and cutting-edge agricultural technologies. All of these advancements will lead to higher crop yields, more opportunities for growth within the industry, and greater innovation.<\/li>\n\n\n\n<li><strong>Menaces et opportunit\u00e9s potentielles\u00a0:<\/strong> Corn market research reveals that businesses facing potential threats like climate change, corn pricing fluctuations, and regulatory difficulties can be daunting. But they also bring possibilities for innovators to conduct research and development as well as utilize fresh technologies and practices that could bolster the sustainability of the <a href=\"https:\/\/www.sisinternational.com\/fr\/competence\/les-industries\/etude-de-marche-du-vide\/\" title=\"\u00c9tude de march\u00e9 sur le vide\"  data-wpil-monitor-id=\"4855\">corn<\/a> market.<\/li>\n\n\n\n<li><strong>Croissance pr\u00e9vue du march\u00e9 et variations r\u00e9gionales\u00a0:<\/strong> Le march\u00e9 mondial du ma\u00efs devrait conna\u00eetre une croissance bas\u00e9e sur divers facteurs, tels que la croissance d\u00e9mographique, le besoin croissant de ma\u00efs dans plusieurs industries et les initiatives gouvernementales qui favorisent sa production. Toutefois, les diff\u00e9rences r\u00e9gionales ne doivent pas \u00eatre n\u00e9glig\u00e9es ; Les march\u00e9s \u00e9mergents comme l\u2019Asie-Pacifique, l\u2019Afrique et l\u2019Am\u00e9rique du Sud ont un immense potentiel en raison de l\u2019augmentation de la classe moyenne avec des revenus disponibles plus \u00e9lev\u00e9s.<\/li>\n<\/ul>\n\n\n\n<h2 class=\"wp-block-heading p1\">\u00c0 propos des \u00e9tudes de march\u00e9 sur le ma\u00efs<\/h2>\n\n\n\n<p class=\"p2\">Les \u00e9tudes de march\u00e9 fournissent des informations aux principaux acteurs de l\u2019industrie afin qu\u2019ils puissent mieux comprendre les tendances du march\u00e9, le comportement des clients et la dynamique concurrentielle affectant le secteur du ma\u00efs. Une \u00e9tude de march\u00e9 coh\u00e9rente peut aider les parties prenantes \u00e0 faire des choix judicieux concernant les strat\u00e9gies de production, de tarification, de marketing et de distribution qui peuvent am\u00e9liorer leur comp\u00e9titivit\u00e9 sur le march\u00e9. De plus, les donn\u00e9es et les strat\u00e9gies des \u00e9tudes de march\u00e9 du ma\u00efs peuvent aider \u00e0 rep\u00e9rer les opportunit\u00e9s d&#039;innovation et d&#039;expansion, telles que de nouvelles conceptions de marchandises ou d&#039;emballages capables de s&#039;adapter \u00e0 l&#039;\u00e9volution des go\u00fbts des consommateurs ou des techniques de production de pointe susceptibles d&#039;augmenter la productivit\u00e9 et la durabilit\u00e9. Les \u00e9tudes de march\u00e9 sur le ma\u00efs sont un outil essentiel permettant aux acteurs de l\u2019industrie de se tenir au courant des tendances du march\u00e9 et des nouvelles opportunit\u00e9s d\u2019innovation et d\u2019expansion.<\/p>\n\n\n\n<p>SIS International propose des recherches quantitatives, qualitatives et strat\u00e9giques. Nous fournissons des donn\u00e9es, des outils, des strat\u00e9gies, des rapports et des informations pour la prise de d\u00e9cision. Nous menons des entretiens, des enqu\u00eates, des groupes de discussion et de nombreuses autres m\u00e9thodes et approches d&#039;\u00e9tudes de march\u00e9. Contactez-nous pour votre prochain projet d&#039;\u00e9tude de march\u00e9.<\/p>\n\n\n\n<p><\/p>","protected":false},"excerpt":{"rendered":"<p>Le ma\u00efs est un produit mondial non seulement pour son utilisation dans la production alimentaire, mais \u00e9galement pour l&#039;alimentation animale, les biocarburants et les applications industrielles.<\/p>","protected":false},"author":1,"featured_media":64259,"parent":22018,"menu_order":235,"comment_status":"closed","ping_status":"closed","template":"","meta":{"footnotes":""},"class_list":["post-42293","page","type-page","status-publish","has-post-thumbnail"],"_links":{"self":[{"href":"https:\/\/www.sisinternational.com\/fr\/wp-json\/wp\/v2\/pages\/42293","targetHints":{"allow":["GET"]}}],"collection":[{"href":"https:\/\/www.sisinternational.com\/fr\/wp-json\/wp\/v2\/pages"}],"about":[{"href":"https:\/\/www.sisinternational.com\/fr\/wp-json\/wp\/v2\/types\/page"}],"author":[{"embeddable":true,"href":"https:\/\/www.sisinternational.com\/fr\/wp-json\/wp\/v2\/users\/1"}],"replies":[{"embeddable":true,"href":"https:\/\/www.sisinternational.com\/fr\/wp-json\/wp\/v2\/comments?post=42293"}],"version-history":[{"count":16,"href":"https:\/\/www.sisinternational.com\/fr\/wp-json\/wp\/v2\/pages\/42293\/revisions"}],"predecessor-version":[{"id":80973,"href":"https:\/\/www.sisinternational.com\/fr\/wp-json\/wp\/v2\/pages\/42293\/revisions\/80973"}],"up":[{"embeddable":true,"href":"https:\/\/www.sisinternational.com\/fr\/wp-json\/wp\/v2\/pages\/22018"}],"wp:featuredmedia":[{"embeddable":true,"href":"https:\/\/www.sisinternational.com\/fr\/wp-json\/wp\/v2\/media\/64259"}],"wp:attachment":[{"href":"https:\/\/www.sisinternational.com\/fr\/wp-json\/wp\/v2\/media?parent=42293"}],"curies":[{"name":"wp","href":"https:\/\/api.w.org\/{rel}","templated":true}]}}