{"id":42283,"date":"2023-04-11T16:21:46","date_gmt":"2023-04-11T20:21:46","guid":{"rendered":"https:\/\/www.sisinternational.com\/?page_id=42283"},"modified":"2026-01-27T16:48:52","modified_gmt":"2026-01-27T21:48:52","slug":"etude-de-marche-du-butane","status":"publish","type":"page","link":"https:\/\/www.sisinternational.com\/fr\/competence\/etude-de-marche-du-butane\/","title":{"rendered":"\u00c9tude de march\u00e9 sur le butane"},"content":{"rendered":"<h1 class=\"wp-block-heading\">\u00c9tude de march\u00e9 sur le butane<\/h1>\n\n\n\n<figure class=\"gb-block-image gb-block-image-40b83240\"><img loading=\"lazy\" decoding=\"async\" width=\"1456\" height=\"816\" class=\"gb-image gb-image-40b83240\" src=\"https:\/\/www.sisinternational.com\/wp-content\/uploads\/2025\/08\/Butane-4.jpg\" alt=\"\u00c9tudes de march\u00e9 et strat\u00e9gie internationales SIS\" title=\"Butane (4)\" srcset=\"https:\/\/www.sisinternational.com\/wp-content\/uploads\/2025\/08\/Butane-4.jpg 1456w, https:\/\/www.sisinternational.com\/wp-content\/uploads\/2025\/08\/Butane-4-300x168.jpg 300w, https:\/\/www.sisinternational.com\/wp-content\/uploads\/2025\/08\/Butane-4-1024x574.jpg 1024w, https:\/\/www.sisinternational.com\/wp-content\/uploads\/2025\/08\/Butane-4-768x430.jpg 768w, https:\/\/www.sisinternational.com\/wp-content\/uploads\/2025\/08\/Butane-4-18x10.jpg 18w\" sizes=\"auto, (max-width: 1456px) 100vw, 1456px\"><\/figure>\n\n\n\n<p><\/p>\n\n\n\n<p>Le march\u00e9 du butane est un \u00e9l\u00e9ment essentiel de la structure \u00e9nerg\u00e9tique mondiale, et la demande de butane a connu une croissance exponentielle dans le monde en raison du nombre croissant de clients de diff\u00e9rents secteurs. En cons\u00e9quence, aujourd\u2019hui, les \u00e9tudes de march\u00e9 sur le butane sont essentielles pour rester au courant des tendances actuelles et obtenir des informations pr\u00e9cieuses sur cette industrie, notamment ses d\u00e9fis, ses opportunit\u00e9s, ses perspectives d\u2019avenir, ses nouvelles technologies, entre autres facteurs.<\/p>\n\n\n\n<h2 class=\"wp-block-heading\">Importance de mener une \u00e9tude de march\u00e9 sur le butane<\/h2>\n\n\n\n<p>L\u2019\u00e9tude de march\u00e9 sur le butane est cruciale pour une prise de d\u00e9cision efficace. Il fournit les informations n\u00e9cessaires sur les tendances actuelles, les difficult\u00e9s et les perspectives que les organisations peuvent utiliser pour cr\u00e9er ou affiner leurs strat\u00e9gies commerciales. Gr\u00e2ce \u00e0 ces donn\u00e9es, les entreprises peuvent dynamiser leur processus de prise de d\u00e9cision et avancer avec confiance et orientation.<\/p>\n\n\n\n<p>En outre, les \u00e9tudes de march\u00e9 sur le butane aident les entreprises \u00e0 d\u00e9couvrir leurs principaux concurrents et \u00e0 comprendre la taille de leur part de march\u00e9. En obtenant ces informations sur le paysage concurrentiel, les entreprises peuvent r\u00e9ussir dans un environnement hautement concurrentiel avec des acteurs cl\u00e9s tels qu&#039;ExxonMobil, British Petroleum, Royal Dutch Shell et Chevron, entre autres.<\/p>\n\n\n\n<p>De m\u00eame, la r\u00e9alisation d\u2019\u00e9tudes de march\u00e9 permet aux entreprises de comprendre les pr\u00e9f\u00e9rences des clients, les caract\u00e9ristiques des produits et les prix. Cela permet aux acteurs du march\u00e9 de personnaliser leurs offres plus efficacement, conduisant non seulement \u00e0 une meilleure satisfaction mais \u00e9galement \u00e0 une meilleure fid\u00e9lisation des clients \u00e0 long terme.<\/p>\n\n\n\n<h2 class=\"wp-block-heading\">Tendances et facteurs cl\u00e9s<\/h2>\n\n\n\n<figure class=\"gb-block-image gb-block-image-6131841b\"><img loading=\"lazy\" decoding=\"async\" width=\"1456\" height=\"816\" class=\"gb-image gb-image-6131841b\" src=\"https:\/\/www.sisinternational.com\/wp-content\/uploads\/2025\/08\/Butane-2.jpg\" alt=\"\u00c9tudes de march\u00e9 et strat\u00e9gie internationales SIS\" title=\"Butane (2)\" srcset=\"https:\/\/www.sisinternational.com\/wp-content\/uploads\/2025\/08\/Butane-2.jpg 1456w, https:\/\/www.sisinternational.com\/wp-content\/uploads\/2025\/08\/Butane-2-300x168.jpg 300w, https:\/\/www.sisinternational.com\/wp-content\/uploads\/2025\/08\/Butane-2-1024x574.jpg 1024w, https:\/\/www.sisinternational.com\/wp-content\/uploads\/2025\/08\/Butane-2-768x430.jpg 768w, https:\/\/www.sisinternational.com\/wp-content\/uploads\/2025\/08\/Butane-2-18x10.jpg 18w\" sizes=\"auto, (max-width: 1456px) 100vw, 1456px\"><\/figure>\n\n\n\n<p><\/p>\n\n\n\n<h3 class=\"wp-block-heading\">Plusieurs tendances et facteurs cl\u00e9s fa\u00e7onnent aujourd\u2019hui le march\u00e9 du butane, notamment\u00a0:<\/h3>\n\n\n\n<ul class=\"wp-block-list\">\n<li>Elle est propuls\u00e9e par la demande croissante de gaz de p\u00e9trole liqu\u00e9fi\u00e9 (GPL) dans les \u00e9conomies \u00e9mergentes, principalement dans la r\u00e9gion Asie-Pacifique et en Afrique. Le GPL a de multiples applications telles que le chauffage, la cuisine et le transport, ce qui en fait aujourd\u2019hui un produit crucial pour plusieurs pays.<\/li>\n\n\n\n<li>The petrochemical industry&#8217;s growth is largely due to the surging demand for Butane-derived chemicals such as Ethylene, Propylene, and Butadiene. These products are vital in industries like automotive and construction, hence fueling the expansion of the <a href=\"https:\/\/www.sisinternational.com\/fr\/competence\/les-industries\/etude-de-marche-sur-le-transport-de-carburant\/\" title=\"\u00c9tude de march\u00e9 sur le transport de carburant\"  data-wpil-monitor-id=\"3362\">\u00e9tude de march\u00e9 du butane<\/a> even further.<\/li>\n\n\n\n<li>La transition vers une source d\u2019\u00e9nergie plus verte et plus durable est in\u00e9vitable. Par cons\u00e9quent, le march\u00e9 du butane est confront\u00e9 \u00e0 la concurrence de sources renouvelables telles que l\u2019\u00e9nergie solaire et \u00e9olienne \u2013 et les gouvernements du monde entier adoptent des r\u00e9glementations plus strictes qui favorisent les sources d\u2019\u00e9nergie plus propres. Cela aura probablement des cons\u00e9quences consid\u00e9rables sur le march\u00e9 du butane, notamment en ce qui concerne la demande de GPL et de produits p\u00e9trochimiques.<\/li>\n\n\n\n<li>Booming economies across Asia Pacific, Africa, and the <a href=\"https:\/\/www.sisinternational.com\/fr\/etude-de-marche-au-moyen-orient\/\" title=\"Etude de march\u00e9 au Moyen-Orient\"  data-wpil-monitor-id=\"2923\">Moyen-Orient<\/a> are showing more interest in Butane market research as their markets grow. With companies investing heavily in new production sites and distribution networks, these locations are projected to be a key driving force behind the global growth of the Butane market in upcoming years.<\/li>\n\n\n\n<li>La technologie appara\u00eet comme un domaine d\u2019exploration critique pour les \u00e9tudes de march\u00e9 sur le butane, en particulier dans les domaines de la production, du stockage et du transport. Les entreprises recherchent activement des moyens de tirer parti des nouvelles technologies susceptibles d\u2019augmenter les niveaux d\u2019efficacit\u00e9 tout en r\u00e9duisant les co\u00fbts et en am\u00e9liorant les normes de s\u00e9curit\u00e9 li\u00e9es \u00e0 la manipulation de cet hydrocarbure.<\/li>\n<\/ul>\n\n\n\n<h2 class=\"wp-block-heading\">Opportunit\u00e9s d\u2019\u00e9tudes de march\u00e9 sur le butane<\/h2>\n\n\n\n<ul class=\"wp-block-list\">\n<li>Gr\u00e2ce \u00e0 des \u00e9tudes de march\u00e9 compl\u00e8tes sur le butane, les entreprises peuvent d\u00e9couvrir et capitaliser sur des opportunit\u00e9s de croissance rentables, telles que la d\u00e9couverte de nouveaux march\u00e9s ou de nouvelles gammes de produits pour diversifier leur portefeuille.<\/li>\n\n\n\n<li>Gr\u00e2ce aux \u00e9tudes de march\u00e9, les entreprises peuvent obtenir des informations pr\u00e9cieuses sur leur paysage concurrentiel. Ces informations d\u00e9taill\u00e9es aident les organisations \u00e0 d\u00e9velopper des strat\u00e9gies sur mesure telles que des plans tarifaires et des tactiques promotionnelles qui les diff\u00e9rencieront de leurs concurrents.<\/li>\n\n\n\n<li>Gr\u00e2ce aux \u00e9tudes de march\u00e9 sur le butane, les entreprises peuvent acc\u00e9der \u00e0 des informations inestimables sur les clients \u2013 des caract\u00e9ristiques des produits aux prix et \u00e0 l&#039;emballage. Cela permet non seulement aux entreprises de personnaliser leurs offres pour r\u00e9pondre aux demandes des clients, mais contribue \u00e9galement \u00e0 \u00e9tablir un niveau de satisfaction plus \u00e9lev\u00e9 ainsi qu&#039;\u00e0 accro\u00eetre la croissance des ventes.<\/li>\n\n\n\n<li>Il aide les entreprises \u00e0 identifier et \u00e0 comprendre les tendances, les probl\u00e8mes et les opportunit\u00e9s afin de prendre de meilleures d\u00e9cisions concernant leur strat\u00e9gie afin de minimiser les risques lorsqu&#039;il s&#039;agit d&#039;investir dans des march\u00e9s, des produits ou des technologies qui peuvent ne pas g\u00e9n\u00e9rer de retour sur investissement (ROI).<\/li>\n\n\n\n<li>Les entreprises peuvent s\u2019\u00e9tablir en tant qu\u2019experts du secteur du butane en s\u2019engageant aupr\u00e8s des clients et en r\u00e9alisant des \u00e9tudes de march\u00e9.<\/li>\n<\/ul>\n\n\n\n<h2 class=\"wp-block-heading\">Les d\u00e9fis du march\u00e9 du butane<\/h2>\n\n\n\n<figure class=\"gb-block-image gb-block-image-e3d1eb3e\"><img loading=\"lazy\" decoding=\"async\" width=\"1456\" height=\"816\" class=\"gb-image gb-image-e3d1eb3e\" src=\"https:\/\/www.sisinternational.com\/wp-content\/uploads\/2025\/08\/Butane-3.jpg\" alt=\"\u00c9tudes de march\u00e9 et strat\u00e9gie internationales SIS\" title=\"Butane (3)\" srcset=\"https:\/\/www.sisinternational.com\/wp-content\/uploads\/2025\/08\/Butane-3.jpg 1456w, https:\/\/www.sisinternational.com\/wp-content\/uploads\/2025\/08\/Butane-3-300x168.jpg 300w, https:\/\/www.sisinternational.com\/wp-content\/uploads\/2025\/08\/Butane-3-1024x574.jpg 1024w, https:\/\/www.sisinternational.com\/wp-content\/uploads\/2025\/08\/Butane-3-768x430.jpg 768w, https:\/\/www.sisinternational.com\/wp-content\/uploads\/2025\/08\/Butane-3-18x10.jpg 18w\" sizes=\"auto, (max-width: 1456px) 100vw, 1456px\"><\/figure>\n\n\n\n<ul class=\"wp-block-list\">\n<li>Le commerce du butane dispose d\u2019un r\u00e9seau d\u2019approvisionnement complexe, ce qui rend difficile l\u2019obtention de donn\u00e9es pr\u00e9cises sur la production, la circulation et les co\u00fbts. Cela peut entra\u00eener des disparit\u00e9s dans les donn\u00e9es de march\u00e9, compliquant ainsi le processus permettant de parvenir \u00e0 des conclusions \u00e9clair\u00e9es \u00e0 des fins commerciales.<\/li>\n\n\n\n<li>Le secteur du butane est influenc\u00e9 par un large \u00e9ventail de r\u00e9glementations et de politiques, qui peuvent diff\u00e9rer d&#039;un march\u00e9 \u00e0 l&#039;autre. Cela rend souvent difficile pour les cabinets de conseil de s\u2019orienter dans cet environnement juridique complexe. Par cons\u00e9quent, les entreprises travaillant dans ce secteur doivent trouver des moyens de surmonter avec succ\u00e8s ces barri\u00e8res r\u00e9glementaires pour rester comp\u00e9titives.<\/li>\n\n\n\n<li>Avec les prix en constante \u00e9volution du butane et de ses d\u00e9riv\u00e9s, il peut \u00eatre difficile pour les entreprises de d\u00e9terminer la demande future et de prendre des d\u00e9cisions strat\u00e9giques. La volatilit\u00e9 peut \u00e9galement cr\u00e9er une incertitude dans leur planification de march\u00e9.<\/li>\n\n\n\n<li>Le progr\u00e8s technologique est une caract\u00e9ristique constante du march\u00e9 du butane, notamment pour le GPL et la p\u00e9trochimie. Faire face \u00e0 ces changements peut \u00eatre intimidant pour les petites entreprises, qui peuvent manquer de ressources pour investir dans des outils de pointe.<\/li>\n<\/ul>\n\n\n\n<h2 class=\"wp-block-heading\">Perspectives d&#039;avenir<\/h2>\n\n\n\n<h3 class=\"wp-block-heading\">Le march\u00e9 du butane devrait cro\u00eetre dans les ann\u00e9es \u00e0 venir, sous l\u2019effet de divers facteurs, notamment les suivants\u00a0:<\/h3>\n\n\n\n<figure class=\"gb-block-image gb-block-image-c41dc4b9\"><img loading=\"lazy\" decoding=\"async\" width=\"1456\" height=\"816\" class=\"gb-image gb-image-c41dc4b9\" src=\"https:\/\/www.sisinternational.com\/wp-content\/uploads\/2025\/08\/Butane-1.jpg\" alt=\"\u00c9tudes de march\u00e9 et strat\u00e9gie internationales SIS\" title=\"Butane (1)\" srcset=\"https:\/\/www.sisinternational.com\/wp-content\/uploads\/2025\/08\/Butane-1.jpg 1456w, https:\/\/www.sisinternational.com\/wp-content\/uploads\/2025\/08\/Butane-1-300x168.jpg 300w, https:\/\/www.sisinternational.com\/wp-content\/uploads\/2025\/08\/Butane-1-1024x574.jpg 1024w, https:\/\/www.sisinternational.com\/wp-content\/uploads\/2025\/08\/Butane-1-768x430.jpg 768w, https:\/\/www.sisinternational.com\/wp-content\/uploads\/2025\/08\/Butane-1-18x10.jpg 18w\" sizes=\"auto, (max-width: 1456px) 100vw, 1456px\"><\/figure>\n\n\n\n<ul class=\"wp-block-list\">\n<li>As the need for petrochemicals expands, the demand for butane market research will rise accordingly to meet this growing requirement. Petrochemicals have a variety of applications that span from plastics and <a class=\"wpil_keyword_link\" href=\"https:\/\/www.sisinternational.com\/fr\/competence\/les-industries\/etudes-de-marche-sur-les-peintures-les-revetements-et-les-encres-dimprimerie\/\"   title=\"\u00c9tudes de march\u00e9 sur les peintures, rev\u00eatements et encres d\u2019imprimerie\" data-wpil-keyword-link=\"linked\"  data-wpil-monitor-id=\"377\">paints<\/a> to textiles and beyond. Therefore, an increased demand for butane is expected as its necessity increases within the petrochemical industry.<\/li>\n\n\n\n<li>\u00c0 mesure que la population mondiale augmente, en particulier dans les pays en d\u00e9veloppement, la demande de GPL devrait augmenter. Cette demande croissante entra\u00eenera une augmentation significative des \u00e9tudes de march\u00e9 sur le butane, car le butane est l\u2019un des principaux composants du GPL.<\/li>\n\n\n\n<li>To foster a more sustainable butane market, companies are actively exploring the latest technologies and processes to lessen emissions and enhance sustainability. This shift towards greater sustainability is projected to continue and impact the <a href=\"https:\/\/www.sisinternational.com\/fr\/les-biocarburants-dans-lindustrie-aerienne\/\" title=\"\u00c9tude de march\u00e9 sur la durabilit\u00e9 des compagnies a\u00e9riennes\"  data-wpil-monitor-id=\"6848\">\u00e9tude de march\u00e9 du butane<\/a> in forthcoming years.<\/li>\n\n\n\n<li>The butane market <a href=\"https:\/\/www.sisinternational.com\/fr\/marche-des-produits-de-grande-consommation-au-vietnam\/\" title=\"March\u00e9 des produits de grande consommation au Vietnam\"  data-wpil-monitor-id=\"7595\">recherche<\/a> is projected to skyrocket in emerging markets, particularly those situated in the Asia Pacific, Africa, and Middle East regions. Thus, companies are investing heavily in new production facilities as well as broadening their distribution channels.<\/li>\n<\/ul>\n\n\n\n<p>SIS International propose des recherches quantitatives, qualitatives et strat\u00e9giques. Nous fournissons des donn\u00e9es, des outils, des strat\u00e9gies, des rapports et des informations pour la prise de d\u00e9cision. Nous menons des entretiens, des enqu\u00eates, des groupes de discussion et de nombreuses autres m\u00e9thodes et approches d&#039;\u00e9tudes de march\u00e9. Contactez-nous pour votre prochain projet d&#039;\u00e9tude de march\u00e9.<\/p>\n\n\n\n<p><\/p>","protected":false},"excerpt":{"rendered":"<p>Le march\u00e9 du butane est un \u00e9l\u00e9ment essentiel de la structure \u00e9nerg\u00e9tique mondiale et la demande de butane conna\u00eet une croissance exponentielle dans le monde entier.<\/p>","protected":false},"author":1,"featured_media":63925,"parent":14514,"menu_order":234,"comment_status":"closed","ping_status":"closed","template":"","meta":{"footnotes":""},"class_list":["post-42283","page","type-page","status-publish","has-post-thumbnail"],"_links":{"self":[{"href":"https:\/\/www.sisinternational.com\/fr\/wp-json\/wp\/v2\/pages\/42283","targetHints":{"allow":["GET"]}}],"collection":[{"href":"https:\/\/www.sisinternational.com\/fr\/wp-json\/wp\/v2\/pages"}],"about":[{"href":"https:\/\/www.sisinternational.com\/fr\/wp-json\/wp\/v2\/types\/page"}],"author":[{"embeddable":true,"href":"https:\/\/www.sisinternational.com\/fr\/wp-json\/wp\/v2\/users\/1"}],"replies":[{"embeddable":true,"href":"https:\/\/www.sisinternational.com\/fr\/wp-json\/wp\/v2\/comments?post=42283"}],"version-history":[{"count":8,"href":"https:\/\/www.sisinternational.com\/fr\/wp-json\/wp\/v2\/pages\/42283\/revisions"}],"predecessor-version":[{"id":81218,"href":"https:\/\/www.sisinternational.com\/fr\/wp-json\/wp\/v2\/pages\/42283\/revisions\/81218"}],"up":[{"embeddable":true,"href":"https:\/\/www.sisinternational.com\/fr\/wp-json\/wp\/v2\/pages\/14514"}],"wp:featuredmedia":[{"embeddable":true,"href":"https:\/\/www.sisinternational.com\/fr\/wp-json\/wp\/v2\/media\/63925"}],"wp:attachment":[{"href":"https:\/\/www.sisinternational.com\/fr\/wp-json\/wp\/v2\/media?parent=42283"}],"curies":[{"name":"wp","href":"https:\/\/api.w.org\/{rel}","templated":true}]}}