{"id":42278,"date":"2023-04-11T15:40:39","date_gmt":"2023-04-11T19:40:39","guid":{"rendered":"https:\/\/www.sisinternational.com\/?page_id=42278"},"modified":"2026-01-26T19:01:45","modified_gmt":"2026-01-27T00:01:45","slug":"etude-de-marche-des-hotels-de-charme","status":"publish","type":"page","link":"https:\/\/www.sisinternational.com\/fr\/competence\/etude-de-marche-des-hotels-de-charme\/","title":{"rendered":"\u00c9tude de march\u00e9 sur les h\u00f4tels-boutiques"},"content":{"rendered":"<h1 class=\"wp-block-heading\">\u00c9tude de march\u00e9 sur les h\u00f4tels-boutiques<\/h1>\n\n\n\n<figure class=\"gb-block-image gb-block-image-53ee1902\"><img loading=\"lazy\" decoding=\"async\" width=\"1456\" height=\"816\" class=\"gb-image gb-image-53ee1902\" src=\"https:\/\/www.sisinternational.com\/wp-content\/uploads\/2025\/08\/hotel-14.jpg\" alt=\"\u00c9tudes de march\u00e9 et strat\u00e9gie internationales SIS\" title=\"hotel (14)\" srcset=\"https:\/\/www.sisinternational.com\/wp-content\/uploads\/2025\/08\/hotel-14.jpg 1456w, https:\/\/www.sisinternational.com\/wp-content\/uploads\/2025\/08\/hotel-14-300x168.jpg 300w, https:\/\/www.sisinternational.com\/wp-content\/uploads\/2025\/08\/hotel-14-1024x574.jpg 1024w, https:\/\/www.sisinternational.com\/wp-content\/uploads\/2025\/08\/hotel-14-768x430.jpg 768w, https:\/\/www.sisinternational.com\/wp-content\/uploads\/2025\/08\/hotel-14-18x10.jpg 18w\" sizes=\"auto, (max-width: 1456px) 100vw, 1456px\"><\/figure>\n\n\n\n<p><\/p>\n\n\n\n<p>Se d\u00e9marquer dans le secteur des boutique-h\u00f4tels est plus important que jamais, alors que les go\u00fbts des voyageurs se pr\u00e9cisent et que la concurrence s&#039;intensifie. Ainsi, les h\u00f4tels-boutiques doivent s\u2019efforcer d\u2019offrir une exp\u00e9rience personnalis\u00e9e qui prend en compte les tendances modernes tout en conservant leur atmosph\u00e8re \u00e9l\u00e9gante et leurs \u00e9quipements haut de gamme.<\/p>\n\n\n\n<p>The key to success lies not only in understanding what customers are searching for but also in being able to anticipate these needs before they arise. With boutique <a href=\"https:\/\/www.sisinternational.com\/fr\/solutions\/conseil-en-tourisme-de-voyage-et-en-hotellerie\/etude-de-marche-dune-chaine-hoteliere\/\" title=\"\u00c9tude de march\u00e9 des cha\u00eenes h\u00f4teli\u00e8res\"  data-wpil-monitor-id=\"3008\">\u00e9tude de march\u00e9 h\u00f4teli\u00e8re<\/a>, hotels can maintain a competitive edge and thrive in this competitive industry.<\/p>\n\n\n\n<h2 class=\"wp-block-heading\">Qu\u2019est-ce qu\u2019une \u00e9tude de march\u00e9 sur les h\u00f4tels-boutiques ?<\/h2>\n\n\n\n<p>Boutique <a href=\"https:\/\/www.sisinternational.com\/fr\/competence\/les-industries\/etude-de-marche-sur-le-mobilier-hotelier\/\" title=\"\u00c9tude de march\u00e9 sur le mobilier h\u00f4telier\"  data-wpil-monitor-id=\"3834\">\u00e9tude de march\u00e9 h\u00f4teli\u00e8re<\/a> helps businesses gain a competitive edge by uncovering valuable information about the industry such as consumer preferences, competition analysis, and emerging trends. This data is used to inform strategic decisions that fuel revenue growth, improve service offerings, and ultimately position businesses for success in this ever-evolving sector.<\/p>\n\n\n\n<p>Par <a href=\"https:\/\/www.sisinternational.com\/fr\/competence\/les-industries\/etude-de-marche-sur-la-resine\/\" title=\"\u00c9tude de march\u00e9 sur la r\u00e9sine\"  data-wpil-monitor-id=\"3207\">researching the boutique hotel market<\/a>, companies can gain critical insights into customer demographics, tastes, and needs. Additionally, current trends in technology advancements, shifting consumer habits, and local economic conditions are gathered to identify potential areas of growth and development as well as ways to inform pricing schemes for maximum profitability.<\/p>\n\n\n\n<h2 class=\"wp-block-heading\">Importance des \u00e9tudes de march\u00e9 sur les h\u00f4tels-boutiques<\/h2>\n\n\n\n<p>Boutique <a href=\"https:\/\/www.sisinternational.com\/fr\/competence\/les-industries\/etude-de-marche-sur-le-reamenagement-dun-hotel\/\" title=\"\u00c9tude de march\u00e9 sur le r\u00e9am\u00e9nagement d\u2019h\u00f4tels\"  data-wpil-monitor-id=\"5703\">\u00e9tude de march\u00e9 h\u00f4teli\u00e8re<\/a> equips entrepreneurs with a wealth of information about customer behavior and expectations. By collecting data on guest demographics, industry segmentation, as well as customer satisfaction surveys, boutique hotels gain invaluable knowledge which leads to improvement opportunities and improved decision-making in terms of pricing strategies and service offers.<\/p>\n\n\n\n<p>Furthermore, boutique <a href=\"https:\/\/www.sisinternational.com\/fr\/competence\/les-industries\/etude-de-marche-sur-les-hotels\/\" title=\"\u00c9tude de march\u00e9 sur les h\u00f4tels\"  data-wpil-monitor-id=\"7203\">\u00e9tude de march\u00e9 h\u00f4teli\u00e8re<\/a> unveils the competitive environment, allowing hotel owners and investors to comprehend their standing in the industry and determine methods to make themselves stand out from other competitors in a business landscape dominated by players such as Ace Hotels, Kimpton Hotels, Morgans Hotel Group, and The Hoxton.<\/p>\n\n\n\n<p>Enfin, les \u00e9tudes de march\u00e9 des h\u00f4tels-boutiques aident \u00e0 d\u00e9velopper de nouveaux services, \u00e0 cibler des segments de client\u00e8le pr\u00e9cis et \u00e0 adopter des technologies de pointe pour am\u00e9liorer l&#039;exp\u00e9rience client.<\/p>\n\n\n\n<h2 class=\"wp-block-heading\">Tendances du secteur des h\u00f4tels-boutiques<\/h2>\n\n\n\n<p>Alors que les voyageurs recherchent des exp\u00e9riences plus m\u00e9morables et personnalis\u00e9es, le secteur des h\u00f4tels-boutiques se d\u00e9veloppe rapidement. Les h\u00f4tels-boutiques sont r\u00e9put\u00e9s pour leur atmosph\u00e8re chic, leur design distinctif, leur service amical et leurs \u00e9quipements luxueux, le tout soigneusement con\u00e7u pour cr\u00e9er un s\u00e9jour inoubliable.<\/p>\n\n\n\n<p>Par cons\u00e9quent, pour rester comp\u00e9titives, les \u00e9tudes de march\u00e9 sur les h\u00f4tels-boutiques s\u2019adaptent constamment pour r\u00e9pondre aux d\u00e9sirs actuels des consommateurs, r\u00e9pondre \u00e0 l\u2019\u00e9volution des conditions du march\u00e9 et tirer parti des technologies de pointe. Voici quelques-unes de ces derni\u00e8res tendances disruptives\u00a0:<\/p>\n\n\n\n<ul class=\"wp-block-list\">\n<li><strong>Personnalisation et personnalisation :<\/strong> Cherchant \u00e0 offrir des exp\u00e9riences remarquables et sur mesure, adapt\u00e9es aux besoins et aux pr\u00e9f\u00e9rences de chaque client, le secteur des h\u00f4tels-boutiques a \u00e9norm\u00e9ment \u00e9volu\u00e9. Des enregistrements personnels aux chambres personnalisables en passant par les voyages locaux organis\u00e9s, ces h\u00f4tels s&#039;engagent pleinement \u00e0 garantir \u00e0 leurs visiteurs des services uniques \u00e0 tout moment.<\/li>\n\n\n\n<li><strong>Immersion locale et exp\u00e9riences authentiques :<\/strong> Les clients qui pr\u00e9f\u00e8rent les h\u00f4tels de charme recherchent des rencontres remarquables et authentiques qui leur permettent de s&#039;immerger dans la culture locale. En cons\u00e9quence, cette industrie tend \u00e0 offrir aux visiteurs des exp\u00e9riences personnalis\u00e9es telles que la d\u00e9gustation de sp\u00e9cialit\u00e9s et de boissons r\u00e9gionales, des visites culturelles ou la visite d&#039;expositions d&#039;art.<\/li>\n\n\n\n<li><strong>Sant\u00e9 et bien-\u00eatre:<\/strong> Alors que les gens sont de plus en plus conscients de leur sant\u00e9 et de leur bien-\u00eatre, l\u2019industrie des h\u00f4tels-boutiques a r\u00e9agi en offrant une gamme toujours croissante d\u2019options de voyages bien-\u00eatre. Des cours de yoga aux s\u00e9lections de repas sains, ces services deviennent de plus en plus populaires aupr\u00e8s des voyageurs qui privil\u00e9gient un mode de vie \u00e9quilibr\u00e9 lorsqu&#039;ils sont loin de chez eux.<\/li>\n<\/ul>\n\n\n\n<h2 class=\"wp-block-heading\">Etude de march\u00e9 des h\u00f4tels-boutiques : opportunit\u00e9s et d\u00e9fis<\/h2>\n\n\n\n<p>Pour les acteurs du secteur des h\u00f4tels-boutiques, les \u00e9tudes de march\u00e9 offrent une multitude d\u2019opportunit\u00e9s et d\u2019obstacles. Certaines de ces opportunit\u00e9s et d\u00e9fis majeurs li\u00e9s \u00e0 l\u2019analyse du secteur des h\u00f4tels-boutiques sont les suivants\u00a0:<\/p>\n\n\n\n<h3 class=\"wp-block-heading\">Opportunit\u00e9s<\/h3>\n\n\n\n<ul class=\"wp-block-list\">\n<li><strong>Identifier le public cible\u00a0:<\/strong> L\u2019\u00e9tude de march\u00e9 des h\u00f4tels-boutiques est essentielle pour d\u00e9terminer le public cible et ajuster les services et les offres en fonction des besoins des clients.<\/li>\n\n\n\n<li><strong>Am\u00e9liorer l&#039;exp\u00e9rience client\u00a0:<\/strong> Les \u00e9tudes de march\u00e9 sur les h\u00f4tels-boutiques offrent \u00e9galement aux h\u00f4tels la possibilit\u00e9 de reconna\u00eetre les domaines dans lesquels ils doivent \u00eatre am\u00e9lior\u00e9s pour offrir une exp\u00e9rience extraordinaire, notamment la qualit\u00e9 du service, les \u00e9quipements, les services personnalis\u00e9s, etc.<\/li>\n\n\n\n<li><strong>Developing effective <\/strong><a href=\"https:\/\/www.sisinternational.com\/fr\/developpement-de-la-ville-de-hartford-connecticut\/\" title=\"\u00c9tude de march\u00e9 \u00e0 Hartford, Connecticut\"  data-wpil-monitor-id=\"1770\">marketing strategies: Boutique hotels<\/a> can capitalize on market research to craft tailored marketing campaigns that will truly speak to their target audience.<\/li>\n\n\n\n<li><strong>Expansion vers de nouveaux march\u00e9s :<\/strong> Delving into boutique hotel market research can reveal opportunities for hotels to develop fresh services, <a href=\"https:\/\/www.sisinternational.com\/fr\/solutions\/groupes-de-discussion\/focus-groups-in-the-uk\/\" title=\"Focus Groups in the uk\"  data-wpil-monitor-id=\"1376\">focus on particular demographic groups<\/a>, and even expand into new areas.<\/li>\n<\/ul>\n\n\n\n<h3 class=\"wp-block-heading\">D\u00e9fis<\/h3>\n\n\n\n<ul class=\"wp-block-list\">\n<li><strong>Concurrence des h\u00e9bergements alternatifs et des nouveaux entrants\u00a0:<\/strong> Alors que de plus en plus de plateformes de partage de logements, de locations de vacances et de nouveaux entrants entrent sur le march\u00e9, les h\u00f4tels-boutiques ont du mal \u00e0 faire face \u00e0 un paysage concurrentiel de plus en plus concurrentiel.<\/li>\n\n\n\n<li><strong>Volatilit\u00e9 \u00e9conomique et incertitudes des march\u00e9s\u00a0:<\/strong> L\u2019\u00e9volution des conditions \u00e9conomiques et la volatilit\u00e9 des march\u00e9s peuvent r\u00e9duire consid\u00e9rablement la demande et les revenus du secteur des h\u00f4tels-boutiques.<\/li>\n\n\n\n<li><strong>Maintenir la diff\u00e9renciation et la r\u00e9putation de la marque\u00a0:<\/strong> Avec la multiplication des h\u00f4tels-boutiques, il peut \u00eatre difficile de se d\u00e9marquer de la concurrence et de conserver une r\u00e9putation de haut niveau. Par cons\u00e9quent, les h\u00f4tels-boutiques doivent rester \u00e0 jour et maintenir une proposition de valeur bien d\u00e9finie et une marque qui trouve un \u00e9cho aupr\u00e8s de leur public cible.<\/li>\n<\/ul>\n\n\n\n<h2 class=\"wp-block-heading\">Perspectives d&#039;avenir et pr\u00e9visions pour le secteur des h\u00f4tels-boutiques<\/h2>\n\n\n\n<p>Pouss\u00e9 par les \u00e9tudes de march\u00e9 sur les h\u00f4tels-boutiques et l\u2019\u00e9volution des pr\u00e9f\u00e9rences des consommateurs, le secteur des h\u00f4tels-boutiques est sur le point de conna\u00eetre une croissance remarquable dans les ann\u00e9es \u00e0 venir. Voici un aper\u00e7u de ce que les entreprises peuvent attendre de ce secteur en plein essor :<\/p>\n\n\n\n<ul class=\"wp-block-list\">\n<li><strong>Croissance continue\u00a0:<\/strong> Le secteur des h\u00f4tels-boutiques est pr\u00eat \u00e0 conna\u00eetre une croissance continue, en particulier en Asie-Pacifique et au Moyen-Orient. Gr\u00e2ce \u00e0 l\u2019augmentation du revenu disponible, \u00e0 un app\u00e9tit accru pour les exp\u00e9riences de voyage et \u00e0 une pr\u00e9dilection pour des s\u00e9jours de vacances uniques et sur mesure, ce secteur est susceptible de conna\u00eetre un essor dans un avenir proche.<\/li>\n\n\n\n<li><strong>Int\u00e9gration de la durabilit\u00e9 :<\/strong> Les consommateurs sont de plus en plus conscients de la durabilit\u00e9, ce qui implique que les h\u00f4tels-boutiques doivent continuer \u00e0 adopter des pratiques durables telles que l&#039;utilisation de mat\u00e9riaux respectueux de l&#039;environnement et la r\u00e9duction de la consommation d&#039;\u00e9nergie.<\/li>\n\n\n\n<li><strong>Exp\u00e9riences personnalis\u00e9es\u00a0:<\/strong> Les clients des h\u00f4tels-boutiques recherchent des exp\u00e9riences exclusives et personnalis\u00e9es qui r\u00e9pondent exactement \u00e0 leurs besoins. Le secteur des h\u00f4tels-boutiques devrait exploiter les donn\u00e9es et la technologie pour proposer des services et des offres encore plus personnalis\u00e9s.<\/li>\n\n\n\n<li><strong>Mont\u00e9e du voyage exp\u00e9rientiel\u00a0:<\/strong> Le succ\u00e8s des voyages exp\u00e9rientiels devrait persister, avec des h\u00f4tels-boutiques proposant des rencontres locales exclusives, des explorations culturelles et des activit\u00e9s inhabituelles.<\/li>\n<\/ul>\n\n\n\n<p>SIS International propose des recherches quantitatives, qualitatives et strat\u00e9giques. Nous fournissons des donn\u00e9es, des outils, des strat\u00e9gies, des rapports et des informations pour la prise de d\u00e9cision. Nous menons des entretiens, des enqu\u00eates, des groupes de discussion et de nombreuses autres m\u00e9thodes et approches d&#039;\u00e9tudes de march\u00e9. Contactez-nous pour votre prochain projet d&#039;\u00e9tude de march\u00e9.<\/p>","protected":false},"excerpt":{"rendered":"<p>Les \u00e9tudes de march\u00e9 sur les h\u00f4tels-boutiques aident les entreprises \u00e0 prendre l\u2019avantage en analysant les pr\u00e9f\u00e9rences des consommateurs, l\u2019analyse de la concurrence et les tendances \u00e9mergentes.<\/p>","protected":false},"author":1,"featured_media":63514,"parent":14514,"menu_order":233,"comment_status":"closed","ping_status":"closed","template":"","meta":{"footnotes":""},"class_list":["post-42278","page","type-page","status-publish","has-post-thumbnail"],"_links":{"self":[{"href":"https:\/\/www.sisinternational.com\/fr\/wp-json\/wp\/v2\/pages\/42278","targetHints":{"allow":["GET"]}}],"collection":[{"href":"https:\/\/www.sisinternational.com\/fr\/wp-json\/wp\/v2\/pages"}],"about":[{"href":"https:\/\/www.sisinternational.com\/fr\/wp-json\/wp\/v2\/types\/page"}],"author":[{"embeddable":true,"href":"https:\/\/www.sisinternational.com\/fr\/wp-json\/wp\/v2\/users\/1"}],"replies":[{"embeddable":true,"href":"https:\/\/www.sisinternational.com\/fr\/wp-json\/wp\/v2\/comments?post=42278"}],"version-history":[{"count":10,"href":"https:\/\/www.sisinternational.com\/fr\/wp-json\/wp\/v2\/pages\/42278\/revisions"}],"predecessor-version":[{"id":80766,"href":"https:\/\/www.sisinternational.com\/fr\/wp-json\/wp\/v2\/pages\/42278\/revisions\/80766"}],"up":[{"embeddable":true,"href":"https:\/\/www.sisinternational.com\/fr\/wp-json\/wp\/v2\/pages\/14514"}],"wp:featuredmedia":[{"embeddable":true,"href":"https:\/\/www.sisinternational.com\/fr\/wp-json\/wp\/v2\/media\/63514"}],"wp:attachment":[{"href":"https:\/\/www.sisinternational.com\/fr\/wp-json\/wp\/v2\/media?parent=42278"}],"curies":[{"name":"wp","href":"https:\/\/api.w.org\/{rel}","templated":true}]}}