{"id":41924,"date":"2023-03-19T16:30:53","date_gmt":"2023-03-19T20:30:53","guid":{"rendered":"https:\/\/www.sisinternational.com\/?page_id=41924"},"modified":"2026-01-24T21:12:21","modified_gmt":"2026-01-25T02:12:21","slug":"etude-de-marche-sur-les-fibres-vitroceramiques-specialisees","status":"publish","type":"page","link":"https:\/\/www.sisinternational.com\/fr\/competence\/etude-de-marche-sur-les-fibres-vitroceramiques-specialisees\/","title":{"rendered":"\u00c9tude de march\u00e9 sur le verre sp\u00e9cialis\u00e9, la c\u00e9ramique et la fibre"},"content":{"rendered":"<h1 class=\"wp-block-heading\">\u00c9tude de march\u00e9 sur le verre sp\u00e9cialis\u00e9, la c\u00e9ramique et la fibre<\/h1>\n\n\n\n<p><\/p>\n\n\n\n<figure class=\"gb-block-image gb-block-image-b17a9b7f\"><img loading=\"lazy\" decoding=\"async\" width=\"1456\" height=\"816\" class=\"gb-image gb-image-b17a9b7f\" src=\"https:\/\/www.sisinternational.com\/wp-content\/uploads\/2025\/09\/Ceramic-1.jpg\" alt=\"\u00c9tudes de march\u00e9 et strat\u00e9gie internationales SIS\" title=\"Ceramic (1)\" srcset=\"https:\/\/www.sisinternational.com\/wp-content\/uploads\/2025\/09\/Ceramic-1.jpg 1456w, https:\/\/www.sisinternational.com\/wp-content\/uploads\/2025\/09\/Ceramic-1-300x168.jpg 300w, https:\/\/www.sisinternational.com\/wp-content\/uploads\/2025\/09\/Ceramic-1-1024x574.jpg 1024w, https:\/\/www.sisinternational.com\/wp-content\/uploads\/2025\/09\/Ceramic-1-768x430.jpg 768w, https:\/\/www.sisinternational.com\/wp-content\/uploads\/2025\/09\/Ceramic-1-18x10.jpg 18w\" sizes=\"auto, (max-width: 1456px) 100vw, 1456px\"><\/figure>\n\n\n\n<p>Les verres sp\u00e9ciaux, les c\u00e9ramiques et les fibres sont des mat\u00e9riaux aux propri\u00e9t\u00e9s uniques. Ils sont utiles pour un large \u00e9ventail d\u2019applications industrielles, scientifiques et technologiques. Voici quelques br\u00e8ves descriptions de chacun de ces mat\u00e9riaux\u00a0:<\/p>\n\n\n\n<ul class=\"wp-block-list\">\n<li><strong>Verre sp\u00e9cialis\u00e9\u00a0:<\/strong> Le verre est un mat\u00e9riau polyvalent. Il est fabriqu\u00e9 en faisant fondre de la silice (dioxyde de silicium) avec d&#039;autres additifs. Cette action peut modifier ses propri\u00e9t\u00e9s physiques, optiques et chimiques. Les verres sp\u00e9cialis\u00e9s sont con\u00e7us \u00e0 des fins sp\u00e9cifiques. Les exemples sont les lentilles optiques, les \u00e9crans d\u2019affichage, les \u00e9quipements de laboratoire, les fibres optiques et les emballages.<\/li>\n\n\n\n<li><strong>C\u00e9ramique:<\/strong> La c\u00e9ramique est un mat\u00e9riau non m\u00e9tallique fabriqu\u00e9 par cuisson d&#039;argile ou de kaolin. La c\u00e9ramique peut \u00e9galement provenir de la cuisson d\u2019autres min\u00e9raux naturels \u00e0 haute temp\u00e9rature. Les c\u00e9ramiques sont solides, r\u00e9sistantes \u00e0 la chaleur, \u00e0 l\u2019usure et \u00e0 la corrosion. Ils sont utilis\u00e9s dans les mat\u00e9riaux de construction, l\u2019\u00e9lectronique, les implants biom\u00e9dicaux, les composants a\u00e9rospatiaux et les ustensiles de cuisine.<\/li>\n\n\n\n<li><strong>Fibre:<\/strong> La fibre est un mat\u00e9riau fabriqu\u00e9 \u00e0 partir de polym\u00e8res naturels ou synth\u00e9tiques. Ils sont fil\u00e9s en brins longs et fins. Nous pouvons utiliser des fibres pour l&#039;isolation, le renforcement et la filtration. Nous l&#039;utilisons \u00e9galement pour la transmission de donn\u00e9es et de signaux. Un exemple de fibre sp\u00e9cialis\u00e9e est la fibre de carbone (solide et l\u00e9g\u00e8re). Il existe \u00e9galement de la fibre de verre (r\u00e9sistante \u00e0 la chaleur et \u00e0 l&#039;\u00e9lectricit\u00e9). Ensuite, il y a la fibre aramide (\u00e0 haute r\u00e9sistance aux chocs et \u00e0 l\u2019abrasion).<\/li>\n<\/ul>\n\n\n\n<h2 class=\"wp-block-heading\">Pourquoi le verre sp\u00e9cialis\u00e9, la c\u00e9ramique et la fibre sont-ils importants\u00a0?<\/h2>\n\n\n\n<h3 class=\"wp-block-heading\">Le verre sp\u00e9cial, la c\u00e9ramique et la fibre sont essentiels pour plusieurs raisons.<\/h3>\n\n\n\n<p>Pour commencer, ils poss\u00e8dent des propri\u00e9t\u00e9s uniques. Ces mat\u00e9riaux poss\u00e8dent des propri\u00e9t\u00e9s physiques, optiques et chimiques particuli\u00e8res. D&#039;autres mat\u00e9riaux ne peuvent pas les remplacer. Par exemple, les verriers peuvent cr\u00e9er des verres sp\u00e9ciaux avec des indices de r\u00e9fraction sp\u00e9cifiques. Les verres, c\u00e9ramiques et fibres sp\u00e9ciaux peuvent \u00e9galement avoir des propri\u00e9t\u00e9s de transmission et des conductivit\u00e9s thermiques uniques. Ces fonctionnalit\u00e9s sont essentielles pour les applications d\u2019optique, de capteurs et d\u2019\u00e9lectronique.<\/p>\n\n\n\n<p>Le verre sp\u00e9cial, la c\u00e9ramique et la fibre sont souvent choisis pour les applications hautes performances. Ils constituent la solution parfaite pour les temp\u00e9ratures extr\u00eames, les produits chimiques agressifs ou l&#039;usure. Ces mat\u00e9riaux peuvent offrir une r\u00e9sistance, une durabilit\u00e9 et une r\u00e9sistance \u00e0 la corrosion \u00e9lev\u00e9es. Ils sont donc id\u00e9aux pour une utilisation dans des environnements difficiles.<\/p>\n\n\n\n<p>Ces mat\u00e9riaux sont polyvalents. Vous pouvez les personnaliser pour r\u00e9pondre aux besoins sp\u00e9cifiques de diverses industries. Vous pouvez les concevoir pour des propri\u00e9t\u00e9s m\u00e9caniques, \u00e9lectriques ou thermiques sp\u00e9cifiques. Ils deviennent alors utiles pour de multiples applications, de l\u2019a\u00e9rospatiale \u00e0 la m\u00e9decine.<\/p>\n\n\n\n<p>Le verre, la c\u00e9ramique et la fibre sp\u00e9ciaux sont souvent utilis\u00e9s dans les technologies et industries de pointe. Par exemple, ils sont utilis\u00e9s dans les t\u00e9l\u00e9communications, les \u00e9nergies renouvelables et la biom\u00e9decine. Ces mat\u00e9riaux sont essentiels au progr\u00e8s de la technologie et de l\u2019innovation. Ils ont le potentiel de r\u00e9volutionner de nombreux aspects de nos vies.<\/p>\n\n\n\n<h2 class=\"wp-block-heading\">Titres de poste cl\u00e9s<\/h2>\n\n\n\n<h3 class=\"wp-block-heading\">Voici quelques titres d\u2019emploi cl\u00e9s li\u00e9s aux verres sp\u00e9ciaux, \u00e0 la c\u00e9ramique et aux fibres\u00a0:<\/h3>\n\n\n\n<ol class=\"wp-block-list\">\n<li><strong>Scientifique des mat\u00e9riaux\u00a0:<\/strong> responsable de la recherche et du d\u00e9veloppement de nouveaux mat\u00e9riaux. Ils analysent les propri\u00e9t\u00e9s des mat\u00e9riaux et d\u00e9veloppent des moyens d&#039;am\u00e9liorer leurs performances.<\/li>\n\n\n\n<li><strong>Ing\u00e9nieur de proc\u00e9d\u00e9:<\/strong> responsable de la conception et de l\u2019optimisation des processus de fabrication. Ils s&#039;efforcent d&#039;am\u00e9liorer l&#039;efficacit\u00e9, de r\u00e9duire les co\u00fbts et d&#039;assurer le contr\u00f4le de la qualit\u00e9.<\/li>\n\n\n\n<li><strong>Responsable d\u00e9veloppement produit :<\/strong> responsable de superviser le d\u00e9veloppement et le lancement de nouveaux produits. Ils travaillent avec des scientifiques et des ing\u00e9nieurs en mat\u00e9riaux. Ensemble, ils veillent \u00e0 ce que les produits r\u00e9pondent aux besoins des clients et aux normes de qualit\u00e9.<\/li>\n\n\n\n<li><strong>Responsable Assurance Qualit\u00e9:<\/strong> responsable de s\u2019assurer que les produits r\u00e9pondent aux normes de qualit\u00e9. Les produits sp\u00e9cialis\u00e9s en verre, c\u00e9ramique et fibre doivent \u00e9galement respecter les exigences r\u00e9glementaires. Les responsables de l&#039;assurance qualit\u00e9 \u00e9laborent et mettent en place des proc\u00e9dures de contr\u00f4le qualit\u00e9. Ils travaillent \u00e9galement \u00e0 am\u00e9liorer la qualit\u00e9 des produits.<\/li>\n\n\n\n<li><strong>Ing\u00e9nieur commercial:<\/strong> responsable de la vente aux clients de produits sp\u00e9cialis\u00e9s en verre, en c\u00e9ramique et en fibre. Ils travaillent avec les responsables du d\u00e9veloppement de produits pour comprendre les besoins des clients. Ils \u00e9laborent \u00e9galement des strat\u00e9gies de vente.<\/li>\n\n\n\n<li><strong>Ing\u00e9nieur Recherche et D\u00e9veloppement :<\/strong> responsable de la conception et des tests de nouveaux produits. Ils travaillent \u00e0 am\u00e9liorer les performances des produits et \u00e0 d\u00e9velopper de nouvelles applications pour ces mat\u00e9riaux.<\/li>\n\n\n\n<li><strong>Directeur de production:<\/strong> charg\u00e9 de superviser le processus de fabrication. Ils assurent la production s\u00fbre et efficace de produits sp\u00e9ciaux en verre, en c\u00e9ramique et en fibre. Ils les testent \u00e9galement pour voir s\u2019ils r\u00e9pondent aux normes de qualit\u00e9.<\/li>\n\n\n\n<li><strong>Ing\u00e9nieur d&#039;applications\u00a0:<\/strong> responsable du d\u00e9veloppement et des tests de nouvelles applications pour les produits. Ils travaillent avec les clients pour comprendre leurs besoins. Ils d\u00e9veloppent ensuite des solutions personnalis\u00e9es utilisant ces mat\u00e9riaux.<\/li>\n<\/ol>\n\n\n\n<h2 class=\"wp-block-heading\">Pourquoi les entreprises ont-elles besoin de verre, de c\u00e9ramique et de fibre sp\u00e9cialis\u00e9s\u00a0?<\/h2>\n\n\n\n<p>Les entreprises ont besoin de verre, de c\u00e9ramique et de fibres sp\u00e9cialis\u00e9es pour plusieurs raisons. Dans certains cas, ces substances offrent des solutions rentables par rapport \u00e0 d\u2019autres mat\u00e9riaux. Parfois, le verre sp\u00e9cial peut \u00eatre plus rentable que le verre traditionnel. Pourquoi? Parce qu&#039;il a des propri\u00e9t\u00e9s de performance am\u00e9lior\u00e9es.<\/p>\n\n\n\n<p>Une autre raison pour laquelle les gens choisissent souvent des mat\u00e9riaux sp\u00e9ciaux est leur haute qualit\u00e9 et leur coh\u00e9rence. Ils peuvent assurer l\u2019uniformit\u00e9 et la pr\u00e9cision des processus de fabrication. Ils permettent \u00e9galement aux produits de r\u00e9pondre aux sp\u00e9cifications souhait\u00e9es.<\/p>\n\n\n\n<h2 class=\"wp-block-heading\">Facteurs cl\u00e9s de succ\u00e8s<\/h2>\n\n\n\n<p>Investir dans la recherche et le d\u00e9veloppement est crucial pour r\u00e9ussir dans ce domaine. Les entreprises doivent souvent d\u00e9velopper de nouveaux produits et applications. C&#039;est le seul moyen de garder une longueur d&#039;avance sur la concurrence.<\/p>\n\n\n\n<p>Les entreprises doivent disposer d\u2019une \u00e9quipe d\u2019experts poss\u00e9dant des connaissances techniques. Ils doivent ma\u00eetriser la science des mat\u00e9riaux, les processus de fabrication et les applications. Cette expertise est cruciale. Il permet le d\u00e9veloppement et la fabrication de produits de haute qualit\u00e9.<\/p>\n\n\n\n<p>Le maintien de normes \u00e9lev\u00e9es en mati\u00e8re de contr\u00f4le qualit\u00e9 est \u00e9galement crucial pour r\u00e9ussir dans ce domaine. Les entreprises doivent mettre en place des proc\u00e9dures de contr\u00f4le qualit\u00e9 rigoureuses. De cette mani\u00e8re, ils garantissent que les produits r\u00e9pondent aux sp\u00e9cifications des clients et aux exigences r\u00e9glementaires.<\/p>\n\n\n\n<p>Un autre facteur cl\u00e9 de succ\u00e8s r\u00e9side dans les solutions personnalis\u00e9es r\u00e9pondant aux besoins sp\u00e9cifiques des clients. Les entreprises qui proposent des solutions personnalis\u00e9es ont plus de chances de r\u00e9ussir. La personnalisation peut impliquer la conception de mat\u00e9riaux dot\u00e9s de propri\u00e9t\u00e9s particuli\u00e8res. Cela peut \u00e9galement signifier d\u00e9velopper des produits pour des applications sp\u00e9cifiques.<\/p>\n\n\n\n<p>D\u00e9velopper des partenariats avec les clients, les fournisseurs et d\u2019autres acteurs de l\u2019industrie est \u00e9galement puissant. Cela peut donner aux entreprises l\u2019acc\u00e8s \u00e0 de nouveaux march\u00e9s, technologies et expertises. La collaboration peut \u00e9galement aider les entreprises \u00e0 rester \u00e0 jour. Ils peuvent se tenir au courant des derni\u00e8res tendances et d\u00e9veloppements de l\u2019industrie.<\/p>\n\n\n\n<p>Des strat\u00e9gies de marketing et de vente efficaces constituent un autre facteur de succ\u00e8s essentiel pour promouvoir les produits aupr\u00e8s des clients. Les entreprises doivent d\u00e9velopper des relations solides avec leurs clients. Ils peuvent ensuite communiquer sur les b\u00e9n\u00e9fices et les avantages de leurs produits.<\/p>\n\n\n\n<h2 class=\"wp-block-heading\">\u00c0 propos de l\u2019\u00e9tude de march\u00e9 sur le verre sp\u00e9cialis\u00e9, la c\u00e9ramique et la fibre<\/h2>\n\n\n\n<p>Specialty Glass, Ceramic &amp; Fiber Market Research is vital. Businesses need it when developing a Go to Market Strategy. A Competitive Analysis provides excellent insights into your business and the broader marketplace. UX Market Research can identify how customers might view your business. It can also identify gaps in customer expectations. This information is vital when doing your <a href=\"https:\/\/www.sisinternational.com\/fr\/competence\/les-industries\/etude-de-marche-sur-la-resine\/\" title=\"\u00c9tude de march\u00e9 sur la r\u00e9sine\"  data-wpil-monitor-id=\"3211\">Market Strategy Research<\/a>. Good Qualitative and <a class=\"wpil_keyword_link\" href=\"https:\/\/www.sisinternational.com\/fr\/best-practices-for-quantitative-market-research\/\"   title=\"Meilleures pratiques pour les \u00e9tudes de march\u00e9 quantitatives\" data-wpil-keyword-link=\"linked\"  data-wpil-monitor-id=\"706\">\u00c9tude de march\u00e9 quantitative<\/a> is also crucial. It helps to minimize risks when making business decisions. Are you planning to enter the Specialty, Glass, Ceramic, and Fiber Industries? <a href=\"https:\/\/www.sisinternational.com\/fr\/competence\/les-industries\/etude-de-marche-sur-le-web-scraping\/\" title=\"\u00c9tude de march\u00e9 sur le grattage Web\"  data-wpil-monitor-id=\"3229\">Recherche d&#039;entr\u00e9e sur le march\u00e9<\/a> and Market Opportunity Research will also be critical.<\/p>\n\n\n\n<p>Une bonne \u00e9tude de march\u00e9 pr\u00e9sente tellement d\u2019avantages qu\u2019il serait dommage de les ignorer. Apprenez-en davantage sur les \u00e9tudes de march\u00e9, notamment les groupes de discussion, les entretiens et les enqu\u00eates. Contactez SIS International Research d\u00e8s aujourd\u2019hui\u00a0!<\/p>","protected":false},"excerpt":{"rendered":"<p>Le verre sp\u00e9cial, la c\u00e9ramique et la fibre sont hautes performances. Ils sont parfaits pour les temp\u00e9ratures extr\u00eames, les produits chimiques agressifs ou l&#039;usure.<\/p>","protected":false},"author":1,"featured_media":67809,"parent":14514,"menu_order":229,"comment_status":"closed","ping_status":"closed","template":"","meta":{"footnotes":""},"class_list":["post-41924","page","type-page","status-publish","has-post-thumbnail"],"_links":{"self":[{"href":"https:\/\/www.sisinternational.com\/fr\/wp-json\/wp\/v2\/pages\/41924","targetHints":{"allow":["GET"]}}],"collection":[{"href":"https:\/\/www.sisinternational.com\/fr\/wp-json\/wp\/v2\/pages"}],"about":[{"href":"https:\/\/www.sisinternational.com\/fr\/wp-json\/wp\/v2\/types\/page"}],"author":[{"embeddable":true,"href":"https:\/\/www.sisinternational.com\/fr\/wp-json\/wp\/v2\/users\/1"}],"replies":[{"embeddable":true,"href":"https:\/\/www.sisinternational.com\/fr\/wp-json\/wp\/v2\/comments?post=41924"}],"version-history":[{"count":6,"href":"https:\/\/www.sisinternational.com\/fr\/wp-json\/wp\/v2\/pages\/41924\/revisions"}],"predecessor-version":[{"id":77510,"href":"https:\/\/www.sisinternational.com\/fr\/wp-json\/wp\/v2\/pages\/41924\/revisions\/77510"}],"up":[{"embeddable":true,"href":"https:\/\/www.sisinternational.com\/fr\/wp-json\/wp\/v2\/pages\/14514"}],"wp:featuredmedia":[{"embeddable":true,"href":"https:\/\/www.sisinternational.com\/fr\/wp-json\/wp\/v2\/media\/67809"}],"wp:attachment":[{"href":"https:\/\/www.sisinternational.com\/fr\/wp-json\/wp\/v2\/media?parent=41924"}],"curies":[{"name":"wp","href":"https:\/\/api.w.org\/{rel}","templated":true}]}}