{"id":41922,"date":"2023-03-19T16:07:57","date_gmt":"2023-03-19T20:07:57","guid":{"rendered":"https:\/\/www.sisinternational.com\/?page_id=41922"},"modified":"2026-03-12T13:26:42","modified_gmt":"2026-03-12T17:26:42","slug":"etude-de-marche-sur-le-soja","status":"publish","type":"page","link":"https:\/\/www.sisinternational.com\/fr\/solutions\/etude-de-marche-sur-lindustrie-des-boissons-alimentaires\/etude-de-marche-sur-le-soja\/","title":{"rendered":"\u00c9tude de march\u00e9 sur le soja"},"content":{"rendered":"<h1 class=\"wp-block-heading\">\u00c9tude de march\u00e9 sur le soja<\/h1>\n\n\n\n<figure class=\"gb-block-image gb-block-image-650cd381\"><img loading=\"lazy\" decoding=\"async\" width=\"1456\" height=\"816\" class=\"gb-image gb-image-650cd381\" src=\"https:\/\/www.sisinternational.com\/wp-content\/uploads\/2025\/08\/Bean-soybean-8.jpg\" alt=\"\u00c9tudes de march\u00e9 et strat\u00e9gie internationales SIS\" title=\"Bean soybean (8)\" srcset=\"https:\/\/www.sisinternational.com\/wp-content\/uploads\/2025\/08\/Bean-soybean-8.jpg 1456w, https:\/\/www.sisinternational.com\/wp-content\/uploads\/2025\/08\/Bean-soybean-8-300x168.jpg 300w, https:\/\/www.sisinternational.com\/wp-content\/uploads\/2025\/08\/Bean-soybean-8-1024x574.jpg 1024w, https:\/\/www.sisinternational.com\/wp-content\/uploads\/2025\/08\/Bean-soybean-8-768x430.jpg 768w, https:\/\/www.sisinternational.com\/wp-content\/uploads\/2025\/08\/Bean-soybean-8-18x10.jpg 18w\" sizes=\"auto, (max-width: 1456px) 100vw, 1456px\"><\/figure>\n\n\n\n<p><\/p>\n\n\n\n<p>Les \u00e9tudes de march\u00e9 sur le soja collectent et analysent des donn\u00e9es li\u00e9es \u00e0 l\u2019industrie du soja, notamment l\u2019offre, la demande, les prix et les tendances du march\u00e9. Le but de l\u2019\u00e9tude de march\u00e9 du soja est de mieux comprendre le march\u00e9 du soja et les diff\u00e9rentes offres de produits de l\u2019industrie. Les \u00e9tudes de march\u00e9 sur le soja donnent un aper\u00e7u des diff\u00e9rents facteurs qui l\u2019influencent, tels que l\u2019\u00e9volution de la demande des consommateurs, les changements climatiques, la mise en \u0153uvre de directives r\u00e9glementaires et les perturbations de la cha\u00eene d\u2019approvisionnement.<\/p>\n\n\n\n<h2 class=\"wp-block-heading\">Segmentation du march\u00e9 du soja<\/h2>\n\n\n\n<p>L&#039;industrie du soja peut \u00eatre regroup\u00e9e en diff\u00e9rents segments en fonction de diff\u00e9rents crit\u00e8res. Voici quelques fa\u00e7ons courantes de cat\u00e9goriser l\u2019industrie du soja\u00a0:<\/p>\n\n\n\n<h3 class=\"wp-block-heading\">Classement des produits<\/h3>\n\n\n\n<p>Les produits \u00e0 base de soja sont class\u00e9s en fonction de leur utilisation et de leur transformation. Le soja entier, la farine de soja, l\u2019huile de soja et les isolats de prot\u00e9ines de soja en sont des exemples.<\/p>\n\n\n\n<h3 class=\"wp-block-heading\">Application dans d&#039;autres industries<\/h3>\n\n\n\n<figure class=\"gb-block-image gb-block-image-8c2be954\"><img loading=\"lazy\" decoding=\"async\" width=\"1456\" height=\"816\" class=\"gb-image gb-image-8c2be954\" src=\"https:\/\/www.sisinternational.com\/wp-content\/uploads\/2025\/08\/Bean-soybean-3.jpg\" alt=\"\u00c9tudes de march\u00e9 et strat\u00e9gie internationales SIS\" title=\"Bean soybean (3)\" srcset=\"https:\/\/www.sisinternational.com\/wp-content\/uploads\/2025\/08\/Bean-soybean-3.jpg 1456w, https:\/\/www.sisinternational.com\/wp-content\/uploads\/2025\/08\/Bean-soybean-3-300x168.jpg 300w, https:\/\/www.sisinternational.com\/wp-content\/uploads\/2025\/08\/Bean-soybean-3-1024x574.jpg 1024w, https:\/\/www.sisinternational.com\/wp-content\/uploads\/2025\/08\/Bean-soybean-3-768x430.jpg 768w, https:\/\/www.sisinternational.com\/wp-content\/uploads\/2025\/08\/Bean-soybean-3-18x10.jpg 18w\" sizes=\"auto, (max-width: 1456px) 100vw, 1456px\"><\/figure>\n\n\n\n<p><\/p>\n\n\n\n<p>Les produits \u00e0 base de soja peuvent \u00eatre class\u00e9s en fonction de leur application dans diverses industries, telles que l&#039;alimentation et les boissons, l&#039;alimentation animale, les biocarburants et les produits industriels.<\/p>\n\n\n\n<h3 class=\"wp-block-heading\">Canaux de distribution<\/h3>\n\n\n\n<p>Cela inclura les canaux de distribution par lesquels ils sont vendus. Les canaux de vente au d\u00e9tail, tels que les supermarch\u00e9s et les magasins sp\u00e9cialis\u00e9s, ainsi que les canaux commerciaux, tels que les restaurants et les fabricants de produits alimentaires, entrent dans cette cat\u00e9gorie.<\/p>\n\n\n\n<h3 class=\"wp-block-heading\">G\u00e9ographie<\/h3>\n\n\n\n<p>L\u2019industrie du soja peut \u00eatre divis\u00e9e en diff\u00e9rentes zones o\u00f9 il est produit localement. Cela inclura \u00e9galement les pays qui exportent du soja et ses sous-produits dans le monde entier.<\/p>\n\n\n\n<h3 class=\"wp-block-heading\">Produit final<\/h3>\n\n\n\n<figure class=\"gb-block-image gb-block-image-8b4b9f0f\"><img loading=\"lazy\" decoding=\"async\" width=\"1456\" height=\"816\" class=\"gb-image gb-image-8b4b9f0f\" src=\"https:\/\/www.sisinternational.com\/wp-content\/uploads\/2025\/08\/Bean-soybean-1.jpg\" alt=\"\u00c9tudes de march\u00e9 et strat\u00e9gie internationales SIS\" title=\"Bean soybean (1)\" srcset=\"https:\/\/www.sisinternational.com\/wp-content\/uploads\/2025\/08\/Bean-soybean-1.jpg 1456w, https:\/\/www.sisinternational.com\/wp-content\/uploads\/2025\/08\/Bean-soybean-1-300x168.jpg 300w, https:\/\/www.sisinternational.com\/wp-content\/uploads\/2025\/08\/Bean-soybean-1-1024x574.jpg 1024w, https:\/\/www.sisinternational.com\/wp-content\/uploads\/2025\/08\/Bean-soybean-1-768x430.jpg 768w, https:\/\/www.sisinternational.com\/wp-content\/uploads\/2025\/08\/Bean-soybean-1-18x10.jpg 18w\" sizes=\"auto, (max-width: 1456px) 100vw, 1456px\"><\/figure>\n\n\n\n<p><\/p>\n\n\n\n<p>Les produits \u00e0 base de soja peuvent \u00eatre class\u00e9s en fonction de leur utilisation pr\u00e9vue. Cela comprendra, sans s&#039;y limiter, les \u00e9l\u00e9ments suivants\u00a0:<\/p>\n\n\n\n<ul class=\"wp-block-list\">\n<li>Ingr\u00e9dients pr\u00e9sents dans des produits alimentaires tels que le tofu, le lait de soja, la sauce soja et les substituts de viande<\/li>\n\n\n\n<li>Les aliments pour animaux tels que la farine de soja constituent une source de prot\u00e9ines et d\u2019acides amin\u00e9s essentiels de haute qualit\u00e9 pour la nutrition animale.<\/li>\n\n\n\n<li>L&#039;huile de soja est utilis\u00e9e dans diverses applications industrielles, notamment comme lubrifiant, dans les encres d&#039;imprimerie et dans la fabrication de biodiesel.<\/li>\n\n\n\n<li>L&#039;isolat de prot\u00e9ine de soja est souvent utilis\u00e9 comme compl\u00e9ment nutritionnel, en particulier pour les athl\u00e8tes et les bodybuilders qui ont besoin d&#039;un apport \u00e9lev\u00e9 en prot\u00e9ines.<\/li>\n\n\n\n<li>Soybean oil is used in a variety of <a href=\"https:\/\/www.sisinternational.com\/fr\/competence\/cv-dexperience\/etude-de-marche-sur-les-produits-de-soins-personnels\/\" title=\"\u00c9tude de march\u00e9 sur les produits de soins personnels\"  data-wpil-monitor-id=\"8109\">personal care products<\/a>, such as conditioners, moisturizers, and skincare products.<\/li>\n<\/ul>\n\n\n\n<h2 class=\"wp-block-heading\">Facteurs ayant un impact sur les \u00e9tudes de march\u00e9 sur le soja<\/h2>\n\n\n\n<p>The soybean <a href=\"https:\/\/www.sisinternational.com\/fr\/solutions\/solutions-de-branding-et-de-recherche-client\/etude-de-marche-des-influenceurs\/\" title=\"\u00c9tude de march\u00e9 sur les influenceurs\"  data-wpil-monitor-id=\"8112\">market is influenced<\/a> by a wide range of factors that can impact prices, supply and demand, and overall industry performance. Here are some of the <a href=\"https:\/\/www.sisinternational.com\/fr\/competence\/les-industries\/sur-les-meilleures-etudes-de-marche-sur-les-medias-ott\/\" title=\"\u00c9tude de march\u00e9 sur les m\u00e9dias sup\u00e9rieurs (OTT)\"  data-wpil-monitor-id=\"6211\">top impacting factors in soybean market research:<\/a><\/p>\n\n\n\n<ul class=\"wp-block-list\">\n<li><strong>Demande globale:<\/strong> Le soja est une source importante de prot\u00e9ines et d\u2019huile pour l\u2019alimentation animale, l\u2019alimentation humaine et les biocarburants. La demande mondiale pour ces produits peut avoir un impact significatif sur les prix et la production du soja.<\/li>\n\n\n\n<li><strong>Climat:<\/strong> Weather conditions such as droughts, floods, and extreme temperatures can affect soybean yields and quality. This can impact supply and <a href=\"https:\/\/www.sisinternational.com\/fr\/solutions\/recherche-de-conseil-en-strategie-fintech\/etude-de-marche-sur-les-prix\/\" title=\"\u00c9tude de march\u00e9 sur les prix\"  data-wpil-monitor-id=\"8113\">prices in the soybean market<\/a>.<\/li>\n\n\n\n<li><strong>Politiques commerciales\u00a0:<\/strong> Les politiques commerciales internationales peuvent affecter les flux de soja et de produits \u00e0 base de soja entre les pays. Les accords commerciaux et les tarifs douaniers peuvent avoir un impact sur la demande et les prix du soja.<\/li>\n\n\n\n<li><strong>Politiques gouvernementales\u00a0:<\/strong> Les politiques gouvernementales telles que les subventions, les mandats et les r\u00e9glementations peuvent affecter la production et la demande de soja. Par exemple, les obligations li\u00e9es aux biocarburants peuvent accro\u00eetre la demande de soja, tandis que les r\u00e9glementations environnementales peuvent avoir un impact sur les pratiques de production.<\/li>\n\n\n\n<li><strong>Concurrence des autres cultures :<\/strong> Le soja fait face \u00e0 la concurrence d\u2019autres cultures comme le ma\u00efs, le bl\u00e9 et le canola. Les changements dans les prix et la production des cultures peuvent affecter les prix et la demande du soja.<\/li>\n\n\n\n<li><strong>Les avanc\u00e9es technologiques:<\/strong> Les progr\u00e8s technologiques en mati\u00e8re de g\u00e9n\u00e9tique des cultures, d\u2019agriculture de pr\u00e9cision et de transformation peuvent am\u00e9liorer les rendements, la qualit\u00e9 et l\u2019efficacit\u00e9 du soja. Ces progr\u00e8s peuvent avoir un impact sur les co\u00fbts de production et l\u2019offre sur le march\u00e9 du soja.<\/li>\n\n\n\n<li><strong>Tendances de consommation\u00a0:<\/strong> Les changements dans les pr\u00e9f\u00e9rences et les tendances des consommateurs peuvent affecter la demande de produits \u00e0 base de soja tels que le tofu, le lait de soja et la sauce soja. Cela peut avoir un impact sur les prix et la production du soja et des produits \u00e0 base de soja.<\/li>\n<\/ul>\n\n\n\n<h2 class=\"wp-block-heading\">M\u00e9thodes utilis\u00e9es pour les \u00e9tudes de march\u00e9 sur le soja<\/h2>\n\n\n\n<p>L\u2019\u00e9tude de march\u00e9 sur le soja consiste \u00e0 collecter et \u00e0 analyser des donn\u00e9es li\u00e9es \u00e0 l\u2019industrie du soja, notamment l\u2019offre, la demande, les prix et les tendances du march\u00e9.<\/p>\n\n\n\n<h3 class=\"wp-block-heading\">Voici les \u00e9tapes g\u00e9n\u00e9rales \u00e0 suivre pour mener une \u00e9tude de march\u00e9 sur le soja\u00a0:<\/h3>\n\n\n\n<ul class=\"wp-block-list\">\n<li>Il est imp\u00e9ratif que les objectifs de la recherche soient clairement d\u00e9finis. Cela guidera l\u2019orientation de l\u2019\u00e9tude de march\u00e9 sur le soja.<br>Data and <a href=\"https:\/\/www.sisinternational.com\/fr\/le-role-du-developpement-de-processus-et-de-systemes-dans-la-reussite-organisationnelle\/\" title=\"\u00c9tude de march\u00e9 sur la conception organisationnelle\"  data-wpil-monitor-id=\"8108\">strategies in soybean market<\/a> industry can be collected from credible sources, such as commercial and government reports and industry publications.<\/li>\n\n\n\n<li>Implementation of different research methods such as surveys, interviews, and focus <a href=\"https:\/\/www.sisinternational.com\/fr\/couverture\/leurope-%ef%83%97\/etude-de-marche-liverpool-royaume-uni\/\" title=\"\u00c9tude de march\u00e9 \u00e0 Liverpool | Groupes de discussion et collecte de donn\u00e9es au Royaume-Uni\"  data-wpil-monitor-id=\"8114\">groups can also be used to collect<\/a> data directly from farmers, consumers, and industry experts.<\/li>\n\n\n\n<li><a href=\"https:\/\/www.sisinternational.com\/fr\/etude-de-cas-sis-sur-les-informations-en-magasin-dans-le-monde-entier\/\" title=\"Informations sur les acheteurs en magasin \u2014 \u00c9tude de cas d&#039;\u00e9tude de march\u00e9\"  data-wpil-monitor-id=\"8111\">Market Research provides insights<\/a> that are analyzed to identify patterns, trends, and relationships between different aspects of the industry.<\/li>\n<\/ul>\n\n\n\n<h2 class=\"wp-block-heading\">Acteurs majeurs de la fili\u00e8re soja<\/h2>\n\n\n\n<figure class=\"gb-block-image gb-block-image-78ee92e6\"><img loading=\"lazy\" decoding=\"async\" width=\"1456\" height=\"816\" class=\"gb-image gb-image-78ee92e6\" src=\"https:\/\/www.sisinternational.com\/wp-content\/uploads\/2025\/08\/Bean-soybean-4.jpg\" alt=\"\u00c9tudes de march\u00e9 et strat\u00e9gie internationales SIS\" title=\"Bean soybean (4)\" srcset=\"https:\/\/www.sisinternational.com\/wp-content\/uploads\/2025\/08\/Bean-soybean-4.jpg 1456w, https:\/\/www.sisinternational.com\/wp-content\/uploads\/2025\/08\/Bean-soybean-4-300x168.jpg 300w, https:\/\/www.sisinternational.com\/wp-content\/uploads\/2025\/08\/Bean-soybean-4-1024x574.jpg 1024w, https:\/\/www.sisinternational.com\/wp-content\/uploads\/2025\/08\/Bean-soybean-4-768x430.jpg 768w, https:\/\/www.sisinternational.com\/wp-content\/uploads\/2025\/08\/Bean-soybean-4-18x10.jpg 18w\" sizes=\"auto, (max-width: 1456px) 100vw, 1456px\"><\/figure>\n\n\n\n<p><\/p>\n\n\n\n<p>L\u2019industrie du soja est vaste et diversifi\u00e9e, avec de nombreux acteurs cl\u00e9s op\u00e9rant dans diff\u00e9rents segments. Voici quelques-uns des principaux acteurs de l\u2019industrie du soja\u00a0:<\/p>\n\n\n\n<ul class=\"wp-block-list\">\n<li>Archer-Daniels-Midland Co. (huiles de soja)<\/li>\n\n\n\n<li>Cargill, Inc (huile de soja)<\/li>\n\n\n\n<li>CHS Inc. (Huile de soja)<\/li>\n\n\n\n<li>Danone Am\u00e9rique du Nord (Farine de soja)<\/li>\n\n\n\n<li>DuPont de Nemours, Inc. (Produits \u00e0 base de soja)<\/li>\n\n\n\n<li>Fuji Oil Group (produits\/ingr\u00e9dients \u00e0 base de soja)<\/li>\n\n\n\n<li>House Foods Corporation (tofu sans OGM)<\/li>\n\n\n\n<li>Kerry Group plc (Solution alimentaire \u00e0 base de plantes)<\/li>\n\n\n\n<li>Nordic Soya Oy (Concentr\u00e9 de prot\u00e9ines de soja)<\/li>\n\n\n\n<li>Scoular (lait de soja)<\/li>\n<\/ul>\n\n\n\n<p>These companies are involved in different segments of the soybean industry, including production, processing, distribution, and marketing. They have a significant presence in other regions worldwide and play an essential role in shaping the soybean <a href=\"https:\/\/www.sisinternational.com\/fr\/solutions\/conseil-en-strategie\/etude-de-marche-de-produits-minimum-viables\/\" title=\"\u00c9tude de march\u00e9 sur les produits minimum viables\"  data-wpil-monitor-id=\"8115\">market through their production<\/a> and pricing decisions. Additionally, many smaller companies and farmers are involved in the soybean industry, particularly in developing countries where soybeans are a significant crop for smallholder farmers.<\/p>\n\n\n\n<h2 class=\"wp-block-heading\">Avantages de mener une \u00e9tude de march\u00e9 sur le soja<\/h2>\n\n\n\n<p>L\u2019\u00e9tude de march\u00e9 sur le soja fournit des informations b\u00e9n\u00e9fiques pour les raisons suivantes :<\/p>\n\n\n\n<ul class=\"wp-block-list\">\n<li>Les \u00e9tudes de march\u00e9 sur le soja aident les entreprises \u00e0 comprendre les tendances actuelles du march\u00e9, y compris les changements dans la demande, l\u2019offre et les prix.<\/li>\n\n\n\n<li>En analysant les donn\u00e9es du march\u00e9, les entreprises peuvent identifier de nouvelles opportunit\u00e9s dans l&#039;industrie du soja, telles que les march\u00e9s \u00e9mergents, de nouvelles applications ou des collaborations potentielles avec d&#039;autres entreprises.<\/li>\n\n\n\n<li>Les \u00e9tudes de march\u00e9 sur le soja peuvent aider les entreprises \u00e0 identifier les risques et les d\u00e9fis potentiels, tels que les changements de r\u00e9glementation, les \u00e9v\u00e9nements m\u00e9t\u00e9orologiques ou les perturbations de la cha\u00eene d&#039;approvisionnement. En comprenant ces risques, les entreprises peuvent prendre des mesures proactives pour les g\u00e9rer et att\u00e9nuer leur impact.<\/li>\n\n\n\n<li>By understanding the <a href=\"https:\/\/www.sisinternational.com\/fr\/global-beverage-market\/\" title=\"Global Beverage Market: Market Dynamics, Growth Projections &amp; Consumer Insights\"  data-wpil-monitor-id=\"8110\">market dynamics and consumer<\/a> preferences, businesses can develop more competitive products and services that meet the needs of their customers.<\/li>\n<\/ul>\n\n\n\n<h2 class=\"wp-block-heading\">\u00c0 propos de l\u2019\u00e9tude de march\u00e9 sur le soja<\/h2>\n\n\n\n<p>Les r\u00e9sultats de la recherche peuvent \u00eatre communiqu\u00e9s aux parties prenantes via des rapports, des pr\u00e9sentations et des visualisations. Les \u00e9tudes de march\u00e9 sur le soja fournissent des informations qui peuvent \u00e9galement \u00eatre utilis\u00e9es pour \u00e9clairer les discussions et les d\u00e9cisions politiques de l\u2019industrie. Les donn\u00e9es et les strat\u00e9gies de l\u2019industrie du march\u00e9 du soja peuvent guider les principaux acteurs de l\u2019industrie \u00e0 prendre des d\u00e9cisions \u00e9clair\u00e9es. Diverses industries et entreprises peuvent optimiser leurs strat\u00e9gies de production, de tarification et de marketing, ce qui peut entra\u00eener une rentabilit\u00e9 et une croissance accrues.<\/p>","protected":false},"excerpt":{"rendered":"<p>Les \u00e9tudes de march\u00e9 sur le soja donnent un aper\u00e7u de la demande des consommateurs, des changements climatiques, des directives r\u00e9glementaires et des perturbations de la cha\u00eene d\u2019approvisionnement.<\/p>","protected":false},"author":1,"featured_media":63775,"parent":22018,"menu_order":228,"comment_status":"closed","ping_status":"closed","template":"","meta":{"footnotes":""},"class_list":["post-41922","page","type-page","status-publish","has-post-thumbnail"],"_links":{"self":[{"href":"https:\/\/www.sisinternational.com\/fr\/wp-json\/wp\/v2\/pages\/41922","targetHints":{"allow":["GET"]}}],"collection":[{"href":"https:\/\/www.sisinternational.com\/fr\/wp-json\/wp\/v2\/pages"}],"about":[{"href":"https:\/\/www.sisinternational.com\/fr\/wp-json\/wp\/v2\/types\/page"}],"author":[{"embeddable":true,"href":"https:\/\/www.sisinternational.com\/fr\/wp-json\/wp\/v2\/users\/1"}],"replies":[{"embeddable":true,"href":"https:\/\/www.sisinternational.com\/fr\/wp-json\/wp\/v2\/comments?post=41922"}],"version-history":[{"count":5,"href":"https:\/\/www.sisinternational.com\/fr\/wp-json\/wp\/v2\/pages\/41922\/revisions"}],"predecessor-version":[{"id":81366,"href":"https:\/\/www.sisinternational.com\/fr\/wp-json\/wp\/v2\/pages\/41922\/revisions\/81366"}],"up":[{"embeddable":true,"href":"https:\/\/www.sisinternational.com\/fr\/wp-json\/wp\/v2\/pages\/22018"}],"wp:featuredmedia":[{"embeddable":true,"href":"https:\/\/www.sisinternational.com\/fr\/wp-json\/wp\/v2\/media\/63775"}],"wp:attachment":[{"href":"https:\/\/www.sisinternational.com\/fr\/wp-json\/wp\/v2\/media?parent=41922"}],"curies":[{"name":"wp","href":"https:\/\/api.w.org\/{rel}","templated":true}]}}