{"id":41918,"date":"2023-03-19T15:00:13","date_gmt":"2023-03-19T19:00:13","guid":{"rendered":"https:\/\/www.sisinternational.com\/?page_id=41918"},"modified":"2026-01-25T16:37:06","modified_gmt":"2026-01-25T21:37:06","slug":"etude-de-marche-sur-les-textiles-intelligents","status":"publish","type":"page","link":"https:\/\/www.sisinternational.com\/fr\/competence\/etude-de-marche-sur-les-textiles-intelligents\/","title":{"rendered":"\u00c9tude de march\u00e9 sur les textiles intelligents"},"content":{"rendered":"<h1 class=\"wp-block-heading\">\u00c9tude de march\u00e9 sur les textiles intelligents<\/h1>\n\n\n\n<figure class=\"gb-block-image gb-block-image-69cb543f\"><img loading=\"lazy\" decoding=\"async\" width=\"1456\" height=\"816\" class=\"gb-image gb-image-69cb543f\" src=\"https:\/\/www.sisinternational.com\/wp-content\/uploads\/2025\/08\/Smart-clothes-smart-textiles-1.jpg\" alt=\"\u00c9tudes de march\u00e9 et strat\u00e9gie internationales SIS\" title=\"Smart clothes smart textiles (1)\" srcset=\"https:\/\/www.sisinternational.com\/wp-content\/uploads\/2025\/08\/Smart-clothes-smart-textiles-1.jpg 1456w, https:\/\/www.sisinternational.com\/wp-content\/uploads\/2025\/08\/Smart-clothes-smart-textiles-1-300x168.jpg 300w, https:\/\/www.sisinternational.com\/wp-content\/uploads\/2025\/08\/Smart-clothes-smart-textiles-1-1024x574.jpg 1024w, https:\/\/www.sisinternational.com\/wp-content\/uploads\/2025\/08\/Smart-clothes-smart-textiles-1-768x430.jpg 768w, https:\/\/www.sisinternational.com\/wp-content\/uploads\/2025\/08\/Smart-clothes-smart-textiles-1-18x10.jpg 18w\" sizes=\"auto, (max-width: 1456px) 100vw, 1456px\"><\/figure>\n\n\n\n<div><\/div>\n\n\n\n<p>Les textiles intelligents sont \u00e9galement appel\u00e9s textiles \u00e9lectroniques ou e-textiles. Ce sont des tissus ou des mat\u00e9riaux qui int\u00e8grent des composants \u00e9lectroniques et de la technologie. Ainsi, ils offrent des fonctionnalit\u00e9s am\u00e9lior\u00e9es. Un autre avantage de ces textiles est qu\u2019ils peuvent r\u00e9agir aux changements de leur environnement. Par exemple, ils r\u00e9agissent \u00e0 la temp\u00e9rature ou \u00e0 la lumi\u00e8re. Vous pouvez les programmer pour ex\u00e9cuter d&#039;autres fonctions. Ils peuvent \u00e9galement interagir avec d\u2019autres appareils ou syst\u00e8mes.<\/p>\n\n\n\n<p><a href=\"https:\/\/www.sisinternational.com\/fr\/etude-de-marche-sur-la-fabrication-intelligente\/\" title=\"\u00c9tude de march\u00e9 sur la fabrication intelligente\"  data-wpil-monitor-id=\"3621\">Manufacturers can make smart<\/a> textiles from a range of materials. For example, they can use natural fibers like cotton and silk. Or, they can work with synthetic materials like polyester and nylon. Furthermore, they can incorporate various electronic components. These components can include sensors, actuators, and conductive threads or yarns. The manufacturers weave, knit, or embroider them into the fabric.<\/p>\n\n\n\n<p>Un exemple de textiles intelligents est celui des v\u00eatements capables de v\u00e9rifier les signes vitaux ou de suivre les mouvements. Un autre exemple est celui des tissus capables de r\u00e9agir aux changements environnementaux. Ces tissus changent de couleur ou de forme. Certains textiles peuvent \u00e9galement produire de l\u2019\u00e9nergie gr\u00e2ce \u00e0 l\u2019\u00e9nergie solaire ou cin\u00e9tique. Les gens utilisent des textiles intelligents dans diverses applications. Certains domaines plus courants sont le sport et le fitness, les soins de sant\u00e9, ainsi que l&#039;arm\u00e9e et la d\u00e9fense.<\/p>\n\n\n\n<p>Smart textiles offer a wide range of possibilities for <a href=\"https:\/\/www.sisinternational.com\/fr\/sante-intelligente\/\" title=\"\u00c9tude de march\u00e9 sur la sant\u00e9 intelligente\"  data-wpil-monitor-id=\"1953\">innovative<\/a> and functional designs. Moreover, they enhance the user experience and provide new levels of interactivity and connectivity.<\/p>\n\n\n\n<h2 class=\"wp-block-heading\">Pourquoi les textiles intelligents sont-ils importants ?<\/h2>\n\n\n\n<p>Les textiles intelligents offrent une gamme d\u2019avantages et d\u2019applications. Ils constituent donc un domaine important d\u2019innovation et de d\u00e9veloppement. Voici quelques raisons pour lesquelles les textiles intelligents sont essentiels.<\/p>\n\n\n\n<p>Les textiles intelligents peuvent offrir des fonctionnalit\u00e9s am\u00e9lior\u00e9es. Un autre point cl\u00e9 est qu\u2019ils ont des capacit\u00e9s qui ne sont pas possibles avec les tissus ou mat\u00e9riaux traditionnels.<\/p>\n\n\n\n<p>La conception de textiles intelligents peut offrir un confort et une commodit\u00e9 accrus aux utilisateurs. Par exemple, certains tissus intelligents ajustent leurs propri\u00e9t\u00e9s thermiques en fonction des conditions environnementales. D&#039;autres offrent des propri\u00e9t\u00e9s d&#039;\u00e9vacuation de l&#039;humidit\u00e9 pour une meilleure respirabilit\u00e9.<\/p>\n\n\n\n<p>Les fabricants peuvent concevoir des textiles intelligents avec un impact environnemental moindre que les textiles traditionnels. Par exemple, certains textiles g\u00e9n\u00e8rent de l\u2019\u00e9nergie gr\u00e2ce \u00e0 l\u2019\u00e9nergie solaire ou cin\u00e9tique. En fait, ils r\u00e9duisent le besoin de batteries ou d\u2019autres sources d\u2019\u00e9nergie non renouvelables. Les textiles intelligents offrent une plateforme d\u2019innovation et de cr\u00e9ativit\u00e9 en mati\u00e8re de design ainsi que de fonctionnalit\u00e9. Les fabricants continuent de d\u00e9velopper de nouveaux composants et mat\u00e9riaux \u00e9lectroniques. Ainsi, les possibilit\u00e9s d\u2019applications textiles intelligentes continueront de s\u2019\u00e9tendre et d\u2019\u00e9voluer.<\/p>\n\n\n\n<p>Les textiles intelligents peuvent am\u00e9liorer la sant\u00e9 et la s\u00e9curit\u00e9 dans de nombreuses applications. Par exemple, les gens peuvent utiliser des textiles pour v\u00e9rifier les signes vitaux afin de d\u00e9tecter rapidement les probl\u00e8mes de sant\u00e9. Ceux qui disposent de capteurs et d\u2019autres technologies peuvent am\u00e9liorer la s\u00e9curit\u00e9 des travailleurs dans des environnements dangereux.<\/p>\n\n\n\n<h2 class=\"wp-block-heading\">Titres de poste cl\u00e9s<\/h2>\n\n\n\n<h3 class=\"wp-block-heading\">Voici quelques titres de postes cl\u00e9s li\u00e9s au domaine des textiles intelligents\u00a0:<\/h3>\n\n\n\n<ol class=\"wp-block-list\">\n<li><strong>Ing\u00e9nieur Textile :<\/strong> con\u00e7oit et d\u00e9veloppe des produits textiles, notamment des textiles intelligents. Ils travaillent avec des mat\u00e9riaux, des processus et des \u00e9quipements. Ces ing\u00e9nieurs cr\u00e9ent des textiles qui r\u00e9pondent \u00e0 des exigences fonctionnelles et esth\u00e9tiques sp\u00e9cifiques.<\/li>\n\n\n\n<li><strong>Cr\u00e9ateur textile :<\/strong> cr\u00e9e des motifs, des imprim\u00e9s et des designs pour des produits textiles, y compris des textiles intelligents. Ils utilisent des logiciels de conception assist\u00e9e par ordinateur et d&#039;autres outils. Ces outils cr\u00e9ent des designs textiles uniques et innovants.<\/li>\n\n\n\n<li><strong>Ing\u00e9nieur en \u00e9lectronique\u00a0:<\/strong> con\u00e7oit et d\u00e9veloppe des composants et des syst\u00e8mes \u00e9lectroniques. Ils cr\u00e9ent certains des syst\u00e8mes utilis\u00e9s dans les textiles intelligents. Ces ing\u00e9nieurs travaillent avec des capteurs, des microcontr\u00f4leurs et d&#039;autres composants \u00e9lectroniques. Ils cr\u00e9ent des syst\u00e8mes \u00e9lectroniques fonctionnels et fiables.<\/li>\n\n\n\n<li><strong>Ing\u00e9nieur Syst\u00e8mes Embarqu\u00e9s\u00a0:<\/strong> con\u00e7oit et d\u00e9veloppe des syst\u00e8mes logiciels et mat\u00e9riels. Ils int\u00e8grent ces syst\u00e8mes dans des textiles intelligents. Ils fonctionnent avec des microcontr\u00f4leurs, des capteurs et d&#039;autres composants. Ces ing\u00e9nieurs cr\u00e9ent des syst\u00e8mes textiles r\u00e9actifs et interactifs.<\/li>\n\n\n\n<li><strong>Concepteur de technologies portables\u00a0:<\/strong> cr\u00e9e des produits portables int\u00e9grant la technologie, notamment des textiles intelligents. Ils con\u00e7oivent des produits fonctionnels, confortables et esth\u00e9tiques. Ils incluent \u00e9galement des composants et des syst\u00e8mes \u00e9lectroniques dans les produits qu&#039;ils cr\u00e9ent.<\/li>\n\n\n\n<li><strong>Chef de produit\u00a0:<\/strong> supervise le d\u00e9veloppement et le lancement de produits textiles intelligents. Ils travaillent avec des ing\u00e9nieurs, des concepteurs et d\u2019autres parties prenantes. Ils veillent \u00e0 ce que les produits r\u00e9pondent aux besoins des clients et soient livr\u00e9s \u00e0 temps et dans les limites du budget.<\/li>\n\n\n\n<li><strong>Chercheur:<\/strong> conducts <a href=\"https:\/\/www.sisinternational.com\/fr\/competence\/les-industries\/etude-de-marche-sur-les-villes-intelligentes\/\" title=\"\u00c9tude de march\u00e9 sur les villes intelligentes\"  data-wpil-monitor-id=\"3412\">research and development activities related to smart<\/a> textiles. They work to develop new materials, technologies, and applications for smart textiles. They may work in academia, government, or industry.<\/li>\n<\/ol>\n\n\n\n<h2 class=\"wp-block-heading\">Pourquoi les entreprises ont besoin de textiles intelligents<\/h2>\n\n\n\n<p>Les entreprises peuvent profiter de l\u2019utilisation des textiles intelligents de plusieurs mani\u00e8res. Par exemple, ils peuvent avoir besoin de textiles intelligents en raison de l\u2019avantage concurrentiel qu\u2019ils offrent. Ils obtiennent cet avantage en proposant des produits uniques et innovants. Les textiles intelligents peuvent diff\u00e9rencier une entreprise de ses concurrents. Ils peuvent \u00e9galement attirer des clients \u00e0 la recherche de produits nouveaux et avanc\u00e9s.<br>Les textiles intelligents peuvent am\u00e9liorer l\u2019exp\u00e9rience client. Ils offrent une fonctionnalit\u00e9, un confort et une commodit\u00e9 accrus. Par exemple, les textiles intelligents peuvent offrir des fonctionnalit\u00e9s d\u2019\u00e9vacuation de l\u2019humidit\u00e9 et de contr\u00f4le de la temp\u00e9rature. Le suivi des activit\u00e9s est une autre fonctionnalit\u00e9 qui peut am\u00e9liorer l&#039;exp\u00e9rience utilisateur.<\/p>\n\n\n\n<p>Les textiles intelligents peuvent ouvrir de nouvelles sources de revenus aux entreprises. Par exemple, les entreprises peuvent vendre des produits textiles intelligents aux consommateurs. Ou bien, ils peuvent conc\u00e9der leur technologie sous licence \u00e0 d\u2019autres entreprises. De plus, diverses industries peuvent utiliser des textiles intelligents. Ces secteurs comprennent la sant\u00e9, le sport et le fitness, ainsi que l\u2019arm\u00e9e et la d\u00e9fense. Chacun peut cr\u00e9er de nouvelles opportunit\u00e9s commerciales.<\/p>\n\n\n\n<p>Les fabricants peuvent concevoir des textiles intelligents pour avoir un impact environnemental moindre. C\u2019est pourquoi les entreprises doivent se concentrer sur la durabilit\u00e9. Ils peuvent utiliser des textiles intelligents pour r\u00e9duire leur empreinte carbone. La durabilit\u00e9 peut \u00e9galement s\u00e9duire les clients soucieux de l\u2019environnement.<\/p>\n\n\n\n<p>Les textiles intelligents peuvent am\u00e9liorer l\u2019efficacit\u00e9 des entreprises. Ils automatisent des processus sp\u00e9cifiques et fournissent des donn\u00e9es en temps r\u00e9el. Par exemple, les textiles intelligents peuvent suivre les op\u00e9rations des stocks et de la cha\u00eene d\u2019approvisionnement.<\/p>\n\n\n\n<p>Les entreprises peuvent avoir besoin de textiles intelligents pour rester comp\u00e9titives et innover. Ces textiles leur permettent de r\u00e9pondre aux besoins changeants de leurs clients.<\/p>\n\n\n\n<h2 class=\"wp-block-heading\">Facteurs cl\u00e9s de succ\u00e8s<\/h2>\n\n\n\n<p>L\u2019innovation est un facteur de r\u00e9ussite crucial pour les entreprises travaillant avec des textiles intelligents. La capacit\u00e9 de d\u00e9velopper des produits nouveaux et uniques qui r\u00e9pondent aux besoins des clients est essentielle.<\/p>\n\n\n\n<p>La collaboration est essentielle pour les entreprises travaillant avec des textiles intelligents. Cela leur permet d\u2019acc\u00e9der \u00e0 une gamme d\u2019expertises et de ressources. Les entreprises doivent travailler avec des chercheurs, des fabricants et d\u2019autres parties prenantes. Cela peut les aider \u00e0 rester \u00e0 la pointe du d\u00e9veloppement de textiles intelligents.<\/p>\n\n\n\n<p>L&#039;expertise technique est essentielle pour les entreprises travaillant avec des textiles intelligents. Comprendre les principes de l&#039;ing\u00e9nierie textile, de l&#039;\u00e9lectronique et des syst\u00e8mes embarqu\u00e9s est essentiel. Il les aide \u00e0 d\u00e9velopper des produits textiles intelligents fonctionnels et fiables.<\/p>\n\n\n\n<p>Understanding the <a href=\"https:\/\/www.sisinternational.com\/fr\/analyse-de-lindustrie-textile\/\" title=\"\u00c9tude de march\u00e9 textile\"  data-wpil-monitor-id=\"2045\">market for smart textiles<\/a> is also essential. It\u2019s vital for businesses looking to succeed in this field. Firms must know the needs and preferences of target customers. They also need to know the competitive landscape. It can help them develop products that are successful in the marketplace.<\/p>\n\n\n\n<p>L&#039;\u00e9volutivit\u00e9 est un facteur de r\u00e9ussite essentiel pour les entreprises travaillant avec des textiles intelligents. La capacit\u00e9 d\u2019augmenter la production et la distribution est essentielle pour r\u00e9pondre \u00e0 la demande. Cela garantit \u00e9galement la rentabilit\u00e9.<\/p>\n\n\n\n<p>La protection de la propri\u00e9t\u00e9 intellectuelle est essentielle pour les entreprises travaillant avec des textiles intelligents. Les brevets, marques et autres formes de protection peuvent aider les entreprises \u00e0 prot\u00e9ger leurs innovations. Cela emp\u00eache \u00e9galement les concurrents de copier leurs produits.<\/p>\n\n\n\n<h2 class=\"wp-block-heading\">\u00c0 propos de l\u2019\u00e9tude de march\u00e9 sur les textiles intelligents<\/h2>\n\n\n\n<p>Why should you entrust your <a href=\"https:\/\/www.sisinternational.com\/fr\/etude-de-marche-sur-la-mobilite-intelligente\/\" title=\"\u00c9tude de march\u00e9 sur la mobilit\u00e9 intelligente\"  data-wpil-monitor-id=\"1917\">\u00c9tude de march\u00e9 sur les textiles intelligents<\/a> to SIS International? The first reason is our infallible methods. These methods enable us to deliver high-level data integrity and accurate Competitive Analyses. We also provide impeccable Quantitative and <a class=\"wpil_keyword_link\" href=\"https:\/\/www.sisinternational.com\/fr\/solutions\/solutions-de-recherche-qualitative-et-quantitative\/\"   title=\"Solutions de recherche qualitative et quantitative\" data-wpil-keyword-link=\"linked\"  data-wpil-monitor-id=\"707\">\u00c9tude de march\u00e9 qualitative<\/a>. You\u2019ll get the best customized <a href=\"https:\/\/www.sisinternational.com\/fr\/etude-de-marche-de-vente-au-detail-intelligente\/\" title=\"\u00c9tude de march\u00e9 de vente au d\u00e9tail intelligente\"  data-wpil-monitor-id=\"2544\">Recherche d&#039;opportunit\u00e9s de march\u00e9<\/a> to meet your needs. You also receive targeted Strategy Market Research. This research provides pertinent information and saves your readers\u2019 time.<\/p>\n\n\n\n<p>SIS provides B2B <a href=\"https:\/\/www.sisinternational.com\/fr\/competence\/les-industries\/etude-de-marche-sur-la-resine\/\" title=\"\u00c9tude de march\u00e9 sur la r\u00e9sine\"  data-wpil-monitor-id=\"3216\">Recherche d&#039;entr\u00e9e sur le march\u00e9<\/a> on high-growth emerging opportunities like smart textiles. We also offer UX Market Research and can provide Focus Groups and conduct Surveys and Interviews to inform your Go to Market Strategy.<\/p>","protected":false},"excerpt":{"rendered":"<p>Les textiles intelligents, \u00e9galement appel\u00e9s textiles \u00e9lectroniques ou \u00e9lectroniques, sont des tissus ou des mat\u00e9riaux qui int\u00e8grent des composants et des technologies \u00e9lectroniques. <\/p>","protected":false},"author":1,"featured_media":64557,"parent":14514,"menu_order":226,"comment_status":"closed","ping_status":"closed","template":"","meta":{"footnotes":""},"class_list":["post-41918","page","type-page","status-publish","has-post-thumbnail"],"_links":{"self":[{"href":"https:\/\/www.sisinternational.com\/fr\/wp-json\/wp\/v2\/pages\/41918","targetHints":{"allow":["GET"]}}],"collection":[{"href":"https:\/\/www.sisinternational.com\/fr\/wp-json\/wp\/v2\/pages"}],"about":[{"href":"https:\/\/www.sisinternational.com\/fr\/wp-json\/wp\/v2\/types\/page"}],"author":[{"embeddable":true,"href":"https:\/\/www.sisinternational.com\/fr\/wp-json\/wp\/v2\/users\/1"}],"replies":[{"embeddable":true,"href":"https:\/\/www.sisinternational.com\/fr\/wp-json\/wp\/v2\/comments?post=41918"}],"version-history":[{"count":11,"href":"https:\/\/www.sisinternational.com\/fr\/wp-json\/wp\/v2\/pages\/41918\/revisions"}],"predecessor-version":[{"id":77829,"href":"https:\/\/www.sisinternational.com\/fr\/wp-json\/wp\/v2\/pages\/41918\/revisions\/77829"}],"up":[{"embeddable":true,"href":"https:\/\/www.sisinternational.com\/fr\/wp-json\/wp\/v2\/pages\/14514"}],"wp:featuredmedia":[{"embeddable":true,"href":"https:\/\/www.sisinternational.com\/fr\/wp-json\/wp\/v2\/media\/64557"}],"wp:attachment":[{"href":"https:\/\/www.sisinternational.com\/fr\/wp-json\/wp\/v2\/media?parent=41918"}],"curies":[{"name":"wp","href":"https:\/\/api.w.org\/{rel}","templated":true}]}}