{"id":41915,"date":"2023-03-18T22:53:00","date_gmt":"2023-03-19T02:53:00","guid":{"rendered":"https:\/\/www.sisinternational.com\/?page_id=41915"},"modified":"2025-10-20T23:43:35","modified_gmt":"2025-10-21T03:43:35","slug":"etude-de-marche-du-transport-maritime-et-de-la-logistique","status":"publish","type":"page","link":"https:\/\/www.sisinternational.com\/fr\/competence\/etude-de-marche-du-transport-maritime-et-de-la-logistique\/","title":{"rendered":"\u00c9tude de march\u00e9 sur le transport maritime et la logistique"},"content":{"rendered":"<h1 class=\"wp-block-heading\">\u00c9tude de march\u00e9 sur le transport maritime et la logistique<\/h1>\n\n\n\n<figure class=\"gb-block-image gb-block-image-d6a35eda\"><img loading=\"lazy\" decoding=\"async\" width=\"1456\" height=\"816\" class=\"gb-image gb-image-d6a35eda\" src=\"https:\/\/www.sisinternational.com\/wp-content\/uploads\/2025\/08\/Dropshipping-1.jpg\" alt=\"\u00c9tudes de march\u00e9 et strat\u00e9gie internationales SIS\" title=\"Dropshipping (1)\" srcset=\"https:\/\/www.sisinternational.com\/wp-content\/uploads\/2025\/08\/Dropshipping-1.jpg 1456w, https:\/\/www.sisinternational.com\/wp-content\/uploads\/2025\/08\/Dropshipping-1-300x168.jpg 300w, https:\/\/www.sisinternational.com\/wp-content\/uploads\/2025\/08\/Dropshipping-1-1024x574.jpg 1024w, https:\/\/www.sisinternational.com\/wp-content\/uploads\/2025\/08\/Dropshipping-1-768x430.jpg 768w, https:\/\/www.sisinternational.com\/wp-content\/uploads\/2025\/08\/Dropshipping-1-18x10.jpg 18w\" sizes=\"auto, (max-width: 1456px) 100vw, 1456px\"><\/figure>\n\n\n\n<p><\/p>\n\n\n\n<p>En menant des \u00e9tudes de march\u00e9 compl\u00e8tes sur le secteur du transport maritime et de la logistique, les entreprises obtiennent des informations inestimables sur les tendances cl\u00e9s, les strat\u00e9gies concurrentielles, les potentiels de d\u00e9veloppement et les obstacles.<\/p>\n\n\n\n<p>Ce type d&#039;\u00e9tude de march\u00e9 est essentiel pour toute entreprise op\u00e9rant dans ce secteur, car elle lui permet de prendre des d\u00e9cisions \u00e9clair\u00e9es concernant ses op\u00e9rations et de pr\u00e9venir les risques potentiels dans un secteur hautement concurrentiel.<\/p>\n\n\n\n<h2 class=\"wp-block-heading\">Importance des \u00e9tudes de march\u00e9 sur le transport maritime et la logistique<\/h2>\n\n\n\n<p>Shipping and logistics market research is a vital tool for businesses within this industry because it allows them to obtain in-depth data that assist decision-makers. Here are a few reasons why shipping and <a href=\"https:\/\/www.sisinternational.com\/fr\/competence\/les-industries\/etude-de-marche-sur-la-logistique-tierce\/\" title=\"\u00c9tude de march\u00e9 sur la logistique tierce\"  data-wpil-monitor-id=\"4761\">logistics market research<\/a> is so important:<\/p>\n\n\n\n<ul class=\"wp-block-list\">\n<li>Through exhaustive <a href=\"https:\/\/www.sisinternational.com\/fr\/competence\/les-industries\/etude-de-marche-du-fret-2\/\" title=\"\u00c9tude de march\u00e9 du fret \u2014 Transit et exp\u00e9dition de fret\"  data-wpil-monitor-id=\"6484\">\u00e9tude de march\u00e9 du transport maritime et de la logistique<\/a>, businesses can correct the course of their operations and strategies by recognizing shifts in customer needs, technology breakthroughs, and fluctuations in demand. Being aware of these changes gives an organization a competitive edge that will subsequently result in higher returns.<\/li>\n\n\n\n<li>Les \u00e9tudes de march\u00e9 sur le transport maritime et la logistique peuvent donner aux entreprises un avantage en d\u00e9terminant les forces, les faiblesses et la part de march\u00e9 de leurs concurrents. Ces informations sont essentielles \u00e0 la conception de plans marketing efficaces qui aideront les entreprises mondiales \u00e0 obtenir un avantage r\u00e9volutionnaire.<\/li>\n\n\n\n<li>Les \u00e9tudes de march\u00e9 r\u00e9v\u00e8lent des entreprises pr\u00e9sentant des domaines \u00e0 fort potentiel de croissance, tels que de nouveaux march\u00e9s, des technologies r\u00e9volutionnaires et des services innovants. Ces donn\u00e9es peuvent aider les entreprises \u00e0 d\u00e9velopper leurs op\u00e9rations tout en augmentant leurs sources de revenus.<\/li>\n\n\n\n<li>Les \u00e9tudes de march\u00e9 sur le transport maritime et la logistique aident les entreprises \u00e0 reconna\u00eetre les menaces et les probl\u00e8mes potentiels tels que les changements de r\u00e9glementation, les ralentissements \u00e9conomiques et les perturbations de la cha\u00eene d&#039;approvisionnement. Ces informations donnent aux entreprises la capacit\u00e9 de cr\u00e9er des plans d&#039;urgence et de se prot\u00e9ger contre les dangers.<\/li>\n<\/ul>\n\n\n\n<h2 class=\"wp-block-heading\">Meilleures pratiques pour mener des \u00e9tudes de march\u00e9 sur le transport maritime et la logistique<\/h2>\n\n\n\n<figure class=\"gb-block-image gb-block-image-84ccc661\"><img loading=\"lazy\" decoding=\"async\" width=\"1456\" height=\"816\" class=\"gb-image gb-image-84ccc661\" src=\"https:\/\/www.sisinternational.com\/wp-content\/uploads\/2025\/08\/Dropshipping-3.jpg\" alt=\"\u00c9tudes de march\u00e9 et strat\u00e9gie internationales SIS\" title=\"Dropshipping (3)\" srcset=\"https:\/\/www.sisinternational.com\/wp-content\/uploads\/2025\/08\/Dropshipping-3.jpg 1456w, https:\/\/www.sisinternational.com\/wp-content\/uploads\/2025\/08\/Dropshipping-3-300x168.jpg 300w, https:\/\/www.sisinternational.com\/wp-content\/uploads\/2025\/08\/Dropshipping-3-1024x574.jpg 1024w, https:\/\/www.sisinternational.com\/wp-content\/uploads\/2025\/08\/Dropshipping-3-768x430.jpg 768w, https:\/\/www.sisinternational.com\/wp-content\/uploads\/2025\/08\/Dropshipping-3-18x10.jpg 18w\" sizes=\"auto, (max-width: 1456px) 100vw, 1456px\"><\/figure>\n\n\n\n<ul class=\"wp-block-list\">\n<li>Pour acqu\u00e9rir une compr\u00e9hension approfondie du march\u00e9 du transport maritime et de la logistique, il est conseill\u00e9 d\u2019envisager plusieurs m\u00e9thodes de recherche telles que des enqu\u00eates, des groupes de discussion et des entretiens. En combinant diff\u00e9rentes approches dans le processus de recherche, les entreprises peuvent obtenir une image plus claire de ce qui se passe au sein de l\u2019industrie.<\/li>\n\n\n\n<li>Comprendre les mod\u00e8les et les r\u00e9glementations mondiales est n\u00e9cessaire pour garantir le succ\u00e8s d&#039;un projet de recherche dans cet espace. Garder un \u0153il sur les tendances internationales peut m\u00eame fournir des informations pertinentes qui sont essentielles au succ\u00e8s du transport maritime ou de la logistique.<\/li>\n\n\n\n<li>En travaillant aux c\u00f4t\u00e9s de professionnels sp\u00e9cialis\u00e9s dans le transport maritime et la logistique, les entreprises peuvent profiter de leur expertise pour garantir la pertinence et la pr\u00e9cision des recherches.<\/li>\n\n\n\n<li>Le secteur du transport maritime et de la logistique est en constante \u00e9volution et les technologies de pointe ont un immense impact sur lui. Le suivi de ces avanc\u00e9es peut aider les organisations \u00e0 trouver des opportunit\u00e9s innovantes ainsi que des dangers potentiels.<\/li>\n\n\n\n<li>En utilisant des outils de visualisation de donn\u00e9es, des informations complexes peuvent \u00eatre pr\u00e9sent\u00e9es efficacement et plus facilement comprises. Cela pourrait s\u2019av\u00e9rer inestimable lors de la discussion des r\u00e9sultats de la recherche avec les parties prenantes.<\/li>\n<\/ul>\n\n\n\n<h2 class=\"wp-block-heading\">Tendances du march\u00e9 des \u00e9tudes de march\u00e9 dans le domaine du transport maritime et de la logistique<\/h2>\n\n\n\n<p>Les \u00e9tudes de march\u00e9 sur le transport maritime et la logistique d\u00e9voilent plusieurs tendances qui red\u00e9finissent ce secteur. Voici quelques-unes de ses tendances les plus marquantes\u00a0:<\/p>\n\n\n\n<ul class=\"wp-block-list\">\n<li>L\u2019\u00e9norme croissance du commerce \u00e9lectronique a entra\u00een\u00e9 une demande extraordinaire en mati\u00e8re de services d\u2019exp\u00e9dition et de logistique pour r\u00e9pondre aux besoins des consommateurs. Selon les tendances actuelles du march\u00e9, les consommateurs s\u2019attendent \u00e0 ce que leurs achats en ligne soient livr\u00e9s rapidement. Pour r\u00e9pondre \u00e0 cette augmentation de la demande, les entreprises de livraison consacrent des efforts \u00e0 investir dans les progr\u00e8s technologiques ainsi que dans le d\u00e9veloppement des infrastructures.<\/li>\n\n\n\n<li>L\u2019accent est mis de plus en plus sur la durabilit\u00e9 \u00e0 mesure que les clients et les r\u00e9gulateurs s\u2019investissent davantage dans la r\u00e9duction des impacts environnementaux du transport maritime. Pour r\u00e9pondre \u00e0 cette demande, les entreprises de logistique ont innov\u00e9 en utilisant des carburants alternatifs et en r\u00e9duisant les \u00e9missions.<\/li>\n\n\n\n<li>En int\u00e9grant la technologie, les entreprises de transport et de logistique augmentent non seulement leurs niveaux d&#039;efficacit\u00e9, mais r\u00e9duisent \u00e9galement leurs co\u00fbts. L&#039;analyse des donn\u00e9es est \u00e9galement actuellement utilis\u00e9e pour optimiser les cha\u00eenes d&#039;approvisionnement tandis que l&#039;automatisation rationalise les op\u00e9rations.<\/li>\n\n\n\n<li>Les entreprises se tournent de plus en plus vers des prestataires logistiques tiers externalis\u00e9s pour r\u00e9duire les co\u00fbts et accro\u00eetre l&#039;efficacit\u00e9. Les \u00e9tudes de march\u00e9 confirment qu\u2019il s\u2019agit d\u2019une tendance croissante dans le monde des affaires.<\/li>\n\n\n\n<li>Les entreprises du secteur du transport maritime et de la logistique comprennent que l\u2019exp\u00e9rience client est essentielle au succ\u00e8s. C&#039;est pourquoi ils investissent massivement dans la fourniture d&#039;un suivi des exp\u00e9ditions en temps r\u00e9el, d&#039;options de livraison personnalis\u00e9es et de services sp\u00e9cialis\u00e9s adapt\u00e9s aux besoins de chaque client.<\/li>\n<\/ul>\n\n\n\n<h2 class=\"wp-block-heading\">Le paysage concurrentiel dans le secteur du transport maritime et de la logistique<\/h2>\n\n\n\n<p>Le transport maritime et la logistique sont un march\u00e9 hautement concurrentiel avec d\u2019innombrables concurrents qui se battent pour attirer l\u2019attention des consommateurs \u2013 et parmi les acteurs les plus importants de cette industrie lucrative figurent\u00a0:<\/p>\n\n\n\n<ul class=\"wp-block-list\">\n<li><strong>DHL<\/strong> propose des solutions compl\u00e8tes, comprenant le transport de fret a\u00e9rien et maritime, les services d&#039;entreposage et de distribution. Gr\u00e2ce \u00e0 sa solide pr\u00e9sence dans ce secteur, DHL permet aux entreprises de livrer leurs produits dans le monde entier en toute confiance.<\/li>\n\n\n\n<li><strong>FedEx<\/strong> est une soci\u00e9t\u00e9 internationale de services de livraison par courrier qui propose une suite compl\u00e8te de solutions d&#039;exp\u00e9dition et de logistique dans 220 pays \u00e0 travers le monde. Du courrier express au transport de fret, les possibilit\u00e9s avec FedEx sont infinies.<\/li>\n\n\n\n<li><strong>UPS<\/strong> est une soci\u00e9t\u00e9 de livraison de colis et de gestion de cha\u00eene d&#039;approvisionnement de renomm\u00e9e internationale qui propose une gamme compl\u00e8te de services, allant des solutions commerciales \u00e0 grande \u00e9chelle au service client \u00e0 petite \u00e9chelle.<\/li>\n\n\n\n<li><strong>Maersk<\/strong> est une compagnie maritime danoise proposant l&#039;exp\u00e9dition de conteneurs et la gestion de la cha\u00eene d&#039;approvisionnement, elle a cr\u00e9\u00e9 un vaste r\u00e9seau \u00e0 l&#039;\u00e9chelle mondiale.<\/li>\n<\/ul>\n\n\n\n<h2 class=\"wp-block-heading\">Opportunit\u00e9s et d\u00e9fis dans le secteur du transport maritime et de la logistique<\/h2>\n\n\n\n<figure class=\"gb-block-image gb-block-image-4ceea4dd\"><img loading=\"lazy\" decoding=\"async\" width=\"1456\" height=\"816\" class=\"gb-image gb-image-4ceea4dd\" src=\"https:\/\/www.sisinternational.com\/wp-content\/uploads\/2025\/08\/Dropshipping-2.jpg\" alt=\"\u00c9tudes de march\u00e9 et strat\u00e9gie internationales SIS\" title=\"Dropshipping (2)\" srcset=\"https:\/\/www.sisinternational.com\/wp-content\/uploads\/2025\/08\/Dropshipping-2.jpg 1456w, https:\/\/www.sisinternational.com\/wp-content\/uploads\/2025\/08\/Dropshipping-2-300x168.jpg 300w, https:\/\/www.sisinternational.com\/wp-content\/uploads\/2025\/08\/Dropshipping-2-1024x574.jpg 1024w, https:\/\/www.sisinternational.com\/wp-content\/uploads\/2025\/08\/Dropshipping-2-768x430.jpg 768w, https:\/\/www.sisinternational.com\/wp-content\/uploads\/2025\/08\/Dropshipping-2-18x10.jpg 18w\" sizes=\"auto, (max-width: 1456px) 100vw, 1456px\"><\/figure>\n\n\n\n<p><\/p>\n\n\n\n<p>Les \u00e9tudes de march\u00e9 sur le transport maritime et la logistique r\u00e9v\u00e8lent un certain nombre de tendances qui facilitent ou compliquent actuellement les activit\u00e9s des entreprises de ce secteur. Certaines des opportunit\u00e9s et des d\u00e9fis les plus importants sont les suivants\u00a0:<\/p>\n\n\n\n<h3 class=\"wp-block-heading\">Opportunit\u00e9s<\/h3>\n\n\n\n<ul class=\"wp-block-list\">\n<li>Alors que le monde recherche des solutions au changement climatique, il devient de plus en plus important d\u2019investir dans des pratiques de transport et de logistique respectueuses de l\u2019environnement. Les entreprises qui choisissent des v\u00e9hicules \u00e0 faibles \u00e9missions ou des sources d\u2019\u00e9nergie renouvelables b\u00e9n\u00e9ficieront d\u2019un avantage sur leurs concurrents, cr\u00e9ant ainsi une forte opportunit\u00e9 de croissance dans ce secteur.<\/li>\n\n\n\n<li><a href=\"https:\/\/www.sisinternational.com\/fr\/solutions\/ai-etudes-de-marche-et-conseil-en-strategie\/automatisation-de-la-logistique-dexpedition-conseil-en-ia\/\" title=\"Automatisation du transport maritime et logistique et conseil en IA\"  data-wpil-monitor-id=\"4377\">Shipping and logistics market research<\/a> reveal that companies that leverage automation, AI, and analytics can reduce operational costs while increasing productivity. By investing in these technological advancements, businesses will be well-prepared to compete in this industry.<\/li>\n\n\n\n<li>Avec la demande croissante de commerce \u00e9lectronique, les entreprises sp\u00e9cialis\u00e9es dans l\u2019exp\u00e9dition le jour m\u00eame ont une opportunit\u00e9 en or de capitaliser. De plus, les entreprises du secteur du commerce \u00e9lectronique peuvent investir dans leur propre r\u00e9seau logistique pour mieux contr\u00f4ler le processus de la cha\u00eene d\u2019approvisionnement.<\/li>\n\n\n\n<li>Les entreprises qui investissent d\u00e9sormais dans les march\u00e9s \u00e9mergents seront parfaitement plac\u00e9es pour r\u00e9compenser leur croissance \u00e0 long terme. Cela est d\u00fb \u00e0 la demande croissante de biens et de services de la part des \u00e9conomies en d\u00e9veloppement.<\/li>\n\n\n\n<li>La satisfaction du client devient rapidement la priorit\u00e9 absolue dans le domaine du transport et de la logistique. Les clients exigent une visibilit\u00e9 totale sur leurs exp\u00e9ditions, en mettant l&#039;accent sur la fiabilit\u00e9. Les entreprises qui offrent une exp\u00e9rience client de premier ordre seront en mesure de se d\u00e9marquer tout en cr\u00e9ant une base de consommateurs fid\u00e8les.<\/li>\n<\/ul>\n\n\n\n<h3 class=\"wp-block-heading\">D\u00e9fis<\/h3>\n\n\n\n<ul class=\"wp-block-list\">\n<li>Il existe de multiples r\u00e9glementations dans ce secteur et les entreprises doivent les respecter. Le non-respect de ces r\u00e9glementations peut entra\u00eener des amendes co\u00fbteuses, des retards prolong\u00e9s et des opportunit\u00e9s commerciales perdues.<\/li>\n\n\n\n<li>Il peut s&#039;av\u00e9rer co\u00fbteux de mettre \u00e0 jour et d&#039;acqu\u00e9rir de nouvelles technologies pour garder une longueur d&#039;avance sur la concurrence. Cela signifie utiliser des syst\u00e8mes de gestion des transports sophistiqu\u00e9s, optimiser les processus d&#039;automatisation des entrep\u00f4ts et tirer parti des analyses bas\u00e9es sur les donn\u00e9es.<\/li>\n\n\n\n<li>Une infrastructure m\u00e9diocre et des capacit\u00e9s limit\u00e9es peuvent gravement entraver le secteur du transport maritime et de la logistique. Des ports, routes et autres moyens de transport obsol\u00e8tes ou inad\u00e9quats entra\u00eenent souvent des frais suppl\u00e9mentaires pour les clients ainsi que des retards dans les exp\u00e9ditions.<\/li>\n\n\n\n<li>Une \u00e9tude de march\u00e9 sur le transport maritime et la logistique r\u00e9v\u00e8le que les r\u00e9glementations environnementales sont de plus en plus strictes et que les entreprises du secteur du transport maritime et de la logistique doivent s&#039;assurer qu&#039;elles s&#039;y conforment. Cela implique d\u2019utiliser des carburants plus propres, d\u2019investir dans des technologies \u00e9conomes en \u00e9nergie et de r\u00e9duire les d\u00e9chets.<\/li>\n<\/ul>\n\n\n\n<p>SIS International propose des recherches quantitatives, qualitatives et strat\u00e9giques. Nous fournissons des donn\u00e9es, des outils, des strat\u00e9gies, des rapports et des informations pour la prise de d\u00e9cision. Nous menons des entretiens, des enqu\u00eates, des groupes de discussion et de nombreuses autres m\u00e9thodes et approches d&#039;\u00e9tudes de march\u00e9. Contactez-nous pour votre prochain projet d&#039;\u00e9tude de march\u00e9.<\/p>","protected":false},"excerpt":{"rendered":"<p>Les \u00e9tudes de march\u00e9 sur le transport maritime et la logistique fournissent un aper\u00e7u des tendances cl\u00e9s, des strat\u00e9gies concurrentielles, des potentiels de d\u00e9veloppement et des obstacles.<\/p>","protected":false},"author":1,"featured_media":64793,"parent":14514,"menu_order":225,"comment_status":"closed","ping_status":"closed","template":"","meta":{"footnotes":""},"class_list":["post-41915","page","type-page","status-publish","has-post-thumbnail"],"_links":{"self":[{"href":"https:\/\/www.sisinternational.com\/fr\/wp-json\/wp\/v2\/pages\/41915","targetHints":{"allow":["GET"]}}],"collection":[{"href":"https:\/\/www.sisinternational.com\/fr\/wp-json\/wp\/v2\/pages"}],"about":[{"href":"https:\/\/www.sisinternational.com\/fr\/wp-json\/wp\/v2\/types\/page"}],"author":[{"embeddable":true,"href":"https:\/\/www.sisinternational.com\/fr\/wp-json\/wp\/v2\/users\/1"}],"replies":[{"embeddable":true,"href":"https:\/\/www.sisinternational.com\/fr\/wp-json\/wp\/v2\/comments?post=41915"}],"version-history":[{"count":6,"href":"https:\/\/www.sisinternational.com\/fr\/wp-json\/wp\/v2\/pages\/41915\/revisions"}],"predecessor-version":[{"id":80067,"href":"https:\/\/www.sisinternational.com\/fr\/wp-json\/wp\/v2\/pages\/41915\/revisions\/80067"}],"up":[{"embeddable":true,"href":"https:\/\/www.sisinternational.com\/fr\/wp-json\/wp\/v2\/pages\/14514"}],"wp:featuredmedia":[{"embeddable":true,"href":"https:\/\/www.sisinternational.com\/fr\/wp-json\/wp\/v2\/media\/64793"}],"wp:attachment":[{"href":"https:\/\/www.sisinternational.com\/fr\/wp-json\/wp\/v2\/media?parent=41915"}],"curies":[{"name":"wp","href":"https:\/\/api.w.org\/{rel}","templated":true}]}}